{"id":5131,"date":"2026-01-15T08:21:21","date_gmt":"2026-01-15T08:21:21","guid":{"rendered":"https:\/\/oiovape.com\/?post_type=product&#038;p=5131"},"modified":"2026-04-13T14:10:50","modified_gmt":"2026-04-13T06:10:50","slug":"airmez-randm-tornado-25000-puffs","status":"publish","type":"product","link":"https:\/\/oiovape.com\/fr\/product\/airmez-randm-tornado-25000-puffs\/","title":{"rendered":"Airmez RandM Tornado 25000 PUFFS 5% Nicotine Bobine Mesh Rechargeable Cigarette \u00c9lectronique Jetable"},"content":{"rendered":"<div data-page-id=\"ZVeMfq8uxd7y1ycuKm5cym4LnYd\" data-lark-html-role=\"root\" data-docx-has-block-data=\"false\">\n<div data-page-id=\"Fd41fZ5N9dzRQtcRNoVc2FuDnCh\" data-lark-html-role=\"root\" data-docx-has-block-data=\"true\">\n<div data-page-id=\"BdIJfeeijdk1eucGpS8cDCBBn5c\" data-lark-html-role=\"root\" data-docx-has-block-data=\"false\">\n<div data-page-id=\"Zbg9fWx77dUuh2cIYpic25c8nyd\" data-lark-html-role=\"root\" data-docx-has-block-data=\"false\">\n<div data-page-id=\"KaIvfiurhdlCKdc0kyxcX64cnE6\" data-lark-html-role=\"root\" data-docx-has-block-data=\"true\">\n<div data-page-id=\"PbvFfqxqlddUTScRpEYcY5MHnpf\" data-lark-html-role=\"root\" data-docx-has-block-data=\"true\">\n<div data-page-id=\"GZO2f5JeudwY4jc9iJtcdk9Hnxh\" data-lark-html-role=\"root\" data-docx-has-block-data=\"false\">\n<div data-page-id=\"EZVRf2acFduXLGcseZFc4qH2n6e\" data-lark-html-role=\"root\" data-docx-has-block-data=\"false\">\n<div data-page-id=\"B8rHfcqlqdzmH5cCWCncz17Cntb\" data-lark-html-role=\"root\" data-docx-has-block-data=\"false\">\n<div data-page-id=\"B8rHfcqlqdzmH5cCWCncz17Cntb\" data-lark-html-role=\"root\" data-docx-has-block-data=\"false\">\n<div data-page-id=\"B8rHfcqlqdzmH5cCWCncz17Cntb\" data-lark-html-role=\"root\" data-docx-has-block-data=\"true\">\n<div data-page-id=\"HM70f1aoxdD0bMcxJZBcVc7ynZd\" data-lark-html-role=\"root\" data-docx-has-block-data=\"false\">\n<div data-page-id=\"NSrJfN7Ord22i0c1iwZcsF8yn8b\" data-lark-html-role=\"root\" data-docx-has-block-data=\"false\">\n<div data-page-id=\"RXEff4Mskds8o1cqL5HcGEtUnCh\" data-lark-html-role=\"root\" data-docx-has-block-data=\"false\">\n<div data-page-id=\"KJ7gfqkVndMSRJcMseScmvYwnTc\" data-lark-html-role=\"root\" data-docx-has-block-data=\"false\">\n<div class=\"ace-line ace-line old-record-id-QADAfETPudgmudc05YvcTO5fnxe\">\n<div data-page-id=\"KJ7gfqkVndMSRJcMseScmvYwnTc\" data-lark-html-role=\"root\" data-docx-has-block-data=\"false\">\n<div class=\"ace-line ace-line old-record-id-JoRkfpho8dOkiacEOascDyCOncb\">\n<div data-page-id=\"KJ7gfqkVndMSRJcMseScmvYwnTc\" data-lark-html-role=\"root\" data-docx-has-block-data=\"false\">\n<div data-page-id=\"Ju6ofQ3V4dGmePcVvJvc1gmcnZb\" data-lark-html-role=\"root\" data-docx-has-block-data=\"true\">\n<div data-page-id=\"PR9ife5PLdFabccbFgZcWgZOnTc\" data-lark-html-role=\"root\" data-docx-has-block-data=\"false\">\n<div data-page-id=\"INdrfOIGzdaenXcptrcc1BcznQc\" data-lark-html-role=\"root\" data-docx-has-block-data=\"false\">\n<div class=\"ace-line ace-line old-record-id-P0fIf4YaZdoGkbcxt5ackec2nnb\">\n<div data-page-id=\"INdrfOIGzdaenXcptrcc1BcznQc\" data-lark-html-role=\"root\" data-docx-has-block-data=\"false\">\n<div data-page-id=\"MAzCfUB73dMTQscm8eWcougVn1g\" data-lark-html-role=\"root\" data-docx-has-block-data=\"true\">\n<div data-page-id=\"AXfpf7H1odhDvGcKoUOcErN8nV7\" data-lark-html-role=\"root\" data-docx-has-block-data=\"false\">\n<div data-page-id=\"QYTKf5PvLdUNdbce2nBcW9yfnrh\" data-lark-html-role=\"root\" data-docx-has-block-data=\"false\">\n<div data-page-id=\"Pvu1f1CCBdxbjncA9pgcBTpanph\" data-lark-html-role=\"root\" data-docx-has-block-data=\"true\">\n<div data-page-id=\"Axf3fcmY8dDAhtcjVircBcphnPc\" data-lark-html-role=\"root\" data-docx-has-block-data=\"false\">\n<div data-page-id=\"KKj1f9SPmdLhhMc5E2AcNlLen6f\" data-lark-html-role=\"root\" data-docx-has-block-data=\"true\">\n<div data-page-id=\"Rx61fK1sJdXHjPcBuhZcweNhnwc\" data-lark-html-role=\"root\" data-docx-has-block-data=\"false\">\n<div data-page-id=\"L1H9fkG9Mdz45Fcy4WMc5VKXnRe\" data-lark-html-role=\"root\" data-docx-has-block-data=\"false\">\n<div data-page-id=\"L1H9fkG9Mdz45Fcy4WMc5VKXnRe\" data-lark-html-role=\"root\" data-docx-has-block-data=\"false\">\n<div data-page-id=\"D4XLfVBVrdE8mrcaYizczklLnaf\" data-lark-html-role=\"root\" data-docx-has-block-data=\"false\">\n<div data-page-id=\"WVcifIY44d5mhMcXtyEcTsfenGd\" data-lark-html-role=\"root\" data-docx-has-block-data=\"true\">\n<div data-page-id=\"LRknfa6Whd4DWCcUc0FcNKpJnyh\" data-lark-html-role=\"root\" data-docx-has-block-data=\"false\">\n<div data-page-id=\"LRknfa6Whd4DWCcUc0FcNKpJnyh\" data-lark-html-role=\"root\" data-docx-has-block-data=\"false\">\n<div data-page-id=\"XFRAfkcOEdRWh8cArQ2cJdyRnJf\" data-lark-html-role=\"root\" data-docx-has-block-data=\"true\">\n<div data-page-id=\"OQ3bfjnRddMTDGcC3ouc6xFKnWf\" data-lark-html-role=\"root\" data-docx-has-block-data=\"true\">\n<div data-page-id=\"J0iGfj1hEdjc4rcUdSmc4spMnmZ\" data-lark-html-role=\"root\" data-docx-has-block-data=\"false\">\n<div data-page-id=\"P1o7fFyNlduP8tcfZpQcagzbnIf\" data-lark-html-role=\"root\" data-docx-has-block-data=\"false\">\n<div class=\"ace-line ace-line old-record-id-P1o7fFyNlduP8tcfZpQcagzbnIf\">\n<div data-page-id=\"P1o7fFyNlduP8tcfZpQcagzbnIf\" data-lark-html-role=\"root\" data-docx-has-block-data=\"false\">\n<div data-page-id=\"U4iufW38SdttWKcTstMcTtHRnXc\" data-lark-html-role=\"root\" data-docx-has-block-data=\"true\">\n<div data-page-id=\"ONVMf7VTWddcFtcyATOchCJHnZb\" data-lark-html-role=\"root\" data-docx-has-block-data=\"true\">\n<div data-page-id=\"KoW2fSy0PdLHFlc5kSHcgvWMnYg\" data-lark-html-role=\"root\" data-docx-has-block-data=\"false\">\n<div data-page-id=\"KoW2fSy0PdLHFlc5kSHcgvWMnYg\" data-lark-html-role=\"root\" data-docx-has-block-data=\"false\">\n<div data-page-id=\"OLGhfzxC7d7EFIcLEj9cRT5ynZf\" data-lark-html-role=\"root\" data-docx-has-block-data=\"false\">\n<div data-page-id=\"DdnnfrLjzdqrFIc9Il9c7pA2noc\" data-lark-html-role=\"root\" data-docx-has-block-data=\"true\">\n<div data-page-id=\"KNzcf2o0oddkJOcztTVcqPdlnth\" data-lark-html-role=\"root\" data-docx-has-block-data=\"false\">\n<div data-page-id=\"LBU7fg5SEdkWhecGJoxca3xvnCe\" data-lark-html-role=\"root\" data-docx-has-block-data=\"false\">\n<div data-page-id=\"EB70fooS3d69bMcgWB7c5qb9n8g\" data-lark-html-role=\"root\" data-docx-has-block-data=\"false\">\n<h2 data-path-to-node=\"0\">Airmez RandM Tornado 25000 Puffs : La L\u00e9gende Revient, R\u00e9veillez Votre Carnaval des Papilles Gustatives<\/h2>\n<p data-path-to-node=\"1\">La b\u00eate s'est compl\u00e8tement r\u00e9veill\u00e9e ! Tol\u00e9rez-vous toujours les recharges fr\u00e9quentes et les appareils traditionnels fades et sans saveur ? Le <b data-path-to-node=\"1\" data-index-in-node=\"125\">Airmez Tornado 25000<\/b> <strong>Bouff\u00e9es<\/strong> fait son entr\u00e9e en force, fusionnant parfaitement les performances ultimes l\u00e9gendaires avec le contr\u00f4le de qualit\u00e9 haut de gamme de Airmez. Pr\u00e9sentant l'embl\u00e9matique <b data-path-to-node=\"1\" data-index-in-node=\"281\">Street-Art Monkey<\/b> graphique et un r\u00e9servoir g\u00e9ant impressionnant <b data-path-to-node=\"1\" data-index-in-node=\"324\">25ml<\/b>\u2014est-ce vraiment juste une vape jetable ? Non, c'est une d\u00e9claration de mode directement dans la paume de votre main !<\/p>\n<p data-path-to-node=\"2\">Tournez la base pour d\u00e9verrouiller instantan\u00e9ment une puissance d\u00e9ferlante. Gr\u00e2ce \u00e0 son unique <b data-path-to-node=\"2\" data-index-in-node=\"71\">syst\u00e8me d'ajustement du flux d'air panoramique \u00e0 360\u00b0<\/b>, voulez-vous une bouff\u00e9e serr\u00e9e et raffin\u00e9e ou le frisson de chasser des nuages massifs ? Vous avez le contr\u00f4le total !<\/p>\n<p><img decoding=\"async\" class=\"alignnone wp-image-8248 size-full\" title=\"Airmez RandM Tornado 25K Vape\" src=\"https:\/\/oiovape.com\/wp-content\/uploads\/2026\/04\/Airmez-RandM-Tornado-25K-Vape.jpg\" alt=\"Airmez RandM Tornado 25K Vape\" width=\"1759\" height=\"733\" srcset=\"https:\/\/oiovape.com\/wp-content\/uploads\/2026\/04\/Airmez-RandM-Tornado-25K-Vape.jpg 1759w, https:\/\/oiovape.com\/wp-content\/uploads\/2026\/04\/Airmez-RandM-Tornado-25K-Vape-300x125.jpg 300w, https:\/\/oiovape.com\/wp-content\/uploads\/2026\/04\/Airmez-RandM-Tornado-25K-Vape-1024x427.jpg 1024w, https:\/\/oiovape.com\/wp-content\/uploads\/2026\/04\/Airmez-RandM-Tornado-25K-Vape-768x320.jpg 768w, https:\/\/oiovape.com\/wp-content\/uploads\/2026\/04\/Airmez-RandM-Tornado-25K-Vape-1536x640.jpg 1536w, https:\/\/oiovape.com\/wp-content\/uploads\/2026\/04\/Airmez-RandM-Tornado-25K-Vape-18x8.jpg 18w, https:\/\/oiovape.com\/wp-content\/uploads\/2026\/04\/Airmez-RandM-Tornado-25K-Vape-1200x500.jpg 1200w, https:\/\/oiovape.com\/wp-content\/uploads\/2026\/04\/Airmez-RandM-Tornado-25K-Vape-150x63.jpg 150w\" sizes=\"(max-width: 1759px) 100vw, 1759px\" \/><\/p>\n<h2 data-path-to-node=\"3\">\ud83d\udd25 Caract\u00e9ristiques du Noyau Hardcore : D\u00e9finir l'Exp\u00e9rience Ultime de Vapotage<\/h2>\n<p data-path-to-node=\"4\">\ud83c\udf2a\ufe0f <b data-path-to-node=\"4\" data-index-in-node=\"4\">Ajustement du Flux d'Air \u00e0 360\u00b0 Sans Paliers :<\/b> Vous inqui\u00e9tez-vous toujours de ne pas trouver la bonne bouff\u00e9e ? Le syst\u00e8me de contr\u00f4le du flux d'air inf\u00e9rieur de pr\u00e9cision est \u00e0 port\u00e9e de main. Tournez simplement l'anneau m\u00e9canique inf\u00e9rieur pour affiner finement votre apport d'air. Chaque respiration correspond parfaitement \u00e0 votre rythme exclusif.<\/p>\n<p data-path-to-node=\"5\">\ud83d\udc35 <b data-path-to-node=\"5\" data-index-in-node=\"3\">Design Collectible Iconic Ape :<\/b> Fatigu\u00e9 du m\u00eame look monotone ? Nous avons apport\u00e9 le style de graffiti de rue \u201c Bored Ape \u201d populaire mondialement directement sur l'appareil ! Chaque saveur correspond \u00e0 un graphique de singe unique et ultra-cool. Le tenir n'est pas seulement une question de vapotage ; c'est un accessoire de mode accrocheur.<\/p>\n<p data-path-to-node=\"6\">\ud83d\udd0b <b data-path-to-node=\"6\" data-index-in-node=\"3\">Puissance Forte 850mAh et Charge Rapide Type-C :<\/b> Toujours inquiet de manquer de batterie quand vous \u00eates dehors ? La batterie rechargeable haute performance 850mAh offre une endurance fiable toute la journ\u00e9e. Associ\u00e9e \u00e0 un port Type-C ultra-rapide, vous pouvez revenir \u00e0 la pleine puissance en une fraction de votre temps. Qui dit que grande capacit\u00e9 signifie supporter l'embarras d'une batterie d\u00e9charg\u00e9e ?<\/p>\n<p data-path-to-node=\"7\">\ud83e\uddea <b data-path-to-node=\"7\" data-index-in-node=\"3\">Capacit\u00e9 Jumbo 25ML (Un Impressionnant 25 000 Puffs) :<\/b> Trop de tracas pour changer d'appareil fr\u00e9quemment ? Un total de 25ml de liquide \u00e9lectronique pr\u00e9-rempli premium d\u00e9verrouille un incroyable 25 000 puffs de joie durable. Associ\u00e9 \u00e0 une technologie avanc\u00e9e <b data-path-to-node=\"7\" data-index-in-node=\"215\">R\u00e9sistance en maille<\/b> , il garantit que du premier puff au dernier, la saveur reste aussi riche et douce que l'amour au premier regard, sans aucun go\u00fbt de br\u00fbl\u00e9 !<\/p>\n<h3 data-path-to-node=\"8\">\u2699\ufe0f Sp\u00e9cifications Principales de l'Appareil en Un Coup d'\u0152il<\/h3>\n<ul data-path-to-node=\"9\">\n<li>\n<p data-path-to-node=\"9,0,0\"><b data-path-to-node=\"9,0,0\" data-index-in-node=\"0\">Mod\u00e8le :<\/b> Airmez Tornado 25000<\/p>\n<\/li>\n<li>\n<p data-path-to-node=\"9,1,0\"><b data-path-to-node=\"9,1,0\" data-index-in-node=\"0\">Capacit\u00e9 de l'e-liquide :<\/b> 25ml (Pr\u00e9-rempli extra-large)<\/p>\n<\/li>\n<li>\n<p data-path-to-node=\"9,2,0\"><b data-path-to-node=\"9,2,0\" data-index-in-node=\"0\">Capacit\u00e9 de la batterie :<\/b> 850 mAh (Recharge rapide support\u00e9e)<\/p>\n<\/li>\n<li>\n<p data-path-to-node=\"9,3,0\"><b data-path-to-node=\"9,3,0\" data-index-in-node=\"0\">Port de charge :<\/b> USB Type-C<\/p>\n<\/li>\n<li>\n<p data-path-to-node=\"9,4,0\"><b data-path-to-node=\"9,4,0\" data-index-in-node=\"0\">Contr\u00f4le du flux d'air :<\/b> Ajustable sans \u00e0-coups \u00e0 360\u00b0 en bas<\/p>\n<\/li>\n<li>\n<p data-path-to-node=\"9,5,0\"><b data-path-to-node=\"9,5,0\" data-index-in-node=\"0\">Composant principal :<\/b> Bobine mesh premium 0,9\u03a9<\/p>\n<\/li>\n<\/ul>\n<h3 data-path-to-node=\"10\">\ud83c\udf49 Menu de 15 saveurs c\u00e9lestes<\/h3>\n<ul data-path-to-node=\"11\">\n<li>\n<p data-path-to-node=\"11,0,0\">\ud83c\udf47\ud83e\uddca Raisin Gla\u00e7\u00e9<\/p>\n<\/li>\n<li>\n<p data-path-to-node=\"11,1,0\">\ud83e\uded0\ud83e\uddca Myrtille Gla\u00e7\u00e9e<\/p>\n<\/li>\n<li>\n<p data-path-to-node=\"11,2,0\">\ud83c\udf53\ud83e\uddca Fraise Gla\u00e7\u00e9e<\/p>\n<\/li>\n<li>\n<p data-path-to-node=\"11,3,0\">\ud83c\udf49\ud83e\uddca Gla\u00e7on Juteux<\/p>\n<\/li>\n<li>\n<p data-path-to-node=\"11,4,0\">\ud83c\udf51\ud83e\uddca P\u00eache Gla\u00e7\u00e9e<\/p>\n<\/li>\n<li>\n<p data-path-to-node=\"11,5,0\">\ud83c\udf51\ud83e\udd6d P\u00eache Mangue<\/p>\n<\/li>\n<li>\n<p data-path-to-node=\"11,6,0\">\ud83e\udd5d\ud83e\udd6d Kiwi Fruit de la Passion Goyave<\/p>\n<\/li>\n<li>\n<p data-path-to-node=\"11,7,0\">\ud83c\udf53\ud83c\udf49 Fraise Past\u00e8que<\/p>\n<\/li>\n<li>\n<p data-path-to-node=\"11,8,0\">\ud83c\udf52 Cerise Classique<\/p>\n<\/li>\n<li>\n<p data-path-to-node=\"11,9,0\">\ud83c\udf4b Citron &amp; Citron Vert<\/p>\n<\/li>\n<li>\n<p data-path-to-node=\"11,10,0\">\ud83c\udf4f Pomme Acidul\u00e9e<\/p>\n<\/li>\n<li>\n<p data-path-to-node=\"11,11,0\">\ud83c\udf47\ud83c\udf53 Fruits Rouges M\u00e9lang\u00e9s<\/p>\n<\/li>\n<li>\n<p data-path-to-node=\"11,12,0\">\ud83e\udd64 Limonade aux Fruits Rouges<\/p>\n<\/li>\n<li>\n<p data-path-to-node=\"11,13,0\">\ud83d\udc09\ud83e\uddca Fruit du Dragon Gla\u00e7\u00e9<\/p>\n<\/li>\n<li>\n<p data-path-to-node=\"11,14,0\">\ud83e\uded0\ud83c\udf52 Triple Fruits Rouges<\/p>\n<\/li>\n<\/ul>\n<h2 data-path-to-node=\"13\">\ud83e\udd14 Airmez RandM Tornado 25000 Bouff\u00e9es Q&amp;R : Tout ce que vous voulez savoir est ici !<\/h2>\n<p data-path-to-node=\"14\"><b data-path-to-node=\"14\" data-index-in-node=\"0\">Q : Les 25000 bouff\u00e9es sont-elles r\u00e9elles ? Combien de temps cela peut-il vraiment durer ?<\/b> <b data-path-to-node=\"14\" data-index-in-node=\"60\">R :<\/b> Absolument authentique ! Nous n'essayerions vraiment pas de vous tromper avec une petite capacit\u00e9 ! L'appareil est charg\u00e9 avec une capacit\u00e9 stup\u00e9fiante de 25 ml de liquide \u00e9lectronique pr\u00e9-rempli. Selon votre fr\u00e9quence et votre dur\u00e9e de vapotage personnelles, cette \u201c b\u00eate de performance \u201d est plus que suffisante pour vous accompagner pendant des semaines, vous permettant de dire compl\u00e8tement adieu au tracas d'acheter fr\u00e9quemment de nouveaux appareils !<\/p>\n<p data-path-to-node=\"15\"><b data-path-to-node=\"15\" data-index-in-node=\"0\">Q : \u00c0 quoi sert l'anneau rotatif en bas ? Est-ce facile \u00e0 utiliser ?<\/b> <b data-path-to-node=\"15\" data-index-in-node=\"76\">R :<\/b> C'est votre \u201c t\u00e9l\u00e9commande de saveur \u201d exclusive ! Gr\u00e2ce au syst\u00e8me d'admission d'air sans \u00e0-coups \u00e0 360\u00b0 en bas, vous pouvez contr\u00f4ler l'admission d'air \u00e0 votre guise. Vous voulez un tirage serr\u00e9 avec un coup de gorge riche ? Ou pr\u00e9f\u00e9rez-vous les nuages lisses et massifs d'un tirage pulmonaire direct ? Il suffit d'une l\u00e9g\u00e8re torsion et votre style de vapotage change instantan\u00e9ment.<\/p>\n<p data-path-to-node=\"16\"><b data-path-to-node=\"16\" data-index-in-node=\"0\">Q : Y aura-t-il un go\u00fbt de br\u00fbl\u00e9 ou le saveur s'estompera-t-elle vers la fin ?<\/b> <b data-path-to-node=\"16\" data-index-in-node=\"72\">R :<\/b> Comment pourrions-nous laisser cela se produire ? Nous l'avons \u00e9quip\u00e9 de la technologie de c\u0153ur Mesh Coil 0,9\u03a9 de premier ordre, offrant une zone de chauffage plus grande et plus uniforme. Cela signifie que de votre premi\u00e8re bouff\u00e9e attendue avec impatience \u00e0 votre derni\u00e8re persistante, la production de vapeur et la fid\u00e9lit\u00e9 de la saveur resteront coh\u00e9rentes et pures jusqu'\u00e0 la fin !<\/p>\n<p data-path-to-node=\"17\"><b data-path-to-node=\"17\" data-index-in-node=\"0\">Q : Que se passe-t-il si la batterie s'\u00e9puise ? La vitesse de charge est-elle suffisamment rapide ?<\/b> <b data-path-to-node=\"17\" data-index-in-node=\"68\">R :<\/b> Revitalisez \u00e0 pleine sant\u00e9, n'importe quand, n'importe o\u00f9 ! Le c\u00f4t\u00e9 de l'appareil dispose d'un port de charge rapide Type-C grand public. Tant que vous avez un c\u00e2ble, une fraction de votre temps suffit pour r\u00e9injecter une vitalit\u00e9 compl\u00e8te dans la puissante batterie de 850 mAh. Nous ne laisserons jamais le manque de batterie devenir un obstacle \u00e0 votre d\u00e9licieux plaisir.<\/p>\n<p data-path-to-node=\"18\"><b data-path-to-node=\"18\" data-index-in-node=\"0\">Q : O\u00f9 puis-je acheter ce produit blockbuster authentique ?<\/b> <b data-path-to-node=\"18\" data-index-in-node=\"55\">R :<\/b> Cherchez simplement OioVape ! En tant que votre armurerie de vapotage la plus fiable, nous promettons de vous fournir une garantie d'authenticit\u00e9 officielle 100% Airmez. Que ce soit le design Bored Ape le plus tendance ou les saveurs c\u00e9lestes les plus recherch\u00e9es, vous pouvez tout obtenir ici en une seule \u00e9tape. N'h\u00e9sitez plus, d\u00e9p\u00eachez-vous et choisissez votre \u201c b\u00eate \u201d exclusive et commencez ce carnaval des papilles gustatives !<\/p>\n<\/div>\n<\/div>\n<\/div>\n<\/div>\n<\/div>\n<\/div>\n<\/div>\n<\/div>\n<\/div>\n<\/div>\n<\/div>\n<\/div>\n<\/div>\n<\/div>\n<\/div>\n<\/div>\n<\/div>\n<\/div>\n<\/div>\n<\/div>\n<\/div>\n<\/div>\n<\/div>\n<\/div>\n<\/div>\n<\/div>\n<\/div>\n<\/div>\n<\/div>\n<\/div>\n<\/div>\n<\/div>\n<\/div>\n<\/div>\n<\/div>\n<\/div>\n<\/div>\n<\/div>\n<\/div>\n<\/div>\n<\/div>\n<\/div>\n<\/div>\n<\/div>\n<\/div>\n<\/div>\n<\/div>\n<\/div>\n<\/div>\n<\/div>\n<\/div>\n<\/div>","protected":false},"excerpt":{"rendered":"<div data-page-id=\"RAopf2sw9dtvw4cWYXpcTwo0n8g\" data-lark-html-role=\"root\" data-docx-has-block-data=\"false\">\n<div class=\"ace-line ace-line old-record-id-Uju9f3RXYd8dh2crAJbcBF3Un6M\">Airmez RandM Tornado 25000 Puffs propose 15 saveurs vibrantes, allant de la fruit\u00e9e Fraise Past\u00e8que \u00e0 la glaciale Raisin Gla\u00e7on. Il contient 25ml de e-liquide, une bobine mesh, une charge Type-C et une batterie de 850mAh. La vapeur douce et le plaisir durable en font le choix parfait pour les amateurs de vape en d\u00e9placement.<\/div>\n<\/div>","protected":false},"featured_media":5143,"comment_status":"open","ping_status":"closed","template":"","meta":{"_acf_changed":false,"inline_featured_image":false,"_sitemap_exclude":false,"_sitemap_priority":"","_sitemap_frequency":""},"product_brand":[92],"product_cat":[86,239,263,229],"product_tag":[],"class_list":{"0":"post-5131","1":"product","2":"type-product","3":"status-publish","4":"has-post-thumbnail","6":"product_brand-airmez","7":"product_cat-airmez-puff","8":"product_cat-disposable-vape-collection","9":"product_cat-25k-puffs","10":"product_cat-ship-from-german","12":"first","13":"instock","14":"sale","15":"shipping-taxable","16":"purchasable","17":"product-type-variable","18":"has-default-attributes"},"acf":[],"tiered_pricing_type":"fixed","tiered_pricing_fixed_rules":{"30":7.97,"60":7.26,"100":6.88,"200":6.39},"tiered_pricing_product_settings":{"layout":"default","base_unit_name":{"singular":null,"plural":null},"default_variation":null},"tiered_pricing_minimum_quantity":10,"tiered_pricing_roles_data":[],"tiered_pricing_percentage_rules":[],"tiered_pricing_maximum_quantity":null,"tiered_pricing_quantity_step":"10","_links":{"self":[{"href":"https:\/\/oiovape.com\/fr\/wp-json\/wp\/v2\/product\/5131","targetHints":{"allow":["GET"]}}],"collection":[{"href":"https:\/\/oiovape.com\/fr\/wp-json\/wp\/v2\/product"}],"about":[{"href":"https:\/\/oiovape.com\/fr\/wp-json\/wp\/v2\/types\/product"}],"replies":[{"embeddable":true,"href":"https:\/\/oiovape.com\/fr\/wp-json\/wp\/v2\/comments?post=5131"}],"version-history":[{"count":3,"href":"https:\/\/oiovape.com\/fr\/wp-json\/wp\/v2\/product\/5131\/revisions"}],"predecessor-version":[{"id":8250,"href":"https:\/\/oiovape.com\/fr\/wp-json\/wp\/v2\/product\/5131\/revisions\/8250"}],"wp:featuredmedia":[{"embeddable":true,"href":"https:\/\/oiovape.com\/fr\/wp-json\/wp\/v2\/media\/5143"}],"wp:attachment":[{"href":"https:\/\/oiovape.com\/fr\/wp-json\/wp\/v2\/media?parent=5131"}],"wp:term":[{"taxonomy":"product_brand","embeddable":true,"href":"https:\/\/oiovape.com\/fr\/wp-json\/wp\/v2\/product_brand?post=5131"},{"taxonomy":"product_cat","embeddable":true,"href":"https:\/\/oiovape.com\/fr\/wp-json\/wp\/v2\/product_cat?post=5131"},{"taxonomy":"product_tag","embeddable":true,"href":"https:\/\/oiovape.com\/fr\/wp-json\/wp\/v2\/product_tag?post=5131"}],"curies":[{"name":"wp","href":"https:\/\/api.w.org\/{rel}","templated":true}]}}