{"id":5159,"date":"2026-01-15T09:16:14","date_gmt":"2026-01-15T09:16:14","guid":{"rendered":"https:\/\/oiovape.com\/?post_type=product&#038;p=5159"},"modified":"2026-04-13T14:49:13","modified_gmt":"2026-04-13T06:49:13","slug":"airmez-xbeats-40000-puffs","status":"publish","type":"product","link":"https:\/\/oiovape.com\/fr\/product\/airmez-xbeats-40000-puffs\/","title":{"rendered":"Airmez Xbeats 40000 PUFFS Batterie 1000mAh Rechargeable Vape Avec \u00c9couteurs Hi-Fi Int\u00e9gr\u00e9s"},"content":{"rendered":"<div data-page-id=\"ZVeMfq8uxd7y1ycuKm5cym4LnYd\" data-lark-html-role=\"root\" data-docx-has-block-data=\"false\">\n<div data-page-id=\"Fd41fZ5N9dzRQtcRNoVc2FuDnCh\" data-lark-html-role=\"root\" data-docx-has-block-data=\"true\">\n<div data-page-id=\"BdIJfeeijdk1eucGpS8cDCBBn5c\" data-lark-html-role=\"root\" data-docx-has-block-data=\"false\">\n<div data-page-id=\"Zbg9fWx77dUuh2cIYpic25c8nyd\" data-lark-html-role=\"root\" data-docx-has-block-data=\"false\">\n<div data-page-id=\"KaIvfiurhdlCKdc0kyxcX64cnE6\" data-lark-html-role=\"root\" data-docx-has-block-data=\"true\">\n<div data-page-id=\"PbvFfqxqlddUTScRpEYcY5MHnpf\" data-lark-html-role=\"root\" data-docx-has-block-data=\"true\">\n<div data-page-id=\"GZO2f5JeudwY4jc9iJtcdk9Hnxh\" data-lark-html-role=\"root\" data-docx-has-block-data=\"false\">\n<div data-page-id=\"EZVRf2acFduXLGcseZFc4qH2n6e\" data-lark-html-role=\"root\" data-docx-has-block-data=\"false\">\n<div data-page-id=\"B8rHfcqlqdzmH5cCWCncz17Cntb\" data-lark-html-role=\"root\" data-docx-has-block-data=\"false\">\n<div data-page-id=\"B8rHfcqlqdzmH5cCWCncz17Cntb\" data-lark-html-role=\"root\" data-docx-has-block-data=\"false\">\n<div data-page-id=\"B8rHfcqlqdzmH5cCWCncz17Cntb\" data-lark-html-role=\"root\" data-docx-has-block-data=\"true\">\n<div data-page-id=\"HM70f1aoxdD0bMcxJZBcVc7ynZd\" data-lark-html-role=\"root\" data-docx-has-block-data=\"false\">\n<div data-page-id=\"NSrJfN7Ord22i0c1iwZcsF8yn8b\" data-lark-html-role=\"root\" data-docx-has-block-data=\"false\">\n<div data-page-id=\"RXEff4Mskds8o1cqL5HcGEtUnCh\" data-lark-html-role=\"root\" data-docx-has-block-data=\"false\">\n<div data-page-id=\"KJ7gfqkVndMSRJcMseScmvYwnTc\" data-lark-html-role=\"root\" data-docx-has-block-data=\"false\">\n<div class=\"ace-line ace-line old-record-id-QADAfETPudgmudc05YvcTO5fnxe\">\n<div data-page-id=\"KJ7gfqkVndMSRJcMseScmvYwnTc\" data-lark-html-role=\"root\" data-docx-has-block-data=\"false\">\n<div class=\"ace-line ace-line old-record-id-JoRkfpho8dOkiacEOascDyCOncb\">\n<div data-page-id=\"KJ7gfqkVndMSRJcMseScmvYwnTc\" data-lark-html-role=\"root\" data-docx-has-block-data=\"false\">\n<div data-page-id=\"Ju6ofQ3V4dGmePcVvJvc1gmcnZb\" data-lark-html-role=\"root\" data-docx-has-block-data=\"true\">\n<div data-page-id=\"PR9ife5PLdFabccbFgZcWgZOnTc\" data-lark-html-role=\"root\" data-docx-has-block-data=\"false\">\n<div data-page-id=\"INdrfOIGzdaenXcptrcc1BcznQc\" data-lark-html-role=\"root\" data-docx-has-block-data=\"false\">\n<div class=\"ace-line ace-line old-record-id-P0fIf4YaZdoGkbcxt5ackec2nnb\">\n<div data-page-id=\"INdrfOIGzdaenXcptrcc1BcznQc\" data-lark-html-role=\"root\" data-docx-has-block-data=\"false\">\n<div data-page-id=\"MAzCfUB73dMTQscm8eWcougVn1g\" data-lark-html-role=\"root\" data-docx-has-block-data=\"true\">\n<div data-page-id=\"AXfpf7H1odhDvGcKoUOcErN8nV7\" data-lark-html-role=\"root\" data-docx-has-block-data=\"false\">\n<div data-page-id=\"QYTKf5PvLdUNdbce2nBcW9yfnrh\" data-lark-html-role=\"root\" data-docx-has-block-data=\"false\">\n<div data-page-id=\"Pvu1f1CCBdxbjncA9pgcBTpanph\" data-lark-html-role=\"root\" data-docx-has-block-data=\"true\">\n<div data-page-id=\"Axf3fcmY8dDAhtcjVircBcphnPc\" data-lark-html-role=\"root\" data-docx-has-block-data=\"false\">\n<div data-page-id=\"KKj1f9SPmdLhhMc5E2AcNlLen6f\" data-lark-html-role=\"root\" data-docx-has-block-data=\"true\">\n<div data-page-id=\"Rx61fK1sJdXHjPcBuhZcweNhnwc\" data-lark-html-role=\"root\" data-docx-has-block-data=\"false\">\n<div data-page-id=\"L1H9fkG9Mdz45Fcy4WMc5VKXnRe\" data-lark-html-role=\"root\" data-docx-has-block-data=\"false\">\n<div data-page-id=\"L1H9fkG9Mdz45Fcy4WMc5VKXnRe\" data-lark-html-role=\"root\" data-docx-has-block-data=\"false\">\n<div data-page-id=\"D4XLfVBVrdE8mrcaYizczklLnaf\" data-lark-html-role=\"root\" data-docx-has-block-data=\"false\">\n<div data-page-id=\"WVcifIY44d5mhMcXtyEcTsfenGd\" data-lark-html-role=\"root\" data-docx-has-block-data=\"true\">\n<div data-page-id=\"LRknfa6Whd4DWCcUc0FcNKpJnyh\" data-lark-html-role=\"root\" data-docx-has-block-data=\"false\">\n<div data-page-id=\"LRknfa6Whd4DWCcUc0FcNKpJnyh\" data-lark-html-role=\"root\" data-docx-has-block-data=\"false\">\n<div data-page-id=\"XFRAfkcOEdRWh8cArQ2cJdyRnJf\" data-lark-html-role=\"root\" data-docx-has-block-data=\"true\">\n<div data-page-id=\"OQ3bfjnRddMTDGcC3ouc6xFKnWf\" data-lark-html-role=\"root\" data-docx-has-block-data=\"true\">\n<div data-page-id=\"J0iGfj1hEdjc4rcUdSmc4spMnmZ\" data-lark-html-role=\"root\" data-docx-has-block-data=\"false\">\n<div data-page-id=\"P1o7fFyNlduP8tcfZpQcagzbnIf\" data-lark-html-role=\"root\" data-docx-has-block-data=\"false\">\n<div class=\"ace-line ace-line old-record-id-P1o7fFyNlduP8tcfZpQcagzbnIf\">\n<div data-page-id=\"P1o7fFyNlduP8tcfZpQcagzbnIf\" data-lark-html-role=\"root\" data-docx-has-block-data=\"false\">\n<div data-page-id=\"U4iufW38SdttWKcTstMcTtHRnXc\" data-lark-html-role=\"root\" data-docx-has-block-data=\"true\">\n<div data-page-id=\"ONVMf7VTWddcFtcyATOchCJHnZb\" data-lark-html-role=\"root\" data-docx-has-block-data=\"true\">\n<div data-page-id=\"KoW2fSy0PdLHFlc5kSHcgvWMnYg\" data-lark-html-role=\"root\" data-docx-has-block-data=\"false\">\n<div data-page-id=\"KoW2fSy0PdLHFlc5kSHcgvWMnYg\" data-lark-html-role=\"root\" data-docx-has-block-data=\"false\">\n<div data-page-id=\"OLGhfzxC7d7EFIcLEj9cRT5ynZf\" data-lark-html-role=\"root\" data-docx-has-block-data=\"false\">\n<div data-page-id=\"DdnnfrLjzdqrFIc9Il9c7pA2noc\" data-lark-html-role=\"root\" data-docx-has-block-data=\"true\">\n<div data-page-id=\"KNzcf2o0oddkJOcztTVcqPdlnth\" data-lark-html-role=\"root\" data-docx-has-block-data=\"false\">\n<div data-page-id=\"LBU7fg5SEdkWhecGJoxca3xvnCe\" data-lark-html-role=\"root\" data-docx-has-block-data=\"false\">\n<div data-page-id=\"EB70fooS3d69bMcgWB7c5qb9n8g\" data-lark-html-role=\"root\" data-docx-has-block-data=\"false\">\n<div data-page-id=\"AogwfsZCadB6t0cAvF0cK4JLnvf\" data-lark-html-role=\"root\" data-docx-has-block-data=\"false\">\n<div data-page-id=\"AogwfsZCadB6t0cAvF0cK4JLnvf\" data-lark-html-role=\"root\" data-docx-has-block-data=\"false\">\n<h2 data-path-to-node=\"0\">Airmez Xbeats 40000 Bouff\u00e9es \u00c9couteurs Bluetooth Kit Vape Intelligent<\/h2>\n<p data-path-to-node=\"2\">\u00c0 cette \u00e9poque de connectivit\u00e9 universelle, vos articles de tous les jours doivent-ils encore mener des batailles solitaires ? Laissez les m\u00e9lodies s'\u00e9couler aux c\u00f4t\u00e9s d'ar\u00f4mes fruit\u00e9s\u2014le Vape Intelligent Jetable Airmez Xbeats 40000 Bouff\u00e9es est l\u00e0 avec son design r\u00e9volutionnaire ! En tant que premier appareil de vapotage au monde \u00e0 int\u00e9grer sans faille des \u00e9couteurs Bluetooth TWS v\u00e9ritablement sans fil dans son corps, ce n'est pas seulement un outil performant pour cr\u00e9er des nuages, mais un accessoire tendance qui glisse une mini salle de concert directement dans votre poche.<\/p>\n<p data-path-to-node=\"3\">Le nombre massif de 40000 bouff\u00e9es n'est que son fonctionnement de base ; les \u00e9couteurs Bluetooth 5.0 cach\u00e9s dans le ch\u00e2ssis sont sa v\u00e9ritable \u00e2me. Le puissant c\u0153ur de 1000mAh fournit non seulement une puissance surpuissante pour la vaporisation, mais sert \u00e9galement de \u201c cabine de recharge \u201d exclusive pour les \u00e9couteurs. Une bouff\u00e9e sucr\u00e9e, une m\u00e9lodie pleine d'\u00e2me\u2014qui dit que vous ne pouvez pas regrouper toutes les petites b\u00e9n\u00e9dictions de la vie en une seule fois ?<\/p>\n<p><img decoding=\"async\" class=\"alignnone wp-image-5163 size-full\" title=\"Affiche Airmez Xbeats 2%\" src=\"https:\/\/oiovape.com\/wp-content\/uploads\/2026\/01\/Airmez-Xbeats-2-Poster.png\" alt=\"Affiche Airmez Xbeats 2%\" width=\"1920\" height=\"1079\" srcset=\"https:\/\/oiovape.com\/wp-content\/uploads\/2026\/01\/Airmez-Xbeats-2-Poster.png 1920w, https:\/\/oiovape.com\/wp-content\/uploads\/2026\/01\/Airmez-Xbeats-2-Poster-150x84.png 150w, https:\/\/oiovape.com\/wp-content\/uploads\/2026\/01\/Airmez-Xbeats-2-Poster-1200x674.png 1200w, https:\/\/oiovape.com\/wp-content\/uploads\/2026\/01\/Airmez-Xbeats-2-Poster-300x169.png 300w, https:\/\/oiovape.com\/wp-content\/uploads\/2026\/01\/Airmez-Xbeats-2-Poster-1024x575.png 1024w, https:\/\/oiovape.com\/wp-content\/uploads\/2026\/01\/Airmez-Xbeats-2-Poster-768x432.png 768w, https:\/\/oiovape.com\/wp-content\/uploads\/2026\/01\/Airmez-Xbeats-2-Poster-1536x863.png 1536w, https:\/\/oiovape.com\/wp-content\/uploads\/2026\/01\/Airmez-Xbeats-2-Poster-18x10.png 18w\" sizes=\"(max-width: 1920px) 100vw, 1920px\" \/><\/p>\n<h2 data-path-to-node=\"4\">Analyse des Forces Hardcore du C\u0153ur<\/h2>\n<h3 data-path-to-node=\"5\">Pourquoi le Airmez Xbeats 40K est-il votre Changement de Jeu Ultime ?<\/h3>\n<p data-path-to-node=\"6\">En disant adieu aux corps en plastique banals sur le march\u00e9, le Airmez Xbeats 40000 Bouff\u00e9es se distingue par sa fusion crois\u00e9e et sa technologie de vapotage de pointe.<\/p>\n<h4 data-path-to-node=\"7\">Un Double Carnaval de l'Ou\u00efe et du Go\u00fbt<\/h4>\n<p data-path-to-node=\"8\">Ce n'est en aucun cas qu'un simple gadget de nouveaut\u00e9. Les \u00e9couteurs TWS Hi-Fi int\u00e9gr\u00e9s \u00e9quip\u00e9s de la puce Bluetooth 5.0 offrent une connexion ultra-fluide sans interruption, agissant exactement comme si vous portiez un juke-box personnel sur vos oreilles. Le design magn\u00e9tique positif et n\u00e9gatif ing\u00e9nieux rend le stockage et la charge des \u00e9couteurs absolument faciles\u2014un simple d\u00e9p\u00f4t, un \u201c clic \u201d net en place, et tout votre TOC est instantan\u00e9ment gu\u00e9ri.<\/p>\n<h4 data-path-to-node=\"9\">Performance Surpuissante, Adieu \u00e0 l'Anxi\u00e9t\u00e9 du R\u00e9servoir Vide<\/h4>\n<p data-path-to-node=\"10\">La cabine e-liquide ultra-grande de 22ML est comme un \u201c oc\u00e9an de jus \u201d exclusif, offrant une capacit\u00e9 suffisante pour que vous naviguiez sans retenue pendant plus d'une demi-mois sans vous dess\u00e9cher.<\/p>\n<h5 data-path-to-node=\"11\">Technologie Noire de Bobine Mesh G\u00e9n\u00e9ration II<\/h5>\n<p data-path-to-node=\"12\">La Bobine Mesh Gen II 0.8\u03a9 (Bobines Mesh Duales G\u00e9n\u00e9ration 2) est comme un barman chevronn\u00e9, d\u00e9codant pr\u00e9cis\u00e9ment chaque goutte d'e-liquide. Associ\u00e9e au syst\u00e8me de flux d'air dual r\u00e9glable en bas, que vous d\u00e9siriez une bouff\u00e9e serr\u00e9e et riche ou un nuage lisse et massif, tout est \u00e0 port\u00e9e de votre doigt.<\/p>\n<h4 data-path-to-node=\"13\">Une Collision Visuelle du Cyberpunk et du Style de Rue<\/h4>\n<p data-path-to-node=\"14\">La coque du ch\u00e2ssis utilise un processus de peinture de cuisson premium, offrant des couleurs brillantes et une touche chaude et lisse. Associ\u00e9 \u00e0 l'\u00e9cran d'affichage num\u00e9rique intelligent hautement technologique sur le c\u00f4t\u00e9 (qui affiche avec pr\u00e9cision les niveaux d'e-liquide et de batterie en temps r\u00e9el), le tenir \u00e0 la main n'est pas seulement satisfaire une envie\u2014c'est un accessoire de mode qui attire l'attention.<\/p>\n<h2 data-path-to-node=\"15\">Aper\u00e7u de la Configuration de Niveau Maximum<\/h2>\n<table data-path-to-node=\"16\">\n<thead>\n<tr>\n<td><strong>Param\u00e8tres Essentiels<\/strong><\/td>\n<td><strong>Sp\u00e9cifications D\u00e9taill\u00e9es<\/strong><\/td>\n<\/tr>\n<\/thead>\n<tbody>\n<tr>\n<td><span data-path-to-node=\"16,1,0,0\"><b data-path-to-node=\"16,1,0,0\" data-index-in-node=\"0\">Type d'appareil<\/b><\/span><\/td>\n<td><span data-path-to-node=\"16,1,1,0\">Vape Intelligent + \u00c9couteurs TWS 2 en 1<\/span><\/td>\n<\/tr>\n<tr>\n<td><span data-path-to-node=\"16,2,0,0\"><b data-path-to-node=\"16,2,0,0\" data-index-in-node=\"0\">E-liquide Pr\u00e9-rempli<\/b><\/span><\/td>\n<td><span data-path-to-node=\"16,2,1,0\">Capacit\u00e9 Massive de 22ML<\/span><\/td>\n<\/tr>\n<tr>\n<td><span data-path-to-node=\"16,3,0,0\"><b data-path-to-node=\"16,3,0,0\" data-index-in-node=\"0\">Estimation du Nombre de Bouff\u00e9es<\/b><\/span><\/td>\n<td><span data-path-to-node=\"16,3,1,0\">Environ 40000 Bouff\u00e9es<\/span><\/td>\n<\/tr>\n<tr>\n<td><span data-path-to-node=\"16,4,0,0\"><b data-path-to-node=\"16,4,0,0\" data-index-in-node=\"0\">Capacit\u00e9 de la Batterie<\/b><\/span><\/td>\n<td><span data-path-to-node=\"16,4,1,0\">1000mAh (Alimente \u00e0 la fois l'appareil et les \u00e9couteurs simultan\u00e9ment)<\/span><\/td>\n<\/tr>\n<tr>\n<td><span data-path-to-node=\"16,5,0,0\"><b data-path-to-node=\"16,5,0,0\" data-index-in-node=\"0\">Noyau de Chauffage<\/b><\/span><\/td>\n<td><span data-path-to-node=\"16,5,1,0\">Bobine Mesh Gen II 0.8\u03a9<\/span><\/td>\n<\/tr>\n<tr>\n<td><span data-path-to-node=\"16,6,0,0\"><b data-path-to-node=\"16,6,0,0\" data-index-in-node=\"0\">Syst\u00e8me de flux d'air<\/b><\/span><\/td>\n<td><span data-path-to-node=\"16,6,1,0\">Ajustement du Flux d'Air Dual en Bas<\/span><\/td>\n<\/tr>\n<tr>\n<td><span data-path-to-node=\"16,7,0,0\"><b data-path-to-node=\"16,7,0,0\" data-index-in-node=\"0\">Connectivit\u00e9 des \u00c9couteurs<\/b><\/span><\/td>\n<td><span data-path-to-node=\"16,7,1,0\">Bluetooth 5.0<\/span><\/td>\n<\/tr>\n<tr>\n<td><span data-path-to-node=\"16,8,0,0\"><b data-path-to-node=\"16,8,0,0\" data-index-in-node=\"0\">Port de Charge<\/b><\/span><\/td>\n<td><span data-path-to-node=\"16,8,1,0\">Charge Rapide USB Type-C<\/span><\/td>\n<\/tr>\n<tr>\n<td><span data-path-to-node=\"16,9,0,0\"><b data-path-to-node=\"16,9,0,0\" data-index-in-node=\"0\">Design du Bo\u00eetier<\/b><\/span><\/td>\n<td><span data-path-to-node=\"16,9,1,0\">Cabine \u00c9couteur Magn\u00e9tique \/ Processus de Peinture Cuite Premium \/ Affichage Num\u00e9rique Intelligent Lat\u00e9ral<\/span><\/td>\n<\/tr>\n<tr>\n<td><span data-path-to-node=\"16,10,0,0\"><b data-path-to-node=\"16,10,0,0\" data-index-in-node=\"0\">M\u00e9thode d'Activation<\/b><\/span><\/td>\n<td><span data-path-to-node=\"16,10,1,0\">Activation par Tirage \/ Parfait pour le Vapotage MTL<\/span><\/td>\n<\/tr>\n<\/tbody>\n<\/table>\n<h2 data-path-to-node=\"17\">Liste d'Emballage AiRMEZ Xbeats 40000 Puffs<\/h2>\n<ul data-path-to-node=\"18\">\n<li>\n<p data-path-to-node=\"18,0,0\">1 x Kit de Vape Intelligent AiRMEZ Xbeats 40000 Puffs (Inclut les \u00c9couteurs Bluetooth TWS)<\/p>\n<\/li>\n<\/ul>\n<h2 data-path-to-node=\"19\">Vid\u00e9o de Pr\u00e9sentation du Produit<\/h2>\n<p data-path-to-node=\"20\">\u25b6<\/p>\n<div style=\"width: 1920px;\" class=\"wp-video\"><video class=\"wp-video-shortcode\" id=\"video-5159-1\" width=\"1920\" height=\"1080\" preload=\"metadata\" controls=\"controls\"><source type=\"video\/mp4\" src=\"https:\/\/oiovape.com\/wp-content\/uploads\/2026\/04\/Airmez-Xbeats-40K-Video.mp4?_=1\" \/><a href=\"https:\/\/oiovape.com\/wp-content\/uploads\/2026\/04\/Airmez-Xbeats-40K-Video.mp4\">https:\/\/oiovape.com\/wp-content\/uploads\/2026\/04\/Airmez-Xbeats-40K-Video.mp4<\/a><\/video><\/div>\n<h2 data-path-to-node=\"21\">Guide de D\u00e9gustation des Saveurs<\/h2>\n<h3 data-path-to-node=\"22\">15 Festins pour les Papilles : Lequel est Votre Plat Principal ?<\/h3>\n<p data-path-to-node=\"23\">Vous en avez toujours assez des ar\u00f4mes artificiels industriels ternes et monotones ? Airmez a pr\u00e9par\u00e9 un \u201c Atelier Fruit\u00e9 \u201d 24h\/24 et 7j\/7 rien que pour vous. Voici votre bo\u00eete aveugle de saveurs exclusive :<\/p>\n<ul data-path-to-node=\"24\">\n<li>\n<p data-path-to-node=\"24,0,0\"><b data-path-to-node=\"24,0,0\" data-index-in-node=\"0\">F\u00eate des Fruits Frais<\/b>: Fraise Past\u00e8que Raisin \/ Kiwi Raisin Framboise \/ Fraise Kiwi \/ Myrtille Banane \/ Double Pomme \/ Punch Tropical \/ P\u00eache Juteuse<\/p>\n<\/li>\n<li>\n<p data-path-to-node=\"24,1,0\"><b data-path-to-node=\"24,1,0\" data-index-in-node=\"0\">Fans du Frais<\/b>: Myrtille Gla\u00e7on \/ Past\u00e8que Gla\u00e7on \/ Ananas Gla\u00e7on \/ Mangue Gla\u00e7on<\/p>\n<\/li>\n<li>\n<p data-path-to-node=\"24,2,0\"><b data-path-to-node=\"24,2,0\" data-index-in-node=\"0\">R\u00e9veil Gaz\u00e9ifi\u00e9<\/b>: Fizzy Cerise Cola \/ Cola Menthe<\/p>\n<\/li>\n<li>\n<p data-path-to-node=\"24,3,0\"><b data-path-to-node=\"24,3,0\" data-index-in-node=\"0\">Sp\u00e9cialit\u00e9s d'\u00c9t\u00e9<\/b>: R\u00eave d'\u00c9t\u00e9 \/ Mr Blue<\/p>\n<\/li>\n<\/ul>\n<h3 data-path-to-node=\"25\">Fermez les Yeux, Laissez Votre Langue Voyager<\/h3>\n<p data-path-to-node=\"26\">Imaginez ceci : au moment o\u00f9 l'ar\u00f4me fruit\u00e9 et doux se diffuse \u00e0 travers vos l\u00e8vres et vos dents, votre chanson R&amp;B pr\u00e9f\u00e9r\u00e9e se met \u00e0 jouer dans vos oreilles\u2014quel genre d'indulgence c\u00e9leste est-ce ?<\/p>\n<p data-path-to-node=\"27\">Pour les fans inconditionnels de fruits frais, <b data-path-to-node=\"27\" data-index-in-node=\"35\">\u201c Fraise Past\u00e8que Raisin \u201d<\/b> c'est comme \u00e9craser les fruits d'\u00e9t\u00e9 les plus juteux directement dans votre bouche\u2014d\u00e9bordant de jus, vibrant et vivant. Si vous avez besoin de vous rafra\u00eechir d'urgence aujourd'hui, <b data-path-to-node=\"27\" data-index-in-node=\"214\">\u201c Myrtille Gla\u00e7on \u201d<\/b> et <b data-path-to-node=\"27\" data-index-in-node=\"234\">\u201c Ananas Gla\u00e7on \u201d<\/b> ressemble \u00e0 un petit glacier glissant dans votre gorge, portant un reflet de douceur croustillante au milieu du froid, r\u00e9veillant instantan\u00e9ment les nerfs \u00e9puis\u00e9s. Vous avez envie d'une touche de nostalgie ? <b data-path-to-node=\"27\" data-index-in-node=\"432\">\u201cFizzy Cola Cerise\u201d<\/b> reproduit parfaitement le son p\u00e9tillant de l'ouverture d'une canette et la sensation dansante de la carbonatation sur le bout de votre langue, associ\u00e9e \u00e0 une finition menthol\u00e9e qui frappe droit \u00e0 l'\u00e2me.<\/p>\n<p><img decoding=\"async\" class=\"alignnone wp-image-5164 size-full\" title=\"Saveur Airmez Xbeat 40K 2%\" src=\"https:\/\/oiovape.com\/wp-content\/uploads\/2026\/01\/Airmez-Xbeat-40K-2-Flavor-scaled.png\" alt=\"Saveur Airmez Xbeat 40K 2%\" width=\"1810\" height=\"2560\" srcset=\"https:\/\/oiovape.com\/wp-content\/uploads\/2026\/01\/Airmez-Xbeat-40K-2-Flavor-scaled.png 1810w, https:\/\/oiovape.com\/wp-content\/uploads\/2026\/01\/Airmez-Xbeat-40K-2-Flavor-scaled-150x212.png 150w, https:\/\/oiovape.com\/wp-content\/uploads\/2026\/01\/Airmez-Xbeat-40K-2-Flavor-scaled-1200x1697.png 1200w, https:\/\/oiovape.com\/wp-content\/uploads\/2026\/01\/Airmez-Xbeat-40K-2-Flavor-212x300.png 212w, https:\/\/oiovape.com\/wp-content\/uploads\/2026\/01\/Airmez-Xbeat-40K-2-Flavor-724x1024.png 724w, https:\/\/oiovape.com\/wp-content\/uploads\/2026\/01\/Airmez-Xbeat-40K-2-Flavor-768x1086.png 768w, https:\/\/oiovape.com\/wp-content\/uploads\/2026\/01\/Airmez-Xbeat-40K-2-Flavor-1086x1536.png 1086w, https:\/\/oiovape.com\/wp-content\/uploads\/2026\/01\/Airmez-Xbeat-40K-2-Flavor-1448x2048.png 1448w, https:\/\/oiovape.com\/wp-content\/uploads\/2026\/01\/Airmez-Xbeat-40K-2-Flavor-8x12.png 8w\" sizes=\"(max-width: 1810px) 100vw, 1810px\" \/><\/p>\n<\/div>\n<\/div>\n<\/div>\n<\/div>\n<\/div>\n<\/div>\n<\/div>\n<\/div>\n<\/div>\n<\/div>\n<\/div>\n<\/div>\n<\/div>\n<\/div>\n<\/div>\n<\/div>\n<\/div>\n<\/div>\n<\/div>\n<\/div>\n<\/div>\n<\/div>\n<\/div>\n<\/div>\n<\/div>\n<\/div>\n<\/div>\n<\/div>\n<\/div>\n<\/div>\n<\/div>\n<\/div>\n<\/div>\n<\/div>\n<\/div>\n<\/div>\n<\/div>\n<\/div>\n<\/div>\n<\/div>\n<\/div>\n<\/div>\n<\/div>\n<\/div>\n<\/div>\n<\/div>\n<\/div>\n<\/div>\n<\/div>\n<\/div>\n<\/div>\n<\/div>\n<\/div>\n<\/div>","protected":false},"excerpt":{"rendered":"<div data-page-id=\"RAopf2sw9dtvw4cWYXpcTwo0n8g\" data-lark-html-role=\"root\" data-docx-has-block-data=\"false\">\n<div class=\"ace-line ace-line old-record-id-Uju9f3RXYd8dh2crAJbcBF3Un6M\">Le Airmez Xbeats 40000 Puffs offre 15 saveurs vibrantes, des m\u00e9langes fruit\u00e9s aux coups glac\u00e9s. Rempli de 22ML de liquide \u00e9lectronique, double flux d'air, Bluetooth 5.0 et \u00e9couteurs Hi-Fi int\u00e9gr\u00e9s, il combine un design \u00e9l\u00e9gant avec une technologie haut de gamme pour une exp\u00e9rience de vapotage et de musique imbattable.<\/div>\n<\/div>","protected":false},"featured_media":5174,"comment_status":"open","ping_status":"closed","template":"","meta":{"_acf_changed":false,"inline_featured_image":false,"_sitemap_exclude":false,"_sitemap_priority":"","_sitemap_frequency":""},"product_brand":[92],"product_cat":[86,239,244,229],"product_tag":[],"class_list":{"0":"post-5159","1":"product","2":"type-product","3":"status-publish","4":"has-post-thumbnail","6":"product_brand-airmez","7":"product_cat-airmez-puff","8":"product_cat-disposable-vape-collection","9":"product_cat-40k-puff","10":"product_cat-ship-from-german","12":"first","13":"instock","14":"sale","15":"shipping-taxable","16":"purchasable","17":"product-type-variable","18":"has-default-attributes"},"acf":[],"tiered_pricing_type":"fixed","tiered_pricing_fixed_rules":{"30":13.58,"60":13.4,"100":13.29,"200":13.1},"tiered_pricing_product_settings":{"layout":"default","base_unit_name":{"singular":null,"plural":null},"default_variation":null},"tiered_pricing_minimum_quantity":10,"tiered_pricing_roles_data":[],"tiered_pricing_percentage_rules":[],"tiered_pricing_maximum_quantity":null,"tiered_pricing_quantity_step":"10","_links":{"self":[{"href":"https:\/\/oiovape.com\/fr\/wp-json\/wp\/v2\/product\/5159","targetHints":{"allow":["GET"]}}],"collection":[{"href":"https:\/\/oiovape.com\/fr\/wp-json\/wp\/v2\/product"}],"about":[{"href":"https:\/\/oiovape.com\/fr\/wp-json\/wp\/v2\/types\/product"}],"replies":[{"embeddable":true,"href":"https:\/\/oiovape.com\/fr\/wp-json\/wp\/v2\/comments?post=5159"}],"version-history":[{"count":4,"href":"https:\/\/oiovape.com\/fr\/wp-json\/wp\/v2\/product\/5159\/revisions"}],"predecessor-version":[{"id":8257,"href":"https:\/\/oiovape.com\/fr\/wp-json\/wp\/v2\/product\/5159\/revisions\/8257"}],"wp:featuredmedia":[{"embeddable":true,"href":"https:\/\/oiovape.com\/fr\/wp-json\/wp\/v2\/media\/5174"}],"wp:attachment":[{"href":"https:\/\/oiovape.com\/fr\/wp-json\/wp\/v2\/media?parent=5159"}],"wp:term":[{"taxonomy":"product_brand","embeddable":true,"href":"https:\/\/oiovape.com\/fr\/wp-json\/wp\/v2\/product_brand?post=5159"},{"taxonomy":"product_cat","embeddable":true,"href":"https:\/\/oiovape.com\/fr\/wp-json\/wp\/v2\/product_cat?post=5159"},{"taxonomy":"product_tag","embeddable":true,"href":"https:\/\/oiovape.com\/fr\/wp-json\/wp\/v2\/product_tag?post=5159"}],"curies":[{"name":"wp","href":"https:\/\/api.w.org\/{rel}","templated":true}]}}