{"id":5910,"date":"2026-01-23T10:21:46","date_gmt":"2026-01-23T02:21:46","guid":{"rendered":"https:\/\/oiovape.com\/?post_type=product&#038;p=5910"},"modified":"2026-04-15T17:17:29","modified_gmt":"2026-04-15T09:17:29","slug":"fizzy-nova-20000-puffs","status":"publish","type":"product","link":"https:\/\/oiovape.com\/fr\/product\/fizzy-nova-20000-puffs\/","title":{"rendered":"Fizzy Nova 20000 TIRAGES Cigarette \u00c9lectronique Jetable \u00e0 Double R\u00e9sistance en Maille avec \u00c9cran Intelligent LCD"},"content":{"rendered":"<div data-page-id=\"ZVeMfq8uxd7y1ycuKm5cym4LnYd\" data-lark-html-role=\"root\" data-docx-has-block-data=\"false\">\n<div data-page-id=\"Fd41fZ5N9dzRQtcRNoVc2FuDnCh\" data-lark-html-role=\"root\" data-docx-has-block-data=\"true\">\n<div data-page-id=\"BdIJfeeijdk1eucGpS8cDCBBn5c\" data-lark-html-role=\"root\" data-docx-has-block-data=\"false\">\n<div data-page-id=\"Zbg9fWx77dUuh2cIYpic25c8nyd\" data-lark-html-role=\"root\" data-docx-has-block-data=\"false\">\n<div data-page-id=\"KaIvfiurhdlCKdc0kyxcX64cnE6\" data-lark-html-role=\"root\" data-docx-has-block-data=\"true\">\n<div data-page-id=\"PbvFfqxqlddUTScRpEYcY5MHnpf\" data-lark-html-role=\"root\" data-docx-has-block-data=\"true\">\n<div data-page-id=\"GZO2f5JeudwY4jc9iJtcdk9Hnxh\" data-lark-html-role=\"root\" data-docx-has-block-data=\"false\">\n<div data-page-id=\"EZVRf2acFduXLGcseZFc4qH2n6e\" data-lark-html-role=\"root\" data-docx-has-block-data=\"false\">\n<div data-page-id=\"B8rHfcqlqdzmH5cCWCncz17Cntb\" data-lark-html-role=\"root\" data-docx-has-block-data=\"false\">\n<div data-page-id=\"B8rHfcqlqdzmH5cCWCncz17Cntb\" data-lark-html-role=\"root\" data-docx-has-block-data=\"false\">\n<div data-page-id=\"B8rHfcqlqdzmH5cCWCncz17Cntb\" data-lark-html-role=\"root\" data-docx-has-block-data=\"true\">\n<div data-page-id=\"HM70f1aoxdD0bMcxJZBcVc7ynZd\" data-lark-html-role=\"root\" data-docx-has-block-data=\"false\">\n<div data-page-id=\"NSrJfN7Ord22i0c1iwZcsF8yn8b\" data-lark-html-role=\"root\" data-docx-has-block-data=\"false\">\n<div data-page-id=\"RXEff4Mskds8o1cqL5HcGEtUnCh\" data-lark-html-role=\"root\" data-docx-has-block-data=\"false\">\n<div data-page-id=\"KJ7gfqkVndMSRJcMseScmvYwnTc\" data-lark-html-role=\"root\" data-docx-has-block-data=\"false\">\n<div class=\"ace-line ace-line old-record-id-QADAfETPudgmudc05YvcTO5fnxe\">\n<div data-page-id=\"KJ7gfqkVndMSRJcMseScmvYwnTc\" data-lark-html-role=\"root\" data-docx-has-block-data=\"false\">\n<div class=\"ace-line ace-line old-record-id-JoRkfpho8dOkiacEOascDyCOncb\">\n<div data-page-id=\"KJ7gfqkVndMSRJcMseScmvYwnTc\" data-lark-html-role=\"root\" data-docx-has-block-data=\"false\">\n<div data-page-id=\"Ju6ofQ3V4dGmePcVvJvc1gmcnZb\" data-lark-html-role=\"root\" data-docx-has-block-data=\"true\">\n<div data-page-id=\"PR9ife5PLdFabccbFgZcWgZOnTc\" data-lark-html-role=\"root\" data-docx-has-block-data=\"false\">\n<div data-page-id=\"INdrfOIGzdaenXcptrcc1BcznQc\" data-lark-html-role=\"root\" data-docx-has-block-data=\"false\">\n<div class=\"ace-line ace-line old-record-id-P0fIf4YaZdoGkbcxt5ackec2nnb\">\n<div data-page-id=\"INdrfOIGzdaenXcptrcc1BcznQc\" data-lark-html-role=\"root\" data-docx-has-block-data=\"false\">\n<div data-page-id=\"MAzCfUB73dMTQscm8eWcougVn1g\" data-lark-html-role=\"root\" data-docx-has-block-data=\"true\">\n<div data-page-id=\"AXfpf7H1odhDvGcKoUOcErN8nV7\" data-lark-html-role=\"root\" data-docx-has-block-data=\"false\">\n<div data-page-id=\"QYTKf5PvLdUNdbce2nBcW9yfnrh\" data-lark-html-role=\"root\" data-docx-has-block-data=\"false\">\n<div data-page-id=\"Pvu1f1CCBdxbjncA9pgcBTpanph\" data-lark-html-role=\"root\" data-docx-has-block-data=\"true\">\n<div data-page-id=\"Axf3fcmY8dDAhtcjVircBcphnPc\" data-lark-html-role=\"root\" data-docx-has-block-data=\"false\">\n<div data-page-id=\"KKj1f9SPmdLhhMc5E2AcNlLen6f\" data-lark-html-role=\"root\" data-docx-has-block-data=\"true\">\n<div data-page-id=\"Rx61fK1sJdXHjPcBuhZcweNhnwc\" data-lark-html-role=\"root\" data-docx-has-block-data=\"false\">\n<div data-page-id=\"L1H9fkG9Mdz45Fcy4WMc5VKXnRe\" data-lark-html-role=\"root\" data-docx-has-block-data=\"false\">\n<div data-page-id=\"L1H9fkG9Mdz45Fcy4WMc5VKXnRe\" data-lark-html-role=\"root\" data-docx-has-block-data=\"false\">\n<div data-page-id=\"D4XLfVBVrdE8mrcaYizczklLnaf\" data-lark-html-role=\"root\" data-docx-has-block-data=\"false\">\n<div data-page-id=\"WVcifIY44d5mhMcXtyEcTsfenGd\" data-lark-html-role=\"root\" data-docx-has-block-data=\"true\">\n<div data-page-id=\"LRknfa6Whd4DWCcUc0FcNKpJnyh\" data-lark-html-role=\"root\" data-docx-has-block-data=\"false\">\n<div data-page-id=\"LRknfa6Whd4DWCcUc0FcNKpJnyh\" data-lark-html-role=\"root\" data-docx-has-block-data=\"false\">\n<div data-page-id=\"XFRAfkcOEdRWh8cArQ2cJdyRnJf\" data-lark-html-role=\"root\" data-docx-has-block-data=\"true\">\n<div data-page-id=\"OQ3bfjnRddMTDGcC3ouc6xFKnWf\" data-lark-html-role=\"root\" data-docx-has-block-data=\"true\">\n<div data-page-id=\"J0iGfj1hEdjc4rcUdSmc4spMnmZ\" data-lark-html-role=\"root\" data-docx-has-block-data=\"false\">\n<div data-page-id=\"P1o7fFyNlduP8tcfZpQcagzbnIf\" data-lark-html-role=\"root\" data-docx-has-block-data=\"false\">\n<div class=\"ace-line ace-line old-record-id-P1o7fFyNlduP8tcfZpQcagzbnIf\">\n<div data-page-id=\"P1o7fFyNlduP8tcfZpQcagzbnIf\" data-lark-html-role=\"root\" data-docx-has-block-data=\"false\">\n<div data-page-id=\"U4iufW38SdttWKcTstMcTtHRnXc\" data-lark-html-role=\"root\" data-docx-has-block-data=\"true\">\n<div data-page-id=\"ONVMf7VTWddcFtcyATOchCJHnZb\" data-lark-html-role=\"root\" data-docx-has-block-data=\"true\">\n<div data-page-id=\"KoW2fSy0PdLHFlc5kSHcgvWMnYg\" data-lark-html-role=\"root\" data-docx-has-block-data=\"false\">\n<div data-page-id=\"KoW2fSy0PdLHFlc5kSHcgvWMnYg\" data-lark-html-role=\"root\" data-docx-has-block-data=\"false\">\n<div data-page-id=\"OLGhfzxC7d7EFIcLEj9cRT5ynZf\" data-lark-html-role=\"root\" data-docx-has-block-data=\"false\">\n<div data-page-id=\"DdnnfrLjzdqrFIc9Il9c7pA2noc\" data-lark-html-role=\"root\" data-docx-has-block-data=\"true\">\n<div data-page-id=\"KNzcf2o0oddkJOcztTVcqPdlnth\" data-lark-html-role=\"root\" data-docx-has-block-data=\"false\">\n<div data-page-id=\"LBU7fg5SEdkWhecGJoxca3xvnCe\" data-lark-html-role=\"root\" data-docx-has-block-data=\"false\">\n<div data-page-id=\"EB70fooS3d69bMcgWB7c5qb9n8g\" data-lark-html-role=\"root\" data-docx-has-block-data=\"false\">\n<div data-page-id=\"AogwfsZCadB6t0cAvF0cK4JLnvf\" data-lark-html-role=\"root\" data-docx-has-block-data=\"false\">\n<div data-page-id=\"AogwfsZCadB6t0cAvF0cK4JLnvf\" data-lark-html-role=\"root\" data-docx-has-block-data=\"false\">\n<div data-page-id=\"JMZIflNGddQuU0c5JZocSqlvnle\" data-lark-html-role=\"root\" data-docx-has-block-data=\"false\">\n<div data-page-id=\"JMZIflNGddQuU0c5JZocSqlvnle\" data-lark-html-role=\"root\" data-docx-has-block-data=\"true\">\n<div data-page-id=\"HtEafjjRIdPAlMc9zgYcsGy6nOe\" data-lark-html-role=\"root\" data-docx-has-block-data=\"false\">\n<div data-page-id=\"Rhnafz0WTdDeT9c43xxczsbVnJo\" data-lark-html-role=\"root\" data-docx-has-block-data=\"false\">\n<div data-page-id=\"WY0CfKdcTdf4hVcZl67ct5LGncf\" data-lark-html-role=\"root\" data-docx-has-block-data=\"true\">\n<div data-page-id=\"MkB5fF4AVdchovcoPEpc7LqvnOd\" data-lark-html-role=\"root\" data-docx-has-block-data=\"true\">\n<div data-page-id=\"MfbjfZhbhdJdA8cH1dAckqF0n6g\" data-lark-html-role=\"root\" data-docx-has-block-data=\"false\">\n<div class=\"ace-line ace-line old-record-id-W2AHfJLnjd7ugjcRLs1c8BdhnNh\">\n<div data-page-id=\"MfbjfZhbhdJdA8cH1dAckqF0n6g\" data-lark-html-role=\"root\" data-docx-has-block-data=\"false\">\n<div class=\"old-record-id-XXd1feeCZdR2hJc6evocxnh1nOg\">\n<div data-page-id=\"MfbjfZhbhdJdA8cH1dAckqF0n6g\" data-lark-html-role=\"root\" data-docx-has-block-data=\"false\">\n<div data-page-id=\"DE51fYUmxdT3ekcHzc3cGrVQnsc\" data-lark-html-role=\"root\" data-docx-has-block-data=\"false\">\n<div data-page-id=\"YSKdfaZ08dRej3ci5CccQBuOncc\" data-lark-html-role=\"root\" data-docx-has-block-data=\"true\">\n<div data-page-id=\"K6mofQmledamEFcgp1EcVobmnYd\" data-lark-html-role=\"root\" data-docx-has-block-data=\"false\">\n<h2 data-path-to-node=\"0\">Fizzy Nova 20000 Puffs Dual Mesh Disposable Vape:<\/h2>\n<p data-path-to-node=\"1\">Fatigu\u00e9 des appareils qui vous abandonnent juste au moment o\u00f9 la saveur atteint son apog\u00e9e ? Pensez \u00e0 votre vaporisateur jetable standard comme \u00e0 une tasse en papier fragile\u2014fonctionnelle un instant, mais finalement \u00e9ph\u00e9m\u00e8re. Le Fizzy Nova 20000 Puffs agit plut\u00f4t comme une centrale \u00e9lectrique de poche, con\u00e7u pour r\u00e9sister \u00e0 des semaines d'utilisation intensive sans perdre son efficacit\u00e9. Dot\u00e9 d'un \u00e9norme r\u00e9servoir de 28 ml de liquide \u00e9lectronique et offrant jusqu'\u00e0 20000 bouff\u00e9es, cet appareil comble le foss\u00e9 entre la commodit\u00e9 d'un jetable et la permanence d'un syst\u00e8me de pod. Vous n'achetez pas simplement une dose rapide de nicotine ; vous investissez dans un compagnon \u00e0 long terme et haute capacit\u00e9 qui refuse d'abandonner avant vous.<\/p>\n<h2 data-path-to-node=\"2\">Une toile m\u00e9tallique con\u00e7ue pour le quotidien<\/h2>\n<p data-path-to-node=\"3\">Pourquoi se contenter d'une coque en plastique bon march\u00e9 quand vous pouvez tenir du m\u00e9tal froid et sculptural ? Le Fizzy Nova 20K abandonne l'esth\u00e9tique jouet de ses concurrents pour une finition solide et peinte en m\u00e9tal qui se sent vraiment substantielle en main. Ce n'est pas seulement une question de para\u00eetre \u00e9l\u00e9gant\u2014bien que le rev\u00eatement vibrant et anti-traces de doigts attire certainement l'\u0153il\u2014c'est une question de survivre \u00e0 la r\u00e9alit\u00e9 chaotique de la vie quotidienne. Qu'il s'agisse de rouler dans un sac en d\u00e9sordre ou de glisser sur un tableau de bord de voiture, le ch\u00e2ssis robuste absorbe l'usure sans effort. Associ\u00e9 \u00e0 une batterie robuste de 850 mAh rechargeable via un port Type-C rapide, cet appareil garantit que votre alimentation est aussi durable que son ext\u00e9rieur blind\u00e9.<\/p>\n<h3 data-path-to-node=\"4\">Deux c\u0153urs qui battent : le moteur Dual Mesh dynamique<\/h3>\n<p data-path-to-node=\"5\">\u00c0 quoi bon un \u00e9norme r\u00e9servoir si la saveur s'estompe \u00e0 mi-chemin ? Au c\u0153ur du Fizzy Nova se trouve un syst\u00e8me avanc\u00e9 de bobine Dual Mesh qui chauffe chaque goutte de liquide \u00e9lectronique avec une coh\u00e9rence implacable. Au lieu que la saveur s'estompe en un murmure terne et br\u00fbl\u00e9, chaque bouff\u00e9e reste aussi percutante que la premi\u00e8re. De plus, ce moteur vous met aux commandes avec des modes de vapotage doubles. Vous voulez prolonger l'autonomie de votre batterie pour un long week-end ? Le mode Eco sirote votre liquide \u00e9lectronique doucement pour maximiser la long\u00e9vit\u00e9. Vous avez envie d'un nuage plus \u00e9pais et plus intense ? Passez au mode Turbo et ouvrez les vannes. Il s'adapte \u00e0 votre humeur instantan\u00e9ment\u2014aucune courbe d'apprentissage abrupte requise.<\/p>\n<h4 data-path-to-node=\"6\">Plus de devinettes : le tableau de bord LCD intelligent<\/h4>\n<p data-path-to-node=\"7\">Avez-vous d\u00e9j\u00e0 jou\u00e9 \u00e0 la roulette des batteries avec un ancien jetable, en priant qu'il ne meure pas lors d'une sortie nocturne ? Le Fizzy Nova 20000 Puffs \u00e9limine compl\u00e8tement cette anxi\u00e9t\u00e9. L'\u00e9cran LCD net situ\u00e9 \u00e0 la base de l'appareil n'est pas seulement un ornement de capot brillant ; c'est un cadran de tableau de bord vital qui vous tient \u00e0 l'\u00e9cart de la zone rouge. Il affiche clairement \u00e0 la fois votre pourcentage exact de batterie et vos niveaux de liquide \u00e9lectronique restants en temps r\u00e9el. Vous savez toujours exactement o\u00f9 vous en \u00eates, ce qui vous permet de recharger avant de quitter la maison plut\u00f4t que d'\u00eatre pris au d\u00e9pourvu par une lumi\u00e8re clignotante soudaine de la mort.<\/p>\n<h5 data-path-to-node=\"8\">Des profils de saveur qui ne causent jamais de fatigue<\/h5>\n<p data-path-to-node=\"9\">Trouver une saveur qui ne submerge pas votre palais apr\u00e8s mille bouff\u00e9es est un d\u00e9fi, n'est-ce pas ? La gamme de saveurs du Fizzy Nova r\u00e9sout ce probl\u00e8me en s'appuyant fortement sur des m\u00e9langes de fruits inspir\u00e9s par fizzy qui privil\u00e9gient la clart\u00e9 \u00e0 la douceur \u00e9c\u0153urante. Imaginez une guitare acoustique parfaitement accord\u00e9e o\u00f9 chaque note sonne juste\u2014c'est ainsi que ces profils frappent. Que vous poursuiviez la morsure ac\u00e9r\u00e9e du Citron Citron vert ou l'exhalaison lisse et cr\u00e9meuse de Myrtille Noix de coco, le go\u00fbt reste vibrant et pur. Il est con\u00e7u sp\u00e9cifiquement pour le vapotage de marathon, garantissant que vous ne vous lasserez pas de votre m\u00e9lange choisi m\u00eame des semaines plus tard.<\/p>\n<h2 data-path-to-node=\"11\">Puff 20K Fizzy Nova Disposable Vape Caract\u00e9ristiques principales :<\/h2>\n<ul data-path-to-node=\"12\">\n<li>\n<p data-path-to-node=\"12,0,0\"><b data-path-to-node=\"12,0,0\" data-index-in-node=\"0\">Compte de Puff :<\/b> Jusqu'\u00e0 20000 bouff\u00e9es<\/p>\n<\/li>\n<li>\n<p data-path-to-node=\"12,1,0\"><b data-path-to-node=\"12,1,0\" data-index-in-node=\"0\">Capacit\u00e9 de e-liquide :<\/b> \u00c9norme r\u00e9servoir de 28 ml<\/p>\n<\/li>\n<li>\n<p data-path-to-node=\"12,2,0\"><b data-path-to-node=\"12,2,0\" data-index-in-node=\"0\">Batterie :<\/b> 850 mAh, rechargeable pour des sessions prolong\u00e9es<\/p>\n<\/li>\n<li>\n<p data-path-to-node=\"12,3,0\"><b data-path-to-node=\"12,3,0\" data-index-in-node=\"0\">Chargement :<\/b> Port Type-C \u00e0 charge rapide<\/p>\n<\/li>\n<li>\n<p data-path-to-node=\"12,4,0\"><b data-path-to-node=\"12,4,0\" data-index-in-node=\"0\">R\u00e9sistance :<\/b> Bobine Dual Mesh pour une sortie de saveur coh\u00e9rente et lisse<\/p>\n<\/li>\n<li>\n<p data-path-to-node=\"12,5,0\"><b data-path-to-node=\"12,5,0\" data-index-in-node=\"0\">Modes dynamiques :<\/b> Mode Eco pour la long\u00e9vit\u00e9, Mode Turbo pour une vapeur dense<\/p>\n<\/li>\n<li>\n<p data-path-to-node=\"12,6,0\"><b data-path-to-node=\"12,6,0\" data-index-in-node=\"0\">Construction :<\/b> Finition peinte en m\u00e9tal premium pour une durabilit\u00e9 ultime<\/p>\n<\/li>\n<li>\n<p data-path-to-node=\"12,7,0\"><b data-path-to-node=\"12,7,0\" data-index-in-node=\"0\">Affichage :<\/b> \u00c9cran LCD transparent suivant les pourcentages de batterie et de liquide \u00e9lectronique<\/p>\n<\/li>\n<\/ul>\n<p><img decoding=\"async\" class=\"alignnone wp-image-5912 size-full\" title=\"Saveur FIZZY NOVA 20k\" src=\"https:\/\/oiovape.com\/wp-content\/uploads\/2026\/01\/FIZZY-NOVA-20k-flavor.jpg\" alt=\"Saveur FIZZY NOVA 20k\" width=\"1379\" height=\"1920\" srcset=\"https:\/\/oiovape.com\/wp-content\/uploads\/2026\/01\/FIZZY-NOVA-20k-flavor.jpg 1379w, https:\/\/oiovape.com\/wp-content\/uploads\/2026\/01\/FIZZY-NOVA-20k-flavor-150x209.jpg 150w, https:\/\/oiovape.com\/wp-content\/uploads\/2026\/01\/FIZZY-NOVA-20k-flavor-1200x1671.jpg 1200w, https:\/\/oiovape.com\/wp-content\/uploads\/2026\/01\/FIZZY-NOVA-20k-flavor-215x300.jpg 215w, https:\/\/oiovape.com\/wp-content\/uploads\/2026\/01\/FIZZY-NOVA-20k-flavor-735x1024.jpg 735w, https:\/\/oiovape.com\/wp-content\/uploads\/2026\/01\/FIZZY-NOVA-20k-flavor-768x1069.jpg 768w, https:\/\/oiovape.com\/wp-content\/uploads\/2026\/01\/FIZZY-NOVA-20k-flavor-1103x1536.jpg 1103w, https:\/\/oiovape.com\/wp-content\/uploads\/2026\/01\/FIZZY-NOVA-20k-flavor-9x12.jpg 9w\" sizes=\"(max-width: 1379px) 100vw, 1379px\" \/><\/p>\n<h3 data-path-to-node=\"13\">Fizzy Nova 20k 20000 Puffs Dual Mesh Disposable Vape Liste des saveurs\uff1a<\/h3>\n<ul data-path-to-node=\"14\">\n<li>\n<p data-path-to-node=\"14,0,0\">Citron vert<\/p>\n<\/li>\n<li>\n<p data-path-to-node=\"14,1,0\">Cerise p\u00e9tillante<\/p>\n<\/li>\n<li>\n<p data-path-to-node=\"14,2,0\">Baies m\u00e9lang\u00e9es<\/p>\n<\/li>\n<li>\n<p data-path-to-node=\"14,3,0\">Fraise Kiwi<\/p>\n<\/li>\n<li>\n<p data-path-to-node=\"14,4,0\">Past\u00e8que<\/p>\n<\/li>\n<li>\n<p data-path-to-node=\"14,5,0\">Limonade Rose<\/p>\n<\/li>\n<li>\n<p data-path-to-node=\"14,6,0\">Fraise<\/p>\n<\/li>\n<li>\n<p data-path-to-node=\"14,7,0\">P\u00eache<\/p>\n<\/li>\n<li>\n<p data-path-to-node=\"14,8,0\">Myrtille<\/p>\n<\/li>\n<li>\n<p data-path-to-node=\"14,9,0\">Raisin<\/p>\n<\/li>\n<li>\n<p data-path-to-node=\"14,10,0\">Myrtille Noix de Coco<\/p>\n<\/li>\n<li>\n<p data-path-to-node=\"14,11,0\">Framboise Citron<\/p>\n<\/li>\n<\/ul>\n<h2 data-path-to-node=\"15\">Pourquoi choisir Fizzy Nova 20000 bouff\u00e9es ?<\/h2>\n<p data-path-to-node=\"16\">Le Fizzy Nova 20000 Puffs Disposable Vape red\u00e9finit compl\u00e8tement ce qu'un appareil haute capacit\u00e9 devrait \u00eatre. Il offre un m\u00e9lange sans compromis d'un nombre de bouff\u00e9es massif, d'une durabilit\u00e9 frappante et d'une sortie de vapeur hautement personnalisable. En int\u00e9grant un \u00e9cran intelligent et un syst\u00e8me dual-mesh adaptable dans un corps m\u00e9tallique premium, il offre une exp\u00e9rience fiable et haut de gamme qui ne semble vraiment pas jetable du tout.<\/p>\n<h3 data-path-to-node=\"17\">Parfait pour :<\/h3>\n<ul data-path-to-node=\"18\">\n<li>\n<p data-path-to-node=\"18,0,0\">Les vapoteurs qui exigent un appareil robuste qui dure des semaines sans avoir besoin de remplacement<\/p>\n<\/li>\n<li>\n<p data-path-to-node=\"18,1,0\">Les chasseurs de nuages qui veulent la flexibilit\u00e9 de basculer entre une aspiration lisse et des coups de vapeur dense<\/p>\n<\/li>\n<li>\n<p data-path-to-node=\"18,2,0\">Quiconque en a assez des approximations et a besoin d'un \u00e9cran clair pour surveiller son liquide et sa batterie<\/p>\n<\/li>\n<li>\n<p data-path-to-node=\"18,3,0\">Les utilisateurs qui pr\u00e9f\u00e8rent des saveurs de fruits propres et coh\u00e9rentes qui ne deviennent pas excessivement sucr\u00e9es au fil du temps<\/p>\n<\/li>\n<\/ul>\n<\/div>\n<\/div>\n<\/div>\n<\/div>\n<\/div>\n<\/div>\n<\/div>\n<\/div>\n<\/div>\n<\/div>\n<\/div>\n<\/div>\n<\/div>\n<\/div>\n<\/div>\n<\/div>\n<\/div>\n<\/div>\n<\/div>\n<\/div>\n<\/div>\n<\/div>\n<\/div>\n<\/div>\n<\/div>\n<\/div>\n<\/div>\n<\/div>\n<\/div>\n<\/div>\n<\/div>\n<\/div>\n<\/div>\n<\/div>\n<\/div>\n<\/div>\n<\/div>\n<\/div>\n<\/div>\n<\/div>\n<\/div>\n<\/div>\n<\/div>\n<\/div>\n<\/div>\n<\/div>\n<\/div>\n<\/div>\n<\/div>\n<\/div>\n<\/div>\n<\/div>\n<\/div>\n<\/div>\n<\/div>\n<\/div>\n<\/div>\n<\/div>\n<\/div>\n<\/div>\n<\/div>\n<\/div>\n<\/div>\n<\/div>\n<\/div>\n<\/div>\n<\/div>\n<\/div>","protected":false},"excerpt":{"rendered":"<div data-page-id=\"RAopf2sw9dtvw4cWYXpcTwo0n8g\" data-lark-html-role=\"root\" data-docx-has-block-data=\"false\">\n<div class=\"ace-line ace-line old-record-id-Uju9f3RXYd8dh2crAJbcBF3Un6M\">Fizzy Nova 20000 Puffs offre une saveur constante gr\u00e2ce \u00e0 une double r\u00e9sistance en mesh et des modes Eco ou Turbo intelligents. Une batterie de 850 mAh, un \u00e9cran LCD clair et une finition m\u00e9tallique soutiennent une exp\u00e9rience de vapotage longue et fluide \u00e0 travers une vari\u00e9t\u00e9 de saveurs fruit\u00e9es, con\u00e7ue pour un usage quotidien sans complexit\u00e9 inutile et avec des performances constantes dans le temps.<\/div>\n<\/div>","protected":false},"featured_media":5922,"comment_status":"open","ping_status":"closed","template":"","meta":{"_acf_changed":false,"inline_featured_image":false,"_sitemap_exclude":false,"_sitemap_priority":"","_sitemap_frequency":""},"product_brand":[297],"product_cat":[298,239,249],"product_tag":[],"class_list":{"0":"post-5910","1":"product","2":"type-product","3":"status-publish","4":"has-post-thumbnail","6":"product_brand-fizzy","7":"product_cat-fizzy-puff","8":"product_cat-disposable-vape-collection","9":"product_cat-20k-puffs","11":"first","12":"instock","13":"sale","14":"shipping-taxable","15":"purchasable","16":"product-type-variable","17":"has-default-attributes"},"acf":[],"tiered_pricing_type":"fixed","tiered_pricing_fixed_rules":{"30":10.66,"60":8.45,"100":7.58,"200":7.17},"tiered_pricing_product_settings":{"layout":"default","base_unit_name":{"singular":null,"plural":null},"default_variation":null},"tiered_pricing_minimum_quantity":null,"tiered_pricing_roles_data":[],"tiered_pricing_percentage_rules":[],"tiered_pricing_maximum_quantity":null,"tiered_pricing_quantity_step":"10","_links":{"self":[{"href":"https:\/\/oiovape.com\/fr\/wp-json\/wp\/v2\/product\/5910","targetHints":{"allow":["GET"]}}],"collection":[{"href":"https:\/\/oiovape.com\/fr\/wp-json\/wp\/v2\/product"}],"about":[{"href":"https:\/\/oiovape.com\/fr\/wp-json\/wp\/v2\/types\/product"}],"replies":[{"embeddable":true,"href":"https:\/\/oiovape.com\/fr\/wp-json\/wp\/v2\/comments?post=5910"}],"version-history":[{"count":4,"href":"https:\/\/oiovape.com\/fr\/wp-json\/wp\/v2\/product\/5910\/revisions"}],"predecessor-version":[{"id":8367,"href":"https:\/\/oiovape.com\/fr\/wp-json\/wp\/v2\/product\/5910\/revisions\/8367"}],"wp:featuredmedia":[{"embeddable":true,"href":"https:\/\/oiovape.com\/fr\/wp-json\/wp\/v2\/media\/5922"}],"wp:attachment":[{"href":"https:\/\/oiovape.com\/fr\/wp-json\/wp\/v2\/media?parent=5910"}],"wp:term":[{"taxonomy":"product_brand","embeddable":true,"href":"https:\/\/oiovape.com\/fr\/wp-json\/wp\/v2\/product_brand?post=5910"},{"taxonomy":"product_cat","embeddable":true,"href":"https:\/\/oiovape.com\/fr\/wp-json\/wp\/v2\/product_cat?post=5910"},{"taxonomy":"product_tag","embeddable":true,"href":"https:\/\/oiovape.com\/fr\/wp-json\/wp\/v2\/product_tag?post=5910"}],"curies":[{"name":"wp","href":"https:\/\/api.w.org\/{rel}","templated":true}]}}