{"id":5924,"date":"2026-01-23T10:51:10","date_gmt":"2026-01-23T02:51:10","guid":{"rendered":"https:\/\/oiovape.com\/?post_type=product&#038;p=5924"},"modified":"2026-04-15T17:25:51","modified_gmt":"2026-04-15T09:25:51","slug":"fizzy-nova-plus-40000-puffs","status":"publish","type":"product","link":"https:\/\/oiovape.com\/fr\/product\/fizzy-nova-plus-40000-puffs\/","title":{"rendered":"Fizzy Nova Plus 40000 TIRAGES 850mAh Batterie Rechargeable Cigarette \u00c9lectronique Jetable Avec Flux D'Air"},"content":{"rendered":"<div data-page-id=\"ZVeMfq8uxd7y1ycuKm5cym4LnYd\" data-lark-html-role=\"root\" data-docx-has-block-data=\"false\">\n<div data-page-id=\"Fd41fZ5N9dzRQtcRNoVc2FuDnCh\" data-lark-html-role=\"root\" data-docx-has-block-data=\"true\">\n<div data-page-id=\"BdIJfeeijdk1eucGpS8cDCBBn5c\" data-lark-html-role=\"root\" data-docx-has-block-data=\"false\">\n<div data-page-id=\"Zbg9fWx77dUuh2cIYpic25c8nyd\" data-lark-html-role=\"root\" data-docx-has-block-data=\"false\">\n<div data-page-id=\"KaIvfiurhdlCKdc0kyxcX64cnE6\" data-lark-html-role=\"root\" data-docx-has-block-data=\"true\">\n<div data-page-id=\"PbvFfqxqlddUTScRpEYcY5MHnpf\" data-lark-html-role=\"root\" data-docx-has-block-data=\"true\">\n<div data-page-id=\"GZO2f5JeudwY4jc9iJtcdk9Hnxh\" data-lark-html-role=\"root\" data-docx-has-block-data=\"false\">\n<div data-page-id=\"EZVRf2acFduXLGcseZFc4qH2n6e\" data-lark-html-role=\"root\" data-docx-has-block-data=\"false\">\n<div data-page-id=\"B8rHfcqlqdzmH5cCWCncz17Cntb\" data-lark-html-role=\"root\" data-docx-has-block-data=\"false\">\n<div data-page-id=\"B8rHfcqlqdzmH5cCWCncz17Cntb\" data-lark-html-role=\"root\" data-docx-has-block-data=\"false\">\n<div data-page-id=\"B8rHfcqlqdzmH5cCWCncz17Cntb\" data-lark-html-role=\"root\" data-docx-has-block-data=\"true\">\n<div data-page-id=\"HM70f1aoxdD0bMcxJZBcVc7ynZd\" data-lark-html-role=\"root\" data-docx-has-block-data=\"false\">\n<div data-page-id=\"NSrJfN7Ord22i0c1iwZcsF8yn8b\" data-lark-html-role=\"root\" data-docx-has-block-data=\"false\">\n<div data-page-id=\"RXEff4Mskds8o1cqL5HcGEtUnCh\" data-lark-html-role=\"root\" data-docx-has-block-data=\"false\">\n<div data-page-id=\"KJ7gfqkVndMSRJcMseScmvYwnTc\" data-lark-html-role=\"root\" data-docx-has-block-data=\"false\">\n<div class=\"ace-line ace-line old-record-id-QADAfETPudgmudc05YvcTO5fnxe\">\n<div data-page-id=\"KJ7gfqkVndMSRJcMseScmvYwnTc\" data-lark-html-role=\"root\" data-docx-has-block-data=\"false\">\n<div class=\"ace-line ace-line old-record-id-JoRkfpho8dOkiacEOascDyCOncb\">\n<div data-page-id=\"KJ7gfqkVndMSRJcMseScmvYwnTc\" data-lark-html-role=\"root\" data-docx-has-block-data=\"false\">\n<div data-page-id=\"Ju6ofQ3V4dGmePcVvJvc1gmcnZb\" data-lark-html-role=\"root\" data-docx-has-block-data=\"true\">\n<div data-page-id=\"PR9ife5PLdFabccbFgZcWgZOnTc\" data-lark-html-role=\"root\" data-docx-has-block-data=\"false\">\n<div data-page-id=\"INdrfOIGzdaenXcptrcc1BcznQc\" data-lark-html-role=\"root\" data-docx-has-block-data=\"false\">\n<div class=\"ace-line ace-line old-record-id-P0fIf4YaZdoGkbcxt5ackec2nnb\">\n<div data-page-id=\"INdrfOIGzdaenXcptrcc1BcznQc\" data-lark-html-role=\"root\" data-docx-has-block-data=\"false\">\n<div data-page-id=\"MAzCfUB73dMTQscm8eWcougVn1g\" data-lark-html-role=\"root\" data-docx-has-block-data=\"true\">\n<div data-page-id=\"AXfpf7H1odhDvGcKoUOcErN8nV7\" data-lark-html-role=\"root\" data-docx-has-block-data=\"false\">\n<div data-page-id=\"QYTKf5PvLdUNdbce2nBcW9yfnrh\" data-lark-html-role=\"root\" data-docx-has-block-data=\"false\">\n<div data-page-id=\"Pvu1f1CCBdxbjncA9pgcBTpanph\" data-lark-html-role=\"root\" data-docx-has-block-data=\"true\">\n<div data-page-id=\"Axf3fcmY8dDAhtcjVircBcphnPc\" data-lark-html-role=\"root\" data-docx-has-block-data=\"false\">\n<div data-page-id=\"KKj1f9SPmdLhhMc5E2AcNlLen6f\" data-lark-html-role=\"root\" data-docx-has-block-data=\"true\">\n<div data-page-id=\"Rx61fK1sJdXHjPcBuhZcweNhnwc\" data-lark-html-role=\"root\" data-docx-has-block-data=\"false\">\n<div data-page-id=\"L1H9fkG9Mdz45Fcy4WMc5VKXnRe\" data-lark-html-role=\"root\" data-docx-has-block-data=\"false\">\n<div data-page-id=\"L1H9fkG9Mdz45Fcy4WMc5VKXnRe\" data-lark-html-role=\"root\" data-docx-has-block-data=\"false\">\n<div data-page-id=\"D4XLfVBVrdE8mrcaYizczklLnaf\" data-lark-html-role=\"root\" data-docx-has-block-data=\"false\">\n<div data-page-id=\"WVcifIY44d5mhMcXtyEcTsfenGd\" data-lark-html-role=\"root\" data-docx-has-block-data=\"true\">\n<div data-page-id=\"LRknfa6Whd4DWCcUc0FcNKpJnyh\" data-lark-html-role=\"root\" data-docx-has-block-data=\"false\">\n<div data-page-id=\"LRknfa6Whd4DWCcUc0FcNKpJnyh\" data-lark-html-role=\"root\" data-docx-has-block-data=\"false\">\n<div data-page-id=\"XFRAfkcOEdRWh8cArQ2cJdyRnJf\" data-lark-html-role=\"root\" data-docx-has-block-data=\"true\">\n<div data-page-id=\"OQ3bfjnRddMTDGcC3ouc6xFKnWf\" data-lark-html-role=\"root\" data-docx-has-block-data=\"true\">\n<div data-page-id=\"J0iGfj1hEdjc4rcUdSmc4spMnmZ\" data-lark-html-role=\"root\" data-docx-has-block-data=\"false\">\n<div data-page-id=\"P1o7fFyNlduP8tcfZpQcagzbnIf\" data-lark-html-role=\"root\" data-docx-has-block-data=\"false\">\n<div class=\"ace-line ace-line old-record-id-P1o7fFyNlduP8tcfZpQcagzbnIf\">\n<div data-page-id=\"P1o7fFyNlduP8tcfZpQcagzbnIf\" data-lark-html-role=\"root\" data-docx-has-block-data=\"false\">\n<div data-page-id=\"U4iufW38SdttWKcTstMcTtHRnXc\" data-lark-html-role=\"root\" data-docx-has-block-data=\"true\">\n<div data-page-id=\"ONVMf7VTWddcFtcyATOchCJHnZb\" data-lark-html-role=\"root\" data-docx-has-block-data=\"true\">\n<div data-page-id=\"KoW2fSy0PdLHFlc5kSHcgvWMnYg\" data-lark-html-role=\"root\" data-docx-has-block-data=\"false\">\n<div data-page-id=\"KoW2fSy0PdLHFlc5kSHcgvWMnYg\" data-lark-html-role=\"root\" data-docx-has-block-data=\"false\">\n<div data-page-id=\"OLGhfzxC7d7EFIcLEj9cRT5ynZf\" data-lark-html-role=\"root\" data-docx-has-block-data=\"false\">\n<div data-page-id=\"DdnnfrLjzdqrFIc9Il9c7pA2noc\" data-lark-html-role=\"root\" data-docx-has-block-data=\"true\">\n<div data-page-id=\"KNzcf2o0oddkJOcztTVcqPdlnth\" data-lark-html-role=\"root\" data-docx-has-block-data=\"false\">\n<div data-page-id=\"LBU7fg5SEdkWhecGJoxca3xvnCe\" data-lark-html-role=\"root\" data-docx-has-block-data=\"false\">\n<div data-page-id=\"EB70fooS3d69bMcgWB7c5qb9n8g\" data-lark-html-role=\"root\" data-docx-has-block-data=\"false\">\n<div data-page-id=\"AogwfsZCadB6t0cAvF0cK4JLnvf\" data-lark-html-role=\"root\" data-docx-has-block-data=\"false\">\n<div data-page-id=\"AogwfsZCadB6t0cAvF0cK4JLnvf\" data-lark-html-role=\"root\" data-docx-has-block-data=\"false\">\n<div data-page-id=\"JMZIflNGddQuU0c5JZocSqlvnle\" data-lark-html-role=\"root\" data-docx-has-block-data=\"false\">\n<div data-page-id=\"JMZIflNGddQuU0c5JZocSqlvnle\" data-lark-html-role=\"root\" data-docx-has-block-data=\"true\">\n<div data-page-id=\"HtEafjjRIdPAlMc9zgYcsGy6nOe\" data-lark-html-role=\"root\" data-docx-has-block-data=\"false\">\n<div data-page-id=\"Rhnafz0WTdDeT9c43xxczsbVnJo\" data-lark-html-role=\"root\" data-docx-has-block-data=\"false\">\n<div data-page-id=\"WY0CfKdcTdf4hVcZl67ct5LGncf\" data-lark-html-role=\"root\" data-docx-has-block-data=\"true\">\n<div data-page-id=\"MkB5fF4AVdchovcoPEpc7LqvnOd\" data-lark-html-role=\"root\" data-docx-has-block-data=\"true\">\n<div data-page-id=\"MfbjfZhbhdJdA8cH1dAckqF0n6g\" data-lark-html-role=\"root\" data-docx-has-block-data=\"false\">\n<div class=\"ace-line ace-line old-record-id-W2AHfJLnjd7ugjcRLs1c8BdhnNh\">\n<div data-page-id=\"MfbjfZhbhdJdA8cH1dAckqF0n6g\" data-lark-html-role=\"root\" data-docx-has-block-data=\"false\">\n<div class=\"old-record-id-XXd1feeCZdR2hJc6evocxnh1nOg\">\n<div data-page-id=\"MfbjfZhbhdJdA8cH1dAckqF0n6g\" data-lark-html-role=\"root\" data-docx-has-block-data=\"false\">\n<div data-page-id=\"DE51fYUmxdT3ekcHzc3cGrVQnsc\" data-lark-html-role=\"root\" data-docx-has-block-data=\"false\">\n<div data-page-id=\"YSKdfaZ08dRej3ci5CccQBuOncc\" data-lark-html-role=\"root\" data-docx-has-block-data=\"true\">\n<div data-page-id=\"K6mofQmledamEFcgp1EcVobmnYd\" data-lark-html-role=\"root\" data-docx-has-block-data=\"false\">\n<div data-page-id=\"VTgsfVLdCd9q1ucYcwRcCM0Hnof\" data-lark-html-role=\"root\" data-docx-has-block-data=\"true\">\n<h2 data-path-to-node=\"0\">Fizzy Nova Plus 40000 Puffs : Le \u201c Coureur de Marathon \u201d Red\u00e9finissant l'Endurance et l'Esth\u00e9tique de la Saveur<\/h2>\n<p data-path-to-node=\"1\">Si les cigarettes \u00e9lectroniques jetables standard sont des sprinters, le <b data-path-to-node=\"1\" data-index-in-node=\"48\">Fizzy Nova Plus 40000 Bouff\u00e9es<\/b> est ind\u00e9niablement le leader du marathon. Il ne se contente pas de fournir simplement une dose de nicotine ; au lieu de cela, il fusionne harmonieusement \u201c l'endurance \u201d avec \u201c le raffinement \u201d gr\u00e2ce \u00e0 une dur\u00e9e de vie de 40000 bouff\u00e9es leader de l'industrie et \u00e0 un commutateur de mode double intelligent.<\/p>\n<p data-path-to-node=\"2\">\u00cates-vous fatigu\u00e9 du cycle sans fin de remplacement des appareils tous les quelques jours ? Ce \u201c monstre de saveur \u201d de nouvelle g\u00e9n\u00e9ration a \u00e9t\u00e9 con\u00e7u sp\u00e9cifiquement pour r\u00e9soudre cette frustration.<\/p>\n<p><img decoding=\"async\" class=\"alignnone wp-image-8369 size-full\" title=\"Fizzy Nova Plus 40K Disposable Vape\" src=\"https:\/\/oiovape.com\/wp-content\/uploads\/2026\/04\/Fizzy-Nova-Plus-40K-Disposable-Vape.jpg\" alt=\"Fizzy Nova Plus 40K Disposable Vape\" width=\"1120\" height=\"698\" srcset=\"https:\/\/oiovape.com\/wp-content\/uploads\/2026\/04\/Fizzy-Nova-Plus-40K-Disposable-Vape.jpg 1120w, https:\/\/oiovape.com\/wp-content\/uploads\/2026\/04\/Fizzy-Nova-Plus-40K-Disposable-Vape-300x187.jpg 300w, https:\/\/oiovape.com\/wp-content\/uploads\/2026\/04\/Fizzy-Nova-Plus-40K-Disposable-Vape-1024x638.jpg 1024w, https:\/\/oiovape.com\/wp-content\/uploads\/2026\/04\/Fizzy-Nova-Plus-40K-Disposable-Vape-768x479.jpg 768w, https:\/\/oiovape.com\/wp-content\/uploads\/2026\/04\/Fizzy-Nova-Plus-40K-Disposable-Vape-18x12.jpg 18w, https:\/\/oiovape.com\/wp-content\/uploads\/2026\/04\/Fizzy-Nova-Plus-40K-Disposable-Vape-150x93.jpg 150w\" sizes=\"(max-width: 1120px) 100vw, 1120px\" \/><\/p>\n<h2 data-path-to-node=\"4\">Mat\u00e9riel Haut de Gamme : Plus qu'une Simple Capacit\u00e9\u2014Un Bond en Performance<\/h2>\n<p data-path-to-node=\"5\">Pour supporter le poids de 40000 bouff\u00e9es, un appareil a besoin de plus qu'un simple grand r\u00e9servoir ; il a besoin de composants internes de qualit\u00e9 professionnelle. Le Fizzy Nova Plus a subi des mises \u00e0 niveau de pr\u00e9cision \u201c chirurgicale \u201d de son architecture.<\/p>\n<h3 data-path-to-node=\"6\">R\u00e9servoir Massif de 40 ml : Faire de l\u201c\u201d Anxi\u00e9t\u00e9 d'Approvisionnement \u00bb une Chose du Pass\u00e9<\/h3>\n<p data-path-to-node=\"7\">Imaginez compresser une bouteille enti\u00e8re de e-liquide premium dans un appareil qui tient dans la paume de votre main. La <b data-path-to-node=\"7\" data-index-in-node=\"111\">40ml<\/b> capacit\u00e9 agit comme un \u201c r\u00e9servoir \u201d d\u00e9di\u00e9 pour votre exp\u00e9rience de vapotage. Que vous soyez en voyage longue distance ou face \u00e0 une semaine de travail sous pression, il reste un compagnon fiable\u2014toujours en ligne, jamais en panne.<\/p>\n<h4 data-path-to-node=\"8\">Technologie de Bobine \u00e0 Maille Double<\/h4>\n<h5 data-path-to-node=\"9\">Le C\u0153ur \u201c Twin-Turbo \u201d de la Vaporisation<\/h5>\n<p data-path-to-node=\"10\">Pourquoi certains appareils perdent-ils leur \u00e2me \u00e0 mi-parcours ? C'est g\u00e9n\u00e9ralement d\u00fb \u00e0 la fatigue de la r\u00e9sistance. Le Fizzy Nova Plus 40K dispose d'un <b data-path-to-node=\"10\" data-index-in-node=\"118\">syst\u00e8me Dual Mesh<\/b>, fonctionnant comme les turbocompresseurs jumeaux d'une voiture de sport haute performance. Il assure un chauffage uniforme et maintient l'ar\u00f4me aussi frais et vibrant \u00e0 la bouff\u00e9e 40000 qu'il l'\u00e9tait \u00e0 la bouff\u00e9e num\u00e9ro un.<\/p>\n<h2 data-path-to-node=\"12\">Interaction Intelligente : Vapotage avec le Contr\u00f4le d'un Cockpit<\/h2>\n<p data-path-to-node=\"13\">La technologie ne devrait pas \u00eatre qu'une coquille ; elle devrait responsabiliser l'utilisateur. Le Fizzy Nova Plus 40000 Puffs remet fermement le volant entre vos mains.<\/p>\n<h3 data-path-to-node=\"14\">Eco vs. Turbo : La Double Personnalit\u00e9 de Votre Tirage<\/h3>\n<p data-path-to-node=\"15\">Votre respiration ressemble-t-elle \u00e0 une pluie d'\u00e9t\u00e9 douce aujourd'hui, ou \u00e0 une temp\u00eate puissante ?<\/p>\n<ul data-path-to-node=\"16\">\n<li>\n<p data-path-to-node=\"16,0,0\"><b data-path-to-node=\"16,0,0\" data-index-in-node=\"0\">Mode \u00c9co<\/b>: C'est votre \u201c majordome \u201d\u2014conservant m\u00e9ticuleusement chaque goutte de e-liquide tout en fournissant un tirage soyeux et d\u00e9licat.<\/p>\n<\/li>\n<li>\n<p data-path-to-node=\"16,1,0\"><b data-path-to-node=\"16,1,0\" data-index-in-node=\"0\">Mode Turbo<\/b>: C'est votre \u201c b\u00eate \u201d. Une fois lib\u00e9r\u00e9e, la production de vapeur explose, offrant un coup de gorge cors\u00e9 qui frappe l'\u00e2me\u2014parfait pour les moments o\u00f9 vous d\u00e9sirez une intensit\u00e9 maximale.<\/p>\n<\/li>\n<\/ul>\n<h4 data-path-to-node=\"17\">\u00c9cran LED Intelligent Pleine Couleur<\/h4>\n<h5 data-path-to-node=\"18\">\u00c9tat en Temps R\u00e9el, Compl\u00e8tement Transparent<\/h5>\n<p data-path-to-node=\"19\">Arr\u00eatez de deviner combien de vie reste dans votre appareil. L'\u00e9cran LED int\u00e9gr\u00e9 agit comme un <b data-path-to-node=\"19\" data-index-in-node=\"102\">tableau de bord num\u00e9rique<\/b>, affichant les niveaux de batterie, l'\u00e9tat du e-liquide et votre mode actuel en un coup d'\u0153il. Ce niveau de transparence apporte une sensation de calme \u00e0 votre plaisir.<\/p>\n<h2 data-path-to-node=\"21\">Libert\u00e9 d'ajustement : Votre respiration, vos r\u00e8gles<\/h2>\n<p data-path-to-node=\"22\">La capacit\u00e9 pulmonaire et la pr\u00e9f\u00e9rence de tirage de chaque personne sont aussi uniques qu'une empreinte digitale. Pourquoi se contenter d'un flux d'air \u201c taille unique \u201d ?<\/p>\n<h3 data-path-to-node=\"23\">Ajustement du flux d'air de style engrenage<\/h3>\n<p data-path-to-node=\"24\">En utilisant l' <b data-path-to-node=\"24\" data-index-in-node=\"10\">engrenage d'ajustement inf\u00e9rieur<\/b>, vous pouvez affiner l'admission d'air avec une pr\u00e9cision m\u00e9canique.<\/p>\n<ul data-path-to-node=\"25\">\n<li>\n<p data-path-to-node=\"25,0,0\"><b data-path-to-node=\"25,0,0\" data-index-in-node=\"0\">Pr\u00e9f\u00e9rez un tirage MTL (Mouth-to-Lung) serr\u00e9 ?<\/b> Fermez l'engrenage pour sentir l'essence concentr\u00e9e de l'ar\u00f4me.<\/p>\n<\/li>\n<li>\n<p data-path-to-node=\"25,1,0\"><b data-path-to-node=\"25,1,0\" data-index-in-node=\"0\">Envie de gros nuages DL (Direct-Lung) ?<\/b> Ouvrez-le grand et laissez la vapeur s'\u00e9lever librement.<\/p>\n<\/li>\n<\/ul>\n<h2 data-path-to-node=\"27\">12 saveurs \u201c Signature \u201d : Une exp\u00e9dition mondiale pour vos papilles gustatives<\/h2>\n<p data-path-to-node=\"28\">Les aromaticiens de Fizzy travaillent comme des ma\u00eetres mixologues, cr\u00e9ant des combinaisons novatrices de fruits naturels et de sensations glac\u00e9es :<\/p>\n<ul data-path-to-node=\"29\">\n<li>\n<p data-path-to-node=\"29,0,0\"><b data-path-to-node=\"29,0,0\" data-index-in-node=\"0\">Myrtille Noix de Coco<\/b>: Un briseur de convention. L'acidit\u00e9 l\u00e9g\u00e8re de la myrtille danse avec la richesse cr\u00e9meuse du lait de coco, comme un apr\u00e8s-midi ensoleill\u00e9 sur une plage tropicale.<\/p>\n<\/li>\n<li>\n<p data-path-to-node=\"29,1,0\"><b data-path-to-node=\"29,1,0\" data-index-in-node=\"0\">Fraise Kiwi<\/b>: Une collision classique. La douceur de la fraise ne peut pas cacher la sauvagerie du kiwi ; le ratio acide-sucr\u00e9 est pur \u201c Nombre d'Or \u201d.\u201d<\/p>\n<\/li>\n<li>\n<p data-path-to-node=\"29,2,0\"><b data-path-to-node=\"29,2,0\" data-index-in-node=\"0\">Raisin Citron Vert<\/b>: La profondeur violette rencontre l'agilit\u00e9 verte. Les notes de raisin fonc\u00e9 sont perc\u00e9es par le zeste et l'amertume l\u00e9g\u00e8re du citron vert, cr\u00e9ant un profil sophistiqu\u00e9 et multicouche.<\/p>\n<\/li>\n<li>\n<p data-path-to-node=\"29,3,0\"><b data-path-to-node=\"29,3,0\" data-index-in-node=\"0\">Limonade de framboise bleue<\/b>: Imite le frisson des bulles qui \u00e9clatent dans votre bouche. L'acidit\u00e9 m\u00e9lang\u00e9e de la framboise bleue explose sur le fond croustillant de la limonade classique.<\/p>\n<\/li>\n<\/ul>\n<h2 data-path-to-node=\"31\">Sp\u00e9cifications de base en un coup d'\u0153il<\/h2>\n<table data-path-to-node=\"32\">\n<thead>\n<tr>\n<td><strong>Fonctionnalit\u00e9<\/strong><\/td>\n<td><strong>Sp\u00e9cification Technique<\/strong><\/td>\n<\/tr>\n<\/thead>\n<tbody>\n<tr>\n<td><span data-path-to-node=\"32,1,0,0\"><b data-path-to-node=\"32,1,0,0\" data-index-in-node=\"0\">Compte de bouff\u00e9es<\/b><\/span><\/td>\n<td><span data-path-to-node=\"32,1,1,0\">40000 Bouff\u00e9es<\/span><\/td>\n<\/tr>\n<tr>\n<td><span data-path-to-node=\"32,2,0,0\"><b data-path-to-node=\"32,2,0,0\" data-index-in-node=\"0\">\u00c9l\u00e9ment chauffant<\/b><\/span><\/td>\n<td><span data-path-to-node=\"32,2,1,0\">R\u00e9sistance Double Mesh<\/span><\/td>\n<\/tr>\n<tr>\n<td><span data-path-to-node=\"32,3,0,0\"><b data-path-to-node=\"32,3,0,0\" data-index-in-node=\"0\">Capacit\u00e9 de E-liquide<\/b><\/span><\/td>\n<td><span data-path-to-node=\"32,3,1,0\">40ml<\/span><\/td>\n<\/tr>\n<tr>\n<td><span data-path-to-node=\"32,4,0,0\"><b data-path-to-node=\"32,4,0,0\" data-index-in-node=\"0\">Capacit\u00e9 de la Batterie<\/b><\/span><\/td>\n<td><span data-path-to-node=\"32,4,1,0\">850mAh (Con\u00e7u pour le long terme)<\/span><\/td>\n<\/tr>\n<tr>\n<td><span data-path-to-node=\"32,5,0,0\"><b data-path-to-node=\"32,5,0,0\" data-index-in-node=\"0\">Force de nicotine<\/b><\/span><\/td>\n<td><span data-path-to-node=\"32,5,1,0\">2% \/ 5% Optionnel<\/span><\/td>\n<\/tr>\n<tr>\n<td><span data-path-to-node=\"32,6,0,0\"><b data-path-to-node=\"32,6,0,0\" data-index-in-node=\"0\">Port de Charge<\/b><\/span><\/td>\n<td><span data-path-to-node=\"32,6,1,0\">Charge rapide USB Type-C<\/span><\/td>\n<\/tr>\n<\/tbody>\n<\/table>\n<h2 data-path-to-node=\"34\">Questions fr\u00e9quemment pos\u00e9es (Q&amp;A) \u2013 Fizzy Nova Plus 40000 Puffs<\/h2>\n<h4 data-path-to-node=\"35\">1. Avec un nombre de bouff\u00e9es aussi \u00e9lev\u00e9, la batterie abandonnera-t-elle en premier ?<\/h4>\n<p data-path-to-node=\"36\">Absolument pas. Le <b data-path-to-node=\"36\" data-index-in-node=\"20\">batterie de 850mAh<\/b> associ\u00e9 \u00e0 <b data-path-to-node=\"36\" data-index-in-node=\"47\">Charge rapide Type-C<\/b> signifie que m\u00eame les utilisateurs intensifs peuvent \u201c ressusciter \u201d l'appareil avec un arr\u00eat rapide au chargeur. C'est un coureur de marathon avec sa propre station d'approvisionnement infinie.<\/p>\n<h4 data-path-to-node=\"37\">2. Quel est le plus grand changement apport\u00e9 par Dual Mesh ?<\/h4>\n<p data-path-to-node=\"38\">En bref : <b data-path-to-node=\"38\" data-index-in-node=\"10\">Pas de coups br\u00fbl\u00e9s, pas de perte de saveur.<\/b> Les bobines doubles partagent la charge thermique, prolongeant consid\u00e9rablement la \u201c p\u00e9riode de fra\u00eecheur \u201d de la saveur. La derni\u00e8re bouff\u00e9e est aussi vivide que la premi\u00e8re.<\/p>\n<h4 data-path-to-node=\"39\">3. Comment savoir dans quel mode je me trouve actuellement ?<\/h4>\n<p data-path-to-node=\"40\">L'\u00e9cran intelligent fournit un retour visuel clair. Lorsque vous basculez vers <b data-path-to-node=\"40\" data-index-in-node=\"68\">Turbo<\/b>, les ic\u00f4nes se transforment, et vous sentirez imm\u00e9diatement la puissance explosive accrue et la densit\u00e9 de la vapeur.<\/p>\n<\/div>\n<\/div>\n<\/div>\n<\/div>\n<\/div>\n<\/div>\n<\/div>\n<\/div>\n<\/div>\n<\/div>\n<\/div>\n<\/div>\n<\/div>\n<\/div>\n<\/div>\n<\/div>\n<\/div>\n<\/div>\n<\/div>\n<\/div>\n<\/div>\n<\/div>\n<\/div>\n<\/div>\n<\/div>\n<\/div>\n<\/div>\n<\/div>\n<\/div>\n<\/div>\n<\/div>\n<\/div>\n<\/div>\n<\/div>\n<\/div>\n<\/div>\n<\/div>\n<\/div>\n<\/div>\n<\/div>\n<\/div>\n<\/div>\n<\/div>\n<\/div>\n<\/div>\n<\/div>\n<\/div>\n<\/div>\n<\/div>\n<\/div>\n<\/div>\n<\/div>\n<\/div>\n<\/div>\n<\/div>\n<\/div>\n<\/div>\n<\/div>\n<\/div>\n<\/div>\n<\/div>\n<\/div>\n<\/div>\n<\/div>\n<\/div>\n<\/div>\n<\/div>\n<\/div>\n<\/div>","protected":false},"excerpt":{"rendered":"<div data-page-id=\"RAopf2sw9dtvw4cWYXpcTwo0n8g\" data-lark-html-role=\"root\" data-docx-has-block-data=\"false\">\n<div class=\"ace-line ace-line old-record-id-Uju9f3RXYd8dh2crAJbcBF3Un6M\">Fizzy Nova Plus 40000 Puffs propose 12 saveurs fruit\u00e9es et glac\u00e9es \u00e9labor\u00e9es, une capacit\u00e9 de e-liquide de 40 ml et une batterie rechargeable Type-C de 850 mAh. Il dispose d'une r\u00e9sistance en mesh, d'un r\u00e9glage du mode\/de l'airflow et d'un affichage LED, avec des options de nicotine 2%\/5%. Un vape jetable durable et ajustable pour toutes les pr\u00e9f\u00e9rences des vapoteurs.<\/div>\n<\/div>","protected":false},"featured_media":5928,"comment_status":"open","ping_status":"closed","template":"","meta":{"_acf_changed":false,"inline_featured_image":false,"_sitemap_exclude":false,"_sitemap_priority":"","_sitemap_frequency":""},"product_brand":[297],"product_cat":[298,239,244,229],"product_tag":[],"class_list":{"0":"post-5924","1":"product","2":"type-product","3":"status-publish","4":"has-post-thumbnail","6":"product_brand-fizzy","7":"product_cat-fizzy-puff","8":"product_cat-disposable-vape-collection","9":"product_cat-40k-puff","10":"product_cat-ship-from-german","12":"first","13":"instock","14":"sale","15":"shipping-taxable","16":"purchasable","17":"product-type-variable","18":"has-default-attributes"},"acf":[],"tiered_pricing_type":"fixed","tiered_pricing_fixed_rules":{"30":9.98,"60":8.86,"100":8.27,"200":7.73},"tiered_pricing_product_settings":{"layout":"default","base_unit_name":{"singular":null,"plural":null},"default_variation":null},"tiered_pricing_minimum_quantity":null,"tiered_pricing_roles_data":[],"tiered_pricing_percentage_rules":[],"tiered_pricing_maximum_quantity":null,"tiered_pricing_quantity_step":"10","_links":{"self":[{"href":"https:\/\/oiovape.com\/fr\/wp-json\/wp\/v2\/product\/5924","targetHints":{"allow":["GET"]}}],"collection":[{"href":"https:\/\/oiovape.com\/fr\/wp-json\/wp\/v2\/product"}],"about":[{"href":"https:\/\/oiovape.com\/fr\/wp-json\/wp\/v2\/types\/product"}],"replies":[{"embeddable":true,"href":"https:\/\/oiovape.com\/fr\/wp-json\/wp\/v2\/comments?post=5924"}],"version-history":[{"count":1,"href":"https:\/\/oiovape.com\/fr\/wp-json\/wp\/v2\/product\/5924\/revisions"}],"predecessor-version":[{"id":5938,"href":"https:\/\/oiovape.com\/fr\/wp-json\/wp\/v2\/product\/5924\/revisions\/5938"}],"wp:featuredmedia":[{"embeddable":true,"href":"https:\/\/oiovape.com\/fr\/wp-json\/wp\/v2\/media\/5928"}],"wp:attachment":[{"href":"https:\/\/oiovape.com\/fr\/wp-json\/wp\/v2\/media?parent=5924"}],"wp:term":[{"taxonomy":"product_brand","embeddable":true,"href":"https:\/\/oiovape.com\/fr\/wp-json\/wp\/v2\/product_brand?post=5924"},{"taxonomy":"product_cat","embeddable":true,"href":"https:\/\/oiovape.com\/fr\/wp-json\/wp\/v2\/product_cat?post=5924"},{"taxonomy":"product_tag","embeddable":true,"href":"https:\/\/oiovape.com\/fr\/wp-json\/wp\/v2\/product_tag?post=5924"}],"curies":[{"name":"wp","href":"https:\/\/api.w.org\/{rel}","templated":true}]}}