{"id":5939,"date":"2026-01-23T11:13:20","date_gmt":"2026-01-23T03:13:20","guid":{"rendered":"https:\/\/oiovape.com\/?post_type=product&#038;p=5939"},"modified":"2026-04-15T17:38:18","modified_gmt":"2026-04-15T09:38:18","slug":"fizzy-twins-50000-puffs","status":"publish","type":"product","link":"https:\/\/oiovape.com\/fr\/product\/fizzy-twins-50000-puffs\/","title":{"rendered":"Fizzy Twins 50000 TIRAGES 2 en 1 Saveur Affichage LED Batterie rechargeable de 850mAh Stylo vape jetable"},"content":{"rendered":"<div data-page-id=\"ZVeMfq8uxd7y1ycuKm5cym4LnYd\" data-lark-html-role=\"root\" data-docx-has-block-data=\"false\">\n<div data-page-id=\"Fd41fZ5N9dzRQtcRNoVc2FuDnCh\" data-lark-html-role=\"root\" data-docx-has-block-data=\"true\">\n<div data-page-id=\"BdIJfeeijdk1eucGpS8cDCBBn5c\" data-lark-html-role=\"root\" data-docx-has-block-data=\"false\">\n<div data-page-id=\"Zbg9fWx77dUuh2cIYpic25c8nyd\" data-lark-html-role=\"root\" data-docx-has-block-data=\"false\">\n<div data-page-id=\"KaIvfiurhdlCKdc0kyxcX64cnE6\" data-lark-html-role=\"root\" data-docx-has-block-data=\"true\">\n<div data-page-id=\"PbvFfqxqlddUTScRpEYcY5MHnpf\" data-lark-html-role=\"root\" data-docx-has-block-data=\"true\">\n<div data-page-id=\"GZO2f5JeudwY4jc9iJtcdk9Hnxh\" data-lark-html-role=\"root\" data-docx-has-block-data=\"false\">\n<div data-page-id=\"EZVRf2acFduXLGcseZFc4qH2n6e\" data-lark-html-role=\"root\" data-docx-has-block-data=\"false\">\n<div data-page-id=\"B8rHfcqlqdzmH5cCWCncz17Cntb\" data-lark-html-role=\"root\" data-docx-has-block-data=\"false\">\n<div data-page-id=\"B8rHfcqlqdzmH5cCWCncz17Cntb\" data-lark-html-role=\"root\" data-docx-has-block-data=\"false\">\n<div data-page-id=\"B8rHfcqlqdzmH5cCWCncz17Cntb\" data-lark-html-role=\"root\" data-docx-has-block-data=\"true\">\n<div data-page-id=\"HM70f1aoxdD0bMcxJZBcVc7ynZd\" data-lark-html-role=\"root\" data-docx-has-block-data=\"false\">\n<div data-page-id=\"NSrJfN7Ord22i0c1iwZcsF8yn8b\" data-lark-html-role=\"root\" data-docx-has-block-data=\"false\">\n<div data-page-id=\"RXEff4Mskds8o1cqL5HcGEtUnCh\" data-lark-html-role=\"root\" data-docx-has-block-data=\"false\">\n<div data-page-id=\"KJ7gfqkVndMSRJcMseScmvYwnTc\" data-lark-html-role=\"root\" data-docx-has-block-data=\"false\">\n<div class=\"ace-line ace-line old-record-id-QADAfETPudgmudc05YvcTO5fnxe\">\n<div data-page-id=\"KJ7gfqkVndMSRJcMseScmvYwnTc\" data-lark-html-role=\"root\" data-docx-has-block-data=\"false\">\n<div class=\"ace-line ace-line old-record-id-JoRkfpho8dOkiacEOascDyCOncb\">\n<div data-page-id=\"KJ7gfqkVndMSRJcMseScmvYwnTc\" data-lark-html-role=\"root\" data-docx-has-block-data=\"false\">\n<div data-page-id=\"Ju6ofQ3V4dGmePcVvJvc1gmcnZb\" data-lark-html-role=\"root\" data-docx-has-block-data=\"true\">\n<div data-page-id=\"PR9ife5PLdFabccbFgZcWgZOnTc\" data-lark-html-role=\"root\" data-docx-has-block-data=\"false\">\n<div data-page-id=\"INdrfOIGzdaenXcptrcc1BcznQc\" data-lark-html-role=\"root\" data-docx-has-block-data=\"false\">\n<div class=\"ace-line ace-line old-record-id-P0fIf4YaZdoGkbcxt5ackec2nnb\">\n<div data-page-id=\"INdrfOIGzdaenXcptrcc1BcznQc\" data-lark-html-role=\"root\" data-docx-has-block-data=\"false\">\n<div data-page-id=\"MAzCfUB73dMTQscm8eWcougVn1g\" data-lark-html-role=\"root\" data-docx-has-block-data=\"true\">\n<div data-page-id=\"AXfpf7H1odhDvGcKoUOcErN8nV7\" data-lark-html-role=\"root\" data-docx-has-block-data=\"false\">\n<div data-page-id=\"QYTKf5PvLdUNdbce2nBcW9yfnrh\" data-lark-html-role=\"root\" data-docx-has-block-data=\"false\">\n<div data-page-id=\"Pvu1f1CCBdxbjncA9pgcBTpanph\" data-lark-html-role=\"root\" data-docx-has-block-data=\"true\">\n<div data-page-id=\"Axf3fcmY8dDAhtcjVircBcphnPc\" data-lark-html-role=\"root\" data-docx-has-block-data=\"false\">\n<div data-page-id=\"KKj1f9SPmdLhhMc5E2AcNlLen6f\" data-lark-html-role=\"root\" data-docx-has-block-data=\"true\">\n<div data-page-id=\"Rx61fK1sJdXHjPcBuhZcweNhnwc\" data-lark-html-role=\"root\" data-docx-has-block-data=\"false\">\n<div data-page-id=\"L1H9fkG9Mdz45Fcy4WMc5VKXnRe\" data-lark-html-role=\"root\" data-docx-has-block-data=\"false\">\n<div data-page-id=\"L1H9fkG9Mdz45Fcy4WMc5VKXnRe\" data-lark-html-role=\"root\" data-docx-has-block-data=\"false\">\n<div data-page-id=\"D4XLfVBVrdE8mrcaYizczklLnaf\" data-lark-html-role=\"root\" data-docx-has-block-data=\"false\">\n<div data-page-id=\"WVcifIY44d5mhMcXtyEcTsfenGd\" data-lark-html-role=\"root\" data-docx-has-block-data=\"true\">\n<div data-page-id=\"LRknfa6Whd4DWCcUc0FcNKpJnyh\" data-lark-html-role=\"root\" data-docx-has-block-data=\"false\">\n<div data-page-id=\"LRknfa6Whd4DWCcUc0FcNKpJnyh\" data-lark-html-role=\"root\" data-docx-has-block-data=\"false\">\n<div data-page-id=\"XFRAfkcOEdRWh8cArQ2cJdyRnJf\" data-lark-html-role=\"root\" data-docx-has-block-data=\"true\">\n<div data-page-id=\"OQ3bfjnRddMTDGcC3ouc6xFKnWf\" data-lark-html-role=\"root\" data-docx-has-block-data=\"true\">\n<div data-page-id=\"J0iGfj1hEdjc4rcUdSmc4spMnmZ\" data-lark-html-role=\"root\" data-docx-has-block-data=\"false\">\n<div data-page-id=\"P1o7fFyNlduP8tcfZpQcagzbnIf\" data-lark-html-role=\"root\" data-docx-has-block-data=\"false\">\n<div class=\"ace-line ace-line old-record-id-P1o7fFyNlduP8tcfZpQcagzbnIf\">\n<div data-page-id=\"P1o7fFyNlduP8tcfZpQcagzbnIf\" data-lark-html-role=\"root\" data-docx-has-block-data=\"false\">\n<div data-page-id=\"U4iufW38SdttWKcTstMcTtHRnXc\" data-lark-html-role=\"root\" data-docx-has-block-data=\"true\">\n<div data-page-id=\"ONVMf7VTWddcFtcyATOchCJHnZb\" data-lark-html-role=\"root\" data-docx-has-block-data=\"true\">\n<div data-page-id=\"KoW2fSy0PdLHFlc5kSHcgvWMnYg\" data-lark-html-role=\"root\" data-docx-has-block-data=\"false\">\n<div data-page-id=\"KoW2fSy0PdLHFlc5kSHcgvWMnYg\" data-lark-html-role=\"root\" data-docx-has-block-data=\"false\">\n<div data-page-id=\"OLGhfzxC7d7EFIcLEj9cRT5ynZf\" data-lark-html-role=\"root\" data-docx-has-block-data=\"false\">\n<div data-page-id=\"DdnnfrLjzdqrFIc9Il9c7pA2noc\" data-lark-html-role=\"root\" data-docx-has-block-data=\"true\">\n<div data-page-id=\"KNzcf2o0oddkJOcztTVcqPdlnth\" data-lark-html-role=\"root\" data-docx-has-block-data=\"false\">\n<div data-page-id=\"LBU7fg5SEdkWhecGJoxca3xvnCe\" data-lark-html-role=\"root\" data-docx-has-block-data=\"false\">\n<div data-page-id=\"EB70fooS3d69bMcgWB7c5qb9n8g\" data-lark-html-role=\"root\" data-docx-has-block-data=\"false\">\n<div data-page-id=\"AogwfsZCadB6t0cAvF0cK4JLnvf\" data-lark-html-role=\"root\" data-docx-has-block-data=\"false\">\n<div data-page-id=\"AogwfsZCadB6t0cAvF0cK4JLnvf\" data-lark-html-role=\"root\" data-docx-has-block-data=\"false\">\n<div data-page-id=\"JMZIflNGddQuU0c5JZocSqlvnle\" data-lark-html-role=\"root\" data-docx-has-block-data=\"false\">\n<div data-page-id=\"JMZIflNGddQuU0c5JZocSqlvnle\" data-lark-html-role=\"root\" data-docx-has-block-data=\"true\">\n<div data-page-id=\"HtEafjjRIdPAlMc9zgYcsGy6nOe\" data-lark-html-role=\"root\" data-docx-has-block-data=\"false\">\n<div data-page-id=\"Rhnafz0WTdDeT9c43xxczsbVnJo\" data-lark-html-role=\"root\" data-docx-has-block-data=\"false\">\n<div data-page-id=\"WY0CfKdcTdf4hVcZl67ct5LGncf\" data-lark-html-role=\"root\" data-docx-has-block-data=\"true\">\n<div data-page-id=\"MkB5fF4AVdchovcoPEpc7LqvnOd\" data-lark-html-role=\"root\" data-docx-has-block-data=\"true\">\n<div data-page-id=\"MfbjfZhbhdJdA8cH1dAckqF0n6g\" data-lark-html-role=\"root\" data-docx-has-block-data=\"false\">\n<div class=\"ace-line ace-line old-record-id-W2AHfJLnjd7ugjcRLs1c8BdhnNh\">\n<div data-page-id=\"MfbjfZhbhdJdA8cH1dAckqF0n6g\" data-lark-html-role=\"root\" data-docx-has-block-data=\"false\">\n<div class=\"old-record-id-XXd1feeCZdR2hJc6evocxnh1nOg\">\n<div data-page-id=\"MfbjfZhbhdJdA8cH1dAckqF0n6g\" data-lark-html-role=\"root\" data-docx-has-block-data=\"false\">\n<div data-page-id=\"DE51fYUmxdT3ekcHzc3cGrVQnsc\" data-lark-html-role=\"root\" data-docx-has-block-data=\"false\">\n<div data-page-id=\"YSKdfaZ08dRej3ci5CccQBuOncc\" data-lark-html-role=\"root\" data-docx-has-block-data=\"true\">\n<div data-page-id=\"K6mofQmledamEFcgp1EcVobmnYd\" data-lark-html-role=\"root\" data-docx-has-block-data=\"false\">\n<div data-page-id=\"VTgsfVLdCd9q1ucYcwRcCM0Hnof\" data-lark-html-role=\"root\" data-docx-has-block-data=\"true\">\n<div data-page-id=\"WucKfzp8RdNy8rcMJHncz4Knnac\" data-lark-html-role=\"root\" data-docx-has-block-data=\"true\">\n<h2 data-path-to-node=\"0\">Qui dit que vous devez \u00eatre monogame avec vos saveurs ?<\/h2>\n<h3 data-path-to-node=\"1\">Fizzy Twins 50000 Puffs : Entrer dans l'\u00e8re de la \u201c Fission de Saveur \u201d<\/h3>\n<p data-path-to-node=\"2\">Quand vous h\u00e9sitez encore sur la saveur \u00e0 choisir pour votre prochaine cigarette \u00e9lectronique, <b data-path-to-node=\"2\" data-index-in-node=\"83\">Fizzy Twins 50000<\/b> <strong>Bouff\u00e9es<\/strong> a d\u00e9j\u00e0 r\u00e9solu le dilemme. Pourquoi enfermer votre palais dans la monotonie d'un seul profil ? Ce n'est pas juste une cigarette \u00e9lectronique jetable ; c'est votre station de mixologie portable, permettant \u00e0 vos papilles gustatives de sauter entre deux festins sensoriels distincts. C'est l\u201c\u201d alter ego \u00bb du vapotage qui comprend vraiment vos humeurs changeantes.<\/p>\n<div style=\"width: 1920px;\" class=\"wp-video\"><video class=\"wp-video-shortcode\" id=\"video-5939-1\" width=\"1920\" height=\"1080\" preload=\"metadata\" controls=\"controls\"><source type=\"video\/mp4\" src=\"https:\/\/oiovape.com\/wp-content\/uploads\/2026\/04\/Fizzy-Twins-50K-Video.mp4?_=1\" \/><a href=\"https:\/\/oiovape.com\/wp-content\/uploads\/2026\/04\/Fizzy-Twins-50K-Video.mp4\">https:\/\/oiovape.com\/wp-content\/uploads\/2026\/04\/Fizzy-Twins-50K-Video.mp4<\/a><\/video><\/div>\n<h2 data-path-to-node=\"4\">\ud83c\udfd7\ufe0f Ambition Mat\u00e9rielle : Un \u201c Marathon du Go\u00fbt \u201d de 50 Kilom\u00e8tres\u201d<\/h2>\n<p data-path-to-node=\"5\">La naissance de cet appareil ressemble \u00e0 un d\u00e9fi aux limites m\u00eames de la long\u00e9vit\u00e9 jetable. <b data-path-to-node=\"5\" data-index-in-node=\"92\">50000 bouff\u00e9es<\/b> n'est pas juste une statistique ; cela signifie que ce que vous tenez n'est plus un produit de consommation \u00e9ph\u00e9m\u00e8re, mais un compagnon de longue dur\u00e9e qui restera avec vous pendant des semaines, voire des mois.<\/p>\n<h3 data-path-to-node=\"6\">\ud83d\udca7 Architecture Dual-Tank : Territoires Souverains de Saveur<\/h3>\n<p data-path-to-node=\"7\">\u00c0 l'int\u00e9rieur du Fizzy Twins se trouvent deux <b data-path-to-node=\"7\" data-index-in-node=\"54\">25ml<\/b> r\u00e9servoirs compl\u00e8tement ind\u00e9pendants. Imaginez avoir la fra\u00eecheur cristalline d'une matin\u00e9e de printemps dans votre main gauche et l'intensit\u00e9 riche d'une indulgence de minuit dans votre main droite. D'un simple clic, vous vous t\u00e9l\u00e9portez entre deux \u00e2mes enti\u00e8rement diff\u00e9rentes.<\/p>\n<h4 data-path-to-node=\"8\">1. La Capacit\u00e9 \u201c Camion-Citerne \u201d de 50ml<\/h4>\n<p data-path-to-node=\"9\">Avec un total stup\u00e9fiant de <b data-path-to-node=\"9\" data-index-in-node=\"27\">50ml<\/b> e-liquide, c'est effectivement le \u201c camion-citerne \u201d du monde du vapotage. Cela \u00e9limine compl\u00e8tement \u201c l'anxi\u00e9t\u00e9 de remplissage \u201d, garantissant que chaque bouff\u00e9e est aussi g\u00e9n\u00e9reuse et sinc\u00e8re que la premi\u00e8re.<\/p>\n<h4 data-path-to-node=\"10\">2. Technologie Bobine Mesh : Sculpture de Pr\u00e9cision de Chaque Nuage<\/h4>\n<p data-path-to-node=\"11\">\u00c9quip\u00e9 de Bobines Mesh doubles, cette technologie agit comme une armure de pr\u00e9cision pour votre e-liquide. En chauffant le liquide avec une uniformit\u00e9 chirurgicale, elle garantit que de la bouff\u00e9e #1 \u00e0 la bouff\u00e9e #50,000, la saveur reste vibrante\u2014ne succombant jamais \u00e0 ce go\u00fbt br\u00fbl\u00e9 frustrant \u00e0 mesure que le jus s'\u00e9puise.<\/p>\n<h2 data-path-to-node=\"13\">\ud83c\udfae Le Fantasme au Bout des Doigts du Contr\u00f4leur : Personnalisation Approfondie<\/h2>\n<p data-path-to-node=\"14\">\u00c0 quoi sert la technologie si vous ne pouvez pas la commander ? Le Fizzy Twins 50000 Puffs Dual Flavors Cigarette \u00c9lectronique Jetable vous accorde une souverainet\u00e9 totale sur votre exp\u00e9rience, transformant chaque bouff\u00e9e en un rituel semblable \u00e0 la conduite d'une supervoiture haute performance.<\/p>\n<h3 data-path-to-node=\"15\">\ud83c\udfce\ufe0f Modes de Puissance : D'une \u201c Promenade Douce \u201d \u00e0 un \u201c Sprint Sauvage \u201d<\/h3>\n<p data-path-to-node=\"16\">Cet appareil dispose d'un <b data-path-to-node=\"16\" data-index-in-node=\"35\">Changement 2-Mode<\/b>. int\u00e9gr\u00e9. Vous sentez que la vapeur a besoin de plus de \u201c mordant \u201d ? Passez \u00e0 <b data-path-to-node=\"16\" data-index-in-node=\"103\">Mode Boost<\/b> pour lib\u00e9rer le plein potentiel de l'\u00e9l\u00e9ment chauffant, doublant instantan\u00e9ment la densit\u00e9 des nuages et l'impact de la saveur.<\/p>\n<h4 data-path-to-node=\"17\">\ud83c\udf9a\ufe0f Contr\u00f4le du Flux d'Air Ind\u00e9pendant<\/h4>\n<p data-path-to-node=\"18\">Les curseurs \u00e0 la base ne sont pas juste pour la d\u00e9coration. Vous r\u00eavez d'une aspiration serr\u00e9e et restrictive (MTL) qui imite une cigarette traditionnelle ? Ou pr\u00e9f\u00e9rez-vous ouvrir grand les portes pour une exp\u00e9rience nuageuse DTL (Direct-to-Lung) ? Faites glisser le curseur, et le rythme de l'air est \u00e0 votre commande.<\/p>\n<h3 data-path-to-node=\"19\">\ud83d\udcca Cockpit LED Intelligent : Plus de Vaping \u201c\u00c0 l'Estime\u201d<\/h3>\n<p data-path-to-node=\"20\">L'avant du ch\u00e2ssis dispose d'un \u00e9cran LED haute d\u00e9finition. Le vaping n'est plus un jeu de devinettes. Votre <b data-path-to-node=\"20\" data-index-in-node=\"106\">pourcentage de batterie actuel<\/b>, <b data-path-to-node=\"20\" data-index-in-node=\"126\">saveur active<\/b>, <b data-path-to-node=\"20\" data-index-in-node=\"141\">mode de puissance<\/b>, et m\u00eame la dur\u00e9e de vie restante sont pr\u00e9sent\u00e9s en d\u00e9tail num\u00e9rique clair.<\/p>\n<h5 data-path-to-node=\"21\">\ud83d\udd0b Le \u201cC\u0153ur\u201d 850mAh avec R\u00e9cup\u00e9ration Rapide Type-C<\/h5>\n<p data-path-to-node=\"22\">Aliment\u00e9 par une batterie au <b data-path-to-node=\"22\" data-index-in-node=\"27\">850mAh<\/b> lithium haute capacit\u00e9 et un port Type-C courant, m\u00eame si vous \u00eates \u00e0 sec, vous pouvez r\u00e9aliser une \u201cr\u00e9surrection pleine de vie\u201d dans le temps qu'il faut pour d\u00e9jeuner.<\/p>\n<h2 data-path-to-node=\"24\">\ud83c\udf79 12 Exp\u00e9riences en \u201cConflit et Fusion\u201d \u2013 Fizzy Twins 50000 Bouff\u00e9es<\/h2>\n<p data-path-to-node=\"25\">Nous avons s\u00e9lectionn\u00e9 12 appairements de saveurs doubles, chacun un duo soigneusement chor\u00e9graphi\u00e9 pour vos sens.<\/p>\n<ol start=\"1\" data-path-to-node=\"26\">\n<li>\n<p data-path-to-node=\"26,0,0\"><b data-path-to-node=\"26,0,0\" data-index-in-node=\"0\">Glace de past\u00e8que &amp; Kiwi fraise<\/b> \u2013 Le croustillant frais de la past\u00e8que gel\u00e9e rencontre la frappe aigre-douce de la fraise-kiwi.<\/p>\n<\/li>\n<li>\n<p data-path-to-node=\"26,1,0\"><b data-path-to-node=\"26,1,0\" data-index-in-node=\"0\">Kiwi fraise Grenade &amp; Red Bull<\/b> \u2013 Un trio de fruits rencontre une r\u00e9action chimique avec le coup \u00e9nerg\u00e9tique embl\u00e9matique.<\/p>\n<\/li>\n<li>\n<p data-path-to-node=\"26,2,0\"><b data-path-to-node=\"26,2,0\" data-index-in-node=\"0\">Myrtille noix de coco &amp; Glace de raisin<\/b> \u2013 La noix de coco myrtille cr\u00e9meuse bascule sans effort dans un monde raisin gel\u00e9 et lin\u00e9aire.<\/p>\n<\/li>\n<li>\n<p data-path-to-node=\"26,3,0\"><b data-path-to-node=\"26,3,0\" data-index-in-node=\"0\">Limonade bleu framboise &amp; Triple melon<\/b> \u2013 La saveur acidul\u00e9e de la limonade aux framboises bleues entrelac\u00e9e avec une m\u00e9lodie miel-triple-melon.<\/p>\n<\/li>\n<li>\n<p data-path-to-node=\"26,4,0\"><b data-path-to-node=\"26,4,0\" data-index-in-node=\"0\">Past\u00e8que fraise &amp; Glace de myrtille<\/b> \u2013 Une romance rose classique rencontre une toundra gel\u00e9e bleu profond.<\/p>\n<\/li>\n<li>\n<p data-path-to-node=\"26,5,0\"><b data-path-to-node=\"26,5,0\" data-index-in-node=\"0\">Past\u00e8que mangue p\u00eache &amp; Fraise banane<\/b> \u2013 Une temp\u00eate tropicale fusionn\u00e9e avec la texture soyeuse et cr\u00e9meuse de la fraise-banane.<\/p>\n<\/li>\n<li>\n<p data-path-to-node=\"26,6,0\"><b data-path-to-node=\"26,6,0\" data-index-in-node=\"0\">Past\u00e8que framboise &amp; Kiwi fruit de la passion goyave<\/b> \u2013 L'\u00e9nergie des baies sauvages face \u00e0 la royaut\u00e9 tropicale exotique.<\/p>\n<\/li>\n<li>\n<p data-path-to-node=\"26,7,0\"><b data-path-to-node=\"26,7,0\" data-index-in-node=\"0\">Ananas p\u00eache fruit de la passion &amp; Myrtille framboise<\/b> \u2013 Les fruits dor\u00e9s baign\u00e9s de soleil regardant \u00e0 travers les tr\u00e9sors de la for\u00eat violette.<\/p>\n<\/li>\n<li>\n<p data-path-to-node=\"26,8,0\"><b data-path-to-node=\"26,8,0\" data-index-in-node=\"0\">Glace de past\u00e8que &amp; citron vert<\/b> \u2013 Pure past\u00e8que gel\u00e9e associ\u00e9e \u00e0 un appel de r\u00e9veil citron-citron vert zest\u00e9.<\/p>\n<\/li>\n<li>\n<p data-path-to-node=\"26,9,0\"><b data-path-to-node=\"26,9,0\" data-index-in-node=\"0\">Baies m\u00e9lang\u00e9es &amp; Glace de p\u00eache<\/b> \u2013 Un carnaval de baies sauvages s'\u00e9panouissant sous une couche de p\u00eache sucr\u00e9e et glac\u00e9e.<\/p>\n<\/li>\n<li>\n<p data-path-to-node=\"26,10,0\"><b data-path-to-node=\"26,10,0\" data-index-in-node=\"0\">Glace de fraise &amp; Cerise p\u00e9tillante<\/b> \u2013 Fraise glac\u00e9e et cerise gaz\u00e9ifi\u00e9e : essentiellement un soda d'\u00e9t\u00e9 sous forme de vapeur.<\/p>\n<\/li>\n<li>\n<p data-path-to-node=\"26,11,0\"><b data-path-to-node=\"26,11,0\" data-index-in-node=\"0\">Limonade framboise &amp; Glace de fraise<\/b> \u2013 Un punch framboise-agrume zest\u00e9 suivi d'une finition fraise-glace lisse.<\/p>\n<\/li>\n<\/ol>\n<h2 data-path-to-node=\"28\">\ud83d\udee0\ufe0f Sp\u00e9cifications Ma\u00eetres : La R\u00e9f\u00e9rence du Joueur Hardcore<\/h2>\n<table data-path-to-node=\"29\">\n<thead>\n<tr>\n<td><strong>Fonctionnalit\u00e9<\/strong><\/td>\n<td><strong>D\u00e9tails Techniques<\/strong><\/td>\n<\/tr>\n<\/thead>\n<tbody>\n<tr>\n<td><span data-path-to-node=\"29,1,0,0\"><b data-path-to-node=\"29,1,0,0\" data-index-in-node=\"0\">Bouff\u00e9es Totales<\/b><\/span><\/td>\n<td><span data-path-to-node=\"29,1,1,0\">Env. 50000 bouff\u00e9es (selon l'utilisation)<\/span><\/td>\n<\/tr>\n<tr>\n<td><span data-path-to-node=\"29,2,0,0\"><b data-path-to-node=\"29,2,0,0\" data-index-in-node=\"0\">Liquide \u00e9lectronique total<\/b><\/span><\/td>\n<td><span data-path-to-node=\"29,2,1,0\">50ml (Deux r\u00e9servoirs de 25ml)<\/span><\/td>\n<\/tr>\n<tr>\n<td><span data-path-to-node=\"29,3,0,0\"><b data-path-to-node=\"29,3,0,0\" data-index-in-node=\"0\">Capacit\u00e9 de la Batterie<\/b><\/span><\/td>\n<td><span data-path-to-node=\"29,3,1,0\">850mAh rechargeable<\/span><\/td>\n<\/tr>\n<tr>\n<td><span data-path-to-node=\"29,4,0,0\"><b data-path-to-node=\"29,4,0,0\" data-index-in-node=\"0\">Force de nicotine<\/b><\/span><\/td>\n<td><span data-path-to-node=\"29,4,1,0\">2% \/ 5% Options<\/span><\/td>\n<\/tr>\n<tr>\n<td><span data-path-to-node=\"29,5,0,0\"><b data-path-to-node=\"29,5,0,0\" data-index-in-node=\"0\">Port de Charge<\/b><\/span><\/td>\n<td><span data-path-to-node=\"29,5,1,0\">Type-C haute vitesse<\/span><\/td>\n<\/tr>\n<tr>\n<td><span data-path-to-node=\"29,6,0,0\"><b data-path-to-node=\"29,6,0,0\" data-index-in-node=\"0\">\u00c9l\u00e9ment chauffant<\/b><\/span><\/td>\n<td><span data-path-to-node=\"29,6,1,0\">Bobine \u00e0 maille double ultime<\/span><\/td>\n<\/tr>\n<tr>\n<td><span data-path-to-node=\"29,7,0,0\"><b data-path-to-node=\"29,7,0,0\" data-index-in-node=\"0\">Interface<\/b><\/span><\/td>\n<td><span data-path-to-node=\"29,7,1,0\">\u00c9cran LED intelligent couleur int\u00e9gral HD<\/span><\/td>\n<\/tr>\n<tr>\n<td><span data-path-to-node=\"29,8,0,0\"><b data-path-to-node=\"29,8,0,0\" data-index-in-node=\"0\">Contr\u00f4le du Flux d'Air<\/b><\/span><\/td>\n<td><span data-path-to-node=\"29,8,1,0\">Curseurs lat\u00e9raux doubles ind\u00e9pendants<\/span><\/td>\n<\/tr>\n<\/tbody>\n<\/table>\n<div class=\"mceTemp\"><\/div>\n<p><img decoding=\"async\" class=\"alignnone wp-image-5941 size-full\" title=\"Sp\u00e9cifications FIZZY Twins 50k\" src=\"https:\/\/oiovape.com\/wp-content\/uploads\/2026\/01\/FIZZY-Twins-50k-specification-scaled.jpg\" alt=\"Sp\u00e9cifications FIZZY Twins 50k\" width=\"1647\" height=\"2560\" srcset=\"https:\/\/oiovape.com\/wp-content\/uploads\/2026\/01\/FIZZY-Twins-50k-specification-scaled.jpg 1647w, https:\/\/oiovape.com\/wp-content\/uploads\/2026\/01\/FIZZY-Twins-50k-specification-scaled-150x233.jpg 150w, https:\/\/oiovape.com\/wp-content\/uploads\/2026\/01\/FIZZY-Twins-50k-specification-scaled-1200x1865.jpg 1200w, https:\/\/oiovape.com\/wp-content\/uploads\/2026\/01\/FIZZY-Twins-50k-specification-193x300.jpg 193w, https:\/\/oiovape.com\/wp-content\/uploads\/2026\/01\/FIZZY-Twins-50k-specification-659x1024.jpg 659w, https:\/\/oiovape.com\/wp-content\/uploads\/2026\/01\/FIZZY-Twins-50k-specification-768x1194.jpg 768w, https:\/\/oiovape.com\/wp-content\/uploads\/2026\/01\/FIZZY-Twins-50k-specification-988x1536.jpg 988w, https:\/\/oiovape.com\/wp-content\/uploads\/2026\/01\/FIZZY-Twins-50k-specification-1318x2048.jpg 1318w, https:\/\/oiovape.com\/wp-content\/uploads\/2026\/01\/FIZZY-Twins-50k-specification-8x12.jpg 8w\" sizes=\"(max-width: 1647px) 100vw, 1647px\" \/><\/p>\n<h2 data-path-to-node=\"31\">\ud83e\udd14 Questions fr\u00e9quemment pos\u00e9es : tout ce que vous devez savoir<\/h2>\n<h4 data-path-to-node=\"32\">Q1 : Les saveurs vont-elles se m\u00e9langer lors du changement ?<\/h4>\n<p data-path-to-node=\"33\">Absolument pas. Le Fizzy Twins 50K utilise des chemins de vapeur compl\u00e8tement isol\u00e9s et des r\u00e9servoirs s\u00e9par\u00e9s. Vous pouvez changer de canal instantan\u00e9ment, passant d'un extr\u00eame \u00e0 l'autre sans aucune fuite de saveur.<\/p>\n<h4 data-path-to-node=\"34\">Q2 : Les 50000 bouff\u00e9es peuvent-elles vraiment durer aussi longtemps ?<\/h4>\n<p data-path-to-node=\"35\">Cela d\u00e9pend de la fa\u00e7on dont vous la \u201c maltraitez \u201d. Pour un vapoteur occasionnel, elle peut facilement durer plus d'un mois ; m\u00eame pour un chasseur de nuages, son endurance fait ressembler la plupart des concurrents \u00e0 des amateurs.<\/p>\n<h4 data-path-to-node=\"36\">Q3 : Le \u201c Mode Boost \u201d consomme-t-il le jus plus rapidement ?<\/h4>\n<p data-path-to-node=\"37\">Oui. Le Mode Boost offre un coup de gorge plus intense et des nuages plus importants, ce qui augmente naturellement la consommation de liquide \u00e9lectronique. Nous recommandons de l'utiliser lorsque vous avez besoin de ce \u201c coup \u201d suppl\u00e9mentaire et de rester en mode Normal pour une utilisation toute la journ\u00e9e.<\/p>\n<h4 data-path-to-node=\"38\">Q4 : Cet appareil est-il trop complexe pour un d\u00e9butant ?<\/h4>\n<p data-path-to-node=\"39\">Pensez-y comme une voiture de luxe avec une transmission automatique. Bien que les fonctionnalit\u00e9s soient avanc\u00e9es, l'utilisation est intuitive. Le m\u00e9canisme d'activation par inhalation signifie que vous n'avez m\u00eame pas besoin d'appuyer sur un bouton pour vapoter. Il suffit d'inhaler et c'est parti.<\/p>\n<blockquote data-path-to-node=\"41\">\n<p data-path-to-node=\"41,0\"><b data-path-to-node=\"41,0\" data-index-in-node=\"0\">Fizzy Twins 50000 Bouff\u00e9es<\/b>: Arr\u00eatez de faire des compromis. Si vous pouvez avoir tout, pourquoi vous contenter de la moiti\u00e9 ? Venez trouver votre \u201c \u00e2me s\u0153ur \u201d (ou deux) d\u00e8s aujourd'hui !<\/p>\n<\/blockquote>\n<\/div>\n<\/div>\n<\/div>\n<\/div>\n<\/div>\n<\/div>\n<\/div>\n<\/div>\n<\/div>\n<\/div>\n<\/div>\n<\/div>\n<\/div>\n<\/div>\n<\/div>\n<\/div>\n<\/div>\n<\/div>\n<\/div>\n<\/div>\n<\/div>\n<\/div>\n<\/div>\n<\/div>\n<\/div>\n<\/div>\n<\/div>\n<\/div>\n<\/div>\n<\/div>\n<\/div>\n<\/div>\n<\/div>\n<\/div>\n<\/div>\n<\/div>\n<\/div>\n<\/div>\n<\/div>\n<\/div>\n<\/div>\n<\/div>\n<\/div>\n<\/div>\n<\/div>\n<\/div>\n<\/div>\n<\/div>\n<\/div>\n<\/div>\n<\/div>\n<\/div>\n<\/div>\n<\/div>\n<\/div>\n<\/div>\n<\/div>\n<\/div>\n<\/div>\n<\/div>\n<\/div>\n<\/div>\n<\/div>\n<\/div>\n<\/div>\n<\/div>\n<\/div>\n<\/div>\n<\/div>\n<\/div>","protected":false},"excerpt":{"rendered":"<div data-page-id=\"RAopf2sw9dtvw4cWYXpcTwo0n8g\" data-lark-html-role=\"root\" data-docx-has-block-data=\"false\">\n<div class=\"ace-line ace-line old-record-id-Uju9f3RXYd8dh2crAJbcBF3Un6M\">Fizzy Twins 50000 Puffs red\u00e9finit le vapotage \u00e0 double saveur avec 12 m\u00e9langes exquis de fruits et de glace. Il dispose d'une r\u00e9sistance en mesh, de 2 modes, de 2 flux d'air et d'une batterie rechargeable de 850mAh Type-C avec affichage LED. 50ml de e-liquide, options de nicotine 2%\/5% offrent une exp\u00e9rience de vapotage durable, personnalisable et douce pour tous les palais.<\/div>\n<\/div>","protected":false},"featured_media":5953,"comment_status":"open","ping_status":"closed","template":"","meta":{"_acf_changed":false,"inline_featured_image":false,"_sitemap_exclude":false,"_sitemap_priority":"","_sitemap_frequency":""},"product_brand":[297],"product_cat":[298,239,243,229],"product_tag":[],"class_list":{"0":"post-5939","1":"product","2":"type-product","3":"status-publish","4":"has-post-thumbnail","6":"product_brand-fizzy","7":"product_cat-fizzy-puff","8":"product_cat-disposable-vape-collection","9":"product_cat-50k-puff","10":"product_cat-ship-from-german","12":"first","13":"instock","14":"sale","15":"shipping-taxable","16":"purchasable","17":"product-type-variable","18":"has-default-attributes"},"acf":[],"tiered_pricing_type":"fixed","tiered_pricing_fixed_rules":{"30":10.85,"60":9.6,"100":8.99,"200":8.37},"tiered_pricing_product_settings":{"layout":"default","base_unit_name":{"singular":null,"plural":null},"default_variation":null},"tiered_pricing_minimum_quantity":null,"tiered_pricing_roles_data":[],"tiered_pricing_percentage_rules":[],"tiered_pricing_maximum_quantity":null,"tiered_pricing_quantity_step":"10","_links":{"self":[{"href":"https:\/\/oiovape.com\/fr\/wp-json\/wp\/v2\/product\/5939","targetHints":{"allow":["GET"]}}],"collection":[{"href":"https:\/\/oiovape.com\/fr\/wp-json\/wp\/v2\/product"}],"about":[{"href":"https:\/\/oiovape.com\/fr\/wp-json\/wp\/v2\/types\/product"}],"replies":[{"embeddable":true,"href":"https:\/\/oiovape.com\/fr\/wp-json\/wp\/v2\/comments?post=5939"}],"version-history":[{"count":3,"href":"https:\/\/oiovape.com\/fr\/wp-json\/wp\/v2\/product\/5939\/revisions"}],"predecessor-version":[{"id":8373,"href":"https:\/\/oiovape.com\/fr\/wp-json\/wp\/v2\/product\/5939\/revisions\/8373"}],"wp:featuredmedia":[{"embeddable":true,"href":"https:\/\/oiovape.com\/fr\/wp-json\/wp\/v2\/media\/5953"}],"wp:attachment":[{"href":"https:\/\/oiovape.com\/fr\/wp-json\/wp\/v2\/media?parent=5939"}],"wp:term":[{"taxonomy":"product_brand","embeddable":true,"href":"https:\/\/oiovape.com\/fr\/wp-json\/wp\/v2\/product_brand?post=5939"},{"taxonomy":"product_cat","embeddable":true,"href":"https:\/\/oiovape.com\/fr\/wp-json\/wp\/v2\/product_cat?post=5939"},{"taxonomy":"product_tag","embeddable":true,"href":"https:\/\/oiovape.com\/fr\/wp-json\/wp\/v2\/product_tag?post=5939"}],"curies":[{"name":"wp","href":"https:\/\/api.w.org\/{rel}","templated":true}]}}