{"id":6257,"date":"2026-01-27T15:55:08","date_gmt":"2026-01-27T07:55:08","guid":{"rendered":"https:\/\/oiovape.com\/?post_type=product&#038;p=6257"},"modified":"2026-04-16T14:44:43","modified_gmt":"2026-04-16T06:44:43","slug":"uwin-randm-twins-crystal-40000-puffs","status":"publish","type":"product","link":"https:\/\/oiovape.com\/fr\/product\/uwin-randm-twins-crystal-40000-puffs\/","title":{"rendered":"Uwin RandM Twins Crystal 40000 PUFFS Mesh Coil 650mAh Batterie Rechargeable Vape Avec Achat en Gros"},"content":{"rendered":"<div data-page-id=\"ZVeMfq8uxd7y1ycuKm5cym4LnYd\" data-lark-html-role=\"root\" data-docx-has-block-data=\"false\">\n<div data-page-id=\"Fd41fZ5N9dzRQtcRNoVc2FuDnCh\" data-lark-html-role=\"root\" data-docx-has-block-data=\"true\">\n<div data-page-id=\"BdIJfeeijdk1eucGpS8cDCBBn5c\" data-lark-html-role=\"root\" data-docx-has-block-data=\"false\">\n<div data-page-id=\"Zbg9fWx77dUuh2cIYpic25c8nyd\" data-lark-html-role=\"root\" data-docx-has-block-data=\"false\">\n<div data-page-id=\"KaIvfiurhdlCKdc0kyxcX64cnE6\" data-lark-html-role=\"root\" data-docx-has-block-data=\"true\">\n<div data-page-id=\"PbvFfqxqlddUTScRpEYcY5MHnpf\" data-lark-html-role=\"root\" data-docx-has-block-data=\"true\">\n<div data-page-id=\"GZO2f5JeudwY4jc9iJtcdk9Hnxh\" data-lark-html-role=\"root\" data-docx-has-block-data=\"false\">\n<div data-page-id=\"EZVRf2acFduXLGcseZFc4qH2n6e\" data-lark-html-role=\"root\" data-docx-has-block-data=\"false\">\n<div data-page-id=\"B8rHfcqlqdzmH5cCWCncz17Cntb\" data-lark-html-role=\"root\" data-docx-has-block-data=\"false\">\n<div data-page-id=\"B8rHfcqlqdzmH5cCWCncz17Cntb\" data-lark-html-role=\"root\" data-docx-has-block-data=\"false\">\n<div data-page-id=\"B8rHfcqlqdzmH5cCWCncz17Cntb\" data-lark-html-role=\"root\" data-docx-has-block-data=\"true\">\n<div data-page-id=\"HM70f1aoxdD0bMcxJZBcVc7ynZd\" data-lark-html-role=\"root\" data-docx-has-block-data=\"false\">\n<div data-page-id=\"NSrJfN7Ord22i0c1iwZcsF8yn8b\" data-lark-html-role=\"root\" data-docx-has-block-data=\"false\">\n<div data-page-id=\"RXEff4Mskds8o1cqL5HcGEtUnCh\" data-lark-html-role=\"root\" data-docx-has-block-data=\"false\">\n<div data-page-id=\"KJ7gfqkVndMSRJcMseScmvYwnTc\" data-lark-html-role=\"root\" data-docx-has-block-data=\"false\">\n<div class=\"ace-line ace-line old-record-id-QADAfETPudgmudc05YvcTO5fnxe\">\n<div data-page-id=\"KJ7gfqkVndMSRJcMseScmvYwnTc\" data-lark-html-role=\"root\" data-docx-has-block-data=\"false\">\n<div class=\"ace-line ace-line old-record-id-JoRkfpho8dOkiacEOascDyCOncb\">\n<div data-page-id=\"KJ7gfqkVndMSRJcMseScmvYwnTc\" data-lark-html-role=\"root\" data-docx-has-block-data=\"false\">\n<div data-page-id=\"Ju6ofQ3V4dGmePcVvJvc1gmcnZb\" data-lark-html-role=\"root\" data-docx-has-block-data=\"true\">\n<div data-page-id=\"PR9ife5PLdFabccbFgZcWgZOnTc\" data-lark-html-role=\"root\" data-docx-has-block-data=\"false\">\n<div data-page-id=\"INdrfOIGzdaenXcptrcc1BcznQc\" data-lark-html-role=\"root\" data-docx-has-block-data=\"false\">\n<div class=\"ace-line ace-line old-record-id-P0fIf4YaZdoGkbcxt5ackec2nnb\">\n<div data-page-id=\"INdrfOIGzdaenXcptrcc1BcznQc\" data-lark-html-role=\"root\" data-docx-has-block-data=\"false\">\n<div data-page-id=\"MAzCfUB73dMTQscm8eWcougVn1g\" data-lark-html-role=\"root\" data-docx-has-block-data=\"true\">\n<div data-page-id=\"AXfpf7H1odhDvGcKoUOcErN8nV7\" data-lark-html-role=\"root\" data-docx-has-block-data=\"false\">\n<div data-page-id=\"QYTKf5PvLdUNdbce2nBcW9yfnrh\" data-lark-html-role=\"root\" data-docx-has-block-data=\"false\">\n<div data-page-id=\"Pvu1f1CCBdxbjncA9pgcBTpanph\" data-lark-html-role=\"root\" data-docx-has-block-data=\"true\">\n<div data-page-id=\"Axf3fcmY8dDAhtcjVircBcphnPc\" data-lark-html-role=\"root\" data-docx-has-block-data=\"false\">\n<div data-page-id=\"KKj1f9SPmdLhhMc5E2AcNlLen6f\" data-lark-html-role=\"root\" data-docx-has-block-data=\"true\">\n<div data-page-id=\"Rx61fK1sJdXHjPcBuhZcweNhnwc\" data-lark-html-role=\"root\" data-docx-has-block-data=\"false\">\n<div data-page-id=\"L1H9fkG9Mdz45Fcy4WMc5VKXnRe\" data-lark-html-role=\"root\" data-docx-has-block-data=\"false\">\n<div data-page-id=\"L1H9fkG9Mdz45Fcy4WMc5VKXnRe\" data-lark-html-role=\"root\" data-docx-has-block-data=\"false\">\n<div data-page-id=\"D4XLfVBVrdE8mrcaYizczklLnaf\" data-lark-html-role=\"root\" data-docx-has-block-data=\"false\">\n<div data-page-id=\"WVcifIY44d5mhMcXtyEcTsfenGd\" data-lark-html-role=\"root\" data-docx-has-block-data=\"true\">\n<div data-page-id=\"LRknfa6Whd4DWCcUc0FcNKpJnyh\" data-lark-html-role=\"root\" data-docx-has-block-data=\"false\">\n<div data-page-id=\"LRknfa6Whd4DWCcUc0FcNKpJnyh\" data-lark-html-role=\"root\" data-docx-has-block-data=\"false\">\n<div data-page-id=\"XFRAfkcOEdRWh8cArQ2cJdyRnJf\" data-lark-html-role=\"root\" data-docx-has-block-data=\"true\">\n<div data-page-id=\"OQ3bfjnRddMTDGcC3ouc6xFKnWf\" data-lark-html-role=\"root\" data-docx-has-block-data=\"true\">\n<div data-page-id=\"J0iGfj1hEdjc4rcUdSmc4spMnmZ\" data-lark-html-role=\"root\" data-docx-has-block-data=\"false\">\n<div data-page-id=\"P1o7fFyNlduP8tcfZpQcagzbnIf\" data-lark-html-role=\"root\" data-docx-has-block-data=\"false\">\n<div class=\"ace-line ace-line old-record-id-P1o7fFyNlduP8tcfZpQcagzbnIf\">\n<div data-page-id=\"P1o7fFyNlduP8tcfZpQcagzbnIf\" data-lark-html-role=\"root\" data-docx-has-block-data=\"false\">\n<div data-page-id=\"U4iufW38SdttWKcTstMcTtHRnXc\" data-lark-html-role=\"root\" data-docx-has-block-data=\"true\">\n<div data-page-id=\"ONVMf7VTWddcFtcyATOchCJHnZb\" data-lark-html-role=\"root\" data-docx-has-block-data=\"true\">\n<div data-page-id=\"KoW2fSy0PdLHFlc5kSHcgvWMnYg\" data-lark-html-role=\"root\" data-docx-has-block-data=\"false\">\n<div data-page-id=\"KoW2fSy0PdLHFlc5kSHcgvWMnYg\" data-lark-html-role=\"root\" data-docx-has-block-data=\"false\">\n<div data-page-id=\"OLGhfzxC7d7EFIcLEj9cRT5ynZf\" data-lark-html-role=\"root\" data-docx-has-block-data=\"false\">\n<div data-page-id=\"DdnnfrLjzdqrFIc9Il9c7pA2noc\" data-lark-html-role=\"root\" data-docx-has-block-data=\"true\">\n<div data-page-id=\"KNzcf2o0oddkJOcztTVcqPdlnth\" data-lark-html-role=\"root\" data-docx-has-block-data=\"false\">\n<div data-page-id=\"LBU7fg5SEdkWhecGJoxca3xvnCe\" data-lark-html-role=\"root\" data-docx-has-block-data=\"false\">\n<div data-page-id=\"EB70fooS3d69bMcgWB7c5qb9n8g\" data-lark-html-role=\"root\" data-docx-has-block-data=\"false\">\n<div data-page-id=\"AogwfsZCadB6t0cAvF0cK4JLnvf\" data-lark-html-role=\"root\" data-docx-has-block-data=\"false\">\n<div data-page-id=\"AogwfsZCadB6t0cAvF0cK4JLnvf\" data-lark-html-role=\"root\" data-docx-has-block-data=\"false\">\n<div data-page-id=\"JMZIflNGddQuU0c5JZocSqlvnle\" data-lark-html-role=\"root\" data-docx-has-block-data=\"false\">\n<div data-page-id=\"JMZIflNGddQuU0c5JZocSqlvnle\" data-lark-html-role=\"root\" data-docx-has-block-data=\"true\">\n<div data-page-id=\"HtEafjjRIdPAlMc9zgYcsGy6nOe\" data-lark-html-role=\"root\" data-docx-has-block-data=\"false\">\n<div data-page-id=\"Rhnafz0WTdDeT9c43xxczsbVnJo\" data-lark-html-role=\"root\" data-docx-has-block-data=\"false\">\n<div data-page-id=\"WY0CfKdcTdf4hVcZl67ct5LGncf\" data-lark-html-role=\"root\" data-docx-has-block-data=\"true\">\n<div data-page-id=\"MkB5fF4AVdchovcoPEpc7LqvnOd\" data-lark-html-role=\"root\" data-docx-has-block-data=\"true\">\n<div data-page-id=\"MfbjfZhbhdJdA8cH1dAckqF0n6g\" data-lark-html-role=\"root\" data-docx-has-block-data=\"false\">\n<div class=\"ace-line ace-line old-record-id-W2AHfJLnjd7ugjcRLs1c8BdhnNh\">\n<div data-page-id=\"MfbjfZhbhdJdA8cH1dAckqF0n6g\" data-lark-html-role=\"root\" data-docx-has-block-data=\"false\">\n<div class=\"old-record-id-XXd1feeCZdR2hJc6evocxnh1nOg\">\n<div data-page-id=\"MfbjfZhbhdJdA8cH1dAckqF0n6g\" data-lark-html-role=\"root\" data-docx-has-block-data=\"false\">\n<div data-page-id=\"DE51fYUmxdT3ekcHzc3cGrVQnsc\" data-lark-html-role=\"root\" data-docx-has-block-data=\"false\">\n<div data-page-id=\"YSKdfaZ08dRej3ci5CccQBuOncc\" data-lark-html-role=\"root\" data-docx-has-block-data=\"true\">\n<div data-page-id=\"K6mofQmledamEFcgp1EcVobmnYd\" data-lark-html-role=\"root\" data-docx-has-block-data=\"false\">\n<div data-page-id=\"VTgsfVLdCd9q1ucYcwRcCM0Hnof\" data-lark-html-role=\"root\" data-docx-has-block-data=\"true\">\n<div data-page-id=\"WucKfzp8RdNy8rcMJHncz4Knnac\" data-lark-html-role=\"root\" data-docx-has-block-data=\"true\">\n<div data-page-id=\"IfZ9fDIBLd9b9hcJiqGcLw9Pnmh\" data-lark-html-role=\"root\" data-docx-has-block-data=\"false\">\n<div data-page-id=\"JeU6f3Yq5dbdEHcZDptc5ikcn5c\" data-lark-html-role=\"root\" data-docx-has-block-data=\"true\">\n<div data-page-id=\"E1YjfnB4Jdmtsfc2ZObcu04Un6c\" data-lark-html-role=\"root\" data-docx-has-block-data=\"false\">\n<div data-page-id=\"RQVEfdiOzdqTQKcRcnxcG0Y7nce\" data-lark-html-role=\"root\" data-docx-has-block-data=\"true\">\n<h2 data-path-to-node=\"2\">Uwin RandM Twins Crystal 40000 Puffs : Fatigu\u00e9 que votre Disposable abandonne trop t\u00f4t ?<\/h2>\n<p data-path-to-node=\"3\">Le Uwin RandM Twins Crystal 40000 Puffs r\u00e9\u00e9crit compl\u00e8tement les attentes concernant la dur\u00e9e de vie d'un appareil et ses performances. Combinant une esth\u00e9tique audacieuse inspir\u00e9e du street-art autour d'une quincaillerie robuste, cet appareil est con\u00e7u pour les vapoteurs qui exigent une long\u00e9vit\u00e9 s\u00e9rieuse sans sacrifier la qualit\u00e9 de la saveur.<\/p>\n<p><img decoding=\"async\" class=\"alignnone wp-image-6269 size-full\" title=\"Uwin RandM Twins Crystal 40000 Bouff\u00e9es Banni\u00e8re\" src=\"https:\/\/oiovape.com\/wp-content\/uploads\/2026\/01\/Uwin-RandM-Twins-Crystal-40000-Puffs-Banner.jpg\" alt=\"Uwin RandM Twins Crystal 40000 Bouff\u00e9es Banni\u00e8re\" width=\"2400\" height=\"820\" srcset=\"https:\/\/oiovape.com\/wp-content\/uploads\/2026\/01\/Uwin-RandM-Twins-Crystal-40000-Puffs-Banner.jpg 2400w, https:\/\/oiovape.com\/wp-content\/uploads\/2026\/01\/Uwin-RandM-Twins-Crystal-40000-Puffs-Banner-300x103.jpg 300w, https:\/\/oiovape.com\/wp-content\/uploads\/2026\/01\/Uwin-RandM-Twins-Crystal-40000-Puffs-Banner-1024x350.jpg 1024w, https:\/\/oiovape.com\/wp-content\/uploads\/2026\/01\/Uwin-RandM-Twins-Crystal-40000-Puffs-Banner-768x262.jpg 768w, https:\/\/oiovape.com\/wp-content\/uploads\/2026\/01\/Uwin-RandM-Twins-Crystal-40000-Puffs-Banner-1536x525.jpg 1536w, https:\/\/oiovape.com\/wp-content\/uploads\/2026\/01\/Uwin-RandM-Twins-Crystal-40000-Puffs-Banner-2048x700.jpg 2048w, https:\/\/oiovape.com\/wp-content\/uploads\/2026\/01\/Uwin-RandM-Twins-Crystal-40000-Puffs-Banner-18x6.jpg 18w, https:\/\/oiovape.com\/wp-content\/uploads\/2026\/01\/Uwin-RandM-Twins-Crystal-40000-Puffs-Banner-1200x410.jpg 1200w, https:\/\/oiovape.com\/wp-content\/uploads\/2026\/01\/Uwin-RandM-Twins-Crystal-40000-Puffs-Banner-150x51.jpg 150w\" sizes=\"(max-width: 2400px) 100vw, 2400px\" \/><\/p>\n<h2 data-path-to-node=\"4\">Un Marathon Absolu : 40000 Puffs et Ing\u00e9nierie Dual Mesh<\/h2>\n<p data-path-to-node=\"5\">La plupart des jetables sont des sprints ; le Uwin Twins Crystal 40K est une course d'endurance. Avec une capacit\u00e9 massive <b data-path-to-node=\"5\" data-index-in-node=\"96\">de 32ml de liquide \u00e9lectronique<\/b>, cet appareil agit comme un r\u00e9servoir de saveur profond, livrant constamment jusqu'\u00e0 <b data-path-to-node=\"5\" data-index-in-node=\"200\">40000 bouff\u00e9es<\/b>. Le secret de son endurance est le syst\u00e8me de bobine mesh double int\u00e9gr\u00e9. Plut\u00f4t que de s'estomper ou d'avoir un go\u00fbt br\u00fbl\u00e9 \u00e0 mesure que le liquide baisse, le mesh agit comme un moteur finement r\u00e9gl\u00e9, garantissant que votre dernier trait est aussi dense et vibrant que votre tout premier.<\/p>\n<h3 data-path-to-node=\"6\">Deux Saveurs dans Un Appareil : Pourquoi Limiter Vos Envies ?<\/h3>\n<p data-path-to-node=\"7\">La fatigue du palais arrive \u00e0 tout le monde, alors pourquoi se contenter d'un seul go\u00fbt quand vous pouvez porter un menu \u00e0 double canal dans votre poche ? Le design innovant <b data-path-to-node=\"7\" data-index-in-node=\"145\">\u201c 2 Saveurs en 1 \u201d<\/b> vous permet de basculer entre deux m\u00e9langes premium pr\u00e9-charg\u00e9s en une fraction de seconde. Pensez-y comme avoir deux bandes sonores distinctes pour votre journ\u00e9e\u2014basculez sans effort de la fra\u00eecheur piquante de Blueberry On Ice \u00e0 la douceur brillante de Summer Peach Ice avec un simple interrupteur. Vous avez le contr\u00f4le total sur l'ambiance.<\/p>\n<h4 data-path-to-node=\"8\">Performance Ininterrompue : Le Powerhouse 850mAh et l'Affichage LED Intelligent<\/h4>\n<p data-path-to-node=\"9\">Deviner la quantit\u00e9 de jus qu'il vous reste est du pass\u00e9. Le Uwin RandM Crystal Twins 40000 Puffs dispose d'un <b data-path-to-node=\"9\" data-index-in-node=\"111\">Affichage LED Intelligent<\/b> haute d\u00e9finition qui sert de tableau de bord personnel, affichant en temps r\u00e9el l'autonomie de la batterie et les niveaux de liquide \u00e9lectronique. Aliment\u00e9 par une batterie robuste <b data-path-to-node=\"9\" data-index-in-node=\"243\">batterie rechargeable de 850mAh<\/b>\u2014une mise \u00e0 niveau majeure par rapport aux cellules jetables standard\u2014et une charge rapide <b data-path-to-node=\"9\" data-index-in-node=\"328\">La charge Type-C<\/b>, il est con\u00e7u pour suivre vos journ\u00e9es les plus charg\u00e9es sans manquer un coup.<\/p>\n<h5 data-path-to-node=\"10\">Livraison de Nicotine Adapt\u00e9e : Options 0% \u00e0 5%<\/h5>\n<p data-path-to-node=\"11\">Parce que vos habitudes de vapotage sont enti\u00e8rement les v\u00f4tres, la force en nicotine ne devrait pas vous \u00eatre impos\u00e9e. Nous offrons une flexibilit\u00e9 compl\u00e8te avec plusieurs concentrations de sels de nicotine : <b data-path-to-node=\"11\" data-index-in-node=\"174\">0%, 2%, 3%, et 5%<\/b>. Que vous r\u00e9duisiez compl\u00e8tement la nicotine, que vous recherchiez du nuage et de la saveur purs, ou que vous cherchiez ce coup de gorge piquant et satisfaisant, il existe une configuration adapt\u00e9e exactement \u00e0 votre mode de vie.<\/p>\n<h3 data-path-to-node=\"13\">Tableau des Sp\u00e9cifications<\/h3>\n<table data-path-to-node=\"14\">\n<thead>\n<tr>\n<td><strong>Fonctionnalit\u00e9<\/strong><\/td>\n<td><strong>D\u00e9tails<\/strong><\/td>\n<\/tr>\n<\/thead>\n<tbody>\n<tr>\n<td><span data-path-to-node=\"14,1,0,0\"><b data-path-to-node=\"14,1,0,0\" data-index-in-node=\"0\">Compte de bouff\u00e9es<\/b><\/span><\/td>\n<td><span data-path-to-node=\"14,1,1,0\">Jusqu'\u00e0 40000 Puffs<\/span><\/td>\n<\/tr>\n<tr>\n<td><span data-path-to-node=\"14,2,0,0\"><b data-path-to-node=\"14,2,0,0\" data-index-in-node=\"0\">Capacit\u00e9 de E-liquide<\/b><\/span><\/td>\n<td><span data-path-to-node=\"14,2,1,0\">32ml<\/span><\/td>\n<\/tr>\n<tr>\n<td><span data-path-to-node=\"14,3,0,0\"><b data-path-to-node=\"14,3,0,0\" data-index-in-node=\"0\">Batterie<\/b><\/span><\/td>\n<td><span data-path-to-node=\"14,3,1,0\">850mAh (Rechargeable)<\/span><\/td>\n<\/tr>\n<tr>\n<td><span data-path-to-node=\"14,4,0,0\"><b data-path-to-node=\"14,4,0,0\" data-index-in-node=\"0\">Port de Charge<\/b><\/span><\/td>\n<td><span data-path-to-node=\"14,4,1,0\">Type-C<\/span><\/td>\n<\/tr>\n<tr>\n<td><span data-path-to-node=\"14,5,0,0\"><b data-path-to-node=\"14,5,0,0\" data-index-in-node=\"0\">Mode Saveur<\/b><\/span><\/td>\n<td><span data-path-to-node=\"14,5,1,0\">2 Saveurs dans 1 Appareil<\/span><\/td>\n<\/tr>\n<tr>\n<td><span data-path-to-node=\"14,6,0,0\"><b data-path-to-node=\"14,6,0,0\" data-index-in-node=\"0\">Force de nicotine<\/b><\/span><\/td>\n<td><span data-path-to-node=\"14,6,1,0\">0% \/ 2% \/ 3% \/ 5%<\/span><\/td>\n<\/tr>\n<tr>\n<td><span data-path-to-node=\"14,7,0,0\"><b data-path-to-node=\"14,7,0,0\" data-index-in-node=\"0\">Type de r\u00e9sistance<\/b><\/span><\/td>\n<td><span data-path-to-node=\"14,7,1,0\">R\u00e9sistance Double Mesh<\/span><\/td>\n<\/tr>\n<\/tbody>\n<\/table>\n<h3 data-path-to-node=\"16\">La Gamme de Saveurs Uwin RandM Twins Crystal 40000 Puffs (Combos Doubles)<\/h3>\n<ul data-path-to-node=\"17\">\n<li>\n<p data-path-to-node=\"17,0,0\"><b data-path-to-node=\"17,0,0\" data-index-in-node=\"0\">Myrtille Sur Glace \/ P\u00eache d'\u00c9t\u00e9 Glac\u00e9e<\/b><\/p>\n<\/li>\n<li>\n<p data-path-to-node=\"17,1,0\"><b data-path-to-node=\"17,1,0\" data-index-in-node=\"0\">P\u00eache Mangue Ananas \/ Red Bull<\/b><\/p>\n<\/li>\n<li>\n<p data-path-to-node=\"17,2,0\"><b data-path-to-node=\"17,2,0\" data-index-in-node=\"0\">Fraise Past\u00e8que \/ Limonade Citron Vert<\/b><\/p>\n<\/li>\n<li>\n<p data-path-to-node=\"17,3,0\"><b data-path-to-node=\"17,3,0\" data-index-in-node=\"0\">Glace \u00e0 la Past\u00e8que \/ Fruits Rouges M\u00e9lang\u00e9s<\/b><\/p>\n<\/li>\n<li>\n<p data-path-to-node=\"17,4,0\"><b data-path-to-node=\"17,4,0\" data-index-in-node=\"0\">Kiwi Fruit de la Passion Goyave \/ Deux Pommes<\/b><\/p>\n<\/li>\n<li>\n<p data-path-to-node=\"17,5,0\"><b data-path-to-node=\"17,5,0\" data-index-in-node=\"0\">Fraise Framboise Cerise \/ M. Bleu<\/b><\/p>\n<\/li>\n<li>\n<p data-path-to-node=\"17,6,0\"><b data-path-to-node=\"17,6,0\" data-index-in-node=\"0\">Fraise Kiwi \/ Glace au Raisin<\/b><\/p>\n<\/li>\n<li>\n<p data-path-to-node=\"17,7,0\"><b data-path-to-node=\"17,7,0\" data-index-in-node=\"0\">Strawberry Banana \/ Love 66<\/b><\/p>\n<\/li>\n<li>\n<p data-path-to-node=\"17,8,0\"><b data-path-to-node=\"17,8,0\" data-index-in-node=\"0\">Myrtille Framboise \/ Glace Cerise<\/b><\/p>\n<\/li>\n<li>\n<p data-path-to-node=\"17,9,0\"><b data-path-to-node=\"17,9,0\" data-index-in-node=\"0\">Kiwi Fruit de la Passion Goyave \/ Myrtille Framboise<\/b><\/p>\n<\/li>\n<\/ul>\n<p><img decoding=\"async\" class=\"alignnone wp-image-8385 size-full\" title=\"Uwin Twins Crystal 40K Saveurs\" src=\"https:\/\/oiovape.com\/wp-content\/uploads\/2026\/04\/Uwin-Twins-Crystal-40K-Flavors.jpg\" alt=\"Uwin Twins Crystal 40K Saveurs\" width=\"1041\" height=\"1179\" srcset=\"https:\/\/oiovape.com\/wp-content\/uploads\/2026\/04\/Uwin-Twins-Crystal-40K-Flavors.jpg 1041w, https:\/\/oiovape.com\/wp-content\/uploads\/2026\/04\/Uwin-Twins-Crystal-40K-Flavors-265x300.jpg 265w, https:\/\/oiovape.com\/wp-content\/uploads\/2026\/04\/Uwin-Twins-Crystal-40K-Flavors-904x1024.jpg 904w, https:\/\/oiovape.com\/wp-content\/uploads\/2026\/04\/Uwin-Twins-Crystal-40K-Flavors-768x870.jpg 768w, https:\/\/oiovape.com\/wp-content\/uploads\/2026\/04\/Uwin-Twins-Crystal-40K-Flavors-11x12.jpg 11w, https:\/\/oiovape.com\/wp-content\/uploads\/2026\/04\/Uwin-Twins-Crystal-40K-Flavors-150x170.jpg 150w\" sizes=\"(max-width: 1041px) 100vw, 1041px\" \/><\/p>\n<\/div>\n<\/div>\n<\/div>\n<\/div>\n<\/div>\n<\/div>\n<\/div>\n<\/div>\n<\/div>\n<\/div>\n<\/div>\n<\/div>\n<\/div>\n<\/div>\n<\/div>\n<\/div>\n<\/div>\n<\/div>\n<\/div>\n<\/div>\n<\/div>\n<\/div>\n<\/div>\n<\/div>\n<\/div>\n<\/div>\n<\/div>\n<\/div>\n<\/div>\n<\/div>\n<\/div>\n<\/div>\n<\/div>\n<\/div>\n<\/div>\n<\/div>\n<\/div>\n<\/div>\n<\/div>\n<\/div>\n<\/div>\n<\/div>\n<\/div>\n<\/div>\n<\/div>\n<\/div>\n<\/div>\n<\/div>\n<\/div>\n<\/div>\n<\/div>\n<\/div>\n<\/div>\n<\/div>\n<\/div>\n<\/div>\n<\/div>\n<\/div>\n<\/div>\n<\/div>\n<\/div>\n<\/div>\n<\/div>\n<\/div>\n<\/div>\n<\/div>\n<\/div>\n<\/div>\n<\/div>\n<\/div>\n<\/div>\n<\/div>\n<\/div>\n<\/div>","protected":false},"excerpt":{"rendered":"<div data-page-id=\"RAopf2sw9dtvw4cWYXpcTwo0n8g\" data-lark-html-role=\"root\" data-docx-has-block-data=\"false\">\n<div class=\"ace-line ace-line old-record-id-Uju9f3RXYd8dh2crAJbcBF3Un6M\">Uwin RandM Twins Crystal 40000 Puffs propose 15 ensembles de saveurs doubles avec des go\u00fbts fruit\u00e9s et glac\u00e9s, tous dans les options de nicotine 0%-5%. Il contient 32 ml de e-liquide, une batterie rechargeable Type-C de 650 mAh et une r\u00e9sistance en mesh pour une vapeur douce. Emball\u00e9 par 10 pi\u00e8ces\/bo\u00eete, 200 pi\u00e8ces\/carton, il est parfait pour les vapoteurs de tous niveaux avec 40K bouff\u00e9es durables.<\/div>\n<\/div>","protected":false},"featured_media":6259,"comment_status":"open","ping_status":"closed","template":"","meta":{"_acf_changed":false,"inline_featured_image":false,"_sitemap_exclude":false,"_sitemap_priority":"","_sitemap_frequency":""},"product_brand":[309],"product_cat":[310,239,244],"product_tag":[],"class_list":{"0":"post-6257","1":"product","2":"type-product","3":"status-publish","4":"has-post-thumbnail","6":"product_brand-uwin","7":"product_cat-uwin-puff","8":"product_cat-disposable-vape-collection","9":"product_cat-40k-puff","11":"first","12":"instock","13":"sale","14":"shipping-taxable","15":"purchasable","16":"product-type-variable","17":"has-default-attributes"},"acf":[],"tiered_pricing_type":"fixed","tiered_pricing_fixed_rules":{"30":7.68,"60":6.35,"100":6.08,"200":5.68},"tiered_pricing_product_settings":{"layout":"default","base_unit_name":{"singular":null,"plural":null},"default_variation":null},"tiered_pricing_minimum_quantity":10,"tiered_pricing_roles_data":[],"tiered_pricing_percentage_rules":[],"tiered_pricing_maximum_quantity":null,"tiered_pricing_quantity_step":"10","_links":{"self":[{"href":"https:\/\/oiovape.com\/fr\/wp-json\/wp\/v2\/product\/6257","targetHints":{"allow":["GET"]}}],"collection":[{"href":"https:\/\/oiovape.com\/fr\/wp-json\/wp\/v2\/product"}],"about":[{"href":"https:\/\/oiovape.com\/fr\/wp-json\/wp\/v2\/types\/product"}],"replies":[{"embeddable":true,"href":"https:\/\/oiovape.com\/fr\/wp-json\/wp\/v2\/comments?post=6257"}],"version-history":[{"count":0,"href":"https:\/\/oiovape.com\/fr\/wp-json\/wp\/v2\/product\/6257\/revisions"}],"wp:featuredmedia":[{"embeddable":true,"href":"https:\/\/oiovape.com\/fr\/wp-json\/wp\/v2\/media\/6259"}],"wp:attachment":[{"href":"https:\/\/oiovape.com\/fr\/wp-json\/wp\/v2\/media?parent=6257"}],"wp:term":[{"taxonomy":"product_brand","embeddable":true,"href":"https:\/\/oiovape.com\/fr\/wp-json\/wp\/v2\/product_brand?post=6257"},{"taxonomy":"product_cat","embeddable":true,"href":"https:\/\/oiovape.com\/fr\/wp-json\/wp\/v2\/product_cat?post=6257"},{"taxonomy":"product_tag","embeddable":true,"href":"https:\/\/oiovape.com\/fr\/wp-json\/wp\/v2\/product_tag?post=6257"}],"curies":[{"name":"wp","href":"https:\/\/api.w.org\/{rel}","templated":true}]}}