{"id":6630,"date":"2026-02-02T14:46:51","date_gmt":"2026-02-02T06:46:51","guid":{"rendered":"https:\/\/oiovape.com\/?post_type=product&#038;p=6630"},"modified":"2026-04-16T16:04:49","modified_gmt":"2026-04-16T08:04:49","slug":"bang-leader-stoll-300000-puffs-2","status":"publish","type":"product","link":"https:\/\/oiovape.com\/fr\/product\/bang-leader-stoll-300000-puffs-2\/","title":{"rendered":"Bang Leader Stoll 300000 PUFFS 6 en 1 Saveur Vape Jetable E-liquide Grande Capacit\u00e9 Achat en Gros"},"content":{"rendered":"<div data-page-id=\"ZVeMfq8uxd7y1ycuKm5cym4LnYd\" data-lark-html-role=\"root\" data-docx-has-block-data=\"false\">\n<div data-page-id=\"Fd41fZ5N9dzRQtcRNoVc2FuDnCh\" data-lark-html-role=\"root\" data-docx-has-block-data=\"true\">\n<div data-page-id=\"BdIJfeeijdk1eucGpS8cDCBBn5c\" data-lark-html-role=\"root\" data-docx-has-block-data=\"false\">\n<div data-page-id=\"Zbg9fWx77dUuh2cIYpic25c8nyd\" data-lark-html-role=\"root\" data-docx-has-block-data=\"false\">\n<div data-page-id=\"KaIvfiurhdlCKdc0kyxcX64cnE6\" data-lark-html-role=\"root\" data-docx-has-block-data=\"true\">\n<div data-page-id=\"PbvFfqxqlddUTScRpEYcY5MHnpf\" data-lark-html-role=\"root\" data-docx-has-block-data=\"true\">\n<div data-page-id=\"GZO2f5JeudwY4jc9iJtcdk9Hnxh\" data-lark-html-role=\"root\" data-docx-has-block-data=\"false\">\n<div data-page-id=\"EZVRf2acFduXLGcseZFc4qH2n6e\" data-lark-html-role=\"root\" data-docx-has-block-data=\"false\">\n<div data-page-id=\"B8rHfcqlqdzmH5cCWCncz17Cntb\" data-lark-html-role=\"root\" data-docx-has-block-data=\"false\">\n<div data-page-id=\"B8rHfcqlqdzmH5cCWCncz17Cntb\" data-lark-html-role=\"root\" data-docx-has-block-data=\"false\">\n<div data-page-id=\"B8rHfcqlqdzmH5cCWCncz17Cntb\" data-lark-html-role=\"root\" data-docx-has-block-data=\"true\">\n<div data-page-id=\"HM70f1aoxdD0bMcxJZBcVc7ynZd\" data-lark-html-role=\"root\" data-docx-has-block-data=\"false\">\n<div data-page-id=\"NSrJfN7Ord22i0c1iwZcsF8yn8b\" data-lark-html-role=\"root\" data-docx-has-block-data=\"false\">\n<div data-page-id=\"RXEff4Mskds8o1cqL5HcGEtUnCh\" data-lark-html-role=\"root\" data-docx-has-block-data=\"false\">\n<div data-page-id=\"KJ7gfqkVndMSRJcMseScmvYwnTc\" data-lark-html-role=\"root\" data-docx-has-block-data=\"false\">\n<div class=\"ace-line ace-line old-record-id-QADAfETPudgmudc05YvcTO5fnxe\">\n<div data-page-id=\"KJ7gfqkVndMSRJcMseScmvYwnTc\" data-lark-html-role=\"root\" data-docx-has-block-data=\"false\">\n<div class=\"ace-line ace-line old-record-id-JoRkfpho8dOkiacEOascDyCOncb\">\n<div data-page-id=\"KJ7gfqkVndMSRJcMseScmvYwnTc\" data-lark-html-role=\"root\" data-docx-has-block-data=\"false\">\n<div data-page-id=\"Ju6ofQ3V4dGmePcVvJvc1gmcnZb\" data-lark-html-role=\"root\" data-docx-has-block-data=\"true\">\n<div data-page-id=\"PR9ife5PLdFabccbFgZcWgZOnTc\" data-lark-html-role=\"root\" data-docx-has-block-data=\"false\">\n<div data-page-id=\"INdrfOIGzdaenXcptrcc1BcznQc\" data-lark-html-role=\"root\" data-docx-has-block-data=\"false\">\n<div class=\"ace-line ace-line old-record-id-P0fIf4YaZdoGkbcxt5ackec2nnb\">\n<div data-page-id=\"INdrfOIGzdaenXcptrcc1BcznQc\" data-lark-html-role=\"root\" data-docx-has-block-data=\"false\">\n<div data-page-id=\"MAzCfUB73dMTQscm8eWcougVn1g\" data-lark-html-role=\"root\" data-docx-has-block-data=\"true\">\n<div data-page-id=\"AXfpf7H1odhDvGcKoUOcErN8nV7\" data-lark-html-role=\"root\" data-docx-has-block-data=\"false\">\n<div data-page-id=\"QYTKf5PvLdUNdbce2nBcW9yfnrh\" data-lark-html-role=\"root\" data-docx-has-block-data=\"false\">\n<div data-page-id=\"Pvu1f1CCBdxbjncA9pgcBTpanph\" data-lark-html-role=\"root\" data-docx-has-block-data=\"true\">\n<div data-page-id=\"Axf3fcmY8dDAhtcjVircBcphnPc\" data-lark-html-role=\"root\" data-docx-has-block-data=\"false\">\n<div data-page-id=\"KKj1f9SPmdLhhMc5E2AcNlLen6f\" data-lark-html-role=\"root\" data-docx-has-block-data=\"true\">\n<div data-page-id=\"Rx61fK1sJdXHjPcBuhZcweNhnwc\" data-lark-html-role=\"root\" data-docx-has-block-data=\"false\">\n<div data-page-id=\"L1H9fkG9Mdz45Fcy4WMc5VKXnRe\" data-lark-html-role=\"root\" data-docx-has-block-data=\"false\">\n<div data-page-id=\"L1H9fkG9Mdz45Fcy4WMc5VKXnRe\" data-lark-html-role=\"root\" data-docx-has-block-data=\"false\">\n<div data-page-id=\"D4XLfVBVrdE8mrcaYizczklLnaf\" data-lark-html-role=\"root\" data-docx-has-block-data=\"false\">\n<div data-page-id=\"WVcifIY44d5mhMcXtyEcTsfenGd\" data-lark-html-role=\"root\" data-docx-has-block-data=\"true\">\n<div data-page-id=\"LRknfa6Whd4DWCcUc0FcNKpJnyh\" data-lark-html-role=\"root\" data-docx-has-block-data=\"false\">\n<div data-page-id=\"LRknfa6Whd4DWCcUc0FcNKpJnyh\" data-lark-html-role=\"root\" data-docx-has-block-data=\"false\">\n<div data-page-id=\"XFRAfkcOEdRWh8cArQ2cJdyRnJf\" data-lark-html-role=\"root\" data-docx-has-block-data=\"true\">\n<div data-page-id=\"OQ3bfjnRddMTDGcC3ouc6xFKnWf\" data-lark-html-role=\"root\" data-docx-has-block-data=\"true\">\n<div data-page-id=\"J0iGfj1hEdjc4rcUdSmc4spMnmZ\" data-lark-html-role=\"root\" data-docx-has-block-data=\"false\">\n<div data-page-id=\"P1o7fFyNlduP8tcfZpQcagzbnIf\" data-lark-html-role=\"root\" data-docx-has-block-data=\"false\">\n<div class=\"ace-line ace-line old-record-id-P1o7fFyNlduP8tcfZpQcagzbnIf\">\n<div data-page-id=\"P1o7fFyNlduP8tcfZpQcagzbnIf\" data-lark-html-role=\"root\" data-docx-has-block-data=\"false\">\n<div data-page-id=\"U4iufW38SdttWKcTstMcTtHRnXc\" data-lark-html-role=\"root\" data-docx-has-block-data=\"true\">\n<div data-page-id=\"ONVMf7VTWddcFtcyATOchCJHnZb\" data-lark-html-role=\"root\" data-docx-has-block-data=\"true\">\n<div data-page-id=\"KoW2fSy0PdLHFlc5kSHcgvWMnYg\" data-lark-html-role=\"root\" data-docx-has-block-data=\"false\">\n<div data-page-id=\"KoW2fSy0PdLHFlc5kSHcgvWMnYg\" data-lark-html-role=\"root\" data-docx-has-block-data=\"false\">\n<div data-page-id=\"OLGhfzxC7d7EFIcLEj9cRT5ynZf\" data-lark-html-role=\"root\" data-docx-has-block-data=\"false\">\n<div data-page-id=\"DdnnfrLjzdqrFIc9Il9c7pA2noc\" data-lark-html-role=\"root\" data-docx-has-block-data=\"true\">\n<div data-page-id=\"KNzcf2o0oddkJOcztTVcqPdlnth\" data-lark-html-role=\"root\" data-docx-has-block-data=\"false\">\n<div data-page-id=\"LBU7fg5SEdkWhecGJoxca3xvnCe\" data-lark-html-role=\"root\" data-docx-has-block-data=\"false\">\n<div data-page-id=\"EB70fooS3d69bMcgWB7c5qb9n8g\" data-lark-html-role=\"root\" data-docx-has-block-data=\"false\">\n<div data-page-id=\"AogwfsZCadB6t0cAvF0cK4JLnvf\" data-lark-html-role=\"root\" data-docx-has-block-data=\"false\">\n<div data-page-id=\"AogwfsZCadB6t0cAvF0cK4JLnvf\" data-lark-html-role=\"root\" data-docx-has-block-data=\"false\">\n<div data-page-id=\"JMZIflNGddQuU0c5JZocSqlvnle\" data-lark-html-role=\"root\" data-docx-has-block-data=\"false\">\n<div data-page-id=\"JMZIflNGddQuU0c5JZocSqlvnle\" data-lark-html-role=\"root\" data-docx-has-block-data=\"true\">\n<div data-page-id=\"HtEafjjRIdPAlMc9zgYcsGy6nOe\" data-lark-html-role=\"root\" data-docx-has-block-data=\"false\">\n<div data-page-id=\"Rhnafz0WTdDeT9c43xxczsbVnJo\" data-lark-html-role=\"root\" data-docx-has-block-data=\"false\">\n<div data-page-id=\"WY0CfKdcTdf4hVcZl67ct5LGncf\" data-lark-html-role=\"root\" data-docx-has-block-data=\"true\">\n<div data-page-id=\"MkB5fF4AVdchovcoPEpc7LqvnOd\" data-lark-html-role=\"root\" data-docx-has-block-data=\"true\">\n<div data-page-id=\"MfbjfZhbhdJdA8cH1dAckqF0n6g\" data-lark-html-role=\"root\" data-docx-has-block-data=\"false\">\n<div class=\"ace-line ace-line old-record-id-W2AHfJLnjd7ugjcRLs1c8BdhnNh\">\n<div data-page-id=\"MfbjfZhbhdJdA8cH1dAckqF0n6g\" data-lark-html-role=\"root\" data-docx-has-block-data=\"false\">\n<div class=\"old-record-id-XXd1feeCZdR2hJc6evocxnh1nOg\">\n<div data-page-id=\"MfbjfZhbhdJdA8cH1dAckqF0n6g\" data-lark-html-role=\"root\" data-docx-has-block-data=\"false\">\n<div data-page-id=\"DE51fYUmxdT3ekcHzc3cGrVQnsc\" data-lark-html-role=\"root\" data-docx-has-block-data=\"false\">\n<div data-page-id=\"YSKdfaZ08dRej3ci5CccQBuOncc\" data-lark-html-role=\"root\" data-docx-has-block-data=\"true\">\n<div data-page-id=\"K6mofQmledamEFcgp1EcVobmnYd\" data-lark-html-role=\"root\" data-docx-has-block-data=\"false\">\n<div data-page-id=\"VTgsfVLdCd9q1ucYcwRcCM0Hnof\" data-lark-html-role=\"root\" data-docx-has-block-data=\"true\">\n<div data-page-id=\"WucKfzp8RdNy8rcMJHncz4Knnac\" data-lark-html-role=\"root\" data-docx-has-block-data=\"true\">\n<div data-page-id=\"IfZ9fDIBLd9b9hcJiqGcLw9Pnmh\" data-lark-html-role=\"root\" data-docx-has-block-data=\"false\">\n<div data-page-id=\"JeU6f3Yq5dbdEHcZDptc5ikcn5c\" data-lark-html-role=\"root\" data-docx-has-block-data=\"true\">\n<div data-page-id=\"E1YjfnB4Jdmtsfc2ZObcu04Un6c\" data-lark-html-role=\"root\" data-docx-has-block-data=\"false\">\n<div data-page-id=\"RQVEfdiOzdqTQKcRcnxcG0Y7nce\" data-lark-html-role=\"root\" data-docx-has-block-data=\"true\">\n<div data-page-id=\"NKc7fbZi9dnOXocdHcScVsXdnmh\" data-lark-html-role=\"root\" data-docx-has-block-data=\"false\">\n<div data-page-id=\"DaE3fgNEwdnbQVc62iqcBK4lnte\" data-lark-html-role=\"root\" data-docx-has-block-data=\"false\">\n<div data-page-id=\"DaE3fgNEwdnbQVc62iqcBK4lnte\" data-lark-html-role=\"root\" data-docx-has-block-data=\"false\">\n<div class=\"container\">\n<div id=\"model-response-message-contentr_fae531c0e914f92d\" class=\"markdown markdown-main-panel stronger enable-updated-hr-color\" dir=\"ltr\" aria-live=\"off\" aria-busy=\"false\">\n<div style=\"width: 720px;\" class=\"wp-video\"><video class=\"wp-video-shortcode\" id=\"video-6630-1\" width=\"720\" height=\"1280\" preload=\"metadata\" controls=\"controls\"><source type=\"video\/mp4\" src=\"https:\/\/oiovape.com\/wp-content\/uploads\/2026\/03\/Bang-300k-Video.mp4?_=1\" \/><a href=\"https:\/\/oiovape.com\/wp-content\/uploads\/2026\/03\/Bang-300k-Video.mp4\">https:\/\/oiovape.com\/wp-content\/uploads\/2026\/03\/Bang-300k-Video.mp4<\/a><\/video><\/div>\n<h2 data-path-to-node=\"0\">Bang Leader Stoll 300000 Puffs : La Biblioth\u00e8que de Saveurs Ultime 6 en 1<\/h2>\n<p data-path-to-node=\"1\">Fatigu\u00e9 d'\u00eatre attach\u00e9 \u00e0 un seul saveur pendant des semaines ? Le <b data-path-to-node=\"1\" data-index-in-node=\"58\">Bang Leader Stoll 300K<\/b> n'est pas qu'une simple cigarette \u00e9lectronique ; c'est un v\u00e9ritable festival de saveurs emball\u00e9 dans un ch\u00e2ssis \u00e9l\u00e9gant. Con\u00e7u pour ceux qui exigent de la vari\u00e9t\u00e9 sans l'encombrement de plusieurs appareils, ce powerhouse introduit un <b data-path-to-node=\"1\" data-index-in-node=\"297\">Syst\u00e8me de saveur ind\u00e9pendant 6 en 1<\/b>. Imaginez avoir une ambiance diff\u00e9rente pour chaque heure de la journ\u00e9e\u2014d'un coup glac\u00e9 du matin \u00e0 un coucher de soleil sucr\u00e9\u2014tout accessible d'un simple clic.<\/p>\n<p data-path-to-node=\"2\">Avec un impressionnant <b data-path-to-node=\"2\" data-index-in-node=\"18\">300000 bouff\u00e9es au total<\/b>, cet appareil \u00e9tablit une nouvelle norme d'or pour la <b data-path-to-node=\"2\" data-index-in-node=\"84\">grande bouff\u00e9e<\/b> cat\u00e9gorie, garantissant que votre parcours de vapotage dure des mois plut\u00f4t que des jours.<\/p>\n<h2 data-path-to-node=\"4\">Pourquoi S'engager pour Un Seul Quand Vous Pouvez en Avoir Six ?<\/h2>\n<h3 data-path-to-node=\"5\">Votre palais aspire-t-il \u00e0 une r\u00e9volution ?<\/h3>\n<p data-path-to-node=\"6\">La plupart des jetables vous forcent dans une relation \u00e0 long terme avec un seul saveur. Le Bang Leader Stoll 300000 Puffs brise ce cycle. En abritant six chambres de liquide \u00e9lectronique s\u00e9par\u00e9es, il pr\u00e9vient la \u201c fatigue des saveurs \u201d. La conception du r\u00e9servoir ind\u00e9pendant garantit que votre \u201c Blueberry Ice \u201d ne go\u00fbte jamais comme un fant\u00f4me du \u201c Strawberry Kiwi \u201d que vous aviez il y a dix minutes. C'est pur, isol\u00e9 et instantan\u00e9.<\/p>\n<h3 data-path-to-node=\"8\">L'Ing\u00e9nierie Derri\u00e8re le Nuage<\/h3>\n<h4 data-path-to-node=\"9\">\ud83d\udd0b Puissance Qui Refuse d'Abandonner<\/h4>\n<p data-path-to-node=\"10\">A <b data-path-to-node=\"10\" data-index-in-node=\"2\">grande bouff\u00e9e<\/b> le compte est insignifiant si la batterie meurt \u00e0 mi-chemin. Le Bang Leader 300K dispose d'un noyau rechargeable robuste de 650 mAh. Associ\u00e9 \u00e0 un <b data-path-to-node=\"10\" data-index-in-node=\"138\">port de charge Type-C<\/b>, il se recharge aussi vite qu'un smartphone moderne, garantissant que vous pouvez extraire chaque derni\u00e8re goutte de la capacit\u00e9 de 300000 bouff\u00e9es.<\/p>\n<h4 data-path-to-node=\"11\">\u26a1 Technologie de Bobine Mesh de Pr\u00e9cision<\/h4>\n<p data-path-to-node=\"12\">Au c\u0153ur de l'appareil se trouve une <b data-path-to-node=\"12\" data-index-in-node=\"34\">bobine mesh 1.0-ohm<\/b>. Contrairement aux bobines traditionnelles qui chauffent de mani\u00e8re in\u00e9gale, cette grille mesh agit comme un instrument finement accord\u00e9, vaporisant le liquide sur une surface plus large. Le r\u00e9sultat ? Un nuage lisse et dense qui capture les notes hautes nuanc\u00e9es de chaque m\u00e9lange de fruits et de boissons.<\/p>\n<h4 data-path-to-node=\"13\">\ud83d\udee0\ufe0f Fabrication Ergonomique et \u00c9tanche<\/h4>\n<p data-path-to-node=\"14\">Tenir le Bang Leader Stoll 300000 Puffs se sent naturel. Malgr\u00e9 sa capacit\u00e9 interne massive, la <b data-path-to-node=\"14\" data-index-in-node=\"76\">forme ergonomique<\/b> s'adapte confortablement \u00e0 la paume. Plus important encore, la <b data-path-to-node=\"14\" data-index-in-node=\"141\">conception r\u00e9sistante aux fuites<\/b> agit comme une forteresse pour votre jus, gardant vos poches propres et votre attention sur la saveur.<\/p>\n<h2 data-path-to-node=\"16\">Sp\u00e9cifications : Un Aper\u00e7u Rapide<\/h2>\n<div class=\"horizontal-scroll-wrapper\">\n<div class=\"table-block-component\">\n<div class=\"table-block has-export-button new-table-style is-at-scroll-start is-at-scroll-end\">\n<div class=\"table-content\" data-hveid=\"0\" data-ved=\"0CAAQ3ecQahgKEwjtvoDR8vGTAxUAAAAAHQAAAAAQngI\">\n<table data-path-to-node=\"17\">\n<thead>\n<tr>\n<th><span data-path-to-node=\"17,0,0,0\">Fonctionnalit\u00e9<\/span><\/th>\n<th><span data-path-to-node=\"17,0,1,0\">D\u00e9tail technique<\/span><\/th>\n<\/tr>\n<\/thead>\n<tbody>\n<tr>\n<td><span data-path-to-node=\"17,1,0,0\"><b data-path-to-node=\"17,1,0,0\" data-index-in-node=\"0\">Nombre Total de Puffs<\/b><\/span><\/td>\n<td><span data-path-to-node=\"17,1,1,0\">Jusqu'\u00e0 300000 Bouff\u00e9es<\/span><\/td>\n<\/tr>\n<tr>\n<td><span data-path-to-node=\"17,2,0,0\"><b data-path-to-node=\"17,2,0,0\" data-index-in-node=\"0\">Syst\u00e8me de Saveur<\/b><\/span><\/td>\n<td><span data-path-to-node=\"17,2,1,0\">6 Chambres Rotatives Ind\u00e9pendantes en 1<\/span><\/td>\n<\/tr>\n<tr>\n<td><span data-path-to-node=\"17,3,0,0\"><b data-path-to-node=\"17,3,0,0\" data-index-in-node=\"0\">Type de r\u00e9sistance<\/b><\/span><\/td>\n<td><span data-path-to-node=\"17,3,1,0\">Bobine Mesh Avanc\u00e9e 1.0 ohm<\/span><\/td>\n<\/tr>\n<tr>\n<td><span data-path-to-node=\"17,4,0,0\"><b data-path-to-node=\"17,4,0,0\" data-index-in-node=\"0\">Capacit\u00e9 de la Batterie<\/b><\/span><\/td>\n<td><span data-path-to-node=\"17,4,1,0\">650 mAh (Rechargeable)<\/span><\/td>\n<\/tr>\n<tr>\n<td><span data-path-to-node=\"17,5,0,0\"><b data-path-to-node=\"17,5,0,0\" data-index-in-node=\"0\">Chargement<\/b><\/span><\/td>\n<td><span data-path-to-node=\"17,5,1,0\">Charge rapide USB Type-C<\/span><\/td>\n<\/tr>\n<tr>\n<td><span data-path-to-node=\"17,6,0,0\"><b data-path-to-node=\"17,6,0,0\" data-index-in-node=\"0\">Options de Nicotine<\/b><\/span><\/td>\n<td><span data-path-to-node=\"17,6,1,0\">0% \/ 2% \/ 3% \/ 5%<\/span><\/td>\n<\/tr>\n<tr>\n<td><span data-path-to-node=\"17,7,0,0\"><b data-path-to-node=\"17,7,0,0\" data-index-in-node=\"0\">Construction<\/b><\/span><\/td>\n<td><span data-path-to-node=\"17,7,1,0\">Coque Ergonomique R\u00e9sistante aux Fuites<\/span><\/td>\n<\/tr>\n<\/tbody>\n<\/table>\n<\/div>\n<\/div>\n<\/div>\n<\/div>\n<h2 data-path-to-node=\"19\">La Biblioth\u00e8que des Saveurs : 12 S\u00e9ries Chefs-d'\u0152uvre<\/h2>\n<p data-path-to-node=\"20\">Le Bang Leader Stoll 300000 Bouff\u00e9es offre 12 \u201c Collections \u201d distinctes. Chaque collection contient six saveurs uniques. Que vous cherchiez une <b data-path-to-node=\"20\" data-index-in-node=\"131\">les distributeurs de vapotage en gros,<\/b> solution ou une r\u00e9serve personnelle, ces m\u00e9langes s\u00e9lectionn\u00e9s couvrent l'ensemble du spectre sensoriel.<\/p>\n<h4 data-path-to-node=\"21\">S\u00e9ries 1 \u00e0 3 : Les Moissonneurs de Fruits<\/h4>\n<ul data-path-to-node=\"22\">\n<li>\n<p data-path-to-node=\"22,0,0\"><b data-path-to-node=\"22,0,0\" data-index-in-node=\"0\">S\u00e9rie 1 :<\/b> Past\u00e8que gla\u00e7\u00e9e, Red bull, Fraise kiwi, Myrtille gla\u00e7\u00e9e, Citron citron vert, Past\u00e8que fraise.<\/p>\n<\/li>\n<li>\n<p data-path-to-node=\"22,1,0\"><b data-path-to-node=\"22,1,0\" data-index-in-node=\"0\">S\u00e9rie 2 :<\/b> Fraise banane, Double pomme, Framboise past\u00e8que, Mangue ananas aigre, Fruit tropical, P\u00eache citron.<\/p>\n<\/li>\n<li>\n<p data-path-to-node=\"22,2,0\"><b data-path-to-node=\"22,2,0\" data-index-in-node=\"0\">S\u00e9rie 3 :<\/b> Noix de coco ananas, Blue razz, Baies m\u00e9lang\u00e9es, Mangue p\u00eache, Framboise myrtille, Fraise vanille coca.<\/p>\n<\/li>\n<\/ul>\n<h4 data-path-to-node=\"23\">S\u00e9ries 4 \u00e0 6 : Explorations Audacieuses et Exotiques<\/h4>\n<ul data-path-to-node=\"24\">\n<li>\n<p data-path-to-node=\"24,0,0\"><b data-path-to-node=\"24,0,0\" data-index-in-node=\"0\">S\u00e9rie 4 :<\/b> P\u00eache baie, Triple melon, Raisin gla\u00e7\u00e9, Glace dragon noir, Cerise Fizy gla\u00e7\u00e9e, Ourson gommeux.<\/p>\n<\/li>\n<li>\n<p data-path-to-node=\"24,1,0\"><b data-path-to-node=\"24,1,0\" data-index-in-node=\"0\">S\u00e9rie 5 :<\/b> Bonbon arc-en-ciel, Cerise cola gla\u00e7\u00e9e, Love 666, Mangue gla\u00e7\u00e9e, Myrtille barbe \u00e0 papa, P\u00eache gla\u00e7\u00e9e.<\/p>\n<\/li>\n<li>\n<p data-path-to-node=\"24,2,0\"><b data-path-to-node=\"24,2,0\" data-index-in-node=\"0\">S\u00e9rie 6 :<\/b> Gla\u00e7on alo\u00e8s litchi, Citron rose, Gla\u00e7on glacier, Menthe aiguille de pin, Gla\u00e7on cassis, Citron past\u00e8que.<\/p>\n<\/li>\n<\/ul>\n<h4 data-path-to-node=\"25\">S\u00e9ries 7 \u00e0 9 : Ambiance Estivale et Coups d'\u00c9nergie<\/h4>\n<ul data-path-to-node=\"26\">\n<li>\n<p data-path-to-node=\"26,0,0\"><b data-path-to-node=\"26,0,0\" data-index-in-node=\"0\">S\u00e9rie 7 :<\/b> Past\u00e8que glac\u00e9e, Fruits rouges m\u00e9lang\u00e9s, Pomme poire, Menthe myrtille, \u00c9t\u00e9, P\u00eache.<\/p>\n<\/li>\n<li>\n<p data-path-to-node=\"26,1,0\"><b data-path-to-node=\"26,1,0\" data-index-in-node=\"0\">S\u00e9rie 8 :<\/b> Boisson \u00e9nergisante, P\u00eache glac\u00e9e, Mangue glac\u00e9e, Goji, Cassis, Mamba.<\/p>\n<\/li>\n<li>\n<p data-path-to-node=\"26,2,0\"><b data-path-to-node=\"26,2,0\" data-index-in-node=\"0\">S\u00e9rie 9 :<\/b> Cerise cola, Framboise myrtille, Glace dragon noir, Bonbon arc-en-ciel, Glace Fuji, P\u00eache aigre past\u00e8que.<\/p>\n<\/li>\n<\/ul>\n<h4 data-path-to-node=\"27\">S\u00e9rie 10 \u00e0 12 : Le Connaisseur de Boissons<\/h4>\n<ul data-path-to-node=\"28\">\n<li>\n<p data-path-to-node=\"28,0,0\"><b data-path-to-node=\"28,0,0\" data-index-in-node=\"0\">S\u00e9rie 10 :<\/b> Redbull, Fraise kiwi, Fraise banane, Glace litchi, Baie past\u00e8que, Mangue fruit de la passion.<\/p>\n<\/li>\n<li>\n<p data-path-to-node=\"28,1,0\"><b data-path-to-node=\"28,1,0\" data-index-in-node=\"0\">S\u00e9rie 11 :<\/b> Glace cola Red bull, Fraise framboise cerise, Fruit du dragon m\u00fbre, Citron citron vert, Grenade framboise, Kiwi past\u00e8que.<\/p>\n<\/li>\n<li>\n<p data-path-to-node=\"28,2,0\"><b data-path-to-node=\"28,2,0\" data-index-in-node=\"0\">S\u00e9rie 12 :<\/b> Glace cola, Boisson \u00e9nergisante, Glace cerise, Fruit de la passion melon, Glace m\u00fbre, Kiwi pomme.<\/p>\n<\/li>\n<\/ul>\n<p><img decoding=\"async\" class=\"alignnone wp-image-6642 size-full\" title=\"Saveur Bang Leader Stoll 300k\" src=\"https:\/\/oiovape.com\/wp-content\/uploads\/2026\/02\/Bang-Leader-Stoll-300k-flavor-scaled.png\" alt=\"Saveur Bang Leader Stoll 300k\" width=\"1370\" height=\"2560\" srcset=\"https:\/\/oiovape.com\/wp-content\/uploads\/2026\/02\/Bang-Leader-Stoll-300k-flavor-scaled.png 1370w, https:\/\/oiovape.com\/wp-content\/uploads\/2026\/02\/Bang-Leader-Stoll-300k-flavor-161x300.png 161w, https:\/\/oiovape.com\/wp-content\/uploads\/2026\/02\/Bang-Leader-Stoll-300k-flavor-548x1024.png 548w, https:\/\/oiovape.com\/wp-content\/uploads\/2026\/02\/Bang-Leader-Stoll-300k-flavor-768x1435.png 768w, https:\/\/oiovape.com\/wp-content\/uploads\/2026\/02\/Bang-Leader-Stoll-300k-flavor-822x1536.png 822w, https:\/\/oiovape.com\/wp-content\/uploads\/2026\/02\/Bang-Leader-Stoll-300k-flavor-1096x2048.png 1096w, https:\/\/oiovape.com\/wp-content\/uploads\/2026\/02\/Bang-Leader-Stoll-300k-flavor-6x12.png 6w, https:\/\/oiovape.com\/wp-content\/uploads\/2026\/02\/Bang-Leader-Stoll-300k-flavor-1200x2242.png 1200w, https:\/\/oiovape.com\/wp-content\/uploads\/2026\/02\/Bang-Leader-Stoll-300k-flavor-150x280.png 150w\" sizes=\"(max-width: 1370px) 100vw, 1370px\" \/><\/p>\n<h2 data-path-to-node=\"30\">Questions Fr\u00e9quemment Pos\u00e9es (FAQ)<\/h2>\n<h5 data-path-to-node=\"31\">1. Comment fonctionne le changement de saveur 6 en 1 ?<\/h5>\n<p data-path-to-node=\"32\">L'appareil est con\u00e7u avec six r\u00e9servoirs internes isol\u00e9s. En utilisant le s\u00e9lecteur externe, vous pouvez basculer entre les saveurs instantan\u00e9ment. Parce que les flux d'air et les chambres sont s\u00e9par\u00e9s, il n'y a aucun m\u00e9lange de saveurs ou \u201c arri\u00e8re-go\u00fbt \u201d de la s\u00e9lection pr\u00e9c\u00e9dente.<\/p>\n<h5 data-path-to-node=\"33\">2. Le nombre de 300000 bouff\u00e9es s'applique-t-il \u00e0 chaque saveur individuelle ?<\/h5>\n<p data-path-to-node=\"34\">Non, les 300000 bouff\u00e9es repr\u00e9sentent la <b data-path-to-node=\"34\" data-index-in-node=\"36\">capacit\u00e9 totale<\/b> de l'appareil entier. Ce total est r\u00e9parti sur les six chambres de saveur, offrant une dur\u00e9e de vie massive qui d\u00e9passe de loin les jetables standard.<\/p>\n<h5 data-path-to-node=\"35\">3. Dois-je acheter des c\u00e2bles sp\u00e9ciaux pour la recharge ?<\/h5>\n<p data-path-to-node=\"36\">Pas du tout. Le Bang Leader Stoll utilise un <b data-path-to-node=\"36\" data-index-in-node=\"51\">port de charge Type-C<\/b>, universel, le m\u00eame standard utilis\u00e9 par la plupart des appareils \u00e9lectroniques modernes. Cela garantit que vous pouvez facilement maintenir l'appareil aliment\u00e9 jusqu'\u00e0 la derni\u00e8re bouff\u00e9e.<\/p>\n<h5 data-path-to-node=\"37\">4. Pourquoi choisir une bobine mesh pour un appareil d'une si grande capacit\u00e9 ?<\/h5>\n<p data-path-to-node=\"38\">La bobine mesh 1,0 ohm est con\u00e7ue pour la long\u00e9vit\u00e9 et la puret\u00e9 de la saveur. Elle offre une plus grande surface de chauffage, ce qui pr\u00e9vient le \u201c go\u00fbt br\u00fbl\u00e9 \u201d souvent trouv\u00e9 dans les vapes haute capacit\u00e9 vers la fin de leur vie, garantissant que la 300000e bouff\u00e9e est aussi bonne que la premi\u00e8re.<\/p>\n<h5 data-path-to-node=\"39\">5. Cet appareil convient-il aux commandes en gros ou en vrac ?<\/h5>\n<p data-path-to-node=\"40\">Absolument. Gr\u00e2ce \u00e0 sa fonction unique 6 en 1 et son nombre de bouff\u00e9es record, c'est un choix haut de gamme pour le <b data-path-to-node=\"40\" data-index-in-node=\"109\">les distributeurs de vapotage en gros,<\/b> march\u00e9, offrant aux consommateurs plus de valeur et de vari\u00e9t\u00e9 dans un seul achat que les mod\u00e8les traditionnels.<\/p>\n<\/div>\n<\/div>\n<\/div>\n<\/div>\n<\/div>\n<\/div>\n<\/div>\n<\/div>\n<\/div>\n<\/div>\n<\/div>\n<\/div>\n<\/div>\n<\/div>\n<\/div>\n<\/div>\n<\/div>\n<\/div>\n<\/div>\n<\/div>\n<\/div>\n<\/div>\n<\/div>\n<\/div>\n<\/div>\n<\/div>\n<\/div>\n<\/div>\n<\/div>\n<\/div>\n<\/div>\n<\/div>\n<\/div>\n<\/div>\n<\/div>\n<\/div>\n<\/div>\n<\/div>\n<\/div>\n<\/div>\n<\/div>\n<\/div>\n<\/div>\n<\/div>\n<\/div>\n<\/div>\n<\/div>\n<\/div>\n<\/div>\n<\/div>\n<\/div>\n<\/div>\n<\/div>\n<\/div>\n<\/div>\n<\/div>\n<\/div>\n<\/div>\n<\/div>\n<\/div>\n<\/div>\n<\/div>\n<\/div>\n<\/div>\n<\/div>\n<\/div>\n<\/div>\n<\/div>\n<\/div>\n<\/div>\n<\/div>\n<\/div>\n<\/div>\n<\/div>\n<\/div>\n<\/div>\n<\/div>\n<\/div>\n<\/div>","protected":false},"excerpt":{"rendered":"<div data-page-id=\"RAopf2sw9dtvw4cWYXpcTwo0n8g\" data-lark-html-role=\"root\" data-docx-has-block-data=\"false\">\n<div class=\"ace-line ace-line old-record-id-Uju9f3RXYd8dh2crAJbcBF3Un6M\">D\u00e9couvrez le vape Bang Leader Stoll 300000 Puffs. Il propose 72 saveurs diverses r\u00e9parties sur 12 s\u00e9ries, allant des fusions fruit\u00e9es aux friandises glac\u00e9es. \u00c9quip\u00e9 d'une batterie de 650 mAh, d'une charge Type C et d'une r\u00e9sistance de 1,0 ohm, il offre des bouff\u00e9es de vapeur douces et durables pour chaque amateur de saveurs.<\/div>\n<\/div>","protected":false},"featured_media":6643,"comment_status":"open","ping_status":"closed","template":"","meta":{"_acf_changed":false,"inline_featured_image":false,"_sitemap_exclude":false,"_sitemap_priority":"","_sitemap_frequency":""},"product_brand":[90],"product_cat":[79],"product_tag":[],"class_list":{"0":"post-6630","1":"product","2":"type-product","3":"status-publish","4":"has-post-thumbnail","6":"product_brand-bang","7":"product_cat-bang-puff","9":"first","10":"instock","11":"sale","12":"shipping-taxable","13":"purchasable","14":"product-type-variable","15":"has-default-attributes"},"acf":[],"tiered_pricing_type":"fixed","tiered_pricing_fixed_rules":{"30":9.36,"60":8.58,"100":7.96,"200":7.35},"tiered_pricing_product_settings":{"layout":"default","base_unit_name":{"singular":null,"plural":null},"default_variation":null},"tiered_pricing_minimum_quantity":10,"tiered_pricing_roles_data":[],"tiered_pricing_percentage_rules":[],"tiered_pricing_maximum_quantity":null,"tiered_pricing_quantity_step":"10","_links":{"self":[{"href":"https:\/\/oiovape.com\/fr\/wp-json\/wp\/v2\/product\/6630","targetHints":{"allow":["GET"]}}],"collection":[{"href":"https:\/\/oiovape.com\/fr\/wp-json\/wp\/v2\/product"}],"about":[{"href":"https:\/\/oiovape.com\/fr\/wp-json\/wp\/v2\/types\/product"}],"replies":[{"embeddable":true,"href":"https:\/\/oiovape.com\/fr\/wp-json\/wp\/v2\/comments?post=6630"}],"version-history":[{"count":2,"href":"https:\/\/oiovape.com\/fr\/wp-json\/wp\/v2\/product\/6630\/revisions"}],"predecessor-version":[{"id":8399,"href":"https:\/\/oiovape.com\/fr\/wp-json\/wp\/v2\/product\/6630\/revisions\/8399"}],"wp:featuredmedia":[{"embeddable":true,"href":"https:\/\/oiovape.com\/fr\/wp-json\/wp\/v2\/media\/6643"}],"wp:attachment":[{"href":"https:\/\/oiovape.com\/fr\/wp-json\/wp\/v2\/media?parent=6630"}],"wp:term":[{"taxonomy":"product_brand","embeddable":true,"href":"https:\/\/oiovape.com\/fr\/wp-json\/wp\/v2\/product_brand?post=6630"},{"taxonomy":"product_cat","embeddable":true,"href":"https:\/\/oiovape.com\/fr\/wp-json\/wp\/v2\/product_cat?post=6630"},{"taxonomy":"product_tag","embeddable":true,"href":"https:\/\/oiovape.com\/fr\/wp-json\/wp\/v2\/product_tag?post=6630"}],"curies":[{"name":"wp","href":"https:\/\/api.w.org\/{rel}","templated":true}]}}