{"id":6822,"date":"2026-02-07T11:03:24","date_gmt":"2026-02-07T03:03:24","guid":{"rendered":"https:\/\/oiovape.com\/?post_type=product&#038;p=6822"},"modified":"2026-03-05T10:58:56","modified_gmt":"2026-03-05T02:58:56","slug":"jnr-shisha-ultra-45000-puffs","status":"publish","type":"product","link":"https:\/\/oiovape.com\/fr\/product\/jnr-shisha-ultra-45000-puffs\/","title":{"rendered":"JNR SHISHA ULTRA 45000 PUFFS Options de maillage triple jetable DTL Vape avec airflow r\u00e9glable"},"content":{"rendered":"<div data-page-id=\"ZVeMfq8uxd7y1ycuKm5cym4LnYd\" data-lark-html-role=\"root\" data-docx-has-block-data=\"false\">\n<div data-page-id=\"Fd41fZ5N9dzRQtcRNoVc2FuDnCh\" data-lark-html-role=\"root\" data-docx-has-block-data=\"true\">\n<div data-page-id=\"BdIJfeeijdk1eucGpS8cDCBBn5c\" data-lark-html-role=\"root\" data-docx-has-block-data=\"false\">\n<div data-page-id=\"Zbg9fWx77dUuh2cIYpic25c8nyd\" data-lark-html-role=\"root\" data-docx-has-block-data=\"false\">\n<div data-page-id=\"KaIvfiurhdlCKdc0kyxcX64cnE6\" data-lark-html-role=\"root\" data-docx-has-block-data=\"true\">\n<div data-page-id=\"PbvFfqxqlddUTScRpEYcY5MHnpf\" data-lark-html-role=\"root\" data-docx-has-block-data=\"true\">\n<div data-page-id=\"GZO2f5JeudwY4jc9iJtcdk9Hnxh\" data-lark-html-role=\"root\" data-docx-has-block-data=\"false\">\n<div data-page-id=\"EZVRf2acFduXLGcseZFc4qH2n6e\" data-lark-html-role=\"root\" data-docx-has-block-data=\"false\">\n<div data-page-id=\"B8rHfcqlqdzmH5cCWCncz17Cntb\" data-lark-html-role=\"root\" data-docx-has-block-data=\"false\">\n<div data-page-id=\"B8rHfcqlqdzmH5cCWCncz17Cntb\" data-lark-html-role=\"root\" data-docx-has-block-data=\"false\">\n<div data-page-id=\"B8rHfcqlqdzmH5cCWCncz17Cntb\" data-lark-html-role=\"root\" data-docx-has-block-data=\"true\">\n<div data-page-id=\"HM70f1aoxdD0bMcxJZBcVc7ynZd\" data-lark-html-role=\"root\" data-docx-has-block-data=\"false\">\n<div data-page-id=\"NSrJfN7Ord22i0c1iwZcsF8yn8b\" data-lark-html-role=\"root\" data-docx-has-block-data=\"false\">\n<div data-page-id=\"RXEff4Mskds8o1cqL5HcGEtUnCh\" data-lark-html-role=\"root\" data-docx-has-block-data=\"false\">\n<div data-page-id=\"KJ7gfqkVndMSRJcMseScmvYwnTc\" data-lark-html-role=\"root\" data-docx-has-block-data=\"false\">\n<div class=\"ace-line ace-line old-record-id-QADAfETPudgmudc05YvcTO5fnxe\">\n<div data-page-id=\"KJ7gfqkVndMSRJcMseScmvYwnTc\" data-lark-html-role=\"root\" data-docx-has-block-data=\"false\">\n<div class=\"ace-line ace-line old-record-id-JoRkfpho8dOkiacEOascDyCOncb\">\n<div data-page-id=\"KJ7gfqkVndMSRJcMseScmvYwnTc\" data-lark-html-role=\"root\" data-docx-has-block-data=\"false\">\n<div data-page-id=\"Ju6ofQ3V4dGmePcVvJvc1gmcnZb\" data-lark-html-role=\"root\" data-docx-has-block-data=\"true\">\n<div data-page-id=\"PR9ife5PLdFabccbFgZcWgZOnTc\" data-lark-html-role=\"root\" data-docx-has-block-data=\"false\">\n<div data-page-id=\"INdrfOIGzdaenXcptrcc1BcznQc\" data-lark-html-role=\"root\" data-docx-has-block-data=\"false\">\n<div class=\"ace-line ace-line old-record-id-P0fIf4YaZdoGkbcxt5ackec2nnb\">\n<div data-page-id=\"INdrfOIGzdaenXcptrcc1BcznQc\" data-lark-html-role=\"root\" data-docx-has-block-data=\"false\">\n<div data-page-id=\"MAzCfUB73dMTQscm8eWcougVn1g\" data-lark-html-role=\"root\" data-docx-has-block-data=\"true\">\n<div data-page-id=\"AXfpf7H1odhDvGcKoUOcErN8nV7\" data-lark-html-role=\"root\" data-docx-has-block-data=\"false\">\n<div data-page-id=\"QYTKf5PvLdUNdbce2nBcW9yfnrh\" data-lark-html-role=\"root\" data-docx-has-block-data=\"false\">\n<div data-page-id=\"Pvu1f1CCBdxbjncA9pgcBTpanph\" data-lark-html-role=\"root\" data-docx-has-block-data=\"true\">\n<div data-page-id=\"Axf3fcmY8dDAhtcjVircBcphnPc\" data-lark-html-role=\"root\" data-docx-has-block-data=\"false\">\n<div data-page-id=\"KKj1f9SPmdLhhMc5E2AcNlLen6f\" data-lark-html-role=\"root\" data-docx-has-block-data=\"true\">\n<div data-page-id=\"Rx61fK1sJdXHjPcBuhZcweNhnwc\" data-lark-html-role=\"root\" data-docx-has-block-data=\"false\">\n<div data-page-id=\"L1H9fkG9Mdz45Fcy4WMc5VKXnRe\" data-lark-html-role=\"root\" data-docx-has-block-data=\"false\">\n<div data-page-id=\"L1H9fkG9Mdz45Fcy4WMc5VKXnRe\" data-lark-html-role=\"root\" data-docx-has-block-data=\"false\">\n<div data-page-id=\"D4XLfVBVrdE8mrcaYizczklLnaf\" data-lark-html-role=\"root\" data-docx-has-block-data=\"false\">\n<div data-page-id=\"WVcifIY44d5mhMcXtyEcTsfenGd\" data-lark-html-role=\"root\" data-docx-has-block-data=\"true\">\n<div data-page-id=\"LRknfa6Whd4DWCcUc0FcNKpJnyh\" data-lark-html-role=\"root\" data-docx-has-block-data=\"false\">\n<div data-page-id=\"LRknfa6Whd4DWCcUc0FcNKpJnyh\" data-lark-html-role=\"root\" data-docx-has-block-data=\"false\">\n<div data-page-id=\"XFRAfkcOEdRWh8cArQ2cJdyRnJf\" data-lark-html-role=\"root\" data-docx-has-block-data=\"true\">\n<div data-page-id=\"OQ3bfjnRddMTDGcC3ouc6xFKnWf\" data-lark-html-role=\"root\" data-docx-has-block-data=\"true\">\n<div data-page-id=\"J0iGfj1hEdjc4rcUdSmc4spMnmZ\" data-lark-html-role=\"root\" data-docx-has-block-data=\"false\">\n<div data-page-id=\"P1o7fFyNlduP8tcfZpQcagzbnIf\" data-lark-html-role=\"root\" data-docx-has-block-data=\"false\">\n<div class=\"ace-line ace-line old-record-id-P1o7fFyNlduP8tcfZpQcagzbnIf\">\n<div data-page-id=\"P1o7fFyNlduP8tcfZpQcagzbnIf\" data-lark-html-role=\"root\" data-docx-has-block-data=\"false\">\n<div data-page-id=\"U4iufW38SdttWKcTstMcTtHRnXc\" data-lark-html-role=\"root\" data-docx-has-block-data=\"true\">\n<div data-page-id=\"ONVMf7VTWddcFtcyATOchCJHnZb\" data-lark-html-role=\"root\" data-docx-has-block-data=\"true\">\n<div data-page-id=\"KoW2fSy0PdLHFlc5kSHcgvWMnYg\" data-lark-html-role=\"root\" data-docx-has-block-data=\"false\">\n<div data-page-id=\"KoW2fSy0PdLHFlc5kSHcgvWMnYg\" data-lark-html-role=\"root\" data-docx-has-block-data=\"false\">\n<div data-page-id=\"OLGhfzxC7d7EFIcLEj9cRT5ynZf\" data-lark-html-role=\"root\" data-docx-has-block-data=\"false\">\n<div data-page-id=\"DdnnfrLjzdqrFIc9Il9c7pA2noc\" data-lark-html-role=\"root\" data-docx-has-block-data=\"true\">\n<div data-page-id=\"KNzcf2o0oddkJOcztTVcqPdlnth\" data-lark-html-role=\"root\" data-docx-has-block-data=\"false\">\n<div data-page-id=\"LBU7fg5SEdkWhecGJoxca3xvnCe\" data-lark-html-role=\"root\" data-docx-has-block-data=\"false\">\n<div data-page-id=\"EB70fooS3d69bMcgWB7c5qb9n8g\" data-lark-html-role=\"root\" data-docx-has-block-data=\"false\">\n<div data-page-id=\"AogwfsZCadB6t0cAvF0cK4JLnvf\" data-lark-html-role=\"root\" data-docx-has-block-data=\"false\">\n<div data-page-id=\"AogwfsZCadB6t0cAvF0cK4JLnvf\" data-lark-html-role=\"root\" data-docx-has-block-data=\"false\">\n<div data-page-id=\"JMZIflNGddQuU0c5JZocSqlvnle\" data-lark-html-role=\"root\" data-docx-has-block-data=\"false\">\n<div data-page-id=\"JMZIflNGddQuU0c5JZocSqlvnle\" data-lark-html-role=\"root\" data-docx-has-block-data=\"true\">\n<div data-page-id=\"HtEafjjRIdPAlMc9zgYcsGy6nOe\" data-lark-html-role=\"root\" data-docx-has-block-data=\"false\">\n<div data-page-id=\"Rhnafz0WTdDeT9c43xxczsbVnJo\" data-lark-html-role=\"root\" data-docx-has-block-data=\"false\">\n<div data-page-id=\"WY0CfKdcTdf4hVcZl67ct5LGncf\" data-lark-html-role=\"root\" data-docx-has-block-data=\"true\">\n<div data-page-id=\"MkB5fF4AVdchovcoPEpc7LqvnOd\" data-lark-html-role=\"root\" data-docx-has-block-data=\"true\">\n<div data-page-id=\"MfbjfZhbhdJdA8cH1dAckqF0n6g\" data-lark-html-role=\"root\" data-docx-has-block-data=\"false\">\n<div class=\"ace-line ace-line old-record-id-W2AHfJLnjd7ugjcRLs1c8BdhnNh\">\n<div data-page-id=\"MfbjfZhbhdJdA8cH1dAckqF0n6g\" data-lark-html-role=\"root\" data-docx-has-block-data=\"false\">\n<div class=\"old-record-id-XXd1feeCZdR2hJc6evocxnh1nOg\">\n<div data-page-id=\"MfbjfZhbhdJdA8cH1dAckqF0n6g\" data-lark-html-role=\"root\" data-docx-has-block-data=\"false\">\n<div data-page-id=\"DE51fYUmxdT3ekcHzc3cGrVQnsc\" data-lark-html-role=\"root\" data-docx-has-block-data=\"false\">\n<div data-page-id=\"YSKdfaZ08dRej3ci5CccQBuOncc\" data-lark-html-role=\"root\" data-docx-has-block-data=\"true\">\n<div data-page-id=\"K6mofQmledamEFcgp1EcVobmnYd\" data-lark-html-role=\"root\" data-docx-has-block-data=\"false\">\n<div data-page-id=\"VTgsfVLdCd9q1ucYcwRcCM0Hnof\" data-lark-html-role=\"root\" data-docx-has-block-data=\"true\">\n<div data-page-id=\"WucKfzp8RdNy8rcMJHncz4Knnac\" data-lark-html-role=\"root\" data-docx-has-block-data=\"true\">\n<div data-page-id=\"IfZ9fDIBLd9b9hcJiqGcLw9Pnmh\" data-lark-html-role=\"root\" data-docx-has-block-data=\"false\">\n<div data-page-id=\"JeU6f3Yq5dbdEHcZDptc5ikcn5c\" data-lark-html-role=\"root\" data-docx-has-block-data=\"true\">\n<div data-page-id=\"E1YjfnB4Jdmtsfc2ZObcu04Un6c\" data-lark-html-role=\"root\" data-docx-has-block-data=\"false\">\n<div data-page-id=\"RQVEfdiOzdqTQKcRcnxcG0Y7nce\" data-lark-html-role=\"root\" data-docx-has-block-data=\"true\">\n<div data-page-id=\"NKc7fbZi9dnOXocdHcScVsXdnmh\" data-lark-html-role=\"root\" data-docx-has-block-data=\"false\">\n<div data-page-id=\"DaE3fgNEwdnbQVc62iqcBK4lnte\" data-lark-html-role=\"root\" data-docx-has-block-data=\"false\">\n<div data-page-id=\"DaE3fgNEwdnbQVc62iqcBK4lnte\" data-lark-html-role=\"root\" data-docx-has-block-data=\"false\">\n<div data-page-id=\"NqSRfcp5SdFQ6ucdStXcbvManpc\" data-lark-html-role=\"root\" data-docx-has-block-data=\"false\">\n<div data-page-id=\"KydBfoEuudJNYhcgRdAc3aeUn7c\" data-lark-html-role=\"root\" data-docx-has-block-data=\"true\">\n<div data-page-id=\"SIqXfR5ipd7jWpczA5RcYkWInfd\" data-lark-html-role=\"root\" data-docx-has-block-data=\"false\">\n<div data-page-id=\"Y06XfUzydd0aVicBtPKcZlS8nJf\" data-lark-html-role=\"root\" data-docx-has-block-data=\"true\">\n<div data-page-id=\"E2ZvfNrVNdEHKickexPcvdXVnrc\" data-lark-html-role=\"root\" data-docx-has-block-data=\"false\">\n<div data-page-id=\"DqGzfq5S4d9GdAcOQVIcIdPhn2c\" data-lark-html-role=\"root\" data-docx-has-block-data=\"false\">\n<h2 class=\"heading-2 ace-line old-record-id-K327f1CG3dZgv0cVs3Tc5SyXn4d\">Qu'est-ce qui rend le JNR SHISHA ULTRA 45000 TIRAGES exceptionnel ?<\/h2>\n<div class=\"ace-line ace-line old-record-id-CzKJfeNXqdche9ctjnVca1gNngf\">Cet appareil jetable DTL (Direct to Lung) n'est pas qu'un simple produit de vapotage \u2014 il est con\u00e7u avec une attention particuli\u00e8re \u00e0 chaque d\u00e9tail, de son ext\u00e9rieur premium \u00e0 ses composants internes puissants. D\u00e9composons ses caract\u00e9ristiques cl\u00e9s qui en font un choix de premier plan pour les vapoteurs de tous niveaux.<\/div>\n<h3 class=\"heading-3 ace-line old-record-id-SUFPfmFuodKypPcH99NcD1bSnJd\">Design \u00c9l\u00e9gant &amp; Sensation Premium<\/h3>\n<div class=\"ace-line ace-line old-record-id-VslqfCuk0dLnHbcaDvrcY9HPnMf\">Oubliez les jetables encombrants et au look bon march\u00e9. Le JNR SHISHA ULTRA 45000 TIRAGES pr\u00e9sente un ext\u00e9rieur en cuir qui se sent luxueux dans votre main et ajoute une touche de sophistication. Ce n'est pas seulement une question d'apparence, cependant \u2014 le design compact et ergonomique le rend facile \u00e0 transporter dans votre poche ou votre sac, vous permettant de profiter de vos saveurs pr\u00e9f\u00e9r\u00e9es partout, \u00e0 tout moment. \u2728<\/div>\n<h3 class=\"heading-3 ace-line old-record-id-OegOfPsEqdl5kvcswsOcOu1dn0c\">Plaisir Durable Sans Tracas<\/h3>\n<div class=\"ace-line ace-line old-record-id-C9qofZfAtdV4hucTDyscs78xnDe\">L'une des plus grandes frustrations avec les vapes jetables est de manquer de e-liquide ou de batterie trop t\u00f4t. Cet appareil r\u00e9sout ce probl\u00e8me avec un g\u00e9n\u00e9reux r\u00e9servoir de 40 ml de e-liquide, offrant jusqu'\u00e0 45 000 tirages \u2014 c'est des semaines de vapotage constant sans avoir besoin de remplacer l'appareil. \ud83c\udf89<\/div>\n<h3 class=\"heading-3 ace-line old-record-id-NNHJfX5U2dgRkKcIMrTcIBNKn0b\">Batterie Puissante &amp; Charge Rapide<\/h3>\n<div class=\"ace-line ace-line old-record-id-XJ8bfAGNyd4xe1cEo5HcVaPpnac\">\u00c9quip\u00e9 d'une batterie de 1100 mAh, le JNR SHISHA ULTRA 45000 TIRAGES d\u00e9livre une vapeur forte et constante du d\u00e9but \u00e0 la fin. Et lorsque vous avez besoin d'une recharge, le port Type-C assure une charge rapide et pratique \u2014 plus besoin d'attendre des heures pour reprendre le vapotage. \ud83d\udd0b<\/div>\n<h3 class=\"heading-3 ace-line old-record-id-PmDXfGqDgdrkvzcpybMcbeLcn6f\">Vapeur Riche &amp; Exp\u00e9rience Personnalisable<\/h3>\n<div class=\"ace-line ace-line old-record-id-CeFkfqp48dNmCOc4X0tcz3jNnMd\">L'appareil dispose d'une r\u00e9sistance en mesh de 1,20, avec des options de triple mesh disponibles, pour produire une vapeur riche et lisse qui fait ressortir toute la saveur de chaque e-liquide. Il a \u00e9galement un flux d'air ajustable, vous permettant de modifier l'aspiration selon vos pr\u00e9f\u00e9rences \u2014 que vous aimiez un tirage serr\u00e9 et concentr\u00e9 ou un tirage lisse et a\u00e9r\u00e9. De plus, la fen\u00eatre visible du e-liquide vous permet de v\u00e9rifier d'un coup d'\u0153il combien il en reste, pour ne jamais manquer de liquide de mani\u00e8re inattendue. \ud83c\udf2c\ufe0f<\/div>\n<h3 class=\"heading-3 ace-line old-record-id-CVPXf63SzdJljCcwgIscSyH8nWf\">Affichage Intelligent de la Batterie pour Tranquillit\u00e9 d'Esprit<\/h3>\n<div class=\"ace-line ace-line old-record-id-FYI4fP00IdgEfbcv6uxcQoFTnah\">Vous vous demandez combien de batterie il vous reste ? L'affichage intelligent de la batterie montre les niveaux de puissance en temps r\u00e9el, vous permettant de savoir quand il est temps de recharger. Plus de devinettes ou d'\u00eatre pris au d\u00e9pourvu avec un appareil \u00e0 plat. \ud83d\udcca<br \/>\n<img decoding=\"async\" class=\"wp-image-6834 size-full\" title=\"JNRPUFF SHISHA ULTRA 45K POST\" src=\"https:\/\/oiovape.com\/wp-content\/uploads\/2026\/02\/JNRPUFF-SHISHA-ULTRA-45K-POST.jpg\" alt=\"JNRPUFF SHISHA ULTRA 45K POST\" width=\"1920\" height=\"1080\" srcset=\"https:\/\/oiovape.com\/wp-content\/uploads\/2026\/02\/JNRPUFF-SHISHA-ULTRA-45K-POST.jpg 1920w, https:\/\/oiovape.com\/wp-content\/uploads\/2026\/02\/JNRPUFF-SHISHA-ULTRA-45K-POST-300x169.jpg 300w, https:\/\/oiovape.com\/wp-content\/uploads\/2026\/02\/JNRPUFF-SHISHA-ULTRA-45K-POST-1024x576.jpg 1024w, https:\/\/oiovape.com\/wp-content\/uploads\/2026\/02\/JNRPUFF-SHISHA-ULTRA-45K-POST-768x432.jpg 768w, https:\/\/oiovape.com\/wp-content\/uploads\/2026\/02\/JNRPUFF-SHISHA-ULTRA-45K-POST-1536x864.jpg 1536w, https:\/\/oiovape.com\/wp-content\/uploads\/2026\/02\/JNRPUFF-SHISHA-ULTRA-45K-POST-18x10.jpg 18w, https:\/\/oiovape.com\/wp-content\/uploads\/2026\/02\/JNRPUFF-SHISHA-ULTRA-45K-POST-1200x675.jpg 1200w, https:\/\/oiovape.com\/wp-content\/uploads\/2026\/02\/JNRPUFF-SHISHA-ULTRA-45K-POST-150x84.jpg 150w\" sizes=\"(max-width: 1920px) 100vw, 1920px\" \/><\/div>\n<h2 class=\"heading-2 ace-line old-record-id-Fj4GfjVePdpaARcVfY0cplumnRH\">Pourquoi Choisir le JNR SHISHA ULTRA 45000 TIRAGES ?<\/h2>\n<div class=\"ace-line ace-line old-record-id-ZTmnfWhzGd0903cnMJXcWK33nOb\">Avec tant de vapes jetables sur le march\u00e9, vous vous demandez peut-\u00eatre ce qui distingue celle-ci. Voici pourquoi c'est le choix parfait pour vous :<\/div>\n<ul class=\"list-bullet1\">\n<li class=\"ace-line ace-line old-record-id-CoaffcrFpdUnm9c4tdfcyPv1nmg\" data-list=\"bullet\">\n<div>Pas de tracas : C'est un appareil jetable, donc vous n'avez qu'\u00e0 le d\u00e9baller, commencer \u00e0 vapoter et le jeter une fois termin\u00e9 \u2014 pas de remplissage, pas de changement de r\u00e9sistance, pas d'entretien.<\/div>\n<\/li>\n<li class=\"ace-line ace-line old-record-id-FM8mfZJ8WdzhomcYQDPciNKQn4c\" data-list=\"bullet\">\n<div>Durable : 45000 tirages signifient que vous n'aurez pas \u00e0 le remplacer constamment, vous faisant gagner du temps et de l'argent.<\/div>\n<\/li>\n<li class=\"ace-line ace-line old-record-id-CpEhfDf1Kdpbg7cYa5ac5tpJn5c\" data-list=\"bullet\">\n<div>Qualit\u00e9 premium : De l'ext\u00e9rieur en cuir aux r\u00e9sistances en mesh, chaque partie est con\u00e7ue pour la durabilit\u00e9 et la performance.<\/div>\n<\/li>\n<li class=\"ace-line ace-line old-record-id-EPxcf5BaTdMGfFcWgUDcSiLenBm\" data-list=\"bullet\">\n<div>Personnalisable : Le flux d'air ajustable et les options de triple mesh vous permettent d'adapter votre exp\u00e9rience de vapotage \u00e0 votre go\u00fbt.<\/div>\n<\/li>\n<li class=\"ace-line ace-line old-record-id-XxxnfVPFAdtSGAcJUOicf1ernFb\" data-list=\"bullet\">\n<div>Pratique : Charge rapide Type-C, e-liquide visible et affichage intelligent de la batterie rendent son utilisation facile au quotidien.<\/div>\n<\/li>\n<\/ul>\n<h2 class=\"heading-2 ace-line old-record-id-QSuafoyRDdLhRIcffGEcYuQInkc\">Explorez les Saveurs D\u00e9licieuses<\/h2>\n<div class=\"ace-line ace-line old-record-id-K9KofmZY3dKcIqcagHUceNDankf\">Le JNR SHISHA ULTRA 45000 TIRAGES est disponible en 16 saveurs all\u00e9chantes, chacune con\u00e7ue pour offrir un go\u00fbt audacieux et authentique. Chaque nom de saveur commence par une majuscule, le reste en minuscules \u2014 parfait pour trouver votre nouvelle saveur pr\u00e9f\u00e9r\u00e9e :<\/div>\n<h4 class=\"heading-4 ace-line old-record-id-PG97fmxX0d33EfcyjS8chD6Xnye\">Saveurs Menthol\u00e9es Rafra\u00eechissantes<\/h4>\n<div class=\"ace-line ace-line old-record-id-MWCYfIJRGdl7e4cePancDDndn4c\">Id\u00e9al pour les vapoteurs qui aiment un hit frais et rafra\u00eechissant, ces options menthol\u00e9es sont parfaites \u00e0 tout moment de la journ\u00e9e :<\/div>\n<ul class=\"list-bullet1\">\n<li class=\"ace-line ace-line old-record-id-O9FIfWMaQd5PHkcnopWcoa7bn0u\" data-list=\"bullet\">\n<div>Menthe : Une saveur de menthe classique et propre qui rafra\u00eechit votre palais \u00e0 chaque tirage. \u2744\ufe0f<\/div>\n<\/li>\n<li class=\"ace-line ace-line old-record-id-XFTIfLXeBdSCbNcj19Lcbo6lnCg\" data-list=\"bullet\">\n<div>Menthe \u00e0 Chewing-Gum : Le go\u00fbt frais et p\u00e9tillant de la gomme \u00e0 la menthe, avec une douceur subtile et une finition rafra\u00eechissante.<\/div>\n<\/li>\n<li class=\"ace-line ace-line old-record-id-ZKFjf2EybdutVtcGZFOcnsCcnbh\" data-list=\"bullet\">\n<div>Menthe Myrtille : Myrtille juteuse rencontre menthe croquante, pour une combinaison douce et rafra\u00eechissante.<\/div>\n<\/li>\n<li class=\"ace-line ace-line old-record-id-YoBUfEkisdXhH4chtBaceZ5Gn5g\" data-list=\"bullet\">\n<div>Menthe Citron : Citron zest\u00e9 associ\u00e9 \u00e0 de la menthe rafra\u00eechissante, lumineux et vivifiant.<\/div>\n<\/li>\n<li class=\"ace-line ace-line old-record-id-WEwof69zjdzJ6NcywOjcbgUfnIL\" data-list=\"bullet\">\n<div>Menthol : Une saveur de menthol forte et lisse qui offre une fra\u00eecheur satisfaisante.<\/div>\n<\/li>\n<li class=\"ace-line ace-line old-record-id-OeFvfTI6Wdem2TctlTrcwfEkneg\" data-list=\"bullet\">\n<div>Menthe Verte : Menthe verte fra\u00eeche avec une note herbac\u00e9e l\u00e9g\u00e8re, parfaite pour un besoin de menthe plus doux.<\/div>\n<\/li>\n<\/ul>\n<h4 class=\"heading-4 ace-line old-record-id-LLm8fQ7x8dgHs8c5jDNc3gRZnsh\">Saveurs Sucr\u00e9es &amp; Fruit\u00e9es<\/h4>\n<div class=\"ace-line ace-line old-record-id-MF4HfaBCldAo8ecmuyacq1AgnXc\">\u00c9clatantes de saveurs de fruits frais, ces options sont sucr\u00e9es, vibrantes et pleines de caract\u00e8re :<\/div>\n<ul class=\"list-bullet1\">\n<li class=\"ace-line ace-line old-record-id-KHCEfMPH3dzSLDc1P9scSURFngc\" data-list=\"bullet\">\n<div>Punch \u00e0 la Fraise : Fraises sucr\u00e9es et m\u00fbres m\u00e9lang\u00e9es \u00e0 un punch acidul\u00e9, fruit\u00e9 et rafra\u00eechissant.<\/div>\n<\/li>\n<li class=\"ace-line ace-line old-record-id-Cwu6fVsPsd5UNmcHpLqcvhaRnJc\" data-list=\"bullet\">\n<div>Glace \u00e0 la P\u00eache : P\u00eache juteuse et m\u00fbre associ\u00e9e \u00e0 une touche de glace, pour une friandise douce et rafra\u00eechissante.<\/div>\n<\/li>\n<li class=\"ace-line ace-line old-record-id-T4ylf6KzHdXiT9c9f3KcQLvgnsg\" data-list=\"bullet\">\n<div>Myrtille Framboise : Myrtilles dodues et framboises acidul\u00e9es, une saveur audacieuse et remplie de baies.<\/div>\n<\/li>\n<li class=\"ace-line ace-line old-record-id-WaBHfA7kOd2lmEcTzSrcIYdMn9f\" data-list=\"bullet\">\n<div>Fraise Cerise : Fraises sucr\u00e9es et cerises juteuses, une combinaison fruit\u00e9e classique.<\/div>\n<\/li>\n<li class=\"ace-line ace-line old-record-id-UsZIfqV0wdKZPtcTVQdcvKGWnch\" data-list=\"bullet\">\n<div>Baies M\u00e9lang\u00e9es : Un m\u00e9lange de baies fra\u00eeches \u2014 sucr\u00e9es, acidul\u00e9es et parfaitement \u00e9quilibr\u00e9es.<\/div>\n<\/li>\n<li class=\"ace-line ace-line old-record-id-NfZMfP3ZBdYZOvcH2VacHAESn6c\" data-list=\"bullet\">\n<div>Mangue Ananas : Mangue tropicale et ananas sucr\u00e9, une \u00e9vasion ensoleill\u00e9e et fruit\u00e9e.<\/div>\n<\/li>\n<li class=\"ace-line ace-line old-record-id-Bs7GfwcjYduyzHcB6ggcoKNXnGl\" data-list=\"bullet\">\n<div>Fiesta Cerise : Cerises juteuses et m\u00fbres avec une touche de douceur, audacieuses et d\u00e9licieuses.<\/div>\n<\/li>\n<li class=\"ace-line ace-line old-record-id-VimDfRWMud1Vnqcajecca86DnPb\" data-list=\"bullet\">\n<div>P\u00eaches d'\u00c9t\u00e9 : P\u00eaches fra\u00eeches et m\u00fbres avec une ambiance l\u00e9g\u00e8re et estivale, sucr\u00e9es et lisses.<\/div>\n<\/li>\n<\/ul>\n<h4 class=\"heading-4 ace-line old-record-id-JfNKfpkjJdvvhHcQAjmciYWNnvU\">Unique &amp; Irr\u00e9sistible<\/h4>\n<div class=\"ace-line ace-line old-record-id-NvHufiuNUdjISUcmIF3caYirn3c\">Pour les vapoteurs qui aiment quelque chose d'un peu diff\u00e9rent, cette saveur est s\u00fbre d'impressionner :<\/div>\n<ul class=\"list-bullet1\">\n<li class=\"ace-line ace-line old-record-id-XlWSfsGz9d8K57c8HnpcAoHLn7f\" data-list=\"bullet\">\n<div>Amour Magique : Un m\u00e9lange unique et sucr\u00e9 qui est difficile \u00e0 r\u00e9sister \u2014 chaud, r\u00e9confortant et plein de saveur. \u2764\ufe0f<\/div>\n<\/li>\n<li class=\"ace-line ace-line old-record-id-Bw3UfbOs3d80PGcRNRVc5wSMnlh\" data-list=\"bullet\">\n<div>R\u00eave d'\u00c9t\u00e9 : Un m\u00e9lange l\u00e9ger et fruit\u00e9 qui ressemble \u00e0 une brise d'\u00e9t\u00e9 \u2014 frais, sucr\u00e9 et revigorant.<\/div>\n<\/li>\n<\/ul>\n<\/div>\n<div class=\"ace-line ace-line old-record-id-C7fMf0jNDdroeRcGED7c9IQbnUo\">\n<div data-page-id=\"E2ZvfNrVNdEHKickexPcvdXVnrc\" data-lark-html-role=\"root\" data-docx-has-block-data=\"true\"><\/div>\n<\/div>\n<\/div>\n<\/div>\n<\/div>\n<\/div>\n<\/div>\n<\/div>\n<\/div>\n<\/div>\n<\/div>\n<\/div>\n<\/div>\n<\/div>\n<\/div>\n<\/div>\n<\/div>\n<\/div>\n<\/div>\n<\/div>\n<\/div>\n<\/div>\n<\/div>\n<\/div>\n<\/div>\n<\/div>\n<\/div>\n<\/div>\n<\/div>\n<\/div>\n<\/div>\n<\/div>\n<\/div>\n<\/div>\n<\/div>\n<\/div>\n<\/div>\n<\/div>\n<\/div>\n<\/div>\n<\/div>\n<\/div>\n<\/div>\n<\/div>\n<\/div>\n<\/div>\n<\/div>\n<\/div>\n<\/div>\n<\/div>\n<\/div>\n<\/div>\n<\/div>\n<\/div>\n<\/div>\n<\/div>\n<\/div>\n<\/div>\n<\/div>\n<\/div>\n<\/div>\n<\/div>\n<\/div>\n<\/div>\n<\/div>\n<\/div>\n<\/div>\n<\/div>\n<\/div>\n<\/div>\n<\/div>\n<\/div>\n<\/div>\n<\/div>\n<\/div>\n<\/div>\n<\/div>\n<\/div>\n<\/div>\n<\/div>\n<\/div>\n<\/div>\n<\/div>\n<\/div>","protected":false},"excerpt":{"rendered":"<div data-page-id=\"RAopf2sw9dtvw4cWYXpcTwo0n8g\" data-lark-html-role=\"root\" data-docx-has-block-data=\"false\">\n<div class=\"ace-line ace-line old-record-id-Uju9f3RXYd8dh2crAJbcBF3Un6M\">\n<div data-page-id=\"Dd8gfe2wRdT66jcgnqtcUwg5ndh\" data-lark-html-role=\"root\" data-docx-has-block-data=\"false\">\n<div class=\"ace-line ace-line old-record-id-FiRZf3qXpdK0RqcHt8wcxPTon8b\">JNR SHISHA ULTRA 45000 Puffs est un vapoteuse jetable DTL haut de gamme avec un ext\u00e9rieur en cuir \u00e9l\u00e9gant et 40 ml de e-liquide pour 45K bouff\u00e9es. Il dispose d'une batterie rechargeable Type-C de 1100 mAh, d'un flux d'air r\u00e9glable, de r\u00e9sistances en mesh et d'un affichage intelligent de la batterie. 16 saveurs d\u00e9licieuses allant de la menthe aux fruits, convenant \u00e0 tous les go\u00fbts des vapoteurs pour une exp\u00e9rience personnalisable et sans tracas.<\/div>\n<\/div>\n<\/div>\n<\/div>","protected":false},"featured_media":6833,"comment_status":"open","ping_status":"closed","template":"","meta":{"_acf_changed":false,"inline_featured_image":false,"_sitemap_exclude":false,"_sitemap_priority":"","_sitemap_frequency":""},"product_brand":[88],"product_cat":[77,383],"product_tag":[],"class_list":{"0":"post-6822","1":"product","2":"type-product","3":"status-publish","4":"has-post-thumbnail","6":"product_brand-jnr","7":"product_cat-jnr-puff","8":"product_cat-shisha-vape","10":"first","11":"instock","12":"sale","13":"shipping-taxable","14":"purchasable","15":"product-type-variable","16":"has-default-attributes"},"acf":[],"tiered_pricing_type":"fixed","tiered_pricing_fixed_rules":{"30":9.47,"60":8.59,"100":7.99,"200":7.46},"tiered_pricing_product_settings":{"layout":"default","base_unit_name":{"singular":null,"plural":null},"default_variation":null},"tiered_pricing_minimum_quantity":10,"tiered_pricing_roles_data":[],"tiered_pricing_percentage_rules":[],"tiered_pricing_maximum_quantity":null,"tiered_pricing_quantity_step":"10","_links":{"self":[{"href":"https:\/\/oiovape.com\/fr\/wp-json\/wp\/v2\/product\/6822","targetHints":{"allow":["GET"]}}],"collection":[{"href":"https:\/\/oiovape.com\/fr\/wp-json\/wp\/v2\/product"}],"about":[{"href":"https:\/\/oiovape.com\/fr\/wp-json\/wp\/v2\/types\/product"}],"replies":[{"embeddable":true,"href":"https:\/\/oiovape.com\/fr\/wp-json\/wp\/v2\/comments?post=6822"}],"version-history":[{"count":0,"href":"https:\/\/oiovape.com\/fr\/wp-json\/wp\/v2\/product\/6822\/revisions"}],"wp:featuredmedia":[{"embeddable":true,"href":"https:\/\/oiovape.com\/fr\/wp-json\/wp\/v2\/media\/6833"}],"wp:attachment":[{"href":"https:\/\/oiovape.com\/fr\/wp-json\/wp\/v2\/media?parent=6822"}],"wp:term":[{"taxonomy":"product_brand","embeddable":true,"href":"https:\/\/oiovape.com\/fr\/wp-json\/wp\/v2\/product_brand?post=6822"},{"taxonomy":"product_cat","embeddable":true,"href":"https:\/\/oiovape.com\/fr\/wp-json\/wp\/v2\/product_cat?post=6822"},{"taxonomy":"product_tag","embeddable":true,"href":"https:\/\/oiovape.com\/fr\/wp-json\/wp\/v2\/product_tag?post=6822"}],"curies":[{"name":"wp","href":"https:\/\/api.w.org\/{rel}","templated":true}]}}