{"id":7135,"date":"2026-02-28T11:31:27","date_gmt":"2026-02-28T03:31:27","guid":{"rendered":"https:\/\/oiovape.com\/?post_type=product&#038;p=7135"},"modified":"2026-03-02T18:01:39","modified_gmt":"2026-03-02T10:01:39","slug":"zooy-twins-30000-puffs","status":"publish","type":"product","link":"https:\/\/oiovape.com\/fr\/product\/zooy-twins-30000-puffs\/","title":{"rendered":"Zooy Twins 30000 TIRAGES Vape Jetable Rechargeable Rapide \u00e0 Double Saveur"},"content":{"rendered":"<div data-page-id=\"ZVeMfq8uxd7y1ycuKm5cym4LnYd\" data-lark-html-role=\"root\" data-docx-has-block-data=\"false\">\n<div data-page-id=\"Fd41fZ5N9dzRQtcRNoVc2FuDnCh\" data-lark-html-role=\"root\" data-docx-has-block-data=\"true\">\n<div data-page-id=\"BdIJfeeijdk1eucGpS8cDCBBn5c\" data-lark-html-role=\"root\" data-docx-has-block-data=\"false\">\n<div data-page-id=\"Zbg9fWx77dUuh2cIYpic25c8nyd\" data-lark-html-role=\"root\" data-docx-has-block-data=\"false\">\n<div data-page-id=\"KaIvfiurhdlCKdc0kyxcX64cnE6\" data-lark-html-role=\"root\" data-docx-has-block-data=\"true\">\n<div data-page-id=\"PbvFfqxqlddUTScRpEYcY5MHnpf\" data-lark-html-role=\"root\" data-docx-has-block-data=\"true\">\n<div data-page-id=\"GZO2f5JeudwY4jc9iJtcdk9Hnxh\" data-lark-html-role=\"root\" data-docx-has-block-data=\"false\">\n<div data-page-id=\"EZVRf2acFduXLGcseZFc4qH2n6e\" data-lark-html-role=\"root\" data-docx-has-block-data=\"false\">\n<div data-page-id=\"B8rHfcqlqdzmH5cCWCncz17Cntb\" data-lark-html-role=\"root\" data-docx-has-block-data=\"false\">\n<div data-page-id=\"B8rHfcqlqdzmH5cCWCncz17Cntb\" data-lark-html-role=\"root\" data-docx-has-block-data=\"false\">\n<div data-page-id=\"B8rHfcqlqdzmH5cCWCncz17Cntb\" data-lark-html-role=\"root\" data-docx-has-block-data=\"true\">\n<div data-page-id=\"HM70f1aoxdD0bMcxJZBcVc7ynZd\" data-lark-html-role=\"root\" data-docx-has-block-data=\"false\">\n<div data-page-id=\"NSrJfN7Ord22i0c1iwZcsF8yn8b\" data-lark-html-role=\"root\" data-docx-has-block-data=\"false\">\n<div data-page-id=\"RXEff4Mskds8o1cqL5HcGEtUnCh\" data-lark-html-role=\"root\" data-docx-has-block-data=\"false\">\n<div data-page-id=\"KJ7gfqkVndMSRJcMseScmvYwnTc\" data-lark-html-role=\"root\" data-docx-has-block-data=\"false\">\n<div class=\"ace-line ace-line old-record-id-QADAfETPudgmudc05YvcTO5fnxe\">\n<div data-page-id=\"KJ7gfqkVndMSRJcMseScmvYwnTc\" data-lark-html-role=\"root\" data-docx-has-block-data=\"false\">\n<div class=\"ace-line ace-line old-record-id-JoRkfpho8dOkiacEOascDyCOncb\">\n<div data-page-id=\"KJ7gfqkVndMSRJcMseScmvYwnTc\" data-lark-html-role=\"root\" data-docx-has-block-data=\"false\">\n<div data-page-id=\"Ju6ofQ3V4dGmePcVvJvc1gmcnZb\" data-lark-html-role=\"root\" data-docx-has-block-data=\"true\">\n<div data-page-id=\"PR9ife5PLdFabccbFgZcWgZOnTc\" data-lark-html-role=\"root\" data-docx-has-block-data=\"false\">\n<div data-page-id=\"INdrfOIGzdaenXcptrcc1BcznQc\" data-lark-html-role=\"root\" data-docx-has-block-data=\"false\">\n<div class=\"ace-line ace-line old-record-id-P0fIf4YaZdoGkbcxt5ackec2nnb\">\n<div data-page-id=\"INdrfOIGzdaenXcptrcc1BcznQc\" data-lark-html-role=\"root\" data-docx-has-block-data=\"false\">\n<div data-page-id=\"MAzCfUB73dMTQscm8eWcougVn1g\" data-lark-html-role=\"root\" data-docx-has-block-data=\"true\">\n<div data-page-id=\"AXfpf7H1odhDvGcKoUOcErN8nV7\" data-lark-html-role=\"root\" data-docx-has-block-data=\"false\">\n<div data-page-id=\"QYTKf5PvLdUNdbce2nBcW9yfnrh\" data-lark-html-role=\"root\" data-docx-has-block-data=\"false\">\n<div data-page-id=\"Pvu1f1CCBdxbjncA9pgcBTpanph\" data-lark-html-role=\"root\" data-docx-has-block-data=\"true\">\n<div data-page-id=\"Axf3fcmY8dDAhtcjVircBcphnPc\" data-lark-html-role=\"root\" data-docx-has-block-data=\"false\">\n<div data-page-id=\"KKj1f9SPmdLhhMc5E2AcNlLen6f\" data-lark-html-role=\"root\" data-docx-has-block-data=\"true\">\n<div data-page-id=\"Rx61fK1sJdXHjPcBuhZcweNhnwc\" data-lark-html-role=\"root\" data-docx-has-block-data=\"false\">\n<div data-page-id=\"L1H9fkG9Mdz45Fcy4WMc5VKXnRe\" data-lark-html-role=\"root\" data-docx-has-block-data=\"false\">\n<div data-page-id=\"L1H9fkG9Mdz45Fcy4WMc5VKXnRe\" data-lark-html-role=\"root\" data-docx-has-block-data=\"false\">\n<div data-page-id=\"D4XLfVBVrdE8mrcaYizczklLnaf\" data-lark-html-role=\"root\" data-docx-has-block-data=\"false\">\n<div data-page-id=\"WVcifIY44d5mhMcXtyEcTsfenGd\" data-lark-html-role=\"root\" data-docx-has-block-data=\"true\">\n<div data-page-id=\"LRknfa6Whd4DWCcUc0FcNKpJnyh\" data-lark-html-role=\"root\" data-docx-has-block-data=\"false\">\n<div data-page-id=\"LRknfa6Whd4DWCcUc0FcNKpJnyh\" data-lark-html-role=\"root\" data-docx-has-block-data=\"false\">\n<div data-page-id=\"XFRAfkcOEdRWh8cArQ2cJdyRnJf\" data-lark-html-role=\"root\" data-docx-has-block-data=\"true\">\n<div data-page-id=\"OQ3bfjnRddMTDGcC3ouc6xFKnWf\" data-lark-html-role=\"root\" data-docx-has-block-data=\"true\">\n<div data-page-id=\"J0iGfj1hEdjc4rcUdSmc4spMnmZ\" data-lark-html-role=\"root\" data-docx-has-block-data=\"false\">\n<div data-page-id=\"P1o7fFyNlduP8tcfZpQcagzbnIf\" data-lark-html-role=\"root\" data-docx-has-block-data=\"false\">\n<div class=\"ace-line ace-line old-record-id-P1o7fFyNlduP8tcfZpQcagzbnIf\">\n<div data-page-id=\"P1o7fFyNlduP8tcfZpQcagzbnIf\" data-lark-html-role=\"root\" data-docx-has-block-data=\"false\">\n<div data-page-id=\"U4iufW38SdttWKcTstMcTtHRnXc\" data-lark-html-role=\"root\" data-docx-has-block-data=\"true\">\n<div data-page-id=\"ONVMf7VTWddcFtcyATOchCJHnZb\" data-lark-html-role=\"root\" data-docx-has-block-data=\"true\">\n<div data-page-id=\"KoW2fSy0PdLHFlc5kSHcgvWMnYg\" data-lark-html-role=\"root\" data-docx-has-block-data=\"false\">\n<div data-page-id=\"KoW2fSy0PdLHFlc5kSHcgvWMnYg\" data-lark-html-role=\"root\" data-docx-has-block-data=\"false\">\n<div data-page-id=\"OLGhfzxC7d7EFIcLEj9cRT5ynZf\" data-lark-html-role=\"root\" data-docx-has-block-data=\"false\">\n<div data-page-id=\"DdnnfrLjzdqrFIc9Il9c7pA2noc\" data-lark-html-role=\"root\" data-docx-has-block-data=\"true\">\n<div data-page-id=\"KNzcf2o0oddkJOcztTVcqPdlnth\" data-lark-html-role=\"root\" data-docx-has-block-data=\"false\">\n<div data-page-id=\"LBU7fg5SEdkWhecGJoxca3xvnCe\" data-lark-html-role=\"root\" data-docx-has-block-data=\"false\">\n<div data-page-id=\"EB70fooS3d69bMcgWB7c5qb9n8g\" data-lark-html-role=\"root\" data-docx-has-block-data=\"false\">\n<div data-page-id=\"AogwfsZCadB6t0cAvF0cK4JLnvf\" data-lark-html-role=\"root\" data-docx-has-block-data=\"false\">\n<div data-page-id=\"AogwfsZCadB6t0cAvF0cK4JLnvf\" data-lark-html-role=\"root\" data-docx-has-block-data=\"false\">\n<div data-page-id=\"JMZIflNGddQuU0c5JZocSqlvnle\" data-lark-html-role=\"root\" data-docx-has-block-data=\"false\">\n<div data-page-id=\"JMZIflNGddQuU0c5JZocSqlvnle\" data-lark-html-role=\"root\" data-docx-has-block-data=\"true\">\n<div data-page-id=\"HtEafjjRIdPAlMc9zgYcsGy6nOe\" data-lark-html-role=\"root\" data-docx-has-block-data=\"false\">\n<div data-page-id=\"Rhnafz0WTdDeT9c43xxczsbVnJo\" data-lark-html-role=\"root\" data-docx-has-block-data=\"false\">\n<div data-page-id=\"WY0CfKdcTdf4hVcZl67ct5LGncf\" data-lark-html-role=\"root\" data-docx-has-block-data=\"true\">\n<div data-page-id=\"MkB5fF4AVdchovcoPEpc7LqvnOd\" data-lark-html-role=\"root\" data-docx-has-block-data=\"true\">\n<div data-page-id=\"MfbjfZhbhdJdA8cH1dAckqF0n6g\" data-lark-html-role=\"root\" data-docx-has-block-data=\"false\">\n<div class=\"ace-line ace-line old-record-id-W2AHfJLnjd7ugjcRLs1c8BdhnNh\">\n<div data-page-id=\"MfbjfZhbhdJdA8cH1dAckqF0n6g\" data-lark-html-role=\"root\" data-docx-has-block-data=\"false\">\n<div class=\"old-record-id-XXd1feeCZdR2hJc6evocxnh1nOg\">\n<div data-page-id=\"MfbjfZhbhdJdA8cH1dAckqF0n6g\" data-lark-html-role=\"root\" data-docx-has-block-data=\"false\">\n<div data-page-id=\"DE51fYUmxdT3ekcHzc3cGrVQnsc\" data-lark-html-role=\"root\" data-docx-has-block-data=\"false\">\n<div data-page-id=\"YSKdfaZ08dRej3ci5CccQBuOncc\" data-lark-html-role=\"root\" data-docx-has-block-data=\"true\">\n<div data-page-id=\"K6mofQmledamEFcgp1EcVobmnYd\" data-lark-html-role=\"root\" data-docx-has-block-data=\"false\">\n<div data-page-id=\"VTgsfVLdCd9q1ucYcwRcCM0Hnof\" data-lark-html-role=\"root\" data-docx-has-block-data=\"true\">\n<div data-page-id=\"WucKfzp8RdNy8rcMJHncz4Knnac\" data-lark-html-role=\"root\" data-docx-has-block-data=\"true\">\n<div data-page-id=\"IfZ9fDIBLd9b9hcJiqGcLw9Pnmh\" data-lark-html-role=\"root\" data-docx-has-block-data=\"false\">\n<div data-page-id=\"JeU6f3Yq5dbdEHcZDptc5ikcn5c\" data-lark-html-role=\"root\" data-docx-has-block-data=\"true\">\n<div data-page-id=\"E1YjfnB4Jdmtsfc2ZObcu04Un6c\" data-lark-html-role=\"root\" data-docx-has-block-data=\"false\">\n<div data-page-id=\"RQVEfdiOzdqTQKcRcnxcG0Y7nce\" data-lark-html-role=\"root\" data-docx-has-block-data=\"true\">\n<div data-page-id=\"NKc7fbZi9dnOXocdHcScVsXdnmh\" data-lark-html-role=\"root\" data-docx-has-block-data=\"false\">\n<div data-page-id=\"DaE3fgNEwdnbQVc62iqcBK4lnte\" data-lark-html-role=\"root\" data-docx-has-block-data=\"false\">\n<div data-page-id=\"DaE3fgNEwdnbQVc62iqcBK4lnte\" data-lark-html-role=\"root\" data-docx-has-block-data=\"false\">\n<div data-page-id=\"NqSRfcp5SdFQ6ucdStXcbvManpc\" data-lark-html-role=\"root\" data-docx-has-block-data=\"false\">\n<div data-page-id=\"KydBfoEuudJNYhcgRdAc3aeUn7c\" data-lark-html-role=\"root\" data-docx-has-block-data=\"true\">\n<div data-page-id=\"SIqXfR5ipd7jWpczA5RcYkWInfd\" data-lark-html-role=\"root\" data-docx-has-block-data=\"false\">\n<div data-page-id=\"Y06XfUzydd0aVicBtPKcZlS8nJf\" data-lark-html-role=\"root\" data-docx-has-block-data=\"true\">\n<div data-page-id=\"E2ZvfNrVNdEHKickexPcvdXVnrc\" data-lark-html-role=\"root\" data-docx-has-block-data=\"false\">\n<div data-page-id=\"DqGzfq5S4d9GdAcOQVIcIdPhn2c\" data-lark-html-role=\"root\" data-docx-has-block-data=\"false\">\n<div data-page-id=\"HsKcfE4WLdET7ScRm72cTZ96nPb\" data-lark-html-role=\"root\" data-docx-has-block-data=\"false\">\n<div data-page-id=\"MvWFfuF4Edx69KcRSmmcvS2LndG\" data-lark-html-role=\"root\" data-docx-has-block-data=\"true\">\n<div data-page-id=\"BSNMfUsMXd3XFscNxbDcufC2nEg\" data-lark-html-role=\"root\" data-docx-has-block-data=\"false\">\n<h2 class=\"heading-2 ace-line old-record-id-LgNLfKjxjd8cxAcUSxzcMZcnnRg\">Pourquoi le Zooy Twins 30000 Bouff\u00e9es se D\u00e9marque \ud83e\udd29<\/h2>\n<div class=\"ace-line ace-line old-record-id-LfgCfWTehdHeeUcZvFHcxlUnnpe\">Dans un march\u00e9 de vape jetable satur\u00e9, le Zooy Twins brille par sa fonction de changement de saveur libre \u00e0 double go\u00fbt\u2014quelque chose que peu d'appareils offrent. Ce n'est pas seulement une question de quantit\u00e9 (30000 bouff\u00e9es) mais de qualit\u00e9 et de vari\u00e9t\u00e9, vous permettant de profiter de deux saveurs dans un seul appareil sans compromis.<\/div>\n<div class=\"ace-line ace-line old-record-id-QqV8fMyk1dKoX5cIumqcjComnsh\">Il combine des associations de saveurs cr\u00e9atives, une performance fiable de double r\u00e9sistance en maille, des fonctionnalit\u00e9s intelligentes et une portabilit\u00e9 dans un seul package. Les options de nicotine flexibles et la charge rapide le rendent parfait pour tous les types de vapoteurs, des d\u00e9butants aux utilisateurs exp\u00e9riment\u00e9s.<\/div>\n<div class=\"ace-line ace-line old-record-id-Ww17fwKUVdBGYMchmclcqrCKn5c\">\n<p>Le Zooy Twins 30000 Bouff\u00e9es n'est pas seulement une vape jetable\u2014c'est un compagnon polyvalent, amusant et fiable qui apporte la joie des saveurs doubles \u00e0 chaque bouff\u00e9e. C'est pour quiconque veut plus de son exp\u00e9rience de vapotage : vari\u00e9t\u00e9, commodit\u00e9 et excellent go\u00fbt, le tout dans un appareil \u00e9l\u00e9gant.<\/p>\n<div data-page-id=\"BSNMfUsMXd3XFscNxbDcufC2nEg\" data-lark-html-role=\"root\" data-docx-has-block-data=\"false\">\n<h2 class=\"heading-2 ace-line old-record-id-YJ0yf5CFadYWoTc8Rdjc8PdPngf\">Magie des Saveurs Doubles \u2013 Changez Sans Vous Arr\u00eater \ud83d\udd04<\/h2>\n<div class=\"ace-line ace-line old-record-id-BVKVfW4uydYoFYcseJBc2ggvn1c\">Le plus grand point fort du Zooy Twins est sa fonction de changement de saveur libre \u00e0 double go\u00fbt. Chaque appareil est livr\u00e9 avec deux saveurs soigneusement associ\u00e9es, m\u00e9langeant des go\u00fbts compl\u00e9mentaires qui fonctionnent parfaitement ensemble. Vous pouvez passer de l'une \u00e0 l'autre en quelques secondes, sans r\u00e9glages compliqu\u00e9s ni \u00e9tapes suppl\u00e9mentaires\u2014juste du plaisir pur et ininterrompu.<\/div>\n<h3 class=\"heading-3 ace-line old-record-id-No1DfqC1qdsZzncKZUecr4mjnDh\">10 Paires de Saveurs Doubles Uniques<\/h3>\n<div class=\"ace-line ace-line old-record-id-VjTjfKKxGdnEpycSREUcdWPLnVb\">Le Zooy Twins propose 10 combinaisons de saveurs cr\u00e9atives, m\u00e9langeant fra\u00eecheur fruit\u00e9e, fra\u00eecheur glac\u00e9e, douceur cr\u00e9meuse et notes de boissons audacieuses. Chaque paire est con\u00e7ue pour \u00e9quilibrer go\u00fbt et texture, garantissant qu'aucune saveur ne domine l'autre :<\/div>\n<div class=\"ace-line ace-line old-record-id-EK7ZfcegCdDE0bcfRI9cxTcJnpf\">1. Past\u00e8que Chewing-gum &amp; Glace au Caf\u00e9 \ud83e\udee7\u2615 \u2013 La douceur du chewing-gum \u00e0 la past\u00e8que rencontre la fra\u00eecheur du caf\u00e9 lisse<\/div>\n<div class=\"ace-line ace-line old-record-id-UavDfzkGGd0RYPcNlgAc5rlnnLf\">2. Ananas Noix de Coco &amp; Glace \u00e0 la Pomme \ud83c\udf4d\ud83e\udd65 \u2013 Les vibrations tropicales se m\u00e9langent \u00e0 la fra\u00eecheur croquante de la pomme<\/div>\n<div class=\"ace-line ace-line old-record-id-YaKqfBqGYd3uSvcs7ChcocrQn8g\">3. Red Bull &amp; Kiwi Fraise \u26a1\ud83c\udf53 \u2013 Saveur de boisson \u00e9nergisante associ\u00e9e \u00e0 l'acidit\u00e9 des fruits lumineux<\/div>\n<div class=\"ace-line ace-line old-record-id-ICuyfOwDid7JGwceYPocC7bgnNe\">4. Glace \u00e0 la Fraise &amp; Milkshake P\u00eache Mangue \ud83c\udf66\ud83e\udd5b \u2013 Indulgence cr\u00e9meuse rencontre richesse fruit\u00e9e<\/div>\n<div class=\"ace-line ace-line old-record-id-TZaIfvuiEdowehcLi4wc8cgHn5b\">5. Love66 &amp; Glace au Cola \u2764\ufe0f\ud83e\udd64 \u2013 Go\u00fbt unique de Love66 m\u00e9lang\u00e9 \u00e0 la fra\u00eecheur classique du cola<\/div>\n<div class=\"ace-line ace-line old-record-id-DbZ1floy7dJlkWcLop8cB7Cunqh\">6. Glace aux Myrtilles et Triple Melon \ud83e\uded0\ud83c\udf49 \u2013 Glace aux myrtilles juteuses associ\u00e9e \u00e0 un m\u00e9lange de melons<\/div>\n<div class=\"ace-line ace-line old-record-id-SMz4fypHGdxSqZczMBjcQYDKnrc\">7. Cerise Framboise Rouge et Baies M\u00e9lang\u00e9es \ud83c\udf52\ud83e\uded0 \u2013 M\u00e9lange audacieux de framboise rouge et de cerise avec la douceur des baies m\u00e9lang\u00e9es<\/div>\n<div class=\"ace-line ace-line old-record-id-UInSfLpsUdOZBzcsI67co382ng1\">8. Glace \u00e0 la Past\u00e8que &amp; Citron Framboise Bleue \ud83c\udf49\ud83c\udf4b \u2013 Glace \u00e0 la past\u00e8que classique rencontre le citron framboise bleue acidul\u00e9<\/div>\n<div class=\"ace-line ace-line old-record-id-YWxNf9Oc6dVNVdcIqIAcbsBbnuh\">9. Menthe Raisin &amp; Banane Fraise \ud83c\udf47\ud83c\udf4c \u2013 Menthe raisin riche associ\u00e9e \u00e0 la douce banane fraise<\/div>\n<div class=\"ace-line ace-line old-record-id-Voa8fBBvZdepQ7cMNubcquwlnGf\">10. Past\u00e8que Fraise &amp; Limonade Rose \ud83c\udf53\ud83c\udf79 \u2013 Fusion de fruits frais rencontre la limonade rose acidul\u00e9e<\/div>\n<h3 class=\"heading-3 ace-line old-record-id-B1oKfvuOkdprz5cb93gc8wycn24\">Points Forts des Associations de Saveurs<\/h3>\n<h4 class=\"heading-4 ace-line old-record-id-ZMfMfpQb0doMiFcszPScw0OCnnh\">Paires Glac\u00e9es &amp; Rafra\u00eechissantes \u2744\ufe0f<\/h4>\n<div class=\"ace-line ace-line old-record-id-BA4pfFrN7dZyYNcsiQpc0Czhn6g\">Pour les journ\u00e9es chaudes ou les coups de fouet rapides, des paires comme Past\u00e8que Chewing-gum &amp; Glace au Caf\u00e9 et Glace aux Myrtilles et Triple Melon offrent un coup de fra\u00eecheur croustillant. Les notes glac\u00e9es compl\u00e8tent les saveurs principales, gardant chaque bouff\u00e9e lisse et rafra\u00eechissante.<\/div>\n<h4 class=\"heading-4 ace-line old-record-id-Inc9fI0TXd8ljecbga6cjWCvnGc\">Paires Cr\u00e9meuses &amp; Fruit\u00e9es \ud83c\udf66\ud83c\udf53<\/h4>\n<div class=\"ace-line ace-line old-record-id-HhwBfw66BdwRpfcyfNacYWKpnWb\">Offrez-vous des combinaisons cr\u00e9meuses et sucr\u00e9es comme Glace \u00e0 la Fraise &amp; Milkshake P\u00eache Mangue\u2014parfaites pour le vapotage toute la journ\u00e9e. La texture cr\u00e9meuse \u00e9quilibre la luminosit\u00e9 fruit\u00e9e, cr\u00e9ant un hit luxueux et satisfaisant.<\/div>\n<h4 class=\"heading-4 ace-line old-record-id-LqrnfgAoddDG0Uccowuc8VA8nHh\">Paires Audacieuses &amp; \u00c9nergisantes \u26a1\ud83e\udd64<\/h4>\n<div class=\"ace-line ace-line old-record-id-FvxjfuNPydazIOcaNbycYaK3nyg\">Pour un petit coup de fouet suppl\u00e9mentaire, Red Bull &amp; Kiwi Fraise et Love66 &amp; Glace au Cola m\u00e9langent l'audace inspir\u00e9e des boissons avec la fra\u00eecheur des fruits. Ils sont id\u00e9aux pour les journ\u00e9es charg\u00e9es ou lorsque vous avez besoin d'un coup de pouce rapide en \u00e9nergie.<\/div>\n<h2 class=\"heading-2 ace-line old-record-id-Tvt8fCvY0dYy3Oc0ziNcNkCFnme\">Performance Hardcore &amp; Design Intelligent \ud83d\udee0\ufe0f<\/h2>\n<h3 class=\"heading-3 ace-line old-record-id-RQ3OfULa1dwRTFcbadXcLmidn3f\">R\u00e9sistance Double en Maille pour une Saveur Coh\u00e9rente<\/h3>\n<div class=\"ace-line ace-line old-record-id-WHWLfcYhzd465EcKXmgcGYPSn2c\">Le Zooy Twins dispose d'une double r\u00e9sistance en maille qui chauffe le e-liquide uniform\u00e9ment, verrouillant le go\u00fbt pur des deux saveurs. Il produit une vapeur dense et lisse depuis la premi\u00e8re bouff\u00e9e jusqu'\u00e0 la 30000\u00e8me, sans hits br\u00fbl\u00e9s ni go\u00fbt alt\u00e9r\u00e9\u2014juste une saveur d\u00e9licieuse et coh\u00e9rente \u00e0 chaque fois.<\/div>\n<h3 class=\"heading-3 ace-line old-record-id-BtIQfzeRxd3czCcBn5IcydDunSh\">Puissance Durable &amp; Charge Rapide<\/h3>\n<div class=\"ace-line ace-line old-record-id-WvNifz3cEdEmm3cIwFMcyk3tnDd\">Avec une capacit\u00e9 de 35 ml de e-liquide, il prend en charge la dur\u00e9e de vie massive de 30000 bouff\u00e9es, vous n'aurez donc pas besoin de remplacer l'appareil fr\u00e9quemment. La batterie de 650 mAh se charge rapidement via Type-C, maintenant vos sessions de vapotage en cours avec un temps d'arr\u00eat minimal \u26a1.<\/div>\n<h3 class=\"heading-3 ace-line old-record-id-IlO8fIOdFdupD2cmfKFc6qt5n6f\">Compact &amp; Facile \u00e0 Utiliser<\/h3>\n<div class=\"ace-line ace-line old-record-id-WDRSfD36SdX0fIch29jc6RLbnPy\">Mesurant 25*48*101 mm et pesant 130 g (pr\u00e9c\u00e9demment not\u00e9 140 g, align\u00e9 avec les sp\u00e9cifications de base), il est mince et facile \u00e0 transporter. Il se glisse confortablement dans votre poche ou votre sac, parfait pour les trajets, les voyages ou une utilisation d\u00e9contract\u00e9e. L'affichage intelligent int\u00e9gr\u00e9 montre en temps r\u00e9el les niveaux de batterie et de e-liquide, afin que vous ne soyez jamais pris au d\u00e9pourvu \ud83d\udcf1.<\/div>\n<h3 class=\"heading-3 ace-line old-record-id-IkArfFAHtdg5I2c95W3ca9s8nEh\">Options de nicotine flexibles<\/h3>\n<div class=\"ace-line ace-line old-record-id-WP7KfTlA9dL9lpcvrFZcqBJ9ngf\">Il propose des forces de nicotine de 2%, 3% et 5%, vous permettant de choisir l'intensit\u00e9 qui correspond \u00e0 vos pr\u00e9f\u00e9rences. Que vous souhaitiez un hit doux et d\u00e9contract\u00e9 ou une exp\u00e9rience plus robuste, le Zooy Twins a ce qu'il vous faut.<\/div>\n<\/div>\n<\/div>\n<\/div>\n<\/div>\n<\/div>\n<\/div>\n<\/div>\n<\/div>\n<\/div>\n<\/div>\n<\/div>\n<\/div>\n<\/div>\n<\/div>\n<\/div>\n<\/div>\n<\/div>\n<\/div>\n<\/div>\n<\/div>\n<\/div>\n<\/div>\n<\/div>\n<\/div>\n<\/div>\n<\/div>\n<\/div>\n<\/div>\n<\/div>\n<\/div>\n<\/div>\n<\/div>\n<\/div>\n<\/div>\n<\/div>\n<\/div>\n<\/div>\n<\/div>\n<\/div>\n<\/div>\n<\/div>\n<\/div>\n<\/div>\n<\/div>\n<\/div>\n<\/div>\n<\/div>\n<\/div>\n<\/div>\n<\/div>\n<\/div>\n<\/div>\n<\/div>\n<\/div>\n<\/div>\n<\/div>\n<\/div>\n<\/div>\n<\/div>\n<\/div>\n<\/div>\n<\/div>\n<\/div>\n<\/div>\n<\/div>\n<\/div>\n<\/div>\n<\/div>\n<\/div>\n<\/div>\n<\/div>\n<\/div>\n<\/div>\n<\/div>\n<\/div>\n<\/div>\n<\/div>\n<\/div>\n<\/div>\n<\/div>\n<\/div>\n<\/div>\n<\/div>\n<\/div>\n<\/div>\n<\/div>\n<\/div>\n<\/div>","protected":false},"excerpt":{"rendered":"<div data-page-id=\"RAopf2sw9dtvw4cWYXpcTwo0n8g\" data-lark-html-role=\"root\" data-docx-has-block-data=\"false\">\n<div class=\"ace-line ace-line old-record-id-Uju9f3RXYd8dh2crAJbcBF3Un6M\">\n<div data-page-id=\"Dd8gfe2wRdT66jcgnqtcUwg5ndh\" data-lark-html-role=\"root\" data-docx-has-block-data=\"false\">\n<div class=\"ace-line ace-line old-record-id-FiRZf3qXpdK0RqcHt8wcxPTon8b\">Zooy Twins 30000 Puffs propose 10 paires de saveurs doubles avec un passage gratuit, 30000 bouff\u00e9es, et une double r\u00e9sistance en maille. Il a une capacit\u00e9 de 35 ml de e-liquide, une batterie rechargeable Type-C de 650 mAh, un affichage intelligent, et des options de nicotine 2%\/3%\/5%, le tout dans un bo\u00eetier compact de 130 g.<\/div>\n<\/div>\n<\/div>\n<\/div>","protected":false},"featured_media":7147,"comment_status":"open","ping_status":"closed","template":"","meta":{"_acf_changed":false,"inline_featured_image":false,"_sitemap_exclude":false,"_sitemap_priority":"","_sitemap_frequency":""},"product_brand":[357],"product_cat":[356,239,264],"product_tag":[],"class_list":{"0":"post-7135","1":"product","2":"type-product","3":"status-publish","4":"has-post-thumbnail","6":"product_brand-zooy","7":"product_cat-zooy-puff","8":"product_cat-disposable-vape-collection","9":"product_cat-30k-puffs","11":"first","12":"instock","13":"sale","14":"shipping-taxable","15":"purchasable","16":"product-type-variable","17":"has-default-attributes"},"acf":[],"tiered_pricing_type":"fixed","tiered_pricing_fixed_rules":{"30":9.88,"60":9.05,"100":8.92,"200":8.5},"tiered_pricing_product_settings":{"layout":"default","base_unit_name":{"singular":null,"plural":null},"default_variation":null},"tiered_pricing_minimum_quantity":10,"tiered_pricing_roles_data":[],"tiered_pricing_percentage_rules":[],"tiered_pricing_maximum_quantity":null,"tiered_pricing_quantity_step":"10","_links":{"self":[{"href":"https:\/\/oiovape.com\/fr\/wp-json\/wp\/v2\/product\/7135","targetHints":{"allow":["GET"]}}],"collection":[{"href":"https:\/\/oiovape.com\/fr\/wp-json\/wp\/v2\/product"}],"about":[{"href":"https:\/\/oiovape.com\/fr\/wp-json\/wp\/v2\/types\/product"}],"replies":[{"embeddable":true,"href":"https:\/\/oiovape.com\/fr\/wp-json\/wp\/v2\/comments?post=7135"}],"version-history":[{"count":3,"href":"https:\/\/oiovape.com\/fr\/wp-json\/wp\/v2\/product\/7135\/revisions"}],"predecessor-version":[{"id":7162,"href":"https:\/\/oiovape.com\/fr\/wp-json\/wp\/v2\/product\/7135\/revisions\/7162"}],"wp:featuredmedia":[{"embeddable":true,"href":"https:\/\/oiovape.com\/fr\/wp-json\/wp\/v2\/media\/7147"}],"wp:attachment":[{"href":"https:\/\/oiovape.com\/fr\/wp-json\/wp\/v2\/media?parent=7135"}],"wp:term":[{"taxonomy":"product_brand","embeddable":true,"href":"https:\/\/oiovape.com\/fr\/wp-json\/wp\/v2\/product_brand?post=7135"},{"taxonomy":"product_cat","embeddable":true,"href":"https:\/\/oiovape.com\/fr\/wp-json\/wp\/v2\/product_cat?post=7135"},{"taxonomy":"product_tag","embeddable":true,"href":"https:\/\/oiovape.com\/fr\/wp-json\/wp\/v2\/product_tag?post=7135"}],"curies":[{"name":"wp","href":"https:\/\/api.w.org\/{rel}","templated":true}]}}