{"id":7273,"date":"2026-03-02T10:18:24","date_gmt":"2026-03-02T02:18:24","guid":{"rendered":"https:\/\/oiovape.com\/?post_type=product&#038;p=7273"},"modified":"2026-03-02T18:01:45","modified_gmt":"2026-03-02T10:01:45","slug":"zooy-6-in-1-120000-puffs","status":"publish","type":"product","link":"https:\/\/oiovape.com\/fr\/product\/zooy-6-in-1-120000-puffs\/","title":{"rendered":"Zooy 6 en 1 120000 PUFFS 2% 3% 5% \u00c9cran d'affichage intelligent \u00e0 la nicotine Vape jetable"},"content":{"rendered":"<div data-page-id=\"ZVeMfq8uxd7y1ycuKm5cym4LnYd\" data-lark-html-role=\"root\" data-docx-has-block-data=\"false\">\n<div data-page-id=\"Fd41fZ5N9dzRQtcRNoVc2FuDnCh\" data-lark-html-role=\"root\" data-docx-has-block-data=\"true\">\n<div data-page-id=\"BdIJfeeijdk1eucGpS8cDCBBn5c\" data-lark-html-role=\"root\" data-docx-has-block-data=\"false\">\n<div data-page-id=\"Zbg9fWx77dUuh2cIYpic25c8nyd\" data-lark-html-role=\"root\" data-docx-has-block-data=\"false\">\n<div data-page-id=\"KaIvfiurhdlCKdc0kyxcX64cnE6\" data-lark-html-role=\"root\" data-docx-has-block-data=\"true\">\n<div data-page-id=\"PbvFfqxqlddUTScRpEYcY5MHnpf\" data-lark-html-role=\"root\" data-docx-has-block-data=\"true\">\n<div data-page-id=\"GZO2f5JeudwY4jc9iJtcdk9Hnxh\" data-lark-html-role=\"root\" data-docx-has-block-data=\"false\">\n<div data-page-id=\"EZVRf2acFduXLGcseZFc4qH2n6e\" data-lark-html-role=\"root\" data-docx-has-block-data=\"false\">\n<div data-page-id=\"B8rHfcqlqdzmH5cCWCncz17Cntb\" data-lark-html-role=\"root\" data-docx-has-block-data=\"false\">\n<div data-page-id=\"B8rHfcqlqdzmH5cCWCncz17Cntb\" data-lark-html-role=\"root\" data-docx-has-block-data=\"false\">\n<div data-page-id=\"B8rHfcqlqdzmH5cCWCncz17Cntb\" data-lark-html-role=\"root\" data-docx-has-block-data=\"true\">\n<div data-page-id=\"HM70f1aoxdD0bMcxJZBcVc7ynZd\" data-lark-html-role=\"root\" data-docx-has-block-data=\"false\">\n<div data-page-id=\"NSrJfN7Ord22i0c1iwZcsF8yn8b\" data-lark-html-role=\"root\" data-docx-has-block-data=\"false\">\n<div data-page-id=\"RXEff4Mskds8o1cqL5HcGEtUnCh\" data-lark-html-role=\"root\" data-docx-has-block-data=\"false\">\n<div data-page-id=\"KJ7gfqkVndMSRJcMseScmvYwnTc\" data-lark-html-role=\"root\" data-docx-has-block-data=\"false\">\n<div class=\"ace-line ace-line old-record-id-QADAfETPudgmudc05YvcTO5fnxe\">\n<div data-page-id=\"KJ7gfqkVndMSRJcMseScmvYwnTc\" data-lark-html-role=\"root\" data-docx-has-block-data=\"false\">\n<div class=\"ace-line ace-line old-record-id-JoRkfpho8dOkiacEOascDyCOncb\">\n<div data-page-id=\"KJ7gfqkVndMSRJcMseScmvYwnTc\" data-lark-html-role=\"root\" data-docx-has-block-data=\"false\">\n<div data-page-id=\"Ju6ofQ3V4dGmePcVvJvc1gmcnZb\" data-lark-html-role=\"root\" data-docx-has-block-data=\"true\">\n<div data-page-id=\"PR9ife5PLdFabccbFgZcWgZOnTc\" data-lark-html-role=\"root\" data-docx-has-block-data=\"false\">\n<div data-page-id=\"INdrfOIGzdaenXcptrcc1BcznQc\" data-lark-html-role=\"root\" data-docx-has-block-data=\"false\">\n<div class=\"ace-line ace-line old-record-id-P0fIf4YaZdoGkbcxt5ackec2nnb\">\n<div data-page-id=\"INdrfOIGzdaenXcptrcc1BcznQc\" data-lark-html-role=\"root\" data-docx-has-block-data=\"false\">\n<div data-page-id=\"MAzCfUB73dMTQscm8eWcougVn1g\" data-lark-html-role=\"root\" data-docx-has-block-data=\"true\">\n<div data-page-id=\"AXfpf7H1odhDvGcKoUOcErN8nV7\" data-lark-html-role=\"root\" data-docx-has-block-data=\"false\">\n<div data-page-id=\"QYTKf5PvLdUNdbce2nBcW9yfnrh\" data-lark-html-role=\"root\" data-docx-has-block-data=\"false\">\n<div data-page-id=\"Pvu1f1CCBdxbjncA9pgcBTpanph\" data-lark-html-role=\"root\" data-docx-has-block-data=\"true\">\n<div data-page-id=\"Axf3fcmY8dDAhtcjVircBcphnPc\" data-lark-html-role=\"root\" data-docx-has-block-data=\"false\">\n<div data-page-id=\"KKj1f9SPmdLhhMc5E2AcNlLen6f\" data-lark-html-role=\"root\" data-docx-has-block-data=\"true\">\n<div data-page-id=\"Rx61fK1sJdXHjPcBuhZcweNhnwc\" data-lark-html-role=\"root\" data-docx-has-block-data=\"false\">\n<div data-page-id=\"L1H9fkG9Mdz45Fcy4WMc5VKXnRe\" data-lark-html-role=\"root\" data-docx-has-block-data=\"false\">\n<div data-page-id=\"L1H9fkG9Mdz45Fcy4WMc5VKXnRe\" data-lark-html-role=\"root\" data-docx-has-block-data=\"false\">\n<div data-page-id=\"D4XLfVBVrdE8mrcaYizczklLnaf\" data-lark-html-role=\"root\" data-docx-has-block-data=\"false\">\n<div data-page-id=\"WVcifIY44d5mhMcXtyEcTsfenGd\" data-lark-html-role=\"root\" data-docx-has-block-data=\"true\">\n<div data-page-id=\"LRknfa6Whd4DWCcUc0FcNKpJnyh\" data-lark-html-role=\"root\" data-docx-has-block-data=\"false\">\n<div data-page-id=\"LRknfa6Whd4DWCcUc0FcNKpJnyh\" data-lark-html-role=\"root\" data-docx-has-block-data=\"false\">\n<div data-page-id=\"XFRAfkcOEdRWh8cArQ2cJdyRnJf\" data-lark-html-role=\"root\" data-docx-has-block-data=\"true\">\n<div data-page-id=\"OQ3bfjnRddMTDGcC3ouc6xFKnWf\" data-lark-html-role=\"root\" data-docx-has-block-data=\"true\">\n<div data-page-id=\"J0iGfj1hEdjc4rcUdSmc4spMnmZ\" data-lark-html-role=\"root\" data-docx-has-block-data=\"false\">\n<div data-page-id=\"P1o7fFyNlduP8tcfZpQcagzbnIf\" data-lark-html-role=\"root\" data-docx-has-block-data=\"false\">\n<div class=\"ace-line ace-line old-record-id-P1o7fFyNlduP8tcfZpQcagzbnIf\">\n<div data-page-id=\"P1o7fFyNlduP8tcfZpQcagzbnIf\" data-lark-html-role=\"root\" data-docx-has-block-data=\"false\">\n<div data-page-id=\"U4iufW38SdttWKcTstMcTtHRnXc\" data-lark-html-role=\"root\" data-docx-has-block-data=\"true\">\n<div data-page-id=\"ONVMf7VTWddcFtcyATOchCJHnZb\" data-lark-html-role=\"root\" data-docx-has-block-data=\"true\">\n<div data-page-id=\"KoW2fSy0PdLHFlc5kSHcgvWMnYg\" data-lark-html-role=\"root\" data-docx-has-block-data=\"false\">\n<div data-page-id=\"KoW2fSy0PdLHFlc5kSHcgvWMnYg\" data-lark-html-role=\"root\" data-docx-has-block-data=\"false\">\n<div data-page-id=\"OLGhfzxC7d7EFIcLEj9cRT5ynZf\" data-lark-html-role=\"root\" data-docx-has-block-data=\"false\">\n<div data-page-id=\"DdnnfrLjzdqrFIc9Il9c7pA2noc\" data-lark-html-role=\"root\" data-docx-has-block-data=\"true\">\n<div data-page-id=\"KNzcf2o0oddkJOcztTVcqPdlnth\" data-lark-html-role=\"root\" data-docx-has-block-data=\"false\">\n<div data-page-id=\"LBU7fg5SEdkWhecGJoxca3xvnCe\" data-lark-html-role=\"root\" data-docx-has-block-data=\"false\">\n<div data-page-id=\"EB70fooS3d69bMcgWB7c5qb9n8g\" data-lark-html-role=\"root\" data-docx-has-block-data=\"false\">\n<div data-page-id=\"AogwfsZCadB6t0cAvF0cK4JLnvf\" data-lark-html-role=\"root\" data-docx-has-block-data=\"false\">\n<div data-page-id=\"AogwfsZCadB6t0cAvF0cK4JLnvf\" data-lark-html-role=\"root\" data-docx-has-block-data=\"false\">\n<div data-page-id=\"JMZIflNGddQuU0c5JZocSqlvnle\" data-lark-html-role=\"root\" data-docx-has-block-data=\"false\">\n<div data-page-id=\"JMZIflNGddQuU0c5JZocSqlvnle\" data-lark-html-role=\"root\" data-docx-has-block-data=\"true\">\n<div data-page-id=\"HtEafjjRIdPAlMc9zgYcsGy6nOe\" data-lark-html-role=\"root\" data-docx-has-block-data=\"false\">\n<div data-page-id=\"Rhnafz0WTdDeT9c43xxczsbVnJo\" data-lark-html-role=\"root\" data-docx-has-block-data=\"false\">\n<div data-page-id=\"WY0CfKdcTdf4hVcZl67ct5LGncf\" data-lark-html-role=\"root\" data-docx-has-block-data=\"true\">\n<div data-page-id=\"MkB5fF4AVdchovcoPEpc7LqvnOd\" data-lark-html-role=\"root\" data-docx-has-block-data=\"true\">\n<div data-page-id=\"MfbjfZhbhdJdA8cH1dAckqF0n6g\" data-lark-html-role=\"root\" data-docx-has-block-data=\"false\">\n<div class=\"ace-line ace-line old-record-id-W2AHfJLnjd7ugjcRLs1c8BdhnNh\">\n<div data-page-id=\"MfbjfZhbhdJdA8cH1dAckqF0n6g\" data-lark-html-role=\"root\" data-docx-has-block-data=\"false\">\n<div class=\"old-record-id-XXd1feeCZdR2hJc6evocxnh1nOg\">\n<div data-page-id=\"MfbjfZhbhdJdA8cH1dAckqF0n6g\" data-lark-html-role=\"root\" data-docx-has-block-data=\"false\">\n<div data-page-id=\"DE51fYUmxdT3ekcHzc3cGrVQnsc\" data-lark-html-role=\"root\" data-docx-has-block-data=\"false\">\n<div data-page-id=\"YSKdfaZ08dRej3ci5CccQBuOncc\" data-lark-html-role=\"root\" data-docx-has-block-data=\"true\">\n<div data-page-id=\"K6mofQmledamEFcgp1EcVobmnYd\" data-lark-html-role=\"root\" data-docx-has-block-data=\"false\">\n<div data-page-id=\"VTgsfVLdCd9q1ucYcwRcCM0Hnof\" data-lark-html-role=\"root\" data-docx-has-block-data=\"true\">\n<div data-page-id=\"WucKfzp8RdNy8rcMJHncz4Knnac\" data-lark-html-role=\"root\" data-docx-has-block-data=\"true\">\n<div data-page-id=\"IfZ9fDIBLd9b9hcJiqGcLw9Pnmh\" data-lark-html-role=\"root\" data-docx-has-block-data=\"false\">\n<div data-page-id=\"JeU6f3Yq5dbdEHcZDptc5ikcn5c\" data-lark-html-role=\"root\" data-docx-has-block-data=\"true\">\n<div data-page-id=\"E1YjfnB4Jdmtsfc2ZObcu04Un6c\" data-lark-html-role=\"root\" data-docx-has-block-data=\"false\">\n<div data-page-id=\"RQVEfdiOzdqTQKcRcnxcG0Y7nce\" data-lark-html-role=\"root\" data-docx-has-block-data=\"true\">\n<div data-page-id=\"NKc7fbZi9dnOXocdHcScVsXdnmh\" data-lark-html-role=\"root\" data-docx-has-block-data=\"false\">\n<div data-page-id=\"DaE3fgNEwdnbQVc62iqcBK4lnte\" data-lark-html-role=\"root\" data-docx-has-block-data=\"false\">\n<div data-page-id=\"DaE3fgNEwdnbQVc62iqcBK4lnte\" data-lark-html-role=\"root\" data-docx-has-block-data=\"false\">\n<div data-page-id=\"NqSRfcp5SdFQ6ucdStXcbvManpc\" data-lark-html-role=\"root\" data-docx-has-block-data=\"false\">\n<div data-page-id=\"KydBfoEuudJNYhcgRdAc3aeUn7c\" data-lark-html-role=\"root\" data-docx-has-block-data=\"true\">\n<div data-page-id=\"SIqXfR5ipd7jWpczA5RcYkWInfd\" data-lark-html-role=\"root\" data-docx-has-block-data=\"false\">\n<div data-page-id=\"Y06XfUzydd0aVicBtPKcZlS8nJf\" data-lark-html-role=\"root\" data-docx-has-block-data=\"true\">\n<div data-page-id=\"E2ZvfNrVNdEHKickexPcvdXVnrc\" data-lark-html-role=\"root\" data-docx-has-block-data=\"false\">\n<div data-page-id=\"DqGzfq5S4d9GdAcOQVIcIdPhn2c\" data-lark-html-role=\"root\" data-docx-has-block-data=\"false\">\n<div data-page-id=\"HsKcfE4WLdET7ScRm72cTZ96nPb\" data-lark-html-role=\"root\" data-docx-has-block-data=\"false\">\n<div data-page-id=\"MvWFfuF4Edx69KcRSmmcvS2LndG\" data-lark-html-role=\"root\" data-docx-has-block-data=\"true\">\n<div data-page-id=\"BSNMfUsMXd3XFscNxbDcufC2nEg\" data-lark-html-role=\"root\" data-docx-has-block-data=\"false\">\n<div data-page-id=\"Rr0Mfry1adQB66cMkYGcCmoWnKe\" data-lark-html-role=\"root\" data-docx-has-block-data=\"true\">\n<div data-page-id=\"A7fMfxJhydfxJUc6VX9cVvDKnpd\" data-lark-html-role=\"root\" data-docx-has-block-data=\"false\">\n<div data-page-id=\"A7fMfxJhydfxJUc6VX9cVvDKnpd\" data-lark-html-role=\"root\" data-docx-has-block-data=\"false\">\n<div data-page-id=\"WbzgfFBuTduiBjc6rORciNrNnlf\" data-lark-html-role=\"root\" data-docx-has-block-data=\"false\">\n<div data-page-id=\"R0Rzf8rQUdoB9hcxkiqc9kKHnk2\" data-lark-html-role=\"root\" data-docx-has-block-data=\"true\">\n<div data-page-id=\"ZwXFfRomCdt9G4cs33scepfHnoe\" data-lark-html-role=\"root\" data-docx-has-block-data=\"false\">\n<div data-page-id=\"UFFTffnWTdbuv3coRhBc3zxBnMf\" data-lark-html-role=\"root\" data-docx-has-block-data=\"true\">\n<div data-page-id=\"FV0FfDT4ZdfJZoc4SMccT5Rjndf\" data-lark-html-role=\"root\" data-docx-has-block-data=\"false\">\n<h2 class=\"ace-line ace-line old-record-id-FV0FfDT4ZdfJZoc4SMccT5Rjndf\">Zooy 6 en 1 120000 bouff\u00e9es \u2013 Caract\u00e9ristiques du produit<\/h2>\n<div class=\"ace-line ace-line old-record-id-MgZBf5OOBdKMXrcmiyncKytOnkc\">Zooy 6 en 1 120000 bouff\u00e9es red\u00e9finit le vapotage jetable avec sa polyvalence de saveurs 6 en 1, int\u00e9grant 12 trios de saveurs soigneusement \u00e9labor\u00e9s dans un seul appareil. Il offre une impressionnante dur\u00e9e de 120 000 bouff\u00e9es, des forces de nicotine ajustables et une puissante r\u00e9sistance triple en mesh, le tout associ\u00e9 \u00e0 des fonctionnalit\u00e9s intelligentes et une construction compacte pour une exp\u00e9rience premium sans tracas.<\/div>\n<div class=\"ace-line ace-line old-record-id-UBMVfjxwGdddJ5cnlXyc6KT6nSe\">Il se concentre sur ce qui importe vraiment aux vapoteurs : la vari\u00e9t\u00e9 des saveurs, des performances constantes et la commodit\u00e9. Pas de fioritures inutiles, juste un pur plaisir\u2014que vous ayez envie d'une fra\u00eecheur glac\u00e9e, de fruits sucr\u00e9s ou de notes de boissons audacieuses, cet appareil a une combinaison de saveurs pour chaque humeur.<\/div>\n<h2 class=\"heading-2 ace-line old-record-id-H0Pqfe67adWiysc5nlicS3P7nJX\">Polyvalence des saveurs 6 en 1 : 12 trios, plaisir sans fin<\/h2>\n<div class=\"ace-line ace-line old-record-id-FnGnfYOTGdZIFzcp1T8c7gCenPg\">Le design 6 en 1 est le c\u0153ur de cet appareil, offrant 12 trios de saveurs uniques qui couvrent une large gamme de go\u00fbts. Chaque trio m\u00e9lange trois saveurs compl\u00e9mentaires, cr\u00e9ant des tirages en couches et satisfaisants qui \u00e9liminent le besoin de transporter plusieurs appareils ou de changer constamment de saveurs.<\/div>\n<h3 class=\"heading-3 ace-line old-record-id-MU0wfvksPdUa9tc8PsmcjVNfn5b\">Association de saveurs r\u00e9fl\u00e9chie pour chaque pr\u00e9f\u00e9rence<\/h3>\n<div class=\"ace-line ace-line old-record-id-WroHfsurcdfsT6cou2Oc5aeVnpc\">Chaque trio de saveurs \u00e9quilibre diff\u00e9rents profils de go\u00fbt\u2014certains m\u00e9langent la fra\u00eecheur glac\u00e9e avec des fruits sucr\u00e9s, d'autres combinent des baies audacieuses avec des notes tropicales ou des friandises cr\u00e9meuses. L'association est intentionnelle, garantissant qu'aucune saveur ne domine les autres, vous permettant de savourer chaque nuance \u00e0 chaque bouff\u00e9e.<\/p>\n<p>1. Glace de past\u00e8que &amp; Red Bull &amp; Kiwi fraise<br \/>\n2. Past\u00e8que fraise &amp; Glace de myrtille &amp; Citron vert<br \/>\n3. Triple melon &amp; Framboise myrtille &amp; Glace de fraise<br \/>\n4. Framboise fraise &amp; P\u00eache mangue &amp; Past\u00e8que myrtille<br \/>\n5. Glace de myrtille &amp; Kiwi fraise &amp; Glace de past\u00e8que<br \/>\n6. Fraise raisin &amp; Blue Razz &amp; Banane fraise<br \/>\n7. Kiwi fruit de la passion &amp; Love 66 &amp; Limonade rose<br \/>\n8. Cr\u00e8me glac\u00e9e \u00e0 la fraise &amp; Fruits m\u00e9lang\u00e9s &amp; Cola citron<br \/>\n9. Baie de p\u00eache &amp; Mangue fraise &amp; Glace de cola cerise<br \/>\n10. Kiwi fraise &amp; Pomme acide &amp; Past\u00e8que framboise<br \/>\n11. Baies m\u00e9lang\u00e9es &amp; Past\u00e8que fraise &amp; Kiwi fruit de la passion<br \/>\n12. Glace de p\u00eache &amp; Milkshake \u00e0 la fraise &amp; Glace de mangue<br \/>\n<img decoding=\"async\" class=\"alignnone wp-image-7275 size-full\" title=\"Zooy 6 en 1 120k Saveurs\" src=\"https:\/\/oiovape.com\/wp-content\/uploads\/2026\/03\/Zooy-6-in-1-120k-Flavors-scaled.jpg\" alt=\"Zooy 6 en 1 120k Saveurs\" width=\"1552\" height=\"2560\" srcset=\"https:\/\/oiovape.com\/wp-content\/uploads\/2026\/03\/Zooy-6-in-1-120k-Flavors-scaled.jpg 1552w, https:\/\/oiovape.com\/wp-content\/uploads\/2026\/03\/Zooy-6-in-1-120k-Flavors-182x300.jpg 182w, https:\/\/oiovape.com\/wp-content\/uploads\/2026\/03\/Zooy-6-in-1-120k-Flavors-621x1024.jpg 621w, https:\/\/oiovape.com\/wp-content\/uploads\/2026\/03\/Zooy-6-in-1-120k-Flavors-768x1267.jpg 768w, https:\/\/oiovape.com\/wp-content\/uploads\/2026\/03\/Zooy-6-in-1-120k-Flavors-931x1536.jpg 931w, https:\/\/oiovape.com\/wp-content\/uploads\/2026\/03\/Zooy-6-in-1-120k-Flavors-1242x2048.jpg 1242w, https:\/\/oiovape.com\/wp-content\/uploads\/2026\/03\/Zooy-6-in-1-120k-Flavors-7x12.jpg 7w, https:\/\/oiovape.com\/wp-content\/uploads\/2026\/03\/Zooy-6-in-1-120k-Flavors-1200x1980.jpg 1200w, https:\/\/oiovape.com\/wp-content\/uploads\/2026\/03\/Zooy-6-in-1-120k-Flavors-150x247.jpg 150w\" sizes=\"(max-width: 1552px) 100vw, 1552px\" \/><\/p>\n<\/div>\n<h4 class=\"heading-4 ace-line old-record-id-Gtasf7jzsd7bRJctT9ic9l8Fnxd\">Forces de nicotine ajustables : Personnalisez selon votre tol\u00e9rance<\/h4>\n<div class=\"ace-line ace-line old-record-id-JBkMfYAMcdymaXcV2nWcWDNknjc\">Il offre trois forces de nicotine sal\u00e9e\u20142%, 3% et 5%\u2014vous permettant de personnaliser votre tirage selon votre pr\u00e9f\u00e9rence. Que vous pr\u00e9f\u00e9riez un tirage doux et lisse ou un coup plus fort et satisfaisant, vous pouvez facilement ajuster le niveau de nicotine pour r\u00e9pondre \u00e0 vos besoins.<\/div>\n<h2 class=\"heading-2 ace-line old-record-id-FjSyfJ7kjdZ9WlcemOPcS9ZGnA6\">R\u00e9sistance 0.8+0.8+0.8 en mesh : Triple puissance pour une saveur pure et constante<\/h2>\n<div class=\"ace-line ace-line old-record-id-IAP5fgvzFd1vl1cgIEkcEJWUndf\">Au c\u0153ur de l'appareil se trouve une configuration de r\u00e9sistance en mesh 0.8+0.8+0.8\u2014trois r\u00e9sistances s\u00e9par\u00e9es fonctionnent en harmonie pour chauffer le e-liquide uniform\u00e9ment. Ce design verrouille le go\u00fbt authentique de chaque saveur dans le trio, garantissant une vapeur lisse et dense depuis la premi\u00e8re bouff\u00e9e jusqu'\u00e0 la 120 000\u00e8me.<\/div>\n<div class=\"ace-line ace-line old-record-id-EmcVfCoLsdCwWMcMuhocNhsgndX\">La triple r\u00e9sistance \u00e9limine les coups br\u00fbl\u00e9s et les saveurs ternies, offrant des performances constantes tout au long de la dur\u00e9e de vie de l'appareil. Elle \u00e9quilibre parfaitement saveur et vapeur, vous permettant de profiter de chaque couche des trios de saveurs sans compromis.<\/div>\n<h2 class=\"heading-2 ace-line old-record-id-OwrOfLuDOdrFDFciERmcQfLOnId\">120000 bouff\u00e9es &amp; 14*3ml de e-liquide : Satisfaction durable<\/h2>\n<div class=\"ace-line ace-line old-record-id-W7k9fRmKKd2BAYcCDd7cT5umnpg\">Avec une dur\u00e9e impressionnante de 120 000 bouff\u00e9es et 14*3ml de e-liquide, cet appareil est con\u00e7u pour durer des semaines, m\u00eame avec une utilisation quotidienne intensive. Vous n'aurez pas \u00e0 vous soucier des remplacements fr\u00e9quents\u2014profitez simplement d'une saveur et d'une vapeur constantes pendant une p\u00e9riode prolong\u00e9e.<\/div>\n<h3 class=\"heading-3 ace-line old-record-id-KSDWfQT4yd7mRGcfc9Vc0m7nnuh\">Batterie de 850mAh &amp; Rechargeable Type-C<\/h3>\n<div class=\"ace-line ace-line old-record-id-A2Z2feegldVSvpcn3dYcpWAsn7f\">Aliment\u00e9 par une batterie de 850mAh, il fournit une puissance constante pour soutenir la dur\u00e9e de 120 000 bouff\u00e9es. Lorsque la batterie est faible, le chargement rapide Type-C vous permet de la recharger rapidement avec un c\u00e2ble commun\u2014pas d'attentes longues, pas de chargeurs suppl\u00e9mentaires, parfait pour les journ\u00e9es charg\u00e9es ou une utilisation en d\u00e9placement.<\/div>\n<h2 class=\"heading-2 ace-line old-record-id-VDx4frQ6IdXlhwcTJI0cCnJmnab\">Affichage intelligent &amp; Design compact : Commodit\u00e9 \u00e0 port\u00e9e de main<\/h2>\n<h3 class=\"heading-3 ace-line old-record-id-FrZEfJjd6dPCgacCuYocGZ9Bnbg\">\u00c9cran d'Affichage Intelligent Int\u00e9gr\u00e9<\/h3>\n<div class=\"ace-line ace-line old-record-id-JmNTfiwF9dYF9aclli6c6Hdfnsd\">L'affichage intelligent int\u00e9gr\u00e9 vous tient inform\u00e9 d'un coup d'\u0153il. Il affiche le niveau de batterie en temps r\u00e9el, le e-liquide restant et la force de nicotine actuelle, afin que vous ne soyez jamais pris au d\u00e9pourvu par une batterie morte ou un appareil vide. Tout ce que vous devez savoir est clair et facile \u00e0 lire.<\/div>\n<h3 class=\"heading-3 ace-line old-record-id-FjPWfAHk2dGAsmcXvvTcAxSenBe\">Construction Compacte &amp; L\u00e9g\u00e8re<\/h3>\n<div class=\"ace-line ace-line old-record-id-Ff2pfE4NbdMy93cZjbscRtr0nUh\">Mesurant 44*47*117mm et pesant 165g par pi\u00e8ce, il est suffisamment compact pour tenir confortablement dans votre poche ou votre sac. Il est facile \u00e0 transporter partout, ce qui le rend parfait pour les trajets, les voyages ou une utilisation occasionnelle\u2014pas de sensation encombrante, juste une pure commodit\u00e9.<\/p>\n<\/div>\n<\/div>\n<\/div>\n<\/div>\n<\/div>\n<\/div>\n<\/div>\n<\/div>\n<\/div>\n<\/div>\n<\/div>\n<\/div>\n<\/div>\n<\/div>\n<\/div>\n<\/div>\n<\/div>\n<\/div>\n<\/div>\n<\/div>\n<\/div>\n<\/div>\n<\/div>\n<\/div>\n<\/div>\n<\/div>\n<\/div>\n<\/div>\n<\/div>\n<\/div>\n<\/div>\n<\/div>\n<\/div>\n<\/div>\n<\/div>\n<\/div>\n<\/div>\n<\/div>\n<\/div>\n<\/div>\n<\/div>\n<\/div>\n<\/div>\n<\/div>\n<\/div>\n<\/div>\n<\/div>\n<\/div>\n<\/div>\n<\/div>\n<\/div>\n<\/div>\n<\/div>\n<\/div>\n<\/div>\n<\/div>\n<\/div>\n<\/div>\n<\/div>\n<\/div>\n<\/div>\n<\/div>\n<\/div>\n<\/div>\n<\/div>\n<\/div>\n<\/div>\n<\/div>\n<\/div>\n<\/div>\n<\/div>\n<\/div>\n<\/div>\n<\/div>\n<\/div>\n<\/div>\n<\/div>\n<\/div>\n<\/div>\n<\/div>\n<\/div>\n<\/div>\n<\/div>\n<\/div>\n<\/div>\n<\/div>\n<\/div>\n<\/div>\n<\/div>\n<\/div>\n<\/div>\n<\/div>\n<\/div>\n<\/div>\n<\/div>","protected":false},"excerpt":{"rendered":"<div data-page-id=\"RAopf2sw9dtvw4cWYXpcTwo0n8g\" data-lark-html-role=\"root\" data-docx-has-block-data=\"false\">\n<div class=\"ace-line ace-line old-record-id-Uju9f3RXYd8dh2crAJbcBF3Un6M\">\n<div data-page-id=\"Dd8gfe2wRdT66jcgnqtcUwg5ndh\" data-lark-html-role=\"root\" data-docx-has-block-data=\"false\">\n<div class=\"ace-line ace-line old-record-id-FiRZf3qXpdK0RqcHt8wcxPTon8b\">Zooy 6 en 1 120000 bouff\u00e9es offre une polyvalence de saveurs 6 en 1 avec 12 trios, une r\u00e9sistance en mesh 0.8+0.8+0.8 et une nicotine ajustable (2%, 3%, 5%). Il a 120000 bouff\u00e9es, 143ml de e-liquide, une batterie de 850mAh, un chargement Type-C, un affichage intelligent et un corps compact de 165g<em>.<\/em><\/div>\n<\/div>\n<\/div>\n<\/div>","protected":false},"featured_media":7285,"comment_status":"open","ping_status":"closed","template":"","meta":{"_acf_changed":false,"inline_featured_image":false,"_sitemap_exclude":false,"_sitemap_priority":"","_sitemap_frequency":""},"product_brand":[357],"product_cat":[356,239,241],"product_tag":[],"class_list":{"0":"post-7273","1":"product","2":"type-product","3":"status-publish","4":"has-post-thumbnail","6":"product_brand-zooy","7":"product_cat-zooy-puff","8":"product_cat-disposable-vape-collection","9":"product_cat-120k-puff","11":"first","12":"instock","13":"sale","14":"shipping-taxable","15":"purchasable","16":"product-type-variable","17":"has-default-attributes"},"acf":[],"tiered_pricing_type":"fixed","tiered_pricing_fixed_rules":{"30":10.62,"60":9.99,"100":9.83,"200":8.9},"tiered_pricing_product_settings":{"layout":"default","base_unit_name":{"singular":null,"plural":null},"default_variation":null},"tiered_pricing_minimum_quantity":10,"tiered_pricing_roles_data":[],"tiered_pricing_percentage_rules":[],"tiered_pricing_maximum_quantity":null,"tiered_pricing_quantity_step":"10","_links":{"self":[{"href":"https:\/\/oiovape.com\/fr\/wp-json\/wp\/v2\/product\/7273","targetHints":{"allow":["GET"]}}],"collection":[{"href":"https:\/\/oiovape.com\/fr\/wp-json\/wp\/v2\/product"}],"about":[{"href":"https:\/\/oiovape.com\/fr\/wp-json\/wp\/v2\/types\/product"}],"replies":[{"embeddable":true,"href":"https:\/\/oiovape.com\/fr\/wp-json\/wp\/v2\/comments?post=7273"}],"version-history":[{"count":1,"href":"https:\/\/oiovape.com\/fr\/wp-json\/wp\/v2\/product\/7273\/revisions"}],"predecessor-version":[{"id":7286,"href":"https:\/\/oiovape.com\/fr\/wp-json\/wp\/v2\/product\/7273\/revisions\/7286"}],"wp:featuredmedia":[{"embeddable":true,"href":"https:\/\/oiovape.com\/fr\/wp-json\/wp\/v2\/media\/7285"}],"wp:attachment":[{"href":"https:\/\/oiovape.com\/fr\/wp-json\/wp\/v2\/media?parent=7273"}],"wp:term":[{"taxonomy":"product_brand","embeddable":true,"href":"https:\/\/oiovape.com\/fr\/wp-json\/wp\/v2\/product_brand?post=7273"},{"taxonomy":"product_cat","embeddable":true,"href":"https:\/\/oiovape.com\/fr\/wp-json\/wp\/v2\/product_cat?post=7273"},{"taxonomy":"product_tag","embeddable":true,"href":"https:\/\/oiovape.com\/fr\/wp-json\/wp\/v2\/product_tag?post=7273"}],"curies":[{"name":"wp","href":"https:\/\/api.w.org\/{rel}","templated":true}]}}