{"id":7350,"date":"2026-03-03T10:30:01","date_gmt":"2026-03-03T02:30:01","guid":{"rendered":"https:\/\/oiovape.com\/?post_type=product&#038;p=7350"},"modified":"2026-03-03T10:55:34","modified_gmt":"2026-03-03T02:55:34","slug":"atvs-40000-puffs","status":"publish","type":"product","link":"https:\/\/oiovape.com\/fr\/product\/atvs-40000-puffs\/","title":{"rendered":"ATVS 40000 PUFFS 750mah Batterie Rechargeable Rapide Vape Stylo Jetable"},"content":{"rendered":"<div data-page-id=\"ZVeMfq8uxd7y1ycuKm5cym4LnYd\" data-lark-html-role=\"root\" data-docx-has-block-data=\"false\">\n<div data-page-id=\"Fd41fZ5N9dzRQtcRNoVc2FuDnCh\" data-lark-html-role=\"root\" data-docx-has-block-data=\"true\">\n<div data-page-id=\"BdIJfeeijdk1eucGpS8cDCBBn5c\" data-lark-html-role=\"root\" data-docx-has-block-data=\"false\">\n<div data-page-id=\"Zbg9fWx77dUuh2cIYpic25c8nyd\" data-lark-html-role=\"root\" data-docx-has-block-data=\"false\">\n<div data-page-id=\"KaIvfiurhdlCKdc0kyxcX64cnE6\" data-lark-html-role=\"root\" data-docx-has-block-data=\"true\">\n<div data-page-id=\"PbvFfqxqlddUTScRpEYcY5MHnpf\" data-lark-html-role=\"root\" data-docx-has-block-data=\"true\">\n<div data-page-id=\"GZO2f5JeudwY4jc9iJtcdk9Hnxh\" data-lark-html-role=\"root\" data-docx-has-block-data=\"false\">\n<div data-page-id=\"EZVRf2acFduXLGcseZFc4qH2n6e\" data-lark-html-role=\"root\" data-docx-has-block-data=\"false\">\n<div data-page-id=\"B8rHfcqlqdzmH5cCWCncz17Cntb\" data-lark-html-role=\"root\" data-docx-has-block-data=\"false\">\n<div data-page-id=\"B8rHfcqlqdzmH5cCWCncz17Cntb\" data-lark-html-role=\"root\" data-docx-has-block-data=\"false\">\n<div data-page-id=\"B8rHfcqlqdzmH5cCWCncz17Cntb\" data-lark-html-role=\"root\" data-docx-has-block-data=\"true\">\n<div data-page-id=\"HM70f1aoxdD0bMcxJZBcVc7ynZd\" data-lark-html-role=\"root\" data-docx-has-block-data=\"false\">\n<div data-page-id=\"NSrJfN7Ord22i0c1iwZcsF8yn8b\" data-lark-html-role=\"root\" data-docx-has-block-data=\"false\">\n<div data-page-id=\"RXEff4Mskds8o1cqL5HcGEtUnCh\" data-lark-html-role=\"root\" data-docx-has-block-data=\"false\">\n<div data-page-id=\"KJ7gfqkVndMSRJcMseScmvYwnTc\" data-lark-html-role=\"root\" data-docx-has-block-data=\"false\">\n<div class=\"ace-line ace-line old-record-id-QADAfETPudgmudc05YvcTO5fnxe\">\n<div data-page-id=\"KJ7gfqkVndMSRJcMseScmvYwnTc\" data-lark-html-role=\"root\" data-docx-has-block-data=\"false\">\n<div class=\"ace-line ace-line old-record-id-JoRkfpho8dOkiacEOascDyCOncb\">\n<div data-page-id=\"KJ7gfqkVndMSRJcMseScmvYwnTc\" data-lark-html-role=\"root\" data-docx-has-block-data=\"false\">\n<div data-page-id=\"Ju6ofQ3V4dGmePcVvJvc1gmcnZb\" data-lark-html-role=\"root\" data-docx-has-block-data=\"true\">\n<div data-page-id=\"PR9ife5PLdFabccbFgZcWgZOnTc\" data-lark-html-role=\"root\" data-docx-has-block-data=\"false\">\n<div data-page-id=\"INdrfOIGzdaenXcptrcc1BcznQc\" data-lark-html-role=\"root\" data-docx-has-block-data=\"false\">\n<div class=\"ace-line ace-line old-record-id-P0fIf4YaZdoGkbcxt5ackec2nnb\">\n<div data-page-id=\"INdrfOIGzdaenXcptrcc1BcznQc\" data-lark-html-role=\"root\" data-docx-has-block-data=\"false\">\n<div data-page-id=\"MAzCfUB73dMTQscm8eWcougVn1g\" data-lark-html-role=\"root\" data-docx-has-block-data=\"true\">\n<div data-page-id=\"AXfpf7H1odhDvGcKoUOcErN8nV7\" data-lark-html-role=\"root\" data-docx-has-block-data=\"false\">\n<div data-page-id=\"QYTKf5PvLdUNdbce2nBcW9yfnrh\" data-lark-html-role=\"root\" data-docx-has-block-data=\"false\">\n<div data-page-id=\"Pvu1f1CCBdxbjncA9pgcBTpanph\" data-lark-html-role=\"root\" data-docx-has-block-data=\"true\">\n<div data-page-id=\"Axf3fcmY8dDAhtcjVircBcphnPc\" data-lark-html-role=\"root\" data-docx-has-block-data=\"false\">\n<div data-page-id=\"KKj1f9SPmdLhhMc5E2AcNlLen6f\" data-lark-html-role=\"root\" data-docx-has-block-data=\"true\">\n<div data-page-id=\"Rx61fK1sJdXHjPcBuhZcweNhnwc\" data-lark-html-role=\"root\" data-docx-has-block-data=\"false\">\n<div data-page-id=\"L1H9fkG9Mdz45Fcy4WMc5VKXnRe\" data-lark-html-role=\"root\" data-docx-has-block-data=\"false\">\n<div data-page-id=\"L1H9fkG9Mdz45Fcy4WMc5VKXnRe\" data-lark-html-role=\"root\" data-docx-has-block-data=\"false\">\n<div data-page-id=\"D4XLfVBVrdE8mrcaYizczklLnaf\" data-lark-html-role=\"root\" data-docx-has-block-data=\"false\">\n<div data-page-id=\"WVcifIY44d5mhMcXtyEcTsfenGd\" data-lark-html-role=\"root\" data-docx-has-block-data=\"true\">\n<div data-page-id=\"LRknfa6Whd4DWCcUc0FcNKpJnyh\" data-lark-html-role=\"root\" data-docx-has-block-data=\"false\">\n<div data-page-id=\"LRknfa6Whd4DWCcUc0FcNKpJnyh\" data-lark-html-role=\"root\" data-docx-has-block-data=\"false\">\n<div data-page-id=\"XFRAfkcOEdRWh8cArQ2cJdyRnJf\" data-lark-html-role=\"root\" data-docx-has-block-data=\"true\">\n<div data-page-id=\"OQ3bfjnRddMTDGcC3ouc6xFKnWf\" data-lark-html-role=\"root\" data-docx-has-block-data=\"true\">\n<div data-page-id=\"J0iGfj1hEdjc4rcUdSmc4spMnmZ\" data-lark-html-role=\"root\" data-docx-has-block-data=\"false\">\n<div data-page-id=\"P1o7fFyNlduP8tcfZpQcagzbnIf\" data-lark-html-role=\"root\" data-docx-has-block-data=\"false\">\n<div class=\"ace-line ace-line old-record-id-P1o7fFyNlduP8tcfZpQcagzbnIf\">\n<div data-page-id=\"P1o7fFyNlduP8tcfZpQcagzbnIf\" data-lark-html-role=\"root\" data-docx-has-block-data=\"false\">\n<div data-page-id=\"U4iufW38SdttWKcTstMcTtHRnXc\" data-lark-html-role=\"root\" data-docx-has-block-data=\"true\">\n<div data-page-id=\"ONVMf7VTWddcFtcyATOchCJHnZb\" data-lark-html-role=\"root\" data-docx-has-block-data=\"true\">\n<div data-page-id=\"KoW2fSy0PdLHFlc5kSHcgvWMnYg\" data-lark-html-role=\"root\" data-docx-has-block-data=\"false\">\n<div data-page-id=\"KoW2fSy0PdLHFlc5kSHcgvWMnYg\" data-lark-html-role=\"root\" data-docx-has-block-data=\"false\">\n<div data-page-id=\"OLGhfzxC7d7EFIcLEj9cRT5ynZf\" data-lark-html-role=\"root\" data-docx-has-block-data=\"false\">\n<div data-page-id=\"DdnnfrLjzdqrFIc9Il9c7pA2noc\" data-lark-html-role=\"root\" data-docx-has-block-data=\"true\">\n<div data-page-id=\"KNzcf2o0oddkJOcztTVcqPdlnth\" data-lark-html-role=\"root\" data-docx-has-block-data=\"false\">\n<div data-page-id=\"LBU7fg5SEdkWhecGJoxca3xvnCe\" data-lark-html-role=\"root\" data-docx-has-block-data=\"false\">\n<div data-page-id=\"EB70fooS3d69bMcgWB7c5qb9n8g\" data-lark-html-role=\"root\" data-docx-has-block-data=\"false\">\n<div data-page-id=\"AogwfsZCadB6t0cAvF0cK4JLnvf\" data-lark-html-role=\"root\" data-docx-has-block-data=\"false\">\n<div data-page-id=\"AogwfsZCadB6t0cAvF0cK4JLnvf\" data-lark-html-role=\"root\" data-docx-has-block-data=\"false\">\n<div data-page-id=\"JMZIflNGddQuU0c5JZocSqlvnle\" data-lark-html-role=\"root\" data-docx-has-block-data=\"false\">\n<div data-page-id=\"JMZIflNGddQuU0c5JZocSqlvnle\" data-lark-html-role=\"root\" data-docx-has-block-data=\"true\">\n<div data-page-id=\"HtEafjjRIdPAlMc9zgYcsGy6nOe\" data-lark-html-role=\"root\" data-docx-has-block-data=\"false\">\n<div data-page-id=\"Rhnafz0WTdDeT9c43xxczsbVnJo\" data-lark-html-role=\"root\" data-docx-has-block-data=\"false\">\n<div data-page-id=\"WY0CfKdcTdf4hVcZl67ct5LGncf\" data-lark-html-role=\"root\" data-docx-has-block-data=\"true\">\n<div data-page-id=\"MkB5fF4AVdchovcoPEpc7LqvnOd\" data-lark-html-role=\"root\" data-docx-has-block-data=\"true\">\n<div data-page-id=\"MfbjfZhbhdJdA8cH1dAckqF0n6g\" data-lark-html-role=\"root\" data-docx-has-block-data=\"false\">\n<div class=\"ace-line ace-line old-record-id-W2AHfJLnjd7ugjcRLs1c8BdhnNh\">\n<div data-page-id=\"MfbjfZhbhdJdA8cH1dAckqF0n6g\" data-lark-html-role=\"root\" data-docx-has-block-data=\"false\">\n<div class=\"old-record-id-XXd1feeCZdR2hJc6evocxnh1nOg\">\n<div data-page-id=\"MfbjfZhbhdJdA8cH1dAckqF0n6g\" data-lark-html-role=\"root\" data-docx-has-block-data=\"false\">\n<div data-page-id=\"DE51fYUmxdT3ekcHzc3cGrVQnsc\" data-lark-html-role=\"root\" data-docx-has-block-data=\"false\">\n<div data-page-id=\"YSKdfaZ08dRej3ci5CccQBuOncc\" data-lark-html-role=\"root\" data-docx-has-block-data=\"true\">\n<div data-page-id=\"K6mofQmledamEFcgp1EcVobmnYd\" data-lark-html-role=\"root\" data-docx-has-block-data=\"false\">\n<div data-page-id=\"VTgsfVLdCd9q1ucYcwRcCM0Hnof\" data-lark-html-role=\"root\" data-docx-has-block-data=\"true\">\n<div data-page-id=\"WucKfzp8RdNy8rcMJHncz4Knnac\" data-lark-html-role=\"root\" data-docx-has-block-data=\"true\">\n<div data-page-id=\"IfZ9fDIBLd9b9hcJiqGcLw9Pnmh\" data-lark-html-role=\"root\" data-docx-has-block-data=\"false\">\n<div data-page-id=\"JeU6f3Yq5dbdEHcZDptc5ikcn5c\" data-lark-html-role=\"root\" data-docx-has-block-data=\"true\">\n<div data-page-id=\"E1YjfnB4Jdmtsfc2ZObcu04Un6c\" data-lark-html-role=\"root\" data-docx-has-block-data=\"false\">\n<div data-page-id=\"RQVEfdiOzdqTQKcRcnxcG0Y7nce\" data-lark-html-role=\"root\" data-docx-has-block-data=\"true\">\n<div data-page-id=\"NKc7fbZi9dnOXocdHcScVsXdnmh\" data-lark-html-role=\"root\" data-docx-has-block-data=\"false\">\n<div data-page-id=\"DaE3fgNEwdnbQVc62iqcBK4lnte\" data-lark-html-role=\"root\" data-docx-has-block-data=\"false\">\n<div data-page-id=\"DaE3fgNEwdnbQVc62iqcBK4lnte\" data-lark-html-role=\"root\" data-docx-has-block-data=\"false\">\n<div data-page-id=\"NqSRfcp5SdFQ6ucdStXcbvManpc\" data-lark-html-role=\"root\" data-docx-has-block-data=\"false\">\n<div data-page-id=\"KydBfoEuudJNYhcgRdAc3aeUn7c\" data-lark-html-role=\"root\" data-docx-has-block-data=\"true\">\n<div data-page-id=\"SIqXfR5ipd7jWpczA5RcYkWInfd\" data-lark-html-role=\"root\" data-docx-has-block-data=\"false\">\n<div data-page-id=\"Y06XfUzydd0aVicBtPKcZlS8nJf\" data-lark-html-role=\"root\" data-docx-has-block-data=\"true\">\n<div data-page-id=\"E2ZvfNrVNdEHKickexPcvdXVnrc\" data-lark-html-role=\"root\" data-docx-has-block-data=\"false\">\n<div data-page-id=\"DqGzfq5S4d9GdAcOQVIcIdPhn2c\" data-lark-html-role=\"root\" data-docx-has-block-data=\"false\">\n<div data-page-id=\"HsKcfE4WLdET7ScRm72cTZ96nPb\" data-lark-html-role=\"root\" data-docx-has-block-data=\"false\">\n<div data-page-id=\"MvWFfuF4Edx69KcRSmmcvS2LndG\" data-lark-html-role=\"root\" data-docx-has-block-data=\"true\">\n<div data-page-id=\"BSNMfUsMXd3XFscNxbDcufC2nEg\" data-lark-html-role=\"root\" data-docx-has-block-data=\"false\">\n<div data-page-id=\"Rr0Mfry1adQB66cMkYGcCmoWnKe\" data-lark-html-role=\"root\" data-docx-has-block-data=\"true\">\n<div data-page-id=\"A7fMfxJhydfxJUc6VX9cVvDKnpd\" data-lark-html-role=\"root\" data-docx-has-block-data=\"false\">\n<div data-page-id=\"A7fMfxJhydfxJUc6VX9cVvDKnpd\" data-lark-html-role=\"root\" data-docx-has-block-data=\"false\">\n<div data-page-id=\"WbzgfFBuTduiBjc6rORciNrNnlf\" data-lark-html-role=\"root\" data-docx-has-block-data=\"false\">\n<div data-page-id=\"R0Rzf8rQUdoB9hcxkiqc9kKHnk2\" data-lark-html-role=\"root\" data-docx-has-block-data=\"true\">\n<div data-page-id=\"ZwXFfRomCdt9G4cs33scepfHnoe\" data-lark-html-role=\"root\" data-docx-has-block-data=\"false\">\n<div data-page-id=\"UFFTffnWTdbuv3coRhBc3zxBnMf\" data-lark-html-role=\"root\" data-docx-has-block-data=\"true\">\n<div data-page-id=\"FV0FfDT4ZdfJZoc4SMccT5Rjndf\" data-lark-html-role=\"root\" data-docx-has-block-data=\"false\">\n<div data-page-id=\"QfqMfQ3H3dBjAycBmxFct9R0nOd\" data-lark-html-role=\"root\" data-docx-has-block-data=\"false\">\n<div data-page-id=\"DXwcf38JSdYoRnczvWycOLbJnKg\" data-lark-html-role=\"root\" data-docx-has-block-data=\"false\">\n<div data-page-id=\"ERF5fOYoJdJoKBcJe3dczeiRnhb\" data-lark-html-role=\"root\" data-docx-has-block-data=\"false\">\n<h2 class=\"ace-line ace-line old-record-id-ERF5fOYoJdJoKBcJe3dczeiRnhb\">ATVS 40000 Bouff\u00e9es red\u00e9finit le vapotage jetable longue dur\u00e9e avec une impressionnante dur\u00e9e de vie de 40000 bouff\u00e9es et 35ml de e-liquide. Il associe des coils en maille double avec une r\u00e9sistance r\u00e9glable, un design compact et 24 saveurs soigneusement \u00e9labor\u00e9es, le tout aliment\u00e9 par une batterie fiable de 750mAh 751752, parfaite pour les vapoteurs qui recherchent constance et vari\u00e9t\u00e9. \ud83d\ude80<\/h2>\n<div class=\"ace-line ace-line old-record-id-O23afLz0UdcqNRcI7pDc0aAOnec\">Il garde les choses simples mais efficaces, en se concentrant sur ce qui compte le plus : des bouff\u00e9es douces, des saveurs authentiques et un plaisir ininterrompu. Pas d'extras tape-\u00e0-l'\u0153il, juste un appareil bien construit qui d\u00e9livre jour apr\u00e8s jour, que vous vapotiez en d\u00e9placement ou que vous vous d\u00e9tendiez \u00e0 la maison. \u2728<\/div>\n<div class=\"ace-line ace-line old-record-id-OCTSf714hdjVSWcuLRJc0ML4nyU\">Coils en Maille Double &amp; R\u00e9sistance R\u00e9glable : Bouff\u00e9es Douces et Coh\u00e9rentes \u00e0 Chaque Fois<br \/>\n<img decoding=\"async\" class=\"alignnone wp-image-7352 size-full\" title=\"ATVS 40k Liste des Saveurs\" src=\"https:\/\/oiovape.com\/wp-content\/uploads\/2026\/03\/ATVS-40k-Poster.jpg\" alt=\"ATVS 40k Liste des Saveurs\" width=\"1722\" height=\"753\" srcset=\"https:\/\/oiovape.com\/wp-content\/uploads\/2026\/03\/ATVS-40k-Poster.jpg 1722w, https:\/\/oiovape.com\/wp-content\/uploads\/2026\/03\/ATVS-40k-Poster-300x131.jpg 300w, https:\/\/oiovape.com\/wp-content\/uploads\/2026\/03\/ATVS-40k-Poster-1024x448.jpg 1024w, https:\/\/oiovape.com\/wp-content\/uploads\/2026\/03\/ATVS-40k-Poster-768x336.jpg 768w, https:\/\/oiovape.com\/wp-content\/uploads\/2026\/03\/ATVS-40k-Poster-1536x672.jpg 1536w, https:\/\/oiovape.com\/wp-content\/uploads\/2026\/03\/ATVS-40k-Poster-18x8.jpg 18w, https:\/\/oiovape.com\/wp-content\/uploads\/2026\/03\/ATVS-40k-Poster-1200x525.jpg 1200w, https:\/\/oiovape.com\/wp-content\/uploads\/2026\/03\/ATVS-40k-Poster-150x66.jpg 150w\" sizes=\"(max-width: 1722px) 100vw, 1722px\" \/><\/p>\n<\/div>\n<h2 class=\"heading-2 ace-line old-record-id-NjGdf9CeodFXalc3gjEcbzg0n7b\">Les coils en maille double de l'appareil sont son secret pour une grande saveur et une bonne vapeur. Ils chauffent le e-liquide uniform\u00e9ment, lib\u00e9rant le go\u00fbt naturel de chaque saveur sans duret\u00e9 ni notes br\u00fbl\u00e9es. Ce design garantit que chaque tirage est doux et satisfaisant, de la premi\u00e8re bouff\u00e9e \u00e0 la 40000\u00e8me. \ud83d\udd27<\/h2>\n<div class=\"ace-line ace-line old-record-id-OWOYfmUUVdnfCac1rG4cbh2MnMh\">Il offre deux r\u00e9glages de r\u00e9sistance\u20140.4\u03a9 et 0.8\u03a9\u2014pour s'adapter \u00e0 diff\u00e9rentes pr\u00e9f\u00e9rences. Optez pour 0.4\u03a9 si vous aimez une vapeur \u00e9paisse et dense qui d\u00e9livre un coup robuste. Choisissez 0.8\u03a9 pour un tirage plus doux et plus l\u00e9ger, parfait pour le vapotage toute la journ\u00e9e. \ud83d\udee0\ufe0f<\/div>\n<h3 class=\"heading-3 ace-line old-record-id-QSfDfSCaodg10KcbObZcxr1Vnme\">Deux Options de R\u00e9sistance pour un Vapotage Personnalis\u00e9<\/h3>\n<div class=\"ace-line ace-line old-record-id-Q5lXfKcCvdI3U7c8Hsjc1EBznjc\">Coils Durables pour une Utilisation \u00e0 Long Terme<\/div>\n<h4 class=\"heading-4 ace-line old-record-id-Q0N3fPDvtdgFQjceBP4c1vlbnSd\">Les coils en maille double sont con\u00e7us pour durer, minimisant les bouff\u00e9es s\u00e8ches et garantissant des performances constantes tout au long de la dur\u00e9e de vie de l'appareil. Ils supportent une utilisation fr\u00e9quente avec aisance, vous n'avez donc jamais \u00e0 faire de compromis sur la saveur ou la qualit\u00e9 de la vapeur. \ud83d\udcaa<\/h4>\n<div class=\"ace-line ace-line old-record-id-ZbpCfVnQJdMWVMcKQmUcCh3xntd\">40000 Bouff\u00e9es &amp; 35ml de E-Liquide : Plaisir Ininterrompu<\/div>\n<h2 class=\"heading-2 ace-line old-record-id-HQddfRbUodlEC8cSIrfcoD6Pnxe\">Avec 40000 bouff\u00e9es et 35ml de e-liquide, cet appareil est fait pour durer des semaines, m\u00eame avec un vapotage quotidien. La batterie 750mAh 751752 fournit une puissance constante pour correspondre \u00e0 cette long\u00e9vit\u00e9, vous n'aurez donc pas besoin de remplacer l'appareil constamment. \u23f3<\/h2>\n<div class=\"ace-line ace-line old-record-id-HDu2f0yh5dFC96cB4PscJEXSnyb\">Puissance \u00c9quilibr\u00e9e &amp; E-Liquide pour un Vapotage Non-Stop<\/div>\n<h3 class=\"heading-3 ace-line old-record-id-HUJEf5iNZdubIBchykecMdj7nVd\">Puissance \u00c9quilibr\u00e9e &amp; E-Liquide pour un Vapotage Non-Stop<\/h3>\n<div class=\"ace-line ace-line old-record-id-YjG1fLO6rdW1KHcqZzfctkdunkf\">24 Saveurs Diverses : Quelque Chose pour Chaque Envie \ud83c\udf53\u2744\ufe0f\ud83e\udd64<\/div>\n<h2 class=\"heading-2 ace-line old-record-id-ZwGhfBKWDdRr08c9nSAcMIdHndh\">ATVS 40000 Bouff\u00e9es propose 24 saveurs distinctes, couvrant des rafra\u00eechissements glac\u00e9s, des fruits sucr\u00e9s, des baies acidul\u00e9es et des go\u00fbts amusants et ludiques. Chaque saveur est soigneusement m\u00e9lang\u00e9e pour avoir un go\u00fbt authentique, sans arri\u00e8re-go\u00fbt artificiel\u2014parfait pour changer ou rester fid\u00e8le \u00e0 votre favori. \ud83c\udf49\ud83c\udf47<\/h2>\n<div class=\"ace-line ace-line old-record-id-VefIfwUsZdeYgCcfC8aclEXFn5d\">Saveurs pour Chaque Humeur &amp; Moment<\/div>\n<h3 class=\"heading-3 ace-line old-record-id-JOLnfMRnEd36PNcjQcXcbTwcnIf\">1. Glace de Past\u00e8que<\/h3>\n<div class=\"ace-line ace-line old-record-id-U95afXWmedOgEJcRRUmcBCchnUh\">2. Glace de Raisin<br \/>\n3. Myrtille Cerise Canneberge<br \/>\n4. Ours en G\u00e9latine<br \/>\n5. Glace de Fraise<br \/>\n6. Glace de Litchi<br \/>\n7. Glace d'Ananas<br \/>\n8. Glace de Myrtille<br \/>\n9. Glace de Goyave<br \/>\n10. Cerise Blue Razz<br \/>\n11. M. Bleu<br \/>\n12. Fraise Past\u00e8que<br \/>\n13. Glace de Cola<br \/>\n14. Triple Mangue<br \/>\n15. Fizzy Cerise Bonbon<br \/>\n16. Glace de Taro<br \/>\n17. Glace de Cantaloup<br \/>\n18. Glace de P\u00eache<br \/>\n19. Glace de Banane Orange<br \/>\n20. Fizzy Vimto<br \/>\n21. Glace de Pomme<br \/>\n22. Glace de Banane<br \/>\n23. Glace de Cerise<br \/>\n24. Citron Lime<br \/>\nVari\u00e9t\u00e9 Infinie pour Garder le Vapotage Amusant<\/div>\n<h4 class=\"heading-4 ace-line old-record-id-RkLSfvuGGdWQCGcwGDacdlu2nag\">Avec 24 options, vous ne vous ennuierez jamais. Alternez entre des saveurs glac\u00e9es, fruit\u00e9es ou ludiques pour correspondre \u00e0 votre humeur\u2014que vous ayez envie d'un coup frais et rafra\u00eechissant, d'une douceur sucr\u00e9e, ou de quelque chose de bold et inattendu. \ud83c\udfa8<\/h4>\n<div class=\"ace-line ace-line old-record-id-VpftfIDhwdPOWxcqNglcZiSJn7f\">Design Compact &amp; Emballage Pratique \ud83d\udce6<br \/>\n<img decoding=\"async\" class=\"alignnone wp-image-7353 size-full\" title=\"ATVS 45k\" src=\"https:\/\/oiovape.com\/wp-content\/uploads\/2026\/03\/ATVS-40k-Flavors-List.jpg\" alt=\"ATVS 45k\" width=\"1539\" height=\"815\" srcset=\"https:\/\/oiovape.com\/wp-content\/uploads\/2026\/03\/ATVS-40k-Flavors-List.jpg 1539w, https:\/\/oiovape.com\/wp-content\/uploads\/2026\/03\/ATVS-40k-Flavors-List-300x159.jpg 300w, https:\/\/oiovape.com\/wp-content\/uploads\/2026\/03\/ATVS-40k-Flavors-List-1024x542.jpg 1024w, https:\/\/oiovape.com\/wp-content\/uploads\/2026\/03\/ATVS-40k-Flavors-List-768x407.jpg 768w, https:\/\/oiovape.com\/wp-content\/uploads\/2026\/03\/ATVS-40k-Flavors-List-1536x813.jpg 1536w, https:\/\/oiovape.com\/wp-content\/uploads\/2026\/03\/ATVS-40k-Flavors-List-18x10.jpg 18w, https:\/\/oiovape.com\/wp-content\/uploads\/2026\/03\/ATVS-40k-Flavors-List-1200x635.jpg 1200w, https:\/\/oiovape.com\/wp-content\/uploads\/2026\/03\/ATVS-40k-Flavors-List-150x79.jpg 150w\" sizes=\"(max-width: 1539px) 100vw, 1539px\" \/><\/p>\n<\/div>\n<h2 class=\"heading-2 ace-line old-record-id-FzIefqsukdEZQQc6jJDcAgWlnFc\">Design Compact &amp; Emballage Pratique \ud83d\udce6<\/h2>\n<div class=\"ace-line ace-line old-record-id-L7bbf0wDTdn9fHcbZlQcimkDn6f\">Emballage Pratique pour Tous<\/div>\n<h3 class=\"heading-3 ace-line old-record-id-PMakf77NadUPT1cF85ucpeUtnNc\">Un Emballage Pratique pour Tous<\/h3>\n<div class=\"ace-line ace-line old-record-id-LK0effkgxdWDyvceBdwcYmq8nNp\">Chaque appareil individuel est livr\u00e9 dans un emballage int\u00e9rieur compact, tandis qu'une bo\u00eete contient 10 pi\u00e8ces. L'emballage ext\u00e9rieur mesure 119*160.5*118.5mm et p\u00e8se 1050g au total\u2014facile \u00e0 stocker \u00e0 la maison ou \u00e0 transporter en vrac, que ce soit pour un usage personnel ou pour la revente. \ud83d\udce6<\/div>\n<\/div>\n<\/div>\n<\/div>\n<\/div>\n<\/div>\n<\/div>\n<\/div>\n<\/div>\n<\/div>\n<\/div>\n<\/div>\n<\/div>\n<\/div>\n<\/div>\n<\/div>\n<\/div>\n<\/div>\n<\/div>\n<\/div>\n<\/div>\n<\/div>\n<\/div>\n<\/div>\n<\/div>\n<\/div>\n<\/div>\n<\/div>\n<\/div>\n<\/div>\n<\/div>\n<\/div>\n<\/div>\n<\/div>\n<\/div>\n<\/div>\n<\/div>\n<\/div>\n<\/div>\n<\/div>\n<\/div>\n<\/div>\n<\/div>\n<\/div>\n<\/div>\n<\/div>\n<\/div>\n<\/div>\n<\/div>\n<\/div>\n<\/div>\n<\/div>\n<\/div>\n<\/div>\n<\/div>\n<\/div>\n<\/div>\n<\/div>\n<\/div>\n<\/div>\n<\/div>\n<\/div>\n<\/div>\n<\/div>\n<\/div>\n<\/div>\n<\/div>\n<\/div>\n<\/div>\n<\/div>\n<\/div>\n<\/div>\n<\/div>\n<\/div>\n<\/div>\n<\/div>\n<\/div>\n<\/div>\n<\/div>\n<\/div>\n<\/div>\n<\/div>\n<\/div>\n<\/div>\n<\/div>\n<\/div>\n<\/div>\n<\/div>\n<\/div>\n<\/div>\n<\/div>\n<\/div>\n<\/div>\n<\/div>\n<\/div>\n<\/div>\n<\/div>\n<\/div>","protected":false},"excerpt":{"rendered":"<div data-page-id=\"RAopf2sw9dtvw4cWYXpcTwo0n8g\" data-lark-html-role=\"root\" data-docx-has-block-data=\"false\">\n<div class=\"ace-line ace-line old-record-id-Uju9f3RXYd8dh2crAJbcBF3Un6M\">\n<div data-page-id=\"Dd8gfe2wRdT66jcgnqtcUwg5ndh\" data-lark-html-role=\"root\" data-docx-has-block-data=\"false\">\n<div class=\"ace-line ace-line old-record-id-FiRZf3qXpdK0RqcHt8wcxPTon8b\">ATVS 40000 Bouff\u00e9es est un vape jetable longue dur\u00e9e avec 40000 bouff\u00e9es, 35ml de e-liquide et des coils en maille double. Il dispose d'une batterie 750mAh 751752, d'une r\u00e9sistance de 0.4\/0.8\u03a9, de 24 saveurs, d'une taille compacte de 115mm et de bo\u00eetes de 10 pi\u00e8ces pesant 1050g.<em>58<\/em>ATVS 40000 Bouff\u00e9es \u2013 Introduction des Points Forts du Produit.<\/div>\n<\/div>\n<\/div>\n<\/div>","protected":false},"featured_media":7363,"comment_status":"open","ping_status":"closed","template":"","meta":{"_acf_changed":false,"inline_featured_image":false,"_sitemap_exclude":false,"_sitemap_priority":"","_sitemap_frequency":""},"product_brand":[375],"product_cat":[374,239,244],"product_tag":[],"class_list":{"0":"post-7350","1":"product","2":"type-product","3":"status-publish","4":"has-post-thumbnail","6":"product_brand-atvs","7":"product_cat-atvs","8":"product_cat-disposable-vape-collection","9":"product_cat-40k-puff","11":"first","12":"instock","13":"sale","14":"shipping-taxable","15":"purchasable","16":"product-type-variable","17":"has-default-attributes"},"acf":[],"tiered_pricing_type":"fixed","tiered_pricing_fixed_rules":{"30":9.28,"60":8.5,"100":7.88,"200":7.27},"tiered_pricing_product_settings":{"layout":"default","base_unit_name":{"singular":null,"plural":null},"default_variation":null},"tiered_pricing_minimum_quantity":10,"tiered_pricing_roles_data":[],"tiered_pricing_percentage_rules":[],"tiered_pricing_maximum_quantity":null,"tiered_pricing_quantity_step":"10","_links":{"self":[{"href":"https:\/\/oiovape.com\/fr\/wp-json\/wp\/v2\/product\/7350","targetHints":{"allow":["GET"]}}],"collection":[{"href":"https:\/\/oiovape.com\/fr\/wp-json\/wp\/v2\/product"}],"about":[{"href":"https:\/\/oiovape.com\/fr\/wp-json\/wp\/v2\/types\/product"}],"replies":[{"embeddable":true,"href":"https:\/\/oiovape.com\/fr\/wp-json\/wp\/v2\/comments?post=7350"}],"version-history":[{"count":0,"href":"https:\/\/oiovape.com\/fr\/wp-json\/wp\/v2\/product\/7350\/revisions"}],"wp:featuredmedia":[{"embeddable":true,"href":"https:\/\/oiovape.com\/fr\/wp-json\/wp\/v2\/media\/7363"}],"wp:attachment":[{"href":"https:\/\/oiovape.com\/fr\/wp-json\/wp\/v2\/media?parent=7350"}],"wp:term":[{"taxonomy":"product_brand","embeddable":true,"href":"https:\/\/oiovape.com\/fr\/wp-json\/wp\/v2\/product_brand?post=7350"},{"taxonomy":"product_cat","embeddable":true,"href":"https:\/\/oiovape.com\/fr\/wp-json\/wp\/v2\/product_cat?post=7350"},{"taxonomy":"product_tag","embeddable":true,"href":"https:\/\/oiovape.com\/fr\/wp-json\/wp\/v2\/product_tag?post=7350"}],"curies":[{"name":"wp","href":"https:\/\/api.w.org\/{rel}","templated":true}]}}