{"id":7365,"date":"2026-03-03T10:55:52","date_gmt":"2026-03-03T02:55:52","guid":{"rendered":"https:\/\/oiovape.com\/?post_type=product&#038;p=7365"},"modified":"2026-03-03T11:19:14","modified_gmt":"2026-03-03T03:19:14","slug":"atvs-45000-puffs","status":"publish","type":"product","link":"https:\/\/oiovape.com\/fr\/product\/atvs-45000-puffs\/","title":{"rendered":"ATVS 45000 PUFFS Vape jetable \u00e0 \u00e9cran intelligent avec double r\u00e9sistance en maille"},"content":{"rendered":"<div data-page-id=\"ZVeMfq8uxd7y1ycuKm5cym4LnYd\" data-lark-html-role=\"root\" data-docx-has-block-data=\"false\">\n<div data-page-id=\"Fd41fZ5N9dzRQtcRNoVc2FuDnCh\" data-lark-html-role=\"root\" data-docx-has-block-data=\"true\">\n<div data-page-id=\"BdIJfeeijdk1eucGpS8cDCBBn5c\" data-lark-html-role=\"root\" data-docx-has-block-data=\"false\">\n<div data-page-id=\"Zbg9fWx77dUuh2cIYpic25c8nyd\" data-lark-html-role=\"root\" data-docx-has-block-data=\"false\">\n<div data-page-id=\"KaIvfiurhdlCKdc0kyxcX64cnE6\" data-lark-html-role=\"root\" data-docx-has-block-data=\"true\">\n<div data-page-id=\"PbvFfqxqlddUTScRpEYcY5MHnpf\" data-lark-html-role=\"root\" data-docx-has-block-data=\"true\">\n<div data-page-id=\"GZO2f5JeudwY4jc9iJtcdk9Hnxh\" data-lark-html-role=\"root\" data-docx-has-block-data=\"false\">\n<div data-page-id=\"EZVRf2acFduXLGcseZFc4qH2n6e\" data-lark-html-role=\"root\" data-docx-has-block-data=\"false\">\n<div data-page-id=\"B8rHfcqlqdzmH5cCWCncz17Cntb\" data-lark-html-role=\"root\" data-docx-has-block-data=\"false\">\n<div data-page-id=\"B8rHfcqlqdzmH5cCWCncz17Cntb\" data-lark-html-role=\"root\" data-docx-has-block-data=\"false\">\n<div data-page-id=\"B8rHfcqlqdzmH5cCWCncz17Cntb\" data-lark-html-role=\"root\" data-docx-has-block-data=\"true\">\n<div data-page-id=\"HM70f1aoxdD0bMcxJZBcVc7ynZd\" data-lark-html-role=\"root\" data-docx-has-block-data=\"false\">\n<div data-page-id=\"NSrJfN7Ord22i0c1iwZcsF8yn8b\" data-lark-html-role=\"root\" data-docx-has-block-data=\"false\">\n<div data-page-id=\"RXEff4Mskds8o1cqL5HcGEtUnCh\" data-lark-html-role=\"root\" data-docx-has-block-data=\"false\">\n<div data-page-id=\"KJ7gfqkVndMSRJcMseScmvYwnTc\" data-lark-html-role=\"root\" data-docx-has-block-data=\"false\">\n<div class=\"ace-line ace-line old-record-id-QADAfETPudgmudc05YvcTO5fnxe\">\n<div data-page-id=\"KJ7gfqkVndMSRJcMseScmvYwnTc\" data-lark-html-role=\"root\" data-docx-has-block-data=\"false\">\n<div class=\"ace-line ace-line old-record-id-JoRkfpho8dOkiacEOascDyCOncb\">\n<div data-page-id=\"KJ7gfqkVndMSRJcMseScmvYwnTc\" data-lark-html-role=\"root\" data-docx-has-block-data=\"false\">\n<div data-page-id=\"Ju6ofQ3V4dGmePcVvJvc1gmcnZb\" data-lark-html-role=\"root\" data-docx-has-block-data=\"true\">\n<div data-page-id=\"PR9ife5PLdFabccbFgZcWgZOnTc\" data-lark-html-role=\"root\" data-docx-has-block-data=\"false\">\n<div data-page-id=\"INdrfOIGzdaenXcptrcc1BcznQc\" data-lark-html-role=\"root\" data-docx-has-block-data=\"false\">\n<div class=\"ace-line ace-line old-record-id-P0fIf4YaZdoGkbcxt5ackec2nnb\">\n<div data-page-id=\"INdrfOIGzdaenXcptrcc1BcznQc\" data-lark-html-role=\"root\" data-docx-has-block-data=\"false\">\n<div data-page-id=\"MAzCfUB73dMTQscm8eWcougVn1g\" data-lark-html-role=\"root\" data-docx-has-block-data=\"true\">\n<div data-page-id=\"AXfpf7H1odhDvGcKoUOcErN8nV7\" data-lark-html-role=\"root\" data-docx-has-block-data=\"false\">\n<div data-page-id=\"QYTKf5PvLdUNdbce2nBcW9yfnrh\" data-lark-html-role=\"root\" data-docx-has-block-data=\"false\">\n<div data-page-id=\"Pvu1f1CCBdxbjncA9pgcBTpanph\" data-lark-html-role=\"root\" data-docx-has-block-data=\"true\">\n<div data-page-id=\"Axf3fcmY8dDAhtcjVircBcphnPc\" data-lark-html-role=\"root\" data-docx-has-block-data=\"false\">\n<div data-page-id=\"KKj1f9SPmdLhhMc5E2AcNlLen6f\" data-lark-html-role=\"root\" data-docx-has-block-data=\"true\">\n<div data-page-id=\"Rx61fK1sJdXHjPcBuhZcweNhnwc\" data-lark-html-role=\"root\" data-docx-has-block-data=\"false\">\n<div data-page-id=\"L1H9fkG9Mdz45Fcy4WMc5VKXnRe\" data-lark-html-role=\"root\" data-docx-has-block-data=\"false\">\n<div data-page-id=\"L1H9fkG9Mdz45Fcy4WMc5VKXnRe\" data-lark-html-role=\"root\" data-docx-has-block-data=\"false\">\n<div data-page-id=\"D4XLfVBVrdE8mrcaYizczklLnaf\" data-lark-html-role=\"root\" data-docx-has-block-data=\"false\">\n<div data-page-id=\"WVcifIY44d5mhMcXtyEcTsfenGd\" data-lark-html-role=\"root\" data-docx-has-block-data=\"true\">\n<div data-page-id=\"LRknfa6Whd4DWCcUc0FcNKpJnyh\" data-lark-html-role=\"root\" data-docx-has-block-data=\"false\">\n<div data-page-id=\"LRknfa6Whd4DWCcUc0FcNKpJnyh\" data-lark-html-role=\"root\" data-docx-has-block-data=\"false\">\n<div data-page-id=\"XFRAfkcOEdRWh8cArQ2cJdyRnJf\" data-lark-html-role=\"root\" data-docx-has-block-data=\"true\">\n<div data-page-id=\"OQ3bfjnRddMTDGcC3ouc6xFKnWf\" data-lark-html-role=\"root\" data-docx-has-block-data=\"true\">\n<div data-page-id=\"J0iGfj1hEdjc4rcUdSmc4spMnmZ\" data-lark-html-role=\"root\" data-docx-has-block-data=\"false\">\n<div data-page-id=\"P1o7fFyNlduP8tcfZpQcagzbnIf\" data-lark-html-role=\"root\" data-docx-has-block-data=\"false\">\n<div class=\"ace-line ace-line old-record-id-P1o7fFyNlduP8tcfZpQcagzbnIf\">\n<div data-page-id=\"P1o7fFyNlduP8tcfZpQcagzbnIf\" data-lark-html-role=\"root\" data-docx-has-block-data=\"false\">\n<div data-page-id=\"U4iufW38SdttWKcTstMcTtHRnXc\" data-lark-html-role=\"root\" data-docx-has-block-data=\"true\">\n<div data-page-id=\"ONVMf7VTWddcFtcyATOchCJHnZb\" data-lark-html-role=\"root\" data-docx-has-block-data=\"true\">\n<div data-page-id=\"KoW2fSy0PdLHFlc5kSHcgvWMnYg\" data-lark-html-role=\"root\" data-docx-has-block-data=\"false\">\n<div data-page-id=\"KoW2fSy0PdLHFlc5kSHcgvWMnYg\" data-lark-html-role=\"root\" data-docx-has-block-data=\"false\">\n<div data-page-id=\"OLGhfzxC7d7EFIcLEj9cRT5ynZf\" data-lark-html-role=\"root\" data-docx-has-block-data=\"false\">\n<div data-page-id=\"DdnnfrLjzdqrFIc9Il9c7pA2noc\" data-lark-html-role=\"root\" data-docx-has-block-data=\"true\">\n<div data-page-id=\"KNzcf2o0oddkJOcztTVcqPdlnth\" data-lark-html-role=\"root\" data-docx-has-block-data=\"false\">\n<div data-page-id=\"LBU7fg5SEdkWhecGJoxca3xvnCe\" data-lark-html-role=\"root\" data-docx-has-block-data=\"false\">\n<div data-page-id=\"EB70fooS3d69bMcgWB7c5qb9n8g\" data-lark-html-role=\"root\" data-docx-has-block-data=\"false\">\n<div data-page-id=\"AogwfsZCadB6t0cAvF0cK4JLnvf\" data-lark-html-role=\"root\" data-docx-has-block-data=\"false\">\n<div data-page-id=\"AogwfsZCadB6t0cAvF0cK4JLnvf\" data-lark-html-role=\"root\" data-docx-has-block-data=\"false\">\n<div data-page-id=\"JMZIflNGddQuU0c5JZocSqlvnle\" data-lark-html-role=\"root\" data-docx-has-block-data=\"false\">\n<div data-page-id=\"JMZIflNGddQuU0c5JZocSqlvnle\" data-lark-html-role=\"root\" data-docx-has-block-data=\"true\">\n<div data-page-id=\"HtEafjjRIdPAlMc9zgYcsGy6nOe\" data-lark-html-role=\"root\" data-docx-has-block-data=\"false\">\n<div data-page-id=\"Rhnafz0WTdDeT9c43xxczsbVnJo\" data-lark-html-role=\"root\" data-docx-has-block-data=\"false\">\n<div data-page-id=\"WY0CfKdcTdf4hVcZl67ct5LGncf\" data-lark-html-role=\"root\" data-docx-has-block-data=\"true\">\n<div data-page-id=\"MkB5fF4AVdchovcoPEpc7LqvnOd\" data-lark-html-role=\"root\" data-docx-has-block-data=\"true\">\n<div data-page-id=\"MfbjfZhbhdJdA8cH1dAckqF0n6g\" data-lark-html-role=\"root\" data-docx-has-block-data=\"false\">\n<div class=\"ace-line ace-line old-record-id-W2AHfJLnjd7ugjcRLs1c8BdhnNh\">\n<div data-page-id=\"MfbjfZhbhdJdA8cH1dAckqF0n6g\" data-lark-html-role=\"root\" data-docx-has-block-data=\"false\">\n<div class=\"old-record-id-XXd1feeCZdR2hJc6evocxnh1nOg\">\n<div data-page-id=\"MfbjfZhbhdJdA8cH1dAckqF0n6g\" data-lark-html-role=\"root\" data-docx-has-block-data=\"false\">\n<div data-page-id=\"DE51fYUmxdT3ekcHzc3cGrVQnsc\" data-lark-html-role=\"root\" data-docx-has-block-data=\"false\">\n<div data-page-id=\"YSKdfaZ08dRej3ci5CccQBuOncc\" data-lark-html-role=\"root\" data-docx-has-block-data=\"true\">\n<div data-page-id=\"K6mofQmledamEFcgp1EcVobmnYd\" data-lark-html-role=\"root\" data-docx-has-block-data=\"false\">\n<div data-page-id=\"VTgsfVLdCd9q1ucYcwRcCM0Hnof\" data-lark-html-role=\"root\" data-docx-has-block-data=\"true\">\n<div data-page-id=\"WucKfzp8RdNy8rcMJHncz4Knnac\" data-lark-html-role=\"root\" data-docx-has-block-data=\"true\">\n<div data-page-id=\"IfZ9fDIBLd9b9hcJiqGcLw9Pnmh\" data-lark-html-role=\"root\" data-docx-has-block-data=\"false\">\n<div data-page-id=\"JeU6f3Yq5dbdEHcZDptc5ikcn5c\" data-lark-html-role=\"root\" data-docx-has-block-data=\"true\">\n<div data-page-id=\"E1YjfnB4Jdmtsfc2ZObcu04Un6c\" data-lark-html-role=\"root\" data-docx-has-block-data=\"false\">\n<div data-page-id=\"RQVEfdiOzdqTQKcRcnxcG0Y7nce\" data-lark-html-role=\"root\" data-docx-has-block-data=\"true\">\n<div data-page-id=\"NKc7fbZi9dnOXocdHcScVsXdnmh\" data-lark-html-role=\"root\" data-docx-has-block-data=\"false\">\n<div data-page-id=\"DaE3fgNEwdnbQVc62iqcBK4lnte\" data-lark-html-role=\"root\" data-docx-has-block-data=\"false\">\n<div data-page-id=\"DaE3fgNEwdnbQVc62iqcBK4lnte\" data-lark-html-role=\"root\" data-docx-has-block-data=\"false\">\n<div data-page-id=\"NqSRfcp5SdFQ6ucdStXcbvManpc\" data-lark-html-role=\"root\" data-docx-has-block-data=\"false\">\n<div data-page-id=\"KydBfoEuudJNYhcgRdAc3aeUn7c\" data-lark-html-role=\"root\" data-docx-has-block-data=\"true\">\n<div data-page-id=\"SIqXfR5ipd7jWpczA5RcYkWInfd\" data-lark-html-role=\"root\" data-docx-has-block-data=\"false\">\n<div data-page-id=\"Y06XfUzydd0aVicBtPKcZlS8nJf\" data-lark-html-role=\"root\" data-docx-has-block-data=\"true\">\n<div data-page-id=\"E2ZvfNrVNdEHKickexPcvdXVnrc\" data-lark-html-role=\"root\" data-docx-has-block-data=\"false\">\n<div data-page-id=\"DqGzfq5S4d9GdAcOQVIcIdPhn2c\" data-lark-html-role=\"root\" data-docx-has-block-data=\"false\">\n<div data-page-id=\"HsKcfE4WLdET7ScRm72cTZ96nPb\" data-lark-html-role=\"root\" data-docx-has-block-data=\"false\">\n<div data-page-id=\"MvWFfuF4Edx69KcRSmmcvS2LndG\" data-lark-html-role=\"root\" data-docx-has-block-data=\"true\">\n<div data-page-id=\"BSNMfUsMXd3XFscNxbDcufC2nEg\" data-lark-html-role=\"root\" data-docx-has-block-data=\"false\">\n<div data-page-id=\"Rr0Mfry1adQB66cMkYGcCmoWnKe\" data-lark-html-role=\"root\" data-docx-has-block-data=\"true\">\n<div data-page-id=\"A7fMfxJhydfxJUc6VX9cVvDKnpd\" data-lark-html-role=\"root\" data-docx-has-block-data=\"false\">\n<div data-page-id=\"A7fMfxJhydfxJUc6VX9cVvDKnpd\" data-lark-html-role=\"root\" data-docx-has-block-data=\"false\">\n<div data-page-id=\"WbzgfFBuTduiBjc6rORciNrNnlf\" data-lark-html-role=\"root\" data-docx-has-block-data=\"false\">\n<div data-page-id=\"R0Rzf8rQUdoB9hcxkiqc9kKHnk2\" data-lark-html-role=\"root\" data-docx-has-block-data=\"true\">\n<div data-page-id=\"ZwXFfRomCdt9G4cs33scepfHnoe\" data-lark-html-role=\"root\" data-docx-has-block-data=\"false\">\n<div data-page-id=\"UFFTffnWTdbuv3coRhBc3zxBnMf\" data-lark-html-role=\"root\" data-docx-has-block-data=\"true\">\n<div data-page-id=\"FV0FfDT4ZdfJZoc4SMccT5Rjndf\" data-lark-html-role=\"root\" data-docx-has-block-data=\"false\">\n<div data-page-id=\"QfqMfQ3H3dBjAycBmxFct9R0nOd\" data-lark-html-role=\"root\" data-docx-has-block-data=\"false\">\n<div data-page-id=\"DXwcf38JSdYoRnczvWycOLbJnKg\" data-lark-html-role=\"root\" data-docx-has-block-data=\"false\">\n<div data-page-id=\"ERF5fOYoJdJoKBcJe3dczeiRnhb\" data-lark-html-role=\"root\" data-docx-has-block-data=\"false\">\n<div data-page-id=\"Xz9kf6dXYdrSpeczDiscWevtn5g\" data-lark-html-role=\"root\" data-docx-has-block-data=\"false\">\n<h2 class=\"heading-2 ace-line old-record-id-ZPzrfvoGvdmM3HcOng3cEyqrnXf\">Pourquoi choisir ATVS 45000 Bouff\u00e9es ? \ud83e\udd29<\/h2>\n<div class=\"ace-line ace-line old-record-id-RD9yfKD4Udz1u8cUU2IcSpOUnbe\">Il se distingue par sa dur\u00e9e de vie exceptionnelle de 45000 bouff\u00e9es, 10 saveurs premium et des coils en mesh double fiables. Il est con\u00e7u pour les vapoteurs qui souhaitent un appareil sans tracas, durable, qui ne compromet ni le go\u00fbt ni la performance. \ud83c\udfaf<\/div>\n<div class=\"ace-line ace-line old-record-id-XdGqfMijEd72H2cjoi6ci6u6nby\">Sa taille compacte, sa r\u00e9sistance ajustable et son emballage pratique le rendent polyvalent pour tous les styles de vie. Que vous soyez un vapoteur occasionnel ou quelqu'un qui vapote r\u00e9guli\u00e8rement, ATVS 45000 Bouff\u00e9es offre une exp\u00e9rience coh\u00e9rente et satisfaisante difficile \u00e0 \u00e9galer. \ud83d\udcaf<\/p>\n<div data-page-id=\"Xz9kf6dXYdrSpeczDiscWevtn5g\" data-lark-html-role=\"root\" data-docx-has-block-data=\"true\">\n<h2 class=\"heading-2 ace-line old-record-id-GNvzfppumdNJ1acB3Omcpibqnih\">10 Saveurs Cur\u00e9es : Go\u00fbts Audacieux et \u00c9quilibr\u00e9s pour Chaque Humeur \ud83c\udf53\u2744\ufe0f\ud83c\udf6c<\/h2>\n<div class=\"ace-line ace-line old-record-id-D8ILfN9SLdUbyyccyl1cPgwsnyh\">ATVS 45000 Bouff\u00e9es propose 10 saveurs distinctes et premium\u2014chacune m\u00e9lang\u00e9e pour offrir un go\u00fbt naturel et satisfaisant sans arri\u00e8re-go\u00fbt artificiel. De la fra\u00eecheur glac\u00e9e aux notes sucr\u00e9es et ludiques, la gamme couvre une vari\u00e9t\u00e9 de pr\u00e9f\u00e9rences, facilitant la d\u00e9couverte de votre nouvelle saveur pr\u00e9f\u00e9r\u00e9e. \ud83e\uddca<\/div>\n<h3 class=\"heading-3 ace-line old-record-id-D6z4fvagJdlv9LcYMYkccSOxnne\">Gamme de Saveurs : Un Go\u00fbt pour Chaque Envie<\/h3>\n<div class=\"ace-line ace-line old-record-id-WdG8f4h01dhcMUcnwjxcUH7vnmg\">Chaque saveur est con\u00e7ue pour se d\u00e9marquer, avec des notes \u00e9quilibr\u00e9es qui semblent authentiques et agr\u00e9ables. Que vous ayez envie de quelque chose de glac\u00e9, fruit\u00e9 ou amusant, la gamme soigneusement s\u00e9lectionn\u00e9e a ce qu'il vous faut. Voir les d\u00e9tails complets des saveurs ci-dessous :<\/div>\n<div>\n<table class=\"ace-table\" data-ace-table-col-widths=\"200;200;200\">\n<colgroup>\n<col width=\"200\" \/>\n<col width=\"200\" \/>\n<col width=\"200\" \/><\/colgroup>\n<thead>\n<tr>\n<th colspan=\"1\" rowspan=\"1\">\n<div class=\"ace-line ace-line old-record-id-JJyYf0H0DdRoCNc2XQscIY8PnPg\">Non.<\/div>\n<\/th>\n<th colspan=\"1\" rowspan=\"1\">\n<div class=\"ace-line ace-line old-record-id-QaK3fCUPmdw85FcFSupcB5K3nAb\">Saveur<\/div>\n<\/th>\n<th colspan=\"1\" rowspan=\"1\">\n<div class=\"ace-line ace-line old-record-id-Gsj4futsTdvAnzcslAqce0ElnEh\">Profil de Go\u00fbt<\/div>\n<\/th>\n<\/tr>\n<\/thead>\n<tbody>\n<tr>\n<td colspan=\"1\" rowspan=\"1\">\n<div class=\"ace-line ace-line old-record-id-TuYrfAq9pdvY6zcc95LcXSHnnmf\">1<\/div>\n<\/td>\n<td colspan=\"1\" rowspan=\"1\">\n<div class=\"ace-line ace-line old-record-id-P1VHfLGDDdtmD3cgm6qc5IEknPf\">Cerise Blue Razz<\/div>\n<\/td>\n<td colspan=\"1\" rowspan=\"1\">\n<div class=\"ace-line ace-line old-record-id-ILK2fegv0dko5Qc9TZmcOZ5ZnDO\">Framboise bleue acidul\u00e9e m\u00e9lang\u00e9e \u00e0 de la cerise sucr\u00e9e<\/div>\n<\/td>\n<\/tr>\n<tr>\n<td colspan=\"1\" rowspan=\"1\">\n<div class=\"ace-line ace-line old-record-id-BmOYfprn4duxTuc6HF9clWB0nVf\">2<\/div>\n<\/td>\n<td colspan=\"1\" rowspan=\"1\">\n<div class=\"ace-line ace-line old-record-id-ZVlKf7jWUdHlmfchZ5kc6Dznndd\">M. Bleu<\/div>\n<\/td>\n<td colspan=\"1\" rowspan=\"1\">\n<div class=\"ace-line ace-line old-record-id-HYY8fH4vtdjoCfcI1zMc9oTHnKC\">Fra\u00eecheur inspir\u00e9e de la myrtille avec une finition lisse<\/div>\n<\/td>\n<\/tr>\n<tr>\n<td colspan=\"1\" rowspan=\"1\">\n<div class=\"ace-line ace-line old-record-id-XnsCfvoOyd3it2ctGKkcmchMnLb\">3<\/div>\n<\/td>\n<td colspan=\"1\" rowspan=\"1\">\n<div class=\"ace-line ace-line old-record-id-S88mfGiNpdlGUHcWx0KcI34hn5L\">Myrtille Cerise Canneberge<\/div>\n<\/td>\n<td colspan=\"1\" rowspan=\"1\">\n<div class=\"ace-line ace-line old-record-id-KHjnfEBVGd0iSHc33PqcLGEKnJh\">M\u00e9lange de myrtille riche, cerise sucr\u00e9e et canneberge acidul\u00e9e<\/div>\n<\/td>\n<\/tr>\n<tr>\n<td colspan=\"1\" rowspan=\"1\">\n<div class=\"ace-line ace-line old-record-id-WOWdfxqYrdjOzlcdMBFcgFqynpc\">4<\/div>\n<\/td>\n<td colspan=\"1\" rowspan=\"1\">\n<div class=\"ace-line ace-line old-record-id-JJPAfaVPGdJbmucHlfvcI5Tan4g\">Fizzy Vimtc<\/div>\n<\/td>\n<td colspan=\"1\" rowspan=\"1\">\n<div class=\"ace-line ace-line old-record-id-HT6dfH8RedHJLOcDTgxcP5N1n0f\">Saveur de vimto p\u00e9tillante et fruit\u00e9e avec un coup de fouet frais et rafra\u00eechissant<\/div>\n<\/td>\n<\/tr>\n<tr>\n<td colspan=\"1\" rowspan=\"1\">\n<div class=\"ace-line ace-line old-record-id-HnWSfkRM1dAFIEc1zLIcw2VynUl\">5<\/div>\n<\/td>\n<td colspan=\"1\" rowspan=\"1\">\n<div class=\"ace-line ace-line old-record-id-WZt8f02XFd93yscon75c3J6Sneb\">Glace cerise<\/div>\n<\/td>\n<td colspan=\"1\" rowspan=\"1\">\n<div class=\"ace-line ace-line old-record-id-I2EKfuIAQdrD8Oc2dkocZ7Qpn1b\">Cerise sucr\u00e9e associ\u00e9e \u00e0 une fra\u00eecheur glac\u00e9e pour un coup rafra\u00eechissant<\/div>\n<\/td>\n<\/tr>\n<tr>\n<td colspan=\"1\" rowspan=\"1\">\n<div class=\"ace-line ace-line old-record-id-Eq4MfAPZKdkr24cfljRc0aaDngb\">6<\/div>\n<\/td>\n<td colspan=\"1\" rowspan=\"1\">\n<div class=\"ace-line ace-line old-record-id-ORB4f0PNBdjxZucAOa5crNjbnPe\">Ours G\u00e9lifi\u00e9<\/div>\n<\/td>\n<td colspan=\"1\" rowspan=\"1\">\n<div class=\"ace-line ace-line old-record-id-Mj9Gfp16ydmpv9cARWUcIQf6nof\">Saveur amusante et sucr\u00e9e de ourson en g\u00e9latine avec un go\u00fbt moelleux et nostalgique<\/div>\n<\/td>\n<\/tr>\n<tr>\n<td colspan=\"1\" rowspan=\"1\">\n<div class=\"ace-line ace-line old-record-id-XnqkfiKUKdkQF1cgmJbcxmACnQh\">7<\/div>\n<\/td>\n<td colspan=\"1\" rowspan=\"1\">\n<div class=\"ace-line ace-line old-record-id-U364fl6g5d2ZpFc8hMPcSI9onzd\">Glace \u00e0 l'ananas<\/div>\n<\/td>\n<td colspan=\"1\" rowspan=\"1\">\n<div class=\"ace-line ace-line old-record-id-QaPSfuFJtdC7WWcGJKqcnKppnIh\">Ananas frais avec une finition glac\u00e9e pour les journ\u00e9es chaudes<\/div>\n<\/td>\n<\/tr>\n<tr>\n<td colspan=\"1\" rowspan=\"1\">\n<div class=\"ace-line ace-line old-record-id-X1VBfJIK4dVKiucOpGbc0rINnjd\">8<\/div>\n<\/td>\n<td colspan=\"1\" rowspan=\"1\">\n<div class=\"ace-line ace-line old-record-id-QBLNfIl1rdyNclc3K3aclHoZnWf\">Fizzy Cerise Chewing-gum<\/div>\n<\/td>\n<td colspan=\"1\" rowspan=\"1\">\n<div class=\"ace-line ace-line old-record-id-TCGxfrz7SdHA8gclSt5cBLKOnhM\">Cerise p\u00e9tillante associ\u00e9e \u00e0 des notes sucr\u00e9es de chewing-gum<\/div>\n<\/td>\n<\/tr>\n<tr>\n<td colspan=\"1\" rowspan=\"1\">\n<div class=\"ace-line ace-line old-record-id-SOLUfUUDPdnbGrc0EtYcn7Z4neg\">9<\/div>\n<\/td>\n<td colspan=\"1\" rowspan=\"1\">\n<div class=\"ace-line ace-line old-record-id-R6DGf5nFSdgRtJctL65cApsynQf\">Glace Banane<\/div>\n<\/td>\n<td colspan=\"1\" rowspan=\"1\">\n<div class=\"ace-line ace-line old-record-id-M2NnfPLymdweG6ccmpXc94qSn8d\">Banane cr\u00e9meuse m\u00e9lang\u00e9e \u00e0 une fra\u00eecheur glac\u00e9e pour une inhalation douce<\/div>\n<\/td>\n<\/tr>\n<tr>\n<td colspan=\"1\" rowspan=\"1\">\n<div class=\"ace-line ace-line old-record-id-F2w4f16jDdP72ucrI2vc04nXn9e\">10<\/div>\n<\/td>\n<td colspan=\"1\" rowspan=\"1\">\n<div class=\"ace-line ace-line old-record-id-AiRvfXjAsdEABDc4t1vchpUXnVg\">Triple mangue<\/div>\n<\/td>\n<td colspan=\"1\" rowspan=\"1\">\n<div class=\"ace-line ace-line old-record-id-Z8OJfD9bZdHf0FcINLvcMJsLn4d\">Saveur de mangue riche et m\u00fbre avec des notes tropicales en couches<\/div>\n<\/td>\n<\/tr>\n<\/tbody>\n<\/table>\n<\/div>\n<h4 class=\"heading-4 ace-line old-record-id-DhkffaiPndsZLPclVU7cGrOtnQf\">Saveurs de Qualit\u00e9, Pas de Compromis<\/h4>\n<div class=\"ace-line ace-line old-record-id-SCFxfbiDhdJJqbcV1wYcVHQ1nXf\">Chaque saveur est test\u00e9e pour garantir la coh\u00e9rence et l'authenticit\u00e9, sans arri\u00e8re-go\u00fbts \u00e2pres ni sous-tons artificiels. Que vous pr\u00e9f\u00e9riez des hits audacieux et fruit\u00e9s ou des inhalations lisses et glac\u00e9es, chaque saveur offre une exp\u00e9rience satisfaisante. \ud83c\udf49<\/div>\n<h2 class=\"heading-2 ace-line old-record-id-Do8JfzJCUd8XJ9cPDM8cD7smnGd\">Coils en Mesh Double &amp; R\u00e9sistance Ajustable : Performance Lisse et Coh\u00e9rente \ud83d\udd27<\/h2>\n<div class=\"ace-line ace-line old-record-id-S4uKfZV5jdS1Iwcf33scD0mDnPc\">Au c\u0153ur du ATVS 45000 Bouff\u00e9es se trouvent des coils en mesh double, con\u00e7us pour chauffer le e-liquide de mani\u00e8re uniforme et efficace. Cette technologie lib\u00e8re toute la saveur de chaque m\u00e9lange, \u00e9liminant les coups durs et les notes br\u00fbl\u00e9es, de sorte que chaque inhalation soit lisse et satisfaisante. \ud83d\udcaa<\/div>\n<h3 class=\"heading-3 ace-line old-record-id-MCEMfZon8dQ1Dbc6ExRcheVKnte\">Deux R\u00e9glages de R\u00e9sistance pour un Vapotage Personnalis\u00e9<\/h3>\n<div class=\"ace-line ace-line old-record-id-RXKMfzRA5dFucscnmQjcWrKinXS\">L'appareil offre deux options de r\u00e9sistance\u20140.4\u03a9 et 0.8\u03a9\u2014pour correspondre \u00e0 votre style de vapotage unique. Choisissez 0.4\u03a9 pour une vapeur plus \u00e9paisse et dense qui offre un coup robuste. Optez pour 0.8\u03a9 pour une inhalation plus douce et plus l\u00e9g\u00e8re, parfaite pour une utilisation tout au long de la journ\u00e9e. \ud83d\udee0\ufe0f<\/div>\n<h4 class=\"heading-4 ace-line old-record-id-WtmZf3ObPdrJxYcXVXmcoGqYnah\">Coils Durables pour une Fiabilit\u00e9 \u00e0 Long Terme<\/h4>\n<div class=\"ace-line ace-line old-record-id-W6OVfjHxidCb52cXh8wcgReAnnf\">Les coils en mesh double sont con\u00e7us pour r\u00e9sister \u00e0 la dur\u00e9e de vie de 45000 bouff\u00e9es, minimisant les coups secs et garantissant une performance constante du premier au dernier coup. Ils g\u00e8rent une utilisation fr\u00e9quente avec aisance, vous n'avez donc jamais \u00e0 sacrifier la saveur ou la qualit\u00e9 de la vapeur. \u26a1<\/div>\n<h2 class=\"heading-2 ace-line old-record-id-FfLafH5iOdDgkKcEkexcks1yncz\">45000 Bouff\u00e9es &amp; 35ml de E-Liquide : Plaisir Ininterrompu \u23f3<\/h2>\n<div class=\"ace-line ace-line old-record-id-Cj7Af35W2dpKdxc1RLCcyxIenkt\">Avec 45000 bouff\u00e9es et 35ml de e-liquide, cet appareil est con\u00e7u pour durer des semaines\u2014m\u00eame avec une utilisation quotidienne et fr\u00e9quente. La batterie 750mAh 751752 fournit une puissance constante pour correspondre \u00e0 cette long\u00e9vit\u00e9, donc vous n'aurez pas besoin de remplacer l'appareil constamment. \ud83d\udcc8<\/div>\n<h3 class=\"heading-3 ace-line old-record-id-O1mIfRHcodxJ4YciFiAcMXKfnOh\">Puissance \u00c9quilibr\u00e9e &amp; E-Liquide pour un Vapotage Non-Stop<\/h3>\n<div class=\"ace-line ace-line old-record-id-GwBpf2djldWlPociNoXcdArunqj\">La batterie et le e-liquide fonctionnent en parfaite harmonie, garantissant que vous ne manquiez jamais de liquide avant que la batterie ne meure. Cet \u00e9quilibre signifie que vous pouvez vous concentrer sur le plaisir de vos saveurs pr\u00e9f\u00e9r\u00e9es sans vous soucier des interruptions inattendues. \ud83d\udeab\u23f8\ufe0f<\/div>\n<h2 class=\"heading-2 ace-line old-record-id-U0IGf863zdD1vkcgYh2cKSHlnib\">Design Compact &amp; Emballage Pratique \ud83d\udce6<\/h2>\n<div class=\"ace-line ace-line old-record-id-GTMVfGElkdIQlPc1pDGcSCF1nEd\">Le ATVS 45000 Bouff\u00e9es pr\u00e9sente un design mince et portable qui est facile \u00e0 transporter. Il mesure 58*31*115.5mm\u2014assez petit pour se glisser dans votre poche, votre sac ou votre paume sans ajouter de volume, ce qui le rend id\u00e9al pour une utilisation en d\u00e9placement. \ud83d\udcf1<\/div>\n<h3 class=\"heading-3 ace-line old-record-id-CInYfA3Ymdfmp7cHE53c66K1n8M\">Un Emballage Pratique pour Tous<\/h3>\n<div class=\"ace-line ace-line old-record-id-PFKBf4P1xdWIdlcRpE8c75atnPC\">Chaque appareil individuel est livr\u00e9 dans un emballage int\u00e9rieur compact, tandis qu'une bo\u00eete contient 10 pi\u00e8ces. L'emballage ext\u00e9rieur mesure 119*160.5*118.5mm et p\u00e8se 1050g au total\u2014facile \u00e0 stocker \u00e0 la maison ou \u00e0 transporter en vrac, que ce soit pour un usage personnel ou pour la revente. \ud83d\udce6<\/div>\n<\/div>\n<\/div>\n<\/div>\n<\/div>\n<\/div>\n<\/div>\n<\/div>\n<\/div>\n<\/div>\n<\/div>\n<\/div>\n<\/div>\n<\/div>\n<\/div>\n<\/div>\n<\/div>\n<\/div>\n<\/div>\n<\/div>\n<\/div>\n<\/div>\n<\/div>\n<\/div>\n<\/div>\n<\/div>\n<\/div>\n<\/div>\n<\/div>\n<\/div>\n<\/div>\n<\/div>\n<\/div>\n<\/div>\n<\/div>\n<\/div>\n<\/div>\n<\/div>\n<\/div>\n<\/div>\n<\/div>\n<\/div>\n<\/div>\n<\/div>\n<\/div>\n<\/div>\n<\/div>\n<\/div>\n<\/div>\n<\/div>\n<\/div>\n<\/div>\n<\/div>\n<\/div>\n<\/div>\n<\/div>\n<\/div>\n<\/div>\n<\/div>\n<\/div>\n<\/div>\n<\/div>\n<\/div>\n<\/div>\n<\/div>\n<\/div>\n<\/div>\n<\/div>\n<\/div>\n<\/div>\n<\/div>\n<\/div>\n<\/div>\n<\/div>\n<\/div>\n<\/div>\n<\/div>\n<\/div>\n<\/div>\n<\/div>\n<\/div>\n<\/div>\n<\/div>\n<\/div>\n<\/div>\n<\/div>\n<\/div>\n<\/div>\n<\/div>\n<\/div>\n<\/div>\n<\/div>\n<\/div>\n<\/div>\n<\/div>\n<\/div>\n<\/div>\n<\/div>\n<\/div>\n<\/div>\n<\/div>","protected":false},"excerpt":{"rendered":"<div data-page-id=\"RAopf2sw9dtvw4cWYXpcTwo0n8g\" data-lark-html-role=\"root\" data-docx-has-block-data=\"false\">\n<div class=\"ace-line ace-line old-record-id-Uju9f3RXYd8dh2crAJbcBF3Un6M\">\n<div data-page-id=\"Dd8gfe2wRdT66jcgnqtcUwg5ndh\" data-lark-html-role=\"root\" data-docx-has-block-data=\"false\">\n<div class=\"ace-line ace-line old-record-id-FiRZf3qXpdK0RqcHt8wcxPTon8b\">ATVS 45000 Bouff\u00e9es est un vape jetable longue dur\u00e9e avec 45000 bouff\u00e9es, 35 ml de e-liquide et des coils en mesh double. Il est aliment\u00e9 par une batterie 750mAh 751752, offre une r\u00e9sistance de 0.4\/0.8\u03a9 et 10 saveurs premium, avec un 58<em>31<\/em>taille de 115.5mm et des bo\u00eetes de 10 pi\u00e8ces pesant 1050g.<\/div>\n<\/div>\n<\/div>\n<\/div>","protected":false},"featured_media":7376,"comment_status":"open","ping_status":"closed","template":"","meta":{"_acf_changed":false,"inline_featured_image":false,"_sitemap_exclude":false,"_sitemap_priority":"","_sitemap_frequency":""},"product_brand":[375],"product_cat":[374],"product_tag":[],"class_list":{"0":"post-7365","1":"product","2":"type-product","3":"status-publish","4":"has-post-thumbnail","6":"product_brand-atvs","7":"product_cat-atvs","9":"first","10":"instock","11":"sale","12":"shipping-taxable","13":"purchasable","14":"product-type-variable","15":"has-default-attributes"},"acf":[],"tiered_pricing_type":"fixed","tiered_pricing_fixed_rules":{"30":9,"60":8.49,"100":8.08,"200":7.77},"tiered_pricing_product_settings":{"layout":"default","base_unit_name":{"singular":null,"plural":null},"default_variation":null},"tiered_pricing_minimum_quantity":10,"tiered_pricing_roles_data":[],"tiered_pricing_percentage_rules":[],"tiered_pricing_maximum_quantity":null,"tiered_pricing_quantity_step":"10","_links":{"self":[{"href":"https:\/\/oiovape.com\/fr\/wp-json\/wp\/v2\/product\/7365","targetHints":{"allow":["GET"]}}],"collection":[{"href":"https:\/\/oiovape.com\/fr\/wp-json\/wp\/v2\/product"}],"about":[{"href":"https:\/\/oiovape.com\/fr\/wp-json\/wp\/v2\/types\/product"}],"replies":[{"embeddable":true,"href":"https:\/\/oiovape.com\/fr\/wp-json\/wp\/v2\/comments?post=7365"}],"version-history":[{"count":0,"href":"https:\/\/oiovape.com\/fr\/wp-json\/wp\/v2\/product\/7365\/revisions"}],"wp:featuredmedia":[{"embeddable":true,"href":"https:\/\/oiovape.com\/fr\/wp-json\/wp\/v2\/media\/7376"}],"wp:attachment":[{"href":"https:\/\/oiovape.com\/fr\/wp-json\/wp\/v2\/media?parent=7365"}],"wp:term":[{"taxonomy":"product_brand","embeddable":true,"href":"https:\/\/oiovape.com\/fr\/wp-json\/wp\/v2\/product_brand?post=7365"},{"taxonomy":"product_cat","embeddable":true,"href":"https:\/\/oiovape.com\/fr\/wp-json\/wp\/v2\/product_cat?post=7365"},{"taxonomy":"product_tag","embeddable":true,"href":"https:\/\/oiovape.com\/fr\/wp-json\/wp\/v2\/product_tag?post=7365"}],"curies":[{"name":"wp","href":"https:\/\/api.w.org\/{rel}","templated":true}]}}