{"id":7395,"date":"2026-03-04T09:11:29","date_gmt":"2026-03-04T01:11:29","guid":{"rendered":"https:\/\/oiovape.com\/?post_type=product&#038;p=7395"},"modified":"2026-03-04T17:42:51","modified_gmt":"2026-03-04T09:42:51","slug":"atvs-120000-puffs","status":"publish","type":"product","link":"https:\/\/oiovape.com\/fr\/product\/atvs-120000-puffs\/","title":{"rendered":"ATVS 120000 TIRAGES Stylo Vape Jetable Intelligent Rechargeable \u00e0 Double R\u00e9sistance"},"content":{"rendered":"<div data-page-id=\"ZVeMfq8uxd7y1ycuKm5cym4LnYd\" data-lark-html-role=\"root\" data-docx-has-block-data=\"false\">\n<div data-page-id=\"Fd41fZ5N9dzRQtcRNoVc2FuDnCh\" data-lark-html-role=\"root\" data-docx-has-block-data=\"true\">\n<div data-page-id=\"BdIJfeeijdk1eucGpS8cDCBBn5c\" data-lark-html-role=\"root\" data-docx-has-block-data=\"false\">\n<div data-page-id=\"Zbg9fWx77dUuh2cIYpic25c8nyd\" data-lark-html-role=\"root\" data-docx-has-block-data=\"false\">\n<div data-page-id=\"KaIvfiurhdlCKdc0kyxcX64cnE6\" data-lark-html-role=\"root\" data-docx-has-block-data=\"true\">\n<div data-page-id=\"PbvFfqxqlddUTScRpEYcY5MHnpf\" data-lark-html-role=\"root\" data-docx-has-block-data=\"true\">\n<div data-page-id=\"GZO2f5JeudwY4jc9iJtcdk9Hnxh\" data-lark-html-role=\"root\" data-docx-has-block-data=\"false\">\n<div data-page-id=\"EZVRf2acFduXLGcseZFc4qH2n6e\" data-lark-html-role=\"root\" data-docx-has-block-data=\"false\">\n<div data-page-id=\"B8rHfcqlqdzmH5cCWCncz17Cntb\" data-lark-html-role=\"root\" data-docx-has-block-data=\"false\">\n<div data-page-id=\"B8rHfcqlqdzmH5cCWCncz17Cntb\" data-lark-html-role=\"root\" data-docx-has-block-data=\"false\">\n<div data-page-id=\"B8rHfcqlqdzmH5cCWCncz17Cntb\" data-lark-html-role=\"root\" data-docx-has-block-data=\"true\">\n<div data-page-id=\"HM70f1aoxdD0bMcxJZBcVc7ynZd\" data-lark-html-role=\"root\" data-docx-has-block-data=\"false\">\n<div data-page-id=\"NSrJfN7Ord22i0c1iwZcsF8yn8b\" data-lark-html-role=\"root\" data-docx-has-block-data=\"false\">\n<div data-page-id=\"RXEff4Mskds8o1cqL5HcGEtUnCh\" data-lark-html-role=\"root\" data-docx-has-block-data=\"false\">\n<div data-page-id=\"KJ7gfqkVndMSRJcMseScmvYwnTc\" data-lark-html-role=\"root\" data-docx-has-block-data=\"false\">\n<div class=\"ace-line ace-line old-record-id-QADAfETPudgmudc05YvcTO5fnxe\">\n<div data-page-id=\"KJ7gfqkVndMSRJcMseScmvYwnTc\" data-lark-html-role=\"root\" data-docx-has-block-data=\"false\">\n<div class=\"ace-line ace-line old-record-id-JoRkfpho8dOkiacEOascDyCOncb\">\n<div data-page-id=\"KJ7gfqkVndMSRJcMseScmvYwnTc\" data-lark-html-role=\"root\" data-docx-has-block-data=\"false\">\n<div data-page-id=\"Ju6ofQ3V4dGmePcVvJvc1gmcnZb\" data-lark-html-role=\"root\" data-docx-has-block-data=\"true\">\n<div data-page-id=\"PR9ife5PLdFabccbFgZcWgZOnTc\" data-lark-html-role=\"root\" data-docx-has-block-data=\"false\">\n<div data-page-id=\"INdrfOIGzdaenXcptrcc1BcznQc\" data-lark-html-role=\"root\" data-docx-has-block-data=\"false\">\n<div class=\"ace-line ace-line old-record-id-P0fIf4YaZdoGkbcxt5ackec2nnb\">\n<div data-page-id=\"INdrfOIGzdaenXcptrcc1BcznQc\" data-lark-html-role=\"root\" data-docx-has-block-data=\"false\">\n<div data-page-id=\"MAzCfUB73dMTQscm8eWcougVn1g\" data-lark-html-role=\"root\" data-docx-has-block-data=\"true\">\n<div data-page-id=\"AXfpf7H1odhDvGcKoUOcErN8nV7\" data-lark-html-role=\"root\" data-docx-has-block-data=\"false\">\n<div data-page-id=\"QYTKf5PvLdUNdbce2nBcW9yfnrh\" data-lark-html-role=\"root\" data-docx-has-block-data=\"false\">\n<div data-page-id=\"Pvu1f1CCBdxbjncA9pgcBTpanph\" data-lark-html-role=\"root\" data-docx-has-block-data=\"true\">\n<div data-page-id=\"Axf3fcmY8dDAhtcjVircBcphnPc\" data-lark-html-role=\"root\" data-docx-has-block-data=\"false\">\n<div data-page-id=\"KKj1f9SPmdLhhMc5E2AcNlLen6f\" data-lark-html-role=\"root\" data-docx-has-block-data=\"true\">\n<div data-page-id=\"Rx61fK1sJdXHjPcBuhZcweNhnwc\" data-lark-html-role=\"root\" data-docx-has-block-data=\"false\">\n<div data-page-id=\"L1H9fkG9Mdz45Fcy4WMc5VKXnRe\" data-lark-html-role=\"root\" data-docx-has-block-data=\"false\">\n<div data-page-id=\"L1H9fkG9Mdz45Fcy4WMc5VKXnRe\" data-lark-html-role=\"root\" data-docx-has-block-data=\"false\">\n<div data-page-id=\"D4XLfVBVrdE8mrcaYizczklLnaf\" data-lark-html-role=\"root\" data-docx-has-block-data=\"false\">\n<div data-page-id=\"WVcifIY44d5mhMcXtyEcTsfenGd\" data-lark-html-role=\"root\" data-docx-has-block-data=\"true\">\n<div data-page-id=\"LRknfa6Whd4DWCcUc0FcNKpJnyh\" data-lark-html-role=\"root\" data-docx-has-block-data=\"false\">\n<div data-page-id=\"LRknfa6Whd4DWCcUc0FcNKpJnyh\" data-lark-html-role=\"root\" data-docx-has-block-data=\"false\">\n<div data-page-id=\"XFRAfkcOEdRWh8cArQ2cJdyRnJf\" data-lark-html-role=\"root\" data-docx-has-block-data=\"true\">\n<div data-page-id=\"OQ3bfjnRddMTDGcC3ouc6xFKnWf\" data-lark-html-role=\"root\" data-docx-has-block-data=\"true\">\n<div data-page-id=\"J0iGfj1hEdjc4rcUdSmc4spMnmZ\" data-lark-html-role=\"root\" data-docx-has-block-data=\"false\">\n<div data-page-id=\"P1o7fFyNlduP8tcfZpQcagzbnIf\" data-lark-html-role=\"root\" data-docx-has-block-data=\"false\">\n<div class=\"ace-line ace-line old-record-id-P1o7fFyNlduP8tcfZpQcagzbnIf\">\n<div data-page-id=\"P1o7fFyNlduP8tcfZpQcagzbnIf\" data-lark-html-role=\"root\" data-docx-has-block-data=\"false\">\n<div data-page-id=\"U4iufW38SdttWKcTstMcTtHRnXc\" data-lark-html-role=\"root\" data-docx-has-block-data=\"true\">\n<div data-page-id=\"ONVMf7VTWddcFtcyATOchCJHnZb\" data-lark-html-role=\"root\" data-docx-has-block-data=\"true\">\n<div data-page-id=\"KoW2fSy0PdLHFlc5kSHcgvWMnYg\" data-lark-html-role=\"root\" data-docx-has-block-data=\"false\">\n<div data-page-id=\"KoW2fSy0PdLHFlc5kSHcgvWMnYg\" data-lark-html-role=\"root\" data-docx-has-block-data=\"false\">\n<div data-page-id=\"OLGhfzxC7d7EFIcLEj9cRT5ynZf\" data-lark-html-role=\"root\" data-docx-has-block-data=\"false\">\n<div data-page-id=\"DdnnfrLjzdqrFIc9Il9c7pA2noc\" data-lark-html-role=\"root\" data-docx-has-block-data=\"true\">\n<div data-page-id=\"KNzcf2o0oddkJOcztTVcqPdlnth\" data-lark-html-role=\"root\" data-docx-has-block-data=\"false\">\n<div data-page-id=\"LBU7fg5SEdkWhecGJoxca3xvnCe\" data-lark-html-role=\"root\" data-docx-has-block-data=\"false\">\n<div data-page-id=\"EB70fooS3d69bMcgWB7c5qb9n8g\" data-lark-html-role=\"root\" data-docx-has-block-data=\"false\">\n<div data-page-id=\"AogwfsZCadB6t0cAvF0cK4JLnvf\" data-lark-html-role=\"root\" data-docx-has-block-data=\"false\">\n<div data-page-id=\"AogwfsZCadB6t0cAvF0cK4JLnvf\" data-lark-html-role=\"root\" data-docx-has-block-data=\"false\">\n<div data-page-id=\"JMZIflNGddQuU0c5JZocSqlvnle\" data-lark-html-role=\"root\" data-docx-has-block-data=\"false\">\n<div data-page-id=\"JMZIflNGddQuU0c5JZocSqlvnle\" data-lark-html-role=\"root\" data-docx-has-block-data=\"true\">\n<div data-page-id=\"HtEafjjRIdPAlMc9zgYcsGy6nOe\" data-lark-html-role=\"root\" data-docx-has-block-data=\"false\">\n<div data-page-id=\"Rhnafz0WTdDeT9c43xxczsbVnJo\" data-lark-html-role=\"root\" data-docx-has-block-data=\"false\">\n<div data-page-id=\"WY0CfKdcTdf4hVcZl67ct5LGncf\" data-lark-html-role=\"root\" data-docx-has-block-data=\"true\">\n<div data-page-id=\"MkB5fF4AVdchovcoPEpc7LqvnOd\" data-lark-html-role=\"root\" data-docx-has-block-data=\"true\">\n<div data-page-id=\"MfbjfZhbhdJdA8cH1dAckqF0n6g\" data-lark-html-role=\"root\" data-docx-has-block-data=\"false\">\n<div class=\"ace-line ace-line old-record-id-W2AHfJLnjd7ugjcRLs1c8BdhnNh\">\n<div data-page-id=\"MfbjfZhbhdJdA8cH1dAckqF0n6g\" data-lark-html-role=\"root\" data-docx-has-block-data=\"false\">\n<div class=\"old-record-id-XXd1feeCZdR2hJc6evocxnh1nOg\">\n<div data-page-id=\"MfbjfZhbhdJdA8cH1dAckqF0n6g\" data-lark-html-role=\"root\" data-docx-has-block-data=\"false\">\n<div data-page-id=\"DE51fYUmxdT3ekcHzc3cGrVQnsc\" data-lark-html-role=\"root\" data-docx-has-block-data=\"false\">\n<div data-page-id=\"YSKdfaZ08dRej3ci5CccQBuOncc\" data-lark-html-role=\"root\" data-docx-has-block-data=\"true\">\n<div data-page-id=\"K6mofQmledamEFcgp1EcVobmnYd\" data-lark-html-role=\"root\" data-docx-has-block-data=\"false\">\n<div data-page-id=\"VTgsfVLdCd9q1ucYcwRcCM0Hnof\" data-lark-html-role=\"root\" data-docx-has-block-data=\"true\">\n<div data-page-id=\"WucKfzp8RdNy8rcMJHncz4Knnac\" data-lark-html-role=\"root\" data-docx-has-block-data=\"true\">\n<div data-page-id=\"IfZ9fDIBLd9b9hcJiqGcLw9Pnmh\" data-lark-html-role=\"root\" data-docx-has-block-data=\"false\">\n<div data-page-id=\"JeU6f3Yq5dbdEHcZDptc5ikcn5c\" data-lark-html-role=\"root\" data-docx-has-block-data=\"true\">\n<div data-page-id=\"E1YjfnB4Jdmtsfc2ZObcu04Un6c\" data-lark-html-role=\"root\" data-docx-has-block-data=\"false\">\n<div data-page-id=\"RQVEfdiOzdqTQKcRcnxcG0Y7nce\" data-lark-html-role=\"root\" data-docx-has-block-data=\"true\">\n<div data-page-id=\"NKc7fbZi9dnOXocdHcScVsXdnmh\" data-lark-html-role=\"root\" data-docx-has-block-data=\"false\">\n<div data-page-id=\"DaE3fgNEwdnbQVc62iqcBK4lnte\" data-lark-html-role=\"root\" data-docx-has-block-data=\"false\">\n<div data-page-id=\"DaE3fgNEwdnbQVc62iqcBK4lnte\" data-lark-html-role=\"root\" data-docx-has-block-data=\"false\">\n<div data-page-id=\"NqSRfcp5SdFQ6ucdStXcbvManpc\" data-lark-html-role=\"root\" data-docx-has-block-data=\"false\">\n<div data-page-id=\"KydBfoEuudJNYhcgRdAc3aeUn7c\" data-lark-html-role=\"root\" data-docx-has-block-data=\"true\">\n<div data-page-id=\"SIqXfR5ipd7jWpczA5RcYkWInfd\" data-lark-html-role=\"root\" data-docx-has-block-data=\"false\">\n<div data-page-id=\"Y06XfUzydd0aVicBtPKcZlS8nJf\" data-lark-html-role=\"root\" data-docx-has-block-data=\"true\">\n<div data-page-id=\"E2ZvfNrVNdEHKickexPcvdXVnrc\" data-lark-html-role=\"root\" data-docx-has-block-data=\"false\">\n<div data-page-id=\"DqGzfq5S4d9GdAcOQVIcIdPhn2c\" data-lark-html-role=\"root\" data-docx-has-block-data=\"false\">\n<div data-page-id=\"HsKcfE4WLdET7ScRm72cTZ96nPb\" data-lark-html-role=\"root\" data-docx-has-block-data=\"false\">\n<div data-page-id=\"MvWFfuF4Edx69KcRSmmcvS2LndG\" data-lark-html-role=\"root\" data-docx-has-block-data=\"true\">\n<div data-page-id=\"BSNMfUsMXd3XFscNxbDcufC2nEg\" data-lark-html-role=\"root\" data-docx-has-block-data=\"false\">\n<div data-page-id=\"Rr0Mfry1adQB66cMkYGcCmoWnKe\" data-lark-html-role=\"root\" data-docx-has-block-data=\"true\">\n<div data-page-id=\"A7fMfxJhydfxJUc6VX9cVvDKnpd\" data-lark-html-role=\"root\" data-docx-has-block-data=\"false\">\n<div data-page-id=\"A7fMfxJhydfxJUc6VX9cVvDKnpd\" data-lark-html-role=\"root\" data-docx-has-block-data=\"false\">\n<div data-page-id=\"WbzgfFBuTduiBjc6rORciNrNnlf\" data-lark-html-role=\"root\" data-docx-has-block-data=\"false\">\n<div data-page-id=\"R0Rzf8rQUdoB9hcxkiqc9kKHnk2\" data-lark-html-role=\"root\" data-docx-has-block-data=\"true\">\n<div data-page-id=\"ZwXFfRomCdt9G4cs33scepfHnoe\" data-lark-html-role=\"root\" data-docx-has-block-data=\"false\">\n<div data-page-id=\"UFFTffnWTdbuv3coRhBc3zxBnMf\" data-lark-html-role=\"root\" data-docx-has-block-data=\"true\">\n<div data-page-id=\"FV0FfDT4ZdfJZoc4SMccT5Rjndf\" data-lark-html-role=\"root\" data-docx-has-block-data=\"false\">\n<div data-page-id=\"QfqMfQ3H3dBjAycBmxFct9R0nOd\" data-lark-html-role=\"root\" data-docx-has-block-data=\"false\">\n<div data-page-id=\"DXwcf38JSdYoRnczvWycOLbJnKg\" data-lark-html-role=\"root\" data-docx-has-block-data=\"false\">\n<div data-page-id=\"ERF5fOYoJdJoKBcJe3dczeiRnhb\" data-lark-html-role=\"root\" data-docx-has-block-data=\"false\">\n<div data-page-id=\"Xz9kf6dXYdrSpeczDiscWevtn5g\" data-lark-html-role=\"root\" data-docx-has-block-data=\"false\">\n<div data-page-id=\"NXFofecridPG1Kco9gVcxXiEnGf\" data-lark-html-role=\"root\" data-docx-has-block-data=\"false\">\n<div data-page-id=\"EFevfzjvkdlSPEcTWBIc7eVvnog\" data-lark-html-role=\"root\" data-docx-has-block-data=\"false\">\n<h2 class=\"ace-line ace-line old-record-id-EFevfzjvkdlSPEcTWBIc7eVvnog\">ATVS 120000 Puffs \u2013 Introduction du produit<\/h2>\n<div class=\"ace-line ace-line old-record-id-M3sdfRsqRdfLHNcEULAcrEpNnOg\">ATVS 120000 Puffs red\u00e9finit le vapotage jetable longue dur\u00e9e avec une dur\u00e9e de vie sans pr\u00e9c\u00e9dent de 120000 bouff\u00e9es. Il combine une puissante batterie 18650 de 2500mAh, une seule r\u00e9sistance en maille double et 50 ml de e-liquide, le tout dans un design compact\u2014plus 10 saveurs fra\u00eeches et authentiques pour rendre chaque tirage agr\u00e9able. Il est con\u00e7u pour les vapoteurs qui d\u00e9testent changer fr\u00e9quemment de dispositif.<\/div>\n<div class=\"ace-line ace-line old-record-id-W0Lsfxdchda3iLcP8qncZvGknZd\">Pas de gadgets tape-\u00e0-l'\u0153il, pas de r\u00e9glages compliqu\u00e9s\u2014juste des performances fiables et une saveur constante. Que vous soyez un vapoteur intensif ou quelqu'un qui appr\u00e9cie la commodit\u00e9, cet appareil offre ce qui compte le plus : un plaisir ininterrompu, jour apr\u00e8s jour.<\/div>\n<h2 class=\"heading-2 ace-line old-record-id-NlSOf9PKDdedBccKY9Tc57uAnQe\">120000 Bouff\u00e9es &amp; Performance de base : Con\u00e7u pour durer<\/h2>\n<div class=\"ace-line ace-line old-record-id-LwRKfzevzdYap1cQUAZcEdUBnWe\">La caract\u00e9ristique remarquable de ATVS 120000 Puffs est sa dur\u00e9e de vie de 120000 bouff\u00e9es\u2014bien plus longue que la plupart des vapes jetables sur le march\u00e9. Cela signifie que vous pouvez l'utiliser pendant des mois, m\u00eame avec une utilisation quotidienne et fr\u00e9quente, sans le tracas de remplacer les dispositifs chaque semaine.<\/div>\n<h3 class=\"heading-3 ace-line old-record-id-SUqBfxepidgrEqcctDyccgDSn4d\">Batterie &amp; E-Liquide : Endurance in\u00e9gal\u00e9e<\/h3>\n<div class=\"ace-line ace-line old-record-id-M7VsflM1SdT6kvcz1gPcs9DMnkb\">Aliment\u00e9 par une batterie 18650 de 2500mAh, il fournit une puissance constante pour soutenir la massive dur\u00e9e de vie de 120000 bouff\u00e9es. La capacit\u00e9 de 50 ml de e-liquide correspond parfaitement \u00e0 cette endurance, vous ne manquerez donc pas de liquide avant que la batterie ne meure. C'est un v\u00e9ritable appareil \u201c\u00e0 r\u00e9gler et \u00e0 oublier\u201d pour le vapotage quotidien.<\/div>\n<h4 class=\"heading-4 ace-line old-record-id-MFbWf2Yy4daOKQcCvF3cVPuonib\">R\u00e9sistance en maille double unique &amp; 0,2\u03a9<\/h4>\n<div class=\"ace-line ace-line old-record-id-GmtpfYLJpdNhcXcOSTOcskA4njc\">Il utilise une seule r\u00e9sistance en maille double comme syst\u00e8me de chauffage central, qui chauffe le e-liquide de mani\u00e8re uniforme et efficace. La r\u00e9sistance fixe de 0,2\u03a9 produit une vapeur \u00e9paisse et dense et lib\u00e8re toute la saveur de chaque m\u00e9lange, \u00e9vitant les coups durs ou les notes br\u00fbl\u00e9es. Il est con\u00e7u pour les vapoteurs qui aiment un tirage robuste et satisfaisant.<\/div>\n<h2 class=\"heading-2 ace-line old-record-id-VrlUfFYQfd9sUOcDagWc07sEn0d\">10 Saveurs fra\u00eeches : Simples, authentiques et agr\u00e9ables<\/h2>\n<div class=\"ace-line ace-line old-record-id-KBFzfSqVwdohxKc6JeVckNnBnyh\">ATVS 120000 Puffs propose 10 saveurs soigneusement \u00e9labor\u00e9es, toutes con\u00e7ues pour avoir un go\u00fbt naturel et rafra\u00eechissant. Pas de go\u00fbts artificiels, pas de notes dominantes\u2014juste une saveur pure et agr\u00e9able qui reste constante du premier tirage au 120000\u00e8me.<\/div>\n<h3 class=\"heading-3 ace-line old-record-id-EJwufuyMwdhHD0cNHqGchCp9nci\">Points forts des saveurs pour chaque pr\u00e9f\u00e9rence<\/h3>\n<div class=\"ace-line ace-line old-record-id-V0TwfmclsdR1Mkcfkp7cCTUnnFh\">1. Menthe Citron<br \/>\n2. Pommes Doubles<br \/>\n3. Glace Luxuriante<br \/>\n4. Glace Myrtille<br \/>\n5. Glace P\u00eache<br \/>\n6. Limonade Framboise Bleue<br \/>\n7. Glace M\u00fbre<br \/>\n8. Glace Raisin<br \/>\n9. Mangue Glac\u00e9e<br \/>\n10. Glace Cerise<\/div>\n<h4 class=\"heading-4 ace-line old-record-id-TCvafvnlSdvGF5cKrsLcfpVVnoe\">Saveur constante, sans compromis<\/h4>\n<div class=\"ace-line ace-line old-record-id-MqY7fgPkRdjG4UcLox4ctiA3nqf\">La r\u00e9sistance en maille double unique garantit que chaque saveur est fid\u00e8le \u00e0 son nom, sans dilution ni duret\u00e9. Que vous restiez sur un favori ou que vous alterniez entre les saveurs, vous obtiendrez la m\u00eame exp\u00e9rience douce et satisfaisante \u00e0 chaque fois.<br \/>\n<img decoding=\"async\" class=\"alignnone wp-image-7405 size-full\" title=\"ATVS 120k Liste des saveurs\" src=\"https:\/\/oiovape.com\/wp-content\/uploads\/2026\/03\/ATVS-120k-Flavors-List.jpg\" alt=\"ATVS 120k Liste des saveurs\" width=\"1200\" height=\"1827\" srcset=\"https:\/\/oiovape.com\/wp-content\/uploads\/2026\/03\/ATVS-120k-Flavors-List.jpg 1200w, https:\/\/oiovape.com\/wp-content\/uploads\/2026\/03\/ATVS-120k-Flavors-List-197x300.jpg 197w, https:\/\/oiovape.com\/wp-content\/uploads\/2026\/03\/ATVS-120k-Flavors-List-673x1024.jpg 673w, https:\/\/oiovape.com\/wp-content\/uploads\/2026\/03\/ATVS-120k-Flavors-List-768x1169.jpg 768w, https:\/\/oiovape.com\/wp-content\/uploads\/2026\/03\/ATVS-120k-Flavors-List-1009x1536.jpg 1009w, https:\/\/oiovape.com\/wp-content\/uploads\/2026\/03\/ATVS-120k-Flavors-List-8x12.jpg 8w, https:\/\/oiovape.com\/wp-content\/uploads\/2026\/03\/ATVS-120k-Flavors-List-150x228.jpg 150w\" sizes=\"(max-width: 1200px) 100vw, 1200px\" \/><\/div>\n<h2 class=\"heading-2 ace-line old-record-id-YYdJfGbnsd9yY6ck8WJc7QBnnvf\">Q&amp;R : Tout ce que vous devez savoir sur ATVS 120000 Puffs<\/h2>\n<div class=\"ace-line ace-line old-record-id-HDvifzvxNd5Vy6cpfRJc58Bhnhg\">Nous avons r\u00e9pondu aux questions les plus courantes pour vous aider \u00e0 tirer le meilleur parti de votre ATVS 120000 Puffs. Ces informations pratiques couvrent la performance, l'utilisation et l'emballage, afin que vous puissiez faire un choix \u00e9clair\u00e9.<\/div>\n<h3 class=\"heading-3 ace-line old-record-id-GNwKf38RMd7VgucOqnIczQJznKd\">Questions courantes &amp; R\u00e9ponses simples<\/h3>\n<div class=\"ace-line ace-line old-record-id-Y4nPfqcVidJA2DcJgSoclb73nRg\">Q : Combien de temps dure un appareil ATVS 120000 Puffs ?<br \/>\nR : Avec 120000 bouff\u00e9es, il peut durer des mois avec une utilisation quotidienne\u2014bien plus longtemps que les jetables standards. Les 50 ml de e-liquide et la batterie de 2500mAh travaillent ensemble pour \u00e9viter les remplacements fr\u00e9quents.<\/div>\n<div class=\"ace-line ace-line old-record-id-SNuQfDuNxdiRxkcEB75cXLr4nZb\">Q : La vapeur est-elle \u00e9paisse et satisfaisante ?<br \/>\nR : Oui, la r\u00e9sistance de 0,2\u03a9 et la r\u00e9sistance en maille double unique produisent une vapeur \u00e9paisse et dense qui d\u00e9livre un coup robuste. C'est parfait pour les vapoteurs qui pr\u00e9f\u00e8rent un tirage plus puissant.<\/div>\n<div class=\"ace-line ace-line old-record-id-LXSVfrmbTdZYoucI2vCcF9D7nVf\">Q : Combien de saveurs propose-t-il, et sont-elles authentiques ?<br \/>\nR : Il a 10 saveurs fra\u00eeches, toutes \u00e9labor\u00e9es pour avoir un go\u00fbt naturel sans go\u00fbts artificiels. Des saveurs menthol\u00e9es aux saveurs fruit\u00e9es, chaque saveur reste constante tout au long de la dur\u00e9e de vie de l'appareil.<\/div>\n<\/div>\n<\/div>\n<\/div>\n<\/div>\n<\/div>\n<\/div>\n<\/div>\n<\/div>\n<\/div>\n<\/div>\n<\/div>\n<\/div>\n<\/div>\n<\/div>\n<\/div>\n<\/div>\n<\/div>\n<\/div>\n<\/div>\n<\/div>\n<\/div>\n<\/div>\n<\/div>\n<\/div>\n<\/div>\n<\/div>\n<\/div>\n<\/div>\n<\/div>\n<\/div>\n<\/div>\n<\/div>\n<\/div>\n<\/div>\n<\/div>\n<\/div>\n<\/div>\n<\/div>\n<\/div>\n<\/div>\n<\/div>\n<\/div>\n<\/div>\n<\/div>\n<\/div>\n<\/div>\n<\/div>\n<\/div>\n<\/div>\n<\/div>\n<\/div>\n<\/div>\n<\/div>\n<\/div>\n<\/div>\n<\/div>\n<\/div>\n<\/div>\n<\/div>\n<\/div>\n<\/div>\n<\/div>\n<\/div>\n<\/div>\n<\/div>\n<\/div>\n<\/div>\n<\/div>\n<\/div>\n<\/div>\n<\/div>\n<\/div>\n<\/div>\n<\/div>\n<\/div>\n<\/div>\n<\/div>\n<\/div>\n<\/div>\n<\/div>\n<\/div>\n<\/div>\n<\/div>\n<\/div>\n<\/div>\n<\/div>\n<\/div>\n<\/div>\n<\/div>\n<\/div>\n<\/div>\n<\/div>\n<\/div>\n<\/div>\n<\/div>\n<\/div>\n<\/div>\n<\/div>\n<\/div>\n<\/div>","protected":false},"excerpt":{"rendered":"<div data-page-id=\"RAopf2sw9dtvw4cWYXpcTwo0n8g\" data-lark-html-role=\"root\" data-docx-has-block-data=\"false\">\n<div class=\"ace-line ace-line old-record-id-Uju9f3RXYd8dh2crAJbcBF3Un6M\">\n<div data-page-id=\"Dd8gfe2wRdT66jcgnqtcUwg5ndh\" data-lark-html-role=\"root\" data-docx-has-block-data=\"false\">\n<div class=\"ace-line ace-line old-record-id-FiRZf3qXpdK0RqcHt8wcxPTon8b\">ATVS 120000 Puffs est un vape jetable longue dur\u00e9e avec 120000 bouff\u00e9es, 50 ml de e-liquide et une seule r\u00e9sistance en maille double. Il dispose d'une batterie 18650 de 2500mAh, d'une r\u00e9sistance de 0,2\u03a9, de 10 saveurs, d'une taille de 72 mm et de bo\u00eetes de 4 pi\u00e8ces avec un emballage ext\u00e9rieur de 146*146*150 mm.<em>150<\/em>72 mm de taille et des bo\u00eetes de 4 pi\u00e8ces avec un emballage ext\u00e9rieur de 146*146*150 mm.<\/div>\n<\/div>\n<\/div>\n<\/div>","protected":false},"featured_media":7407,"comment_status":"open","ping_status":"closed","template":"","meta":{"_acf_changed":false,"inline_featured_image":false,"_sitemap_exclude":false,"_sitemap_priority":"","_sitemap_frequency":""},"product_brand":[375],"product_cat":[374,239,241],"product_tag":[],"class_list":{"0":"post-7395","1":"product","2":"type-product","3":"status-publish","4":"has-post-thumbnail","6":"product_brand-atvs","7":"product_cat-atvs","8":"product_cat-disposable-vape-collection","9":"product_cat-120k-puff","11":"first","12":"instock","13":"sale","14":"shipping-taxable","15":"purchasable","16":"product-type-variable","17":"has-default-attributes"},"acf":[],"tiered_pricing_type":"fixed","tiered_pricing_fixed_rules":{"30":16.76,"60":16.28,"100":15.52,"200":14.99},"tiered_pricing_product_settings":{"layout":"default","base_unit_name":{"singular":null,"plural":null},"default_variation":null},"tiered_pricing_minimum_quantity":10,"tiered_pricing_roles_data":[],"tiered_pricing_percentage_rules":[],"tiered_pricing_maximum_quantity":null,"tiered_pricing_quantity_step":"10","_links":{"self":[{"href":"https:\/\/oiovape.com\/fr\/wp-json\/wp\/v2\/product\/7395","targetHints":{"allow":["GET"]}}],"collection":[{"href":"https:\/\/oiovape.com\/fr\/wp-json\/wp\/v2\/product"}],"about":[{"href":"https:\/\/oiovape.com\/fr\/wp-json\/wp\/v2\/types\/product"}],"replies":[{"embeddable":true,"href":"https:\/\/oiovape.com\/fr\/wp-json\/wp\/v2\/comments?post=7395"}],"version-history":[{"count":0,"href":"https:\/\/oiovape.com\/fr\/wp-json\/wp\/v2\/product\/7395\/revisions"}],"wp:featuredmedia":[{"embeddable":true,"href":"https:\/\/oiovape.com\/fr\/wp-json\/wp\/v2\/media\/7407"}],"wp:attachment":[{"href":"https:\/\/oiovape.com\/fr\/wp-json\/wp\/v2\/media?parent=7395"}],"wp:term":[{"taxonomy":"product_brand","embeddable":true,"href":"https:\/\/oiovape.com\/fr\/wp-json\/wp\/v2\/product_brand?post=7395"},{"taxonomy":"product_cat","embeddable":true,"href":"https:\/\/oiovape.com\/fr\/wp-json\/wp\/v2\/product_cat?post=7395"},{"taxonomy":"product_tag","embeddable":true,"href":"https:\/\/oiovape.com\/fr\/wp-json\/wp\/v2\/product_tag?post=7395"}],"curies":[{"name":"wp","href":"https:\/\/api.w.org\/{rel}","templated":true}]}}