{"id":2305,"date":"2025-12-27T03:35:27","date_gmt":"2025-12-27T03:35:27","guid":{"rendered":"https:\/\/oiovape.com\/?post_type=product&#038;p=2305"},"modified":"2026-01-26T11:33:35","modified_gmt":"2026-01-26T03:33:35","slug":"uzy-tornado-20000-puffs","status":"publish","type":"product","link":"https:\/\/oiovape.com\/it\/product\/uzy-tornado-20000-puffs\/","title":{"rendered":"UZY TORNADO 20000 PUFFS Display LED E-cigarette usa e getta intelligenti a lunga durata"},"content":{"rendered":"<div data-page-id=\"UiYCfreMqdGevAcsp34cXRSan1d\" data-lark-html-role=\"root\" data-docx-has-block-data=\"false\">\n<div data-page-id=\"HMW1fYaE9d8tKKcAJkBcZ4u8nIh\" data-lark-html-role=\"root\" data-docx-has-block-data=\"false\">\n<div class=\"auto-hide-last-sibling-br paragraph-pP9ZLC paragraph-element br-paragraph-space\">\n<div data-page-id=\"XTjHfxYPKdiT2ecnyVVcGJUonkd\" data-lark-html-role=\"root\" data-docx-has-block-data=\"true\">\n<div data-page-id=\"VhGlfX0s4d7V8tc8dVycT6HLnI8\" data-lark-html-role=\"root\" data-docx-has-block-data=\"true\">\n<div data-page-id=\"R27YfXH9MdOaMxcTXrVcIFkvnXr\" data-lark-html-role=\"root\" data-docx-has-block-data=\"false\">\n<h2 class=\"ace-line ace-line old-record-id-R27YfXH9MdOaMxcTXrVcIFkvnXr\">Perch\u00e9 scegliere UZY TORNADO 20000 Puff\u2753<\/h2>\n<div data-page-id=\"R27YfXH9MdOaMxcTXrVcIFkvnXr\" data-lark-html-role=\"root\" data-docx-has-block-data=\"false\">\n<div class=\"ace-line ace-line old-record-id-Ww3Rf0MDldG5lmcCvKXcItIBnMe\">\n<p>L'UZY TORNADO 20000 Puff \u00e8 un vape usa e getta eccezionale che offre la combinazione perfetta di variet\u00e0 di sapori, prestazioni e convenienza. Con 12 deliziosi sapori tra cui scegliere, una capacit\u00e0 duratura di 20000 puff e una bobina a rete affidabile, \u00e8 progettato per soddisfare anche i vaper pi\u00f9 esigenti. Che tu stia cercando un trattamento fruttato, un rinfresco fresco o una carica di energia, qui c'\u00e8 un sapore per te. Inoltre, le molteplici opzioni di nicotina lo rendono accessibile a un'ampia gamma di utenti. Se sei in cerca di un vape usa e getta di alta qualit\u00e0, l'UZY TORNADO 20000 Puff merita sicuramente di essere provato.<\/p>\n<div data-page-id=\"R27YfXH9MdOaMxcTXrVcIFkvnXr\" data-lark-html-role=\"root\" data-docx-has-block-data=\"true\">\n<h3 class=\"heading-2 ace-line old-record-id-XmsWfzKIGdtjYzc1mdXc72TDnKf\">Esplora la Collezione di Sapori Vibranti<\/h3>\n<div class=\"ace-line ace-line old-record-id-NSUSf5FZBdcR8RcoXB4cgmdmnsc\">L'UZY TORNADO 20000 Puff brilla di pi\u00f9 con la sua vasta gamma di 12 sapori accuratamente realizzati. Da combinazioni di frutta dolce e succosa a rinfreschi ghiacciati, ogni sapore \u00e8 progettato per offrire un gusto costante e soddisfacente ad ogni puff. Di seguito, suddividiamo le opzioni di sapore in categorie facili da esplorare per aiutarti a trovare il tuo nuovo preferito.<\/div>\n<h4 class=\"heading-3 ace-line old-record-id-O3zBf9dRodGrPzcxO6McLDGAnNb\">Delizie di Fusione Fruttata<\/h4>\n<div class=\"ace-line ace-line old-record-id-Rv6NfrZwIdl1YscPZT7c02IOnMf\">Per gli amanti dei sapori di frutta brillanti e naturali, queste miscele combinano frutti complementari per creare un'esperienza di svapo armoniosa e deliziosa.<\/div>\n<h5 class=\"heading-4 ace-line old-record-id-A4kRfbPJGdI8r2cEKfUcFzPQn8c\">1. Fragola e Anguria<\/h5>\n<div class=\"ace-line ace-line old-record-id-MoqKf2nladWq83clPl5cEslNnqc\">Una combinazione classica che non delude mai! Fragole succose e mature incontrano l'anguria dolce e croccante per un sapore rinfrescante e estivo che \u00e8 leggero e soddisfacente.<\/div>\n<h5 class=\"heading-4 ace-line old-record-id-SX57fnmnkditvdcp8cfc1xJhnne\">2. Pesca, Mango e Ananas<\/h5>\n<div class=\"ace-line ace-line old-record-id-YFOTftuNqdoAnkcpXYKcS8skn8g\">Un trio tropicale che ti trasporta su una spiaggia soleggiata! Pesche dolci, mango maturi e ananas piccanti si fondono perfettamente per un'esplosione di frutta audace.<\/div>\n<h5 class=\"heading-4 ace-line old-record-id-OMDwfbeuhdelEqclJsAc5I35neb\">3. Fragola e Kiwi<\/h5>\n<div class=\"ace-line ace-line old-record-id-X3mPfd0BJd2LpGcX6Pwc39dKndh\">Fragole dolci si abbinano a kiwi aspri e vibranti per un sapore bilanciato che \u00e8 sia rinfrescante che saporito\u2014perfetto per svapare tutto il giorno.<\/div>\n<h5 class=\"heading-4 ace-line old-record-id-R15FfJ6wvdm7AWcTr9tcMdWvnDg\">4. Mirtillo Lampone<\/h5>\n<div class=\"ace-line ace-line old-record-id-DCUBfriXpdAAemc4mnsc1PXlnrc\">Concediti il profondo sapore dolce-acido di mirtilli maturi e lamponi succosi. Questa miscela di bacche \u00e8 ricca e soddisfacente, con la giusta quantit\u00e0 di dolcezza.<\/div>\n<h5 class=\"heading-4 ace-line old-record-id-BB2nfKh43dCuTkctEsycduFxn4d\">5. Kiwi e Frutto della Passione<\/h5>\n<div class=\"ace-line ace-line old-record-id-AyUBf2AQYddpQwcn6WecvLSVnlh\">Una svolta tropicale piena di brio! Kiwi piccante e frutto della passione esotico si combinano per un sapore luminoso ed energico che sicuramente risveglier\u00e0 le tue papille gustative.<\/div>\n<h4 class=\"heading-3 ace-line old-record-id-I2U9fSPNddDu1gcNNT3c5pmmn1g\">Preferiti Ghiacciati e Freschi<\/h4>\n<div class=\"ace-line ace-line old-record-id-JhFxfIYDbdkWHKcBf7ZcHEpGnsd\">Per coloro che amano una sensazione rinfrescante e fresca, questi sapori ghiacciati aggiungono un tocco croccante ai frutti classici, rendendo ogni puff rinvigorente.<\/div>\n<h5 class=\"heading-4 ace-line old-record-id-Uq8EftTLkd6PNScQnovchQzhnYf\">1. Mirtillo Ghiacciato<\/h5>\n<div class=\"ace-line ace-line old-record-id-A1Ttf0fZMd0azmchOHdcs0C9nDd\">Il sapore dolce di mirtillo riceve un aggiornamento ghiacciato con un accenno di ghiaccio. La freschezza bilancia la dolcezza della bacca, creando un vape liscio e rinfrescante.<\/div>\n<h5 class=\"heading-4 ace-line old-record-id-OCYhflOszdpxkCcpJv5cvGkPnvg\">2. Ghiaccio d'Uva<\/h5>\n<div class=\"ace-line ace-line old-record-id-IE7EfciQOdaW6xcb21DcLQJjnAf\">Sapore ricco e succoso d'uva abbinato a una freschezza ghiacciata. Questo sapore \u00e8 audace ma morbido, con il ghiaccio che esalta la dolcezza naturale delle uve.<\/div>\n<h5 class=\"heading-4 ace-line old-record-id-FP3DfU1iAdzyaMcxhoIcJ9URn5f\">3. Ghiaccio d'Anguria<\/h5>\n<div class=\"ace-line ace-line old-record-id-QqJefUYwUdEos8cQkTtck8Avnpc\">L'anguria croccante e dolce incontra un'esplosione di ghiaccio per un vape estivo e rinfrescante. La finitura fresca rende questo sapore perfetto per le giornate calde o ogni volta che desideri un rinfresco.<\/div>\n<h5 class=\"heading-4 ace-line old-record-id-MSHffK778d8muQc4tcYcQiErnAg\">4. Ghiaccio di Pesca<\/h5>\n<div class=\"ace-line ace-line old-record-id-IYyRf6jendA3Tyct9l0cosjHnbg\">Pesche dolci e succose ricevono una svolta ghiacciata con un tocco di ghiaccio. La combinazione \u00e8 liscia e rinfrescante, con il sapore di pesca che prende il centro della scena e il ghiaccio che aggiunge una finitura croccante.<\/div>\n<h5 class=\"heading-4 ace-line old-record-id-AsaDfHpGadjZfYcOeRjcWbuXnCb\">5. Triple Mango Ice<\/h5>\n<div class=\"ace-line ace-line old-record-id-HTJxf5mIAdb7wZcPXwPcg2a2nkg\">Tre strati di sapore di mango maturo abbinati a freschezza ghiacciata. Questo sapore audace e tropicale \u00e8 dolce, cremoso e rinfrescante\u2014ideale per gli amanti del mango che desiderano un tocco fresco.<\/div>\n<h5 class=\"heading-4 ace-line old-record-id-O4Adfnzk0dvIeAcAAmTcIbMunjg\">6. Ghiaccio Rosso Energetico<\/h5>\n<div class=\"ace-line ace-line old-record-id-Sp1df3ra8d7awmcC5encBVcHnGb\">Un sapore audace ed energizzante con una finitura fresca. Pensa al gusto classico delle bevande energetiche con una svolta fruttata e un tocco ghiacciato\u2014perfetto per quando hai bisogno di una carica di energia.<\/div>\n<h5 class=\"heading-4 ace-line old-record-id-LwwOfftwxdHl5bcTTu3cQKMnnnc\">7. MR Blue<\/h5>\n<div class=\"ace-line ace-line old-record-id-SZP2fSSWxdCGrKcfFsFcCfdMnqh\">Un sapore blu misterioso e audace con una finitura fresca e rinfrescante. Questo sapore unico \u00e8 dolce e aspro, con un accenno di ghiaccio che rende ogni puff liscio e rinvigorente.<\/div>\n<h3 class=\"heading-2 ace-line old-record-id-ViGDftuSgdxHMScCtR6c0cAvnYf\">Specifiche Chiave: Potenza e Prestazioni<\/h3>\n<div class=\"ace-line ace-line old-record-id-Geg2fIRkQdPXklc8OwLcMA5anYk\">L'UZY TORNADO 20000 Puff non riguarda solo un ottimo sapore\u2014\u00e8 anche costruito per prestazioni durature e convenienza. Dai un'occhiata alle specifiche dettagliate qui sotto per vedere cosa rende questo vape usa e getta cos\u00ec speciale.<\/div>\n<div>\n<table class=\"ace-table\" data-ace-table-col-widths=\"200;200\">\n<colgroup>\n<col width=\"200\" \/>\n<col width=\"200\" \/><\/colgroup>\n<thead>\n<tr>\n<th colspan=\"1\" rowspan=\"1\">\n<div class=\"ace-line ace-line old-record-id-PkY9f0ztQdVKj6cWMTYcKzxJnMg\">Specifiche<\/div>\n<\/th>\n<th colspan=\"1\" rowspan=\"1\">\n<div class=\"ace-line ace-line old-record-id-Kcdnf4qpvdKWU2chhEkcoi3bnAw\">Dettagli<\/div>\n<\/th>\n<\/tr>\n<\/thead>\n<tbody>\n<tr>\n<td colspan=\"1\" rowspan=\"1\">\n<div class=\"ace-line ace-line old-record-id-DIrWfRVadd8xRJclomjcbwnLncb\">Capacit\u00e0 della batteria<\/div>\n<\/td>\n<td colspan=\"1\" rowspan=\"1\">\n<div class=\"ace-line ace-line old-record-id-S9DnfoCRddlLvLcvMNCc6qCHnre\">28ml<\/div>\n<\/td>\n<\/tr>\n<tr>\n<td colspan=\"1\" rowspan=\"1\">\n<div class=\"ace-line ace-line old-record-id-HXhSf9Xkkdrwjrcgp3ncuS5Cn4f\">Tipo di Resistenza<\/div>\n<\/td>\n<td colspan=\"1\" rowspan=\"1\">\n<div class=\"ace-line ace-line old-record-id-URhxfl7J5d0zKwc6dxJcVBJknUh\">Bobina a Rete 0.6ohm<\/div>\n<\/td>\n<\/tr>\n<tr>\n<td colspan=\"1\" rowspan=\"1\">\n<div class=\"ace-line ace-line old-record-id-JcQnf88gldQBhhchDYEcP7Zsn3X\">Configurazione principale<\/div>\n<\/td>\n<td colspan=\"1\" rowspan=\"1\">\n<div class=\"ace-line ace-line old-record-id-BqFUfZiKLdxpxkcJ3Y6clhEenBd\">850mAh<\/div>\n<\/td>\n<\/tr>\n<tr>\n<td colspan=\"1\" rowspan=\"1\">\n<div class=\"ace-line ace-line old-record-id-WuuzfNPMyd0Zk1c0s6Qcdbrznse\">Conteggio di Tiri<\/div>\n<\/td>\n<td colspan=\"1\" rowspan=\"1\">\n<div class=\"ace-line ace-line old-record-id-XZR8fTAUPdn8mUcNokWcY7lTnco\">20000<\/div>\n<\/td>\n<\/tr>\n<tr>\n<td colspan=\"1\" rowspan=\"1\">\n<div class=\"ace-line ace-line old-record-id-WXNkf6sbbdW8KDcM5K7c3wXLn7g\">Categoria<\/div>\n<\/td>\n<td colspan=\"1\" rowspan=\"1\">\n<div class=\"ace-line ace-line old-record-id-Fb3xfHkDbdYx3acvZbCcacchnVd\">Sigarette elettroniche usa e getta<\/div>\n<\/td>\n<\/tr>\n<tr>\n<td colspan=\"1\" rowspan=\"1\">\n<div class=\"ace-line ace-line old-record-id-IltNfSBradM1b2cdL08cUwGonth\">Forza della Nicotina<\/div>\n<\/td>\n<td colspan=\"1\" rowspan=\"1\">\n<div class=\"ace-line ace-line old-record-id-KAUlftgaydvLT7cjZKQctYGRnAg\">0%-2%-3%-5% (Opzioni Multiple)<\/div>\n<\/td>\n<\/tr>\n<\/tbody>\n<\/table>\n<\/div>\n<h3 class=\"heading-2 ace-line old-record-id-QoPGfMHsgdXV6acfDr9cEt3gnvb\">Domande Frequenti su UZY TORNADO 20000 Puff<\/h3>\n<h4 class=\"heading-3 ace-line old-record-id-TYVcfaqz5dYvWTcwCz7cD80Inzf\">D1: Quanto durer\u00e0 l'UZY TORNADO 20000 Puff?<\/h4>\n<div class=\"ace-line ace-line old-record-id-L6V6fIxlHdxPHbcbj7Ocozx5n8d\">R1: Con una capacit\u00e0 di 20000 puff, la durata del dispositivo dipende dalla tua frequenza di svapo. Per i vaper leggeri, pu\u00f2 durare diverse settimane, mentre i vaper pesanti possono utilizzarlo per 1-2 settimane. La batteria da 850mAh \u00e8 progettata per corrispondere al conteggio dei puff, assicurando che non rimarrai senza energia prima di finire il liquido.<\/div>\n<h4 class=\"heading-3 ace-line old-record-id-ZzADfsIJEdOHC5cPyTZcCnjXnog\">D2: Quale forza di nicotina dovrei scegliere?<\/h4>\n<div class=\"ace-line ace-line old-record-id-NuP0feEnSdBhj7c44EkccVVfnRg\">R2: L'UZY TORNADO 20000 Puff offre quattro opzioni di nicotina per soddisfare diverse preferenze: 0% (senza nicotina) per coloro che apprezzano il sapore senza nicotina, 2% per utenti leggeri di nicotina, 3% per utenti moderati e 5% per utenti pesanti in cerca di un colpo pi\u00f9 forte. Se sei nuovo nel mondo dello svapo, ti consigliamo di iniziare con una forza pi\u00f9 bassa (2% o 3%).<\/div>\n<h4 class=\"heading-3 ace-line old-record-id-LrJdfp4B4dqRkdcLBNTcMcoKnkd\">D3: Cosa rende speciale la bobina a rete?<\/h4>\n<div class=\"ace-line ace-line old-record-id-RTuFfKIj5dsPWNcPG78cCK3EnFg\">R3: La bobina a rete da 0.6ohm offre una superficie di riscaldamento pi\u00f9 ampia rispetto alle bobine tradizionali. Questo si traduce in tempi di riscaldamento pi\u00f9 rapidi, una consegna di sapore pi\u00f9 costante e un'esperienza di svapo pi\u00f9 fluida. La bobina a rete aiuta anche a prevenire colpi secchi, assicurando che ogni puff sia soddisfacente.<\/div>\n<\/div>\n<\/div>\n<\/div>\n<\/div>\n<\/div>\n<\/div>\n<\/div>\n<\/div>\n<\/div>","protected":false},"excerpt":{"rendered":"<div class=\"inter-H_fm37\">\n<div class=\"container-PvPoAn\">\n<div class=\"item-kDun2N\">\n<div class=\"container-SrVXPg chrome70-container\">\n<div class=\"inner-Qo5lJS inner-item-w21SQO\" data-target-id=\"message-box-target-id\" data-testid=\"union_message\">\n<div class=\"message-block-container-PggqdK\" data-testid=\"message-block-container\" data-ui-version=\"samantha\">\n<div class=\"flex flex-row w-full w-full max-w-full s-font-base text-s-color-text-secondary p-0 rounded-s-radius-s bg-transparent group data-[attr=select-mode]:-mt-10 data-[attr=select-mode]:py-10 data-[attr=select-mode]:px-16 data-[attr=select-mode]:sm:p-10 data-[attr=select-mode]:hover:bg-s-color-bg-base data-[attr=select-mode]:hover:rounded-s-radius-xs data-[attr=select-mode]:has-[:checked]:bg-s-color-bg-trans data-[attr=select-mode]:has-[:checked]:rounded-s-radius-xs data-[attr=select-mode]:pointer-events-none\" data-testid=\"receive_message\" data-copy-telemetry=\"right_click_copy\">\n<div class=\"flex flex-col flex-grow max-w-full min-w-0\">\n<div class=\"flex-row flex w-full\" data-testid=\"message_content\" data-message-id=\"33792495904154114\">\n<div class=\"flex w-full flex-col [&amp;&gt;div:not(:last-child):not(:empty)]:mb-20\">\n<div class=\"\" data-render-engine=\"node\" data-plugin-identifier=\"block_type:10000\">\n<div class=\"container-P2rR72 flow-markdown-body mdbox-theme-next theme-samantha-uDexJL\" dir=\"ltr\" data-testid=\"message_text_content\" data-show-indicator=\"false\">\n<div class=\"auto-hide-last-sibling-br paragraph-pP9ZLC paragraph-element br-paragraph-space\">\n<div data-page-id=\"LnPyfMEqWdQ4qfcSii0cKc98nac\" data-lark-html-role=\"root\" data-docx-has-block-data=\"false\">\n<div class=\" old-record-id-Tuwzf4R4adAZ51cRHCnc4oQXnXd\">\n<div data-page-id=\"PlTDfUQRRdRssbcCTaucuJAEnve\" data-lark-html-role=\"root\" data-docx-has-block-data=\"false\">\n<div class=\" old-record-id-Tp64fPX1Ud97nectbiNcfErwnBe\">\n<div data-page-id=\"CBRefD4tod6tEac6tvJcTYYKnze\" data-lark-html-role=\"root\" data-docx-has-block-data=\"false\">\n<div class=\"ace-line ace-line old-record-id-STqDfbVLNdKGaAcTFlecGqEfnPe\">\n<p>UZY TORNADO 20000 Puffs delivers rich flavor and long-lasting performance with 12 fruity\/icy blends. Boasting 28ml e-liquid, 850mAh battery, and 0.6ohm mesh coil, it offers 0%-5% nicotine options. No setup needed\u2014just unbox and enjoy smooth, satisfying puffs anytime, anywhere.<\/p>\n<\/div>\n<\/div>\n<\/div>\n<\/div>\n<\/div>\n<\/div>\n<\/div>\n<\/div>\n<\/div>\n<\/div>\n<\/div>\n<\/div>\n<\/div>\n<\/div>\n<\/div>\n<\/div>\n<\/div>\n<\/div>\n<\/div>\n","protected":false},"featured_media":2438,"comment_status":"open","ping_status":"closed","template":"","meta":{"_acf_changed":false,"inline_featured_image":false,"_sitemap_exclude":false,"_sitemap_priority":"","_sitemap_frequency":""},"product_brand":[89],"product_cat":[78,239,249],"product_tag":[],"class_list":{"0":"post-2305","1":"product","2":"type-product","3":"status-publish","4":"has-post-thumbnail","6":"product_brand-uzy","7":"product_cat-uzy-puff","8":"product_cat-disposable-vape-collection","9":"product_cat-20k-puffs","11":"first","12":"instock","13":"sale","14":"shipping-taxable","15":"purchasable","16":"product-type-variable","17":"has-default-attributes"},"acf":[],"tiered_pricing_type":"fixed","tiered_pricing_fixed_rules":{"30":7.65,"60":6.99,"100":6.49,"200":5.99},"tiered_pricing_product_settings":{"layout":"default","base_unit_name":{"singular":null,"plural":null},"default_variation":null},"tiered_pricing_minimum_quantity":10,"tiered_pricing_roles_data":[],"tiered_pricing_percentage_rules":[],"tiered_pricing_maximum_quantity":null,"tiered_pricing_quantity_step":"10","_links":{"self":[{"href":"https:\/\/oiovape.com\/it\/wp-json\/wp\/v2\/product\/2305","targetHints":{"allow":["GET"]}}],"collection":[{"href":"https:\/\/oiovape.com\/it\/wp-json\/wp\/v2\/product"}],"about":[{"href":"https:\/\/oiovape.com\/it\/wp-json\/wp\/v2\/types\/product"}],"replies":[{"embeddable":true,"href":"https:\/\/oiovape.com\/it\/wp-json\/wp\/v2\/comments?post=2305"}],"version-history":[{"count":0,"href":"https:\/\/oiovape.com\/it\/wp-json\/wp\/v2\/product\/2305\/revisions"}],"wp:featuredmedia":[{"embeddable":true,"href":"https:\/\/oiovape.com\/it\/wp-json\/wp\/v2\/media\/2438"}],"wp:attachment":[{"href":"https:\/\/oiovape.com\/it\/wp-json\/wp\/v2\/media?parent=2305"}],"wp:term":[{"taxonomy":"product_brand","embeddable":true,"href":"https:\/\/oiovape.com\/it\/wp-json\/wp\/v2\/product_brand?post=2305"},{"taxonomy":"product_cat","embeddable":true,"href":"https:\/\/oiovape.com\/it\/wp-json\/wp\/v2\/product_cat?post=2305"},{"taxonomy":"product_tag","embeddable":true,"href":"https:\/\/oiovape.com\/it\/wp-json\/wp\/v2\/product_tag?post=2305"}],"curies":[{"name":"wp","href":"https:\/\/api.w.org\/{rel}","templated":true}]}}