{"id":2617,"date":"2025-12-30T02:28:31","date_gmt":"2025-12-30T02:28:31","guid":{"rendered":"https:\/\/oiovape.com\/?post_type=product&#038;p=2617"},"modified":"2026-03-03T18:03:43","modified_gmt":"2026-03-03T10:03:43","slug":"uzy-6-in-1-150000-puffs","status":"publish","type":"product","link":"https:\/\/oiovape.com\/it\/product\/uzy-6-in-1-150000-puffs\/","title":{"rendered":"UZY 6 IN 1 150000 PUFFS Sei Gusti 64ml E-liquid Penna Vape Monouso Ricaricabile"},"content":{"rendered":"<div data-page-id=\"ZVeMfq8uxd7y1ycuKm5cym4LnYd\" data-lark-html-role=\"root\" data-docx-has-block-data=\"false\">\n<div data-page-id=\"Fd41fZ5N9dzRQtcRNoVc2FuDnCh\" data-lark-html-role=\"root\" data-docx-has-block-data=\"true\">\n<h1 class=\"ace-line ace-line old-record-id-Fd41fZ5N9dzRQtcRNoVc2FuDnCh\">UZY 6 IN 1 150000 Puff Vape: Sapori e Vantaggi Principali<\/h1>\n<div class=\"ace-line ace-line old-record-id-HWJ0fBetod8vjkcLPCpcFQXZn8e\">Il vape UZY 6 IN 1 150000 Puff ridefinisce l'esperienza del vape usa e getta con la sua ricca variet\u00e0 di sapori e funzionalit\u00e0 innovative pratiche. Combinando 6 opzioni di sapore in un unico dispositivo, soddisfa diverse preferenze di gusto garantendo un uso duraturo e un'operazione conveniente. Che tu preferisca la dolcezza fruttata, la freschezza ghiacciata o note miste uniche, questo vape ha qualcosa da offrire per ogni vaper.<\/div>\n<h2 class=\"heading-2 ace-line old-record-id-UN5ifkGDud8DG2cqSiycG5PhnZf\">Selezione dei Sapori: Gusti Diversi per Ogni Preferenza<\/h2>\n<div class=\"ace-line ace-line old-record-id-ValrfkqEVdPkfOct7BkcZfp3n0d\">Con 30 sapori distinti suddivisi in 10 set accuratamente curati, il vape UZY 6 IN 1 copre un ampio spettro di profili di gusto. Ogni set combina sapori complementari, consentendo agli utenti di passare senza sforzo tra diversi gusti. Di seguito sono riportate le combinazioni di sapori dettagliate:<\/div>\n<h3 class=\"heading-3 ace-line old-record-id-VgEkfvuHTdhjoCc7xPgcX4OTn7e\">Set di Sapori 1<\/h3>\n<h4 class=\"heading-4 ace-line old-record-id-VHHpfRzaRdHLxYcvxmBcVpzEnxw\">Ghiacciolo di anguria \/ Mamba di fragola \/ Anguria e fragola<\/h4>\n<div class=\"ace-line ace-line old-record-id-AW6sfISzwd9rbecem0WcsLKqnOh\">Un trio fruttato rinfrescante che presenta la dolcezza croccante dell'anguria, il sapore audace della mamba di fragola e la perfetta miscela di fragola e anguria per un gusto equilibrato.<\/div>\n<h3 class=\"heading-3 ace-line old-record-id-RY5JfjtpAd3zDFcQp8qcNMh6nRb\">Set di Sapori 2<\/h3>\n<h4 class=\"heading-4 ace-line old-record-id-JeNofaDBCdtdCocwpHqcj12tnxb\">Ghiacciolo di mirtillo \/ Limone e lampone \/ Gommosa di anguria<\/h4>\n<div class=\"ace-line ace-line old-record-id-XRbcfbiJwdSqwvclawEc7N6in2d\">Questo set mescola la freschezza ghiacciata dei mirtilli, il gusto piccante del limone e lampone, e la dolcezza nostalgica della gommosa di anguria, offrendo una gamma versatile di gusti che vanno dal fresco al fruttato-dolce.<\/div>\n<h3 class=\"heading-3 ace-line old-record-id-DgzEfJlJ5dMpKgczZJacuYfnnZb\">Set di Sapori 3<\/h3>\n<h4 class=\"heading-4 ace-line old-record-id-FSvzf36W2dbSyrcQ5C6cR42hnub\">Fragola e kiwi \/ Mirtillo e cocco \/ Frutti di bosco misti<\/h4>\n<div class=\"ace-line ace-line old-record-id-Xwbof0GTCdn5a5cUs2acYWX4nud\">Goditi la combinazione dolce-acida di fragola e kiwi, la fusione cremosa di mirtillo e cocco, e un ricco medley di frutti di bosco misti che offrono un'esperienza fruttata stratificata.<\/div>\n<h3 class=\"heading-3 ace-line old-record-id-UEw8f0LV7d5gQAc0Zkyc6vFgnmc\">Set di Sapori 4<\/h3>\n<h4 class=\"heading-4 ace-line old-record-id-CKaJfrU3CdlC7Sc5aYYcMqntn7c\">Ghiacciolo d'uva \/ Mango e pesca \/ Anguria e mirtillo<\/h4>\n<div class=\"ace-line ace-line old-record-id-FAORfVINede1VncsG4JcrOOunGg\">Concediti il sapore fresco e dolce del ghiacciolo d'uva, la miscela tropicale di mango e pesca, e il mix armonioso di mirtillo e anguria per una sessione di vape rinfrescante e fruttata.<\/div>\n<h3 class=\"heading-3 ace-line old-record-id-UlMtfxTcXdTPcOctmr5cV3MMn9f\">Set di Sapori 5<\/h3>\n<h4 class=\"heading-4 ace-line old-record-id-SuDWfMyAid5guUcVzIscKv17nLe\">Mirtillo e lampone \/ Triplo melone \/ Ghiacciolo di fragola<\/h4>\n<div class=\"ace-line ace-line old-record-id-A6uYfnRzfdFAaYc92PmcqLWMnvf\">Questo set presenta la combinazione dolce-acida di mirtillo e lampone, un ricco blend di triplo melone per un gusto succoso, e la freschezza rinfrescante del ghiacciolo di fragola.<\/div>\n<h3 class=\"heading-3 ace-line old-record-id-D2l6fRTmbdWm6xcxAATclc4UnAy\">Set di Sapori 6<\/h3>\n<h4 class=\"heading-4 ace-line old-record-id-Q13Efz3YBdmmh0cpZ2Tcv99nnMf\">Fragola e kiwi \/ Ghiacciolo di mirtillo \/ Ghiacciolo di ciliegia<\/h4>\n<div class=\"ace-line ace-line old-record-id-Be49fInwGdAP84c5lfVcknO8nwc\">Un mix di preferiti dai fan: il classico duo fragola-kiwi, mirtillo ghiacciato per un colpo fresco, e ghiacciolo di ciliegia che combina ciliegia dolce con un fresco brivido.<\/div>\n<h3 class=\"heading-3 ace-line old-record-id-Tc36fGOZwdV5lNcfmb9cnZdMnig\">Set di Sapori 7<\/h3>\n<h4 class=\"heading-4 ace-line old-record-id-T8SKf9w4ZdzMaccDlFKchWHOnMh\">Kiwi, frutto della passione e guava \/ Limone e pesca \/ Love 66<\/h4>\n<div class=\"ace-line ace-line old-record-id-Eaplf4CCKdLDVbcY4UTc5V3bntf\">Esplora sapori tropicali con kiwi, frutto della passione e guava, goditi la dolcezza piccante del limone e pesca, o prova il \u201cLove 66\u201d unico per un'esperienza di gusto senza pari.<\/div>\n<h3 class=\"heading-3 ace-line old-record-id-Ri0vfCTx3dWtENcfmBycrTwnnLe\">Set di Sapori 8<\/h3>\n<h4 class=\"heading-4 ace-line old-record-id-LKY4fN8aBdFynDcUENQcyEwtnmh\">Fragola e frutto del drago \/ Red Bull \/ Anguria e lampone<\/h4>\n<div class=\"ace-line ace-line old-record-id-MAIUf6o55dLhBVcptgzcqC5Anne\">Questo set offre l'esotico frutto del drago alla fragola, il sapore energizzante del Red Bull, e il mix rinfrescante di lampone e anguria per un viaggio di gusto dinamico.<\/div>\n<h3 class=\"heading-3 ace-line old-record-id-EyeifEbdYd1EHTcNjcSclTjYnzb\">Set di Sapori 9<\/h3>\n<h4 class=\"heading-4 ace-line old-record-id-TNwnfURRHdswJ3cfb0ccno0Gnd3\">Ghiacciolo di pesca \/ Due mele \/ Triplo mango<\/h4>\n<div class=\"ace-line ace-line old-record-id-FNPdfjxcAdL4ITcmqpuclIp0nGg\">Assapora la dolcezza fresca del ghiacciolo di pesca, il sapore croccante della doppia mela, e il ricco gusto tropicale del triplo mango che soddisfa gli amanti della frutta.<\/div>\n<h3 class=\"heading-3 ace-line old-record-id-DviZfnkqRdRVFqc2k2RcXGcvnZb\">Set di Sapori 10<\/h3>\n<h4 class=\"heading-4 ace-line old-record-id-POwofEbw8d4TQncIKWvc9AaVnz3\">Frutti di bosco misti \/ Ciliegia frizzante \/ Limone e pesca<\/h4>\n<div class=\"ace-line ace-line old-record-id-QKTMf0XMMd1KNpcPJaEcSweWnBh\">Termina in bellezza con un ricco mix di frutti di bosco, la dolcezza frizzante della ciliegia frizzante, e la classica combinazione piccante di limone e pesca.<\/div>\n<h2 class=\"heading-2 ace-line old-record-id-AP96fcg0Bdy7P3cOlMTcPXQQnwc\">Caratteristiche Chiave &amp; Innovazioni<\/h2>\n<div class=\"ace-line ace-line old-record-id-RXeTfBinCdFy2oc8edqcCYbbnzb\">Oltre alla sua impressionante gamma di sapori, il vape UZY 6 IN 1 150000 Puff \u00e8 dotato di funzionalit\u00e0 pratiche che migliorano l'esperienza complessiva dell'utente. Di seguito \u00e8 riportata una panoramica dettagliata delle sue specifiche principali e tecnologie innovative:<\/div>\n<div>\n<table class=\"ace-table\" data-ace-table-col-widths=\"200;200\">\n<colgroup>\n<col width=\"200\" \/>\n<col width=\"200\" \/><\/colgroup>\n<thead>\n<tr>\n<th colspan=\"1\" rowspan=\"1\">\n<div class=\"ace-line ace-line old-record-id-LeQ6fpwj9dpAh9cKFCCcyqb8nlb\">Specifiche<\/div>\n<\/th>\n<th colspan=\"1\" rowspan=\"1\">\n<div class=\"ace-line ace-line old-record-id-JakDfakNxd8ec4cTdrUcneCqnzc\">Dettagli<\/div>\n<\/th>\n<\/tr>\n<\/thead>\n<tbody>\n<tr>\n<td colspan=\"1\" rowspan=\"1\">\n<div class=\"ace-line ace-line old-record-id-RQ0rfCZZEdWy1icTvlZczIkPnfd\">Puff<\/div>\n<\/td>\n<td colspan=\"1\" rowspan=\"1\">\n<div class=\"ace-line ace-line old-record-id-OPNHf8neod3VwYcuDblcrNTnn5c\">150000 Puff<\/div>\n<\/td>\n<\/tr>\n<tr>\n<td colspan=\"1\" rowspan=\"1\">\n<div class=\"ace-line ace-line old-record-id-F01af967ydCmGxc7ADrccFRTnec\">Capacit\u00e0 di Sapore<\/div>\n<\/td>\n<td colspan=\"1\" rowspan=\"1\">\n<div class=\"ace-line ace-line old-record-id-RbKLfq036dzWcocJmzccbLHynzh\">6 Sapori in 1 Dispositivo<\/div>\n<\/td>\n<\/tr>\n<tr>\n<td colspan=\"1\" rowspan=\"1\">\n<div class=\"ace-line ace-line old-record-id-NMBtfX5fXdIFe1c9EtgcIUNenQc\">Coil a Maglia<\/div>\n<\/td>\n<td colspan=\"1\" rowspan=\"1\">\n<div class=\"ace-line ace-line old-record-id-M3TVf0JY7dWjFncq9Z4cCZCFnug\">1.0 Ohm<\/div>\n<\/td>\n<\/tr>\n<tr>\n<td colspan=\"1\" rowspan=\"1\">\n<div class=\"ace-line ace-line old-record-id-TsFift4Rqd35cscgjRNczF8Fn2c\">Capacit\u00e0 della batteria<\/div>\n<\/td>\n<td colspan=\"1\" rowspan=\"1\">\n<div class=\"ace-line ace-line old-record-id-VXYwfcZ0KdWivQcXd99cOPj2nMb\">64ml<\/div>\n<\/td>\n<\/tr>\n<tr>\n<td colspan=\"1\" rowspan=\"1\">\n<div class=\"ace-line ace-line old-record-id-Ty3ufMLgZdzpejcYyYfc6J7Ln9f\">Forza della Nicotina<\/div>\n<\/td>\n<td colspan=\"1\" rowspan=\"1\">\n<div class=\"ace-line ace-line old-record-id-CuQJfROWOdoRLlcu7iDcc4Dunkd\">0% \/ 2% \/ 3% \/ 5% (Inclusa Opzione Senza Nicotina)<\/div>\n<\/td>\n<\/tr>\n<tr>\n<td colspan=\"1\" rowspan=\"1\">\n<div class=\"ace-line ace-line old-record-id-HtBzf37NAdIh9CcOg3NcdCsHnac\">Batteria<\/div>\n<\/td>\n<td colspan=\"1\" rowspan=\"1\">\n<div class=\"ace-line ace-line old-record-id-Du7ofrOnzdOKB3c26xRcCmr8ndb\">Coil a rete da 1.2\u03a9, ricarica Type-C<\/div>\n<\/td>\n<\/tr>\n<tr>\n<td colspan=\"1\" rowspan=\"1\">\n<div class=\"ace-line ace-line old-record-id-O30VfJqTNd89FNcSozyclZqTnrg\">Tipo di Ricarica<\/div>\n<\/td>\n<td colspan=\"1\" rowspan=\"1\">\n<div class=\"ace-line ace-line old-record-id-LcOGfGhPeddoAKcTE2LcfYzMnjb\">Ricaricabile tramite Type-C<\/div>\n<\/td>\n<\/tr>\n<tr>\n<td colspan=\"1\" rowspan=\"1\">\n<div class=\"ace-line ace-line old-record-id-W3S6f391xdCCaUcbmPZck8ORnrb\">Display<\/div>\n<\/td>\n<td colspan=\"1\" rowspan=\"1\">\n<div class=\"ace-line ace-line old-record-id-TtGtfnvGtdT9GHczDDGcbYWDnEI\">Schermo Smart LED (Monitoraggio della Batteria in Tempo Reale)<\/div>\n<\/td>\n<\/tr>\n<\/tbody>\n<\/table>\n<\/div>\n<h3 class=\"heading-3 ace-line old-record-id-VNX3fKuKMdMUo0codvIcWHYoncg\">Tecnologie Innovative Principali<\/h3>\n<h4 class=\"heading-4 ace-line old-record-id-AQoOfAxBiddA9AczS9bcBPl6nBd\">Tecnologia Quad-Sapore<\/h4>\n<div class=\"ace-line ace-line old-record-id-EL3jfgdt9d1gOocJaXzcaKUZn2g\">Questa tecnologia consente al dispositivo di integrare 6 sapori distinti in uno, garantendo che ogni gusto mantenga la sua purezza mentre consente un passaggio senza soluzione di continuit\u00e0. Elimina la necessit\u00e0 di portare pi\u00f9 dispositivi, rendendolo conveniente per l'uso in movimento.<\/div>\n<h4 class=\"heading-4 ace-line old-record-id-NBEJfqaiydCdH7cAt5KcpfpqnMe\">Coil Quad Mesh<\/h4>\n<div class=\"ace-line ace-line old-record-id-DSOHfdNZ6dPw8ecDfj6contbnZf\">Dotato di quattro coil a maglia da 1.0\u03a9, il vape offre la massima produzione di vapore e un'uscita di sapore costante. Il design della coil a maglia garantisce un riscaldamento uniforme, migliorando la morbidezza di ogni tiro e prolungando la vita del dispositivo.<\/div>\n<h4 class=\"heading-4 ace-line old-record-id-CNUGfqS9QdMnXBcFSTvcgBL1nIg\">Display di Potenza LED &amp; Ricarica Veloce Type-C<\/h4>\n<div class=\"ace-line ace-line old-record-id-WccYflhk3dNeq4cVS32clQKFnn9\">Lo schermo smart LED fornisce lo stato della batteria in tempo reale, consentendo agli utenti di controllare i livelli di potenza a colpo d'occhio ed evitare spegnimenti imprevisti. Il supporto per la ricarica rapida Type-C garantisce una ricarica veloce, abbinandosi alla capacit\u00e0 di 64ml di e-liquid per un uso duraturo.<\/div>\n<h4 class=\"heading-4 ace-line old-record-id-BGoxfNB9UdaUoMcicRYcQlt6nbc\">Opzioni Multiple di Nicotina<\/h4>\n<div class=\"ace-line ace-line old-record-id-Ybckf5POOdmfQGcSXKGcxnc4nic\">Con quattro livelli di nicotina (inclusa un'opzione senza nicotina), il vape soddisfa le diverse esigenze degli utenti, dai principianti che preferiscono gusti pi\u00f9 leggeri ai vaper esperti in cerca di un colpo pi\u00f9 forte.<\/div>\n<div class=\"ace-line ace-line old-record-id-PQiKfLtXydIfWzcBiMxc0b0OnZb\">In sintesi, il vape UZY 6 IN 1 150000 Puff si distingue per la sua selezione di sapori diversificata, funzionalit\u00e0 innovative pratiche e design user-friendly. Bilancia variet\u00e0 di gusto, prestazioni e convenienza, rendendolo una scelta ideale per i vaper in cerca di un dispositivo versatile e duraturo.<\/div>\n<\/div>\n<div data-page-id=\"ZVeMfq8uxd7y1ycuKm5cym4LnYd\" data-lark-html-role=\"root\" data-docx-has-block-data=\"false\"><img decoding=\"async\" class=\"wp-image-2630 size-full\" title=\"UZY 150K VAPE 0Y7A9105\" src=\"https:\/\/oiovape.com\/wp-content\/uploads\/2025\/12\/UZY-150K-VAPE-0Y7A9105-scaled.jpg\" alt=\"UZY 150K VAPE 0Y7A9105\" width=\"2560\" height=\"1240\" srcset=\"https:\/\/oiovape.com\/wp-content\/uploads\/2025\/12\/UZY-150K-VAPE-0Y7A9105-scaled.jpg 2560w, https:\/\/oiovape.com\/wp-content\/uploads\/2025\/12\/UZY-150K-VAPE-0Y7A9105-300x145.jpg 300w, https:\/\/oiovape.com\/wp-content\/uploads\/2025\/12\/UZY-150K-VAPE-0Y7A9105-1024x496.jpg 1024w, https:\/\/oiovape.com\/wp-content\/uploads\/2025\/12\/UZY-150K-VAPE-0Y7A9105-768x372.jpg 768w, https:\/\/oiovape.com\/wp-content\/uploads\/2025\/12\/UZY-150K-VAPE-0Y7A9105-1536x744.jpg 1536w, https:\/\/oiovape.com\/wp-content\/uploads\/2025\/12\/UZY-150K-VAPE-0Y7A9105-2048x992.jpg 2048w, https:\/\/oiovape.com\/wp-content\/uploads\/2025\/12\/UZY-150K-VAPE-0Y7A9105-1200x581.jpg 1200w, https:\/\/oiovape.com\/wp-content\/uploads\/2025\/12\/UZY-150K-VAPE-0Y7A9105-150x73.jpg 150w\" sizes=\"(max-width: 2560px) 100vw, 2560px\" \/><\/div>\n<\/div>","protected":false},"excerpt":{"rendered":"<p>Il vape UZY 6 IN 1 150000 Puffs offre 6 sapori in uno, proponendo 30 opzioni gustose che vanno dal fruttato al ghiacciato. Con resistenze mesh da 1.0\u03a9, 64ml di e-liquid e una batteria ricaricabile da 650mAh tramite Type-C, garantisce un vapore morbido. Il display LED tiene traccia della potenza, mentre le scelte di nicotina 0%-5% si adattano a tutti i vaper\u2014pratico, durevole e perfetto per l'uso in movimento.<\/p>","protected":false},"featured_media":2635,"comment_status":"open","ping_status":"closed","template":"","meta":{"_acf_changed":false,"inline_featured_image":false,"_sitemap_exclude":false,"_sitemap_priority":"","_sitemap_frequency":""},"product_brand":[89],"product_cat":[78,229],"product_tag":[],"class_list":{"0":"post-2617","1":"product","2":"type-product","3":"status-publish","4":"has-post-thumbnail","6":"product_brand-uzy","7":"product_cat-uzy-puff","8":"product_cat-ship-from-german","10":"first","11":"instock","12":"sale","13":"shipping-taxable","14":"purchasable","15":"product-type-variable","16":"has-default-attributes"},"acf":[],"tiered_pricing_type":"fixed","tiered_pricing_fixed_rules":{"30":9.45,"60":8.58,"100":7.98,"200":7.45},"tiered_pricing_product_settings":{"layout":"default","base_unit_name":{"singular":null,"plural":null},"default_variation":null},"tiered_pricing_minimum_quantity":10,"tiered_pricing_roles_data":[],"tiered_pricing_percentage_rules":[],"tiered_pricing_maximum_quantity":null,"tiered_pricing_quantity_step":"10","_links":{"self":[{"href":"https:\/\/oiovape.com\/it\/wp-json\/wp\/v2\/product\/2617","targetHints":{"allow":["GET"]}}],"collection":[{"href":"https:\/\/oiovape.com\/it\/wp-json\/wp\/v2\/product"}],"about":[{"href":"https:\/\/oiovape.com\/it\/wp-json\/wp\/v2\/types\/product"}],"replies":[{"embeddable":true,"href":"https:\/\/oiovape.com\/it\/wp-json\/wp\/v2\/comments?post=2617"}],"version-history":[{"count":0,"href":"https:\/\/oiovape.com\/it\/wp-json\/wp\/v2\/product\/2617\/revisions"}],"wp:featuredmedia":[{"embeddable":true,"href":"https:\/\/oiovape.com\/it\/wp-json\/wp\/v2\/media\/2635"}],"wp:attachment":[{"href":"https:\/\/oiovape.com\/it\/wp-json\/wp\/v2\/media?parent=2617"}],"wp:term":[{"taxonomy":"product_brand","embeddable":true,"href":"https:\/\/oiovape.com\/it\/wp-json\/wp\/v2\/product_brand?post=2617"},{"taxonomy":"product_cat","embeddable":true,"href":"https:\/\/oiovape.com\/it\/wp-json\/wp\/v2\/product_cat?post=2617"},{"taxonomy":"product_tag","embeddable":true,"href":"https:\/\/oiovape.com\/it\/wp-json\/wp\/v2\/product_tag?post=2617"}],"curies":[{"name":"wp","href":"https:\/\/api.w.org\/{rel}","templated":true}]}}