{"id":2633,"date":"2025-12-30T02:47:59","date_gmt":"2025-12-30T02:47:59","guid":{"rendered":"https:\/\/oiovape.com\/?post_type=product&#038;p=2633"},"modified":"2026-01-26T11:30:52","modified_gmt":"2026-01-26T03:30:52","slug":"waspe-double-flavor-40000-puffs","status":"publish","type":"product","link":"https:\/\/oiovape.com\/it\/product\/waspe-double-flavor-40000-puffs\/","title":{"rendered":"WASPE Double Flavor 40000 PUFFS Doppio Gusto Display LED Dual Coil a Rete Sigaretta Elettronica"},"content":{"rendered":"<div data-page-id=\"ZVeMfq8uxd7y1ycuKm5cym4LnYd\" data-lark-html-role=\"root\" data-docx-has-block-data=\"false\">\n<div data-page-id=\"Fd41fZ5N9dzRQtcRNoVc2FuDnCh\" data-lark-html-role=\"root\" data-docx-has-block-data=\"true\">\n<div data-page-id=\"BdIJfeeijdk1eucGpS8cDCBBn5c\" data-lark-html-role=\"root\" data-docx-has-block-data=\"false\">\n<h2 class=\"heading-2 ace-line old-record-id-QxH0fwvUNd4bV2cthRvcO4U6nFf\">Perch\u00e9 Scegliere WASPE Double Flavor 40000 Puff?<\/h2>\n<div class=\"ace-line ace-line old-record-id-RVKKf6FYodaaf8cFvm3cappUnXe\">In un mercato affollato di vape usa e getta, il dispositivo WASPE Double Flavor 40000 Puff si distingue per diversi motivi chiave, rendendolo una scelta di punta per i vapers in cerca di qualit\u00e0, variet\u00e0 e convenienza:<\/div>\n<h3 class=\"heading-3 ace-line old-record-id-CIkpfLsJldzj1cci9h3cTTfKn9f\">Variet\u00e0 di Sapori Incomparabile<\/h3>\n<div class=\"ace-line ace-line old-record-id-DlMQfZTdPdT9p6cnMqjctTifncd\">Con 16 combinazioni uniche di doppio sapore, questo dispositivo offre pi\u00f9 variet\u00e0 rispetto alla maggior parte delle vape usa e getta sul mercato. Non ti annoierai mai con lo stesso gusto: passa tra profili fruttati, ghiacciati, dolci e aspri per adattarti al tuo umore durante il giorno.<\/div>\n<h3 class=\"heading-3 ace-line old-record-id-JM3vfNqftdfyu7cdg1mcXB0pntl\">Prestazioni Durature<\/h3>\n<div class=\"ace-line ace-line old-record-id-TRFmfdabwd8JMecMh9Rc8G23nqe\">Con 40000 puff e una capacit\u00e0 di e-liquid di 36ml, questo dispositivo \u00e8 progettato per durare. Che tu sia un vaper occasionale o qualcuno che ama sessioni frequenti, non dovrai preoccuparti di sostituire il tuo dispositivo a breve. La batteria ricaricabile da 850mAh assicura che tu possa utilizzare ogni ultima goccia di e-liquid, con ricarica Type-C per rapidi e comodi rifornimenti di energia.<\/div>\n<h3 class=\"heading-3 ace-line old-record-id-W4JLfJhFYdMrUtciwd4cWsiqnWh\">Vapore Consistente e Morbido<\/h3>\n<div class=\"ace-line ace-line old-record-id-CyoefD16ydNpspc6sVvcH0FDnxc\">Le doppie coil in mesh da 0.9ohm sono progettate per riscaldare l'e-liquid in modo uniforme, offrendo un sapore costante e un vapore morbido ad ogni tiro. La tecnologia delle coil in mesh riduce anche il rischio di colpi secchi, garantendo un'esperienza di svapo confortevole dall'inizio alla fine.<\/div>\n<h3 class=\"heading-3 ace-line old-record-id-I9KOfxe67d9dOZc3G5gcgpPunOb\">Opzioni di Nicotina Personalizzabili<\/h3>\n<div class=\"ace-line ace-line old-record-id-WA08fFh2zdnw4lcqLq7cHMx4n6b\">Che tu preferisca svapare senza nicotina, una leggera forza di 2%, o un colpo pi\u00f9 forte di 5%, il dispositivo WASPE Double Flavor ha ci\u00f2 di cui hai bisogno. Questa flessibilit\u00e0 lo rende adatto per nuovi vapers, utenti esperti e tutti quelli che si trovano nel mezzo.<\/div>\n<h3 class=\"heading-3 ace-line old-record-id-N1Hwf3AaTdDr4scPS1ycb9ssnmh\">Design Facile da Usare<\/h3>\n<div class=\"ace-line ace-line old-record-id-PyNIfNUSGdV9W0cpMHVcsZu6n0c\">\n<p>Il display LED fornisce una chiara visibilit\u00e0 della durata della batteria e del livello di e-liquid rimanente, cos\u00ec non sarai mai colto di sorpresa. Il dispositivo \u00e8 compatto e portatile, adattandosi facilmente nella tua tasca o borsa per lo svapo in movimento. Inoltre, \u00e8 pronto all'uso direttamente dalla scatola: nessuna configurazione o manutenzione richiesta.<\/p>\n<div data-page-id=\"BdIJfeeijdk1eucGpS8cDCBBn5c\" data-lark-html-role=\"root\" data-docx-has-block-data=\"true\">\n<h2 class=\"heading-2 ace-line old-record-id-U0AMfRijgd3XaicfOescrhgknVn\">Scopri la Diversit\u00e0 dei Doppio Sapore<\/h2>\n<div class=\"ace-line ace-line old-record-id-AJ9tf4cbRdXxOYc2WAIcyq0ince\">La caratteristica distintiva del dispositivo WASPE 40000 Puff \u00e8 il suo design a doppio sapore, che ti consente di passare tra due gusti distinti o assaporare la sottile miscela di entrambi in ogni inalazione. Con 16 combinazioni di sapori accuratamente create, questa serie copre un ampio spettro di profili di sapore: dalle classiche combinazioni di frutta a fusioni innovative che aggiungono eccitazione alla tua routine di svapo. Ogni sapore \u00e8 formulato per offrire un gusto costante dal primo tiro all'ultimo, grazie alla tecnologia avanzata delle coil.<\/div>\n<h3 class=\"heading-3 ace-line old-record-id-Ux5AfWDPrd5t9Icz1JAcS1aCnOg\">Uno Sguardo Pi\u00f9 Da Vicino alle 16 Combinazioni di Sapore<\/h3>\n<div class=\"ace-line ace-line old-record-id-Svycfh1hxdpYkpcvh3BcQWmOnxd\">Ogni abbinamento di sapori \u00e8 progettato per bilanciare ricchezza e freschezza, soddisfacendo diverse preferenze di gusto. Che tu preferisca la freschezza dei frutti ghiacciati, la dolcezza delle note ispirate ai dolci, o l'asprezza delle miscele tropicali, queste combinazioni offrono qualcosa per tutti:<\/div>\n<ol class=\"list-number1\" start=\"1\">\n<li class=\"ace-line ace-line old-record-id-XC6NfSwMqd5Wh4cm038c3iyInJb\" data-list=\"number\">\n<div>Ghiaccio all'Anguria &amp; Limone Lime \u2013 Un duo rinfrescante di succosa anguria con una fresca finitura di mentolo e luminosit\u00e0 di limone-lime<\/div>\n<\/li>\n<li class=\"ace-line ace-line old-record-id-JjJFfMzeKdAcL8cykbCc6AI3nNb\" data-list=\"number\">\n<div>Ciliegia Frizzante Ghiacciata &amp; Zucchero Filato di Mirtillo \u2013 Ciliegia frizzante con freschezza ghiacciata abbinata a dolce e soffice zucchero filato di mirtillo<\/div>\n<\/li>\n<li class=\"ace-line ace-line old-record-id-SKXofzcFCdcfJRcJ7Z5cmZDxnrh\" data-list=\"number\">\n<div>Fragola Anguria &amp; Lampone di Mirtillo \u2013 Fragola matura e dolce anguria si fondono perfettamente con il lampone e il mirtillo aspro<\/div>\n<\/li>\n<li class=\"ace-line ace-line old-record-id-CvDPfKDWBdX1I2cCwDdcWTgZnFh\" data-list=\"number\">\n<div>Red Bull Ghiacciato &amp; Fragola Mango \u2013 Note energizzanti di Red Bull con un tocco fresco accanto a dolce fragola e mango tropicale<\/div>\n<\/li>\n<li class=\"ace-line ace-line old-record-id-SvDSfk9SLd3SzrcjwpZcjgGgnZz\" data-list=\"number\">\n<div>Pesca Ghiacciata &amp; Ananas Mango Pesca \u2013 Pesca profumata con rinfrescante ghiacciato abbinata a una miscela tropicale di ananas, mango e pesca<\/div>\n<\/li>\n<li class=\"ace-line ace-line old-record-id-ZTDUfsgvydZKhqca0vlcsJojn2f\" data-list=\"number\">\n<div>Uva Ghiacciata &amp; Fragola Kiwi \u2013 Uva ricca con mentolo fresco accanto a dolce fragola e kiwi aspro<\/div>\n<\/li>\n<li class=\"ace-line ace-line old-record-id-MvLjf08jLdaOGHczH2ycxADOnkg\" data-list=\"number\">\n<div>Frutti di Bosco Misti &amp; Ghiaccio di Mela Doppia \u2013 Un medley di frutti di bosco maturi abbinato al doppio sapore di mela e una finitura ghiacciata e croccante<\/div>\n<\/li>\n<li class=\"ace-line ace-line old-record-id-Dj3tfwRkVdjrSScwEHCcGYYXnUc\" data-list=\"number\">\n<div>Limonata Blu Razz &amp; Gomma da Masticare all'Anguria \u2013 Limonata di lampone blu asprigna accanto a dolce nostalgia di gomma da masticare all'anguria<\/div>\n<\/li>\n<li class=\"ace-line ace-line old-record-id-F2TefR1xddhE8QcJcFHcOLS2nke\" data-list=\"number\">\n<div>Fragola Lampone Ciliegia &amp; Love666 \u2013 Un trio di bacche dolci-aspre abbinato al sapore unico e misterioso di Love666<\/div>\n<\/li>\n<li class=\"ace-line ace-line old-record-id-StrDf78O0dOYorcMZYac72GMnrg\" data-list=\"number\">\n<div>Fragola Banana &amp; Ghiaccio di Ananas e Cocco \u2013 Dolcezza classica di fragola e banana abbinata a tropicale ananas-cocco e freschezza ghiacciata<\/div>\n<\/li>\n<li class=\"ace-line ace-line old-record-id-EelHfJ213dBe8yczCKhc4vIZntb\" data-list=\"number\">\n<div>Fragola Anguria Gomma da Masticare &amp; Frutta Mista \u2013 Note dolci di gomma da masticare di fragola e anguria accanto a un vivace medley di frutta mista<\/div>\n<\/li>\n<li class=\"ace-line ace-line old-record-id-TtvZfGvgVd6gjScIdWxc6X0lnid\" data-list=\"number\">\n<div>Ciliegia Cola Ghiacciata &amp; Caramella di Fragola e Lampone \u2013 Ciliegia cola frizzante con freschezza ghiacciata abbinata a dolce caramella di fragola e lampone<\/div>\n<\/li>\n<li class=\"ace-line ace-line old-record-id-R134fZqpXdZVvocrQBLcKHNqnCg\" data-list=\"number\">\n<div>Mela Acida Lampone &amp; Fragola Big Bang \u2013 Mela acida asprigna e lampone accanto a un audace e esplosivo sapore di fragola<\/div>\n<\/li>\n<li class=\"ace-line ace-line old-record-id-RtULfmXOWdA9KOc6xg7cOnyRn2g\" data-list=\"number\">\n<div>Pesca Berry &amp; Mango Anguria Pesca \u2013 Pesca succosa e miscela di bacche abbinata a una miscela tropicale di anguria, mango e pesca<\/div>\n<\/li>\n<li class=\"ace-line ace-line old-record-id-McJwfqZILdYcDXcTHTWcSFZfngg\" data-list=\"number\">\n<div>Mirtillo Ghiacciato &amp; Ghiaccio Drago Nero \u2013 Mirtillo succoso con freschezza ghiacciata accanto al distintivo e morbido sapore di Drago Nero<\/div>\n<\/li>\n<li class=\"ace-line ace-line old-record-id-ZVIafza5OdSLdPcRYgiczRwCnhd\" data-list=\"number\">\n<div>Fragola Ciliegia &amp; Kiwi Frutto della Passione \u2013 Dolce fragola e ciliegia abbinata a kiwi aspro e frutto della passione esotico<\/div>\n<\/li>\n<\/ol>\n<p><img decoding=\"async\" class=\"wp-image-2646 size-full\" title=\"WASPE Double Flavor 40k Flavor\" src=\"https:\/\/oiovape.com\/wp-content\/uploads\/2025\/12\/WASPE-Double-Flavor-40k-Flavor-scaled.jpg\" alt=\"WASPE Double Flavor 40k Flavor\" width=\"1102\" height=\"2560\" srcset=\"https:\/\/oiovape.com\/wp-content\/uploads\/2025\/12\/WASPE-Double-Flavor-40k-Flavor-scaled.jpg 1102w, https:\/\/oiovape.com\/wp-content\/uploads\/2025\/12\/WASPE-Double-Flavor-40k-Flavor-129x300.jpg 129w, https:\/\/oiovape.com\/wp-content\/uploads\/2025\/12\/WASPE-Double-Flavor-40k-Flavor-441x1024.jpg 441w, https:\/\/oiovape.com\/wp-content\/uploads\/2025\/12\/WASPE-Double-Flavor-40k-Flavor-768x1784.jpg 768w, https:\/\/oiovape.com\/wp-content\/uploads\/2025\/12\/WASPE-Double-Flavor-40k-Flavor-661x1536.jpg 661w, https:\/\/oiovape.com\/wp-content\/uploads\/2025\/12\/WASPE-Double-Flavor-40k-Flavor-882x2048.jpg 882w, https:\/\/oiovape.com\/wp-content\/uploads\/2025\/12\/WASPE-Double-Flavor-40k-Flavor-1200x2788.jpg 1200w, https:\/\/oiovape.com\/wp-content\/uploads\/2025\/12\/WASPE-Double-Flavor-40k-Flavor-150x348.jpg 150w\" sizes=\"(max-width: 1102px) 100vw, 1102px\" \/><\/p>\n<h2 class=\"heading-2 ace-line old-record-id-SuaTfQILRdqlrScJrWCcl6yZngb\">Specifiche Principali a Colpo d'Occhio<\/h2>\n<div class=\"ace-line ace-line old-record-id-NF2IfmVPtdIyn9cCGKwcmnN5nPb\">Oltre alla sua impressionante gamma di sapori, il dispositivo WASPE Double Flavor 40000 Puff \u00e8 progettato per prestazioni e convenienza. Ogni componente \u00e8 progettato per migliorare la tua esperienza di svapo, dalla lunga durata della batteria alla chiara visibilit\u00e0 della potenza e dell'e-liquid rimanenti.<\/div>\n<div>\n<table class=\"ace-table\" data-ace-table-col-widths=\"200;200\">\n<colgroup>\n<col width=\"200\" \/>\n<col width=\"200\" \/><\/colgroup>\n<thead>\n<tr>\n<th colspan=\"1\" rowspan=\"1\">\n<div class=\"ace-line ace-line old-record-id-MS52fuv31dDj0McAXYwcStCmn4l\">Caratteristica<\/div>\n<\/th>\n<th colspan=\"1\" rowspan=\"1\">\n<div class=\"ace-line ace-line old-record-id-GhsIf5Qondsz6EcHA0bcCIZAnYf\">Specifiche<\/div>\n<\/th>\n<\/tr>\n<\/thead>\n<tbody>\n<tr>\n<td colspan=\"1\" rowspan=\"1\">\n<div class=\"ace-line ace-line old-record-id-WrIyfFsWAdK37bc2CtQc3ZKtnzh\">Conteggio di Tiri<\/div>\n<\/td>\n<td colspan=\"1\" rowspan=\"1\">\n<div class=\"ace-line ace-line old-record-id-I7AKfWXrTdSlkOcW3GbcYer1n7b\">40000 Tiri<\/div>\n<\/td>\n<\/tr>\n<tr>\n<td colspan=\"1\" rowspan=\"1\">\n<div class=\"ace-line ace-line old-record-id-U3MTf1029d30ANc3lhvcMUNGnfX\">Tipo di Gusto<\/div>\n<\/td>\n<td colspan=\"1\" rowspan=\"1\">\n<div class=\"ace-line ace-line old-record-id-JeKkfVB9tdTuGEcCLcecBYCWnBf\">Doppio Sapore<\/div>\n<\/td>\n<\/tr>\n<tr>\n<td colspan=\"1\" rowspan=\"1\">\n<div class=\"ace-line ace-line old-record-id-Aua0fckVIdfQ22cvPmsclUm0nWc\">Resistenza<\/div>\n<\/td>\n<td colspan=\"1\" rowspan=\"1\">\n<div class=\"ace-line ace-line old-record-id-Q4TbfVe7bdDPogcLKNPcYby7ngg\">Coil in Mesh (0.9ohm + 0.9ohm)<\/div>\n<\/td>\n<\/tr>\n<tr>\n<td colspan=\"1\" rowspan=\"1\">\n<div class=\"ace-line ace-line old-record-id-RrelfY0wJdi5E8cT174cXylrnMg\">Capacit\u00e0 della batteria<\/div>\n<\/td>\n<td colspan=\"1\" rowspan=\"1\">\n<div class=\"ace-line ace-line old-record-id-PL8tfpokhdMNVvcKswjc5MEanfe\">36ml<\/div>\n<\/td>\n<\/tr>\n<tr>\n<td colspan=\"1\" rowspan=\"1\">\n<div class=\"ace-line ace-line old-record-id-W4UcfQGkkddX7xcepyRc86sPn5g\">Forza della Nicotina<\/div>\n<\/td>\n<td colspan=\"1\" rowspan=\"1\">\n<div class=\"ace-line ace-line old-record-id-CX73fztYZdc5Z8caZFOcz4z9nOe\">0% \/ 2% \/ 5% (Personalizzabile)<\/div>\n<\/td>\n<\/tr>\n<tr>\n<td colspan=\"1\" rowspan=\"1\">\n<div class=\"ace-line ace-line old-record-id-I5S6f9JQndx836c6Cw3ciFkunqf\">Batteria<\/div>\n<\/td>\n<td colspan=\"1\" rowspan=\"1\">\n<div class=\"ace-line ace-line old-record-id-DuNUfqYW4dXkwtcfNH3ch6D7nUe\">850mAh<\/div>\n<\/td>\n<\/tr>\n<tr>\n<td colspan=\"1\" rowspan=\"1\">\n<div class=\"ace-line ace-line old-record-id-LKnvflzvudn9oNcvvLycKo2Knlg\">Ricarica<\/div>\n<\/td>\n<td colspan=\"1\" rowspan=\"1\">\n<div class=\"ace-line ace-line old-record-id-AfCVfKsL6djKqKcENo3cMue3nRc\">Ricaricabile (Type-C)<\/div>\n<\/td>\n<\/tr>\n<tr>\n<td colspan=\"1\" rowspan=\"1\">\n<div class=\"ace-line ace-line old-record-id-Vn0BfKcKZdwOqicV2jucZlzGnoc\">Display<\/div>\n<\/td>\n<td colspan=\"1\" rowspan=\"1\">\n<div class=\"ace-line ace-line old-record-id-RZSDfJAdadfw1acbpBIcxMz5nNh\">Display LED (Mostra livello di batteria &amp; e-liquid)<\/div>\n<\/td>\n<\/tr>\n<\/tbody>\n<\/table>\n<div data-page-id=\"BdIJfeeijdk1eucGpS8cDCBBn5c\" data-lark-html-role=\"root\" data-docx-has-block-data=\"false\">\n<h2 class=\"heading-2 ace-line old-record-id-AasTfl26EdMHbccQ3CicAbvPnEc\">Domande Frequenti (Q&amp;A)<\/h2>\n<h3 class=\"heading-3 ace-line old-record-id-YBWkfSHjvdIcHLccYMTcY0Vfnid\">Q1: Come faccio a passare tra i due sapori?<\/h3>\n<div class=\"ace-line ace-line old-record-id-MqUlfB7HudTuSHcV18rcXpsTnMc\">A1: Il design a doppio sapore ti consente di sperimentare entrambi i sapori simultaneamente, creando una miscela unica. Non \u00e8 necessario passare manualmente: basta inalare per goderti la combinazione bilanciata dei due sapori preimpostati.<\/div>\n<h3 class=\"heading-3 ace-line old-record-id-Yn2Ffd85qdrxThcLI5LccrNMn5e\">Q2: Quanto dureranno i 40000 puff?<\/h3>\n<div class=\"ace-line ace-line old-record-id-WJNafuES1d6mixcDvNGcIPGAnda\">A2: La durata del dispositivo dipende dalla tua frequenza di svapo. Per i vapers leggeri, pu\u00f2 durare diverse settimane, mentre i vapers pesanti possono utilizzarlo per 1-2 settimane. Il display LED ti aiuta a tenere traccia dell'e-liquid e della batteria rimanenti, cos\u00ec saprai quando \u00e8 il momento di sostituire il dispositivo.<\/div>\n<h3 class=\"heading-3 ace-line old-record-id-LbSRfHoHGd2SugcZEHrc1MTanzg\">Q3: \u00c8 facile caricare il dispositivo?<\/h3>\n<div class=\"ace-line ace-line old-record-id-S8FifTlbNdLEv2cPfa8ckpdVnJh\">\n<p>A3: S\u00ec! Il dispositivo \u00e8 dotato di una porta di ricarica Type-C, che \u00e8 ampiamente compatibile con la maggior parte dei cavi di ricarica moderni. Basta collegare il cavo al dispositivo e a una fonte di alimentazione: la ricarica \u00e8 veloce e conveniente.<\/p>\n<p><img decoding=\"async\" class=\"wp-image-2647 size-full\" title=\"WASPE 40000 Puff\" src=\"https:\/\/oiovape.com\/wp-content\/uploads\/2025\/12\/WASPE-40000-Puffs.jpg\" alt=\"WASPE 40000 Puff\" width=\"2000\" height=\"1125\" srcset=\"https:\/\/oiovape.com\/wp-content\/uploads\/2025\/12\/WASPE-40000-Puffs.jpg 2000w, https:\/\/oiovape.com\/wp-content\/uploads\/2025\/12\/WASPE-40000-Puffs-300x169.jpg 300w, https:\/\/oiovape.com\/wp-content\/uploads\/2025\/12\/WASPE-40000-Puffs-1024x576.jpg 1024w, https:\/\/oiovape.com\/wp-content\/uploads\/2025\/12\/WASPE-40000-Puffs-768x432.jpg 768w, https:\/\/oiovape.com\/wp-content\/uploads\/2025\/12\/WASPE-40000-Puffs-1536x864.jpg 1536w, https:\/\/oiovape.com\/wp-content\/uploads\/2025\/12\/WASPE-40000-Puffs-1200x675.jpg 1200w, https:\/\/oiovape.com\/wp-content\/uploads\/2025\/12\/WASPE-40000-Puffs-150x84.jpg 150w\" sizes=\"(max-width: 2000px) 100vw, 2000px\" \/><\/p>\n<\/div>\n<\/div>\n<\/div>\n<\/div>\n<\/div>\n<\/div>\n<\/div>\n<\/div>","protected":false},"excerpt":{"rendered":"<p>WASPE Double Flavor 40000 Puffs offre 16 vivaci combinazioni di sapori doppi, 36ml di e-liquid e doppie coil mesh da 0.9ohm. Con opzioni di nicotina 0%\/2%\/5%, batteria ricaricabile Type-C da 850mAh e display LED, \u00e8 la tua scelta per un divertimento di svapo duraturo e personalizzabile.<\/p>","protected":false},"featured_media":2636,"comment_status":"open","ping_status":"closed","template":"","meta":{"_acf_changed":false,"inline_featured_image":false,"_sitemap_exclude":false,"_sitemap_priority":"","_sitemap_frequency":""},"product_brand":[98],"product_cat":[82,239,244],"product_tag":[],"class_list":{"0":"post-2633","1":"product","2":"type-product","3":"status-publish","4":"has-post-thumbnail","6":"product_brand-waspe","7":"product_cat-waspe-puff","8":"product_cat-disposable-vape-collection","9":"product_cat-40k-puff","11":"first","12":"instock","13":"sale","14":"shipping-taxable","15":"purchasable","16":"product-type-variable","17":"has-default-attributes"},"acf":[],"tiered_pricing_type":"fixed","tiered_pricing_fixed_rules":{"30":9.47,"60":8.49,"100":7.78,"200":7.02},"tiered_pricing_product_settings":{"layout":"default","base_unit_name":{"singular":null,"plural":null},"default_variation":null},"tiered_pricing_minimum_quantity":10,"tiered_pricing_roles_data":[],"tiered_pricing_percentage_rules":[],"tiered_pricing_maximum_quantity":null,"tiered_pricing_quantity_step":"10","_links":{"self":[{"href":"https:\/\/oiovape.com\/it\/wp-json\/wp\/v2\/product\/2633","targetHints":{"allow":["GET"]}}],"collection":[{"href":"https:\/\/oiovape.com\/it\/wp-json\/wp\/v2\/product"}],"about":[{"href":"https:\/\/oiovape.com\/it\/wp-json\/wp\/v2\/types\/product"}],"replies":[{"embeddable":true,"href":"https:\/\/oiovape.com\/it\/wp-json\/wp\/v2\/comments?post=2633"}],"version-history":[{"count":1,"href":"https:\/\/oiovape.com\/it\/wp-json\/wp\/v2\/product\/2633\/revisions"}],"predecessor-version":[{"id":3640,"href":"https:\/\/oiovape.com\/it\/wp-json\/wp\/v2\/product\/2633\/revisions\/3640"}],"wp:featuredmedia":[{"embeddable":true,"href":"https:\/\/oiovape.com\/it\/wp-json\/wp\/v2\/media\/2636"}],"wp:attachment":[{"href":"https:\/\/oiovape.com\/it\/wp-json\/wp\/v2\/media?parent=2633"}],"wp:term":[{"taxonomy":"product_brand","embeddable":true,"href":"https:\/\/oiovape.com\/it\/wp-json\/wp\/v2\/product_brand?post=2633"},{"taxonomy":"product_cat","embeddable":true,"href":"https:\/\/oiovape.com\/it\/wp-json\/wp\/v2\/product_cat?post=2633"},{"taxonomy":"product_tag","embeddable":true,"href":"https:\/\/oiovape.com\/it\/wp-json\/wp\/v2\/product_tag?post=2633"}],"curies":[{"name":"wp","href":"https:\/\/api.w.org\/{rel}","templated":true}]}}