{"id":2740,"date":"2026-01-02T02:19:34","date_gmt":"2026-01-02T02:19:34","guid":{"rendered":"https:\/\/oiovape.com\/?post_type=product&#038;p=2740"},"modified":"2026-02-10T11:14:39","modified_gmt":"2026-02-10T03:14:39","slug":"randm-fumot-digital-box-12000-puffs","status":"publish","type":"product","link":"https:\/\/oiovape.com\/it\/product\/randm-fumot-digital-box-12000-puffs\/","title":{"rendered":"RandM Fumot Digital Box 12000 PUFFS Display Batteria e Ejuice Vape Pen Ricaricabile Veloce"},"content":{"rendered":"<div data-page-id=\"ZVeMfq8uxd7y1ycuKm5cym4LnYd\" data-lark-html-role=\"root\" data-docx-has-block-data=\"false\">\n<div data-page-id=\"Fd41fZ5N9dzRQtcRNoVc2FuDnCh\" data-lark-html-role=\"root\" data-docx-has-block-data=\"true\">\n<div data-page-id=\"BdIJfeeijdk1eucGpS8cDCBBn5c\" data-lark-html-role=\"root\" data-docx-has-block-data=\"false\">\n<div data-page-id=\"Zbg9fWx77dUuh2cIYpic25c8nyd\" data-lark-html-role=\"root\" data-docx-has-block-data=\"false\">\n<div data-page-id=\"KaIvfiurhdlCKdc0kyxcX64cnE6\" data-lark-html-role=\"root\" data-docx-has-block-data=\"true\">\n<div data-page-id=\"PbvFfqxqlddUTScRpEYcY5MHnpf\" data-lark-html-role=\"root\" data-docx-has-block-data=\"true\">\n<div data-page-id=\"GZO2f5JeudwY4jc9iJtcdk9Hnxh\" data-lark-html-role=\"root\" data-docx-has-block-data=\"false\">\n<div data-page-id=\"EZVRf2acFduXLGcseZFc4qH2n6e\" data-lark-html-role=\"root\" data-docx-has-block-data=\"false\">\n<h2 class=\"heading-2 ace-line old-record-id-SFeOf0ykHd3XUocIn0dcCzVrnLc\">Perch\u00e9 scegliere il RandM Fumot Digital Box 12000 puff?<\/h2>\n<div class=\"ace-line ace-line old-record-id-GCELfR0f9dhi8ZcoEGYcgDELnVd\">In un mercato affollato di vape usa e getta, il RandM Fumot Digital Box si distingue per diversi motivi convincenti:<\/div>\n<ol class=\"list-number1\" start=\"1\">\n<li class=\"ace-line ace-line old-record-id-KHZqf4fDYdij5HctjmkcNizgnJh\" data-list=\"number\">\n<div>Variet\u00e0 di sapori senza pari: Con 40 sapori distinti, offre pi\u00f9 opzioni rispetto a molti concorrenti, garantendo che ci sia un gusto per ogni preferenza.<\/div>\n<\/li>\n<li class=\"ace-line ace-line old-record-id-OUnnfYyPYdbX6mc9gM9cdyEDnPa\" data-list=\"number\">\n<div>Prestazioni durature: 12000 puff e una capacit\u00e0 di e-liquid di 20ml significano meno sostituzioni del dispositivo, risparmiando tempo e denaro a lungo termine.<\/div>\n<\/li>\n<li class=\"ace-line ace-line old-record-id-BKeHfS4SQdzHg0cBr0ecB1vMnEc\" data-list=\"number\">\n<div>Design user-friendly: Il display della batteria e dell'e-juice semplifica l'uso, mentre la batteria ricaricabile aggiunge comodit\u00e0 e riduce i rifiuti.<\/div>\n<\/li>\n<li class=\"ace-line ace-line old-record-id-KWNAfHJagdWOBUc8ajRcpqb7nQe\" data-list=\"number\">\n<div>Opzioni di nicotina flessibili: Rivolgendosi sia agli utenti di nicotina che ai non utenti, \u00e8 una scelta versatile per gruppi o individui con preferenze in evoluzione.<\/div>\n<\/li>\n<li class=\"ace-line ace-line old-record-id-BJtBfOXtWdHNA3cFmctcuboQnic\" data-list=\"number\">\n<div>Esperienza costante: Progettato per prestazioni affidabili, ogni puff offre un sapore e una produzione di vapore costanti, evitando i colpi incoerenti comuni nei dispositivi usa e getta di bassa qualit\u00e0.<\/div>\n<\/li>\n<\/ol>\n<div data-page-id=\"EZVRf2acFduXLGcseZFc4qH2n6e\" data-lark-html-role=\"root\" data-docx-has-block-data=\"true\">\n<h3 class=\"heading-2 ace-line old-record-id-QgGYfmrCWdFnWtcyrWzclm2hnrb\">Panoramica del prodotto<\/h3>\n<div class=\"ace-line ace-line old-record-id-LB2ofqaJJd168McNbsUcBLw3nkc\">Il RandM Fumot Digital Box 12000 Puffs \u00e8 progettato per soddisfare le esigenze dei vapers moderni che apprezzano la comodit\u00e0 e la longevit\u00e0. Con un serbatoio di e-liquid pre-riempito da 20 ml e una batteria ricaricabile integrata da 850 mAh, offre fino a 12000 puff per dispositivo, eliminando la necessit\u00e0 di sostituzioni frequenti. Un punto saliente \u00e8 il suo display intuitivo per la batteria e il liquido, che tiene gli utenti informati sui livelli di carica e sul liquido rimanente a colpo d'occhio, prevenendo interruzioni inaspettate durante l'uso. Inoltre, il dispositivo offre opzioni di nicotina flessibili (0%, 2%, 3%, 5% Nicotine Salt), rendendolo adattabile a diversi livelli di preferenza, da senza nicotina a colpi pi\u00f9 forti.<\/div>\n<h3 class=\"heading-2 ace-line old-record-id-FDldfRnuodd1sLcZ2hec1yNdnnh\">Collezione di sapori<\/h3>\n<div class=\"ace-line ace-line old-record-id-N1nBfvzQ8dvpvRc0e29cfafwnib\">Con 40 sapori accuratamente elaborati, il RandM Fumot Digital Box soddisfa una vasta gamma di preferenze di gusto, da note fruttate classiche a miscele uniche e indulgenti. Di seguito \u00e8 riportata una suddivisione categorizzata delle opzioni di sapore per un facile riferimento:<\/div>\n<h4 class=\"heading-3 ace-line old-record-id-Sm1Jfj18rdC69Fc2J1vcqGdbnKc\">Suddivisione delle categorie di sapore<\/h4>\n<div>\n<table class=\"ace-table\" data-ace-table-col-widths=\"200;200\">\n<colgroup>\n<col width=\"200\" \/>\n<col width=\"200\" \/><\/colgroup>\n<thead>\n<tr>\n<th colspan=\"1\" rowspan=\"1\">\n<div class=\"ace-line ace-line old-record-id-QJmWfiTKgd1ThNc4cTMcJ0whnxe\">Categoria<\/div>\n<\/th>\n<th colspan=\"1\" rowspan=\"1\">\n<div class=\"ace-line ace-line old-record-id-MTXMfRmpydxct1cIJi5cxKKunvG\">Opzioni di Sapore<\/div>\n<\/th>\n<\/tr>\n<\/thead>\n<tbody>\n<tr>\n<td colspan=\"1\" rowspan=\"1\">\n<div class=\"ace-line ace-line old-record-id-QEX3f0ZP4deP6GcfuDuc1CHLnFb\">Fresco e menta<\/div>\n<\/td>\n<td colspan=\"1\" rowspan=\"1\">\n<div class=\"ace-line ace-line old-record-id-BcCLfSH88dOY8bc4PQUc5XEbnwc\">Menta fresca, ghiaccio lussureggiante, ghiaccio nero<\/div>\n<\/td>\n<\/tr>\n<tr>\n<td colspan=\"1\" rowspan=\"1\">\n<div class=\"ace-line ace-line old-record-id-MueTf2kDadgBkicEjtuc1yt6npg\">Ghiaccio fruttato<\/div>\n<\/td>\n<td colspan=\"1\" rowspan=\"1\">\n<div class=\"ace-line ace-line old-record-id-FBQafPFDtdfhvac4TTVcf2ScnFd\">Ghiaccio di anguria, ghiaccio d'uva, ghiaccio di fragola, mango su ghiaccio, ghiaccio di pesca, ghiaccio di mela rossa, ghiaccio di mirtillo, ghiaccio di mela e cannella, gelato su stecco<\/div>\n<\/td>\n<\/tr>\n<tr>\n<td colspan=\"1\" rowspan=\"1\">\n<div class=\"ace-line ace-line old-record-id-JLOOfynpYdMRtzcWlSPcuScEnoe\">Miscele di frutti di bosco<\/div>\n<\/td>\n<td colspan=\"1\" rowspan=\"1\">\n<div class=\"ace-line ace-line old-record-id-Zkspf7AhedULUscmRxRchUxCnVb\">Mirtillo lampone, frutti di bosco misti, fragola d'uva, lampone anguria, mirtillo ciliegia mirtillo rosso, pomp (melograno) alla fragola, ciliegia frutti di bosco, mirtillo kiwi, limonata ai frutti di bosco, limonata blu razz, lampone blu aspro, esplosione di mela e frutti di bosco<\/div>\n<\/td>\n<\/tr>\n<tr>\n<td colspan=\"1\" rowspan=\"1\">\n<div class=\"ace-line ace-line old-record-id-TQ1AfI8XBdmOmecnxVNcjQcjns8\">Frutta classica<\/div>\n<\/td>\n<td colspan=\"1\" rowspan=\"1\">\n<div class=\"ace-line ace-line old-record-id-T0fdfjd4cdTnvjcZz1vcjEHunBw\">Ciliegia, limone e lime, kiwi frutto della passione guava, fragola kiwi, pesca mango<\/div>\n<\/td>\n<\/tr>\n<tr>\n<td colspan=\"1\" rowspan=\"1\">\n<div class=\"ace-line ace-line old-record-id-VyoufMMWWdzMLacHlSzcMGSlnjh\">Dolce e indulgente<\/div>\n<\/td>\n<td colspan=\"1\" rowspan=\"1\">\n<div class=\"ace-line ace-line old-record-id-AiJqfrAYmdfWCyca3RQcW5CnnTb\">Ciambella alla fragola, gomma da masticare al mirtillo, gomma da masticare all'anguria<\/div>\n<\/td>\n<\/tr>\n<tr>\n<td colspan=\"1\" rowspan=\"1\">\n<div class=\"ace-line ace-line old-record-id-FzoPfwr4kdbgyncB6TCcIr6AnAb\">Bevande e specialit\u00e0<\/div>\n<\/td>\n<td colspan=\"1\" rowspan=\"1\">\n<div class=\"ace-line ace-line old-record-id-TXtkfXUm9dnaYocA13ncHBgBn9c\">Limonata rosa, cola alla ciliegia, Dr Blue, Vimto, Red Bull alla fragola, Bingo Crush<\/div>\n<\/td>\n<\/tr>\n<tr>\n<td colspan=\"1\" rowspan=\"1\">\n<div class=\"ace-line ace-line old-record-id-HS0LfcKsbdioX4cy3Qgco53OnGb\">Combinazioni di frutta<\/div>\n<\/td>\n<td colspan=\"1\" rowspan=\"1\">\n<div class=\"ace-line ace-line old-record-id-YNF0fuEdbd1JiZcR17ScFKWEn0d\">Anguria alla fragola, banana alla fragola<\/div>\n<\/td>\n<\/tr>\n<\/tbody>\n<\/table>\n<p><img decoding=\"async\" class=\"wp-image-2752 size-full\" title=\"RandM Fumot Digital Box 12k Flavor\" src=\"https:\/\/oiovape.com\/wp-content\/uploads\/2026\/01\/RandM-Fumot-Digital-Box-12k-Flavor-scaled.jpg\" alt=\"RandM Fumot Digital Box 12k Flavor\" width=\"2560\" height=\"1641\" srcset=\"https:\/\/oiovape.com\/wp-content\/uploads\/2026\/01\/RandM-Fumot-Digital-Box-12k-Flavor-scaled.jpg 2560w, https:\/\/oiovape.com\/wp-content\/uploads\/2026\/01\/RandM-Fumot-Digital-Box-12k-Flavor-300x192.jpg 300w, https:\/\/oiovape.com\/wp-content\/uploads\/2026\/01\/RandM-Fumot-Digital-Box-12k-Flavor-1024x657.jpg 1024w, https:\/\/oiovape.com\/wp-content\/uploads\/2026\/01\/RandM-Fumot-Digital-Box-12k-Flavor-768x492.jpg 768w, https:\/\/oiovape.com\/wp-content\/uploads\/2026\/01\/RandM-Fumot-Digital-Box-12k-Flavor-1536x985.jpg 1536w, https:\/\/oiovape.com\/wp-content\/uploads\/2026\/01\/RandM-Fumot-Digital-Box-12k-Flavor-2048x1313.jpg 2048w, https:\/\/oiovape.com\/wp-content\/uploads\/2026\/01\/RandM-Fumot-Digital-Box-12k-Flavor-1200x769.jpg 1200w, https:\/\/oiovape.com\/wp-content\/uploads\/2026\/01\/RandM-Fumot-Digital-Box-12k-Flavor-150x96.jpg 150w\" sizes=\"(max-width: 2560px) 100vw, 2560px\" \/><\/p>\n<\/div>\n<h4 class=\"heading-3 ace-line old-record-id-Mz85fKJV5dUbQzcgrGTcIFUMnMc\">Punti salienti dei sapori notevoli<\/h4>\n<div class=\"ace-line ace-line old-record-id-HYN0fkOMFdhJiucm1mCcrxganmh\">Ogni sapore \u00e8 formulato per offrire un gusto equilibrato e autentico. Le opzioni di spicco includono la fresca menta fresca, che offre una finitura croccante e rinvigorente; il ghiaccio di anguria dolce-aspro, che mescola l'anguria succosa con un colpo di mentolo fresco; e il kiwi frutto della passione guava esotico, un medley tropicale che stratifica note dolci e aspre. Per coloro che preferiscono sapori pi\u00f9 ricchi, la ciambella alla fragola combina note di pasta calda con fragole mature, mentre la cola alla ciliegia cattura il gusto nostalgico della cola classica con un tocco di ciliegia.<\/div>\n<h3 class=\"heading-2 ace-line old-record-id-QGbuf8r4Tds7y0ccK3wcnFsfnsg\">Caratteristiche principali<\/h3>\n<h4 class=\"heading-3 ace-line old-record-id-CZl3fmBkBdVSWuc16Y7cX18rnSg\">Prestazioni e comodit\u00e0<\/h4>\n<ul class=\"list-bullet1\">\n<li class=\"ace-line ace-line old-record-id-UxzIfl6BndBP3Ac8QaBcEH38nxg\" data-list=\"bullet\">\n<div>Capacit\u00e0 di 12000 puff: Garantisce un uso a lungo termine, ideale per viaggi o spostamenti quotidiani senza frequenti cambi di dispositivo.<\/div>\n<\/li>\n<li class=\"ace-line ace-line old-record-id-HnrmffA9qdHDWocNl2Wc6eqonqh\" data-list=\"bullet\">\n<div>Volume di e-liquid di 20ml: Fornisce un ampio sapore senza la necessit\u00e0 di ricariche, un vantaggio chiave rispetto ai dispositivi usa e getta pi\u00f9 piccoli.<\/div>\n<\/li>\n<li class=\"ace-line ace-line old-record-id-VPx0fxyMEd69WAcoeUPcTEntnLe\" data-list=\"bullet\">\n<div>Batteria ricaricabile da 850mAh: La batteria integrata supporta la ricarica tramite Type-C (cavo non incluso), consentendo agli utenti di utilizzare completamente l'e-liquid senza sprecarlo a causa dell'esaurimento della batteria.<\/div>\n<\/li>\n<li class=\"ace-line ace-line old-record-id-NjZyfXLVsdyQbGcPt0ccdC3onTf\" data-list=\"bullet\">\n<div>Display della batteria e dell'e-juice: Il chiaro display digitale elimina le congetture, informando gli utenti quando caricare o sostituire il dispositivo.<\/div>\n<\/li>\n<\/ul>\n<h4 class=\"heading-3 ace-line old-record-id-PoVJfq8MddRCNtckY3fcJjBPnvx\">Flessibilit\u00e0 della nicotina<\/h4>\n<div class=\"ace-line ace-line old-record-id-XJgqfvNuKd633acsBwpcGms0n9b\">\n<p>Con quattro opzioni di forza della nicotina (0%, 2%, 3%, 5% Nicotine Salt), il dispositivo si adatta a un'ampia gamma di utenti. Il sale di nicotina garantisce un'inspirazione morbida, anche a forze pi\u00f9 elevate, rendendolo adatto a ex fumatori che passano al vaping o a vapers esperti in cerca di colpi pi\u00f9 forti. L'opzione 0% \u00e8 perfetta per coloro che amano il sapore senza nicotina.<\/p>\n<div data-page-id=\"EZVRf2acFduXLGcseZFc4qH2n6e\" data-lark-html-role=\"root\" data-docx-has-block-data=\"false\">\n<h3 class=\"heading-2 ace-line old-record-id-JPIzfwMBwdeqpycJ99SceezSnke\">Domande Frequenti (Q&amp;A)<\/h3>\n<h4 class=\"heading-3 ace-line old-record-id-I4Blf8BDSdPcoocgMT1c31rcnAc\">Domande comuni degli utenti<\/h4>\n<div class=\"ace-line ace-line old-record-id-Zfq2fZmsGdPd9WcQ2a6csKo0nFb\"><strong>D: Quanto dura il dispositivo da 12.000 puff per un utente medio?<\/strong><br \/>\nR: Per utenti moderati (10-15 puff all'ora), il dispositivo pu\u00f2 durare 2-4 settimane. Gli utenti pesanti (20+ puff all'ora) possono utilizzarlo per 1-2 settimane. Il tempo di utilizzo varia in base alle abitudini individuali.<\/div>\n<div class=\"ace-line ace-line old-record-id-DFopfYQl2dQoZXc37uocxSmbnig\"><strong><br \/>\nD: Che tipo di caricatore utilizza il dispositivo?<\/strong><br \/>\nR: Il RandM Fumot Digital Box utilizza un caricatore standard Type-C. Anche se il caricatore non \u00e8 incluso, \u00e8 compatibile con la maggior parte dei caricatori per telefoni Android o power bank portatili, rendendo facile la ricarica in movimento.<\/div>\n<div class=\"ace-line ace-line old-record-id-Mxj8fl1PDd2yEpcspVfcZdIRnwd\"><strong><br \/>\nD: Il dispositivo \u00e8 adatto ai principianti?<\/strong><br \/>\nR: S\u00ec. Il dispositivo \u00e8 attivato dall'aspirazione (senza pulsanti) e non richiede configurazioni, rendendolo estremamente facile da usare per i principianti. Le opzioni di nicotina flessibili consentono anche ai principianti di iniziare con forze pi\u00f9 basse (2% o 3%) per una transizione pi\u00f9 fluida.<\/div>\n<\/div>\n<\/div>\n<\/div>\n<\/div>\n<\/div>\n<\/div>\n<\/div>\n<\/div>\n<\/div>\n<\/div>\n<\/div>","protected":false},"excerpt":{"rendered":"<p>La RandM Fumot Digital Box 12000 Puffs offre fino a 12.000 puff con 20 ml di e-liquid e una batteria ricaricabile da 850 mAh. Ha 40 sapori diversi, opzioni di nicotina 0\/2\/3\/5% e un display chiaro per batteria e e-liquid, offrendo un'esperienza di svapo coerente e conveniente per tutti i livelli di preferenza.<\/p>","protected":false},"featured_media":2742,"comment_status":"open","ping_status":"closed","template":"","meta":{"_acf_changed":false,"inline_featured_image":false,"_sitemap_exclude":false,"_sitemap_priority":"","_sitemap_frequency":""},"product_brand":[95],"product_cat":[80,229],"product_tag":[],"class_list":{"0":"post-2740","1":"product","2":"type-product","3":"status-publish","4":"has-post-thumbnail","6":"product_brand-fumot","7":"product_cat-fumot-puff","8":"product_cat-ship-from-german","10":"first","11":"instock","12":"sale","13":"shipping-taxable","14":"purchasable","15":"product-type-variable","16":"has-default-attributes"},"acf":[],"tiered_pricing_type":"fixed","tiered_pricing_fixed_rules":{"30":12.35,"60":11.69,"100":10.26,"200":9.66},"tiered_pricing_product_settings":{"layout":"default","base_unit_name":{"singular":null,"plural":null},"default_variation":null},"tiered_pricing_minimum_quantity":10,"tiered_pricing_roles_data":[],"tiered_pricing_percentage_rules":[],"tiered_pricing_maximum_quantity":null,"tiered_pricing_quantity_step":"10","_links":{"self":[{"href":"https:\/\/oiovape.com\/it\/wp-json\/wp\/v2\/product\/2740","targetHints":{"allow":["GET"]}}],"collection":[{"href":"https:\/\/oiovape.com\/it\/wp-json\/wp\/v2\/product"}],"about":[{"href":"https:\/\/oiovape.com\/it\/wp-json\/wp\/v2\/types\/product"}],"replies":[{"embeddable":true,"href":"https:\/\/oiovape.com\/it\/wp-json\/wp\/v2\/comments?post=2740"}],"version-history":[{"count":1,"href":"https:\/\/oiovape.com\/it\/wp-json\/wp\/v2\/product\/2740\/revisions"}],"predecessor-version":[{"id":3643,"href":"https:\/\/oiovape.com\/it\/wp-json\/wp\/v2\/product\/2740\/revisions\/3643"}],"wp:featuredmedia":[{"embeddable":true,"href":"https:\/\/oiovape.com\/it\/wp-json\/wp\/v2\/media\/2742"}],"wp:attachment":[{"href":"https:\/\/oiovape.com\/it\/wp-json\/wp\/v2\/media?parent=2740"}],"wp:term":[{"taxonomy":"product_brand","embeddable":true,"href":"https:\/\/oiovape.com\/it\/wp-json\/wp\/v2\/product_brand?post=2740"},{"taxonomy":"product_cat","embeddable":true,"href":"https:\/\/oiovape.com\/it\/wp-json\/wp\/v2\/product_cat?post=2740"},{"taxonomy":"product_tag","embeddable":true,"href":"https:\/\/oiovape.com\/it\/wp-json\/wp\/v2\/product_tag?post=2740"}],"curies":[{"name":"wp","href":"https:\/\/api.w.org\/{rel}","templated":true}]}}