{"id":3025,"date":"2026-01-05T02:43:21","date_gmt":"2026-01-05T02:43:21","guid":{"rendered":"https:\/\/oiovape.com\/?post_type=product&#038;p=3025"},"modified":"2026-01-26T11:24:43","modified_gmt":"2026-01-26T03:24:43","slug":"fumot-eco-2-in-1-50000-puffs","status":"publish","type":"product","link":"https:\/\/oiovape.com\/it\/product\/fumot-eco-2-in-1-50000-puffs\/","title":{"rendered":"Fumot ECO 2 in 1 50000 PUFFS Gusto Doppio Luce Iridescente Regolabile E-cigarette Ricaricabile"},"content":{"rendered":"<div data-page-id=\"ZVeMfq8uxd7y1ycuKm5cym4LnYd\" data-lark-html-role=\"root\" data-docx-has-block-data=\"false\">\n<div data-page-id=\"Fd41fZ5N9dzRQtcRNoVc2FuDnCh\" data-lark-html-role=\"root\" data-docx-has-block-data=\"true\">\n<div data-page-id=\"BdIJfeeijdk1eucGpS8cDCBBn5c\" data-lark-html-role=\"root\" data-docx-has-block-data=\"false\">\n<div data-page-id=\"Zbg9fWx77dUuh2cIYpic25c8nyd\" data-lark-html-role=\"root\" data-docx-has-block-data=\"false\">\n<div data-page-id=\"KaIvfiurhdlCKdc0kyxcX64cnE6\" data-lark-html-role=\"root\" data-docx-has-block-data=\"true\">\n<div data-page-id=\"PbvFfqxqlddUTScRpEYcY5MHnpf\" data-lark-html-role=\"root\" data-docx-has-block-data=\"true\">\n<div data-page-id=\"GZO2f5JeudwY4jc9iJtcdk9Hnxh\" data-lark-html-role=\"root\" data-docx-has-block-data=\"false\">\n<div data-page-id=\"EZVRf2acFduXLGcseZFc4qH2n6e\" data-lark-html-role=\"root\" data-docx-has-block-data=\"false\">\n<div data-page-id=\"B8rHfcqlqdzmH5cCWCncz17Cntb\" data-lark-html-role=\"root\" data-docx-has-block-data=\"false\">\n<div data-page-id=\"B8rHfcqlqdzmH5cCWCncz17Cntb\" data-lark-html-role=\"root\" data-docx-has-block-data=\"false\">\n<div data-page-id=\"B8rHfcqlqdzmH5cCWCncz17Cntb\" data-lark-html-role=\"root\" data-docx-has-block-data=\"true\">\n<div data-page-id=\"HM70f1aoxdD0bMcxJZBcVc7ynZd\" data-lark-html-role=\"root\" data-docx-has-block-data=\"false\">\n<div data-page-id=\"NSrJfN7Ord22i0c1iwZcsF8yn8b\" data-lark-html-role=\"root\" data-docx-has-block-data=\"false\">\n<div data-page-id=\"RXEff4Mskds8o1cqL5HcGEtUnCh\" data-lark-html-role=\"root\" data-docx-has-block-data=\"false\">\n<div data-page-id=\"MzWdfu500dZisFcA4iJcA4OQnvh\" data-lark-html-role=\"root\" data-docx-has-block-data=\"false\">\n<h2 class=\"heading-2 ace-line old-record-id-AGjVf6BHhd1ftxcewPdcKmTZnjf\">Informazioni su Fumot ECO 2 in 1 50000 Puff<\/h2>\n<div class=\"ace-line ace-line old-record-id-To0Bfy72UdmuYacmSWpcepV1nF4\">\n<div data-page-id=\"MzWdfu500dZisFcA4iJcA4OQnvh\" data-lark-html-role=\"root\" data-docx-has-block-data=\"false\">\n<div class=\"ace-line ace-line old-record-id-MnQZfzT97dG0LDcvu6acdCfKnIg\">Il Fumot ECO 2 in 1 50000 Puff \u00e8 un dispositivo di svapo progettato con attenzione che combina versatilit\u00e0, prestazioni e facilit\u00e0 d'uso in un unico pacchetto compatto. Pensato per sia i nuovi che i vapers esperti, affronta i comuni problemi dei dispositivi tradizionali a singolo gusto offrendo un passaggio fluido tra due gusti, permettendo agli utenti di godere di due sapori distinti senza il fastidio di portare pi\u00f9 dispositivi. Che tu stia cercando un compagno quotidiano conveniente o un dispositivo che possa adattarsi a diverse occasioni sociali, il Fumot ECO 2 in 1 si distingue per il suo design equilibrato e la sua funzionalit\u00e0 affidabile.<\/div>\n<\/div>\n<p><img decoding=\"async\" class=\"wp-image-3044 size-full\" title=\"eco 2in1 50000\" src=\"https:\/\/oiovape.com\/wp-content\/uploads\/2026\/01\/eco-2in1-50000.jpg\" alt=\"eco 2in1 50000\" width=\"2481\" height=\"1754\" srcset=\"https:\/\/oiovape.com\/wp-content\/uploads\/2026\/01\/eco-2in1-50000.jpg 2481w, https:\/\/oiovape.com\/wp-content\/uploads\/2026\/01\/eco-2in1-50000-300x212.jpg 300w, https:\/\/oiovape.com\/wp-content\/uploads\/2026\/01\/eco-2in1-50000-1024x724.jpg 1024w, https:\/\/oiovape.com\/wp-content\/uploads\/2026\/01\/eco-2in1-50000-768x543.jpg 768w, https:\/\/oiovape.com\/wp-content\/uploads\/2026\/01\/eco-2in1-50000-1536x1086.jpg 1536w, https:\/\/oiovape.com\/wp-content\/uploads\/2026\/01\/eco-2in1-50000-2048x1448.jpg 2048w, https:\/\/oiovape.com\/wp-content\/uploads\/2026\/01\/eco-2in1-50000-1200x848.jpg 1200w, https:\/\/oiovape.com\/wp-content\/uploads\/2026\/01\/eco-2in1-50000-150x106.jpg 150w\" sizes=\"(max-width: 2481px) 100vw, 2481px\" \/><\/p>\n<\/div>\n<h3 class=\"heading-2 ace-line old-record-id-S5yjfk1x2dHZOOcjSn6ccNh9nHg\">Combinazioni di Gusto Doppio<\/h3>\n<div class=\"ace-line ace-line old-record-id-ZAQCfhi4bdHz5pcZxxCciyNTnvc\">\n<div data-page-id=\"MzWdfu500dZisFcA4iJcA4OQnvh\" data-lark-html-role=\"root\" data-docx-has-block-data=\"false\">\n<div class=\"ace-line ace-line old-record-id-Y8TNf2bimdtI1BcrdLJc8c8unDZ\">Una delle caratteristiche pi\u00f9 sorprendenti del Fumot ECO 2 in 1 \u00e8 la sua vasta gamma di 19 combinazioni di gusti doppi accuratamente realizzate. Ogni coppia \u00e8 miscelata da professionisti del gusto, garantendo che i due sapori si completino a vicenda piuttosto che sovrastarsi, creando un'esperienza di gusto stratificata e armoniosa. Dai frutti freschi e vivaci a miscele ghiacciate fresche e rinfrescanti, dai dolci nostalgici a gusti di soda classici, questo dispositivo copre quasi tutte le preferenze di gusto popolari nel mercato del vaping, rendendo facile per gli utenti trovare la loro corrispondenza ideale.<\/div>\n<\/div>\n<\/div>\n<h4 class=\"heading-3 ace-line old-record-id-BVlIfpJBZdxQeLclAuZcRFpdnlR\">Categorie di Gusto Chiave<\/h4>\n<div class=\"ace-line ace-line old-record-id-FAlsfFUlfdvtUJcCEzAcbEJZn3b\">\n<p>Fruttato &amp; Ghiacciato: Black Ice &amp; Grape Ice, Peach Ice &amp; White Mamba, ecc. Dolce &amp; Gommoso: Blueberry\/Watermelon Hubba Bubba, Grape\/Strawberry Gummy Bear, ecc. Classico &amp; Rinfrescante: Fanta &amp; Cola Ice, Cool Mint &amp; Watermelon Ice, ecc. Unico &amp; Tropicale: Peach Mango Watermelon, Pina Colada, ecc. Gusti Audaci: Black Mamba &amp; Mr Blue, Lady Killer &amp; Love 66, ecc.<\/p>\n<p><img decoding=\"async\" class=\"wp-image-3045 size-full\" title=\"eco 2in1 50k flavor\" src=\"https:\/\/oiovape.com\/wp-content\/uploads\/2026\/01\/eco-2in1-50k-flavor.jpg\" alt=\"eco 2in1 50k flavor\" width=\"2481\" height=\"1754\" srcset=\"https:\/\/oiovape.com\/wp-content\/uploads\/2026\/01\/eco-2in1-50k-flavor.jpg 2481w, https:\/\/oiovape.com\/wp-content\/uploads\/2026\/01\/eco-2in1-50k-flavor-300x212.jpg 300w, https:\/\/oiovape.com\/wp-content\/uploads\/2026\/01\/eco-2in1-50k-flavor-1024x724.jpg 1024w, https:\/\/oiovape.com\/wp-content\/uploads\/2026\/01\/eco-2in1-50k-flavor-768x543.jpg 768w, https:\/\/oiovape.com\/wp-content\/uploads\/2026\/01\/eco-2in1-50k-flavor-1536x1086.jpg 1536w, https:\/\/oiovape.com\/wp-content\/uploads\/2026\/01\/eco-2in1-50k-flavor-2048x1448.jpg 2048w, https:\/\/oiovape.com\/wp-content\/uploads\/2026\/01\/eco-2in1-50k-flavor-1200x848.jpg 1200w, https:\/\/oiovape.com\/wp-content\/uploads\/2026\/01\/eco-2in1-50k-flavor-150x106.jpg 150w\" sizes=\"(max-width: 2481px) 100vw, 2481px\" \/><\/p>\n<\/div>\n<h3 class=\"heading-2 ace-line old-record-id-PzulfDXu9dSikkcHhQecwidznec\">Caratteristiche principali<\/h3>\n<div class=\"ace-line ace-line old-record-id-B0Y0fYSyVdnFeiczg0dcG7ewnfb\">\n<div data-page-id=\"MzWdfu500dZisFcA4iJcA4OQnvh\" data-lark-html-role=\"root\" data-docx-has-block-data=\"false\">\n<div class=\"ace-line ace-line old-record-id-Rmr7fbaz3deuVWcvC9Zce45xnwg\">Oltre alla sua impressionante gamma di gusti, il Fumot ECO 2 in 1 \u00e8 dotato di una serie di funzionalit\u00e0 pratiche che migliorano l'esperienza complessiva di svapo, concentrandosi su prestazioni, durata e facilit\u00e0 d'uso.<\/div>\n<div class=\"ace-line ace-line old-record-id-UGX0fXpccdTiWgcLiPpcuoO0n5O\"><strong>Opzioni di Nicotina Flessibili &amp; Capacit\u00e0 di Gusto Doppio<\/strong>: Il dispositivo offre tre opzioni di forza della nicotina\u20140%, 3% e 5%\u2014permettendo agli utenti di personalizzare la loro esperienza in base alle loro preferenze e necessit\u00e0. Che tu sia un utente senza nicotina, un vaper leggero o qualcuno che preferisce un colpo pi\u00f9 forte, questo dispositivo ha ci\u00f2 che fa per te. Inoltre, la sua capacit\u00e0 di gusto doppio di 10+10ml garantisce che tu possa godere di due gusti diversi per un periodo prolungato senza la necessit\u00e0 di frequenti ricariche, aggiungendo comodit\u00e0 alla tua routine di svapo quotidiana.<\/div>\n<div class=\"ace-line ace-line old-record-id-MWPZf4UT4dkDKDcoEbtcOjt8nRc\"><strong>Prestazioni Durature &amp; Ricarica Veloce<\/strong>: Con una capacit\u00e0 di 50000 puff, il Fumot ECO 2 in 1 \u00e8 costruito per un uso a lungo termine, riducendo significativamente la frequenza di sostituzione del dispositivo e risparmiando tempo e denaro. Alimentato da una batteria ricaricabile da 950mAh, fornisce un supporto energetico affidabile per sessioni di svapo prolungate. La porta di ricarica Type-C garantisce una ricarica rapida e conveniente, permettendoti di ricaricare rapidamente il dispositivo ogni volta che ne hai bisogno\u2014niente pi\u00f9 attese di ore per avere il tuo dispositivo pronto.<\/div>\n<div class=\"ace-line ace-line old-record-id-GLO5fJoSvdUaJ1ciD74cbsZLnxd\"><strong>Tecnologia di Svapo Premium &amp; Design Facile da Usare<\/strong>: La Coil Mesh 0.99 \u00e8 progettata per fornire una produzione di vapore liscia e costante con ogni tiro, migliorando la consegna del gusto e garantendo un'esperienza di svapo soddisfacente. Il dispositivo presenta anche una luce iridescente che aggiunge un tocco di stile, facendolo distinguere dagli altri dispositivi. Lo schermo di visualizzazione intelligente fornisce informazioni chiare e in tempo reale sulla durata della batteria, il conteggio dei puff e altri dettagli chiave, permettendoti di tenere traccia dello stato del tuo dispositivo a colpo d'occhio ed evitare improvvisi cali di energia.<\/div>\n<\/div>\n<\/div>\n<h3 class=\"heading-2 ace-line old-record-id-YOmHfvUFfdjKnVcAg98ca5jQnWe\">Perch\u00e9 Scegliere Fumot ECO 2 in 1 50000 Puff?<\/h3>\n<div class=\"ace-line ace-line old-record-id-HCIZfUEbzdsYfbcR3OScgom4nUd\">La variet\u00e0 di gusti rappresenta un'attrattiva primaria per questo dispositivo. Le 19 combinazioni di gusti doppi eliminano la necessit\u00e0 di portare pi\u00f9 dispositivi, permettendoti di passare tra gusti fruttati, ghiacciati, dolci o classici in base all'umore o all'occasione. Questa flessibilit\u00e0 si allinea con la crescente domanda di esperienze di svapo personalizzate nel mercato odierno.<\/div>\n<div class=\"ace-line ace-line old-record-id-XHdQfzt96dqpFrcGPhKcTix0nsh\">Le prestazioni durature aggiungono anche valore pratico. La capacit\u00e0 di 50000 puff garantisce un uso prolungato senza frequenti sostituzioni, mentre la batteria da 950mAh abbinata alla ricarica Type-C mantiene il dispositivo pronto ogni volta che ne hai bisogno\u2014niente pi\u00f9 preoccupazioni per improvvisi tagli di corrente durante l'uso.<\/div>\n<div class=\"ace-line ace-line old-record-id-OiT4fPq70dbe3sc7DKRcE43nnyg\">\n<p>La gamma di opzioni di nicotina (0%, 3%, 5%) lo rende accessibile a diversi gruppi di utenti, da utenti occasionali che preferiscono colpi leggeri a quelli che cercano una soddisfazione pi\u00f9 forte. Inoltre, la Coil Mesh 0.99 offre vapore costante e liscio, e lo schermo di visualizzazione intelligente ti tiene informato sulla durata della batteria e sul conteggio dei puff a colpo d'occhio, migliorando l'usabilit\u00e0 complessiva.<\/p>\n<\/div>\n<\/div>\n<\/div>\n<\/div>\n<\/div>\n<\/div>\n<\/div>\n<\/div>\n<\/div>\n<\/div>\n<\/div>\n<\/div>\n<\/div>\n<\/div>\n<\/div>\n<\/div>","protected":false},"excerpt":{"rendered":"<div data-page-id=\"RAopf2sw9dtvw4cWYXpcTwo0n8g\" data-lark-html-role=\"root\" data-docx-has-block-data=\"false\">\n<div class=\"ace-line ace-line old-record-id-Uju9f3RXYd8dh2crAJbcBF3Un6M\">Fumot ECO 2 in 1 50000 Puff offre 19 combinazioni di sapori duali, da miscele fruttate ghiacciate a classici dolci. Con opzioni di nicotina 0%\/3%\/5%, batteria da 950mAh, ricarica Type-C e display intelligente, offre un vaping duraturo e fluido\u2014cambia facilmente i gusti per una comodit\u00e0 personalizzata.<\/div>\n<\/div>","protected":false},"featured_media":3031,"comment_status":"open","ping_status":"closed","template":"","meta":{"_acf_changed":false,"inline_featured_image":false,"_sitemap_exclude":false,"_sitemap_priority":"","_sitemap_frequency":""},"product_brand":[95],"product_cat":[80,239,243],"product_tag":[],"class_list":{"0":"post-3025","1":"product","2":"type-product","3":"status-publish","4":"has-post-thumbnail","6":"product_brand-fumot","7":"product_cat-fumot-puff","8":"product_cat-disposable-vape-collection","9":"product_cat-50k-puff","11":"first","12":"instock","13":"sale","14":"shipping-taxable","15":"purchasable","16":"product-type-variable","17":"has-default-attributes"},"acf":[],"tiered_pricing_type":"fixed","tiered_pricing_fixed_rules":{"30":13.3,"60":10.25,"100":9.45,"200":9.1},"tiered_pricing_product_settings":{"layout":"default","base_unit_name":{"singular":null,"plural":null},"default_variation":null},"tiered_pricing_minimum_quantity":10,"tiered_pricing_roles_data":[],"tiered_pricing_percentage_rules":[],"tiered_pricing_maximum_quantity":null,"tiered_pricing_quantity_step":"10","_links":{"self":[{"href":"https:\/\/oiovape.com\/it\/wp-json\/wp\/v2\/product\/3025","targetHints":{"allow":["GET"]}}],"collection":[{"href":"https:\/\/oiovape.com\/it\/wp-json\/wp\/v2\/product"}],"about":[{"href":"https:\/\/oiovape.com\/it\/wp-json\/wp\/v2\/types\/product"}],"replies":[{"embeddable":true,"href":"https:\/\/oiovape.com\/it\/wp-json\/wp\/v2\/comments?post=3025"}],"version-history":[{"count":1,"href":"https:\/\/oiovape.com\/it\/wp-json\/wp\/v2\/product\/3025\/revisions"}],"predecessor-version":[{"id":3648,"href":"https:\/\/oiovape.com\/it\/wp-json\/wp\/v2\/product\/3025\/revisions\/3648"}],"wp:featuredmedia":[{"embeddable":true,"href":"https:\/\/oiovape.com\/it\/wp-json\/wp\/v2\/media\/3031"}],"wp:attachment":[{"href":"https:\/\/oiovape.com\/it\/wp-json\/wp\/v2\/media?parent=3025"}],"wp:term":[{"taxonomy":"product_brand","embeddable":true,"href":"https:\/\/oiovape.com\/it\/wp-json\/wp\/v2\/product_brand?post=3025"},{"taxonomy":"product_cat","embeddable":true,"href":"https:\/\/oiovape.com\/it\/wp-json\/wp\/v2\/product_cat?post=3025"},{"taxonomy":"product_tag","embeddable":true,"href":"https:\/\/oiovape.com\/it\/wp-json\/wp\/v2\/product_tag?post=3025"}],"curies":[{"name":"wp","href":"https:\/\/api.w.org\/{rel}","templated":true}]}}