{"id":3071,"date":"2026-01-05T07:29:53","date_gmt":"2026-01-05T07:29:53","guid":{"rendered":"https:\/\/oiovape.com\/?post_type=product&#038;p=3071"},"modified":"2026-03-20T18:22:40","modified_gmt":"2026-03-20T10:22:40","slug":"razz-bar-30000-puffs","status":"publish","type":"product","link":"https:\/\/oiovape.com\/it\/product\/razz-bar-30000-puffs\/","title":{"rendered":"Razz bar 30000 PUFFS Flusso d'Aria Regolabile Batteria 650mah Vape Ricaricabile con Coil in Mesh"},"content":{"rendered":"<div data-page-id=\"ZVeMfq8uxd7y1ycuKm5cym4LnYd\" data-lark-html-role=\"root\" data-docx-has-block-data=\"false\">\n<div data-page-id=\"Fd41fZ5N9dzRQtcRNoVc2FuDnCh\" data-lark-html-role=\"root\" data-docx-has-block-data=\"true\">\n<div data-page-id=\"BdIJfeeijdk1eucGpS8cDCBBn5c\" data-lark-html-role=\"root\" data-docx-has-block-data=\"false\">\n<div data-page-id=\"Zbg9fWx77dUuh2cIYpic25c8nyd\" data-lark-html-role=\"root\" data-docx-has-block-data=\"false\">\n<div data-page-id=\"KaIvfiurhdlCKdc0kyxcX64cnE6\" data-lark-html-role=\"root\" data-docx-has-block-data=\"true\">\n<div data-page-id=\"PbvFfqxqlddUTScRpEYcY5MHnpf\" data-lark-html-role=\"root\" data-docx-has-block-data=\"true\">\n<div data-page-id=\"GZO2f5JeudwY4jc9iJtcdk9Hnxh\" data-lark-html-role=\"root\" data-docx-has-block-data=\"false\">\n<div data-page-id=\"EZVRf2acFduXLGcseZFc4qH2n6e\" data-lark-html-role=\"root\" data-docx-has-block-data=\"false\">\n<div data-page-id=\"B8rHfcqlqdzmH5cCWCncz17Cntb\" data-lark-html-role=\"root\" data-docx-has-block-data=\"false\">\n<div data-page-id=\"B8rHfcqlqdzmH5cCWCncz17Cntb\" data-lark-html-role=\"root\" data-docx-has-block-data=\"false\">\n<div data-page-id=\"B8rHfcqlqdzmH5cCWCncz17Cntb\" data-lark-html-role=\"root\" data-docx-has-block-data=\"true\">\n<div data-page-id=\"HM70f1aoxdD0bMcxJZBcVc7ynZd\" data-lark-html-role=\"root\" data-docx-has-block-data=\"false\">\n<div data-page-id=\"NSrJfN7Ord22i0c1iwZcsF8yn8b\" data-lark-html-role=\"root\" data-docx-has-block-data=\"false\">\n<div data-page-id=\"RXEff4Mskds8o1cqL5HcGEtUnCh\" data-lark-html-role=\"root\" data-docx-has-block-data=\"false\">\n<div data-page-id=\"KJ7gfqkVndMSRJcMseScmvYwnTc\" data-lark-html-role=\"root\" data-docx-has-block-data=\"false\">\n<div class=\"ace-line ace-line old-record-id-QADAfETPudgmudc05YvcTO5fnxe\">\n<div data-page-id=\"KJ7gfqkVndMSRJcMseScmvYwnTc\" data-lark-html-role=\"root\" data-docx-has-block-data=\"false\">\n<div class=\"ace-line ace-line old-record-id-JoRkfpho8dOkiacEOascDyCOncb\">\n<div data-page-id=\"KJ7gfqkVndMSRJcMseScmvYwnTc\" data-lark-html-role=\"root\" data-docx-has-block-data=\"false\">\n<div data-page-id=\"TOlOfNRizdvKP3cWTIrcTjhinUD\" data-lark-html-role=\"root\" data-docx-has-block-data=\"true\">\n<h2 class=\"heading-2 ace-line old-record-id-AzXOfR2oSd3FD2cR7B9cQJTsnWe\">Scopri Razz Bar 30000 Puffs: Un'Esperienza di Vaping Duratura \ud83c\udf43<\/h2>\n<div class=\"ace-line ace-line old-record-id-RdeHfg0KzdgIA3cV9iGcz8pknrd\">Per i vapers che cercano un equilibrio tra longevit\u00e0, variet\u00e0 di sapori e convenienza, il Razz Bar 30000 Puffs si distingue come una scelta affidabile. Progettato per resistere all'uso quotidiano senza frequenti ricariche o sostituzioni, questo vape usa e getta si rivolge sia ai vapers occasionali che a quelli abituali. Ci\u00f2 che lo distingue davvero, per\u00f2, \u00e8 la sua ampia gamma di sapori e le solide caratteristiche di base che migliorano l'esperienza di vaping complessiva.<\/div>\n<div data-page-id=\"TOlOfNRizdvKP3cWTIrcTjhinUD\" data-lark-html-role=\"root\" data-docx-has-block-data=\"false\">\n<h3 class=\"heading-2 ace-line old-record-id-NhhnfqJNGdbJkWcMUcccAbHBn3g\">Caratteristiche Principali di Razz Bar 30000 Puffs \u2699\ufe0f<\/h3>\n<\/div>\n<div class=\"ace-line ace-line old-record-id-Y3xpfWrgrdGWTrcQI1ZcdPQHnrO\">Quando si sceglie un vape usa e getta, tre fattori chiave spesso occupano il primo posto: quanto dura, quante opzioni di sapore ci sono e quanto \u00e8 facile da usare. Razz Bar 30000 Puffs soddisfa tutti questi requisiti e altro ancora, rendendolo un'opzione pratica per i vapers in movimento o per coloro che preferiscono dispositivi a bassa manutenzione. Ecco uno sguardo pi\u00f9 da vicino su perch\u00e9 vale la pena considerarlo:<\/div>\n<ul class=\"list-bullet1\">\n<li class=\"ace-line ace-line old-record-id-OgxQfyZnvdOlLScWbBlcv6i7n2d\" data-list=\"bullet\">\n<div>Eccezionale conteggio di puff: Con 30000 puff, offre un utilizzo a lungo termine, riducendo il fastidio di dover continuamente acquistare nuovi usa e getta.<\/div>\n<\/li>\n<li class=\"ace-line ace-line old-record-id-N2r5foaXPdjIvmccQXkc5iy6nwe\" data-list=\"bullet\">\n<div>Selezione di sapori diversificata: 16 sapori distinti coprono opzioni fruttate, ghiacciate e classiche, assicurando che ci sia qualcosa per ogni preferenza di gusto.<\/div>\n<\/li>\n<li class=\"ace-line ace-line old-record-id-E31MfJkJJdqdJocuwuzc2nGcnCh\" data-list=\"bullet\">\n<div>Convenienza ricaricabile: Dotato di una batteria da 650mAh e ricarica Type-C, evita improvvisi tagli di corrente e supporta ricariche rapide.<\/div>\n<\/li>\n<li class=\"ace-line ace-line old-record-id-ORdyfCYq7dOITycqGHBc0BAbnvg\" data-list=\"bullet\">\n<div>Esperienza di vaping fluida: Il design della coil a rete offre un sapore e una produzione di vapore costanti, migliorando ogni puff.<\/div>\n<\/li>\n<li class=\"ace-line ace-line old-record-id-FQEmfoQbIdipvEc1WP7cRQ9HnPd\" data-list=\"bullet\">\n<div>Opzioni di nicotina flessibili: Disponibile in 2% e 5% di forza di nicotina, si adatta a diversi livelli di tolleranza alla nicotina.<\/div>\n<\/li>\n<\/ul>\n<h3 class=\"heading-2 ace-line old-record-id-TFmIfNmzOdNH0FcsVcQckxmlnnb\">Esplora i 16 Sapori Vivaci di Razz Bar 30000 Puffs \ud83c\udf53\ud83c\udf49\ud83c\udf51<\/h3>\n<div class=\"ace-line ace-line old-record-id-T3BkfMyxtdF2NLcs5UKcowGmnvc\">Flavor is the heart of any vaping experience, and Razz Bar 30K doesn\u2019t disappoint with its wide range of options. From fresh fruity blends to cool icy sips, each flavor is crafted to deliver a distinct and enjoyable taste. Below is a detailed breakdown of all 16 flavors:<\/div>\n<div>\n<table class=\"ace-table\" data-ace-table-col-widths=\"200;200;200\">\n<colgroup>\n<col width=\"200\" \/>\n<col width=\"200\" \/>\n<col width=\"200\" \/><\/colgroup>\n<thead>\n<tr>\n<th colspan=\"1\" rowspan=\"1\">\n<div class=\"ace-line ace-line old-record-id-RuTafTzLId6AU2cQlnTcgjLcnul\">No.<\/div>\n<\/th>\n<th colspan=\"1\" rowspan=\"1\">\n<div class=\"ace-line ace-line old-record-id-H0KPfID2kdVY7RcUH3CcBMVSnZe\">Nome del Gusto<\/div>\n<\/th>\n<th colspan=\"1\" rowspan=\"1\">\n<div class=\"ace-line ace-line old-record-id-PFFlfl3FgdUTOvcfO8Vckxo0nvf\">Profilo del Gusto<\/div>\n<\/th>\n<\/tr>\n<\/thead>\n<tbody>\n<tr>\n<td colspan=\"1\" rowspan=\"1\">\n<div class=\"ace-line ace-line old-record-id-UDCQfUjpcdx3RYcZRUEcg1ddn5e\">1<\/div>\n<\/td>\n<td colspan=\"1\" rowspan=\"1\">\n<div class=\"ace-line ace-line old-record-id-L5SBfrnC2d6RLscQGzMcVxSonpd\">Melone triplo<\/div>\n<\/td>\n<td colspan=\"1\" rowspan=\"1\">\n<div class=\"ace-line ace-line old-record-id-IqBLfW6OFdcYWrc7Z9HcvKf1nVf\">Un ricco mix di tre variet\u00e0 di melone, che offre un gusto fruttato dolce e rinfrescante.<\/div>\n<\/td>\n<\/tr>\n<tr>\n<td colspan=\"1\" rowspan=\"1\">\n<div class=\"ace-line ace-line old-record-id-ChZzfqwF4dpBu6cynyYcV35bnZb\">2<\/div>\n<\/td>\n<td colspan=\"1\" rowspan=\"1\">\n<div class=\"ace-line ace-line old-record-id-DC5CfDFJsdGKmocmxygcQ5J8nFf\">Ghiaccio alla fragola<\/div>\n<\/td>\n<td colspan=\"1\" rowspan=\"1\">\n<div class=\"ace-line ace-line old-record-id-WhDIfR2ovdTTLvcdeIzcijqNnYc\">Gusto di fragola dolce e matura abbinato a una finitura ghiacciata per un'esperienza di vaping croccante.<\/div>\n<\/td>\n<\/tr>\n<tr>\n<td colspan=\"1\" rowspan=\"1\">\n<div class=\"ace-line ace-line old-record-id-I5B9fZ6Mod8jUmcxY7BcjURGn8b\">3<\/div>\n<\/td>\n<td colspan=\"1\" rowspan=\"1\">\n<div class=\"ace-line ace-line old-record-id-DC0GfaN5SdzdBVcoRRWc0dbqn4g\">Sour Apple<\/div>\n<\/td>\n<td colspan=\"1\" rowspan=\"1\">\n<div class=\"ace-line ace-line old-record-id-HhwDf25FPdYSUXctkOrczBaNnQd\">Note di mela verde acidula che offrono un gusto vivace e frizzante, perfette per gli amanti dei sapori aspri.<\/div>\n<\/td>\n<\/tr>\n<tr>\n<td colspan=\"1\" rowspan=\"1\">\n<div class=\"ace-line ace-line old-record-id-RiwFflgGSdVkOFc8wXZc2wRFntf\">4<\/div>\n<\/td>\n<td colspan=\"1\" rowspan=\"1\">\n<div class=\"ace-line ace-line old-record-id-Sqr0ffo3WdJXfmc22GscNur1neb\">Mango, Pesca e Anguria<\/div>\n<\/td>\n<td colspan=\"1\" rowspan=\"1\">\n<div class=\"ace-line ace-line old-record-id-XbMmfe37sdSZ0XcpzjwcbC6nn2d\">Un mix tropicale di mango, pesca succosa e anguria dolce, creando un sapore vibrante e stratificato.<\/div>\n<\/td>\n<\/tr>\n<tr>\n<td colspan=\"1\" rowspan=\"1\">\n<div class=\"ace-line ace-line old-record-id-BFaAfmHoldbgIXc1WRecFkpSn1c\">5<\/div>\n<\/td>\n<td colspan=\"1\" rowspan=\"1\">\n<div class=\"ace-line ace-line old-record-id-TlnWfvdMedDCCpcSmNxcSKbfnjd\">Fragola Banana<\/div>\n<\/td>\n<td colspan=\"1\" rowspan=\"1\">\n<div class=\"ace-line ace-line old-record-id-KTAnfXJ09dC6tJcLFFYcTUeanMh\">Combinazione classica di fragola dolce e banana cremosa, offrendo un gusto morbido e indulgente.<\/div>\n<\/td>\n<\/tr>\n<tr>\n<td colspan=\"1\" rowspan=\"1\">\n<div class=\"ace-line ace-line old-record-id-JXC6fMN4Zdynlwcb3bkcRDEMnre\">6<\/div>\n<\/td>\n<td colspan=\"1\" rowspan=\"1\">\n<div class=\"ace-line ace-line old-record-id-JKcDf5xt3dezaZcW6vccA9EtnKe\">Ghiaccio ai mirtilli<\/div>\n<\/td>\n<td colspan=\"1\" rowspan=\"1\">\n<div class=\"ace-line ace-line old-record-id-IukWf02TLdWqgFccv0YczXUsntb\">Gusto di mirtillo succoso con un tocco ghiacciato, bilanciando dolcezza e freschezza.<\/div>\n<\/td>\n<\/tr>\n<tr>\n<td colspan=\"1\" rowspan=\"1\">\n<div class=\"ace-line ace-line old-record-id-YNXNfCzbSdyUlvceWHEcepJrnff\">7<\/div>\n<\/td>\n<td colspan=\"1\" rowspan=\"1\">\n<div class=\"ace-line ace-line old-record-id-SZSmfuu9YdjkMTck9NVcw1etnkf\">Pesca succosa ghiacciata<\/div>\n<\/td>\n<td colspan=\"1\" rowspan=\"1\">\n<div class=\"ace-line ace-line old-record-id-P6e8flReDdFa3Tcca2vcFaIZn8e\">Note di pesca dolce e succosa abbinate a una leggera finitura ghiacciata, catturando l'essenza delle pesche fresche.<\/div>\n<\/td>\n<\/tr>\n<tr>\n<td colspan=\"1\" rowspan=\"1\">\n<div class=\"ace-line ace-line old-record-id-BXJsf0acBdwTt7cZpN7ckAxXnEh\">8<\/div>\n<\/td>\n<td colspan=\"1\" rowspan=\"1\">\n<div class=\"ace-line ace-line old-record-id-QJdOfJ8s4dEQVHc3FEBczdyunuc\">Fragola kiwi<\/div>\n<\/td>\n<td colspan=\"1\" rowspan=\"1\">\n<div class=\"ace-line ace-line old-record-id-YqXTfM8K5d4rFlcKvQVcbOsEnVg\">Fragola matura mescolata con kiwi acidulo, creando un profilo di sapore luminoso e fruttato.<\/div>\n<\/td>\n<\/tr>\n<tr>\n<td colspan=\"1\" rowspan=\"1\">\n<div class=\"ace-line ace-line old-record-id-RjVYfd7wxdihNucuJhMcMvxVnAd\">9<\/div>\n<\/td>\n<td colspan=\"1\" rowspan=\"1\">\n<div class=\"ace-line ace-line old-record-id-BIswf8oN9dsUsYcd1oKcEGMkntc\">Ghiaccio di anguria<\/div>\n<\/td>\n<td colspan=\"1\" rowspan=\"1\">\n<div class=\"ace-line ace-line old-record-id-PSM5fLZGZdW2ncc9jYUcWhIBnZb\">Gusto di anguria dolce e succosa con una forte finitura ghiacciata, ideale per le giornate calde.<\/div>\n<\/td>\n<\/tr>\n<tr>\n<td colspan=\"1\" rowspan=\"1\">\n<div class=\"ace-line ace-line old-record-id-A1MFfZYVsdUU0Ech3x3cYyIbngM\">10<\/div>\n<\/td>\n<td colspan=\"1\" rowspan=\"1\">\n<div class=\"ace-line ace-line old-record-id-NIjrfBgbjdhZvEcczWtcTf1YnLf\">Sogno estivo<\/div>\n<\/td>\n<td colspan=\"1\" rowspan=\"1\">\n<div class=\"ace-line ace-line old-record-id-XIJkfAkJNdGNgocmrbScVbkTnqh\">Un mix rinfrescante di frutti estivi, che offre un gusto leggero e arioso che evoca giornate di sole.<\/div>\n<\/td>\n<\/tr>\n<tr>\n<td colspan=\"1\" rowspan=\"1\">\n<div class=\"ace-line ace-line old-record-id-LGQ8fhFTCdYmkWcOoYicqZjmntb\">11<\/div>\n<\/td>\n<td colspan=\"1\" rowspan=\"1\">\n<div class=\"ace-line ace-line old-record-id-KnjtfijKhdn3ObcSAZ4cq3IunXd\">Fragola Anguria<\/div>\n<\/td>\n<td colspan=\"1\" rowspan=\"1\">\n<div class=\"ace-line ace-line old-record-id-PZelf8dn1dp4hVczgdLcQCfhnPb\">Un classico mix fruttato di fragola dolce e anguria succosa, semplice ma soddisfacente.<\/div>\n<\/td>\n<\/tr>\n<tr>\n<td colspan=\"1\" rowspan=\"1\">\n<div class=\"ace-line ace-line old-record-id-IJ5mfKY7mdHzMXc8Zmoc9E9Ynzg\">12<\/div>\n<\/td>\n<td colspan=\"1\" rowspan=\"1\">\n<div class=\"ace-line ace-line old-record-id-Vj8yfW7HLd13PTcOZ0xcl3l5nzg\">Bacche Miste<\/div>\n<\/td>\n<td colspan=\"1\" rowspan=\"1\">\n<div class=\"ace-line ace-line old-record-id-J7mufGfE9dOgh2cMUfucXeO4nXD\">Un medley di varie bacche, che offre un sapore complesso e dolce-acido con ogni puff.<\/div>\n<\/td>\n<\/tr>\n<tr>\n<td colspan=\"1\" rowspan=\"1\">\n<div class=\"ace-line ace-line old-record-id-MVedfhdgndu7cIc8wZUcSaINnmh\">13<\/div>\n<\/td>\n<td colspan=\"1\" rowspan=\"1\">\n<div class=\"ace-line ace-line old-record-id-LdwyfvzMDdTMAxcbNehcShRXnhd\">Blue Razz ghiaccio<\/div>\n<\/td>\n<td colspan=\"1\" rowspan=\"1\">\n<div class=\"ace-line ace-line old-record-id-B4Wpf8b8pdcpddc8N5zcdtl6noc\">Gusto di lampone blu acidulo con un tocco ghiacciato, che offre un sapore audace e rinfrescante.<\/div>\n<\/td>\n<\/tr>\n<tr>\n<td colspan=\"1\" rowspan=\"1\">\n<div class=\"ace-line ace-line old-record-id-V49EfzIAAdTBK4cf39mcfuNAnbb\">14<\/div>\n<\/td>\n<td colspan=\"1\" rowspan=\"1\">\n<div class=\"ace-line ace-line old-record-id-CxcQf1v3ad3xDVcTDkwcO6eznUc\">Limone Lime<\/div>\n<\/td>\n<td colspan=\"1\" rowspan=\"1\">\n<div class=\"ace-line ace-line old-record-id-HRmEfchRed7hAocxkDecCTYCnmf\">Limone piccante e lime croccante mescolati insieme, offrendo un sapore luminoso e agrumato che \u00e8 altamente rinfrescante.<\/div>\n<\/td>\n<\/tr>\n<tr>\n<td colspan=\"1\" rowspan=\"1\">\n<div class=\"ace-line ace-line old-record-id-PORffcVkEdFRwpchFspcZ6mRnYe\">15<\/div>\n<\/td>\n<td colspan=\"1\" rowspan=\"1\">\n<div class=\"ace-line ace-line old-record-id-NlP2fLHmpdsAHScqcP8ckJn0ndh\">Ghiaccio alla cola<\/div>\n<\/td>\n<td colspan=\"1\" rowspan=\"1\">\n<div class=\"ace-line ace-line old-record-id-WiHaf77e5dU52OcnJRqcB6Vznfh\">Gusto di cola classica con una finitura ghiacciata, catturando il sapore familiare della soda in un vape.<\/div>\n<\/td>\n<\/tr>\n<tr>\n<td colspan=\"1\" rowspan=\"1\">\n<div class=\"ace-line ace-line old-record-id-HIEXfBfljd43docroBdcDhegngc\">16<\/div>\n<\/td>\n<td colspan=\"1\" rowspan=\"1\">\n<div class=\"ace-line ace-line old-record-id-EWUBfhdQFd0WyLcxHIqczAq6nqd\">Mora ghiacciata<\/div>\n<\/td>\n<td colspan=\"1\" rowspan=\"1\">\n<div class=\"ace-line ace-line old-record-id-P2sZfp3fLd9z7QcOpruc7q1Vnch\">Gusto di mora ricca e dolce abbinato a una finitura ghiacciata, creando un'esperienza morbida e indulgente.<\/div>\n<\/td>\n<\/tr>\n<\/tbody>\n<\/table>\n<div data-page-id=\"TOlOfNRizdvKP3cWTIrcTjhinUD\" data-lark-html-role=\"root\" data-docx-has-block-data=\"false\">\n<h3 class=\"heading-2 ace-line old-record-id-GAZDfFptndZ0Z9c6lOXcRsK7nXd\">Considerazioni Finali su Razz Bar 30000 Puffs \ud83d\udcdd<\/h3>\n<div class=\"ace-line ace-line old-record-id-BjvCfAcFrdXrxVcszuzchaTanbb\">Il Razz Bar 30000 Puffs \u00e8 un vape usa e getta ben bilanciato che eccelle in longevit\u00e0, variet\u00e0 di sapori e convenienza. Il suo conteggio di 30.000 puff assicura che possa durare a lungo, mentre i 16 sapori distinti offrono molte opzioni da esplorare. La batteria ricaricabile e la ricarica Type-C aggiungono praticit\u00e0, rendendolo una scelta eccellente per i vapers che apprezzano la bassa manutenzione e le prestazioni costanti. Che tu sia un fan dei sapori fruttati, ghiacciati o classici, questo dispositivo ha qualcosa da offrire, rendendolo un'opzione solida sia per i nuovi che per i vapers esperti.<\/div>\n<\/div>\n<\/div>\n<\/div>\n<div data-page-id=\"CqcOfelW3d9K5HciTB2cO4TJnyh\" data-lark-html-role=\"root\" data-docx-has-block-data=\"false\">\n<div class=\"ace-line ace-line old-record-id-LVrzfnbI9dBEvvckY5XcN93Fnze\"><img decoding=\"async\" class=\"wp-image-3074 size-full\" title=\"Razz bar 30k sapore\" src=\"https:\/\/oiovape.com\/wp-content\/uploads\/2026\/01\/Razz-bar-30k-flavor.jpg\" alt=\"Razz bar 30k sapore\" width=\"2000\" height=\"2000\" srcset=\"https:\/\/oiovape.com\/wp-content\/uploads\/2026\/01\/Razz-bar-30k-flavor.jpg 2000w, https:\/\/oiovape.com\/wp-content\/uploads\/2026\/01\/Razz-bar-30k-flavor-300x300.jpg 300w, https:\/\/oiovape.com\/wp-content\/uploads\/2026\/01\/Razz-bar-30k-flavor-1024x1024.jpg 1024w, https:\/\/oiovape.com\/wp-content\/uploads\/2026\/01\/Razz-bar-30k-flavor-150x150.jpg 150w, https:\/\/oiovape.com\/wp-content\/uploads\/2026\/01\/Razz-bar-30k-flavor-768x768.jpg 768w, https:\/\/oiovape.com\/wp-content\/uploads\/2026\/01\/Razz-bar-30k-flavor-1536x1536.jpg 1536w, https:\/\/oiovape.com\/wp-content\/uploads\/2026\/01\/Razz-bar-30k-flavor-600x600.jpg 600w, https:\/\/oiovape.com\/wp-content\/uploads\/2026\/01\/Razz-bar-30k-flavor-1200x1200.jpg 1200w\" sizes=\"(max-width: 2000px) 100vw, 2000px\" \/><\/div>\n<\/div>\n<\/div>\n<\/div>\n<\/div>\n<\/div>\n<\/div>\n<\/div>\n<\/div>\n<\/div>\n<\/div>\n<\/div>\n<\/div>\n<\/div>\n<\/div>\n<\/div>\n<\/div>\n<\/div>\n<\/div>\n<\/div>\n<\/div>","protected":false},"excerpt":{"rendered":"<div data-page-id=\"RAopf2sw9dtvw4cWYXpcTwo0n8g\" data-lark-html-role=\"root\" data-docx-has-block-data=\"false\">\n<div class=\"ace-line ace-line old-record-id-Uju9f3RXYd8dh2crAJbcBF3Un6M\">Razz bar 30000 Puffs offre una soddisfazione duratura con 16 sapori vivaci\u2014dal fruttato Triple melon al ghiacciato Blue Razz ice. Dotato di nicotina 2\/5%, una batteria ricaricabile da 650mAh e ricarica Type-C, la sua coil in mesh garantisce un vapore fluido. Confezionato in 200 per cartone, \u00e8 pratico per l'uso quotidiano.<\/div>\n<\/div>","protected":false},"featured_media":3083,"comment_status":"open","ping_status":"closed","template":"","meta":{"_acf_changed":false,"inline_featured_image":false,"_sitemap_exclude":false,"_sitemap_priority":"","_sitemap_frequency":""},"product_brand":[171],"product_cat":[170,239,264,229],"product_tag":[],"class_list":{"0":"post-3071","1":"product","2":"type-product","3":"status-publish","4":"has-post-thumbnail","6":"product_brand-razz-bar","7":"product_cat-razz-bar-puff","8":"product_cat-disposable-vape-collection","9":"product_cat-30k-puffs","10":"product_cat-ship-from-german","12":"first","13":"instock","14":"sale","15":"shipping-taxable","16":"purchasable","17":"product-type-variable","18":"has-default-attributes"},"acf":[],"tiered_pricing_type":"fixed","tiered_pricing_fixed_rules":{"30":10.39,"60":9.99,"100":9.11,"200":8.4},"tiered_pricing_product_settings":{"layout":"default","base_unit_name":{"singular":null,"plural":null},"default_variation":null},"tiered_pricing_minimum_quantity":null,"tiered_pricing_roles_data":[],"tiered_pricing_percentage_rules":[],"tiered_pricing_maximum_quantity":null,"tiered_pricing_quantity_step":"10","_links":{"self":[{"href":"https:\/\/oiovape.com\/it\/wp-json\/wp\/v2\/product\/3071","targetHints":{"allow":["GET"]}}],"collection":[{"href":"https:\/\/oiovape.com\/it\/wp-json\/wp\/v2\/product"}],"about":[{"href":"https:\/\/oiovape.com\/it\/wp-json\/wp\/v2\/types\/product"}],"replies":[{"embeddable":true,"href":"https:\/\/oiovape.com\/it\/wp-json\/wp\/v2\/comments?post=3071"}],"version-history":[{"count":1,"href":"https:\/\/oiovape.com\/it\/wp-json\/wp\/v2\/product\/3071\/revisions"}],"predecessor-version":[{"id":7803,"href":"https:\/\/oiovape.com\/it\/wp-json\/wp\/v2\/product\/3071\/revisions\/7803"}],"wp:featuredmedia":[{"embeddable":true,"href":"https:\/\/oiovape.com\/it\/wp-json\/wp\/v2\/media\/3083"}],"wp:attachment":[{"href":"https:\/\/oiovape.com\/it\/wp-json\/wp\/v2\/media?parent=3071"}],"wp:term":[{"taxonomy":"product_brand","embeddable":true,"href":"https:\/\/oiovape.com\/it\/wp-json\/wp\/v2\/product_brand?post=3071"},{"taxonomy":"product_cat","embeddable":true,"href":"https:\/\/oiovape.com\/it\/wp-json\/wp\/v2\/product_cat?post=3071"},{"taxonomy":"product_tag","embeddable":true,"href":"https:\/\/oiovape.com\/it\/wp-json\/wp\/v2\/product_tag?post=3071"}],"curies":[{"name":"wp","href":"https:\/\/api.w.org\/{rel}","templated":true}]}}