{"id":3098,"date":"2026-01-05T08:13:54","date_gmt":"2026-01-05T08:13:54","guid":{"rendered":"https:\/\/oiovape.com\/?post_type=product&#038;p=3098"},"modified":"2026-03-20T18:23:07","modified_gmt":"2026-03-20T10:23:07","slug":"razz-bar-50000-puffs","status":"publish","type":"product","link":"https:\/\/oiovape.com\/it\/product\/razz-bar-50000-puffs\/","title":{"rendered":"Razz bar 50000 PUFFS 2% 5% Coil a Rete Nicotina Display LED Ricaricabile Sigaretta Elettronica Monouso"},"content":{"rendered":"<div data-page-id=\"ZVeMfq8uxd7y1ycuKm5cym4LnYd\" data-lark-html-role=\"root\" data-docx-has-block-data=\"false\">\n<div data-page-id=\"Fd41fZ5N9dzRQtcRNoVc2FuDnCh\" data-lark-html-role=\"root\" data-docx-has-block-data=\"true\">\n<div data-page-id=\"BdIJfeeijdk1eucGpS8cDCBBn5c\" data-lark-html-role=\"root\" data-docx-has-block-data=\"false\">\n<div data-page-id=\"Zbg9fWx77dUuh2cIYpic25c8nyd\" data-lark-html-role=\"root\" data-docx-has-block-data=\"false\">\n<div data-page-id=\"KaIvfiurhdlCKdc0kyxcX64cnE6\" data-lark-html-role=\"root\" data-docx-has-block-data=\"true\">\n<div data-page-id=\"PbvFfqxqlddUTScRpEYcY5MHnpf\" data-lark-html-role=\"root\" data-docx-has-block-data=\"true\">\n<div data-page-id=\"GZO2f5JeudwY4jc9iJtcdk9Hnxh\" data-lark-html-role=\"root\" data-docx-has-block-data=\"false\">\n<div data-page-id=\"EZVRf2acFduXLGcseZFc4qH2n6e\" data-lark-html-role=\"root\" data-docx-has-block-data=\"false\">\n<div data-page-id=\"B8rHfcqlqdzmH5cCWCncz17Cntb\" data-lark-html-role=\"root\" data-docx-has-block-data=\"false\">\n<div data-page-id=\"B8rHfcqlqdzmH5cCWCncz17Cntb\" data-lark-html-role=\"root\" data-docx-has-block-data=\"false\">\n<div data-page-id=\"B8rHfcqlqdzmH5cCWCncz17Cntb\" data-lark-html-role=\"root\" data-docx-has-block-data=\"true\">\n<div data-page-id=\"HM70f1aoxdD0bMcxJZBcVc7ynZd\" data-lark-html-role=\"root\" data-docx-has-block-data=\"false\">\n<div data-page-id=\"NSrJfN7Ord22i0c1iwZcsF8yn8b\" data-lark-html-role=\"root\" data-docx-has-block-data=\"false\">\n<div data-page-id=\"RXEff4Mskds8o1cqL5HcGEtUnCh\" data-lark-html-role=\"root\" data-docx-has-block-data=\"false\">\n<div data-page-id=\"KJ7gfqkVndMSRJcMseScmvYwnTc\" data-lark-html-role=\"root\" data-docx-has-block-data=\"false\">\n<div class=\"ace-line ace-line old-record-id-QADAfETPudgmudc05YvcTO5fnxe\">\n<div data-page-id=\"KJ7gfqkVndMSRJcMseScmvYwnTc\" data-lark-html-role=\"root\" data-docx-has-block-data=\"false\">\n<div class=\"ace-line ace-line old-record-id-JoRkfpho8dOkiacEOascDyCOncb\">\n<div data-page-id=\"KJ7gfqkVndMSRJcMseScmvYwnTc\" data-lark-html-role=\"root\" data-docx-has-block-data=\"false\">\n<div data-page-id=\"Ju6ofQ3V4dGmePcVvJvc1gmcnZb\" data-lark-html-role=\"root\" data-docx-has-block-data=\"true\">\n<div data-page-id=\"PR9ife5PLdFabccbFgZcWgZOnTc\" data-lark-html-role=\"root\" data-docx-has-block-data=\"false\">\n<h2 class=\"ace-line ace-line old-record-id-PR9ife5PLdFabccbFgZcWgZOnTc\">Razz bar 50000 Puff: Variet\u00e0 di Gusti e Caratteristiche Principali<\/h2>\n<div class=\"ace-line ace-line old-record-id-A6XZfluvddJ06NcBr6EcX1D2nhe\">Per i vapers che cercano un uso prolungato e esperienze di gusto diverse, il Razz bar 50000 Puff emerge come un'opzione notevole. Con 16 gusti distinti e una serie di configurazioni pratiche, soddisfa diverse preferenze di gusto e necessit\u00e0 d'uso. Approfondiamo i suoi punti salienti e le offerte di gusto.<\/div>\n<h3 class=\"heading-2 ace-line old-record-id-QGM5f0DE8dPu0wcrPUlcxu6rnug\">Selezione dei Gusti: Da Frutti Classici a Miscele Uniche<\/h3>\n<div class=\"ace-line ace-line old-record-id-FGU3fbwCKdcsIVcftJTcOa5nnwh\">\n<p>The Razz bar 50K boasts an extensive flavor lineup, covering classic fruit notes, icy variants, and creative blends. Whether you prefer the freshness of pure fruit or the coolness of ice-infused flavors, there\u2019s likely an option for you.<\/p>\n<p>1.Raspberry Watermelon<br \/>\n2.Strawberry Ice<br \/>\n3. Red Bull Uva<br \/>\n4.Tropical Fruit<br \/>\n5. Banana<br \/>\n6. Mirtillo Ghiacciato<br \/>\n7.Peach Ice<br \/>\n8.Pineapple Coconut<br \/>\n9.Watermelon Ice<br \/>\n10.Lemon Lime<br \/>\n11. Fragola Banana<br \/>\n12.Mr Blue<br \/>\n13.Strawberry Watermelon Bubble Gum<br \/>\n14. Limonata rosa<br \/>\n15.Cherry Cola<br \/>\n16.Gummy Bear<br \/>\n<img decoding=\"async\" class=\"alignnone wp-image-3110 size-full\" title=\"Razz bar 50k gusto\" src=\"https:\/\/oiovape.com\/wp-content\/uploads\/2026\/01\/Razz-bar-50k-flavor-scaled.jpg\" alt=\"Razz bar 50k gusto\" width=\"1506\" height=\"2560\" srcset=\"https:\/\/oiovape.com\/wp-content\/uploads\/2026\/01\/Razz-bar-50k-flavor-scaled.jpg 1506w, https:\/\/oiovape.com\/wp-content\/uploads\/2026\/01\/Razz-bar-50k-flavor-176x300.jpg 176w, https:\/\/oiovape.com\/wp-content\/uploads\/2026\/01\/Razz-bar-50k-flavor-602x1024.jpg 602w, https:\/\/oiovape.com\/wp-content\/uploads\/2026\/01\/Razz-bar-50k-flavor-768x1306.jpg 768w, https:\/\/oiovape.com\/wp-content\/uploads\/2026\/01\/Razz-bar-50k-flavor-904x1536.jpg 904w, https:\/\/oiovape.com\/wp-content\/uploads\/2026\/01\/Razz-bar-50k-flavor-1205x2048.jpg 1205w, https:\/\/oiovape.com\/wp-content\/uploads\/2026\/01\/Razz-bar-50k-flavor-1200x2040.jpg 1200w, https:\/\/oiovape.com\/wp-content\/uploads\/2026\/01\/Razz-bar-50k-flavor-150x255.jpg 150w\" sizes=\"(max-width: 1506px) 100vw, 1506px\" \/><\/p>\n<\/div>\n<h3 class=\"heading-2 ace-line old-record-id-Mue4fyAYHdOJIycsbZJcUBvOnFg\">Configurazioni Principali: Pratiche e Durature<\/h3>\n<div class=\"ace-line ace-line old-record-id-GZ0wfaTfpdPI1QcKDJXcZhHpnec\">Oltre ai gusti, il Razz bar 50000 Puff \u00e8 dotato di configurazioni progettate per la comodit\u00e0 e la durata. Presenta opzioni di nicotina salina 2% o 5%, consentendo agli utenti di scegliere la propria forza di nicotina preferita in base alle abitudini personali. La capacit\u00e0 di 50000 puff garantisce un uso a lungo termine senza frequenti sostituzioni, mentre la batteria ricaricabile da 650mAh elimina la necessit\u00e0 di dispositivi usa e getta una volta esaurita la batteria.<\/div>\n<div class=\"ace-line ace-line old-record-id-QphzfCq85dkP6JcEDepcrNXnnDh\">Dotato di una coil a rete, il dispositivo offre un sapore costante e una produzione di vapore fluida. La porta di ricarica Type-C aggiunge comodit\u00e0, consentendo una ricarica rapida e semplice con cavi comuni.<\/div>\n<h3 class=\"heading-2 ace-line old-record-id-LSJ9fjA21dYDwkcGaQhc8VkRnqc\">Domande e Risposte: Domande Comuni<\/h3>\n<p class=\"heading-3 ace-line old-record-id-IISGf80xgdHXaNc2rLGcvxNunTe\"><strong>Q1:<\/strong> Quanto dura il dispositivo da 50.000 puff in uso quotidiano?<\/p>\n<div class=\"ace-line ace-line old-record-id-ZA0OfILJadT7XQc3o2scdPsVnba\"><strong>A1:<\/strong> La durata varia in base alla frequenza d'uso, ma per i vapers medi (100-150 puff al giorno), pu\u00f2 durare 6-8 mesi. Gli utenti pesanti potrebbero esaurirlo pi\u00f9 rapidamente, circa 3-5 mesi.<\/div>\n<p class=\"heading-3 ace-line old-record-id-XPS0fHNowd7A2Ecsnc8cCJDqnOb\"><strong>Q2:<\/strong> \u00c8 facile ricaricare il dispositivo?<\/p>\n<div class=\"ace-line ace-line old-record-id-FeaZf00vSdoeFccICtqctqMQnub\"><strong>A2:<\/strong> S\u00ec. Utilizza una porta Type-C, che \u00e8 ampiamente compatibile con la maggior parte dei caricabatterie per telefoni e power bank. Basta collegare il cavo al dispositivo e a una fonte di alimentazione per ricaricare.<\/div>\n<p class=\"heading-3 ace-line old-record-id-IhaVffB9zdcgLEcwCfMc47lvn0g\"><strong>Q3:<\/strong> Le forze di nicotina salina sono adatte ai principianti?<\/p>\n<div class=\"ace-line ace-line old-record-id-JkuEfkqQAdFPkYcUmCpcZ5FinEf\"><strong>A3:<\/strong> Si consiglia ai principianti di iniziare con l'opzione di nicotina salina 2%, poich\u00e9 fornisce un colpo alla gola pi\u00f9 delicato. L'opzione 5% \u00e8 pi\u00f9 adatta ai vapers esperti che preferiscono una sensazione di nicotina pi\u00f9 forte.<\/div>\n<\/div>\n<\/div>\n<\/div>\n<\/div>\n<\/div>\n<\/div>\n<\/div>\n<\/div>\n<\/div>\n<\/div>\n<\/div>\n<\/div>\n<\/div>\n<\/div>\n<\/div>\n<\/div>\n<\/div>\n<\/div>\n<\/div>\n<\/div>\n<\/div>","protected":false},"excerpt":{"rendered":"<div data-page-id=\"RAopf2sw9dtvw4cWYXpcTwo0n8g\" data-lark-html-role=\"root\" data-docx-has-block-data=\"false\">\n<div class=\"ace-line ace-line old-record-id-Uju9f3RXYd8dh2crAJbcBF3Un6M\">Razz bar 50000 Puff offre 16 sapori vibranti\u2014dal fruttato Lampone Anguria al ghiacciato Fragola Ghiacciata e all'unico Uva Red Bull. Con 2%\/5% di nicotina salina, una batteria ricaricabile da 650mAh, ricarica Type-C e bobina a rete, offre un'esperienza di svapo fluida e duratura che si adatta a tutte le preferenze di gusto.<\/div>\n<\/div>","protected":false},"featured_media":3100,"comment_status":"open","ping_status":"closed","template":"","meta":{"_acf_changed":false,"inline_featured_image":false,"_sitemap_exclude":false,"_sitemap_priority":"","_sitemap_frequency":""},"product_brand":[171],"product_cat":[170,239,243],"product_tag":[],"class_list":{"0":"post-3098","1":"product","2":"type-product","3":"status-publish","4":"has-post-thumbnail","6":"product_brand-razz-bar","7":"product_cat-razz-bar-puff","8":"product_cat-disposable-vape-collection","9":"product_cat-50k-puff","11":"first","12":"instock","13":"sale","14":"shipping-taxable","15":"purchasable","16":"product-type-variable","17":"has-default-attributes"},"acf":[],"tiered_pricing_type":"fixed","tiered_pricing_fixed_rules":{"30":10.49,"60":9.35,"100":8.26,"200":7.6},"tiered_pricing_product_settings":{"layout":"default","base_unit_name":{"singular":null,"plural":null},"default_variation":null},"tiered_pricing_minimum_quantity":null,"tiered_pricing_roles_data":[],"tiered_pricing_percentage_rules":[],"tiered_pricing_maximum_quantity":null,"tiered_pricing_quantity_step":"10","_links":{"self":[{"href":"https:\/\/oiovape.com\/it\/wp-json\/wp\/v2\/product\/3098","targetHints":{"allow":["GET"]}}],"collection":[{"href":"https:\/\/oiovape.com\/it\/wp-json\/wp\/v2\/product"}],"about":[{"href":"https:\/\/oiovape.com\/it\/wp-json\/wp\/v2\/types\/product"}],"replies":[{"embeddable":true,"href":"https:\/\/oiovape.com\/it\/wp-json\/wp\/v2\/comments?post=3098"}],"version-history":[{"count":4,"href":"https:\/\/oiovape.com\/it\/wp-json\/wp\/v2\/product\/3098\/revisions"}],"predecessor-version":[{"id":7796,"href":"https:\/\/oiovape.com\/it\/wp-json\/wp\/v2\/product\/3098\/revisions\/7796"}],"wp:featuredmedia":[{"embeddable":true,"href":"https:\/\/oiovape.com\/it\/wp-json\/wp\/v2\/media\/3100"}],"wp:attachment":[{"href":"https:\/\/oiovape.com\/it\/wp-json\/wp\/v2\/media?parent=3098"}],"wp:term":[{"taxonomy":"product_brand","embeddable":true,"href":"https:\/\/oiovape.com\/it\/wp-json\/wp\/v2\/product_brand?post=3098"},{"taxonomy":"product_cat","embeddable":true,"href":"https:\/\/oiovape.com\/it\/wp-json\/wp\/v2\/product_cat?post=3098"},{"taxonomy":"product_tag","embeddable":true,"href":"https:\/\/oiovape.com\/it\/wp-json\/wp\/v2\/product_tag?post=3098"}],"curies":[{"name":"wp","href":"https:\/\/api.w.org\/{rel}","templated":true}]}}