{"id":3154,"date":"2026-01-06T02:43:33","date_gmt":"2026-01-06T02:43:33","guid":{"rendered":"https:\/\/oiovape.com\/?post_type=product&#038;p=3154"},"modified":"2026-03-20T18:24:32","modified_gmt":"2026-03-20T10:24:32","slug":"razz-bar-60000-puffs-crystal","status":"publish","type":"product","link":"https:\/\/oiovape.com\/it\/product\/razz-bar-60000-puffs-crystal\/","title":{"rendered":"Razz bar 60000 PUFFS Modello Crystal Con Batteria da 650mAh Ricaricabile Penna Vape Intelligente"},"content":{"rendered":"<div data-page-id=\"ZVeMfq8uxd7y1ycuKm5cym4LnYd\" data-lark-html-role=\"root\" data-docx-has-block-data=\"false\">\n<div data-page-id=\"Fd41fZ5N9dzRQtcRNoVc2FuDnCh\" data-lark-html-role=\"root\" data-docx-has-block-data=\"true\">\n<div data-page-id=\"BdIJfeeijdk1eucGpS8cDCBBn5c\" data-lark-html-role=\"root\" data-docx-has-block-data=\"false\">\n<div data-page-id=\"Zbg9fWx77dUuh2cIYpic25c8nyd\" data-lark-html-role=\"root\" data-docx-has-block-data=\"false\">\n<div data-page-id=\"KaIvfiurhdlCKdc0kyxcX64cnE6\" data-lark-html-role=\"root\" data-docx-has-block-data=\"true\">\n<div data-page-id=\"PbvFfqxqlddUTScRpEYcY5MHnpf\" data-lark-html-role=\"root\" data-docx-has-block-data=\"true\">\n<div data-page-id=\"GZO2f5JeudwY4jc9iJtcdk9Hnxh\" data-lark-html-role=\"root\" data-docx-has-block-data=\"false\">\n<div data-page-id=\"EZVRf2acFduXLGcseZFc4qH2n6e\" data-lark-html-role=\"root\" data-docx-has-block-data=\"false\">\n<div data-page-id=\"B8rHfcqlqdzmH5cCWCncz17Cntb\" data-lark-html-role=\"root\" data-docx-has-block-data=\"false\">\n<div data-page-id=\"B8rHfcqlqdzmH5cCWCncz17Cntb\" data-lark-html-role=\"root\" data-docx-has-block-data=\"false\">\n<div data-page-id=\"B8rHfcqlqdzmH5cCWCncz17Cntb\" data-lark-html-role=\"root\" data-docx-has-block-data=\"true\">\n<div data-page-id=\"HM70f1aoxdD0bMcxJZBcVc7ynZd\" data-lark-html-role=\"root\" data-docx-has-block-data=\"false\">\n<div data-page-id=\"NSrJfN7Ord22i0c1iwZcsF8yn8b\" data-lark-html-role=\"root\" data-docx-has-block-data=\"false\">\n<div data-page-id=\"RXEff4Mskds8o1cqL5HcGEtUnCh\" data-lark-html-role=\"root\" data-docx-has-block-data=\"false\">\n<div data-page-id=\"KJ7gfqkVndMSRJcMseScmvYwnTc\" data-lark-html-role=\"root\" data-docx-has-block-data=\"false\">\n<div class=\"ace-line ace-line old-record-id-QADAfETPudgmudc05YvcTO5fnxe\">\n<div data-page-id=\"KJ7gfqkVndMSRJcMseScmvYwnTc\" data-lark-html-role=\"root\" data-docx-has-block-data=\"false\">\n<div class=\"ace-line ace-line old-record-id-JoRkfpho8dOkiacEOascDyCOncb\">\n<div data-page-id=\"KJ7gfqkVndMSRJcMseScmvYwnTc\" data-lark-html-role=\"root\" data-docx-has-block-data=\"false\">\n<div data-page-id=\"Ju6ofQ3V4dGmePcVvJvc1gmcnZb\" data-lark-html-role=\"root\" data-docx-has-block-data=\"true\">\n<div data-page-id=\"PR9ife5PLdFabccbFgZcWgZOnTc\" data-lark-html-role=\"root\" data-docx-has-block-data=\"false\">\n<div data-page-id=\"INdrfOIGzdaenXcptrcc1BcznQc\" data-lark-html-role=\"root\" data-docx-has-block-data=\"false\">\n<div class=\"ace-line ace-line old-record-id-P0fIf4YaZdoGkbcxt5ackec2nnb\">\n<div data-page-id=\"INdrfOIGzdaenXcptrcc1BcznQc\" data-lark-html-role=\"root\" data-docx-has-block-data=\"false\">\n<div data-page-id=\"MAzCfUB73dMTQscm8eWcougVn1g\" data-lark-html-role=\"root\" data-docx-has-block-data=\"true\">\n<h2 class=\"ace-line ace-line old-record-id-MAzCfUB73dMTQscm8eWcougVn1g\">Razz Bar 60000 Puff Crystal Introduzione al prodotto<\/h2>\n<div class=\"ace-line ace-line old-record-id-OVvgfrvvgd7Ad3cTXrQcpKiEnJE\">Se sei alla ricerca di un vape usa e getta duraturo e ricco di sapore, il Razz Bar 60000 Puff Crystal merita un posto nella tua lista. Ricco di 16 sapori unici e una serie di funzionalit\u00e0 intuitive, offre un buon equilibrio tra prestazioni e piacere\u2014nessuna affermazione esagerata, solo soddisfazione affidabile per gli appassionati di vaping. \ud83d\udd2e<\/div>\n<h3 class=\"heading-2 ace-line old-record-id-PUQCfOAlIdomABcWWZAcx6TBnQd\">Punti salienti dei sapori: Opzioni diverse per ogni gusto<\/h3>\n<div class=\"ace-line ace-line old-record-id-DXSBfK3ngdeXlHcUZ65c7gANnfe\">Uno dei maggiori punti di attrazione di questo dispositivo \u00e8 la sua ampia gamma di sapori, che copre tutto, dalla frutta fresca ai dolci. Che tu preferisca note brillanti e piccanti o miscele cremose e indulgenti, c'\u00e8 probabilmente qualcosa qui che si adatta al tuo umore.\ud83c\udf53\ud83c\udf51<\/div>\n<p class=\"heading-3 ace-line old-record-id-QHqSfzxnkdiJZdcRBA9cnUKcnEf\">1. Fragola Banana<br \/>\n2. Juicy Peach Ice<br \/>\n3. Coco Loco<br \/>\n4. Mirtillo lampone aspro<br \/>\n5. Cotton Candy<br \/>\n6. Gummy Bear<br \/>\n7. Blueberry Watermelon<br \/>\n8. Lemon Peach Passion Fruit<br \/>\n9. Frutto del drago ghiacciato nero e fragola<br \/>\n10. Bacche Miste<br \/>\n11. Amore 66<br \/>\n12. Strawberry Kiwi<br \/>\n13. Frutta tropicale<br \/>\n14. Fragola vaniglia Coca-Cola<br \/>\n15. Limone Lime<br \/>\n16. Sogno estivo<\/p>\n<p><img decoding=\"async\" class=\"alignnone wp-image-3168 size-full\" title=\"RAZZ BAR 60k PUFFS Crystal\" src=\"https:\/\/oiovape.com\/wp-content\/uploads\/2026\/01\/RAZZ-BAR-60k-PUFFS-Crystal-scaled.jpg\" alt=\"RAZZ BAR 60k PUFFS Crystal\" width=\"1942\" height=\"2560\" srcset=\"https:\/\/oiovape.com\/wp-content\/uploads\/2026\/01\/RAZZ-BAR-60k-PUFFS-Crystal-scaled.jpg 1942w, https:\/\/oiovape.com\/wp-content\/uploads\/2026\/01\/RAZZ-BAR-60k-PUFFS-Crystal-228x300.jpg 228w, https:\/\/oiovape.com\/wp-content\/uploads\/2026\/01\/RAZZ-BAR-60k-PUFFS-Crystal-777x1024.jpg 777w, https:\/\/oiovape.com\/wp-content\/uploads\/2026\/01\/RAZZ-BAR-60k-PUFFS-Crystal-768x1012.jpg 768w, https:\/\/oiovape.com\/wp-content\/uploads\/2026\/01\/RAZZ-BAR-60k-PUFFS-Crystal-1165x1536.jpg 1165w, https:\/\/oiovape.com\/wp-content\/uploads\/2026\/01\/RAZZ-BAR-60k-PUFFS-Crystal-1554x2048.jpg 1554w, https:\/\/oiovape.com\/wp-content\/uploads\/2026\/01\/RAZZ-BAR-60k-PUFFS-Crystal-1200x1582.jpg 1200w, https:\/\/oiovape.com\/wp-content\/uploads\/2026\/01\/RAZZ-BAR-60k-PUFFS-Crystal-150x198.jpg 150w\" sizes=\"(max-width: 1942px) 100vw, 1942px\" \/><\/p>\n<h3 class=\"heading-2 ace-line old-record-id-Rx7jfx91Vdeqr5cNWpicVhz2nUf\">Caratteristiche principali: Prestazioni affidabili e comodit\u00e0<\/h3>\n<div class=\"ace-line ace-line old-record-id-QWqqfmZ5rdkmCRcDmAgc3tvQnVO\">Oltre ai sapori, il Razz Bar 60000 Puff Crystal \u00e8 dotato di funzionalit\u00e0 pratiche che migliorano l'esperienza di vaping. Ecco una rapida panoramica delle sue specifiche principali:<\/div>\n<div>\n<table class=\"ace-table\" data-ace-table-col-widths=\"200;200\">\n<colgroup>\n<col width=\"200\" \/>\n<col width=\"200\" \/><\/colgroup>\n<thead>\n<tr>\n<th colspan=\"1\" rowspan=\"1\">\n<div class=\"ace-line ace-line old-record-id-XHDlf5n5Sds5TUcvh1mcQhkvni2\">Specifiche<\/div>\n<\/th>\n<th colspan=\"1\" rowspan=\"1\">\n<div class=\"ace-line ace-line old-record-id-O5V1fyiThdstYKcP4PTc7d0xn3g\">Dettagli<\/div>\n<\/th>\n<\/tr>\n<\/thead>\n<tbody>\n<tr>\n<td colspan=\"1\" rowspan=\"1\">\n<div class=\"ace-line ace-line old-record-id-BwF6f6esKdpwMfc2Wo6cCl2Jne9\">Forza della Nicotina<\/div>\n<\/td>\n<td colspan=\"1\" rowspan=\"1\">\n<div class=\"ace-line ace-line old-record-id-UewVfUpzwdUBHZcMUN0ckb9pn8g\">2% \/ 5% (opzionale)<\/div>\n<\/td>\n<\/tr>\n<tr>\n<td colspan=\"1\" rowspan=\"1\">\n<div class=\"ace-line ace-line old-record-id-DMGEftwQldLHRkcS5LRcfcg6nXc\">Conteggio di Tiri<\/div>\n<\/td>\n<td colspan=\"1\" rowspan=\"1\">\n<div class=\"ace-line ace-line old-record-id-SW85fw2bhdxyuccqxMecpducnQf\">60000 puff<\/div>\n<\/td>\n<\/tr>\n<tr>\n<td colspan=\"1\" rowspan=\"1\">\n<div class=\"ace-line ace-line old-record-id-G7ELfbLsVdbPjlcl6R3cArBTnuh\">Opzioni di Sapore<\/div>\n<\/td>\n<td colspan=\"1\" rowspan=\"1\">\n<div class=\"ace-line ace-line old-record-id-PGYZf1n8VdTgJPcH1EbcthVonrd\">16 disponibili<\/div>\n<\/td>\n<\/tr>\n<tr>\n<td colspan=\"1\" rowspan=\"1\">\n<div class=\"ace-line ace-line old-record-id-L57rfTTsqdpy15cgX0GchDI7neg\">Batteria<\/div>\n<\/td>\n<td colspan=\"1\" rowspan=\"1\">\n<div class=\"ace-line ace-line old-record-id-XBZ5fbTLVdbSPAcHezOclCRNnqh\">650mAh ricaricabile<\/div>\n<\/td>\n<\/tr>\n<tr>\n<td colspan=\"1\" rowspan=\"1\">\n<div class=\"ace-line ace-line old-record-id-Xt8LfU70KdGlwJcSq3FcEZc2nbg\">Resistenza<\/div>\n<\/td>\n<td colspan=\"1\" rowspan=\"1\">\n<div class=\"ace-line ace-line old-record-id-MrjMfmJZZdWzEucOiwpcGcrtnCe\">Coil a rete (per vapore morbido)<\/div>\n<\/td>\n<\/tr>\n<tr>\n<td colspan=\"1\" rowspan=\"1\">\n<div class=\"ace-line ace-line old-record-id-DeCffWAzFd8kUXchpKYcfUvQnD5\">Porta di Ricarica<\/div>\n<\/td>\n<td colspan=\"1\" rowspan=\"1\">\n<div class=\"ace-line ace-line old-record-id-SMM8fST3Zdfkyfcpw7xc2UYOnkh\">Tipo-C (veloce e conveniente)<\/div>\n<\/td>\n<\/tr>\n<\/tbody>\n<\/table>\n<\/div>\n<div class=\"ace-line ace-line old-record-id-Q3yFfBa7HdtP6McG2A6cbTHznFg\">La batteria ricaricabile da 650mAh garantisce che tu possa goderti tutti i 60000 puff senza esaurire prematuramente la carica, e la porta di ricarica Tipo-C significa ricariche rapide quando necessario. Il design della coil a rete aiuta a fornire un sapore costante e un vapore morbido, evitando colpi duri che possono rovinare l'esperienza.<\/div>\n<div class=\"ace-line ace-line old-record-id-HQR7fGqdLd4DficJC3WcR86Pn9f\">In generale, il Razz Bar 60000 Puff Crystal \u00e8 una scelta solida per i vapers che desiderano variet\u00e0, longevit\u00e0 e facilit\u00e0 d'uso. Con la sua ampia gamma di sapori e funzionalit\u00e0 affidabili, \u00e8 progettato per mantenerti soddisfatto attraverso innumerevoli puff.<\/div>\n<\/div>\n<\/div>\n<\/div>\n<\/div>\n<\/div>\n<\/div>\n<\/div>\n<\/div>\n<\/div>\n<\/div>\n<\/div>\n<\/div>\n<\/div>\n<\/div>\n<\/div>\n<\/div>\n<\/div>\n<\/div>\n<\/div>\n<\/div>\n<\/div>\n<\/div>\n<\/div>\n<\/div>\n<\/div>","protected":false},"excerpt":{"rendered":"<div data-page-id=\"RAopf2sw9dtvw4cWYXpcTwo0n8g\" data-lark-html-role=\"root\" data-docx-has-block-data=\"false\">\n<div class=\"ace-line ace-line old-record-id-Uju9f3RXYd8dh2crAJbcBF3Un6M\">Razz Bar 60000 Puff Crystal offre 16 gusti deliziosi\u2014dal fruttato Fragola Banana al dolce Zucchero Filato. Con 2\/5% di nicotina, batteria ricaricabile da 650mAh e ricarica Type-C, la sua coil in mesh produce vapore morbido. Perfetto per i vapers che desiderano un piacere duraturo e vario.<\/div>\n<\/div>","protected":false},"featured_media":3166,"comment_status":"open","ping_status":"closed","template":"","meta":{"_acf_changed":false,"inline_featured_image":false,"_sitemap_exclude":false,"_sitemap_priority":"","_sitemap_frequency":""},"product_brand":[171],"product_cat":[170,239,242,229],"product_tag":[],"class_list":{"0":"post-3154","1":"product","2":"type-product","3":"status-publish","4":"has-post-thumbnail","6":"product_brand-razz-bar","7":"product_cat-razz-bar-puff","8":"product_cat-disposable-vape-collection","9":"product_cat-60k-puff","10":"product_cat-ship-from-german","12":"first","13":"instock","14":"sale","15":"shipping-taxable","16":"purchasable","17":"product-type-variable","18":"has-default-attributes"},"acf":[],"tiered_pricing_type":"fixed","tiered_pricing_fixed_rules":{"30":10.99,"60":10.03,"100":9.25,"200":8.46},"tiered_pricing_product_settings":{"layout":"default","base_unit_name":{"singular":null,"plural":null},"default_variation":null},"tiered_pricing_minimum_quantity":null,"tiered_pricing_roles_data":[],"tiered_pricing_percentage_rules":[],"tiered_pricing_maximum_quantity":null,"tiered_pricing_quantity_step":"10","_links":{"self":[{"href":"https:\/\/oiovape.com\/it\/wp-json\/wp\/v2\/product\/3154","targetHints":{"allow":["GET"]}}],"collection":[{"href":"https:\/\/oiovape.com\/it\/wp-json\/wp\/v2\/product"}],"about":[{"href":"https:\/\/oiovape.com\/it\/wp-json\/wp\/v2\/types\/product"}],"replies":[{"embeddable":true,"href":"https:\/\/oiovape.com\/it\/wp-json\/wp\/v2\/comments?post=3154"}],"version-history":[{"count":2,"href":"https:\/\/oiovape.com\/it\/wp-json\/wp\/v2\/product\/3154\/revisions"}],"predecessor-version":[{"id":7805,"href":"https:\/\/oiovape.com\/it\/wp-json\/wp\/v2\/product\/3154\/revisions\/7805"}],"wp:featuredmedia":[{"embeddable":true,"href":"https:\/\/oiovape.com\/it\/wp-json\/wp\/v2\/media\/3166"}],"wp:attachment":[{"href":"https:\/\/oiovape.com\/it\/wp-json\/wp\/v2\/media?parent=3154"}],"wp:term":[{"taxonomy":"product_brand","embeddable":true,"href":"https:\/\/oiovape.com\/it\/wp-json\/wp\/v2\/product_brand?post=3154"},{"taxonomy":"product_cat","embeddable":true,"href":"https:\/\/oiovape.com\/it\/wp-json\/wp\/v2\/product_cat?post=3154"},{"taxonomy":"product_tag","embeddable":true,"href":"https:\/\/oiovape.com\/it\/wp-json\/wp\/v2\/product_tag?post=3154"}],"curies":[{"name":"wp","href":"https:\/\/api.w.org\/{rel}","templated":true}]}}