{"id":3171,"date":"2026-01-06T03:06:37","date_gmt":"2026-01-06T03:06:37","guid":{"rendered":"https:\/\/oiovape.com\/?post_type=product&#038;p=3171"},"modified":"2026-03-20T18:25:40","modified_gmt":"2026-03-20T10:25:40","slug":"razz-bar-40000-puffs-with-screen","status":"publish","type":"product","link":"https:\/\/oiovape.com\/it\/product\/razz-bar-40000-puffs-with-screen\/","title":{"rendered":"Razz bar 40000 PUFFS Con Schermo 2% 5% Nicotina Coil a Maglia Batteria Ricaricabile E-cigarette Smart"},"content":{"rendered":"<div data-page-id=\"ZVeMfq8uxd7y1ycuKm5cym4LnYd\" data-lark-html-role=\"root\" data-docx-has-block-data=\"false\">\n<div data-page-id=\"Fd41fZ5N9dzRQtcRNoVc2FuDnCh\" data-lark-html-role=\"root\" data-docx-has-block-data=\"true\">\n<div data-page-id=\"BdIJfeeijdk1eucGpS8cDCBBn5c\" data-lark-html-role=\"root\" data-docx-has-block-data=\"false\">\n<div data-page-id=\"Zbg9fWx77dUuh2cIYpic25c8nyd\" data-lark-html-role=\"root\" data-docx-has-block-data=\"false\">\n<div data-page-id=\"KaIvfiurhdlCKdc0kyxcX64cnE6\" data-lark-html-role=\"root\" data-docx-has-block-data=\"true\">\n<div data-page-id=\"PbvFfqxqlddUTScRpEYcY5MHnpf\" data-lark-html-role=\"root\" data-docx-has-block-data=\"true\">\n<div data-page-id=\"GZO2f5JeudwY4jc9iJtcdk9Hnxh\" data-lark-html-role=\"root\" data-docx-has-block-data=\"false\">\n<div data-page-id=\"EZVRf2acFduXLGcseZFc4qH2n6e\" data-lark-html-role=\"root\" data-docx-has-block-data=\"false\">\n<div data-page-id=\"B8rHfcqlqdzmH5cCWCncz17Cntb\" data-lark-html-role=\"root\" data-docx-has-block-data=\"false\">\n<div data-page-id=\"B8rHfcqlqdzmH5cCWCncz17Cntb\" data-lark-html-role=\"root\" data-docx-has-block-data=\"false\">\n<div data-page-id=\"B8rHfcqlqdzmH5cCWCncz17Cntb\" data-lark-html-role=\"root\" data-docx-has-block-data=\"true\">\n<div data-page-id=\"HM70f1aoxdD0bMcxJZBcVc7ynZd\" data-lark-html-role=\"root\" data-docx-has-block-data=\"false\">\n<div data-page-id=\"NSrJfN7Ord22i0c1iwZcsF8yn8b\" data-lark-html-role=\"root\" data-docx-has-block-data=\"false\">\n<div data-page-id=\"RXEff4Mskds8o1cqL5HcGEtUnCh\" data-lark-html-role=\"root\" data-docx-has-block-data=\"false\">\n<div data-page-id=\"KJ7gfqkVndMSRJcMseScmvYwnTc\" data-lark-html-role=\"root\" data-docx-has-block-data=\"false\">\n<div class=\"ace-line ace-line old-record-id-QADAfETPudgmudc05YvcTO5fnxe\">\n<div data-page-id=\"KJ7gfqkVndMSRJcMseScmvYwnTc\" data-lark-html-role=\"root\" data-docx-has-block-data=\"false\">\n<div class=\"ace-line ace-line old-record-id-JoRkfpho8dOkiacEOascDyCOncb\">\n<div data-page-id=\"KJ7gfqkVndMSRJcMseScmvYwnTc\" data-lark-html-role=\"root\" data-docx-has-block-data=\"false\">\n<div data-page-id=\"Ju6ofQ3V4dGmePcVvJvc1gmcnZb\" data-lark-html-role=\"root\" data-docx-has-block-data=\"true\">\n<div data-page-id=\"PR9ife5PLdFabccbFgZcWgZOnTc\" data-lark-html-role=\"root\" data-docx-has-block-data=\"false\">\n<div data-page-id=\"INdrfOIGzdaenXcptrcc1BcznQc\" data-lark-html-role=\"root\" data-docx-has-block-data=\"false\">\n<div class=\"ace-line ace-line old-record-id-P0fIf4YaZdoGkbcxt5ackec2nnb\">\n<div data-page-id=\"INdrfOIGzdaenXcptrcc1BcznQc\" data-lark-html-role=\"root\" data-docx-has-block-data=\"false\">\n<div data-page-id=\"MAzCfUB73dMTQscm8eWcougVn1g\" data-lark-html-role=\"root\" data-docx-has-block-data=\"true\">\n<div data-page-id=\"AXfpf7H1odhDvGcKoUOcErN8nV7\" data-lark-html-role=\"root\" data-docx-has-block-data=\"false\">\n<h2 class=\"heading-2 ace-line old-record-id-Ccpsff5JDdJbkicwtsLcrxjwnP6\">Perch\u00e9 scegliere il Razz bar 40000 Puffs con schermo?<\/h2>\n<div class=\"ace-line ace-line old-record-id-J5hifqiRBd375TcadB9cavcmnbg\">\n<p>The Razz bar 40K With Screen is a key highlight that sets this device apart. Unlike smaller disposable vapes that require frequent replacement, this model delivers consistent vapor output over a long period, making it ideal for users who don\u2019t want the hassle of constantly buying new devices. The integrated screen adds convenience by displaying real-time information like remaining puffs and battery level, helping you stay informed about when to recharge or replace the device.<\/p>\n<\/div>\n<div class=\"ace-line ace-line old-record-id-NqQJfxuQxdXCkOcRlKlc3yhjneh\">\n<p>Offrendo le concentrazioni di nicotina 2% e 5%, il Razz bar si adatta a diversi livelli di preferenza\u2014che tu preferisca un colpo leggero o una sensazione pi\u00f9 forte in gola. Sotto il cofano, una batteria ricaricabile da 650mAh garantisce un'alimentazione costante, mentre la porta di ricarica Type-C consente una ricarica rapida e conveniente. La tecnologia della coil a rete migliora ulteriormente l'esperienza di svapo garantendo una distribuzione uniforme del calore, risultando in un vapore morbido e una riproduzione del sapore fedele.<\/p>\n<h3 class=\"heading-2 ace-line old-record-id-Ccpsff5JDdJbkicwtsLcrxjwnP6\">Elenco dei gusti<\/h3>\n<\/div>\n<div class=\"ace-line ace-line old-record-id-Dp6UfVGbCdRkRackQFWcq4S1nDf\">Con 18 gusti distinti disponibili, non mancano le opzioni da esplorare. Dai mix fruttati ai trattamenti ghiacciati e alle scelte ispirate ai classici soda, la gamma copre un ampio spettro di profili di gusto, rendendo facile trovare un preferito o cambiare frequentemente. Ecco i vari gusti:<br \/>\n1 Strawberry Ice<br \/>\n2 Cool Mint<br \/>\n3 Kiwi, frutto della passione e guava<br \/>\n4 Limone e lime<br \/>\n5 Blueberry Ice<br \/>\n6 peach Ice<br \/>\n7 cherry Lemon<br \/>\n8 Lush Ice<br \/>\n9 Gummy Bear<br \/>\n10 Strawberry Kiwi<br \/>\n11 Limonata rosa<br \/>\n12 Frutti di bosco misti<br \/>\n13 Cola Ice<br \/>\n14 Ghiaccio alla pesca estiva<br \/>\n15 Green Appel Peach Pear<br \/>\n16 Cola frizzante alla ciliegia<br \/>\n17 Fragola e banana<br \/>\n18 Ciliegia Blue Razz <img decoding=\"async\" class=\"wp-image-4508 size-full\" title=\"RAZZ BAR 40K Gusto\" src=\"https:\/\/oiovape.com\/wp-content\/uploads\/2026\/01\/RAZZ-BAR-40K-Flavor-scaled.jpg\" alt=\"RAZZ BAR 40K Gusto\" width=\"1941\" height=\"2560\" srcset=\"https:\/\/oiovape.com\/wp-content\/uploads\/2026\/01\/RAZZ-BAR-40K-Flavor-scaled.jpg 1941w, https:\/\/oiovape.com\/wp-content\/uploads\/2026\/01\/RAZZ-BAR-40K-Flavor-227x300.jpg 227w, https:\/\/oiovape.com\/wp-content\/uploads\/2026\/01\/RAZZ-BAR-40K-Flavor-776x1024.jpg 776w, https:\/\/oiovape.com\/wp-content\/uploads\/2026\/01\/RAZZ-BAR-40K-Flavor-768x1013.jpg 768w, https:\/\/oiovape.com\/wp-content\/uploads\/2026\/01\/RAZZ-BAR-40K-Flavor-1165x1536.jpg 1165w, https:\/\/oiovape.com\/wp-content\/uploads\/2026\/01\/RAZZ-BAR-40K-Flavor-1553x2048.jpg 1553w, https:\/\/oiovape.com\/wp-content\/uploads\/2026\/01\/RAZZ-BAR-40K-Flavor-9x12.jpg 9w, https:\/\/oiovape.com\/wp-content\/uploads\/2026\/01\/RAZZ-BAR-40K-Flavor-1200x1583.jpg 1200w, https:\/\/oiovape.com\/wp-content\/uploads\/2026\/01\/RAZZ-BAR-40K-Flavor-150x198.jpg 150w\" sizes=\"(max-width: 1941px) 100vw, 1941px\" \/><\/div>\n<h3 class=\"heading-2 ace-line old-record-id-HbBvfxHsQdPeghcdSNccclFlntb\">Domande e Risposte<\/h3>\n<p class=\"heading-3 ace-line old-record-id-ZhXDf8gnud3kCycKDe6cGh18nOF\"><strong>D: Quanto dura il 40000 puff in uso quotidiano?<\/strong><\/p>\n<div class=\"ace-line ace-line old-record-id-CGkGfsP4AdltdicrnuecmuMDnVe\">R: La durata varia in base alla frequenza d'uso, ma per la maggior parte degli utenti, pu\u00f2 durare 2-4 settimane con un uso regolare. Il contatore di puff dello schermo aiuta a tenere traccia dell'uso rimanente in modo accurato.<\/div>\n<p class=\"heading-3 ace-line old-record-id-Y1sJf4M4sdyEfFc6a8wcQBebnyU\"><strong>D: \u00c8 facile ricaricare il dispositivo?<\/strong><\/p>\n<div class=\"ace-line ace-line old-record-id-CR8Cfu1aUdal5PcV4AGc0jaWnad\">R: S\u00ec. Viene fornito con una porta di ricarica Type-C, che \u00e8 ampiamente compatibile con i caricabatterie comuni. Il processo di ricarica \u00e8 semplice: basta collegare il cavo Type-C al dispositivo e a una fonte di alimentazione.<\/div>\n<p class=\"heading-3 ace-line old-record-id-O9NBfrfyidDryEcEmqScuvbanNe\"><strong>D: Quale concentrazione di nicotina \u00e8 consigliata per i nuovi utenti?<\/strong><\/p>\n<div class=\"ace-line ace-line old-record-id-R41QfhZaJdSaudc5S7DcU60tnDe\">R: I nuovi utenti o coloro che preferiscono un'esperienza pi\u00f9 leggera sono consigliati di iniziare con l'opzione di nicotina 2%. La forza 5% \u00e8 pi\u00f9 adatta per i vapers esperti che desiderano un colpo di nicotina pi\u00f9 forte.<\/div>\n<\/div>\n<\/div>\n<\/div>\n<\/div>\n<\/div>\n<\/div>\n<\/div>\n<\/div>\n<\/div>\n<\/div>\n<\/div>\n<\/div>\n<\/div>\n<\/div>\n<\/div>\n<\/div>\n<\/div>\n<\/div>\n<\/div>\n<\/div>\n<\/div>\n<\/div>\n<\/div>\n<\/div>\n<\/div>\n<\/div>","protected":false},"excerpt":{"rendered":"<div data-page-id=\"RAopf2sw9dtvw4cWYXpcTwo0n8g\" data-lark-html-role=\"root\" data-docx-has-block-data=\"false\">\n<div class=\"ace-line ace-line old-record-id-Uju9f3RXYd8dh2crAJbcBF3Un6M\">Razz Bar 40000 Puffs With Screen vanta 18 sapori audaci, opzioni di nicotina 2% o 5%, e una batteria ricaricabile Type-C da 650mAh. La sua coil a rete offre vapore morbido, mentre lo schermo tiene traccia dei puff e della potenza per un'esperienza di svapo senza problemi.<\/div>\n<\/div>","protected":false},"featured_media":3182,"comment_status":"open","ping_status":"closed","template":"","meta":{"_acf_changed":false,"inline_featured_image":false,"_sitemap_exclude":false,"_sitemap_priority":"","_sitemap_frequency":""},"product_brand":[171],"product_cat":[170,239,244,229],"product_tag":[],"class_list":{"0":"post-3171","1":"product","2":"type-product","3":"status-publish","4":"has-post-thumbnail","6":"product_brand-razz-bar","7":"product_cat-razz-bar-puff","8":"product_cat-disposable-vape-collection","9":"product_cat-40k-puff","10":"product_cat-ship-from-german","12":"first","13":"instock","14":"sale","15":"shipping-taxable","16":"purchasable","17":"product-type-variable","18":"has-default-attributes"},"acf":[],"tiered_pricing_type":"fixed","tiered_pricing_fixed_rules":{"30":10.45,"60":9.69,"100":8.88,"200":8.16},"tiered_pricing_product_settings":{"layout":"default","base_unit_name":{"singular":null,"plural":null},"default_variation":null},"tiered_pricing_minimum_quantity":null,"tiered_pricing_roles_data":[],"tiered_pricing_percentage_rules":[],"tiered_pricing_maximum_quantity":null,"tiered_pricing_quantity_step":"10","_links":{"self":[{"href":"https:\/\/oiovape.com\/it\/wp-json\/wp\/v2\/product\/3171","targetHints":{"allow":["GET"]}}],"collection":[{"href":"https:\/\/oiovape.com\/it\/wp-json\/wp\/v2\/product"}],"about":[{"href":"https:\/\/oiovape.com\/it\/wp-json\/wp\/v2\/types\/product"}],"replies":[{"embeddable":true,"href":"https:\/\/oiovape.com\/it\/wp-json\/wp\/v2\/comments?post=3171"}],"version-history":[{"count":3,"href":"https:\/\/oiovape.com\/it\/wp-json\/wp\/v2\/product\/3171\/revisions"}],"predecessor-version":[{"id":7806,"href":"https:\/\/oiovape.com\/it\/wp-json\/wp\/v2\/product\/3171\/revisions\/7806"}],"wp:featuredmedia":[{"embeddable":true,"href":"https:\/\/oiovape.com\/it\/wp-json\/wp\/v2\/media\/3182"}],"wp:attachment":[{"href":"https:\/\/oiovape.com\/it\/wp-json\/wp\/v2\/media?parent=3171"}],"wp:term":[{"taxonomy":"product_brand","embeddable":true,"href":"https:\/\/oiovape.com\/it\/wp-json\/wp\/v2\/product_brand?post=3171"},{"taxonomy":"product_cat","embeddable":true,"href":"https:\/\/oiovape.com\/it\/wp-json\/wp\/v2\/product_cat?post=3171"},{"taxonomy":"product_tag","embeddable":true,"href":"https:\/\/oiovape.com\/it\/wp-json\/wp\/v2\/product_tag?post=3171"}],"curies":[{"name":"wp","href":"https:\/\/api.w.org\/{rel}","templated":true}]}}