{"id":3370,"date":"2026-01-07T03:12:06","date_gmt":"2026-01-07T03:12:06","guid":{"rendered":"https:\/\/oiovape.com\/?post_type=product&#038;p=3370"},"modified":"2026-02-10T11:55:52","modified_gmt":"2026-02-10T03:55:52","slug":"elf-box-digital-12000-puffs","status":"publish","type":"product","link":"https:\/\/oiovape.com\/it\/product\/elf-box-digital-12000-puffs\/","title":{"rendered":"ELF BOX Digital 12000 PUFFS 0%-5% Nicotina Coil a rete Schermo Intelligente E-cigarette ricaricabile usa e getta"},"content":{"rendered":"<div data-page-id=\"ZVeMfq8uxd7y1ycuKm5cym4LnYd\" data-lark-html-role=\"root\" data-docx-has-block-data=\"false\">\n<div data-page-id=\"Fd41fZ5N9dzRQtcRNoVc2FuDnCh\" data-lark-html-role=\"root\" data-docx-has-block-data=\"true\">\n<div data-page-id=\"BdIJfeeijdk1eucGpS8cDCBBn5c\" data-lark-html-role=\"root\" data-docx-has-block-data=\"false\">\n<div data-page-id=\"Zbg9fWx77dUuh2cIYpic25c8nyd\" data-lark-html-role=\"root\" data-docx-has-block-data=\"false\">\n<div data-page-id=\"KaIvfiurhdlCKdc0kyxcX64cnE6\" data-lark-html-role=\"root\" data-docx-has-block-data=\"true\">\n<div data-page-id=\"PbvFfqxqlddUTScRpEYcY5MHnpf\" data-lark-html-role=\"root\" data-docx-has-block-data=\"true\">\n<div data-page-id=\"GZO2f5JeudwY4jc9iJtcdk9Hnxh\" data-lark-html-role=\"root\" data-docx-has-block-data=\"false\">\n<div data-page-id=\"EZVRf2acFduXLGcseZFc4qH2n6e\" data-lark-html-role=\"root\" data-docx-has-block-data=\"false\">\n<div data-page-id=\"B8rHfcqlqdzmH5cCWCncz17Cntb\" data-lark-html-role=\"root\" data-docx-has-block-data=\"false\">\n<div data-page-id=\"B8rHfcqlqdzmH5cCWCncz17Cntb\" data-lark-html-role=\"root\" data-docx-has-block-data=\"false\">\n<div data-page-id=\"B8rHfcqlqdzmH5cCWCncz17Cntb\" data-lark-html-role=\"root\" data-docx-has-block-data=\"true\">\n<div data-page-id=\"HM70f1aoxdD0bMcxJZBcVc7ynZd\" data-lark-html-role=\"root\" data-docx-has-block-data=\"false\">\n<div data-page-id=\"NSrJfN7Ord22i0c1iwZcsF8yn8b\" data-lark-html-role=\"root\" data-docx-has-block-data=\"false\">\n<div data-page-id=\"RXEff4Mskds8o1cqL5HcGEtUnCh\" data-lark-html-role=\"root\" data-docx-has-block-data=\"false\">\n<div data-page-id=\"KJ7gfqkVndMSRJcMseScmvYwnTc\" data-lark-html-role=\"root\" data-docx-has-block-data=\"false\">\n<div class=\"ace-line ace-line old-record-id-QADAfETPudgmudc05YvcTO5fnxe\">\n<div data-page-id=\"KJ7gfqkVndMSRJcMseScmvYwnTc\" data-lark-html-role=\"root\" data-docx-has-block-data=\"false\">\n<div class=\"ace-line ace-line old-record-id-JoRkfpho8dOkiacEOascDyCOncb\">\n<div data-page-id=\"KJ7gfqkVndMSRJcMseScmvYwnTc\" data-lark-html-role=\"root\" data-docx-has-block-data=\"false\">\n<div data-page-id=\"Ju6ofQ3V4dGmePcVvJvc1gmcnZb\" data-lark-html-role=\"root\" data-docx-has-block-data=\"true\">\n<div data-page-id=\"PR9ife5PLdFabccbFgZcWgZOnTc\" data-lark-html-role=\"root\" data-docx-has-block-data=\"false\">\n<div data-page-id=\"INdrfOIGzdaenXcptrcc1BcznQc\" data-lark-html-role=\"root\" data-docx-has-block-data=\"false\">\n<div class=\"ace-line ace-line old-record-id-P0fIf4YaZdoGkbcxt5ackec2nnb\">\n<div data-page-id=\"INdrfOIGzdaenXcptrcc1BcznQc\" data-lark-html-role=\"root\" data-docx-has-block-data=\"false\">\n<div data-page-id=\"MAzCfUB73dMTQscm8eWcougVn1g\" data-lark-html-role=\"root\" data-docx-has-block-data=\"true\">\n<div data-page-id=\"AXfpf7H1odhDvGcKoUOcErN8nV7\" data-lark-html-role=\"root\" data-docx-has-block-data=\"false\">\n<div data-page-id=\"QYTKf5PvLdUNdbce2nBcW9yfnrh\" data-lark-html-role=\"root\" data-docx-has-block-data=\"false\">\n<div data-page-id=\"Pvu1f1CCBdxbjncA9pgcBTpanph\" data-lark-html-role=\"root\" data-docx-has-block-data=\"true\">\n<div data-page-id=\"Axf3fcmY8dDAhtcjVircBcphnPc\" data-lark-html-role=\"root\" data-docx-has-block-data=\"false\">\n<div data-page-id=\"KKj1f9SPmdLhhMc5E2AcNlLen6f\" data-lark-html-role=\"root\" data-docx-has-block-data=\"true\">\n<div data-page-id=\"Rx61fK1sJdXHjPcBuhZcweNhnwc\" data-lark-html-role=\"root\" data-docx-has-block-data=\"false\">\n<h2 class=\"ace-line ace-line old-record-id-Rx61fK1sJdXHjPcBuhZcweNhnwc\">Introduzione al Prodotto ELF BOX Digital 12000 Puffs<\/h2>\n<div class=\"ace-line ace-line old-record-id-BNKBfeZdLdj0JkcJJGlcUeG0nUe\">\n<p>Nel dinamico mondo delle sigarette elettroniche usa e getta, l'ELF BOX Digital 12000 Puffs si distingue come un innovatore, mescolando ricche variet\u00e0 di sapori con tecnologia digitale all'avanguardia. Che tu sia un esploratore di sapori in cerca di esperienze gustative diverse o un vaper occasionale che valuta comodit\u00e0 e prestazioni, questo dispositivo \u00e8 progettato per superare le tue aspettative. \ud83d\ude80<\/p>\n<p><img decoding=\"async\" class=\"wp-image-3404 size-full\" title=\"ELF BOX Digital 12000\" src=\"https:\/\/oiovape.com\/wp-content\/uploads\/2026\/01\/ELF-BOX-Digital-12000.jpg\" alt=\"ELF BOX Digital 12000\" width=\"1280\" height=\"1810\" srcset=\"https:\/\/oiovape.com\/wp-content\/uploads\/2026\/01\/ELF-BOX-Digital-12000.jpg 1280w, https:\/\/oiovape.com\/wp-content\/uploads\/2026\/01\/ELF-BOX-Digital-12000-212x300.jpg 212w, https:\/\/oiovape.com\/wp-content\/uploads\/2026\/01\/ELF-BOX-Digital-12000-724x1024.jpg 724w, https:\/\/oiovape.com\/wp-content\/uploads\/2026\/01\/ELF-BOX-Digital-12000-768x1086.jpg 768w, https:\/\/oiovape.com\/wp-content\/uploads\/2026\/01\/ELF-BOX-Digital-12000-1086x1536.jpg 1086w, https:\/\/oiovape.com\/wp-content\/uploads\/2026\/01\/ELF-BOX-Digital-12000-1200x1697.jpg 1200w, https:\/\/oiovape.com\/wp-content\/uploads\/2026\/01\/ELF-BOX-Digital-12000-150x212.jpg 150w\" sizes=\"(max-width: 1280px) 100vw, 1280px\" \/><\/p>\n<\/div>\n<h3 class=\"heading-2 ace-line old-record-id-MiyEfhqjndIrcyceYM8ciWQvnkd\">Una Festa di Sapori per Ogni Palato<\/h3>\n<div class=\"ace-line ace-line old-record-id-HxgpfubVudQFuQcLuJHcelIdnxd\">Uno dei maggiori punti salienti dell'ELF BOX Digital 12000 Puffs \u00e8 la sua vasta gamma di 20 sapori accuratamente realizzati, che coprono opzioni fruttate, ghiacciate e classiche. Ogni sapore \u00e8 formulato per offrire un gusto morbido e autentico, garantendo un colpo soddisfacente ogni volta. Analizziamo le categorie di sapore per aiutarti a trovare la tua corrispondenza perfetta:<\/div>\n<h4 class=\"heading-3 ace-line old-record-id-Y1XjfSh9Xd8fJicYQsdcvkV7nRK\">Delizie Fruttate Ghiacciate \ud83c\udf67<\/h4>\n<div class=\"ace-line ace-line old-record-id-AjMEfbb4ldk8pgcNMuvcp8YFn83\">Per coloro che amano il tocco rinfrescante dei sapori ghiacciati, questa gamma combina frutti dolci con una finitura fresca che stuzzica le papille gustative: Ghiaccio di Fragola, Ghiaccio di Blue Razz, Ghiaccio di Anguria, Ghiaccio di Pesca, Ghiaccio di Mora, Ghiaccio di Mango, Ghiaccio d'Uva. Immagina di mordere una fragola matura in una calda giornata estiva, seguita da un'esplosione di freschezza: questi sapori catturano esattamente quella sensazione.<\/div>\n<h4 class=\"heading-3 ace-line old-record-id-JVUxfNhNKdovHqc2X4ScyVw5nUP\">Mischie di Frutta Vivaci \ud83c\udf53\ud83c\udf49<\/h4>\n<div class=\"ace-line ace-line old-record-id-P5GKf7Lgddx7M1csuS0cHqt5nLf\">Se preferisci sapori di frutta stratificati, le opzioni di frutta mista ti impressioneranno sicuramente. Queste miscele combinano frutti complementari per creare gusti unici e armoniosi: Esplosione di Fragola, Fragola e Anguria, Frutta Mista, Kiwi Frutto della Passione, Fragola e Banana, Pesca e Bacche, Fragola e Kiwi. Dalla combinazione dolce-acida di fragola e kiwi al mix tropicale di kiwi e frutto della passione, ogni miscela racconta una storia di sapore diversa.<\/div>\n<h4 class=\"heading-3 ace-line old-record-id-BDkQfawuNdknXpcHJdCcUIO1nyc\">Classici e Twist Unici \ud83e\udd64<\/h4>\n<div class=\"ace-line ace-line old-record-id-YBqofbEUbdxNCEccMbGcPcTrnuc\">Per i vaper che godono di sapori pi\u00f9 tradizionali o inaspettati, questa categoria offre qualcosa di speciale: Doppia Mela, Ghiacciolo di Anguria, Melone di Cocco, Cola di Ciliegia, Mr Blue. La Doppia Mela offre un ricco e dolce sapore di mela che \u00e8 senza tempo, mentre il Ghiacciolo di Anguria riporta alla mente nostalgici ricordi d'infanzia con le sue note dolci e gommose. La Cola di Ciliegia \u00e8 una fusione perfetta di dolce ciliegia e cola frizzante, rendendola una scelta eccellente per gli amanti delle bibite.<\/div>\n<h3 class=\"heading-2 ace-line old-record-id-DhPIfGTJ9dlXwDcDfN6cmSi9n4g\">Caratteristiche All'Avanguardia per un'Esperienza Migliorata<\/h3>\n<div class=\"ace-line ace-line old-record-id-DQOXfcyA4dtxmBcaAelc1OtRnsg\">Oltre alla sua impressionante gamma di sapori, l'ELF BOX Digital 12000 Puffs \u00e8 dotato di funzionalit\u00e0 che elevano l'esperienza di svapo, concentrandosi su prestazioni, comodit\u00e0 e trasparenza.<\/div>\n<h4 class=\"heading-3 ace-line old-record-id-VxMnf0DEgdfPm0cMuPMcNrnAn3r\">Display Digitale: Rimani in Controllo \ud83d\udcca<\/h4>\n<div class=\"ace-line ace-line old-record-id-NaJUfPsrbdJg4YcXCHwcwK2gnmf\">La caratteristica del display digitale consente di tenere traccia in tempo reale sia della durata della batteria che del livello di e-liquid. Niente pi\u00f9 indovinare quando rimarrai senza energia o e-juice: questa trasparenza ti consente di pianificare meglio le tue sessioni di svapo ed evitare interruzioni inaspettate.<\/div>\n<h4 class=\"heading-3 ace-line old-record-id-Q14zfWarndZzTNcPeiIcfGw6nTf\">Prestazioni Potenti e Divertimento di Lunga Durata<\/h4>\n<div class=\"ace-line ace-line old-record-id-Azcef9D5Nd6016cpO0Scs2wVnOd\">Dotato di una batteria ricaricabile da 500mAh e di una porta di ricarica Type-C, il dispositivo garantisce di poter godere fino a 12000 tiri senza preoccuparsi di ricariche frequenti. La porta Type-C offre una ricarica rapida e conveniente, cos\u00ec puoi tornare a svapare in un attimo. Inoltre, la coil a rete da 0.8ohm offre vapore morbido e migliora la riproduzione del sapore, garantendo che ogni tiro sia coerente e soddisfacente.<\/div>\n<h4 class=\"heading-3 ace-line old-record-id-HhrufmHK5d7qMSc0VrAcOD1GnEV\">Opzioni di Nicotina Flessibili e E-Liquid Premium<\/h4>\n<div class=\"ace-line ace-line old-record-id-Td3Vf3MsodOHZkclqTbc2j13n8c\">Con 25ml di e-liquid premium e quattro opzioni di forza di nicotina (0%, 2%, 3%, 5%), l'ELF BOX Digital 12000 Puffs si rivolge a tutti i tipi di vaper. Che tu sia un utente senza nicotina, un vaper leggero o qualcuno che preferisce un colpo pi\u00f9 forte, c'\u00e8 un'opzione per te. L'e-liquid di alta qualit\u00e0 garantisce un gusto pulito senza retrogusti aspri.<\/div>\n<h3 class=\"heading-2 ace-line old-record-id-Bb9gfsoSEdS0mpc5wYFcWlHnneh\">Domande e Risposte: Tutto Ci\u00f2 che Devi Sapere \u2753<\/h3>\n<p class=\"heading-4 ace-line old-record-id-Hi6zfmaltd96uVc5H7Dcj7y7n2e\"><strong>D: Quanto dura l'ELF BOX Digital 12000 Puffs?<\/strong><\/p>\n<div class=\"ace-line ace-line old-record-id-A3YZfokDCdCAVice4Dac8pf0nZf\">R: Il dispositivo \u00e8 progettato per offrire fino a 12000 tiri, che variano leggermente a seconda delle tue abitudini di svapo (ad esempio, durata del tiro, frequenza). Con il display digitale, puoi facilmente monitorare il rimanente e-liquid e la batteria per sapere quando \u00e8 quasi finito.<\/div>\n<p class=\"heading-4 ace-line old-record-id-FvYlfN0CIdnNmwcPnwycuVW2npb\"><strong>D: \u00c8 facile da usare il dispositivo?<\/strong><\/p>\n<div class=\"ace-line ace-line old-record-id-M0KqfNxeNdzkbucE0i9c85kln9g\">R: S\u00ec! \u00c8 un dispositivo usa e getta, quindi non \u00e8 necessaria alcuna configurazione. Basta disimballarlo, prendere un tiro e godere. Quando la batteria si scarica, utilizza il cavo Type-C incluso per ricaricarlo fino a quando il display digitale mostra la carica completa.<\/div>\n<p class=\"heading-4 ace-line old-record-id-OpjxfnuDodGLNQcWZlqcX1nkn3M\"><strong>D: I sapori sono autentici?<\/strong><\/p>\n<div class=\"ace-line ace-line old-record-id-A3VJfY3PDdmaCuc9sgZcyRdVnEb\">R: Assolutamente. Ogni sapore \u00e8 accuratamente formulato utilizzando ingredienti di alta qualit\u00e0 per garantire un gusto autentico e morbido. La coil a rete migliora ulteriormente la consegna del sapore, rendendo ogni tiro fedele alla descrizione del sapore.<\/div>\n<\/div>\n<\/div>\n<\/div>\n<\/div>\n<\/div>\n<\/div>\n<\/div>\n<\/div>\n<\/div>\n<\/div>\n<\/div>\n<\/div>\n<\/div>\n<\/div>\n<\/div>\n<\/div>\n<\/div>\n<\/div>\n<\/div>\n<\/div>\n<\/div>\n<\/div>\n<\/div>\n<\/div>\n<\/div>\n<\/div>\n<\/div>\n<\/div>\n<\/div>\n<\/div>\n<\/div>","protected":false},"excerpt":{"rendered":"<div data-page-id=\"RAopf2sw9dtvw4cWYXpcTwo0n8g\" data-lark-html-role=\"root\" data-docx-has-block-data=\"false\">\n<div class=\"ace-line ace-line old-record-id-Uju9f3RXYd8dh2crAJbcBF3Un6M\">ELF BOX Digital 12000 Puffs offre 20 sapori vibranti, da fragola ghiacciata a kiwi e frutto della passione tropicale. Presenta una resistenza a rete da 0,8 ohm, 25 ml di e-liquid, una batteria ricaricabile Type-C da 500 mAh e un display digitale per i livelli di batteria e e-liquid, adatto a tutte le preferenze di nicotina.<\/div>\n<\/div>","protected":false},"featured_media":3394,"comment_status":"open","ping_status":"closed","template":"","meta":{"_acf_changed":false,"inline_featured_image":false,"_sitemap_exclude":false,"_sitemap_priority":"","_sitemap_frequency":""},"product_brand":[94],"product_cat":[84],"product_tag":[],"class_list":{"0":"post-3370","1":"product","2":"type-product","3":"status-publish","4":"has-post-thumbnail","6":"product_brand-elf-box","7":"product_cat-elf-box-puff","9":"first","10":"instock","11":"sale","12":"shipping-taxable","13":"purchasable","14":"product-type-variable","15":"has-default-attributes"},"acf":[],"tiered_pricing_type":"fixed","tiered_pricing_fixed_rules":{"30":7.46,"60":6.88,"100":6.26,"200":5.88},"tiered_pricing_product_settings":{"layout":"default","base_unit_name":{"singular":null,"plural":null},"default_variation":null},"tiered_pricing_minimum_quantity":10,"tiered_pricing_roles_data":[],"tiered_pricing_percentage_rules":[],"tiered_pricing_maximum_quantity":null,"tiered_pricing_quantity_step":"10","_links":{"self":[{"href":"https:\/\/oiovape.com\/it\/wp-json\/wp\/v2\/product\/3370","targetHints":{"allow":["GET"]}}],"collection":[{"href":"https:\/\/oiovape.com\/it\/wp-json\/wp\/v2\/product"}],"about":[{"href":"https:\/\/oiovape.com\/it\/wp-json\/wp\/v2\/types\/product"}],"replies":[{"embeddable":true,"href":"https:\/\/oiovape.com\/it\/wp-json\/wp\/v2\/comments?post=3370"}],"version-history":[{"count":1,"href":"https:\/\/oiovape.com\/it\/wp-json\/wp\/v2\/product\/3370\/revisions"}],"predecessor-version":[{"id":3652,"href":"https:\/\/oiovape.com\/it\/wp-json\/wp\/v2\/product\/3370\/revisions\/3652"}],"wp:featuredmedia":[{"embeddable":true,"href":"https:\/\/oiovape.com\/it\/wp-json\/wp\/v2\/media\/3394"}],"wp:attachment":[{"href":"https:\/\/oiovape.com\/it\/wp-json\/wp\/v2\/media?parent=3370"}],"wp:term":[{"taxonomy":"product_brand","embeddable":true,"href":"https:\/\/oiovape.com\/it\/wp-json\/wp\/v2\/product_brand?post=3370"},{"taxonomy":"product_cat","embeddable":true,"href":"https:\/\/oiovape.com\/it\/wp-json\/wp\/v2\/product_cat?post=3370"},{"taxonomy":"product_tag","embeddable":true,"href":"https:\/\/oiovape.com\/it\/wp-json\/wp\/v2\/product_tag?post=3370"}],"curies":[{"name":"wp","href":"https:\/\/api.w.org\/{rel}","templated":true}]}}