{"id":3525,"date":"2026-01-08T02:48:57","date_gmt":"2026-01-08T02:48:57","guid":{"rendered":"https:\/\/oiovape.com\/?post_type=product&#038;p=3525"},"modified":"2026-03-05T11:01:36","modified_gmt":"2026-03-05T03:01:36","slug":"elf-box-shisha-16000-puffs","status":"publish","type":"product","link":"https:\/\/oiovape.com\/it\/product\/elf-box-shisha-16000-puffs\/","title":{"rendered":"ELF BOX SHISHA 16000 PUFFS Batteria 600mah Penna Vape Ricaricabile con Display LED e Flusso d'Aria Regolabile"},"content":{"rendered":"<div data-page-id=\"ZVeMfq8uxd7y1ycuKm5cym4LnYd\" data-lark-html-role=\"root\" data-docx-has-block-data=\"false\">\n<div data-page-id=\"Fd41fZ5N9dzRQtcRNoVc2FuDnCh\" data-lark-html-role=\"root\" data-docx-has-block-data=\"true\">\n<div data-page-id=\"BdIJfeeijdk1eucGpS8cDCBBn5c\" data-lark-html-role=\"root\" data-docx-has-block-data=\"false\">\n<div data-page-id=\"Zbg9fWx77dUuh2cIYpic25c8nyd\" data-lark-html-role=\"root\" data-docx-has-block-data=\"false\">\n<div data-page-id=\"KaIvfiurhdlCKdc0kyxcX64cnE6\" data-lark-html-role=\"root\" data-docx-has-block-data=\"true\">\n<div data-page-id=\"PbvFfqxqlddUTScRpEYcY5MHnpf\" data-lark-html-role=\"root\" data-docx-has-block-data=\"true\">\n<div data-page-id=\"GZO2f5JeudwY4jc9iJtcdk9Hnxh\" data-lark-html-role=\"root\" data-docx-has-block-data=\"false\">\n<div data-page-id=\"EZVRf2acFduXLGcseZFc4qH2n6e\" data-lark-html-role=\"root\" data-docx-has-block-data=\"false\">\n<div data-page-id=\"B8rHfcqlqdzmH5cCWCncz17Cntb\" data-lark-html-role=\"root\" data-docx-has-block-data=\"false\">\n<div data-page-id=\"B8rHfcqlqdzmH5cCWCncz17Cntb\" data-lark-html-role=\"root\" data-docx-has-block-data=\"false\">\n<div data-page-id=\"B8rHfcqlqdzmH5cCWCncz17Cntb\" data-lark-html-role=\"root\" data-docx-has-block-data=\"true\">\n<div data-page-id=\"HM70f1aoxdD0bMcxJZBcVc7ynZd\" data-lark-html-role=\"root\" data-docx-has-block-data=\"false\">\n<div data-page-id=\"NSrJfN7Ord22i0c1iwZcsF8yn8b\" data-lark-html-role=\"root\" data-docx-has-block-data=\"false\">\n<div data-page-id=\"RXEff4Mskds8o1cqL5HcGEtUnCh\" data-lark-html-role=\"root\" data-docx-has-block-data=\"false\">\n<div data-page-id=\"KJ7gfqkVndMSRJcMseScmvYwnTc\" data-lark-html-role=\"root\" data-docx-has-block-data=\"false\">\n<div class=\"ace-line ace-line old-record-id-QADAfETPudgmudc05YvcTO5fnxe\">\n<div data-page-id=\"KJ7gfqkVndMSRJcMseScmvYwnTc\" data-lark-html-role=\"root\" data-docx-has-block-data=\"false\">\n<div class=\"ace-line ace-line old-record-id-JoRkfpho8dOkiacEOascDyCOncb\">\n<div data-page-id=\"KJ7gfqkVndMSRJcMseScmvYwnTc\" data-lark-html-role=\"root\" data-docx-has-block-data=\"false\">\n<div data-page-id=\"Ju6ofQ3V4dGmePcVvJvc1gmcnZb\" data-lark-html-role=\"root\" data-docx-has-block-data=\"true\">\n<div data-page-id=\"PR9ife5PLdFabccbFgZcWgZOnTc\" data-lark-html-role=\"root\" data-docx-has-block-data=\"false\">\n<div data-page-id=\"INdrfOIGzdaenXcptrcc1BcznQc\" data-lark-html-role=\"root\" data-docx-has-block-data=\"false\">\n<div class=\"ace-line ace-line old-record-id-P0fIf4YaZdoGkbcxt5ackec2nnb\">\n<div data-page-id=\"INdrfOIGzdaenXcptrcc1BcznQc\" data-lark-html-role=\"root\" data-docx-has-block-data=\"false\">\n<div data-page-id=\"MAzCfUB73dMTQscm8eWcougVn1g\" data-lark-html-role=\"root\" data-docx-has-block-data=\"true\">\n<div data-page-id=\"AXfpf7H1odhDvGcKoUOcErN8nV7\" data-lark-html-role=\"root\" data-docx-has-block-data=\"false\">\n<div data-page-id=\"QYTKf5PvLdUNdbce2nBcW9yfnrh\" data-lark-html-role=\"root\" data-docx-has-block-data=\"false\">\n<div data-page-id=\"Pvu1f1CCBdxbjncA9pgcBTpanph\" data-lark-html-role=\"root\" data-docx-has-block-data=\"true\">\n<div data-page-id=\"Axf3fcmY8dDAhtcjVircBcphnPc\" data-lark-html-role=\"root\" data-docx-has-block-data=\"false\">\n<div data-page-id=\"KKj1f9SPmdLhhMc5E2AcNlLen6f\" data-lark-html-role=\"root\" data-docx-has-block-data=\"true\">\n<div data-page-id=\"Rx61fK1sJdXHjPcBuhZcweNhnwc\" data-lark-html-role=\"root\" data-docx-has-block-data=\"false\">\n<div data-page-id=\"L1H9fkG9Mdz45Fcy4WMc5VKXnRe\" data-lark-html-role=\"root\" data-docx-has-block-data=\"false\">\n<div data-page-id=\"L1H9fkG9Mdz45Fcy4WMc5VKXnRe\" data-lark-html-role=\"root\" data-docx-has-block-data=\"false\">\n<div data-page-id=\"D4XLfVBVrdE8mrcaYizczklLnaf\" data-lark-html-role=\"root\" data-docx-has-block-data=\"false\">\n<h2 class=\"ace-line ace-line old-record-id-D4XLfVBVrdE8mrcaYizczklLnaf\">Panoramica e Caratteristiche dell'ELF BOX SHISHA 16000 Puffs<\/h2>\n<div class=\"ace-line ace-line old-record-id-B45YfDVXfdWPeYcdhddciBXPnub\">Cerchi un'esperienza di shisha che unisca sapori ricchi, piacere duraturo e design conveniente? Scopri l'ELF BOX SHISHA 16000 Puffs \u2013 un cambiamento di gioco nei dispositivi shisha usa e getta. Che tu sia un appassionato di sapori o un utente occasionale, questo dispositivo soddisfa tutti i requisiti per un'esperienza di svapo gratificante. \ud83d\ude0a<\/div>\n<h3 class=\"heading-2 ace-line old-record-id-BcKjfFoJAdNqLtcrKqNck7EWnBh\">Un Arcobaleno di Sapori da Esplorare<\/h3>\n<div class=\"ace-line ace-line old-record-id-GFZvf2D6hdEEpuceUBDcxkfSnYd\">L'ELF BOX SHISHA 16000 Puffs si distingue per la sua variet\u00e0 di sapori deliziosi. Ogni opzione \u00e8 progettata per offrire un gusto autentico e morbido che persiste nel modo giusto. Immergiamoci nei sapori eccezionali che rendono questo dispositivo un must-try:<\/div>\n<h4 class=\"heading-3 ace-line old-record-id-OzvUfpXNJd1mvFcp4y8c6aWAnZe\">Sapori ghiacciati rinfrescanti<\/h4>\n<div class=\"ace-line ace-line old-record-id-KG8OfGUGvd1C3Nc4QbVcQWlPnud\">Rinfrescati con queste delizie ghiacciate che aggiungono una finitura croccante a ogni boccata: Blue Razz ice (un dolce e aspro lampone blu con un colpo gelido), Strawberry ice (fragola succosa mescolata con mentolo rinfrescante), Blackberry ice (mora matura abbinata a un fresco brivido), Lush ice (una svolta tropicale con freschezza ghiacciata) e Grape ice (gusto dolce d'uva con una finitura fresca e morbida). \ud83e\uddca<\/div>\n<h4 class=\"heading-3 ace-line old-record-id-IKCqfy9dQd6zKncv5Oac5oHmnve\">Preferiti Fruttati<\/h4>\n<div class=\"ace-line ace-line old-record-id-R3dufoeSLdulxocTGW3cLO1gnJb\">Per chi ama note fruttate e audaci, questi sapori non deluderanno: Kiwi Frutto della Passione (una miscela vibrante di kiwi aspro e frutto della passione dolce), Mela Doppia (gusto classico di mela dolce con un accenno di acidit\u00e0), Ciliegia Lampone (una combinazione succosa di ciliegia e lampone), Fragola Anguria (fragola dolce incontra anguria croccante) e Pesca Mango Ananas (un trio tropicale di pesca matura, mango dolce e ananas succoso). \ud83c\udf53\ud83c\udf51\ud83c\udf47<\/div>\n<h4 class=\"heading-3 ace-line old-record-id-QzomfExAEdtKZdc3my8crIUsnZd\">Miscugli Esotici &amp; Misti<\/h4>\n<div class=\"ace-line ace-line old-record-id-FKQGfD4wCd75crc0z0ycYm9Enpd\">\n<p>Se desideri qualcosa di unico, il sapore Mixed Berries offre un delizioso mix di bacche fresche che \u00e8 sia dolce che aspro. \u00c8 perfetto per gli utenti che amano la variet\u00e0 in ogni boccata. \ud83c\udf52<\/p>\n<p><img decoding=\"async\" class=\"wp-image-3549 size-full\" title=\"Sapore ELF BOX SHISHA 16000\" src=\"https:\/\/oiovape.com\/wp-content\/uploads\/2026\/01\/ELF-BOX-SHISHA-16000-Flavor.jpg\" alt=\"Sapore ELF BOX SHISHA 16000\" width=\"1456\" height=\"720\" srcset=\"https:\/\/oiovape.com\/wp-content\/uploads\/2026\/01\/ELF-BOX-SHISHA-16000-Flavor.jpg 1456w, https:\/\/oiovape.com\/wp-content\/uploads\/2026\/01\/ELF-BOX-SHISHA-16000-Flavor-300x148.jpg 300w, https:\/\/oiovape.com\/wp-content\/uploads\/2026\/01\/ELF-BOX-SHISHA-16000-Flavor-1024x506.jpg 1024w, https:\/\/oiovape.com\/wp-content\/uploads\/2026\/01\/ELF-BOX-SHISHA-16000-Flavor-768x380.jpg 768w, https:\/\/oiovape.com\/wp-content\/uploads\/2026\/01\/ELF-BOX-SHISHA-16000-Flavor-1200x593.jpg 1200w, https:\/\/oiovape.com\/wp-content\/uploads\/2026\/01\/ELF-BOX-SHISHA-16000-Flavor-150x74.jpg 150w\" sizes=\"(max-width: 1456px) 100vw, 1456px\" \/><\/p>\n<\/div>\n<h3 class=\"heading-2 ace-line old-record-id-UiGYfftdtd9E4ic40kTc4mW3nvf\">Specifiche Impressionanti per un Piacere Ininterrotto<\/h3>\n<div class=\"ace-line ace-line old-record-id-Us1XfYJeIdqKIYc6gTucVam6nSd\">Oltre ai sapori, l'ELF BOX SHISHA 16000 Puffs vanta specifiche che garantiscono prestazioni durature e costanti:<\/div>\n<h4 class=\"heading-3 ace-line old-record-id-LE7ZfV47ndnmv2ch30KcZXbcnFb\">Boccate Durature &amp; E-Liquid<\/h4>\n<div class=\"ace-line ace-line old-record-id-FiFZfwhXUdu9ZlcgVnucckXXnYg\">Con 16000 boccate per dispositivo, puoi goderti il tuo sapore preferito per giorni. La capacit\u00e0 di 28 ml di e-liquid assicura che non rimarrai mai senza succo, rendendolo ideale per viaggi o uso quotidiano.<\/div>\n<h4 class=\"heading-3 ace-line old-record-id-UCMffggcVdwEUKcnBoDcgy5BnCR\">Vapore Morbido &amp; Esperienza Personalizzabile<\/h4>\n<div class=\"ace-line ace-line old-record-id-Ba0QficRFdUAYUcJTenck2n8nE4\">Il dispositivo presenta una coil a rete da 0.6ohm che produce vapore morbido e denso con ogni boccata. Il flusso d'aria regolabile ti consente di personalizzare la tua esperienza di svapo \u2013 che tu preferisca un tiro stretto o un colpo pi\u00f9 aperto e arioso. Inoltre, il display LED ti tiene informato sulla durata della batteria, cos\u00ec non sarai mai colto di sorpresa. \u2728<\/div>\n<h4 class=\"heading-3 ace-line old-record-id-KtubfPXBodHsSIcJbdAcQ25Nnwc\">Design Conveniente &amp; Versatile<\/h4>\n<div class=\"ace-line ace-line old-record-id-DstJfWjKidmaVccr74XcbUTOn6e\">Alimentato da una batteria da 18250-600mah, l'ELF BOX SHISHA 16000 Puffs supporta la funzionalit\u00e0 ricaricabile Type-C. Questo significa che puoi ricaricarlo facilmente ogni volta che ne hai bisogno, eliminando il fastidio di sostituire le batterie. Offre anche diverse opzioni di forza di nicotina (0%\/2%\/3%\/5%), cos\u00ec puoi scegliere il livello che si adatta alle tue preferenze \u2013 da senza nicotina a un colpo pi\u00f9 forte.<\/div>\n<h3 class=\"heading-2 ace-line old-record-id-KAV5fg1sjd0SLkc9CNJc3p6LnZf\">Perch\u00e9 Scegliere l'ELF BOX SHISHA 16000 Puffs?<\/h3>\n<div class=\"ace-line ace-line old-record-id-IYH7fH38BdwmUrcuHpXcMGw8nKe\">Con cos\u00ec tanti dispositivi shisha usa e getta sul mercato, perch\u00e9 dovresti scegliere questo? Ecco i motivi principali:<\/div>\n<h4 class=\"heading-3 ace-line old-record-id-OcO1fMzw6dwjzPck3RBcZHKTn8C\">Variet\u00e0 di Sapori Incomparabile<\/h4>\n<div class=\"ace-line ace-line old-record-id-L8oifz0Cfdiocec0rF9cNIE3nLd\">Con 12 sapori unici tra cui scegliere \u2013 che vanno da rinfrescanti ghiacciati a miscele tropicali \u2013 c'\u00e8 qualcosa per ogni palato. Non ti annoierai mai con le opzioni diverse disponibili.<\/div>\n<h4 class=\"heading-3 ace-line old-record-id-SErdfUN3Rd5fXbcqVdYc1tsznyc\">Prestazioni Durature<\/h4>\n<div class=\"ace-line ace-line old-record-id-ZqOsfUbpqdnnjWc5Sj6cvACxnJe\">16000 boccate e 28ml di e-liquid significano che ottieni pi\u00f9 piacere per dispositivo. Non c'\u00e8 bisogno di sostituire continuamente i dispositivi usa e getta \u2013 questo dura nel tempo.<\/div>\n<h4 class=\"heading-3 ace-line old-record-id-XvySfKOQgdenCKcWMpPcYLeQn3b\">Personalizzabile &amp; Conveniente<\/h4>\n<div class=\"ace-line ace-line old-record-id-RbNSf3ZSGdnjUpczCDMcxyPcntf\">Il flusso d'aria regolabile ti consente di personalizzare la tua esperienza di svapo, mentre il design ricaricabile Type-C aggiunge convenienza. Il display LED e le diverse forze di nicotina migliorano ulteriormente l'esperienza user-friendly.<\/div>\n<h4 class=\"heading-3 ace-line old-record-id-NSV4fZSe3dh6xNcgKsYchBidnhb\">Qualit\u00e0 del Vapore Morbido<\/h4>\n<div class=\"ace-line ace-line old-record-id-OxhmfOPc1dXnfocr3RLcg9Cjnkb\">La coil a rete da 0.6ohm garantisce un vapore morbido e costante con ogni boccata. Godrai di un sapore ricco e nuvole soddisfacenti senza alcuna durezza.<\/div>\n<div class=\"ace-line ace-line old-record-id-CbsCfh8lcdvpujcouztc37x7nrc\">In breve, l'ELF BOX SHISHA 16000 Puffs combina variet\u00e0 di sapori, prestazioni durature e design user-friendly in un dispositivo eccezionale. \u00c8 la scelta perfetta per chiunque desideri elevare la propria esperienza di shisha. \ud83c\udf89<\/div>\n<\/div>\n<\/div>\n<\/div>\n<\/div>\n<\/div>\n<\/div>\n<\/div>\n<\/div>\n<\/div>\n<\/div>\n<\/div>\n<\/div>\n<\/div>\n<\/div>\n<\/div>\n<\/div>\n<\/div>\n<\/div>\n<\/div>\n<\/div>\n<\/div>\n<\/div>\n<\/div>\n<\/div>\n<\/div>\n<\/div>\n<\/div>\n<\/div>\n<\/div>\n<\/div>\n<\/div>\n<\/div>\n<\/div>\n<\/div>","protected":false},"excerpt":{"rendered":"<div data-page-id=\"RAopf2sw9dtvw4cWYXpcTwo0n8g\" data-lark-html-role=\"root\" data-docx-has-block-data=\"false\">\n<div class=\"ace-line ace-line old-record-id-Uju9f3RXYd8dh2crAJbcBF3Un6M\">Incontra ELF BOX SHISHA 16000 Puff! Offre 12 sapori vivaci, dal ghiacciato Blue Razz al tropicale Peach Mango Pineapple. Con una resistenza a rete da 0,6 ohm, flusso d'aria regolabile, ricarica Type-C e opzioni di nicotina multiple, offre un'esperienza di svapo fluida e personalizzabile per giorni.<\/div>\n<\/div>","protected":false},"featured_media":3539,"comment_status":"open","ping_status":"closed","template":"","meta":{"_acf_changed":false,"inline_featured_image":false,"_sitemap_exclude":false,"_sitemap_priority":"","_sitemap_frequency":""},"product_brand":[94],"product_cat":[84,383,239,247],"product_tag":[],"class_list":{"0":"post-3525","1":"product","2":"type-product","3":"status-publish","4":"has-post-thumbnail","6":"product_brand-elf-box","7":"product_cat-elf-box-puff","8":"product_cat-shisha-vape","9":"product_cat-disposable-vape-collection","10":"product_cat-16k-puffs","12":"first","13":"instock","14":"sale","15":"shipping-taxable","16":"purchasable","17":"product-type-variable","18":"has-default-attributes"},"acf":[],"tiered_pricing_type":"fixed","tiered_pricing_fixed_rules":{"30":7.68,"60":6.99,"100":6.49,"200":6.01},"tiered_pricing_product_settings":{"layout":"default","base_unit_name":{"singular":null,"plural":null},"default_variation":null},"tiered_pricing_minimum_quantity":10,"tiered_pricing_roles_data":[],"tiered_pricing_percentage_rules":[],"tiered_pricing_maximum_quantity":null,"tiered_pricing_quantity_step":"10","_links":{"self":[{"href":"https:\/\/oiovape.com\/it\/wp-json\/wp\/v2\/product\/3525","targetHints":{"allow":["GET"]}}],"collection":[{"href":"https:\/\/oiovape.com\/it\/wp-json\/wp\/v2\/product"}],"about":[{"href":"https:\/\/oiovape.com\/it\/wp-json\/wp\/v2\/types\/product"}],"replies":[{"embeddable":true,"href":"https:\/\/oiovape.com\/it\/wp-json\/wp\/v2\/comments?post=3525"}],"version-history":[{"count":1,"href":"https:\/\/oiovape.com\/it\/wp-json\/wp\/v2\/product\/3525\/revisions"}],"predecessor-version":[{"id":3653,"href":"https:\/\/oiovape.com\/it\/wp-json\/wp\/v2\/product\/3525\/revisions\/3653"}],"wp:featuredmedia":[{"embeddable":true,"href":"https:\/\/oiovape.com\/it\/wp-json\/wp\/v2\/media\/3539"}],"wp:attachment":[{"href":"https:\/\/oiovape.com\/it\/wp-json\/wp\/v2\/media?parent=3525"}],"wp:term":[{"taxonomy":"product_brand","embeddable":true,"href":"https:\/\/oiovape.com\/it\/wp-json\/wp\/v2\/product_brand?post=3525"},{"taxonomy":"product_cat","embeddable":true,"href":"https:\/\/oiovape.com\/it\/wp-json\/wp\/v2\/product_cat?post=3525"},{"taxonomy":"product_tag","embeddable":true,"href":"https:\/\/oiovape.com\/it\/wp-json\/wp\/v2\/product_tag?post=3525"}],"curies":[{"name":"wp","href":"https:\/\/api.w.org\/{rel}","templated":true}]}}