{"id":3775,"date":"2026-01-09T07:16:51","date_gmt":"2026-01-09T07:16:51","guid":{"rendered":"https:\/\/oiovape.com\/?post_type=product&#038;p=3775"},"modified":"2026-01-26T11:02:07","modified_gmt":"2026-01-26T03:02:07","slug":"okso-magic-mirror-50000-puffs","status":"publish","type":"product","link":"https:\/\/oiovape.com\/it\/product\/okso-magic-mirror-50000-puffs\/","title":{"rendered":"OKSO Magic Mirror 50000 PUFFS Dual Mesh Coil RGB Display LED Schermo Intelligente Batteria 850mah Vape"},"content":{"rendered":"<div data-page-id=\"ZVeMfq8uxd7y1ycuKm5cym4LnYd\" data-lark-html-role=\"root\" data-docx-has-block-data=\"false\">\n<div data-page-id=\"Fd41fZ5N9dzRQtcRNoVc2FuDnCh\" data-lark-html-role=\"root\" data-docx-has-block-data=\"true\">\n<div data-page-id=\"BdIJfeeijdk1eucGpS8cDCBBn5c\" data-lark-html-role=\"root\" data-docx-has-block-data=\"false\">\n<div data-page-id=\"Zbg9fWx77dUuh2cIYpic25c8nyd\" data-lark-html-role=\"root\" data-docx-has-block-data=\"false\">\n<div data-page-id=\"KaIvfiurhdlCKdc0kyxcX64cnE6\" data-lark-html-role=\"root\" data-docx-has-block-data=\"true\">\n<div data-page-id=\"PbvFfqxqlddUTScRpEYcY5MHnpf\" data-lark-html-role=\"root\" data-docx-has-block-data=\"true\">\n<div data-page-id=\"GZO2f5JeudwY4jc9iJtcdk9Hnxh\" data-lark-html-role=\"root\" data-docx-has-block-data=\"false\">\n<div data-page-id=\"EZVRf2acFduXLGcseZFc4qH2n6e\" data-lark-html-role=\"root\" data-docx-has-block-data=\"false\">\n<div data-page-id=\"B8rHfcqlqdzmH5cCWCncz17Cntb\" data-lark-html-role=\"root\" data-docx-has-block-data=\"false\">\n<div data-page-id=\"B8rHfcqlqdzmH5cCWCncz17Cntb\" data-lark-html-role=\"root\" data-docx-has-block-data=\"false\">\n<div data-page-id=\"B8rHfcqlqdzmH5cCWCncz17Cntb\" data-lark-html-role=\"root\" data-docx-has-block-data=\"true\">\n<div data-page-id=\"HM70f1aoxdD0bMcxJZBcVc7ynZd\" data-lark-html-role=\"root\" data-docx-has-block-data=\"false\">\n<div data-page-id=\"NSrJfN7Ord22i0c1iwZcsF8yn8b\" data-lark-html-role=\"root\" data-docx-has-block-data=\"false\">\n<div data-page-id=\"RXEff4Mskds8o1cqL5HcGEtUnCh\" data-lark-html-role=\"root\" data-docx-has-block-data=\"false\">\n<div data-page-id=\"KJ7gfqkVndMSRJcMseScmvYwnTc\" data-lark-html-role=\"root\" data-docx-has-block-data=\"false\">\n<div class=\"ace-line ace-line old-record-id-QADAfETPudgmudc05YvcTO5fnxe\">\n<div data-page-id=\"KJ7gfqkVndMSRJcMseScmvYwnTc\" data-lark-html-role=\"root\" data-docx-has-block-data=\"false\">\n<div class=\"ace-line ace-line old-record-id-JoRkfpho8dOkiacEOascDyCOncb\">\n<div data-page-id=\"KJ7gfqkVndMSRJcMseScmvYwnTc\" data-lark-html-role=\"root\" data-docx-has-block-data=\"false\">\n<div data-page-id=\"Ju6ofQ3V4dGmePcVvJvc1gmcnZb\" data-lark-html-role=\"root\" data-docx-has-block-data=\"true\">\n<div data-page-id=\"PR9ife5PLdFabccbFgZcWgZOnTc\" data-lark-html-role=\"root\" data-docx-has-block-data=\"false\">\n<div data-page-id=\"INdrfOIGzdaenXcptrcc1BcznQc\" data-lark-html-role=\"root\" data-docx-has-block-data=\"false\">\n<div class=\"ace-line ace-line old-record-id-P0fIf4YaZdoGkbcxt5ackec2nnb\">\n<div data-page-id=\"INdrfOIGzdaenXcptrcc1BcznQc\" data-lark-html-role=\"root\" data-docx-has-block-data=\"false\">\n<div data-page-id=\"MAzCfUB73dMTQscm8eWcougVn1g\" data-lark-html-role=\"root\" data-docx-has-block-data=\"true\">\n<div data-page-id=\"AXfpf7H1odhDvGcKoUOcErN8nV7\" data-lark-html-role=\"root\" data-docx-has-block-data=\"false\">\n<div data-page-id=\"QYTKf5PvLdUNdbce2nBcW9yfnrh\" data-lark-html-role=\"root\" data-docx-has-block-data=\"false\">\n<div data-page-id=\"Pvu1f1CCBdxbjncA9pgcBTpanph\" data-lark-html-role=\"root\" data-docx-has-block-data=\"true\">\n<div data-page-id=\"Axf3fcmY8dDAhtcjVircBcphnPc\" data-lark-html-role=\"root\" data-docx-has-block-data=\"false\">\n<div data-page-id=\"KKj1f9SPmdLhhMc5E2AcNlLen6f\" data-lark-html-role=\"root\" data-docx-has-block-data=\"true\">\n<div data-page-id=\"Rx61fK1sJdXHjPcBuhZcweNhnwc\" data-lark-html-role=\"root\" data-docx-has-block-data=\"false\">\n<div data-page-id=\"L1H9fkG9Mdz45Fcy4WMc5VKXnRe\" data-lark-html-role=\"root\" data-docx-has-block-data=\"false\">\n<div data-page-id=\"L1H9fkG9Mdz45Fcy4WMc5VKXnRe\" data-lark-html-role=\"root\" data-docx-has-block-data=\"false\">\n<div data-page-id=\"D4XLfVBVrdE8mrcaYizczklLnaf\" data-lark-html-role=\"root\" data-docx-has-block-data=\"false\">\n<div data-page-id=\"WVcifIY44d5mhMcXtyEcTsfenGd\" data-lark-html-role=\"root\" data-docx-has-block-data=\"true\">\n<div data-page-id=\"LRknfa6Whd4DWCcUc0FcNKpJnyh\" data-lark-html-role=\"root\" data-docx-has-block-data=\"false\">\n<div data-page-id=\"LRknfa6Whd4DWCcUc0FcNKpJnyh\" data-lark-html-role=\"root\" data-docx-has-block-data=\"false\">\n<div data-page-id=\"XFRAfkcOEdRWh8cArQ2cJdyRnJf\" data-lark-html-role=\"root\" data-docx-has-block-data=\"true\">\n<div data-page-id=\"OQ3bfjnRddMTDGcC3ouc6xFKnWf\" data-lark-html-role=\"root\" data-docx-has-block-data=\"true\">\n<div data-page-id=\"J0iGfj1hEdjc4rcUdSmc4spMnmZ\" data-lark-html-role=\"root\" data-docx-has-block-data=\"false\">\n<h2 class=\"heading-2 ace-line old-record-id-Kb3ifhdoWdOcY2cJssmcbZPUnkh\">Perch\u00e9 Scegliere il OKSO Magic Mirror 50000 Puffs?<\/h2>\n<div class=\"ace-line ace-line old-record-id-CuSpfFt1YdVzUPcHc3Ec9r3mnyd\">Con innumerevoli sigarette elettroniche usa e getta sul mercato, scegliere quella giusta pu\u00f2 essere opprimente. Ecco i motivi principali per cui il OKSO Magic Mirror 50000 Puffs si distingue dagli altri:<\/div>\n<h3 class=\"heading-3 ace-line old-record-id-PJpCfDU8OdAoPbc27Q8cOnyAnWd\">Longevit\u00e0 Incomparabile<\/h3>\n<div class=\"ace-line ace-line old-record-id-Ff0GfxY8tdbcZIcP4GfciMgfnrC\">Con 50000 tiri e 40ml di e-liquid, questo dispositivo offre un'eccezionale longevit\u00e0. Non sar\u00e0 necessario sostituirlo frequentemente, rendendolo una scelta economica per i vapers abituali. La batteria ricaricabile da 850mAh garantisce che tu possa goderti ogni tiro senza esaurire prematuramente la carica.<\/div>\n<h3 class=\"heading-3 ace-line old-record-id-SOO3fBb23d0h1pcBB43c1oPGn72\">Eccellente Consegna del Gusto<\/h3>\n<div class=\"ace-line ace-line old-record-id-W5CGfuqvcdXLn5cH1qocYYfUnAh\">La tecnologia a doppia resistenza a rete assicura un riscaldamento uniforme e una vaporizzazione efficiente dell'e-liquid. Questo si traduce in un sapore ricco e costante in ogni puff. Che tu stia svapando un mix ghiacciato o un medley fruttato, il sapore rimane autentico e vibrante dal primo puff all'ultimo.<\/div>\n<h3 class=\"heading-3 ace-line old-record-id-VRj2fNvurdSBnNcY26RctA3Inaf\">Esperienza Personalizzabile<\/h3>\n<div class=\"ace-line ace-line old-record-id-ZimxfvFo5dfDtAc54mfc8UCDnZd\">Con quattro opzioni di forza della nicotina (0% a 5%), puoi personalizzare la tua esperienza di svapo in base alle tue preferenze. Che tu stia cercando di ridurre l'assunzione di nicotina o preferisca un colpo pi\u00f9 forte, questo dispositivo ha ci\u00f2 di cui hai bisogno. La gamma di sapori diversificata significa anche che non ti annoierai mai.<\/div>\n<h3 class=\"heading-3 ace-line old-record-id-Rnmof0zNwd0q8scUywxcUjRanKd\">Design Innovativo e Facile da Usare<\/h3>\n<div class=\"ace-line ace-line old-record-id-Vy7Sf0F66d0vb0cdoiHc2VQAnIg\">Il design unico a specchio aggiunge un tocco di stile, facendo risaltare il dispositivo nella tua mano. Il LED RGB e il display LED migliorano l'esperienza dell'utente fornendo feedback visivi, mentre la porta di ricarica Type-C garantisce una ricarica rapida e conveniente. Soprattutto, la funzione di blocco per bambini aggiunge un ulteriore livello di sicurezza, offrendoti tranquillit\u00e0.<\/div>\n<h3 class=\"heading-3 ace-line old-record-id-WosefjFUKdezx0ceumdc3VoGnrf\">Prestazioni Affidabili<\/h3>\n<div class=\"ace-line ace-line old-record-id-LopdfWmwHdxy3JcTTxyccyuXnMb\">\n<p>Ogni OKSO Magic Mirror 50000 Puffs subisce un rigoroso controllo di qualit\u00e0 per garantire prestazioni costanti. La combinazione di materiali di alta qualit\u00e0 e tecnologia avanzata d\u00e0 vita a un dispositivo affidabile, durevole e piacevole da usare.<\/p>\n<div data-page-id=\"J0iGfj1hEdjc4rcUdSmc4spMnmZ\" data-lark-html-role=\"root\" data-docx-has-block-data=\"true\">\n<h2 class=\"heading-2 ace-line old-record-id-GUz4fqDQidVs5dcvZz2cuElQn8e\">Esplora la Diversa Palette di Sapori<\/h2>\n<div class=\"ace-line ace-line old-record-id-UPDAfi7tKdxo3lcJzQVcsYXhn3r\">Il OKSO Magic Mirror 50000 Puffs vanta 10 sapori accuratamente progettati, ciascuno pensato per stuzzicare le tue papille gustative. Dai mix ghiacciati ai medley fruttati, c'\u00e8 un sapore per ogni umore e preferenza. Esploriamo le caratteristiche uniche di ciascuna opzione:<\/div>\n<h3 class=\"heading-3 ace-line old-record-id-Ewqif6zYgdRF7gcnMM0cyxnkn3d\">Delizie Ghiacciate<\/h3>\n<ul class=\"list-bullet1\">\n<li class=\"ace-line ace-line old-record-id-W9h8fIHNqd9owDcFpK0cb4jfn8g\" data-list=\"bullet\">\n<div><strong>Ghiaccio Blue Razz<\/strong>: Un perfetto equilibrio tra dolce lampone blu e mentolo croccante. Ogni puff offre un'esplosione di dolcezza fruttata seguita da un finale ghiacciato rinfrescante che raffredda la gola.<\/div>\n<\/li>\n<li class=\"ace-line ace-line old-record-id-Uh88frAvwdxXPCcS2CrcudmbnNg\" data-list=\"bullet\">\n<div><strong>Ghiaccio Lussureggiante<\/strong>: Sperimenta la dolcezza succosa dell'anguria matura abbinata a un'esplosione di mentolo rinfrescante. \u00c8 come mordere un'anguria fredda in una calda giornata estiva.<\/div>\n<\/li>\n<li class=\"ace-line ace-line old-record-id-YRdTf4H9AdjmGCc5OKBcSMBznxh\" data-list=\"bullet\">\n<div><strong>Fragola Ghiacciata<\/strong>: Il sapore fresco e maturo di fragola incontra il mentolo morbido. Le note dolci della bacca sono protagoniste, mentre il ghiaccio aggiunge una piacevole freschezza che persiste delicatamente.<\/div>\n<\/li>\n<li class=\"ace-line ace-line old-record-id-Vspmfjw0Ad99VLcnHl1cOnqWnuh\" data-list=\"bullet\">\n<div><strong>Uva Ghiacciata<\/strong>: Ricco sapore dolce d'uva mescolato con mentolo ghiacciato. Cattura l'essenza delle uve fresche e aggiunge una svolta rinfrescante per un'esperienza di svapo deliziosa.<\/div>\n<\/li>\n<li class=\"ace-line ace-line old-record-id-UOdTfe6dRdYUcMc7aXocgorfneb\" data-list=\"bullet\">\n<div><strong>Menta Ghiacciata<\/strong>: Menta pura e rinvigorente con un forte effetto rinfrescante. Ideale per i vapers che preferiscono un gusto pulito e rinfrescante che lascia la bocca fresca.<\/div>\n<\/li>\n<\/ul>\n<h3 class=\"heading-3 ace-line old-record-id-H6PDfneuzdvn1hcdk6sccTzjnle\">Medley Fruttati e Miscele Uniche<\/h3>\n<ul class=\"list-bullet1\">\n<li class=\"ace-line ace-line old-record-id-QlosfR0xJdDAp4cNPBQcuCp4nic\" data-list=\"bullet\">\n<div><strong>Fragola Anguria<\/strong>: Una combinazione classica di dolce fragola e succosa anguria. I due sapori si completano perfettamente, creando un gusto armonioso e piacevole.<\/div>\n<\/li>\n<li class=\"ace-line ace-line old-record-id-IQKwf8kQ5dCZQ4c7OZlcWyBwnYd\" data-list=\"bullet\">\n<div><strong>Kiwi Frutto della Passione<\/strong>: Esotico e vibrante, questo sapore mescola la dolcezza acidula del kiwi con la ricchezza tropicale della frutta della passione. \u00c8 una scelta audace per i vapers avventurosi.<\/div>\n<\/li>\n<li class=\"ace-line ace-line old-record-id-IRMMfjcNCdnQT1chrq6c5IMInPe\" data-list=\"bullet\">\n<div><strong>Bacche Miste<\/strong>: Un delizioso medley di varie bacche, tra cui mirtillo, lampone e mora. Ogni puff offre un mix complesso di note dolci e leggermente aspre.<\/div>\n<\/li>\n<li class=\"ace-line ace-line old-record-id-Na2SfieindiMH6cxAUSc321Gnee\" data-list=\"bullet\">\n<div><strong>AMORE 66<\/strong>: Una miscela misteriosa e intrigante che bilancia dolcezza e profondit\u00e0. \u00c8 un sapore unico che ti far\u00e0 tornare per averne di pi\u00f9, perfetto per chi ama un tocco di intrigo.<\/div>\n<\/li>\n<li class=\"ace-line ace-line old-record-id-VD3nfHwwAdjfAzc6bW9cdRcHnAd\" data-list=\"bullet\">\n<div><strong>Lady Killa<\/strong>: Un sapore sofisticato e morbido con sottili note dolci. \u00c8 progettato per i vapers che apprezzano un gusto raffinato che non \u00e8 opprimente.<\/div>\n<\/li>\n<\/ul>\n<h2 class=\"heading-2 ace-line old-record-id-OuEwfWNm3dD2RlcO2WLcW0AGnmf\">Specifiche Principali a Colpo d'Occhio<\/h2>\n<div class=\"ace-line ace-line old-record-id-UPkRfEkvqdw5LXcxZFkc9xo3noe\">Il OKSO Magic Mirror 50000 Puffs non riguarda solo un grande sapore: \u00e8 costruito con caratteristiche ad alte prestazioni che garantiscono un'esperienza costante e affidabile. Di seguito \u00e8 riportata una tabella dettagliata delle sue specifiche chiave:<\/div>\n<div>\n<table class=\"ace-table\" data-ace-table-col-widths=\"200;200\">\n<colgroup>\n<col width=\"200\" \/>\n<col width=\"200\" \/><\/colgroup>\n<thead>\n<tr>\n<th colspan=\"1\" rowspan=\"1\">\n<div class=\"ace-line ace-line old-record-id-UsbLfkApWd35Luc5lThcgoRAnVc\">Caratteristica<\/div>\n<\/th>\n<th colspan=\"1\" rowspan=\"1\">\n<div class=\"ace-line ace-line old-record-id-JR5lfNTnKdTstMcTLUtcSf9knwf\">Specifiche<\/div>\n<\/th>\n<\/tr>\n<\/thead>\n<tbody>\n<tr>\n<td colspan=\"1\" rowspan=\"1\">\n<div class=\"ace-line ace-line old-record-id-MVIqfaCOcdjhxxcTyqJcTOpNnWf\">Capacit\u00e0 di Tiri<\/div>\n<\/td>\n<td colspan=\"1\" rowspan=\"1\">\n<div class=\"ace-line ace-line old-record-id-Q96Bfvw2FdWXTscrYLpc9Oionlg\">50000 tiri<\/div>\n<\/td>\n<\/tr>\n<tr>\n<td colspan=\"1\" rowspan=\"1\">\n<div class=\"ace-line ace-line old-record-id-CaYHfI7q9dUgJVcZvtkcoawKnVe\">Tecnologia di Base<\/div>\n<\/td>\n<td colspan=\"1\" rowspan=\"1\">\n<div class=\"ace-line ace-line old-record-id-JZWmfJKL3dlpswcnXHqcbBWdnoh\">Dual Mesh Coil<\/div>\n<\/td>\n<\/tr>\n<tr>\n<td colspan=\"1\" rowspan=\"1\">\n<div class=\"ace-line ace-line old-record-id-GWy1fX2KYdTSeXcpmMicvDk2nPg\">Capacit\u00e0 della batteria<\/div>\n<\/td>\n<td colspan=\"1\" rowspan=\"1\">\n<div class=\"ace-line ace-line old-record-id-MD6cfwavgdU1tHcbxnecfrdAnig\">650mAh<\/div>\n<\/td>\n<\/tr>\n<tr>\n<td colspan=\"1\" rowspan=\"1\">\n<div class=\"ace-line ace-line old-record-id-O1eJfauw1dvw7Qc2kMzcnjOJnEc\">Forza della Nicotina<\/div>\n<\/td>\n<td colspan=\"1\" rowspan=\"1\">\n<div class=\"ace-line ace-line old-record-id-HDRFfFr1odPLJXcz3EIc0lZlnDf\">0% \/ 2% \/ 3% \/ 5%<\/div>\n<\/td>\n<\/tr>\n<tr>\n<td colspan=\"1\" rowspan=\"1\">\n<div class=\"ace-line ace-line old-record-id-JwPjfTgqXdejpOcVLtycbFYFnlh\">Configurazione principale<\/div>\n<\/td>\n<td colspan=\"1\" rowspan=\"1\">\n<div class=\"ace-line ace-line old-record-id-PTSaf9d3kdkrjIcKDkUcY9DOnJf\">850mAh<\/div>\n<\/td>\n<\/tr>\n<tr>\n<td colspan=\"1\" rowspan=\"1\">\n<div class=\"ace-line ace-line old-record-id-OBXtfdgbIdAXFKc0JY9cz0Ognlh\">Metodo di Ricarica<\/div>\n<\/td>\n<td colspan=\"1\" rowspan=\"1\">\n<div class=\"ace-line ace-line old-record-id-YVBBf9r3jdELYncOdP7cjQ6TnTe\">Ricaricabile tramite Type-C<\/div>\n<\/td>\n<\/tr>\n<tr>\n<td colspan=\"1\" rowspan=\"1\">\n<div class=\"ace-line ace-line old-record-id-AdJZfcl9pdBLc2cutHVcvGRVnHc\">Caratteristiche Speciali<\/div>\n<\/td>\n<td colspan=\"1\" rowspan=\"1\">\n<div class=\"ace-line ace-line old-record-id-KkkjfHhqIdSNcicRVrHcbyNenDg\">Design a specchio, LED RGB, Display LED, Blocco per Bambini<\/div>\n<\/td>\n<\/tr>\n<\/tbody>\n<\/table>\n<\/div>\n<\/div>\n<\/div>\n<\/div>\n<\/div>\n<\/div>\n<\/div>\n<\/div>\n<\/div>\n<\/div>\n<\/div>\n<\/div>\n<\/div>\n<\/div>\n<\/div>\n<\/div>\n<\/div>\n<\/div>\n<\/div>\n<\/div>\n<\/div>\n<\/div>\n<\/div>\n<\/div>\n<\/div>\n<\/div>\n<\/div>\n<\/div>\n<\/div>\n<\/div>\n<\/div>\n<\/div>\n<\/div>\n<\/div>\n<\/div>\n<\/div>\n<\/div>\n<\/div>\n<\/div>\n<\/div>\n<\/div>\n<\/div>\n<\/div>","protected":false},"excerpt":{"rendered":"<div data-page-id=\"RAopf2sw9dtvw4cWYXpcTwo0n8g\" data-lark-html-role=\"root\" data-docx-has-block-data=\"false\">\n<div class=\"ace-line ace-line old-record-id-Uju9f3RXYd8dh2crAJbcBF3Un6M\">Il vape usa e getta OKSO Magic Mirror 50000 Puffs si distingue per 10 sapori vivaci, dal Blue Razz ghiacciato al tropicale Kiwi Passion Fruit. \u00c8 dotato di una doppia bobina in mesh, 40ml di e-liquid e una batteria ricaricabile da 850mAh. Inoltre, il suo design a specchio, LED RGB e il blocco per bambini lo rendono sia elegante che sicuro.<\/div>\n<\/div>","protected":false},"featured_media":6111,"comment_status":"open","ping_status":"closed","template":"","meta":{"_acf_changed":false,"inline_featured_image":false,"_sitemap_exclude":false,"_sitemap_priority":"","_sitemap_frequency":""},"product_brand":[230],"product_cat":[231,239,243],"product_tag":[],"class_list":{"0":"post-3775","1":"product","2":"type-product","3":"status-publish","4":"has-post-thumbnail","6":"product_brand-okso","7":"product_cat-okso-puff","8":"product_cat-disposable-vape-collection","9":"product_cat-50k-puff","11":"first","12":"instock","13":"sale","14":"shipping-taxable","15":"purchasable","16":"product-type-variable","17":"has-default-attributes"},"acf":[],"tiered_pricing_type":"fixed","tiered_pricing_fixed_rules":{"30":9.35,"60":8.53,"100":7.89,"200":7.26},"tiered_pricing_product_settings":{"layout":"default","base_unit_name":{"singular":null,"plural":null},"default_variation":null},"tiered_pricing_minimum_quantity":10,"tiered_pricing_roles_data":[],"tiered_pricing_percentage_rules":[],"tiered_pricing_maximum_quantity":null,"tiered_pricing_quantity_step":"13","_links":{"self":[{"href":"https:\/\/oiovape.com\/it\/wp-json\/wp\/v2\/product\/3775","targetHints":{"allow":["GET"]}}],"collection":[{"href":"https:\/\/oiovape.com\/it\/wp-json\/wp\/v2\/product"}],"about":[{"href":"https:\/\/oiovape.com\/it\/wp-json\/wp\/v2\/types\/product"}],"replies":[{"embeddable":true,"href":"https:\/\/oiovape.com\/it\/wp-json\/wp\/v2\/comments?post=3775"}],"version-history":[{"count":0,"href":"https:\/\/oiovape.com\/it\/wp-json\/wp\/v2\/product\/3775\/revisions"}],"wp:featuredmedia":[{"embeddable":true,"href":"https:\/\/oiovape.com\/it\/wp-json\/wp\/v2\/media\/6111"}],"wp:attachment":[{"href":"https:\/\/oiovape.com\/it\/wp-json\/wp\/v2\/media?parent=3775"}],"wp:term":[{"taxonomy":"product_brand","embeddable":true,"href":"https:\/\/oiovape.com\/it\/wp-json\/wp\/v2\/product_brand?post=3775"},{"taxonomy":"product_cat","embeddable":true,"href":"https:\/\/oiovape.com\/it\/wp-json\/wp\/v2\/product_cat?post=3775"},{"taxonomy":"product_tag","embeddable":true,"href":"https:\/\/oiovape.com\/it\/wp-json\/wp\/v2\/product_tag?post=3775"}],"curies":[{"name":"wp","href":"https:\/\/api.w.org\/{rel}","templated":true}]}}