{"id":3826,"date":"2026-01-09T08:00:28","date_gmt":"2026-01-09T08:00:28","guid":{"rendered":"https:\/\/oiovape.com\/?post_type=product&#038;p=3826"},"modified":"2026-01-26T11:05:19","modified_gmt":"2026-01-26T03:05:19","slug":"okso-triple-flavor-70000-puffs","status":"publish","type":"product","link":"https:\/\/oiovape.com\/it\/product\/okso-triple-flavor-70000-puffs\/","title":{"rendered":"OKSO Triplo Gusto 70000 PUFFS Display LED Coil a Tripla Maglia Batteria 650mAh Vape Pen Ricaricabile Veloce"},"content":{"rendered":"<div data-page-id=\"ZVeMfq8uxd7y1ycuKm5cym4LnYd\" data-lark-html-role=\"root\" data-docx-has-block-data=\"false\">\n<div data-page-id=\"Fd41fZ5N9dzRQtcRNoVc2FuDnCh\" data-lark-html-role=\"root\" data-docx-has-block-data=\"true\">\n<div data-page-id=\"BdIJfeeijdk1eucGpS8cDCBBn5c\" data-lark-html-role=\"root\" data-docx-has-block-data=\"false\">\n<div data-page-id=\"Zbg9fWx77dUuh2cIYpic25c8nyd\" data-lark-html-role=\"root\" data-docx-has-block-data=\"false\">\n<div data-page-id=\"KaIvfiurhdlCKdc0kyxcX64cnE6\" data-lark-html-role=\"root\" data-docx-has-block-data=\"true\">\n<div data-page-id=\"PbvFfqxqlddUTScRpEYcY5MHnpf\" data-lark-html-role=\"root\" data-docx-has-block-data=\"true\">\n<div data-page-id=\"GZO2f5JeudwY4jc9iJtcdk9Hnxh\" data-lark-html-role=\"root\" data-docx-has-block-data=\"false\">\n<div data-page-id=\"EZVRf2acFduXLGcseZFc4qH2n6e\" data-lark-html-role=\"root\" data-docx-has-block-data=\"false\">\n<div data-page-id=\"B8rHfcqlqdzmH5cCWCncz17Cntb\" data-lark-html-role=\"root\" data-docx-has-block-data=\"false\">\n<div data-page-id=\"B8rHfcqlqdzmH5cCWCncz17Cntb\" data-lark-html-role=\"root\" data-docx-has-block-data=\"false\">\n<div data-page-id=\"B8rHfcqlqdzmH5cCWCncz17Cntb\" data-lark-html-role=\"root\" data-docx-has-block-data=\"true\">\n<div data-page-id=\"HM70f1aoxdD0bMcxJZBcVc7ynZd\" data-lark-html-role=\"root\" data-docx-has-block-data=\"false\">\n<div data-page-id=\"NSrJfN7Ord22i0c1iwZcsF8yn8b\" data-lark-html-role=\"root\" data-docx-has-block-data=\"false\">\n<div data-page-id=\"RXEff4Mskds8o1cqL5HcGEtUnCh\" data-lark-html-role=\"root\" data-docx-has-block-data=\"false\">\n<div data-page-id=\"KJ7gfqkVndMSRJcMseScmvYwnTc\" data-lark-html-role=\"root\" data-docx-has-block-data=\"false\">\n<div class=\"ace-line ace-line old-record-id-QADAfETPudgmudc05YvcTO5fnxe\">\n<div data-page-id=\"KJ7gfqkVndMSRJcMseScmvYwnTc\" data-lark-html-role=\"root\" data-docx-has-block-data=\"false\">\n<div class=\"ace-line ace-line old-record-id-JoRkfpho8dOkiacEOascDyCOncb\">\n<div data-page-id=\"KJ7gfqkVndMSRJcMseScmvYwnTc\" data-lark-html-role=\"root\" data-docx-has-block-data=\"false\">\n<div data-page-id=\"Ju6ofQ3V4dGmePcVvJvc1gmcnZb\" data-lark-html-role=\"root\" data-docx-has-block-data=\"true\">\n<div data-page-id=\"PR9ife5PLdFabccbFgZcWgZOnTc\" data-lark-html-role=\"root\" data-docx-has-block-data=\"false\">\n<div data-page-id=\"INdrfOIGzdaenXcptrcc1BcznQc\" data-lark-html-role=\"root\" data-docx-has-block-data=\"false\">\n<div class=\"ace-line ace-line old-record-id-P0fIf4YaZdoGkbcxt5ackec2nnb\">\n<div data-page-id=\"INdrfOIGzdaenXcptrcc1BcznQc\" data-lark-html-role=\"root\" data-docx-has-block-data=\"false\">\n<div data-page-id=\"MAzCfUB73dMTQscm8eWcougVn1g\" data-lark-html-role=\"root\" data-docx-has-block-data=\"true\">\n<div data-page-id=\"AXfpf7H1odhDvGcKoUOcErN8nV7\" data-lark-html-role=\"root\" data-docx-has-block-data=\"false\">\n<div data-page-id=\"QYTKf5PvLdUNdbce2nBcW9yfnrh\" data-lark-html-role=\"root\" data-docx-has-block-data=\"false\">\n<div data-page-id=\"Pvu1f1CCBdxbjncA9pgcBTpanph\" data-lark-html-role=\"root\" data-docx-has-block-data=\"true\">\n<div data-page-id=\"Axf3fcmY8dDAhtcjVircBcphnPc\" data-lark-html-role=\"root\" data-docx-has-block-data=\"false\">\n<div data-page-id=\"KKj1f9SPmdLhhMc5E2AcNlLen6f\" data-lark-html-role=\"root\" data-docx-has-block-data=\"true\">\n<div data-page-id=\"Rx61fK1sJdXHjPcBuhZcweNhnwc\" data-lark-html-role=\"root\" data-docx-has-block-data=\"false\">\n<div data-page-id=\"L1H9fkG9Mdz45Fcy4WMc5VKXnRe\" data-lark-html-role=\"root\" data-docx-has-block-data=\"false\">\n<div data-page-id=\"L1H9fkG9Mdz45Fcy4WMc5VKXnRe\" data-lark-html-role=\"root\" data-docx-has-block-data=\"false\">\n<div data-page-id=\"D4XLfVBVrdE8mrcaYizczklLnaf\" data-lark-html-role=\"root\" data-docx-has-block-data=\"false\">\n<div data-page-id=\"WVcifIY44d5mhMcXtyEcTsfenGd\" data-lark-html-role=\"root\" data-docx-has-block-data=\"true\">\n<div data-page-id=\"LRknfa6Whd4DWCcUc0FcNKpJnyh\" data-lark-html-role=\"root\" data-docx-has-block-data=\"false\">\n<div data-page-id=\"LRknfa6Whd4DWCcUc0FcNKpJnyh\" data-lark-html-role=\"root\" data-docx-has-block-data=\"false\">\n<div data-page-id=\"XFRAfkcOEdRWh8cArQ2cJdyRnJf\" data-lark-html-role=\"root\" data-docx-has-block-data=\"true\">\n<div data-page-id=\"OQ3bfjnRddMTDGcC3ouc6xFKnWf\" data-lark-html-role=\"root\" data-docx-has-block-data=\"true\">\n<div data-page-id=\"J0iGfj1hEdjc4rcUdSmc4spMnmZ\" data-lark-html-role=\"root\" data-docx-has-block-data=\"false\">\n<div data-page-id=\"P1o7fFyNlduP8tcfZpQcagzbnIf\" data-lark-html-role=\"root\" data-docx-has-block-data=\"false\">\n<div class=\"ace-line ace-line old-record-id-P1o7fFyNlduP8tcfZpQcagzbnIf\">\n<div data-page-id=\"P1o7fFyNlduP8tcfZpQcagzbnIf\" data-lark-html-role=\"root\" data-docx-has-block-data=\"false\">\n<div data-page-id=\"U4iufW38SdttWKcTstMcTtHRnXc\" data-lark-html-role=\"root\" data-docx-has-block-data=\"true\">\n<h2 class=\"ace-line ace-line old-record-id-U4iufW38SdttWKcTstMcTtHRnXc\">OKSO Triplo Gusto 70000 Puff: Un Trio Rivoluzionario di Gusti in Ogni Puff<\/h2>\n<div class=\"ace-line ace-line old-record-id-YiBufCYjudqaI3cBK5DcDXIKnng\">Nel dinamico mondo delle sigarette elettroniche usa e getta, l'innovazione non si ferma mai\u2014e l'ultimo prodotto di OKSO, il Triplo Gusto 70000 Puff, \u00e8 qui per ridefinire la tua esperienza di svapo. Questo dispositivo non riguarda solo i puff di lunga durata; si tratta di celebrare la diversit\u00e0 dei gusti con le sue uniche combinazioni di sapori 3-in-1. Che tu sia un amante della frutta, un fan dei trattamenti ghiacciati, o qualcuno che desidera miscele dolci e aspre, questo vape ha qualcosa per deliziare ogni palato.<br \/>\n<img decoding=\"async\" class=\"alignnone wp-image-3847 size-full\" title=\"OKSO Triplo Gusto 70000\" src=\"https:\/\/oiovape.com\/wp-content\/uploads\/2026\/01\/OKSO-Triple-Flavor-70000.png\" alt=\"OKSO Triplo Gusto 70000\" width=\"1060\" height=\"530\" srcset=\"https:\/\/oiovape.com\/wp-content\/uploads\/2026\/01\/OKSO-Triple-Flavor-70000.png 1060w, https:\/\/oiovape.com\/wp-content\/uploads\/2026\/01\/OKSO-Triple-Flavor-70000-300x150.png 300w, https:\/\/oiovape.com\/wp-content\/uploads\/2026\/01\/OKSO-Triple-Flavor-70000-1024x512.png 1024w, https:\/\/oiovape.com\/wp-content\/uploads\/2026\/01\/OKSO-Triple-Flavor-70000-768x384.png 768w, https:\/\/oiovape.com\/wp-content\/uploads\/2026\/01\/OKSO-Triple-Flavor-70000-150x75.png 150w\" sizes=\"(max-width: 1060px) 100vw, 1060px\" \/><\/div>\n<h3 class=\"heading-2 ace-line old-record-id-J0JgfeSOFdy6Qrcq1xsc4bsLn2e\">Scopri la Magia delle Combinazioni di Gusti 3-in-1 \ud83c\udf53\ud83c\udf49\ud83c\udf51<\/h3>\n<div class=\"ace-line ace-line old-record-id-K6T6f3R04dVt07caysEcY9rrnkc\">Ci\u00f2 che distingue l'OKSO Triplo Gusto 70000 Puff \u00e8 il suo approccio audace all'abbinamento dei gusti. Invece di accontentarsi di un solo sapore, ogni variante combina tre gusti complementari che danzano sulle tue papille gustative ad ogni puff. Niente pi\u00f9 monotonia\u2014solo un'esperienza ricca e stratificata che ti far\u00e0 tornare per di pi\u00f9. Esploriamo tutte le 10 opzioni di gusto da acquolina in bocca:<\/div>\n<h4 class=\"heading-3 ace-line old-record-id-JFDHfowrpd9x7VcbakBcm5Rdn3b\">La Linea Completa di Gusti<\/h4>\n<div>\n<table class=\"ace-table\" data-ace-table-col-widths=\"200;200;200\">\n<colgroup>\n<col width=\"200\" \/>\n<col width=\"200\" \/>\n<col width=\"200\" \/><\/colgroup>\n<thead>\n<tr>\n<th colspan=\"1\" rowspan=\"1\">\n<div class=\"ace-line ace-line old-record-id-XJv2fME9OdPO4Ocku3xc3XpSn1e\">No.<\/div>\n<\/th>\n<th colspan=\"1\" rowspan=\"1\">\n<div class=\"ace-line ace-line old-record-id-CLCbfYqBtdKwQ9cEdRpcFsnFnYf\">Combinazione di Gusto<\/div>\n<\/th>\n<th colspan=\"1\" rowspan=\"1\">\n<div class=\"ace-line ace-line old-record-id-TlOqfef9UdgmmZcxPNkcfhSunke\">Caratteristiche del Gusto<\/div>\n<\/th>\n<\/tr>\n<\/thead>\n<tbody>\n<tr>\n<td colspan=\"1\" rowspan=\"1\">\n<div class=\"ace-line ace-line old-record-id-CZdvftk5xduPzocMRqgc79NwnXp\">1<\/div>\n<\/td>\n<td colspan=\"1\" rowspan=\"1\">\n<div class=\"ace-line ace-line old-record-id-OO1PfONoCdyjrfcD24Vc53XInRe\">Mirtillo Lampone + Frutti di Bosco Misti + Pesca<\/div>\n<\/td>\n<td colspan=\"1\" rowspan=\"1\">\n<div class=\"ace-line ace-line old-record-id-OdpdfEZDqd7obdcZShDcYm60n1f\">Bacche dolci e succose incontrano la pesca matura per una festa fruttata<\/div>\n<\/td>\n<\/tr>\n<tr>\n<td colspan=\"1\" rowspan=\"1\">\n<div class=\"ace-line ace-line old-record-id-OXnjfZ3WKd9YDhcpnwncgg8Sniz\">2<\/div>\n<\/td>\n<td colspan=\"1\" rowspan=\"1\">\n<div class=\"ace-line ace-line old-record-id-YArNfCXBodyMnwc9ypWcGP0Znnf\">Ghiaccio di Anguria + Mr Blue + Anguria Uva Verde<\/div>\n<\/td>\n<td colspan=\"1\" rowspan=\"1\">\n<div class=\"ace-line ace-line old-record-id-OBW1fPZ4NdoBEzcsxgKcL5ganVf\">Anguria rinfrescante con mentolo fresco e un tocco di uva<\/div>\n<\/td>\n<\/tr>\n<tr>\n<td colspan=\"1\" rowspan=\"1\">\n<div class=\"ace-line ace-line old-record-id-QZjofJIr5drV7YcaIeuc3fI9nV2\">3<\/div>\n<\/td>\n<td colspan=\"1\" rowspan=\"1\">\n<div class=\"ace-line ace-line old-record-id-L5KYfH173d2qk2cmVsicwrEPnPr\">Ghiaccio di Fragola + Succo della Giungla + Melone Drago<\/div>\n<\/td>\n<td colspan=\"1\" rowspan=\"1\">\n<div class=\"ace-line ace-line old-record-id-MGyGfOA8idFPbacROBGcB1aknTf\">Ghiaccio di fragola croccante si mescola con succo tropicale della giungla e dolce melone drago<\/div>\n<\/td>\n<\/tr>\n<tr>\n<td colspan=\"1\" rowspan=\"1\">\n<div class=\"ace-line ace-line old-record-id-JqA9fiZNhdNBGxcAMZMctDDBn1b\">4<\/div>\n<\/td>\n<td colspan=\"1\" rowspan=\"1\">\n<div class=\"ace-line ace-line old-record-id-UbHkfTU3CdOFphcNJyXciKnLnlf\">Ghiaccio d'Uva + Ghiaccio di Ribes Nero + Marmellata di Bacche<\/div>\n<\/td>\n<td colspan=\"1\" rowspan=\"1\">\n<div class=\"ace-line ace-line old-record-id-Dh5jfuhiodgFXRcQf9RcxidCnPf\">Ricco di uva e ribes nero con freschezza ghiacciata e dolcezza marmellata<\/div>\n<\/td>\n<\/tr>\n<tr>\n<td colspan=\"1\" rowspan=\"1\">\n<div class=\"ace-line ace-line old-record-id-KmOxfustsdK9qucXc29cs5GOnxc\">5<\/div>\n<\/td>\n<td colspan=\"1\" rowspan=\"1\">\n<div class=\"ace-line ace-line old-record-id-LrD7f2y4Mdk025chREKcgVjvn3Z\">Ghiaccio di Ciliegia + Due + Fragola Lampone + Ghiaccio di Ciliegia<\/div>\n<\/td>\n<td colspan=\"1\" rowspan=\"1\">\n<div class=\"ace-line ace-line old-record-id-DDqkfm4qEdp8nxcM6URcLMT0nxc\">Ciliegia piccante con un colpo ghiacciato e note di ciliegia e bacca stratificate<\/div>\n<\/td>\n<\/tr>\n<tr>\n<td colspan=\"1\" rowspan=\"1\">\n<div class=\"ace-line ace-line old-record-id-TXJ5f9qEOdrhPHcwikTcJwHCnWf\">6<\/div>\n<\/td>\n<td colspan=\"1\" rowspan=\"1\">\n<div class=\"ace-line ace-line old-record-id-HibQfGjYKdwGO1c8tHBcdXkSnYg\">Pesca Succosa + Cola di Ciliegia + Caramella Morbida di Ciliegia<\/div>\n<\/td>\n<td colspan=\"1\" rowspan=\"1\">\n<div class=\"ace-line ace-line old-record-id-Zkuxf0tJWd2OP7cdzoJc9Gozn2f\">Pesca dolce si abbina a cola frizzante di ciliegia e caramella cremosa di ciliegia<\/div>\n<\/td>\n<\/tr>\n<tr>\n<td colspan=\"1\" rowspan=\"1\">\n<div class=\"ace-line ace-line old-record-id-Ph1tfJvCBdNxoOcJriGcbkomnIc\">7<\/div>\n<\/td>\n<td colspan=\"1\" rowspan=\"1\">\n<div class=\"ace-line ace-line old-record-id-BW4lfGpiRdVblycjCQlcM9mtnIe\">Fragola Kiwi + Gomma da Masticare all'Anguria + Ghiaccio Triplo Mango<\/div>\n<\/td>\n<td colspan=\"1\" rowspan=\"1\">\n<div class=\"ace-line ace-line old-record-id-L0v3ff1oudvFyQcQuuKcdt0WnSM\">Fragola-kiwi tropicale incontra la divertente gomma da masticare e il mango ghiacciato<\/div>\n<\/td>\n<\/tr>\n<tr>\n<td colspan=\"1\" rowspan=\"1\">\n<div class=\"ace-line ace-line old-record-id-LfaZfyFRBdljZ2c3fzqcBNNJnqh\">8<\/div>\n<\/td>\n<td colspan=\"1\" rowspan=\"1\">\n<div class=\"ace-line ace-line old-record-id-VI0IfajLVdn44kcg8oKc50vXn5d\">Kiwi Frutto della Passione Guava + Ghiaccio di Cola + Ghiaccio Mango alla Passione<\/div>\n<\/td>\n<td colspan=\"1\" rowspan=\"1\">\n<div class=\"ace-line ace-line old-record-id-Vu86fTIsVdEmGNcC1x0csarinLd\">Miscela tropicale esotica con un tocco di rinfrescante cola ghiacciata<\/div>\n<\/td>\n<\/tr>\n<tr>\n<td colspan=\"1\" rowspan=\"1\">\n<div class=\"ace-line ace-line old-record-id-OMZzf0VNRdi3EVcnxybcD4runlf\">9<\/div>\n<\/td>\n<td colspan=\"1\" rowspan=\"1\">\n<div class=\"ace-line ace-line old-record-id-PZWff1r5VdV9j8cofpgckSlVnkb\">Ghiaccio di Ananas + Fragola Anguria + Fragola Uva<\/div>\n<\/td>\n<td colspan=\"1\" rowspan=\"1\">\n<div class=\"ace-line ace-line old-record-id-S426fVme3dPL5AcfJutcgK6ZnBd\">Ananas ghiacciato si combina con dolce fragola-anguria e uva<\/div>\n<\/td>\n<\/tr>\n<tr>\n<td colspan=\"1\" rowspan=\"1\">\n<div class=\"ace-line ace-line old-record-id-TpABfSwCzdoNGJcEqQ1cHTqTnae\">10<\/div>\n<\/td>\n<td colspan=\"1\" rowspan=\"1\">\n<div class=\"ace-line ace-line old-record-id-ErCGfYuWZdHCzDc8JvVcfJBxnCe\">Menta + Limone Lime + Mojito all'Anguria<\/div>\n<\/td>\n<td colspan=\"1\" rowspan=\"1\">\n<div class=\"ace-line ace-line old-record-id-JZQEfrNVwdCne3ch1Zccy98yn6b\">Menta fresca e limone-lime piccante incontrano il classico sapore di mojito all'anguria<\/div>\n<\/td>\n<\/tr>\n<\/tbody>\n<\/table>\n<p><img decoding=\"async\" class=\"wp-image-3846 size-full\" title=\"Gusto OKSO Triplo Gusto 70000 Puff\" src=\"https:\/\/oiovape.com\/wp-content\/uploads\/2026\/01\/OKSO-Triple-Flavor-70000-Puffs-Flavor.png\" alt=\"Gusto OKSO Triplo Gusto 70000 Puff\" width=\"1060\" height=\"530\" srcset=\"https:\/\/oiovape.com\/wp-content\/uploads\/2026\/01\/OKSO-Triple-Flavor-70000-Puffs-Flavor.png 1060w, https:\/\/oiovape.com\/wp-content\/uploads\/2026\/01\/OKSO-Triple-Flavor-70000-Puffs-Flavor-300x150.png 300w, https:\/\/oiovape.com\/wp-content\/uploads\/2026\/01\/OKSO-Triple-Flavor-70000-Puffs-Flavor-1024x512.png 1024w, https:\/\/oiovape.com\/wp-content\/uploads\/2026\/01\/OKSO-Triple-Flavor-70000-Puffs-Flavor-768x384.png 768w, https:\/\/oiovape.com\/wp-content\/uploads\/2026\/01\/OKSO-Triple-Flavor-70000-Puffs-Flavor-150x75.png 150w\" sizes=\"(max-width: 1060px) 100vw, 1060px\" \/><\/p>\n<\/div>\n<h3 class=\"heading-2 ace-line old-record-id-ZKeTfL53zdBEzmcFVyRc1IjJnTf\">Specifiche Impressionanti per un Divertimento Ininterrotto \ud83d\udd0b<\/h3>\n<div class=\"ace-line ace-line old-record-id-Ho3iflMJnd7rWYcm8y8ccajPnZf\">Oltre alla sua straordinaria linea di gusti, l'OKSO Triplo Gusto 70000 Puff vanta specifiche che garantiscono un'esperienza costante e duratura. Ogni dettaglio \u00e8 progettato tenendo presente l'utente, dalla grande capacit\u00e0 di liquido alla funzione di ricarica rapida.<\/div>\n<h4 class=\"heading-3 ace-line old-record-id-G7qPf1Na4dBgsLckjDeccccqnNb\">Caratteristiche Chiave del Prodotto<\/h4>\n<div>\n<table class=\"ace-table\" data-ace-table-col-widths=\"200;200\">\n<colgroup>\n<col width=\"200\" \/>\n<col width=\"200\" \/><\/colgroup>\n<thead>\n<tr>\n<th colspan=\"1\" rowspan=\"1\">\n<div class=\"ace-line ace-line old-record-id-YoHpfNwQmdBU3ocpKA0cbD5Pnxb\">Caratteristica<\/div>\n<\/th>\n<th colspan=\"1\" rowspan=\"1\">\n<div class=\"ace-line ace-line old-record-id-TjeHfV8QQd7tKVcGHdIcsuCXnGN\">Dettagli<\/div>\n<\/th>\n<\/tr>\n<\/thead>\n<tbody>\n<tr>\n<td colspan=\"1\" rowspan=\"1\">\n<div class=\"ace-line ace-line old-record-id-UudofX4b5dFANqcIw4BcjcISnRd\">Conteggio di Tiri<\/div>\n<\/td>\n<td colspan=\"1\" rowspan=\"1\">\n<div class=\"ace-line ace-line old-record-id-IeWXfvc4ldXdbKcsDSfcHjoenEg\">70000 puff\u2014abbondanti per un uso prolungato<\/div>\n<\/td>\n<\/tr>\n<tr>\n<td colspan=\"1\" rowspan=\"1\">\n<div class=\"ace-line ace-line old-record-id-TmBTfi9BTdDxOXcyLBgc51asn2c\">Capacit\u00e0 di E-Liquid<\/div>\n<\/td>\n<td colspan=\"1\" rowspan=\"1\">\n<div class=\"ace-line ace-line old-record-id-QIHFfTsc0dbSJzcDOrLc4ZZCnSe\">48ml totali (16ml x 3), dedicati a ciascun gusto nella miscela 3-in-1<\/div>\n<\/td>\n<\/tr>\n<tr>\n<td colspan=\"1\" rowspan=\"1\">\n<div class=\"ace-line ace-line old-record-id-OXoJfqorCdaGfdcoDW6cZrPBnLd\">Batteria<\/div>\n<\/td>\n<td colspan=\"1\" rowspan=\"1\">\n<div class=\"ace-line ace-line old-record-id-Zf3afMtn9dJIQfcW4IQcZp05nSb\">batteria ricaricabile da 650mAh<\/div>\n<\/td>\n<\/tr>\n<tr>\n<td colspan=\"1\" rowspan=\"1\">\n<div class=\"ace-line ace-line old-record-id-Tw3rf01HUdYz9lcLwZncj6FXnXb\">Ricarica<\/div>\n<\/td>\n<td colspan=\"1\" rowspan=\"1\">\n<div class=\"ace-line ace-line old-record-id-EyCwfjHpEdmUHOcKfnkc0ehunfc\">Ricarica Rapida Tipo-C\u2014torna rapidamente a svapare<\/div>\n<\/td>\n<\/tr>\n<tr>\n<td colspan=\"1\" rowspan=\"1\">\n<div class=\"ace-line ace-line old-record-id-L0x4fDnFudqkawck1kMcynaUnAh\">Display<\/div>\n<\/td>\n<td colspan=\"1\" rowspan=\"1\">\n<div class=\"ace-line ace-line old-record-id-UdtwfA0RbdisDGcbynucE9L8nve\">Display LED\u2014controlla facilmente lo stato della batteria e dell'uso<\/div>\n<\/td>\n<\/tr>\n<tr>\n<td colspan=\"1\" rowspan=\"1\">\n<div class=\"ace-line ace-line old-record-id-A3gUfdzMqdEdupclmwncCXtunOh\">Forza della Nicotina<\/div>\n<\/td>\n<td colspan=\"1\" rowspan=\"1\">\n<div class=\"ace-line ace-line old-record-id-G56IfrZ80dnCYPcOANlcAOBpnWc\">0% \/ 2% \/ 3% \/ 5%\u2014opzioni per ogni preferenza, da senza nicotina a colpi forti<\/div>\n<\/td>\n<\/tr>\n<tr>\n<td colspan=\"1\" rowspan=\"1\">\n<div class=\"ace-line ace-line old-record-id-TdwLfsInHdpBmHcIHg8cj488nmx\">Resistenza<\/div>\n<\/td>\n<td colspan=\"1\" rowspan=\"1\">\n<div class=\"ace-line ace-line old-record-id-GqakfMEGcd4gIdctkjhcBZe2nsb\">Tripla Coil a Maglia\u2014fornisce un sapore e una produzione di vapore lisci e costanti<\/div>\n<\/td>\n<\/tr>\n<\/tbody>\n<\/table>\n<\/div>\n<h3 class=\"heading-2 ace-line old-record-id-THKNfbTCcd6mj6c9jeDc1HJRnUe\">Perch\u00e9 Scegliere OKSO Triplo Gusto 70000 Puff? \ud83e\udd14<\/h3>\n<div class=\"ace-line ace-line old-record-id-QH4CfWMJKdsfWgcfL1gcX7kFnhe\">Con cos\u00ec tante sigarette elettroniche usa e getta sul mercato, cosa rende questa unica? \u00c8 il perfetto equilibrio tra innovazione del gusto e praticit\u00e0. Le combinazioni di gusti 3-in-1 ti permettono di esplorare pi\u00f9 sapori senza cambiare dispositivo. L'alto numero di puff e la batteria ricaricabile significano che non dovrai sostituire frequentemente il tuo vape. Inoltre, la Tripla Coil a Maglia assicura che ogni puff sia liscio e saporito come il primo.<\/div>\n<div class=\"ace-line ace-line old-record-id-RuekfvUNbdoRO7c3hcecOBMHn1f\">Che tu sia un vaper esperto in cerca di provare qualcosa di nuovo o un principiante in cerca di un'opzione facile da usare e duratura, l'OKSO Triplo Gusto 70000 Puff offre. Non \u00e8 solo un vape\u2014\u00e8 un'avventura di sapore in ogni puff.<\/div>\n<\/div>\n<\/div>\n<\/div>\n<\/div>\n<div class=\"ace-line ace-line old-record-id-LopdfWmwHdxy3JcTTxyccyuXnMb\">\n<div data-page-id=\"J0iGfj1hEdjc4rcUdSmc4spMnmZ\" data-lark-html-role=\"root\" data-docx-has-block-data=\"true\"><\/div>\n<\/div>\n<\/div>\n<\/div>\n<\/div>\n<\/div>\n<\/div>\n<\/div>\n<\/div>\n<\/div>\n<\/div>\n<\/div>\n<\/div>\n<\/div>\n<\/div>\n<\/div>\n<\/div>\n<\/div>\n<\/div>\n<\/div>\n<\/div>\n<\/div>\n<\/div>\n<\/div>\n<\/div>\n<\/div>\n<\/div>\n<\/div>\n<\/div>\n<\/div>\n<\/div>\n<\/div>\n<\/div>\n<\/div>\n<\/div>\n<\/div>\n<\/div>\n<\/div>\n<\/div>\n<\/div>\n<\/div>\n<\/div>","protected":false},"excerpt":{"rendered":"<div data-page-id=\"RAopf2sw9dtvw4cWYXpcTwo0n8g\" data-lark-html-role=\"root\" data-docx-has-block-data=\"false\">\n<div class=\"ace-line ace-line old-record-id-Uju9f3RXYd8dh2crAJbcBF3Un6M\">OKSO Triple Flavor 70000 Puffs porta la magia dei sapori 3-in-1 alle tue dita. Con 10 miscele vivaci, capacit\u00e0 di 48ml e una batteria ricaricabile da 650mAh, offre tiri morbidi e costanti tramite una bobina a triplo mesh. Il display LED e i livelli di nicotina flessibili lo rendono una scelta ideale per tutti i vapers.<\/div>\n<\/div>","protected":false},"featured_media":3848,"comment_status":"open","ping_status":"closed","template":"","meta":{"_acf_changed":false,"inline_featured_image":false,"_sitemap_exclude":false,"_sitemap_priority":"","_sitemap_frequency":""},"product_brand":[230],"product_cat":[231,229],"product_tag":[],"class_list":{"0":"post-3826","1":"product","2":"type-product","3":"status-publish","4":"has-post-thumbnail","6":"product_brand-okso","7":"product_cat-okso-puff","8":"product_cat-ship-from-german","10":"first","11":"instock","12":"sale","13":"shipping-taxable","14":"purchasable","15":"product-type-variable","16":"has-default-attributes"},"acf":[],"tiered_pricing_type":"fixed","tiered_pricing_fixed_rules":{"30":8.82,"60":8.03,"100":7.49,"200":6.99},"tiered_pricing_product_settings":{"layout":"default","base_unit_name":{"singular":null,"plural":null},"default_variation":null},"tiered_pricing_minimum_quantity":10,"tiered_pricing_roles_data":[],"tiered_pricing_percentage_rules":[],"tiered_pricing_maximum_quantity":null,"tiered_pricing_quantity_step":"10","_links":{"self":[{"href":"https:\/\/oiovape.com\/it\/wp-json\/wp\/v2\/product\/3826","targetHints":{"allow":["GET"]}}],"collection":[{"href":"https:\/\/oiovape.com\/it\/wp-json\/wp\/v2\/product"}],"about":[{"href":"https:\/\/oiovape.com\/it\/wp-json\/wp\/v2\/types\/product"}],"replies":[{"embeddable":true,"href":"https:\/\/oiovape.com\/it\/wp-json\/wp\/v2\/comments?post=3826"}],"version-history":[{"count":0,"href":"https:\/\/oiovape.com\/it\/wp-json\/wp\/v2\/product\/3826\/revisions"}],"wp:featuredmedia":[{"embeddable":true,"href":"https:\/\/oiovape.com\/it\/wp-json\/wp\/v2\/media\/3848"}],"wp:attachment":[{"href":"https:\/\/oiovape.com\/it\/wp-json\/wp\/v2\/media?parent=3826"}],"wp:term":[{"taxonomy":"product_brand","embeddable":true,"href":"https:\/\/oiovape.com\/it\/wp-json\/wp\/v2\/product_brand?post=3826"},{"taxonomy":"product_cat","embeddable":true,"href":"https:\/\/oiovape.com\/it\/wp-json\/wp\/v2\/product_cat?post=3826"},{"taxonomy":"product_tag","embeddable":true,"href":"https:\/\/oiovape.com\/it\/wp-json\/wp\/v2\/product_tag?post=3826"}],"curies":[{"name":"wp","href":"https:\/\/api.w.org\/{rel}","templated":true}]}}