{"id":3977,"date":"2026-01-10T06:00:43","date_gmt":"2026-01-10T06:00:43","guid":{"rendered":"https:\/\/oiovape.com\/?post_type=product&#038;p=3977"},"modified":"2026-04-08T12:00:42","modified_gmt":"2026-04-08T04:00:42","slug":"al-fakher-crown-bar-pro-15000-puffs","status":"publish","type":"product","link":"https:\/\/oiovape.com\/it\/product\/al-fakher-crown-bar-pro-15000-puffs\/","title":{"rendered":"Al Fakher Crown Bar Pro 15000 PUFFS Display LED Indicatore del livello della batteria Coil a rete Vape usa e getta intelligente"},"content":{"rendered":"<div data-page-id=\"ZVeMfq8uxd7y1ycuKm5cym4LnYd\" data-lark-html-role=\"root\" data-docx-has-block-data=\"false\">\n<div data-page-id=\"Fd41fZ5N9dzRQtcRNoVc2FuDnCh\" data-lark-html-role=\"root\" data-docx-has-block-data=\"true\">\n<div data-page-id=\"BdIJfeeijdk1eucGpS8cDCBBn5c\" data-lark-html-role=\"root\" data-docx-has-block-data=\"false\">\n<div data-page-id=\"Zbg9fWx77dUuh2cIYpic25c8nyd\" data-lark-html-role=\"root\" data-docx-has-block-data=\"false\">\n<div data-page-id=\"KaIvfiurhdlCKdc0kyxcX64cnE6\" data-lark-html-role=\"root\" data-docx-has-block-data=\"true\">\n<div data-page-id=\"PbvFfqxqlddUTScRpEYcY5MHnpf\" data-lark-html-role=\"root\" data-docx-has-block-data=\"true\">\n<div data-page-id=\"GZO2f5JeudwY4jc9iJtcdk9Hnxh\" data-lark-html-role=\"root\" data-docx-has-block-data=\"false\">\n<div data-page-id=\"EZVRf2acFduXLGcseZFc4qH2n6e\" data-lark-html-role=\"root\" data-docx-has-block-data=\"false\">\n<div data-page-id=\"B8rHfcqlqdzmH5cCWCncz17Cntb\" data-lark-html-role=\"root\" data-docx-has-block-data=\"false\">\n<div data-page-id=\"B8rHfcqlqdzmH5cCWCncz17Cntb\" data-lark-html-role=\"root\" data-docx-has-block-data=\"false\">\n<div data-page-id=\"B8rHfcqlqdzmH5cCWCncz17Cntb\" data-lark-html-role=\"root\" data-docx-has-block-data=\"true\">\n<div data-page-id=\"HM70f1aoxdD0bMcxJZBcVc7ynZd\" data-lark-html-role=\"root\" data-docx-has-block-data=\"false\">\n<div data-page-id=\"NSrJfN7Ord22i0c1iwZcsF8yn8b\" data-lark-html-role=\"root\" data-docx-has-block-data=\"false\">\n<div data-page-id=\"RXEff4Mskds8o1cqL5HcGEtUnCh\" data-lark-html-role=\"root\" data-docx-has-block-data=\"false\">\n<div data-page-id=\"KJ7gfqkVndMSRJcMseScmvYwnTc\" data-lark-html-role=\"root\" data-docx-has-block-data=\"false\">\n<div class=\"ace-line ace-line old-record-id-QADAfETPudgmudc05YvcTO5fnxe\">\n<div data-page-id=\"KJ7gfqkVndMSRJcMseScmvYwnTc\" data-lark-html-role=\"root\" data-docx-has-block-data=\"false\">\n<div class=\"ace-line ace-line old-record-id-JoRkfpho8dOkiacEOascDyCOncb\">\n<div data-page-id=\"KJ7gfqkVndMSRJcMseScmvYwnTc\" data-lark-html-role=\"root\" data-docx-has-block-data=\"false\">\n<div data-page-id=\"Ju6ofQ3V4dGmePcVvJvc1gmcnZb\" data-lark-html-role=\"root\" data-docx-has-block-data=\"true\">\n<div data-page-id=\"PR9ife5PLdFabccbFgZcWgZOnTc\" data-lark-html-role=\"root\" data-docx-has-block-data=\"false\">\n<div data-page-id=\"INdrfOIGzdaenXcptrcc1BcznQc\" data-lark-html-role=\"root\" data-docx-has-block-data=\"false\">\n<div class=\"ace-line ace-line old-record-id-P0fIf4YaZdoGkbcxt5ackec2nnb\">\n<div data-page-id=\"INdrfOIGzdaenXcptrcc1BcznQc\" data-lark-html-role=\"root\" data-docx-has-block-data=\"false\">\n<div data-page-id=\"MAzCfUB73dMTQscm8eWcougVn1g\" data-lark-html-role=\"root\" data-docx-has-block-data=\"true\">\n<div data-page-id=\"AXfpf7H1odhDvGcKoUOcErN8nV7\" data-lark-html-role=\"root\" data-docx-has-block-data=\"false\">\n<div data-page-id=\"QYTKf5PvLdUNdbce2nBcW9yfnrh\" data-lark-html-role=\"root\" data-docx-has-block-data=\"false\">\n<div data-page-id=\"Pvu1f1CCBdxbjncA9pgcBTpanph\" data-lark-html-role=\"root\" data-docx-has-block-data=\"true\">\n<div data-page-id=\"Axf3fcmY8dDAhtcjVircBcphnPc\" data-lark-html-role=\"root\" data-docx-has-block-data=\"false\">\n<div data-page-id=\"KKj1f9SPmdLhhMc5E2AcNlLen6f\" data-lark-html-role=\"root\" data-docx-has-block-data=\"true\">\n<div data-page-id=\"Rx61fK1sJdXHjPcBuhZcweNhnwc\" data-lark-html-role=\"root\" data-docx-has-block-data=\"false\">\n<div data-page-id=\"L1H9fkG9Mdz45Fcy4WMc5VKXnRe\" data-lark-html-role=\"root\" data-docx-has-block-data=\"false\">\n<div data-page-id=\"L1H9fkG9Mdz45Fcy4WMc5VKXnRe\" data-lark-html-role=\"root\" data-docx-has-block-data=\"false\">\n<div data-page-id=\"D4XLfVBVrdE8mrcaYizczklLnaf\" data-lark-html-role=\"root\" data-docx-has-block-data=\"false\">\n<div data-page-id=\"WVcifIY44d5mhMcXtyEcTsfenGd\" data-lark-html-role=\"root\" data-docx-has-block-data=\"true\">\n<div data-page-id=\"LRknfa6Whd4DWCcUc0FcNKpJnyh\" data-lark-html-role=\"root\" data-docx-has-block-data=\"false\">\n<div data-page-id=\"LRknfa6Whd4DWCcUc0FcNKpJnyh\" data-lark-html-role=\"root\" data-docx-has-block-data=\"false\">\n<div data-page-id=\"XFRAfkcOEdRWh8cArQ2cJdyRnJf\" data-lark-html-role=\"root\" data-docx-has-block-data=\"true\">\n<div data-page-id=\"OQ3bfjnRddMTDGcC3ouc6xFKnWf\" data-lark-html-role=\"root\" data-docx-has-block-data=\"true\">\n<div data-page-id=\"J0iGfj1hEdjc4rcUdSmc4spMnmZ\" data-lark-html-role=\"root\" data-docx-has-block-data=\"false\">\n<div data-page-id=\"P1o7fFyNlduP8tcfZpQcagzbnIf\" data-lark-html-role=\"root\" data-docx-has-block-data=\"false\">\n<div class=\"ace-line ace-line old-record-id-P1o7fFyNlduP8tcfZpQcagzbnIf\">\n<div data-page-id=\"P1o7fFyNlduP8tcfZpQcagzbnIf\" data-lark-html-role=\"root\" data-docx-has-block-data=\"false\">\n<div data-page-id=\"U4iufW38SdttWKcTstMcTtHRnXc\" data-lark-html-role=\"root\" data-docx-has-block-data=\"true\">\n<h2 data-path-to-node=\"0\">Una Tempesta Duratura per Scuotere i Tuoi Sensi: Immersione Profonda nel Al Fakher Crown Bar Pro 15000 Puffs<\/h2>\n<p data-path-to-node=\"1\">Chi dice che i dispositivi monouso ad alto numero di puff sono destinati a compromessi con sapori bruciati e insipidi nella seconda met\u00e0? Il Al Fakher Crown Bar Pro 15000 Puffs sta frantumando questo pregiudizio con una potenza innegabile. Non \u00e8 solo una \u201cmacchina per le prestazioni\u201d capace di esalare nuvole sorprendenti, ma piuttosto un lounge shisha tascabile di prima categoria pronto ad aprire le sue porte per te in qualsiasi momento. Per coloro che hanno a lungo stancato di cambiare frequentemente dispositivi e di sopportare un degrado del sapore a picco, questo dispositivo \u00e8 come un copilota in un lungo viaggio cross-country che non si lamenta mai ed \u00e8 sempre completamente carico di energia.<\/p>\n<h2 data-path-to-node=\"2\">Addio alla Mediocrit\u00e0, Il Pieno Risveglio delle Capacit\u00e0 Hardcore<\/h2>\n<p data-path-to-node=\"3\">Mettendo da parte quegli effetti luminosi RGB appariscenti ma inutili, il Al Fakher 15K Pro sceglie di raddoppiare i dettagli fondamentali che influenzano maggiormente l'esperienza di svapo. Dobbiamo necessariamente compromessi impotenti tra l'ansia della batteria e il gusto inferiore? Naturalmente no.<\/p>\n<h3 data-path-to-node=\"4\">La Fonte di Energia di una Bestia Performante<\/h3>\n<h4 data-path-to-node=\"5\">La Compagnia Suprema di 15000 Puffs<\/h4>\n<p data-path-to-node=\"6\">Non \u00e8 affatto una stella cadente che lampeggia per un momento e si asciuga rapidamente. La resistenza ultra-lunga fino a 15000 puff significa che anche se sei il pi\u00f9 esigente, il pi\u00f9 grande inseguitore di nuvole, ti accompagner\u00e0 costantemente attraverso lunghi periodi di tempo. Non hai bisogno di razionare attentamente ogni puff; quello che ti concede \u00e8 la libert\u00e0 assoluta di indulgere nelle nuvole.<\/p>\n<h4 data-path-to-node=\"7\">L'Enorme Riserva di Liquido Elettronico da 22ML<\/h4>\n<p data-path-to-node=\"8\">Se un sorso di vapore \u00e8 una nuvola, allora la massiccia capacit\u00e0 di 22ml \u00e8 un vasto cielo. Questa matrice pre-riempita di liquido elettronico di alta qualit\u00e0 elimina direttamente il fastidio dei frequenti rifornimenti, minimizzando tutte le interruzioni e garantendo che la tua esperienza immersiva rimanga ininterrotta.<\/p>\n<h3 data-path-to-node=\"9\">Tecnologia di Precisione in Controllo Completo<\/h3>\n<h4 data-path-to-node=\"10\">Bobina Mesh Avanzata 0.6\u03a9<\/h4>\n<p data-path-to-node=\"11\">Stai ancora sopportando quella atomizzazione instabile, a volte anche leggermente dal sapore di plastica, inferiore? Il filo riscaldante mesh integrato da 0,6 ohm agisce come un maestro profumiere con tecniche incredibilmente precise. Assicura che ogni goccia di liquido elettronico sia uniformemente e fieramente risvegliata nel momento in cui entra in contatto. Dal primo puff al decimillesimo, la concentrazione di vapore rimane coerente come sempre, cos\u00ec ricca che senti come se potessi toccare quello strato di fruttato con le mani.<\/p>\n<h4 data-path-to-node=\"12\">Finestra di Stato LED Intelligente<\/h4>\n<p data-path-to-node=\"13\">Dobbiamo soffrire il terrore sconosciuto di un improvviso calo della batteria mentre godiamo di vapore corposo?<\/p>\n<h5 data-path-to-node=\"14\">Feedback Dati Precisi<\/h5>\n<p data-path-to-node=\"15\">Il luminoso display LED sulla parte anteriore del dispositivo termina completamente l'era del \u201cindovinare al buio\u201d. I livelli di batteria e liquido elettronico sono visibili a colpo d'occhio, proprio come i quadranti precisi sul cruscotto di un'auto sportiva. Non ci sono colpi di spegnimento improvviso, solo la calma senza fretta di avere tutto completamente sotto controllo.<\/p>\n<h4 data-path-to-node=\"16\">Nucleo di Potenza da 600mAh e Ricarica Ultra-Veloce<\/h4>\n<p data-path-to-node=\"17\">La robusta batteria ricaricabile da 600mAh \u00e8 responsabile di un'uscita costante e continua. Abbinata alla porta di ricarica rapida Type-C alla base, pu\u00f2 rapidamente \u201cresuscitare a piena carica\u201d nel tempo che impiega a prendere una tazza di caff\u00e8, mantenendo sempre quella sensazione di spinta al massimo.<\/p>\n<h2 data-path-to-node=\"18\">Esperienza di Svapo DTL Immersiva: Perch\u00e9 \u00e8 Irresistibile?<\/h2>\n<p data-path-to-node=\"19\">Questo non \u00e8 assolutamente il tipo di esperienza soffocante con massiccia resistenza al tiro che ti lascia rosso in viso. Il flusso d'aria ampio specificamente progettato per DTL (Direct-to-Lung) rende ogni tiro come prendere un respiro profondo e rinfrescante nel profondo di una foresta di inizio autunno\u2014naturale, ampio e completamente privo di secchezza. Abbinato a una forza di nicotina di 5%, non gioca a sondaggi delicati; invece, fornisce un colpo alla gola fermo e controllabile. Ogni puff colpisce esattamente il punto dolce, portando una soddisfazione sensoriale tangibile.<\/p>\n<p><img decoding=\"async\" class=\"alignnone wp-image-8117 size-full\" title=\"Al Fakher Crown Bar Pro 15K Disposable Vape\" src=\"https:\/\/oiovape.com\/wp-content\/uploads\/2026\/04\/Al-Fakher-Crown-Bar-Pro-15K-Disposable-Vape.jpg\" alt=\"Al Fakher Crown Bar Pro 15K Disposable Vape\" width=\"1012\" height=\"1012\" srcset=\"https:\/\/oiovape.com\/wp-content\/uploads\/2026\/04\/Al-Fakher-Crown-Bar-Pro-15K-Disposable-Vape.jpg 1012w, https:\/\/oiovape.com\/wp-content\/uploads\/2026\/04\/Al-Fakher-Crown-Bar-Pro-15K-Disposable-Vape-300x300.jpg 300w, https:\/\/oiovape.com\/wp-content\/uploads\/2026\/04\/Al-Fakher-Crown-Bar-Pro-15K-Disposable-Vape-150x150.jpg 150w, https:\/\/oiovape.com\/wp-content\/uploads\/2026\/04\/Al-Fakher-Crown-Bar-Pro-15K-Disposable-Vape-768x768.jpg 768w, https:\/\/oiovape.com\/wp-content\/uploads\/2026\/04\/Al-Fakher-Crown-Bar-Pro-15K-Disposable-Vape-12x12.jpg 12w, https:\/\/oiovape.com\/wp-content\/uploads\/2026\/04\/Al-Fakher-Crown-Bar-Pro-15K-Disposable-Vape-600x600.jpg 600w\" sizes=\"(max-width: 1012px) 100vw, 1012px\" \/><\/p>\n<h2 data-path-to-node=\"20\">Il Museo dell'Arte del Gusto: Ogni Sapore \u00e8 un Capolavoro Indipendente<\/h2>\n<p data-path-to-node=\"21\">Al Fakher non mescola mai acqua zuccherata industriale a buon mercato; stanno costruendo un'architettura precisa di profumo e gusto. Per farti vedere completamente il suo paesaggio di sapori, stiamo analizzando ogni singolo profilo:<\/p>\n<p data-path-to-node=\"22\">1.Berry Ice<br \/>\n2.Blackcurrant Ice<br \/>\n3.Blue Razz Limonata<br \/>\n4.Cherry Raspberry<br \/>\n5.Grape Mint<br \/>\n6.Aroma di Gomma<br \/>\n7.Gomma Menta<br \/>\n8.Magic Love<br \/>\n9.Menta Semplice<br \/>\n10.Frutto della Passione Dolce<br \/>\n11. Sogno Lucido<br \/>\n12. Flash Bianco<\/p>\n<h2 data-path-to-node=\"54\">Estetica Minimalista: Come Domare Questa Bestia del Vaping?<\/h2>\n<p data-path-to-node=\"55\">Il piacere dovrebbe essere un ritorno all'istinto, privo di qualsiasi passaggio tedioso o oscuro:<\/p>\n<ol start=\"1\" data-path-to-node=\"56\">\n<li>\n<p data-path-to-node=\"56,0,0\"><b data-path-to-node=\"56,0,0\" data-index-in-node=\"0\">Libera i Vincoli:<\/b> Strappa l'imballaggio, e questa macchina composta \u00e8 gi\u00e0 in standby 24\/7.<\/p>\n<\/li>\n<li>\n<p data-path-to-node=\"56,1,0\"><b data-path-to-node=\"56,1,0\" data-index-in-node=\"0\">Segui i Tuoi Istinti:<\/b> Scarta tutti i pulsanti inutili. Sigilla le tue labbra intorno all'imboccatura, e il sensore pneumatico risveglier\u00e0 la bobina mesh dormiente in millisecondi, esplodendo istantaneamente con energia sorprendente.<\/p>\n<\/li>\n<li>\n<p data-path-to-node=\"56,2,0\"><b data-path-to-node=\"56,2,0\" data-index-in-node=\"0\">Rifornimento Tranquillo:<\/b> Quando lo schermo elegante si illumina con un avviso di batteria scarica, collega il cavo Type-C. Nel tempo necessario per bere un bicchiere d'acqua, sar\u00e0 rivitalizzato.<\/p>\n<\/li>\n<li>\n<p data-path-to-node=\"56,3,0\"><b data-path-to-node=\"56,3,0\" data-index-in-node=\"0\">Un Addio Dignitoso:<\/b> \u00c8 il destino di un dispositivo monouso. Quando i 22ml di \u201ccarburante\u201d sono completamente esauriti, si prega di riciclarlo correttamente secondo le normative locali, dando a questo fedele compagno un luogo di riposo dignitoso.<\/p>\n<\/li>\n<\/ol>\n<h2 data-path-to-node=\"57\">Vantaggio Schiacciante: Perch\u00e9 Guarda dall'Alto la Folla?<\/h2>\n<p data-path-to-node=\"58\">Il mercato \u00e8 inondato di dispositivi che vantano \u201cdiecimila boccate,\u201d ma la maggior parte sono solo giocattoli di plastica che gonfiano ciecamente il loro volume. Il Al Fakher Crown Bar 15000 Pro vince attraverso un'arte chiamata \u201cmoderazione artigianale.\u201d Comprende meglio di chiunque altro che ci\u00f2 che i giocatori vogliono assolutamente non \u00e8 un imballaggio esagerato, ma uno strumento di precisione che pu\u00f2 veramente estrarre il sapore fino all'ultima goccia. Non sta competendo con i rivali sulle specifiche tecniche; sta ridefinendo il massimale dell'industria per i dispositivi DTL a lunga durata.<\/p>\n<p data-path-to-node=\"59\">Non lasciare che le tue papille gustative continuino a scendere a compromessi nella mediocrit\u00e0. Afferra quel affascinante \u201cUva Menta\u201d viola e accendi immediatamente la tua rivoluzione sensoriale personale.<\/p>\n<\/div>\n<\/div>\n<\/div>\n<\/div>\n<\/div>\n<\/div>\n<\/div>\n<\/div>\n<\/div>\n<\/div>\n<\/div>\n<\/div>\n<\/div>\n<\/div>\n<\/div>\n<\/div>\n<\/div>\n<\/div>\n<\/div>\n<\/div>\n<\/div>\n<\/div>\n<\/div>\n<\/div>\n<\/div>\n<\/div>\n<\/div>\n<\/div>\n<\/div>\n<\/div>\n<\/div>\n<\/div>\n<\/div>\n<\/div>\n<\/div>\n<\/div>\n<\/div>\n<\/div>\n<\/div>\n<\/div>\n<\/div>\n<\/div>\n<\/div>\n<\/div>","protected":false},"excerpt":{"rendered":"<div data-page-id=\"RAopf2sw9dtvw4cWYXpcTwo0n8g\" data-lark-html-role=\"root\" data-docx-has-block-data=\"false\">\n<div class=\"ace-line ace-line old-record-id-Uju9f3RXYd8dh2crAJbcBF3Un6M\">Il Al Fakher Crown Bar Pro 15000 Puffs offre un'esperienza di svapo DTL fluida con sapori ricchi e ben bilanciati e prestazioni affidabili. Dotato di una coil a rete, display LED e grande capacit\u00e0 di e-liquid, combina un uso prolungato con un controllo chiaro, rendendo ogni tiro coerente, saporito e soddisfacente.<\/div>\n<\/div>","protected":false},"featured_media":3988,"comment_status":"open","ping_status":"closed","template":"","meta":{"_acf_changed":false,"inline_featured_image":false,"_sitemap_exclude":false,"_sitemap_priority":"","_sitemap_frequency":""},"product_brand":[238],"product_cat":[237,239,246],"product_tag":[],"class_list":{"0":"post-3977","1":"product","2":"type-product","3":"status-publish","4":"has-post-thumbnail","6":"product_brand-al-fakher","7":"product_cat-al-fakher-puff","8":"product_cat-disposable-vape-collection","9":"product_cat-15k-puff","11":"first","12":"instock","13":"sale","14":"shipping-taxable","15":"purchasable","16":"product-type-variable","17":"has-default-attributes"},"acf":[],"tiered_pricing_type":"fixed","tiered_pricing_fixed_rules":{"30":12.05,"60":11.49,"100":10.9,"200":10.56},"tiered_pricing_product_settings":{"layout":"default","base_unit_name":{"singular":null,"plural":null},"default_variation":null},"tiered_pricing_minimum_quantity":10,"tiered_pricing_roles_data":[],"tiered_pricing_percentage_rules":[],"tiered_pricing_maximum_quantity":null,"tiered_pricing_quantity_step":"10","_links":{"self":[{"href":"https:\/\/oiovape.com\/it\/wp-json\/wp\/v2\/product\/3977","targetHints":{"allow":["GET"]}}],"collection":[{"href":"https:\/\/oiovape.com\/it\/wp-json\/wp\/v2\/product"}],"about":[{"href":"https:\/\/oiovape.com\/it\/wp-json\/wp\/v2\/types\/product"}],"replies":[{"embeddable":true,"href":"https:\/\/oiovape.com\/it\/wp-json\/wp\/v2\/comments?post=3977"}],"version-history":[{"count":3,"href":"https:\/\/oiovape.com\/it\/wp-json\/wp\/v2\/product\/3977\/revisions"}],"predecessor-version":[{"id":8118,"href":"https:\/\/oiovape.com\/it\/wp-json\/wp\/v2\/product\/3977\/revisions\/8118"}],"wp:featuredmedia":[{"embeddable":true,"href":"https:\/\/oiovape.com\/it\/wp-json\/wp\/v2\/media\/3988"}],"wp:attachment":[{"href":"https:\/\/oiovape.com\/it\/wp-json\/wp\/v2\/media?parent=3977"}],"wp:term":[{"taxonomy":"product_brand","embeddable":true,"href":"https:\/\/oiovape.com\/it\/wp-json\/wp\/v2\/product_brand?post=3977"},{"taxonomy":"product_cat","embeddable":true,"href":"https:\/\/oiovape.com\/it\/wp-json\/wp\/v2\/product_cat?post=3977"},{"taxonomy":"product_tag","embeddable":true,"href":"https:\/\/oiovape.com\/it\/wp-json\/wp\/v2\/product_tag?post=3977"}],"curies":[{"name":"wp","href":"https:\/\/api.w.org\/{rel}","templated":true}]}}