{"id":3990,"date":"2026-01-10T06:46:41","date_gmt":"2026-01-10T06:46:41","guid":{"rendered":"https:\/\/oiovape.com\/?post_type=product&#038;p=3990"},"modified":"2026-04-11T11:32:59","modified_gmt":"2026-04-11T03:32:59","slug":"al-fakher-crown-bar-hypermax-15000-puffs","status":"publish","type":"product","link":"https:\/\/oiovape.com\/it\/product\/al-fakher-crown-bar-hypermax-15000-puffs\/","title":{"rendered":"Al Fakher Crown Bar Hypermax 15000 PUFFS 18ML E-liquid 650mAh Batteria Avanzata Disposable Vape Con Schermo Display"},"content":{"rendered":"<div data-page-id=\"ZVeMfq8uxd7y1ycuKm5cym4LnYd\" data-lark-html-role=\"root\" data-docx-has-block-data=\"false\">\n<div data-page-id=\"Fd41fZ5N9dzRQtcRNoVc2FuDnCh\" data-lark-html-role=\"root\" data-docx-has-block-data=\"true\">\n<div data-page-id=\"BdIJfeeijdk1eucGpS8cDCBBn5c\" data-lark-html-role=\"root\" data-docx-has-block-data=\"false\">\n<div data-page-id=\"Zbg9fWx77dUuh2cIYpic25c8nyd\" data-lark-html-role=\"root\" data-docx-has-block-data=\"false\">\n<div data-page-id=\"KaIvfiurhdlCKdc0kyxcX64cnE6\" data-lark-html-role=\"root\" data-docx-has-block-data=\"true\">\n<div data-page-id=\"PbvFfqxqlddUTScRpEYcY5MHnpf\" data-lark-html-role=\"root\" data-docx-has-block-data=\"true\">\n<div data-page-id=\"GZO2f5JeudwY4jc9iJtcdk9Hnxh\" data-lark-html-role=\"root\" data-docx-has-block-data=\"false\">\n<div data-page-id=\"EZVRf2acFduXLGcseZFc4qH2n6e\" data-lark-html-role=\"root\" data-docx-has-block-data=\"false\">\n<div data-page-id=\"B8rHfcqlqdzmH5cCWCncz17Cntb\" data-lark-html-role=\"root\" data-docx-has-block-data=\"false\">\n<div data-page-id=\"B8rHfcqlqdzmH5cCWCncz17Cntb\" data-lark-html-role=\"root\" data-docx-has-block-data=\"false\">\n<div data-page-id=\"B8rHfcqlqdzmH5cCWCncz17Cntb\" data-lark-html-role=\"root\" data-docx-has-block-data=\"true\">\n<div data-page-id=\"HM70f1aoxdD0bMcxJZBcVc7ynZd\" data-lark-html-role=\"root\" data-docx-has-block-data=\"false\">\n<div data-page-id=\"NSrJfN7Ord22i0c1iwZcsF8yn8b\" data-lark-html-role=\"root\" data-docx-has-block-data=\"false\">\n<div data-page-id=\"RXEff4Mskds8o1cqL5HcGEtUnCh\" data-lark-html-role=\"root\" data-docx-has-block-data=\"false\">\n<div data-page-id=\"KJ7gfqkVndMSRJcMseScmvYwnTc\" data-lark-html-role=\"root\" data-docx-has-block-data=\"false\">\n<div class=\"ace-line ace-line old-record-id-QADAfETPudgmudc05YvcTO5fnxe\">\n<div data-page-id=\"KJ7gfqkVndMSRJcMseScmvYwnTc\" data-lark-html-role=\"root\" data-docx-has-block-data=\"false\">\n<div class=\"ace-line ace-line old-record-id-JoRkfpho8dOkiacEOascDyCOncb\">\n<div data-page-id=\"KJ7gfqkVndMSRJcMseScmvYwnTc\" data-lark-html-role=\"root\" data-docx-has-block-data=\"false\">\n<div data-page-id=\"Ju6ofQ3V4dGmePcVvJvc1gmcnZb\" data-lark-html-role=\"root\" data-docx-has-block-data=\"true\">\n<div data-page-id=\"PR9ife5PLdFabccbFgZcWgZOnTc\" data-lark-html-role=\"root\" data-docx-has-block-data=\"false\">\n<div data-page-id=\"INdrfOIGzdaenXcptrcc1BcznQc\" data-lark-html-role=\"root\" data-docx-has-block-data=\"false\">\n<div class=\"ace-line ace-line old-record-id-P0fIf4YaZdoGkbcxt5ackec2nnb\">\n<div data-page-id=\"INdrfOIGzdaenXcptrcc1BcznQc\" data-lark-html-role=\"root\" data-docx-has-block-data=\"false\">\n<div data-page-id=\"MAzCfUB73dMTQscm8eWcougVn1g\" data-lark-html-role=\"root\" data-docx-has-block-data=\"true\">\n<div data-page-id=\"AXfpf7H1odhDvGcKoUOcErN8nV7\" data-lark-html-role=\"root\" data-docx-has-block-data=\"false\">\n<div data-page-id=\"QYTKf5PvLdUNdbce2nBcW9yfnrh\" data-lark-html-role=\"root\" data-docx-has-block-data=\"false\">\n<div data-page-id=\"Pvu1f1CCBdxbjncA9pgcBTpanph\" data-lark-html-role=\"root\" data-docx-has-block-data=\"true\">\n<div data-page-id=\"Axf3fcmY8dDAhtcjVircBcphnPc\" data-lark-html-role=\"root\" data-docx-has-block-data=\"false\">\n<div data-page-id=\"KKj1f9SPmdLhhMc5E2AcNlLen6f\" data-lark-html-role=\"root\" data-docx-has-block-data=\"true\">\n<div data-page-id=\"Rx61fK1sJdXHjPcBuhZcweNhnwc\" data-lark-html-role=\"root\" data-docx-has-block-data=\"false\">\n<div data-page-id=\"L1H9fkG9Mdz45Fcy4WMc5VKXnRe\" data-lark-html-role=\"root\" data-docx-has-block-data=\"false\">\n<div data-page-id=\"L1H9fkG9Mdz45Fcy4WMc5VKXnRe\" data-lark-html-role=\"root\" data-docx-has-block-data=\"false\">\n<div data-page-id=\"D4XLfVBVrdE8mrcaYizczklLnaf\" data-lark-html-role=\"root\" data-docx-has-block-data=\"false\">\n<div data-page-id=\"WVcifIY44d5mhMcXtyEcTsfenGd\" data-lark-html-role=\"root\" data-docx-has-block-data=\"true\">\n<div data-page-id=\"LRknfa6Whd4DWCcUc0FcNKpJnyh\" data-lark-html-role=\"root\" data-docx-has-block-data=\"false\">\n<div data-page-id=\"LRknfa6Whd4DWCcUc0FcNKpJnyh\" data-lark-html-role=\"root\" data-docx-has-block-data=\"false\">\n<div data-page-id=\"XFRAfkcOEdRWh8cArQ2cJdyRnJf\" data-lark-html-role=\"root\" data-docx-has-block-data=\"true\">\n<div data-page-id=\"OQ3bfjnRddMTDGcC3ouc6xFKnWf\" data-lark-html-role=\"root\" data-docx-has-block-data=\"true\">\n<div data-page-id=\"J0iGfj1hEdjc4rcUdSmc4spMnmZ\" data-lark-html-role=\"root\" data-docx-has-block-data=\"false\">\n<div data-page-id=\"P1o7fFyNlduP8tcfZpQcagzbnIf\" data-lark-html-role=\"root\" data-docx-has-block-data=\"false\">\n<div class=\"ace-line ace-line old-record-id-P1o7fFyNlduP8tcfZpQcagzbnIf\">\n<div data-page-id=\"P1o7fFyNlduP8tcfZpQcagzbnIf\" data-lark-html-role=\"root\" data-docx-has-block-data=\"false\">\n<div data-page-id=\"U4iufW38SdttWKcTstMcTtHRnXc\" data-lark-html-role=\"root\" data-docx-has-block-data=\"true\">\n<h2 data-path-to-node=\"0\">Al Fakher Crown Bar Hypermax 15000 Puffs Vape \u2013 Sblocca l'Esperienza DTL Definitiva<\/h2>\n<p data-path-to-node=\"2\">Chi dice che la portabilit\u00e0 e la produzione massiccia di nuvole non possono coesistere? Il Al Fakher Crown Bar Hypermax 15000 Puffs sale sul palco di OioVape con assoluta sincerit\u00e0. Non \u00e8 solo un dispositivo; \u00e8 un \u201cmotore di nuvole\u201d tascabile. Con una capacit\u00e0 colossale di 30ml di liquido elettronico e un sistema DTL (Direct-to-Lung) personalizzato, stai davvero ancora sopportando il fastidio di cambiare costantemente i pod?<\/p>\n<p data-path-to-node=\"3\">D\u00ec addio alle bottiglie di ricarica disordinate e ai meccanismi ingombranti e eccessivamente ingegnerizzati. Che tu sia un principiante curioso o un inseguitore di nuvole esperto, conquista i palati pi\u00f9 esigenti con la sua texture liscia e setosa e la sua potenza esplosiva senza riserve. E se stai pianificando un'espansione commerciale, collegati direttamente ai canali all'ingrosso\u2014l'efficienza e i rendimenti redditizi si stringono la mano proprio qui.<\/p>\n<p><img decoding=\"async\" class=\"alignnone wp-image-4002 size-full\" title=\"al-fakher-crown-bar-hypermax-15000-puffs-2\" src=\"https:\/\/oiovape.com\/wp-content\/uploads\/2026\/01\/al-fakher-crown-bar-hypermax-15000-puffs-2.png\" alt=\"al-fakher-crown-bar-hypermax-15000-puffs-2\" width=\"1200\" height=\"480\" srcset=\"https:\/\/oiovape.com\/wp-content\/uploads\/2026\/01\/al-fakher-crown-bar-hypermax-15000-puffs-2.png 1200w, https:\/\/oiovape.com\/wp-content\/uploads\/2026\/01\/al-fakher-crown-bar-hypermax-15000-puffs-2-300x120.png 300w, https:\/\/oiovape.com\/wp-content\/uploads\/2026\/01\/al-fakher-crown-bar-hypermax-15000-puffs-2-1024x410.png 1024w, https:\/\/oiovape.com\/wp-content\/uploads\/2026\/01\/al-fakher-crown-bar-hypermax-15000-puffs-2-768x307.png 768w, https:\/\/oiovape.com\/wp-content\/uploads\/2026\/01\/al-fakher-crown-bar-hypermax-15000-puffs-2-150x60.png 150w\" sizes=\"(max-width: 1200px) 100vw, 1200px\" \/><\/p>\n<h2 data-path-to-node=\"5\">Decodificare le Caratteristiche Fondamentali di Al Fakher Crown Bar 15K Hypermax<\/h2>\n<p data-path-to-node=\"6\">Qui, ogni specifica \u00e8 pi\u00f9 di un semplice numero freddo; \u00e8 realizzata per reinventare completamente la tua esperienza di svapo.<\/p>\n<h3 data-path-to-node=\"7\">Fusione Profonda di Hardware e Sensazione<\/h3>\n<h4 data-path-to-node=\"8\">Un Incredibile 15000 Puffs<\/h4>\n<p data-path-to-node=\"9\">Getta l'ansia della batteria negli abissi. Questo significa semplicemente settimane di fedele compagnia. Come un subacqueo instancabile delle profondit\u00e0, la sua resistenza duratura infrange i limiti dei dispositivi monouso tradizionali.<\/p>\n<h4 data-path-to-node=\"10\">Bobina Mesh Avanzata 0.6\u03a9<\/h4>\n<p data-path-to-node=\"11\">Questo cuore batte con forza feroce. Il nucleo mesh a bassa resistenza di 0,6 ohm agisce come un catalizzatore magico per il liquido elettronico, detonando istantaneamente ogni goccia in nuvole dense e ricche. Il sapore scivola gi\u00f9 come velluto sulla gola.<\/p>\n<h4 data-path-to-node=\"12\">Matrice di Liquido Elettronico Gigantesca da 30ml<\/h4>\n<p data-path-to-node=\"13\">Un serbatoio precaricato senza soluzione di continuit\u00e0 da 30ml agisce come una scatola magica senza fondo di sapore. Smetti di guardare nervosamente i manometri per calcolare cosa rimane\u2014semplicemente respira profondamente e lasciati andare.<\/p>\n<h4 data-path-to-node=\"14\">Display LED Doppio Intelligente ad Alta Definizione<\/h4>\n<p data-path-to-node=\"15\">Non \u00e8 questa la cura definitiva per l\u201c\u201dansia della batteria\"? Con display indipendenti e precisi al punto per il Livello della Batteria e il Livello dell'Olio, sembra di guardare il cruscotto di una supercar. Sei sempre al volante per ogni singola tirata.<\/p>\n<h4 data-path-to-node=\"16\">Architettura DTL Esclusiva<\/h4>\n<p data-path-to-node=\"17\">Ingegnerizzata rigorosamente per gli utenti che desiderano pura potenza. Il canale del flusso d'aria \u00e8 come un'autostrada completamente aperta; la tirata a resistenza zero e ariosa offre una tempesta mozzafiato di vapore.<\/p>\n<h4 data-path-to-node=\"18\">Rapporto di Nicotina Dorata 0.6% (6mg\/ml)<\/h4>\n<p data-path-to-node=\"19\">Solo il tocco giusto di una tirata alla gola leggera come una piuma. Non \u00e8 mai brusca, mai acuta, trovando quel punto dolce assoluto tra la consegna di nicotina soddisfacente e il sapore puro e senza adulterazioni.<\/p>\n<h4 data-path-to-node=\"20\">Resurrezione Rapida Type-C<\/h4>\n<p data-path-to-node=\"21\">Equipaggiato con una porta di ricarica ad alta energia, un breve riposo lo riporta in vita ruggendo. Non lasciare che i tempi di attesa angoscianti rovinino le tue sessioni di degustazione.<\/p>\n<h2 data-path-to-node=\"23\">Scopri il Tuo Tesoro Esclusivo su OioVape<\/h2>\n<p data-path-to-node=\"24\">Perch\u00e9 vagare senza fine in un mare di scelte mediocri? Su OioVape, non filtriamo solo l'hardware pi\u00f9 dominante per te; offriamo un'esperienza irresistibile e premium. Metti questo capolavoro in tasca e concediti un salto di qualit\u00e0 senza compromessi. Gli svapatori intelligenti sanno gi\u00e0 esattamente dove trovare il miglior valore.<\/p>\n<h2 data-path-to-node=\"26\">La Galleria d'Arte dei Sapori (Miscele Selezionate)<\/h2>\n<p data-path-to-node=\"27\">Con fino a 20 sapori esclusivi, questo non \u00e8 un mucchio economico di estratti artificiali. \u00c8 come sigillare un intero frutteto e un ghiacciaio direttamente nel palmo della tua mano.<\/p>\n<h3 data-path-to-node=\"28\">Una Sinfonia di Gelo e Frutta<\/h3>\n<h4 data-path-to-node=\"29\">Core Flagship Series<\/h4>\n<h5 data-path-to-node=\"30\">Grape Mint<\/h5>\n<p data-path-to-node=\"31\">Nettare d'uva viola profondo e ricco intrappolato in ghiaccio cristallino. Nel momento in cui espiri, sembra come se una brezza vivace abbia spazzato via tutta la monotonia dalla stanza.<\/p>\n<h5 data-path-to-node=\"32\">Mirtillo Lampone<\/h5>\n<p data-path-to-node=\"33\">Come cogliere il primo pugno di bacche bagnate di rugiada da un cespuglio mattutino. L'acidit\u00e0 e la dolcezza eseguono una vivace danza tap sulla tua lingua.<\/p>\n<h5 data-path-to-node=\"34\">Anguria e Ananas<\/h5>\n<p data-path-to-node=\"35\">La passione equatoriale si scontra con i ghiacciai polari. La dolcezza rinfrescante dell'anguria pone le fondamenta, mentre l'ananas audace e piccante esce dal suo guscio. Chi potrebbe possibilmente resistere a una festa sensoriale cos\u00ec stratificata?<\/p>\n<h5 data-path-to-node=\"36\">Fiesta di Ciliegia<\/h5>\n<p data-path-to-node=\"37\">Assolutamente privo di qualsiasi vibrazione di sciroppo medicato e stucchevole. Invece, cattura il succo vibrante e scoppiettante di un morso in una ciliegia succosa e matura\u2014ricco, diretto e deliziosamente puro.<\/p>\n<h5 data-path-to-node=\"38\">Magic Love<\/h5>\n<p data-path-to-node=\"39\">Il nome stesso \u00e8 un enigma. L'aroma complesso e floreale-fruttato si sviluppa come scartare un regalo multistrato; ogni tiro ti permette di cogliere una finitura inaspettata e persistente.<\/p>\n<p><img decoding=\"async\" class=\"alignnone wp-image-8119 size-full\" title=\"Al Fakher Crown Bar Hypermax 15K Flavors\" src=\"https:\/\/oiovape.com\/wp-content\/uploads\/2026\/04\/Al-Fakher-Crown-Bar-Hypermax-15K-Flavors.jpg\" alt=\"Al Fakher Crown Bar Hypermax 15K Flavors\" width=\"1298\" height=\"475\" srcset=\"https:\/\/oiovape.com\/wp-content\/uploads\/2026\/04\/Al-Fakher-Crown-Bar-Hypermax-15K-Flavors.jpg 1298w, https:\/\/oiovape.com\/wp-content\/uploads\/2026\/04\/Al-Fakher-Crown-Bar-Hypermax-15K-Flavors-300x110.jpg 300w, https:\/\/oiovape.com\/wp-content\/uploads\/2026\/04\/Al-Fakher-Crown-Bar-Hypermax-15K-Flavors-1024x375.jpg 1024w, https:\/\/oiovape.com\/wp-content\/uploads\/2026\/04\/Al-Fakher-Crown-Bar-Hypermax-15K-Flavors-768x281.jpg 768w, https:\/\/oiovape.com\/wp-content\/uploads\/2026\/04\/Al-Fakher-Crown-Bar-Hypermax-15K-Flavors-18x7.jpg 18w, https:\/\/oiovape.com\/wp-content\/uploads\/2026\/04\/Al-Fakher-Crown-Bar-Hypermax-15K-Flavors-1200x439.jpg 1200w, https:\/\/oiovape.com\/wp-content\/uploads\/2026\/04\/Al-Fakher-Crown-Bar-Hypermax-15K-Flavors-150x55.jpg 150w\" sizes=\"(max-width: 1298px) 100vw, 1298px\" \/><\/p>\n<h2 data-path-to-node=\"41\">Perch\u00e9 Questo Diventer\u00e0 Il Tuo Nuovo Preferito Tascabile?<\/h2>\n<ul data-path-to-node=\"42\">\n<li>\n<p data-path-to-node=\"42,0,0\"><b data-path-to-node=\"42,0,0\" data-index-in-node=\"0\">Capacit\u00e0 Dirompente di 30ml:<\/b> Lascia l'ansia di longevit\u00e0 completamente nella polvere.<\/p>\n<\/li>\n<li>\n<p data-path-to-node=\"42,1,0\"><b data-path-to-node=\"42,1,0\" data-index-in-node=\"0\">Mesh Drive Hardcore 0.6\u03a9:<\/b> Garantisce che ogni puff DTL sia una tempesta satura di sapore.<\/p>\n<\/li>\n<li>\n<p data-path-to-node=\"42,2,0\"><b data-path-to-node=\"42,2,0\" data-index-in-node=\"0\">Monitoraggio Intelligente LED Dual-Track:<\/b> I dati vitali del dispositivo sono cristallini a prima vista; d\u00ec addio alle supposizioni al buio.<\/p>\n<\/li>\n<li>\n<p data-path-to-node=\"42,3,0\"><b data-path-to-node=\"42,3,0\" data-index-in-node=\"0\">0.6% Nicotina Leggera:<\/b> Consente al frutto e al gelo di rubare veramente i riflettori.<\/p>\n<\/li>\n<li>\n<p data-path-to-node=\"42,4,0\"><b data-path-to-node=\"42,4,0\" data-index-in-node=\"0\">Ingegneria a Prova di Perdite:<\/b> Affidabile come una capsula spaziale, mantenendo le cose eleganti e ordinate, in qualsiasi momento e ovunque.<\/p>\n<\/li>\n<\/ul>\n<h2 data-path-to-node=\"44\">Avvio Minimalista, Istantaneamente Tra le Nuvole<\/h2>\n<p data-path-to-node=\"45\">Nessuna curva di apprendimento ripida richiesta\u2014tutto \u00e8 bellamente semplificato.<\/p>\n<h3 data-path-to-node=\"46\">La Trilogia Adatta ai Principianti<\/h3>\n<ol start=\"1\" data-path-to-node=\"47\">\n<li>\n<p data-path-to-node=\"47,0,0\"><b data-path-to-node=\"47,0,0\" data-index-in-node=\"0\">Scatena la Bestia:<\/b> Rimuovi tutto l'imballaggio esterno e i tappi in silicone per liberare il dispositivo.<\/p>\n<\/li>\n<li>\n<p data-path-to-node=\"47,1,0\"><b data-path-to-node=\"47,1,0\" data-index-in-node=\"0\">Risveglia la Tempesta:<\/b> Il corpo senza soluzione di continuit\u00e0 non richiede pressione di pulsanti. Fidati dei tuoi istinti, fai un respiro profondo, e l'interruttore intelligente attivato dall'aria accende istantaneamente il banchetto.<\/p>\n<\/li>\n<li>\n<p data-path-to-node=\"47,2,0\"><b data-path-to-node=\"47,2,0\" data-index-in-node=\"0\">Padroneggia il Gioco:<\/b> Tieni d'occhio il tuo e-liquid e la batteria tramite il nitido schermo LED. Quando l'energia \u00e8 bassa, collega un cavo Type-C per una rapida ricarica; quando non in uso, semplicemente conservalo in un luogo fresco e asciutto.<\/p>\n<\/li>\n<\/ol>\n<\/div>\n<\/div>\n<\/div>\n<\/div>\n<\/div>\n<\/div>\n<\/div>\n<\/div>\n<\/div>\n<\/div>\n<\/div>\n<\/div>\n<\/div>\n<\/div>\n<\/div>\n<\/div>\n<\/div>\n<\/div>\n<\/div>\n<\/div>\n<\/div>\n<\/div>\n<\/div>\n<\/div>\n<\/div>\n<\/div>\n<\/div>\n<\/div>\n<\/div>\n<\/div>\n<\/div>\n<\/div>\n<\/div>\n<\/div>\n<\/div>\n<\/div>\n<\/div>\n<\/div>\n<\/div>\n<\/div>\n<\/div>\n<\/div>\n<\/div>\n<\/div>","protected":false},"excerpt":{"rendered":"<div data-page-id=\"RAopf2sw9dtvw4cWYXpcTwo0n8g\" data-lark-html-role=\"root\" data-docx-has-block-data=\"false\">\n<div class=\"ace-line ace-line old-record-id-Uju9f3RXYd8dh2crAJbcBF3Un6M\">Il Al Fakher Crown Bar Hypermax 15000 Puff combina prestazioni durature con una vasta gamma di sapori. Progettato per il vaping Direct-to-Lung, offre vapore morbido attraverso una resistenza da 0,6\u03a9, supportato da una capacit\u00e0 di e-liquid di 18ml, batteria ricaricabile e un display chiaro che mostra il conteggio dei puff e lo stato della potenza.<\/div>\n<\/div>","protected":false},"featured_media":3992,"comment_status":"open","ping_status":"closed","template":"","meta":{"_acf_changed":false,"inline_featured_image":false,"_sitemap_exclude":false,"_sitemap_priority":"","_sitemap_frequency":""},"product_brand":[238],"product_cat":[237,239,246,229],"product_tag":[],"class_list":{"0":"post-3990","1":"product","2":"type-product","3":"status-publish","4":"has-post-thumbnail","6":"product_brand-al-fakher","7":"product_cat-al-fakher-puff","8":"product_cat-disposable-vape-collection","9":"product_cat-15k-puff","10":"product_cat-ship-from-german","12":"first","13":"instock","14":"sale","15":"shipping-taxable","16":"purchasable","17":"product-type-variable","18":"has-default-attributes"},"acf":[],"tiered_pricing_type":"fixed","tiered_pricing_fixed_rules":{"30":10.69,"60":10.45,"100":10.25,"200":10.13},"tiered_pricing_product_settings":{"layout":"default","base_unit_name":{"singular":null,"plural":null},"default_variation":null},"tiered_pricing_minimum_quantity":10,"tiered_pricing_roles_data":[],"tiered_pricing_percentage_rules":[],"tiered_pricing_maximum_quantity":null,"tiered_pricing_quantity_step":"10","_links":{"self":[{"href":"https:\/\/oiovape.com\/it\/wp-json\/wp\/v2\/product\/3990","targetHints":{"allow":["GET"]}}],"collection":[{"href":"https:\/\/oiovape.com\/it\/wp-json\/wp\/v2\/product"}],"about":[{"href":"https:\/\/oiovape.com\/it\/wp-json\/wp\/v2\/types\/product"}],"replies":[{"embeddable":true,"href":"https:\/\/oiovape.com\/it\/wp-json\/wp\/v2\/comments?post=3990"}],"version-history":[{"count":3,"href":"https:\/\/oiovape.com\/it\/wp-json\/wp\/v2\/product\/3990\/revisions"}],"predecessor-version":[{"id":8120,"href":"https:\/\/oiovape.com\/it\/wp-json\/wp\/v2\/product\/3990\/revisions\/8120"}],"wp:featuredmedia":[{"embeddable":true,"href":"https:\/\/oiovape.com\/it\/wp-json\/wp\/v2\/media\/3992"}],"wp:attachment":[{"href":"https:\/\/oiovape.com\/it\/wp-json\/wp\/v2\/media?parent=3990"}],"wp:term":[{"taxonomy":"product_brand","embeddable":true,"href":"https:\/\/oiovape.com\/it\/wp-json\/wp\/v2\/product_brand?post=3990"},{"taxonomy":"product_cat","embeddable":true,"href":"https:\/\/oiovape.com\/it\/wp-json\/wp\/v2\/product_cat?post=3990"},{"taxonomy":"product_tag","embeddable":true,"href":"https:\/\/oiovape.com\/it\/wp-json\/wp\/v2\/product_tag?post=3990"}],"curies":[{"name":"wp","href":"https:\/\/api.w.org\/{rel}","templated":true}]}}