{"id":4206,"date":"2026-01-12T06:05:24","date_gmt":"2026-01-12T06:05:24","guid":{"rendered":"https:\/\/oiovape.com\/?post_type=product&#038;p=4206"},"modified":"2026-04-08T15:13:13","modified_gmt":"2026-04-08T07:13:13","slug":"al-fakher-ice-adjust-15000-puffs","status":"publish","type":"product","link":"https:\/\/oiovape.com\/it\/product\/al-fakher-ice-adjust-15000-puffs\/","title":{"rendered":"Al Fakher Ice Adjust 15000 PUFFS Mesh Coil 850mAh Batteria Ricaricabile Vape Usa e Getta con Schermo Intelligente"},"content":{"rendered":"<div data-page-id=\"ZVeMfq8uxd7y1ycuKm5cym4LnYd\" data-lark-html-role=\"root\" data-docx-has-block-data=\"false\">\n<div data-page-id=\"Fd41fZ5N9dzRQtcRNoVc2FuDnCh\" data-lark-html-role=\"root\" data-docx-has-block-data=\"true\">\n<div data-page-id=\"BdIJfeeijdk1eucGpS8cDCBBn5c\" data-lark-html-role=\"root\" data-docx-has-block-data=\"false\">\n<div data-page-id=\"Zbg9fWx77dUuh2cIYpic25c8nyd\" data-lark-html-role=\"root\" data-docx-has-block-data=\"false\">\n<div data-page-id=\"KaIvfiurhdlCKdc0kyxcX64cnE6\" data-lark-html-role=\"root\" data-docx-has-block-data=\"true\">\n<div data-page-id=\"PbvFfqxqlddUTScRpEYcY5MHnpf\" data-lark-html-role=\"root\" data-docx-has-block-data=\"true\">\n<div data-page-id=\"GZO2f5JeudwY4jc9iJtcdk9Hnxh\" data-lark-html-role=\"root\" data-docx-has-block-data=\"false\">\n<div data-page-id=\"EZVRf2acFduXLGcseZFc4qH2n6e\" data-lark-html-role=\"root\" data-docx-has-block-data=\"false\">\n<div data-page-id=\"B8rHfcqlqdzmH5cCWCncz17Cntb\" data-lark-html-role=\"root\" data-docx-has-block-data=\"false\">\n<div data-page-id=\"B8rHfcqlqdzmH5cCWCncz17Cntb\" data-lark-html-role=\"root\" data-docx-has-block-data=\"false\">\n<div data-page-id=\"B8rHfcqlqdzmH5cCWCncz17Cntb\" data-lark-html-role=\"root\" data-docx-has-block-data=\"true\">\n<div data-page-id=\"HM70f1aoxdD0bMcxJZBcVc7ynZd\" data-lark-html-role=\"root\" data-docx-has-block-data=\"false\">\n<div data-page-id=\"NSrJfN7Ord22i0c1iwZcsF8yn8b\" data-lark-html-role=\"root\" data-docx-has-block-data=\"false\">\n<div data-page-id=\"RXEff4Mskds8o1cqL5HcGEtUnCh\" data-lark-html-role=\"root\" data-docx-has-block-data=\"false\">\n<div data-page-id=\"KJ7gfqkVndMSRJcMseScmvYwnTc\" data-lark-html-role=\"root\" data-docx-has-block-data=\"false\">\n<div class=\"ace-line ace-line old-record-id-QADAfETPudgmudc05YvcTO5fnxe\">\n<div data-page-id=\"KJ7gfqkVndMSRJcMseScmvYwnTc\" data-lark-html-role=\"root\" data-docx-has-block-data=\"false\">\n<div class=\"ace-line ace-line old-record-id-JoRkfpho8dOkiacEOascDyCOncb\">\n<div data-page-id=\"KJ7gfqkVndMSRJcMseScmvYwnTc\" data-lark-html-role=\"root\" data-docx-has-block-data=\"false\">\n<div data-page-id=\"Ju6ofQ3V4dGmePcVvJvc1gmcnZb\" data-lark-html-role=\"root\" data-docx-has-block-data=\"true\">\n<div data-page-id=\"PR9ife5PLdFabccbFgZcWgZOnTc\" data-lark-html-role=\"root\" data-docx-has-block-data=\"false\">\n<div data-page-id=\"INdrfOIGzdaenXcptrcc1BcznQc\" data-lark-html-role=\"root\" data-docx-has-block-data=\"false\">\n<div class=\"ace-line ace-line old-record-id-P0fIf4YaZdoGkbcxt5ackec2nnb\">\n<div data-page-id=\"INdrfOIGzdaenXcptrcc1BcznQc\" data-lark-html-role=\"root\" data-docx-has-block-data=\"false\">\n<div data-page-id=\"MAzCfUB73dMTQscm8eWcougVn1g\" data-lark-html-role=\"root\" data-docx-has-block-data=\"true\">\n<div data-page-id=\"AXfpf7H1odhDvGcKoUOcErN8nV7\" data-lark-html-role=\"root\" data-docx-has-block-data=\"false\">\n<div data-page-id=\"QYTKf5PvLdUNdbce2nBcW9yfnrh\" data-lark-html-role=\"root\" data-docx-has-block-data=\"false\">\n<div data-page-id=\"Pvu1f1CCBdxbjncA9pgcBTpanph\" data-lark-html-role=\"root\" data-docx-has-block-data=\"true\">\n<div data-page-id=\"Axf3fcmY8dDAhtcjVircBcphnPc\" data-lark-html-role=\"root\" data-docx-has-block-data=\"false\">\n<div data-page-id=\"KKj1f9SPmdLhhMc5E2AcNlLen6f\" data-lark-html-role=\"root\" data-docx-has-block-data=\"true\">\n<div data-page-id=\"Rx61fK1sJdXHjPcBuhZcweNhnwc\" data-lark-html-role=\"root\" data-docx-has-block-data=\"false\">\n<div data-page-id=\"L1H9fkG9Mdz45Fcy4WMc5VKXnRe\" data-lark-html-role=\"root\" data-docx-has-block-data=\"false\">\n<div data-page-id=\"L1H9fkG9Mdz45Fcy4WMc5VKXnRe\" data-lark-html-role=\"root\" data-docx-has-block-data=\"false\">\n<div data-page-id=\"D4XLfVBVrdE8mrcaYizczklLnaf\" data-lark-html-role=\"root\" data-docx-has-block-data=\"false\">\n<div data-page-id=\"WVcifIY44d5mhMcXtyEcTsfenGd\" data-lark-html-role=\"root\" data-docx-has-block-data=\"true\">\n<div data-page-id=\"LRknfa6Whd4DWCcUc0FcNKpJnyh\" data-lark-html-role=\"root\" data-docx-has-block-data=\"false\">\n<div data-page-id=\"LRknfa6Whd4DWCcUc0FcNKpJnyh\" data-lark-html-role=\"root\" data-docx-has-block-data=\"false\">\n<div data-page-id=\"XFRAfkcOEdRWh8cArQ2cJdyRnJf\" data-lark-html-role=\"root\" data-docx-has-block-data=\"true\">\n<div data-page-id=\"OQ3bfjnRddMTDGcC3ouc6xFKnWf\" data-lark-html-role=\"root\" data-docx-has-block-data=\"true\">\n<div data-page-id=\"J0iGfj1hEdjc4rcUdSmc4spMnmZ\" data-lark-html-role=\"root\" data-docx-has-block-data=\"false\">\n<div data-page-id=\"P1o7fFyNlduP8tcfZpQcagzbnIf\" data-lark-html-role=\"root\" data-docx-has-block-data=\"false\">\n<div class=\"ace-line ace-line old-record-id-P1o7fFyNlduP8tcfZpQcagzbnIf\">\n<div data-page-id=\"P1o7fFyNlduP8tcfZpQcagzbnIf\" data-lark-html-role=\"root\" data-docx-has-block-data=\"false\">\n<div data-page-id=\"U4iufW38SdttWKcTstMcTtHRnXc\" data-lark-html-role=\"root\" data-docx-has-block-data=\"true\">\n<div data-page-id=\"ONVMf7VTWddcFtcyATOchCJHnZb\" data-lark-html-role=\"root\" data-docx-has-block-data=\"true\">\n<div data-page-id=\"KoW2fSy0PdLHFlc5kSHcgvWMnYg\" data-lark-html-role=\"root\" data-docx-has-block-data=\"false\">\n<div style=\"width: 888px;\" class=\"wp-video\"><video class=\"wp-video-shortcode\" id=\"video-4206-1\" width=\"888\" height=\"504\" preload=\"metadata\" controls=\"controls\"><source type=\"video\/mp4\" src=\"https:\/\/oiovape.com\/wp-content\/uploads\/2026\/04\/Al-Fakher-15K-Ice-Adjust-Vape.mp4?_=1\" \/><a href=\"https:\/\/oiovape.com\/wp-content\/uploads\/2026\/04\/Al-Fakher-15K-Ice-Adjust-Vape.mp4\">https:\/\/oiovape.com\/wp-content\/uploads\/2026\/04\/Al-Fakher-15K-Ice-Adjust-Vape.mp4<\/a><\/video><\/div>\n<h2 data-path-to-node=\"2\">The Ultimate Breakdown: Al Fakher Ice Adjust 15000 Puffs<\/h2>\n<h3 data-path-to-node=\"4\">A Colossal 22ml E-Liquid Reservoir<\/h3>\n<p data-path-to-node=\"5\">Hai mai sentito il fastidio di un tiro secco proprio quando avevi bisogno di una pausa veloce? Questo dispositivo arriva con ben 22ml di liquido. Pensalo come un pozzo profondo in un deserto arido\u2014continua semplicemente a darti quello che serve. Ottieni sessioni prolungate senza l'ansia di rimanere a secco, permettendoti tiri pi\u00f9 ricchi e profondi ogni singola volta.<\/p>\n<h3 data-path-to-node=\"6\">Unyielding 850mAh Powerhouse<\/h3>\n<p data-path-to-node=\"7\">Invece di una batteria fragile che si scarica prima di cena, ottieni un motore instancabile. La capacit\u00e0 di 850mAh fornisce una potenza sostenuta e robusta che dura. Quando finalmente ha bisogno di riposare, la porta Type-C la riporta in vita in pochissimo tempo, rendendo settimane di utilizzo senza sforzo una realt\u00e0 piuttosto che una promessa.<\/p>\n<h3 data-path-to-node=\"8\">The 15000 Puff Marathon<\/h3>\n<p data-path-to-node=\"9\">Perch\u00e9 destreggiarsi tra tre dispositivi diversi mezzo vuoti quando un fedele compagno fa il lavoro pesante? Offrendo fino a 15000 tiri morbidi, \u00e8 costruito per il lungo termine. Serve come il perfetto compagno quotidiano o il compagno di viaggio definitivo per lunghi viaggi.<\/p>\n<h3 data-path-to-node=\"10\">Next-Gen Triple Mesh Coil Technology<\/h3>\n<p data-path-to-node=\"11\">Questo non \u00e8 il tuo filo riscaldante standard e banale. La bobina triple mesh da 0,6 ohm agisce come un'orchestra finemente accordata, distribuendo il calore con assoluta precisione nel liquido. Il risultato? Nuvole spesse e ricche di sapore dal primo tiro all'ultima goccia.<\/p>\n<h3 data-path-to-node=\"12\">Innovative Ice Adjust System<\/h3>\n<p data-path-to-node=\"13\">Vuoi un freddo autunnale mite o il gelo pungente di una bufera artica? L'interruttore Ice Adjust tattile ti mette il termostato in mano. Non sei pi\u00f9 bloccato con qualsiasi livello di raffreddamento casuale che un produttore ha deciso fosse il migliore; invece, ottieni pi\u00f9 livelli di gelo a portata di mano.<\/p>\n<h3 data-path-to-node=\"14\">DTL &amp; MTL: The Dual Airflow Symphony<\/h3>\n<h4 data-path-to-node=\"15\">Total Draw Control<\/h4>\n<p data-path-to-node=\"16\">Che tu preferisca il tiro stretto e ristretto simile a una sigaretta tradizionale (MTL) o un'inalazione completamente aperta per una massiccia produzione di nuvole (DTL), il meccanismo del flusso d'aria regolabile si piega completamente alla tua volont\u00e0.<\/p>\n<h5 data-path-to-node=\"17\">Perfecting the Throat Hit<\/h5>\n<p data-path-to-node=\"18\">Attivando questo cursore insieme alla forza di nicotina di 5mg\/ml, detti esattamente come si sente il tiro\u2014morbido e ariato, o denso e pungente.<\/p>\n<h3 data-path-to-node=\"19\">Intuitive LED Dashboard<\/h3>\n<p data-path-to-node=\"20\">Uno schermo elegante e integrato sostituisce le frustranti congetture con dati duri e immediati. Monitorare la tua durata esatta della batteria e il liquido rimanente \u00e8 ora facile come controllare l'ora sul tuo telefono, assicurandoti di non essere mai colto di sorpresa.<\/p>\n<h2 data-path-to-node=\"30\">The Extensive Flavor Library of Al Fakher Ice Adjust 15000 Puffs<\/h2>\n<p data-path-to-node=\"31\">Questo dispositivo non solo vanta hardware impressionante; lo supporta con un menu che rivaleggia con un bar di cocktail di lusso. Ecco una ripartizione dei blend eccezionali in attesa di essere esplorati:<\/p>\n<p>1 Berry Blue<br \/>\n2 Berry Ice<br \/>\n3 Blackcurrant Ice<br \/>\n4 Blackcurrant Mint<br \/>\n5 Blue Razz Blast<br \/>\n6 Blue Razz Lemonade<br \/>\n7 Blueberry Cherry<br \/>\n8 Blueberry Gum<br \/>\n9 Blueberry Lemonade<br \/>\n10 Blueberry Mint<br \/>\n11 Blueberry Raspberry<br \/>\n12 Blueberry Sour Raspberry<br \/>\n13 Cherry Fiesta<br \/>\n14 Cherry Fizz<br \/>\n15 Cherry Ice<br \/>\n16 Cool Mango<br \/>\n17 Fusion Pop<br \/>\n18 Grape<br \/>\n19 Grape Berry<br \/>\n20 Grape Mint<br \/>\n21 Gum Mint<br \/>\n22 Hubba<br \/>\n23 Ice Blue<br \/>\n24 Lemon Lime<br \/>\n25 Lemon Lime Cherry Fizz<br \/>\n26 Lemon Mint<br \/>\n27 Lush Ice<br \/>\n28 Magic Love<br \/>\n29 Mango Pineapple<br \/>\n30 Menthol<br \/>\n31 Menta<br \/>\n32 Frutti di Bosco Misti<br \/>\n33 Menta Arancia<br \/>\n34 Ghiaccio Pesca<br \/>\n35 Ghiaccio Ananas<br \/>\n36 Sogno Spaziale<br \/>\n37 Menta Verde<br \/>\n38 Ciliegia Fragola<br \/>\n39 Punch Fragola<br \/>\n40 Sogno Estivo<br \/>\n41 Due Mele<br \/>\n42 Ciliegia Anguria<br \/>\n43 Kiwi Anguria<br \/>\n44 Lime Anguria<br \/>\n45 Ananas Anguria<\/p>\n<p><img decoding=\"async\" class=\"alignnone wp-image-8131 size-full\" title=\"Al Fakher Ice Adjust Banner\" src=\"https:\/\/oiovape.com\/wp-content\/uploads\/2026\/04\/Al-Fakher-15K-Ice-Adjust-Banner.jpg\" alt=\"Al Fakher Ice Adjust Banner\" width=\"1085\" height=\"1568\" srcset=\"https:\/\/oiovape.com\/wp-content\/uploads\/2026\/04\/Al-Fakher-15K-Ice-Adjust-Banner.jpg 1085w, https:\/\/oiovape.com\/wp-content\/uploads\/2026\/04\/Al-Fakher-15K-Ice-Adjust-Banner-208x300.jpg 208w, https:\/\/oiovape.com\/wp-content\/uploads\/2026\/04\/Al-Fakher-15K-Ice-Adjust-Banner-709x1024.jpg 709w, https:\/\/oiovape.com\/wp-content\/uploads\/2026\/04\/Al-Fakher-15K-Ice-Adjust-Banner-768x1110.jpg 768w, https:\/\/oiovape.com\/wp-content\/uploads\/2026\/04\/Al-Fakher-15K-Ice-Adjust-Banner-1063x1536.jpg 1063w, https:\/\/oiovape.com\/wp-content\/uploads\/2026\/04\/Al-Fakher-15K-Ice-Adjust-Banner-8x12.jpg 8w, https:\/\/oiovape.com\/wp-content\/uploads\/2026\/04\/Al-Fakher-15K-Ice-Adjust-Banner-150x217.jpg 150w\" sizes=\"(max-width: 1085px) 100vw, 1085px\" \/><\/p>\n<h2 data-path-to-node=\"21\">Perch\u00e9 Non Lasciare Che Al Fakher 15K Ice Adjust Rivendichi la Tua Tasca?<\/h2>\n<h3 data-path-to-node=\"22\">Autentica Atmosfera Shisha<\/h3>\n<p data-path-to-node=\"23\">Catturare l'anima di un tradizionale narghil\u00e8 in un formato tascabile non \u00e8 un'impresa da poco. La ricca profondit\u00e0 di sapore, il vapore morbido e l'unico suono acustico dell'inalazione replicano perfettamente quella rilassante atmosfera da lounge, ovunque tu ti trovi.<\/p>\n<h3 data-path-to-node=\"24\">Controllo Assoluto sulla Tua Esperienza<\/h3>\n<p data-path-to-node=\"25\">Tra il cursore del flusso d'aria e l'interruttore fisico di intensit\u00e0 del ghiaccio, sei il regista di ogni singola sessione. Perch\u00e9 accontentarsi di una boccata generica e universale quando puoi modellarla tu stesso? Puoi passare istantaneamente da un sapore caldo e delicato a un'esplosione audace e gelida.<\/p>\n<h3 data-path-to-node=\"26\">Costruito per il Mondo Reale<\/h3>\n<p data-path-to-node=\"27\">Al Fakher Ice Adjust 15000 Puffs \u00e8 robusto, affidabile e bilancia perfettamente la portabilit\u00e0 con la resistenza. La combinazione di un enorme serbatoio da 22ml e una batteria da 850mAh significa che sopravvive ai tuoi giorni pi\u00f9 lunghi e impegnativi senza fatica.<\/p>\n<h2 data-path-to-node=\"28\">Specifiche Tecniche a Colpo d'Occhio<\/h2>\n<ul data-path-to-node=\"29\">\n<li>\n<p data-path-to-node=\"29,0,0\"><b data-path-to-node=\"29,0,0\" data-index-in-node=\"0\">Capacit\u00e0 di Boccate:<\/b> Fino a 15000 puff<\/p>\n<\/li>\n<li>\n<p data-path-to-node=\"29,1,0\"><b data-path-to-node=\"29,1,0\" data-index-in-node=\"0\">Volume di Liquido:<\/b> 22 ml<\/p>\n<\/li>\n<li>\n<p data-path-to-node=\"29,2,0\"><b data-path-to-node=\"29,2,0\" data-index-in-node=\"0\">Batteria:<\/b> 850 mAh (Ricaricabile)<\/p>\n<\/li>\n<li>\n<p data-path-to-node=\"29,3,0\"><b data-path-to-node=\"29,3,0\" data-index-in-node=\"0\">Caricabatterie:<\/b> USB Tipo-C<\/p>\n<\/li>\n<li>\n<p data-path-to-node=\"29,4,0\"><b data-path-to-node=\"29,4,0\" data-index-in-node=\"0\">Resistenza:<\/b> Bobina Mesh Tripla 0.6 Ohm<\/p>\n<\/li>\n<li>\n<p data-path-to-node=\"29,5,0\"><b data-path-to-node=\"29,5,0\" data-index-in-node=\"0\">Modalit\u00e0:<\/b> DTL (Direct-to-Lung) &amp; MTL (Mouth-to-Lung)<\/p>\n<\/li>\n<li>\n<p data-path-to-node=\"29,6,0\"><b data-path-to-node=\"29,6,0\" data-index-in-node=\"0\">Raffreddamento:<\/b> Interruttore Ice Adjust con pi\u00f9 livelli di freschezza<\/p>\n<\/li>\n<li>\n<p data-path-to-node=\"29,7,0\"><b data-path-to-node=\"29,7,0\" data-index-in-node=\"0\">Flusso d'aria:<\/b> Interruttore regolabile per la resistenza al tiro<\/p>\n<\/li>\n<li>\n<p data-path-to-node=\"29,8,0\"><b data-path-to-node=\"29,8,0\" data-index-in-node=\"0\">Display:<\/b> Schermo LED intelligente (Tracciamento batteria + E-Liquid)<\/p>\n<\/li>\n<li>\n<p data-path-to-node=\"29,9,0\"><b data-path-to-node=\"29,9,0\" data-index-in-node=\"0\">Acustica:<\/b> Effetto sonoro di inalazione in stile Shisha<\/p>\n<\/li>\n<\/ul>\n<\/div>\n<\/div>\n<\/div>\n<\/div>\n<\/div>\n<\/div>\n<\/div>\n<\/div>\n<\/div>\n<\/div>\n<\/div>\n<\/div>\n<\/div>\n<\/div>\n<\/div>\n<\/div>\n<\/div>\n<\/div>\n<\/div>\n<\/div>\n<\/div>\n<\/div>\n<\/div>\n<\/div>\n<\/div>\n<\/div>\n<\/div>\n<\/div>\n<\/div>\n<\/div>\n<\/div>\n<\/div>\n<\/div>\n<\/div>\n<\/div>\n<\/div>\n<\/div>\n<\/div>\n<\/div>\n<\/div>\n<\/div>\n<\/div>\n<\/div>\n<\/div>\n<\/div>\n<\/div>","protected":false},"excerpt":{"rendered":"<div data-page-id=\"RAopf2sw9dtvw4cWYXpcTwo0n8g\" data-lark-html-role=\"root\" data-docx-has-block-data=\"false\">\n<div class=\"ace-line ace-line old-record-id-Uju9f3RXYd8dh2crAJbcBF3Un6M\">Al Fakher Ice Adjust 15000 Puffs si distingue con 15000 puff, una batteria da 850mAh e una capacit\u00e0 di 22ml. Vanta un display LED, ricarica Type-C e una coil a rete per un sapore ricco. Scegli tra oltre 40 gusti come Gum Mint, Peach Ice e Space Dream per un'esperienza di svapo fresca e personalizzata.<\/div>\n<\/div>","protected":false},"featured_media":4208,"comment_status":"open","ping_status":"closed","template":"","meta":{"_acf_changed":false,"inline_featured_image":false,"_sitemap_exclude":false,"_sitemap_priority":"","_sitemap_frequency":""},"product_brand":[238],"product_cat":[237,239,246],"product_tag":[],"class_list":{"0":"post-4206","1":"product","2":"type-product","3":"status-publish","4":"has-post-thumbnail","6":"product_brand-al-fakher","7":"product_cat-al-fakher-puff","8":"product_cat-disposable-vape-collection","9":"product_cat-15k-puff","11":"first","12":"instock","13":"sale","14":"shipping-taxable","15":"purchasable","16":"product-type-variable","17":"has-default-attributes"},"acf":[],"tiered_pricing_type":"fixed","tiered_pricing_fixed_rules":{"30":13.15,"60":12.2,"100":11.19,"200":10.52},"tiered_pricing_product_settings":{"layout":"default","base_unit_name":{"singular":null,"plural":null},"default_variation":null},"tiered_pricing_minimum_quantity":10,"tiered_pricing_roles_data":[],"tiered_pricing_percentage_rules":[],"tiered_pricing_maximum_quantity":null,"tiered_pricing_quantity_step":"10","_links":{"self":[{"href":"https:\/\/oiovape.com\/it\/wp-json\/wp\/v2\/product\/4206","targetHints":{"allow":["GET"]}}],"collection":[{"href":"https:\/\/oiovape.com\/it\/wp-json\/wp\/v2\/product"}],"about":[{"href":"https:\/\/oiovape.com\/it\/wp-json\/wp\/v2\/types\/product"}],"replies":[{"embeddable":true,"href":"https:\/\/oiovape.com\/it\/wp-json\/wp\/v2\/comments?post=4206"}],"version-history":[{"count":6,"href":"https:\/\/oiovape.com\/it\/wp-json\/wp\/v2\/product\/4206\/revisions"}],"predecessor-version":[{"id":8132,"href":"https:\/\/oiovape.com\/it\/wp-json\/wp\/v2\/product\/4206\/revisions\/8132"}],"wp:featuredmedia":[{"embeddable":true,"href":"https:\/\/oiovape.com\/it\/wp-json\/wp\/v2\/media\/4208"}],"wp:attachment":[{"href":"https:\/\/oiovape.com\/it\/wp-json\/wp\/v2\/media?parent=4206"}],"wp:term":[{"taxonomy":"product_brand","embeddable":true,"href":"https:\/\/oiovape.com\/it\/wp-json\/wp\/v2\/product_brand?post=4206"},{"taxonomy":"product_cat","embeddable":true,"href":"https:\/\/oiovape.com\/it\/wp-json\/wp\/v2\/product_cat?post=4206"},{"taxonomy":"product_tag","embeddable":true,"href":"https:\/\/oiovape.com\/it\/wp-json\/wp\/v2\/product_tag?post=4206"}],"curies":[{"name":"wp","href":"https:\/\/api.w.org\/{rel}","templated":true}]}}