{"id":4327,"date":"2026-01-13T02:14:08","date_gmt":"2026-01-13T02:14:08","guid":{"rendered":"https:\/\/oiovape.com\/?post_type=product&#038;p=4327"},"modified":"2026-02-04T14:44:04","modified_gmt":"2026-02-04T06:44:04","slug":"vapme-crystal-20000-puffs","status":"publish","type":"product","link":"https:\/\/oiovape.com\/it\/product\/vapme-crystal-20000-puffs\/","title":{"rendered":"VAPME Crystal 20000 PUFFS Capacit\u00e0 Vape 20mL Coil a Rete Sigaretta Elettronica Monouso Con Ricarica"},"content":{"rendered":"<div data-page-id=\"ZVeMfq8uxd7y1ycuKm5cym4LnYd\" data-lark-html-role=\"root\" data-docx-has-block-data=\"false\">\n<div data-page-id=\"Fd41fZ5N9dzRQtcRNoVc2FuDnCh\" data-lark-html-role=\"root\" data-docx-has-block-data=\"true\">\n<div data-page-id=\"BdIJfeeijdk1eucGpS8cDCBBn5c\" data-lark-html-role=\"root\" data-docx-has-block-data=\"false\">\n<div data-page-id=\"Zbg9fWx77dUuh2cIYpic25c8nyd\" data-lark-html-role=\"root\" data-docx-has-block-data=\"false\">\n<div data-page-id=\"KaIvfiurhdlCKdc0kyxcX64cnE6\" data-lark-html-role=\"root\" data-docx-has-block-data=\"true\">\n<div data-page-id=\"PbvFfqxqlddUTScRpEYcY5MHnpf\" data-lark-html-role=\"root\" data-docx-has-block-data=\"true\">\n<div data-page-id=\"GZO2f5JeudwY4jc9iJtcdk9Hnxh\" data-lark-html-role=\"root\" data-docx-has-block-data=\"false\">\n<div data-page-id=\"EZVRf2acFduXLGcseZFc4qH2n6e\" data-lark-html-role=\"root\" data-docx-has-block-data=\"false\">\n<div data-page-id=\"B8rHfcqlqdzmH5cCWCncz17Cntb\" data-lark-html-role=\"root\" data-docx-has-block-data=\"false\">\n<div data-page-id=\"B8rHfcqlqdzmH5cCWCncz17Cntb\" data-lark-html-role=\"root\" data-docx-has-block-data=\"false\">\n<div data-page-id=\"B8rHfcqlqdzmH5cCWCncz17Cntb\" data-lark-html-role=\"root\" data-docx-has-block-data=\"true\">\n<div data-page-id=\"HM70f1aoxdD0bMcxJZBcVc7ynZd\" data-lark-html-role=\"root\" data-docx-has-block-data=\"false\">\n<div data-page-id=\"NSrJfN7Ord22i0c1iwZcsF8yn8b\" data-lark-html-role=\"root\" data-docx-has-block-data=\"false\">\n<div data-page-id=\"RXEff4Mskds8o1cqL5HcGEtUnCh\" data-lark-html-role=\"root\" data-docx-has-block-data=\"false\">\n<div data-page-id=\"KJ7gfqkVndMSRJcMseScmvYwnTc\" data-lark-html-role=\"root\" data-docx-has-block-data=\"false\">\n<div class=\"ace-line ace-line old-record-id-QADAfETPudgmudc05YvcTO5fnxe\">\n<div data-page-id=\"KJ7gfqkVndMSRJcMseScmvYwnTc\" data-lark-html-role=\"root\" data-docx-has-block-data=\"false\">\n<div class=\"ace-line ace-line old-record-id-JoRkfpho8dOkiacEOascDyCOncb\">\n<div data-page-id=\"KJ7gfqkVndMSRJcMseScmvYwnTc\" data-lark-html-role=\"root\" data-docx-has-block-data=\"false\">\n<div data-page-id=\"Ju6ofQ3V4dGmePcVvJvc1gmcnZb\" data-lark-html-role=\"root\" data-docx-has-block-data=\"true\">\n<div data-page-id=\"PR9ife5PLdFabccbFgZcWgZOnTc\" data-lark-html-role=\"root\" data-docx-has-block-data=\"false\">\n<div data-page-id=\"INdrfOIGzdaenXcptrcc1BcznQc\" data-lark-html-role=\"root\" data-docx-has-block-data=\"false\">\n<div class=\"ace-line ace-line old-record-id-P0fIf4YaZdoGkbcxt5ackec2nnb\">\n<div data-page-id=\"INdrfOIGzdaenXcptrcc1BcznQc\" data-lark-html-role=\"root\" data-docx-has-block-data=\"false\">\n<div data-page-id=\"MAzCfUB73dMTQscm8eWcougVn1g\" data-lark-html-role=\"root\" data-docx-has-block-data=\"true\">\n<div data-page-id=\"AXfpf7H1odhDvGcKoUOcErN8nV7\" data-lark-html-role=\"root\" data-docx-has-block-data=\"false\">\n<div data-page-id=\"QYTKf5PvLdUNdbce2nBcW9yfnrh\" data-lark-html-role=\"root\" data-docx-has-block-data=\"false\">\n<div data-page-id=\"Pvu1f1CCBdxbjncA9pgcBTpanph\" data-lark-html-role=\"root\" data-docx-has-block-data=\"true\">\n<div data-page-id=\"Axf3fcmY8dDAhtcjVircBcphnPc\" data-lark-html-role=\"root\" data-docx-has-block-data=\"false\">\n<div data-page-id=\"KKj1f9SPmdLhhMc5E2AcNlLen6f\" data-lark-html-role=\"root\" data-docx-has-block-data=\"true\">\n<div data-page-id=\"Rx61fK1sJdXHjPcBuhZcweNhnwc\" data-lark-html-role=\"root\" data-docx-has-block-data=\"false\">\n<div data-page-id=\"L1H9fkG9Mdz45Fcy4WMc5VKXnRe\" data-lark-html-role=\"root\" data-docx-has-block-data=\"false\">\n<div data-page-id=\"L1H9fkG9Mdz45Fcy4WMc5VKXnRe\" data-lark-html-role=\"root\" data-docx-has-block-data=\"false\">\n<div data-page-id=\"D4XLfVBVrdE8mrcaYizczklLnaf\" data-lark-html-role=\"root\" data-docx-has-block-data=\"false\">\n<div data-page-id=\"WVcifIY44d5mhMcXtyEcTsfenGd\" data-lark-html-role=\"root\" data-docx-has-block-data=\"true\">\n<div data-page-id=\"LRknfa6Whd4DWCcUc0FcNKpJnyh\" data-lark-html-role=\"root\" data-docx-has-block-data=\"false\">\n<div data-page-id=\"LRknfa6Whd4DWCcUc0FcNKpJnyh\" data-lark-html-role=\"root\" data-docx-has-block-data=\"false\">\n<div data-page-id=\"XFRAfkcOEdRWh8cArQ2cJdyRnJf\" data-lark-html-role=\"root\" data-docx-has-block-data=\"true\">\n<div data-page-id=\"OQ3bfjnRddMTDGcC3ouc6xFKnWf\" data-lark-html-role=\"root\" data-docx-has-block-data=\"true\">\n<div data-page-id=\"J0iGfj1hEdjc4rcUdSmc4spMnmZ\" data-lark-html-role=\"root\" data-docx-has-block-data=\"false\">\n<div data-page-id=\"P1o7fFyNlduP8tcfZpQcagzbnIf\" data-lark-html-role=\"root\" data-docx-has-block-data=\"false\">\n<div class=\"ace-line ace-line old-record-id-P1o7fFyNlduP8tcfZpQcagzbnIf\">\n<div data-page-id=\"P1o7fFyNlduP8tcfZpQcagzbnIf\" data-lark-html-role=\"root\" data-docx-has-block-data=\"false\">\n<div data-page-id=\"U4iufW38SdttWKcTstMcTtHRnXc\" data-lark-html-role=\"root\" data-docx-has-block-data=\"true\">\n<div data-page-id=\"ONVMf7VTWddcFtcyATOchCJHnZb\" data-lark-html-role=\"root\" data-docx-has-block-data=\"true\">\n<div data-page-id=\"KoW2fSy0PdLHFlc5kSHcgvWMnYg\" data-lark-html-role=\"root\" data-docx-has-block-data=\"false\">\n<div data-page-id=\"KoW2fSy0PdLHFlc5kSHcgvWMnYg\" data-lark-html-role=\"root\" data-docx-has-block-data=\"false\">\n<div data-page-id=\"OLGhfzxC7d7EFIcLEj9cRT5ynZf\" data-lark-html-role=\"root\" data-docx-has-block-data=\"false\">\n<h2 class=\"ace-line ace-line old-record-id-OLGhfzxC7d7EFIcLEj9cRT5ynZf\">VAPME Crystal 20000 Puff Caratteristiche Principali<\/h2>\n<div class=\"ace-line ace-line old-record-id-Oceqf00ixdiPN4cXJ5ecZhGFnRd\">\n<p>VAPME Crystal 20000 Puff si distingue come un cambiamento di gioco, fondendo tecnologia all'avanguardia con un'ampia gamma di deliziosi sapori doppi. Progettato sia per i vapers occasionali che per gli appassionati in cerca di soddisfazione duratura, questo dispositivo combina portabilit\u00e0, prestazioni e innovazione del sapore in un unico pacchetto elegante.<\/p>\n<p><img decoding=\"async\" class=\"wp-image-4338 size-full\" title=\"VAPME Crystal 20000 Puff\" src=\"https:\/\/oiovape.com\/wp-content\/uploads\/2026\/01\/VAPME-Crystal-20000-Puff-scaled.png\" alt=\"VAPME Crystal 20000 Puff\" width=\"2560\" height=\"1435\" srcset=\"https:\/\/oiovape.com\/wp-content\/uploads\/2026\/01\/VAPME-Crystal-20000-Puff-scaled.png 2560w, https:\/\/oiovape.com\/wp-content\/uploads\/2026\/01\/VAPME-Crystal-20000-Puff-300x168.png 300w, https:\/\/oiovape.com\/wp-content\/uploads\/2026\/01\/VAPME-Crystal-20000-Puff-1024x574.png 1024w, https:\/\/oiovape.com\/wp-content\/uploads\/2026\/01\/VAPME-Crystal-20000-Puff-768x430.png 768w, https:\/\/oiovape.com\/wp-content\/uploads\/2026\/01\/VAPME-Crystal-20000-Puff-1536x861.png 1536w, https:\/\/oiovape.com\/wp-content\/uploads\/2026\/01\/VAPME-Crystal-20000-Puff-2048x1148.png 2048w, https:\/\/oiovape.com\/wp-content\/uploads\/2026\/01\/VAPME-Crystal-20000-Puff-1200x673.png 1200w, https:\/\/oiovape.com\/wp-content\/uploads\/2026\/01\/VAPME-Crystal-20000-Puff-150x84.png 150w\" sizes=\"(max-width: 2560px) 100vw, 2560px\" \/><\/p>\n<div data-page-id=\"OLGhfzxC7d7EFIcLEj9cRT5ynZf\" data-lark-html-role=\"root\" data-docx-has-block-data=\"false\">\n<h3 class=\"heading-2 ace-line old-record-id-A4vjf5VXidwypCcCn1dcxrx3nNh\">Caratteristiche Chiave che Ridefiniscono Convenienza e Prestazioni<\/h3>\n<div class=\"ace-line ace-line old-record-id-HwU4fGviidFQ7Mc3yCfcP4LBnBf\">VAPME Crystal 20000 Puff non riguarda solo un grande sapore: \u00e8 costruito per offrire un'esperienza di svapo senza soluzione di continuit\u00e0 e affidabile dall'inizio alla fine. Ogni componente \u00e8 progettato tenendo a mente la comodit\u00e0 dell'utente e le prestazioni, garantendo che tu possa ottenere il massimo da ogni tiro.<\/div>\n<h4 class=\"heading-3 ace-line old-record-id-Orz6fhLcOdEyykcGN37ci7FdnKf\">Tiri di Lunga Durata &amp; Ampia Capacit\u00e0 di E-Liquid<\/h4>\n<div class=\"ace-line ace-line old-record-id-M0gKfExM6dy7h1cAdMXcByvPndd\">Con oltre 20.000 tiri per dispositivo, VAPME Crystal 20000 Puff elimina il fastidio delle sostituzioni frequenti. La capacit\u00e0 di 20 mL di e-liquid assicura che tu possa goderti i tuoi sapori preferiti per periodi prolungati, sia che tu sia in movimento o ti stia rilassando a casa. Niente pi\u00f9 esaurimento del liquido a met\u00e0 giornata: questo dispositivo tiene il passo con il tuo stile di vita.<\/div>\n<h4 class=\"heading-3 ace-line old-record-id-MPQafGT5KdhflfcnbYLcl2l2nNh\">Batteria Potente &amp; Ricarica Veloce<\/h4>\n<div class=\"ace-line ace-line old-record-id-FP3mfYxw6dzYURcEZy8cDwxYn4g\">Dotato di una batteria ricaricabile da 700 mAh e di una ricarica Type-C, questo vape offre potenza costante senza attese. La porta Type-C assicura una ricarica rapida e conveniente, cos\u00ec puoi ricaricare la batteria rapidamente e tornare a svapare. D\u00ec addio ai dispositivi usa e getta che si esauriscono prematuramente: VAPME Crystal 20000 Puff continua a funzionare quando ne hai pi\u00f9 bisogno.<\/div>\n<h4 class=\"heading-3 ace-line old-record-id-XH4CfZBMwdJXQDcUNbTcfXbHnMg\">Coil Premium &amp; Consegna di Nicotina Fluida<\/h4>\n<div class=\"ace-line ace-line old-record-id-DZO4fWVSLdP3U2cFEQ2c7P7MnLe\">La coil in mesh da 1,0 ohm \u00e8 progettata per riscaldare l'e-liquid in modo uniforme, producendo vapore liscio e saporito ad ogni tiro. Con una forza di nicotina di 2%, offre un colpo soddisfacente che bilancia piacere e comfort, rendendolo adatto ai vapers che preferiscono un'esperienza di nicotina moderata. La coil in mesh assicura anche prestazioni costanti, prevenendo sapori bruciati e produzione di vapore irregolare.<\/div>\n<h4 class=\"heading-3 ace-line old-record-id-CDOJfC1fGd7kYZcy7oqcX9kxnRg\">Design Leggero &amp; Portatile<\/h4>\n<div class=\"ace-line ace-line old-record-id-EeyVfHbAFdJUsEcD6IDcjNZrnab\">Progettato per l'uso in movimento, VAPME Crystal 20000 Puff presenta un design leggero e compatto. Inseriscilo nella tua tasca, borsa o zaino senza aggiungere ingombro: perfetto per i pendolari, i viaggi o le commissioni quotidiane. Il design elegante non compromette la durata, quindi puoi fare affidamento su di esso ovunque ti porti la giornata.<\/div>\n<h3 class=\"heading-2 ace-line old-record-id-AEfxfyiSudNDUHcWLJPcdll8nAb\">Tecnologia del Doppio Sapore: Una Sinfonia di Gusti<\/h3>\n<div class=\"ace-line ace-line old-record-id-TTcXfDSOUdp2cBc93cWcG5DFnlb\">Ci\u00f2 che distingue veramente VAPME Crystal 20000 Puff \u00e8 la sua Tecnologia del Doppio Sapore. Ogni dispositivo combina due sapori complementari, creando un'esperienza di svapo unica e stratificata che tiene impegnate le tue papille gustative. Con 20 combinazioni di sapori accuratamente create tra cui scegliere, c'\u00e8 qualcosa per ogni palato: da fruttato e rinfrescante a dolce e indulgente.<\/div>\n<h4 class=\"heading-3 ace-line old-record-id-TMv7fpiDBd0T5ucYhEdcARPAn8b\">Esplora l'Intera Linea di Gusti<\/h4>\n<div class=\"ace-line ace-line old-record-id-BwCEfifdBdM8yZceYLwcPsTtnOf\">Ogni accoppiamento di sapori \u00e8 progettato per mettere in evidenza il meglio di entrambi i mondi, con gusti audaci e autentici che si distinguono. Ecco l'intera gamma di 20 sapori doppi:<\/div>\n<ol class=\"list-number1\" start=\"1\">\n<li class=\"ace-line ace-line old-record-id-M4eOfiUcPdCVmLcY1StcuW0Incd\" data-list=\"number\">\n<div>Mirtillo, Lampone &amp; Ghiaccio di Anguria<\/div>\n<\/li>\n<li class=\"ace-line ace-line old-record-id-DY9hfD5Z2dQdHec2rFecjDDjnyb\" data-list=\"number\">\n<div>Fragola, Anguria &amp; Melone alla Frutta della Passione<\/div>\n<\/li>\n<li class=\"ace-line ace-line old-record-id-SU4RfdEObdh8rlcz0Txc74FznAe\" data-list=\"number\">\n<div>Ghiaccio di Ciliegia &amp; Limonata al Lampone Blu<\/div>\n<\/li>\n<li class=\"ace-line ace-line old-record-id-DxiZf4uKQdVvbmctOfFcIu4wnQe\" data-list=\"number\">\n<div>Uva Ghiacciata e Kiwi di Fragola<\/div>\n<\/li>\n<li class=\"ace-line ace-line old-record-id-X7WefLOV8dAJ5NcP7mVcngXHn9m\" data-list=\"number\">\n<div>Fragola, Banana &amp; Mela Doppia<\/div>\n<\/li>\n<li class=\"ace-line ace-line old-record-id-PHykfN8osdkvY1cDZbUc6Jumnqb\" data-list=\"number\">\n<div>Ghiaccio di Frutti Misti &amp; Pesca, Mango, Ananas<\/div>\n<\/li>\n<li class=\"ace-line ace-line old-record-id-QqXzfSfGEdQDIqcmUHCcSxObn6b\" data-list=\"number\">\n<div>Ghiaccio di Fragola &amp; Ghiaccio di Kiwi e Anguria<\/div>\n<\/li>\n<li class=\"ace-line ace-line old-record-id-F4WhfXnbtdsTZxcC308ctW0mnre\" data-list=\"number\">\n<div>Bevanda Energetica &amp; Cola di Ciliegia<\/div>\n<\/li>\n<li class=\"ace-line ace-line old-record-id-L6lzfXclvdJvNsc1WppckOCHnlv\" data-list=\"number\">\n<div>Caramella di Fragola e Lampone &amp; Ghiaccio di Pesca<\/div>\n<\/li>\n<li class=\"ace-line ace-line old-record-id-QTj8fdpoAdFC5ScJqCtcxMQIn3e\" data-list=\"number\">\n<div>Fragola, Mango &amp; Kiwi, Frutto della Passione, Guava<\/div>\n<\/li>\n<li class=\"ace-line ace-line old-record-id-UEi2fa0veddz95c2VNhcFJX6ncO\" data-list=\"number\">\n<div>Punch di Frutta Tropicale &amp; Fragola, Uva<\/div>\n<\/li>\n<li class=\"ace-line ace-line old-record-id-O8sWfT49kd76wycKqDmcVeMFnPj\" data-list=\"number\">\n<div>Gomma da Masticare alla Fragola e Anguria &amp; Ciliegia, Frutti di Bosco<\/div>\n<\/li>\n<li class=\"ace-line ace-line old-record-id-HhqlfqhwUdQtCWcg3GOcko4Onud\" data-list=\"number\">\n<div>Mr Blue &amp; Lady Killa<\/div>\n<\/li>\n<li class=\"ace-line ace-line old-record-id-CW4xfEAehdGuzocFfk4ctChCn2b\" data-list=\"number\">\n<div>Toro di Anguria &amp; Ghiaccio di Ananas e Kiwi<\/div>\n<\/li>\n<li class=\"ace-line ace-line old-record-id-TfrSf2zIXdgoL1cd4QfccMYFnuc\" data-list=\"number\">\n<div>Ghiaccio di Fragola e Frutto del Drago &amp; Limone di Anguria<\/div>\n<\/li>\n<li class=\"ace-line ace-line old-record-id-X0cpfru37daJwXclQHDc5M5znOd\" data-list=\"number\">\n<div>Ghiaccio di Melone Triplo &amp; Mirtillo, Lampone, Pesca<\/div>\n<\/li>\n<li class=\"ace-line ace-line old-record-id-FbaYfUAq0d0qBvcFw3zcTVsYnwb\" data-list=\"number\">\n<div>Ghiaccio di Fragola e Mirtillo &amp; Ghiaccio di Banana<\/div>\n<\/li>\n<li class=\"ace-line ace-line old-record-id-RqyJfNbQddE87icxP5acanU3ncI\" data-list=\"number\">\n<div>Skittle di Anguria &amp; Orsetto di Gomma alla Fragola<\/div>\n<\/li>\n<li class=\"ace-line ace-line old-record-id-LcRnfpoUDdPYzAc2TswcwBJpnSh\" data-list=\"number\">\n<div>Ciliegia Frizzante &amp; Limone &amp; Lime<\/div>\n<\/li>\n<li class=\"ace-line ace-line old-record-id-NwTLfXQYAd0mJpcHKdFcf9cfnKb\" data-list=\"number\">\n<div>Fragola Red Bull &amp; Ghiaccio di Drago Nero<\/div>\n<\/li>\n<\/ol>\n<div class=\"ace-line ace-line old-record-id-VhDwfAEokd8C1Dcd4ZncJ7xWndD\">Dalle note fresche e croccanti del ghiaccio di anguria abbinate al dolce lampone di mirtillo, alla miscela tropicale di pesca, mango, ananas e ghiaccio di frutti misti, ogni combinazione di sapori offre un viaggio unico per le tue papille gustative. Che tu desideri qualcosa di fruttato, ghiacciato o dolce, VAPME Crystal 20000 Puff ha ci\u00f2 che fa per te.<\/div>\n<h3 class=\"heading-2 ace-line old-record-id-TL9nfI6J5dq3fKcSD2sckWWinlg\">Domande e Risposte: Tutto Ci\u00f2 che Devi Sapere<\/h3>\n<p class=\"heading-3 ace-line old-record-id-C8X8fuX4adFhMWcF4uScY2I2nbh\"><strong>D: Quanto dura un dispositivo VAPME Crystal 20000 Puff?<\/strong><\/p>\n<div class=\"ace-line ace-line old-record-id-FfcGfIl4XdftuucmTthcAdOJnxe\">R: Con oltre 20000 tiri, la durata del dispositivo dipende dalla tua frequenza di svapo. Per i vapers occasionali, pu\u00f2 durare diverse settimane, mentre i vapers pesanti possono utilizzarlo per 1-2 settimane. La capacit\u00e0 di 20 mL di e-liquid e la batteria ricaricabile assicurano che tu possa ottenere i pieni 20000+ tiri prima di aver bisogno di una sostituzione.<\/div>\n<p class=\"heading-3 ace-line old-record-id-BqNSfFLZqdgrfWcToJgcHkIOngd\"><strong>D: \u00c8 il dispositivo facile da usare per i principianti?<\/strong><\/p>\n<div class=\"ace-line ace-line old-record-id-UblsfHay0dqDQlcGv0xccGkdnZe\">R: S\u00ec! VAPME Crystal 20000 PUFFS \u00e8 un dispositivo usa e getta, quindi non \u00e8 necessaria alcuna configurazione. Basta disimballarlo, fare un tiro e godere. La ricarica Type-C \u00e8 semplice: basta collegare il cavo quando la batteria \u00e8 bassa. \u00c8 perfetto per i principianti che vogliono un'esperienza di svapo senza problemi.<\/div>\n<p class=\"heading-3 ace-line old-record-id-Zos1fX6aedSPsUcfEMKcNv2snyf\"><strong>D: Cosa rende speciale la Tecnologia del Doppio Sapore?<\/strong><\/p>\n<div class=\"ace-line ace-line old-record-id-Lgh5f7YYQdaWivcoZsTcpnoBnPc\">R: A differenza dei tradizionali vape a sapore singolo, la Tecnologia del Doppio Sapore combina due sapori distinti che si completano a vicenda. Questo crea un'esperienza di gusto stratificata: sentirai entrambi i sapori simultaneamente, senza che uno dei due sovrasti l'altro. \u00c8 una variazione unica che aggiunge eccitazione a ogni tiro.<\/div>\n<\/div>\n<\/div>\n<\/div>\n<\/div>\n<\/div>\n<\/div>\n<\/div>\n<\/div>\n<\/div>\n<\/div>\n<\/div>\n<\/div>\n<\/div>\n<\/div>\n<\/div>\n<\/div>\n<\/div>\n<\/div>\n<\/div>\n<\/div>\n<\/div>\n<\/div>\n<\/div>\n<\/div>\n<\/div>\n<\/div>\n<\/div>\n<\/div>\n<\/div>\n<\/div>\n<\/div>\n<\/div>\n<\/div>\n<\/div>\n<\/div>\n<\/div>\n<\/div>\n<\/div>\n<\/div>\n<\/div>\n<\/div>\n<\/div>\n<\/div>\n<\/div>\n<\/div>\n<\/div>\n<\/div>\n<\/div>\n<\/div>\n<\/div>","protected":false},"excerpt":{"rendered":"<div data-page-id=\"RAopf2sw9dtvw4cWYXpcTwo0n8g\" data-lark-html-role=\"root\" data-docx-has-block-data=\"false\">\n<div class=\"ace-line ace-line old-record-id-Uju9f3RXYd8dh2crAJbcBF3Un6M\">VAPME Crystal 20000 Puffs brilla con la Tecnologia a Doppio Gusto e 20 abbinamenti gustosi. Contiene 20mL di e-liquid, una batteria ricaricabile Type-C da 700mAh e una coil in mesh da 1.0 ohm. Leggero e portatile, offre oltre 20000 tiri con 2% di nicotina per un'esperienza di svapo liscia e soddisfacente.<\/div>\n<\/div>","protected":false},"featured_media":4339,"comment_status":"open","ping_status":"closed","template":"","meta":{"_acf_changed":false,"inline_featured_image":false,"_sitemap_exclude":false,"_sitemap_priority":"","_sitemap_frequency":""},"product_brand":[96],"product_cat":[81,239,249],"product_tag":[],"class_list":{"0":"post-4327","1":"product","2":"type-product","3":"status-publish","4":"has-post-thumbnail","6":"product_brand-vapme","7":"product_cat-vapme-puff","8":"product_cat-disposable-vape-collection","9":"product_cat-20k-puffs","11":"first","12":"instock","13":"sale","14":"shipping-taxable","15":"purchasable","16":"product-type-variable","17":"has-default-attributes"},"acf":[],"tiered_pricing_type":"fixed","tiered_pricing_fixed_rules":{"30":8.86,"60":7.99,"100":7.45,"200":6.99},"tiered_pricing_product_settings":{"layout":"default","base_unit_name":{"singular":null,"plural":null},"default_variation":null},"tiered_pricing_minimum_quantity":10,"tiered_pricing_roles_data":[],"tiered_pricing_percentage_rules":[],"tiered_pricing_maximum_quantity":null,"tiered_pricing_quantity_step":"10","_links":{"self":[{"href":"https:\/\/oiovape.com\/it\/wp-json\/wp\/v2\/product\/4327","targetHints":{"allow":["GET"]}}],"collection":[{"href":"https:\/\/oiovape.com\/it\/wp-json\/wp\/v2\/product"}],"about":[{"href":"https:\/\/oiovape.com\/it\/wp-json\/wp\/v2\/types\/product"}],"replies":[{"embeddable":true,"href":"https:\/\/oiovape.com\/it\/wp-json\/wp\/v2\/comments?post=4327"}],"version-history":[{"count":0,"href":"https:\/\/oiovape.com\/it\/wp-json\/wp\/v2\/product\/4327\/revisions"}],"wp:featuredmedia":[{"embeddable":true,"href":"https:\/\/oiovape.com\/it\/wp-json\/wp\/v2\/media\/4339"}],"wp:attachment":[{"href":"https:\/\/oiovape.com\/it\/wp-json\/wp\/v2\/media?parent=4327"}],"wp:term":[{"taxonomy":"product_brand","embeddable":true,"href":"https:\/\/oiovape.com\/it\/wp-json\/wp\/v2\/product_brand?post=4327"},{"taxonomy":"product_cat","embeddable":true,"href":"https:\/\/oiovape.com\/it\/wp-json\/wp\/v2\/product_cat?post=4327"},{"taxonomy":"product_tag","embeddable":true,"href":"https:\/\/oiovape.com\/it\/wp-json\/wp\/v2\/product_tag?post=4327"}],"curies":[{"name":"wp","href":"https:\/\/api.w.org\/{rel}","templated":true}]}}