{"id":4452,"date":"2026-01-14T02:19:18","date_gmt":"2026-01-14T02:19:18","guid":{"rendered":"https:\/\/oiovape.com\/?post_type=product&#038;p=4452"},"modified":"2026-02-04T14:44:35","modified_gmt":"2026-02-04T06:44:35","slug":"vapme-crtsral-30000-puffs","status":"publish","type":"product","link":"https:\/\/oiovape.com\/it\/product\/vapme-crtsral-30000-puffs\/","title":{"rendered":"VAPME CRTSRAL 30000 PUFFS 0%-5% Nicotina 30mL Capacit\u00e0 E-liquid MTL Vape Con Carica Batteria"},"content":{"rendered":"<div data-page-id=\"ZVeMfq8uxd7y1ycuKm5cym4LnYd\" data-lark-html-role=\"root\" data-docx-has-block-data=\"false\">\n<div data-page-id=\"Fd41fZ5N9dzRQtcRNoVc2FuDnCh\" data-lark-html-role=\"root\" data-docx-has-block-data=\"true\">\n<div data-page-id=\"BdIJfeeijdk1eucGpS8cDCBBn5c\" data-lark-html-role=\"root\" data-docx-has-block-data=\"false\">\n<div data-page-id=\"Zbg9fWx77dUuh2cIYpic25c8nyd\" data-lark-html-role=\"root\" data-docx-has-block-data=\"false\">\n<div data-page-id=\"KaIvfiurhdlCKdc0kyxcX64cnE6\" data-lark-html-role=\"root\" data-docx-has-block-data=\"true\">\n<div data-page-id=\"PbvFfqxqlddUTScRpEYcY5MHnpf\" data-lark-html-role=\"root\" data-docx-has-block-data=\"true\">\n<div data-page-id=\"GZO2f5JeudwY4jc9iJtcdk9Hnxh\" data-lark-html-role=\"root\" data-docx-has-block-data=\"false\">\n<div data-page-id=\"EZVRf2acFduXLGcseZFc4qH2n6e\" data-lark-html-role=\"root\" data-docx-has-block-data=\"false\">\n<div data-page-id=\"B8rHfcqlqdzmH5cCWCncz17Cntb\" data-lark-html-role=\"root\" data-docx-has-block-data=\"false\">\n<div data-page-id=\"B8rHfcqlqdzmH5cCWCncz17Cntb\" data-lark-html-role=\"root\" data-docx-has-block-data=\"false\">\n<div data-page-id=\"B8rHfcqlqdzmH5cCWCncz17Cntb\" data-lark-html-role=\"root\" data-docx-has-block-data=\"true\">\n<div data-page-id=\"HM70f1aoxdD0bMcxJZBcVc7ynZd\" data-lark-html-role=\"root\" data-docx-has-block-data=\"false\">\n<div data-page-id=\"NSrJfN7Ord22i0c1iwZcsF8yn8b\" data-lark-html-role=\"root\" data-docx-has-block-data=\"false\">\n<div data-page-id=\"RXEff4Mskds8o1cqL5HcGEtUnCh\" data-lark-html-role=\"root\" data-docx-has-block-data=\"false\">\n<div data-page-id=\"KJ7gfqkVndMSRJcMseScmvYwnTc\" data-lark-html-role=\"root\" data-docx-has-block-data=\"false\">\n<div class=\"ace-line ace-line old-record-id-QADAfETPudgmudc05YvcTO5fnxe\">\n<div data-page-id=\"KJ7gfqkVndMSRJcMseScmvYwnTc\" data-lark-html-role=\"root\" data-docx-has-block-data=\"false\">\n<div class=\"ace-line ace-line old-record-id-JoRkfpho8dOkiacEOascDyCOncb\">\n<div data-page-id=\"KJ7gfqkVndMSRJcMseScmvYwnTc\" data-lark-html-role=\"root\" data-docx-has-block-data=\"false\">\n<div data-page-id=\"Ju6ofQ3V4dGmePcVvJvc1gmcnZb\" data-lark-html-role=\"root\" data-docx-has-block-data=\"true\">\n<div data-page-id=\"PR9ife5PLdFabccbFgZcWgZOnTc\" data-lark-html-role=\"root\" data-docx-has-block-data=\"false\">\n<div data-page-id=\"INdrfOIGzdaenXcptrcc1BcznQc\" data-lark-html-role=\"root\" data-docx-has-block-data=\"false\">\n<div class=\"ace-line ace-line old-record-id-P0fIf4YaZdoGkbcxt5ackec2nnb\">\n<div data-page-id=\"INdrfOIGzdaenXcptrcc1BcznQc\" data-lark-html-role=\"root\" data-docx-has-block-data=\"false\">\n<div data-page-id=\"MAzCfUB73dMTQscm8eWcougVn1g\" data-lark-html-role=\"root\" data-docx-has-block-data=\"true\">\n<div data-page-id=\"AXfpf7H1odhDvGcKoUOcErN8nV7\" data-lark-html-role=\"root\" data-docx-has-block-data=\"false\">\n<div data-page-id=\"QYTKf5PvLdUNdbce2nBcW9yfnrh\" data-lark-html-role=\"root\" data-docx-has-block-data=\"false\">\n<div data-page-id=\"Pvu1f1CCBdxbjncA9pgcBTpanph\" data-lark-html-role=\"root\" data-docx-has-block-data=\"true\">\n<div data-page-id=\"Axf3fcmY8dDAhtcjVircBcphnPc\" data-lark-html-role=\"root\" data-docx-has-block-data=\"false\">\n<div data-page-id=\"KKj1f9SPmdLhhMc5E2AcNlLen6f\" data-lark-html-role=\"root\" data-docx-has-block-data=\"true\">\n<div data-page-id=\"Rx61fK1sJdXHjPcBuhZcweNhnwc\" data-lark-html-role=\"root\" data-docx-has-block-data=\"false\">\n<div data-page-id=\"L1H9fkG9Mdz45Fcy4WMc5VKXnRe\" data-lark-html-role=\"root\" data-docx-has-block-data=\"false\">\n<div data-page-id=\"L1H9fkG9Mdz45Fcy4WMc5VKXnRe\" data-lark-html-role=\"root\" data-docx-has-block-data=\"false\">\n<div data-page-id=\"D4XLfVBVrdE8mrcaYizczklLnaf\" data-lark-html-role=\"root\" data-docx-has-block-data=\"false\">\n<div data-page-id=\"WVcifIY44d5mhMcXtyEcTsfenGd\" data-lark-html-role=\"root\" data-docx-has-block-data=\"true\">\n<div data-page-id=\"LRknfa6Whd4DWCcUc0FcNKpJnyh\" data-lark-html-role=\"root\" data-docx-has-block-data=\"false\">\n<div data-page-id=\"LRknfa6Whd4DWCcUc0FcNKpJnyh\" data-lark-html-role=\"root\" data-docx-has-block-data=\"false\">\n<div data-page-id=\"XFRAfkcOEdRWh8cArQ2cJdyRnJf\" data-lark-html-role=\"root\" data-docx-has-block-data=\"true\">\n<div data-page-id=\"OQ3bfjnRddMTDGcC3ouc6xFKnWf\" data-lark-html-role=\"root\" data-docx-has-block-data=\"true\">\n<div data-page-id=\"J0iGfj1hEdjc4rcUdSmc4spMnmZ\" data-lark-html-role=\"root\" data-docx-has-block-data=\"false\">\n<div data-page-id=\"P1o7fFyNlduP8tcfZpQcagzbnIf\" data-lark-html-role=\"root\" data-docx-has-block-data=\"false\">\n<div class=\"ace-line ace-line old-record-id-P1o7fFyNlduP8tcfZpQcagzbnIf\">\n<div data-page-id=\"P1o7fFyNlduP8tcfZpQcagzbnIf\" data-lark-html-role=\"root\" data-docx-has-block-data=\"false\">\n<div data-page-id=\"U4iufW38SdttWKcTstMcTtHRnXc\" data-lark-html-role=\"root\" data-docx-has-block-data=\"true\">\n<div data-page-id=\"ONVMf7VTWddcFtcyATOchCJHnZb\" data-lark-html-role=\"root\" data-docx-has-block-data=\"true\">\n<div data-page-id=\"KoW2fSy0PdLHFlc5kSHcgvWMnYg\" data-lark-html-role=\"root\" data-docx-has-block-data=\"false\">\n<div data-page-id=\"KoW2fSy0PdLHFlc5kSHcgvWMnYg\" data-lark-html-role=\"root\" data-docx-has-block-data=\"false\">\n<div data-page-id=\"OLGhfzxC7d7EFIcLEj9cRT5ynZf\" data-lark-html-role=\"root\" data-docx-has-block-data=\"false\">\n<div data-page-id=\"DdnnfrLjzdqrFIc9Il9c7pA2noc\" data-lark-html-role=\"root\" data-docx-has-block-data=\"true\">\n<div data-page-id=\"KNzcf2o0oddkJOcztTVcqPdlnth\" data-lark-html-role=\"root\" data-docx-has-block-data=\"false\">\n<div data-page-id=\"LBU7fg5SEdkWhecGJoxca3xvnCe\" data-lark-html-role=\"root\" data-docx-has-block-data=\"false\">\n<h2 class=\"ace-line ace-line old-record-id-LBU7fg5SEdkWhecGJoxca3xvnCe\">Introduzione al Prodotto VAPME CRTSRAL 30000 Puff<\/h2>\n<div class=\"ace-line ace-line old-record-id-HIGefhdhadSBI9cdqgkcyb5dnte\">\n<p>Il VAPME CRTSRAL 30000 Puff \u00e8 qui per superare le tue aspettative. Questo dispositivo 3-in-1 per i gusti si distingue per la sua impressionante durata della batteria, grande capacit\u00e0 di e-juice e tecnologia premium delle coil, il tutto offrendo 20 combinazioni di sapori uniche per soddisfare ogni preferenza di gusto. \ud83d\ude0a<\/p>\n<div data-page-id=\"LBU7fg5SEdkWhecGJoxca3xvnCe\" data-lark-html-role=\"root\" data-docx-has-block-data=\"true\">\n<h2 class=\"heading-2 ace-line old-record-id-P1QdfgmRAdNAkDcwy1ZcqzsZn6c\">Caratteristiche Chiave del VAPME CRTSRAL 30000 Puff<\/h2>\n<div class=\"ace-line ace-line old-record-id-EVmYfg547d3JpKcXnbkcAx0enth\">Il VAPME CRTSRAL 30000 Puff non riguarda solo i grandi sapori: \u00e8 progettato per offrire un'esperienza di svapo costante e soddisfacente. Ecco le sue specifiche principali, organizzate in modo ordinato per una facile consultazione:<\/div>\n<div>\n<table class=\"ace-table\" data-ace-table-col-widths=\"200;200\">\n<colgroup>\n<col width=\"200\" \/>\n<col width=\"200\" \/><\/colgroup>\n<thead>\n<tr>\n<th colspan=\"1\" rowspan=\"1\">\n<div class=\"ace-line ace-line old-record-id-IX1NfuTuSd4X2UcZLvPczeDDn0d\">Specifiche<\/div>\n<\/th>\n<th colspan=\"1\" rowspan=\"1\">\n<div class=\"ace-line ace-line old-record-id-ZOFIflSgudwfHVc62xecsBXKnce\">Dettagli<\/div>\n<\/th>\n<\/tr>\n<\/thead>\n<tbody>\n<tr>\n<td colspan=\"1\" rowspan=\"1\">\n<div class=\"ace-line ace-line old-record-id-EvkxfUKSadepOmcoQOtcqs4jnDc\">Batteria<\/div>\n<\/td>\n<td colspan=\"1\" rowspan=\"1\">\n<div class=\"ace-line ace-line old-record-id-RYmvfhFb6d94X2cOwJMcxMmBnYd\">650mAh con porta Type-C<\/div>\n<\/td>\n<\/tr>\n<tr>\n<td colspan=\"1\" rowspan=\"1\">\n<div class=\"ace-line ace-line old-record-id-G5QAfHto7dq1Jnc028xcaAXUnec\">Capacit\u00e0 di E-juice<\/div>\n<\/td>\n<td colspan=\"1\" rowspan=\"1\">\n<div class=\"ace-line ace-line old-record-id-HI2MfGbk6dIxilcqSv9cOyUIn1g\">30mL<\/div>\n<\/td>\n<\/tr>\n<tr>\n<td colspan=\"1\" rowspan=\"1\">\n<div class=\"ace-line ace-line old-record-id-Owtxf8uYSdI8yFcw9H1cXoOgnYG\">Resistenza<\/div>\n<\/td>\n<td colspan=\"1\" rowspan=\"1\">\n<div class=\"ace-line ace-line old-record-id-DqJLf3pHVd8k0ec7YZCcmDhinye\">coil in mesh da 0,6 ohm<\/div>\n<\/td>\n<\/tr>\n<tr>\n<td colspan=\"1\" rowspan=\"1\">\n<div class=\"ace-line ace-line old-record-id-HG9cfxK6rduijucqXqGc49hEnUh\">Puff<\/div>\n<\/td>\n<td colspan=\"1\" rowspan=\"1\">\n<div class=\"ace-line ace-line old-record-id-ZYnpf2WzSdi3eNcomkBcYnkrnGg\">30000+ puff<\/div>\n<\/td>\n<\/tr>\n<tr>\n<td colspan=\"1\" rowspan=\"1\">\n<div class=\"ace-line ace-line old-record-id-Kn6cfoLYhdaKhwcyUBVcKS2Pnse\">Forza della Nicotina<\/div>\n<\/td>\n<td colspan=\"1\" rowspan=\"1\">\n<div class=\"ace-line ace-line old-record-id-RvCAfTb0ud6egAcxU5ZcSX84nfb\">0% \/ 2% \/ 3% \/ 5%<\/div>\n<\/td>\n<\/tr>\n<tr>\n<td colspan=\"1\" rowspan=\"1\">\n<div class=\"ace-line ace-line old-record-id-H1yIfIVbWdneV6cLY4acgngJnOh\">Design Speciale<\/div>\n<\/td>\n<td colspan=\"1\" rowspan=\"1\">\n<div class=\"ace-line ace-line old-record-id-Zw6nfkGNMdHfLrcdxgscTjDGnKe\">Dispositivo per 3 gusti<\/div>\n<\/td>\n<\/tr>\n<\/tbody>\n<\/table>\n<\/div>\n<div class=\"ace-line ace-line old-record-id-KFROfz2lndYU21cTUJicVs8SnEe\">La batteria da 650mAh con ricarica Type-C garantisce che non rimarrai mai senza energia inaspettatamente, mentre la coil a maglia da 0,6 ohm riscalda l'e-juice in modo uniforme per un colpo morbido e saporito ogni volta. Con 30mL di e-juice, puoi goderti migliaia di puff senza ricariche frequenti, rendendolo perfetto per l'uso in movimento. \ud83d\ude80<\/div>\n<h2 class=\"heading-2 ace-line old-record-id-QhKFfReTQd8vJqcahZjc9nbgnmb\">Esplora le 20 Combinazioni di Sapori Squisite<\/h2>\n<div class=\"ace-line ace-line old-record-id-BshefCyJldFJO5cliMqcFSbhnsb\">Ci\u00f2 che distingue veramente il VAPME CRTSRAL 30000 Puff \u00e8 la sua ampia selezione di 20 miscele di sapori. Ogni combinazione presenta note attentamente bilanciate, da fruttate e ghiacciate a dolci e rinfrescanti. Di seguito \u00e8 riportato l'elenco completo dei sapori, con ogni parola in maiuscolo come richiesto:<\/div>\n<h3 class=\"heading-3 ace-line old-record-id-Tt8ofEHwadWgQ4cBuBtcqCc0nbb\">Sapori Fruttati &amp; Ghiacciati<\/h3>\n<div>\n<table class=\"ace-table\" data-ace-table-col-widths=\"200;200\">\n<colgroup>\n<col width=\"200\" \/>\n<col width=\"200\" \/><\/colgroup>\n<thead>\n<tr>\n<th colspan=\"1\" rowspan=\"1\">\n<div class=\"ace-line ace-line old-record-id-RH6gfi8q5d7LmQcmp3hcfiK8nkg\">No.<\/div>\n<\/th>\n<th colspan=\"1\" rowspan=\"1\">\n<div class=\"ace-line ace-line old-record-id-GjRZf3s2CdbknxcFZA3csuYmnvd\">Combinazione di Gusto<\/div>\n<\/th>\n<\/tr>\n<\/thead>\n<tbody>\n<tr>\n<td colspan=\"1\" rowspan=\"1\">\n<div class=\"ace-line ace-line old-record-id-Q9GvfYhoSdOji3c7KVHcHSFCnzh\">1<\/div>\n<\/td>\n<td colspan=\"1\" rowspan=\"1\">\n<div class=\"ace-line ace-line old-record-id-OArmf6hXwdQ6DfcnfDYcKP3knoc\">Mirtillo Lampone + Ghiacciato Anguria + Limona di Fragola<\/div>\n<\/td>\n<\/tr>\n<tr>\n<td colspan=\"1\" rowspan=\"1\">\n<div class=\"ace-line ace-line old-record-id-CCU6fTvALdn0c5cR9KwcloWrnHd\">2<\/div>\n<\/td>\n<td colspan=\"1\" rowspan=\"1\">\n<div class=\"ace-line ace-line old-record-id-N7clfSPmid9cC6cJF6FcA4dHnzb\">Fragola Anguria + Ghiacciato Melo di Frutto della Passione + Mirtillo Lampone<\/div>\n<\/td>\n<\/tr>\n<tr>\n<td colspan=\"1\" rowspan=\"1\">\n<div class=\"ace-line ace-line old-record-id-Y6WcfyAXydKguocxEiNcP246nle\">3<\/div>\n<\/td>\n<td colspan=\"1\" rowspan=\"1\">\n<div class=\"ace-line ace-line old-record-id-GMQRfhqvUdQCw6cEtWac8kqsnEb\">Ghiacciato Ciliegia + Limona Blu Razz + Ghiacciato Melo di Frutto della Passione<\/div>\n<\/td>\n<\/tr>\n<tr>\n<td colspan=\"1\" rowspan=\"1\">\n<div class=\"ace-line ace-line old-record-id-Jx4mfJU5ndyszacMgIMcHvEnn6d\">4<\/div>\n<\/td>\n<td colspan=\"1\" rowspan=\"1\">\n<div class=\"ace-line ace-line old-record-id-SrZYfP41HdselacIx89cTRUon2c\">Ghiacciato Uva + Fragola Kiwi + Mango Ananas Pesca<\/div>\n<\/td>\n<\/tr>\n<tr>\n<td colspan=\"1\" rowspan=\"1\">\n<div class=\"ace-line ace-line old-record-id-ExRafZDk9dS6QKcwut3cs9Jjndg\">5<\/div>\n<\/td>\n<td colspan=\"1\" rowspan=\"1\">\n<div class=\"ace-line ace-line old-record-id-WUuMfgepEdDVzZcdn5vcSkP8n4c\">Fragola Banana + Mezzo Mela + Ghiacciata Anguria<\/div>\n<\/td>\n<\/tr>\n<tr>\n<td colspan=\"1\" rowspan=\"1\">\n<div class=\"ace-line ace-line old-record-id-Gz7cfiSBhdDILtceRSycQ2BLnvg\">6<\/div>\n<\/td>\n<td colspan=\"1\" rowspan=\"1\">\n<div class=\"ace-line ace-line old-record-id-WF5RfRIQcdIg2WcaH2hcYYGJnMb\">Frutti Misti Ghiacciati + Mango Ananas Pesca + Ghiacciata Lampone Anguria<\/div>\n<\/td>\n<\/tr>\n<tr>\n<td colspan=\"1\" rowspan=\"1\">\n<div class=\"ace-line ace-line old-record-id-Gqzjf8BjidwWPHcNGCqcK1qlntb\">7<\/div>\n<\/td>\n<td colspan=\"1\" rowspan=\"1\">\n<div class=\"ace-line ace-line old-record-id-XQiDfCFhPdWhqicIGVAclarNnuf\">Ghiacciato Fragola + Ghiacciato Kiwi Anguria + Ghiacciato Ciliegia<\/div>\n<\/td>\n<\/tr>\n<\/tbody>\n<\/table>\n<\/div>\n<h3 class=\"heading-3 ace-line old-record-id-CqBkfxxgSdhCzIcakQecJ6dynVA\">Sapori Dolci &amp; Rinfrescanti<\/h3>\n<div>\n<table class=\"ace-table\" data-ace-table-col-widths=\"200;200\">\n<colgroup>\n<col width=\"200\" \/>\n<col width=\"200\" \/><\/colgroup>\n<thead>\n<tr>\n<th colspan=\"1\" rowspan=\"1\">\n<div class=\"ace-line ace-line old-record-id-Ulduf8MCSdilcfc9tHecZ9x4nqd\">No.<\/div>\n<\/th>\n<th colspan=\"1\" rowspan=\"1\">\n<div class=\"ace-line ace-line old-record-id-GIjmfEE15dGqxrcjR7sciul0nzf\">Combinazione di Gusto<\/div>\n<\/th>\n<\/tr>\n<\/thead>\n<tbody>\n<tr>\n<td colspan=\"1\" rowspan=\"1\">\n<div class=\"ace-line ace-line old-record-id-Oiq4fKfz2djCTXcKNZScKMWRncb\">8<\/div>\n<\/td>\n<td colspan=\"1\" rowspan=\"1\">\n<div class=\"ace-line ace-line old-record-id-PnGTf3b79dIOxAcOIjZcUt8SnJ0\">Red Bull + Coca Cola Ciliegia + Pesca Succosa<\/div>\n<\/td>\n<\/tr>\n<tr>\n<td colspan=\"1\" rowspan=\"1\">\n<div class=\"ace-line ace-line old-record-id-Oke6fCYuEdLr78cV1tSccjuUnMe\">9<\/div>\n<\/td>\n<td colspan=\"1\" rowspan=\"1\">\n<div class=\"ace-line ace-line old-record-id-UpPZfxSDVdfnp3cFDqocDa9Fnnb\">Caramella Fragola Lampone + Ghiacciato Pesca + Ghiacciato Kiwi Frutto della Passione Guava<\/div>\n<\/td>\n<\/tr>\n<tr>\n<td colspan=\"1\" rowspan=\"1\">\n<div class=\"ace-line ace-line old-record-id-Mb0AfsgkYdenXOcRMX7cQDNLnFh\">10<\/div>\n<\/td>\n<td colspan=\"1\" rowspan=\"1\">\n<div class=\"ace-line ace-line old-record-id-NXBxfVtgadzbnZcFNYQcg21EnNd\">Fragola Mango + Ghiacciato Kiwi Frutto della Passione Guava + Ghiacciata Anguria<\/div>\n<\/td>\n<\/tr>\n<tr>\n<td colspan=\"1\" rowspan=\"1\">\n<div class=\"ace-line ace-line old-record-id-SiUpfiUQUdXCHgc1SivcB4lQnnf\">11<\/div>\n<\/td>\n<td colspan=\"1\" rowspan=\"1\">\n<div class=\"ace-line ace-line old-record-id-GYESfGVPudptD1csHmPcnKnqnPd\">Punch di Frutta Tropicale + Fragola Uva + Limona Blu Razz<\/div>\n<\/td>\n<\/tr>\n<tr>\n<td colspan=\"1\" rowspan=\"1\">\n<div class=\"ace-line ace-line old-record-id-PLoHfN2KNdeEJCcFS7vc7ma3n5c\">12<\/div>\n<\/td>\n<td colspan=\"1\" rowspan=\"1\">\n<div class=\"ace-line ace-line old-record-id-HHRYfd9JLdPmhtc9WTTcuyvOnPe\">Gomma da Masticare Fragola Anguria + Ciliegia Berry + Ghiacciato Red Bull<\/div>\n<\/td>\n<\/tr>\n<\/tbody>\n<\/table>\n<\/div>\n<h3 class=\"heading-3 ace-line old-record-id-GN7IfgayAd7p0wcDH0ScqvZRnae\">Sapori Unici &amp; Audaci<\/h3>\n<div>\n<table class=\"ace-table\" data-ace-table-col-widths=\"200;200\">\n<colgroup>\n<col width=\"200\" \/>\n<col width=\"200\" \/><\/colgroup>\n<thead>\n<tr>\n<th colspan=\"1\" rowspan=\"1\">\n<div class=\"ace-line ace-line old-record-id-UAfXf6ZAndnNRkcP1BvcHUTJnSb\">No.<\/div>\n<\/th>\n<th colspan=\"1\" rowspan=\"1\">\n<div class=\"ace-line ace-line old-record-id-DGzEfKQvkdXRpgcL8TmcL2vZnie\">Combinazione di Gusto<\/div>\n<\/th>\n<\/tr>\n<\/thead>\n<tbody>\n<tr>\n<td colspan=\"1\" rowspan=\"1\">\n<div class=\"ace-line ace-line old-record-id-WJ3kfnP1AdvkXUcwkW3cQ3hNnnd\">13<\/div>\n<\/td>\n<td colspan=\"1\" rowspan=\"1\">\n<div class=\"ace-line ace-line old-record-id-EepIfzwE5dKDg8c43B7cte30nHg\">Mr Blue + Lady Killa + Love 66<\/div>\n<\/td>\n<\/tr>\n<tr>\n<td colspan=\"1\" rowspan=\"1\">\n<div class=\"ace-line ace-line old-record-id-UPeGfPxxldrXYdcX95ucyyWWnQk\">14<\/div>\n<\/td>\n<td colspan=\"1\" rowspan=\"1\">\n<div class=\"ace-line ace-line old-record-id-JTzOfryvWdjsbocgvNtcI6B9nCb\">Bull Anguria + Ghiacciato Kiwi Ananas + Ghiacciato Fragola<\/div>\n<\/td>\n<\/tr>\n<tr>\n<td colspan=\"1\" rowspan=\"1\">\n<div class=\"ace-line ace-line old-record-id-HAWOfSW9SdNaQacm0crcFoVBn4n\">15<\/div>\n<\/td>\n<td colspan=\"1\" rowspan=\"1\">\n<div class=\"ace-line ace-line old-record-id-ZdKCfy241dMjDecnBzGcIzpYnig\">Ghiacciato Fragola Drago + Limone Anguria + Punch di Frutta Tropicale<\/div>\n<\/td>\n<\/tr>\n<tr>\n<td colspan=\"1\" rowspan=\"1\">\n<div class=\"ace-line ace-line old-record-id-S4uAfRGrVdFvRhcnLHEcYJHUnie\">16<\/div>\n<\/td>\n<td colspan=\"1\" rowspan=\"1\">\n<div class=\"ace-line ace-line old-record-id-KK3Ff0Lwyd2oVJc0RcmcYsAmnfg\">Ghiacciato Triplo Melone + Ghiacciato Mirtillo Lampone Pesca + Ghiacciato Fragola<\/div>\n<\/td>\n<\/tr>\n<tr>\n<td colspan=\"1\" rowspan=\"1\">\n<div class=\"ace-line ace-line old-record-id-I1cGfZHv0dq1ODchRWncc8LlnGe\">17<\/div>\n<\/td>\n<td colspan=\"1\" rowspan=\"1\">\n<div class=\"ace-line ace-line old-record-id-XlnBfIhbrdNFp6cLJ9zcdcvNnph\">Ghiacciato Fragola Cranberry + Ghiacciato Banana + Frutti Misti<\/div>\n<\/td>\n<\/tr>\n<tr>\n<td colspan=\"1\" rowspan=\"1\">\n<div class=\"ace-line ace-line old-record-id-NxXLfHYLQdpIs6cHIRBcHQ7pnQc\">18<\/div>\n<\/td>\n<td colspan=\"1\" rowspan=\"1\">\n<div class=\"ace-line ace-line old-record-id-QPQIf3pbxd3fwIcynPNcy1h2n7d\">Skittle Anguria + Gomma da Masticare Fragola + Caramella Mirtillo Lampone<\/div>\n<\/td>\n<\/tr>\n<tr>\n<td colspan=\"1\" rowspan=\"1\">\n<div class=\"ace-line ace-line old-record-id-HbASfwbDqdaOKCcPXvRctpjbnZg\">19<\/div>\n<\/td>\n<td colspan=\"1\" rowspan=\"1\">\n<div class=\"ace-line ace-line old-record-id-VXvUfK7FWd7zlbc6AHKcwPZrnZe\">Ciliegia Frizzante + Limone&amp;Lime + Ghiacciato Mirtillo<\/div>\n<\/td>\n<\/tr>\n<tr>\n<td colspan=\"1\" rowspan=\"1\">\n<div class=\"ace-line ace-line old-record-id-MDBbfOCq5dfz03c2yE7cdmiCnVg\">20<\/div>\n<\/td>\n<td colspan=\"1\" rowspan=\"1\">\n<div class=\"ace-line ace-line old-record-id-ESB8fFb1vdd8ydcbBRccOECEnJb\">Fragola Red Bull + Ghiacciato Drago Nero + Ciliegia Berry<\/div>\n<\/td>\n<\/tr>\n<\/tbody>\n<\/table>\n<\/div>\n<h2 class=\"heading-2 ace-line old-record-id-VlN8fijfudm6b0ctbSucUqqOndB\">Perch\u00e9 Scegliere VAPME CRTSRAL 30000 Puff?<\/h2>\n<div class=\"ace-line ace-line old-record-id-PuNxfBjWTdrJDfchwYucE220ncf\">Questo dispositivo soddisfa tutte le esigenze sia dei vapers occasionali che degli appassionati. Il design 3-in-1 per i gusti ti consente di passare facilmente tra diversi sapori, eliminando la necessit\u00e0 di portare pi\u00f9 dispositivi. Le diverse intensit\u00e0 di nicotina (0% a 5%) soddisfano varie preferenze, che tu preferisca un'esperienza senza nicotina o un colpo pi\u00f9 forte.<\/div>\n<div class=\"ace-line ace-line old-record-id-Bp7ufePe2dKXGJcoIU5cNy5lnud\">La costruzione durevole e le prestazioni affidabili lo rendono un ottimo compagno per l'uso quotidiano. Inoltre, con 20 sapori accuratamente realizzati, non ti annoierai mai\u2014dalla freschezza delle bacche ghiacciate alla dolcezza delle miscele ispirate ai dolci, c'\u00e8 qualcosa per tutti. \ud83c\udf1f<\/div>\n<\/div>\n<\/div>\n<\/div>\n<\/div>\n<\/div>\n<\/div>\n<\/div>\n<\/div>\n<\/div>\n<\/div>\n<\/div>\n<\/div>\n<\/div>\n<\/div>\n<\/div>\n<\/div>\n<\/div>\n<\/div>\n<\/div>\n<\/div>\n<\/div>\n<\/div>\n<\/div>\n<\/div>\n<\/div>\n<\/div>\n<\/div>\n<\/div>\n<\/div>\n<\/div>\n<\/div>\n<\/div>\n<\/div>\n<\/div>\n<\/div>\n<\/div>\n<\/div>\n<\/div>\n<\/div>\n<\/div>\n<\/div>\n<\/div>\n<\/div>\n<\/div>\n<\/div>\n<\/div>\n<\/div>\n<\/div>\n<\/div>\n<\/div>\n<\/div>\n<\/div>\n<\/div>","protected":false},"excerpt":{"rendered":"<div data-page-id=\"RAopf2sw9dtvw4cWYXpcTwo0n8g\" data-lark-html-role=\"root\" data-docx-has-block-data=\"false\">\n<div class=\"ace-line ace-line old-record-id-Uju9f3RXYd8dh2crAJbcBF3Un6M\">Il VAPME CRTSRAL 30000 Puffs \u00e8 un vape 3-in-1 con 20 miscele squisite, che spaziano da gusti fruttati e ghiacciati a sapori dolci e audaci. Vanta una batteria Type-C da 650mAh, una capacit\u00e0 di 30mL, una coil in mesh da 0,6\u03a9 e opzioni di nicotina 0%-5%, offrendo colpi costanti e soddisfacenti per i vapers in movimento.<\/div>\n<\/div>","protected":false},"featured_media":4454,"comment_status":"open","ping_status":"closed","template":"","meta":{"_acf_changed":false,"inline_featured_image":false,"_sitemap_exclude":false,"_sitemap_priority":"","_sitemap_frequency":""},"product_brand":[96],"product_cat":[81,239,264],"product_tag":[],"class_list":{"0":"post-4452","1":"product","2":"type-product","3":"status-publish","4":"has-post-thumbnail","6":"product_brand-vapme","7":"product_cat-vapme-puff","8":"product_cat-disposable-vape-collection","9":"product_cat-30k-puffs","11":"first","12":"instock","13":"sale","14":"shipping-taxable","15":"purchasable","16":"product-type-variable","17":"has-default-attributes"},"acf":[],"tiered_pricing_type":"fixed","tiered_pricing_fixed_rules":{"30":9.88,"60":7.37,"100":6.69,"200":6.36},"tiered_pricing_product_settings":{"layout":"default","base_unit_name":{"singular":null,"plural":null},"default_variation":null},"tiered_pricing_minimum_quantity":10,"tiered_pricing_roles_data":[],"tiered_pricing_percentage_rules":[],"tiered_pricing_maximum_quantity":null,"tiered_pricing_quantity_step":"10","_links":{"self":[{"href":"https:\/\/oiovape.com\/it\/wp-json\/wp\/v2\/product\/4452","targetHints":{"allow":["GET"]}}],"collection":[{"href":"https:\/\/oiovape.com\/it\/wp-json\/wp\/v2\/product"}],"about":[{"href":"https:\/\/oiovape.com\/it\/wp-json\/wp\/v2\/types\/product"}],"replies":[{"embeddable":true,"href":"https:\/\/oiovape.com\/it\/wp-json\/wp\/v2\/comments?post=4452"}],"version-history":[{"count":0,"href":"https:\/\/oiovape.com\/it\/wp-json\/wp\/v2\/product\/4452\/revisions"}],"wp:featuredmedia":[{"embeddable":true,"href":"https:\/\/oiovape.com\/it\/wp-json\/wp\/v2\/media\/4454"}],"wp:attachment":[{"href":"https:\/\/oiovape.com\/it\/wp-json\/wp\/v2\/media?parent=4452"}],"wp:term":[{"taxonomy":"product_brand","embeddable":true,"href":"https:\/\/oiovape.com\/it\/wp-json\/wp\/v2\/product_brand?post=4452"},{"taxonomy":"product_cat","embeddable":true,"href":"https:\/\/oiovape.com\/it\/wp-json\/wp\/v2\/product_cat?post=4452"},{"taxonomy":"product_tag","embeddable":true,"href":"https:\/\/oiovape.com\/it\/wp-json\/wp\/v2\/product_tag?post=4452"}],"curies":[{"name":"wp","href":"https:\/\/api.w.org\/{rel}","templated":true}]}}