{"id":5343,"date":"2026-01-17T03:44:22","date_gmt":"2026-01-17T03:44:22","guid":{"rendered":"https:\/\/oiovape.com\/?post_type=product&#038;p=5343"},"modified":"2026-02-10T11:14:41","modified_gmt":"2026-02-10T03:14:41","slug":"elf-world-ai-22000-puffs","status":"publish","type":"product","link":"https:\/\/oiovape.com\/it\/product\/elf-world-ai-22000-puffs\/","title":{"rendered":"Elf World AI 22000 PUFFS 650mAh Batteria Ricaricabile Smart Screen Sigaretta Elettronica Monouso"},"content":{"rendered":"<div data-page-id=\"ZVeMfq8uxd7y1ycuKm5cym4LnYd\" data-lark-html-role=\"root\" data-docx-has-block-data=\"false\">\n<div data-page-id=\"Fd41fZ5N9dzRQtcRNoVc2FuDnCh\" data-lark-html-role=\"root\" data-docx-has-block-data=\"true\">\n<div data-page-id=\"BdIJfeeijdk1eucGpS8cDCBBn5c\" data-lark-html-role=\"root\" data-docx-has-block-data=\"false\">\n<div data-page-id=\"Zbg9fWx77dUuh2cIYpic25c8nyd\" data-lark-html-role=\"root\" data-docx-has-block-data=\"false\">\n<div data-page-id=\"KaIvfiurhdlCKdc0kyxcX64cnE6\" data-lark-html-role=\"root\" data-docx-has-block-data=\"true\">\n<div data-page-id=\"PbvFfqxqlddUTScRpEYcY5MHnpf\" data-lark-html-role=\"root\" data-docx-has-block-data=\"true\">\n<div data-page-id=\"GZO2f5JeudwY4jc9iJtcdk9Hnxh\" data-lark-html-role=\"root\" data-docx-has-block-data=\"false\">\n<div data-page-id=\"EZVRf2acFduXLGcseZFc4qH2n6e\" data-lark-html-role=\"root\" data-docx-has-block-data=\"false\">\n<div data-page-id=\"B8rHfcqlqdzmH5cCWCncz17Cntb\" data-lark-html-role=\"root\" data-docx-has-block-data=\"false\">\n<div data-page-id=\"B8rHfcqlqdzmH5cCWCncz17Cntb\" data-lark-html-role=\"root\" data-docx-has-block-data=\"false\">\n<div data-page-id=\"B8rHfcqlqdzmH5cCWCncz17Cntb\" data-lark-html-role=\"root\" data-docx-has-block-data=\"true\">\n<div data-page-id=\"HM70f1aoxdD0bMcxJZBcVc7ynZd\" data-lark-html-role=\"root\" data-docx-has-block-data=\"false\">\n<div data-page-id=\"NSrJfN7Ord22i0c1iwZcsF8yn8b\" data-lark-html-role=\"root\" data-docx-has-block-data=\"false\">\n<div data-page-id=\"RXEff4Mskds8o1cqL5HcGEtUnCh\" data-lark-html-role=\"root\" data-docx-has-block-data=\"false\">\n<div data-page-id=\"KJ7gfqkVndMSRJcMseScmvYwnTc\" data-lark-html-role=\"root\" data-docx-has-block-data=\"false\">\n<div class=\"ace-line ace-line old-record-id-QADAfETPudgmudc05YvcTO5fnxe\">\n<div data-page-id=\"KJ7gfqkVndMSRJcMseScmvYwnTc\" data-lark-html-role=\"root\" data-docx-has-block-data=\"false\">\n<div class=\"ace-line ace-line old-record-id-JoRkfpho8dOkiacEOascDyCOncb\">\n<div data-page-id=\"KJ7gfqkVndMSRJcMseScmvYwnTc\" data-lark-html-role=\"root\" data-docx-has-block-data=\"false\">\n<div data-page-id=\"Ju6ofQ3V4dGmePcVvJvc1gmcnZb\" data-lark-html-role=\"root\" data-docx-has-block-data=\"true\">\n<div data-page-id=\"PR9ife5PLdFabccbFgZcWgZOnTc\" data-lark-html-role=\"root\" data-docx-has-block-data=\"false\">\n<div data-page-id=\"INdrfOIGzdaenXcptrcc1BcznQc\" data-lark-html-role=\"root\" data-docx-has-block-data=\"false\">\n<div class=\"ace-line ace-line old-record-id-P0fIf4YaZdoGkbcxt5ackec2nnb\">\n<div data-page-id=\"INdrfOIGzdaenXcptrcc1BcznQc\" data-lark-html-role=\"root\" data-docx-has-block-data=\"false\">\n<div data-page-id=\"MAzCfUB73dMTQscm8eWcougVn1g\" data-lark-html-role=\"root\" data-docx-has-block-data=\"true\">\n<div data-page-id=\"AXfpf7H1odhDvGcKoUOcErN8nV7\" data-lark-html-role=\"root\" data-docx-has-block-data=\"false\">\n<div data-page-id=\"QYTKf5PvLdUNdbce2nBcW9yfnrh\" data-lark-html-role=\"root\" data-docx-has-block-data=\"false\">\n<div data-page-id=\"Pvu1f1CCBdxbjncA9pgcBTpanph\" data-lark-html-role=\"root\" data-docx-has-block-data=\"true\">\n<div data-page-id=\"Axf3fcmY8dDAhtcjVircBcphnPc\" data-lark-html-role=\"root\" data-docx-has-block-data=\"false\">\n<div data-page-id=\"KKj1f9SPmdLhhMc5E2AcNlLen6f\" data-lark-html-role=\"root\" data-docx-has-block-data=\"true\">\n<div data-page-id=\"Rx61fK1sJdXHjPcBuhZcweNhnwc\" data-lark-html-role=\"root\" data-docx-has-block-data=\"false\">\n<div data-page-id=\"L1H9fkG9Mdz45Fcy4WMc5VKXnRe\" data-lark-html-role=\"root\" data-docx-has-block-data=\"false\">\n<div data-page-id=\"L1H9fkG9Mdz45Fcy4WMc5VKXnRe\" data-lark-html-role=\"root\" data-docx-has-block-data=\"false\">\n<div data-page-id=\"D4XLfVBVrdE8mrcaYizczklLnaf\" data-lark-html-role=\"root\" data-docx-has-block-data=\"false\">\n<div data-page-id=\"WVcifIY44d5mhMcXtyEcTsfenGd\" data-lark-html-role=\"root\" data-docx-has-block-data=\"true\">\n<div data-page-id=\"LRknfa6Whd4DWCcUc0FcNKpJnyh\" data-lark-html-role=\"root\" data-docx-has-block-data=\"false\">\n<div data-page-id=\"LRknfa6Whd4DWCcUc0FcNKpJnyh\" data-lark-html-role=\"root\" data-docx-has-block-data=\"false\">\n<div data-page-id=\"XFRAfkcOEdRWh8cArQ2cJdyRnJf\" data-lark-html-role=\"root\" data-docx-has-block-data=\"true\">\n<div data-page-id=\"OQ3bfjnRddMTDGcC3ouc6xFKnWf\" data-lark-html-role=\"root\" data-docx-has-block-data=\"true\">\n<div data-page-id=\"J0iGfj1hEdjc4rcUdSmc4spMnmZ\" data-lark-html-role=\"root\" data-docx-has-block-data=\"false\">\n<div data-page-id=\"P1o7fFyNlduP8tcfZpQcagzbnIf\" data-lark-html-role=\"root\" data-docx-has-block-data=\"false\">\n<div class=\"ace-line ace-line old-record-id-P1o7fFyNlduP8tcfZpQcagzbnIf\">\n<div data-page-id=\"P1o7fFyNlduP8tcfZpQcagzbnIf\" data-lark-html-role=\"root\" data-docx-has-block-data=\"false\">\n<div data-page-id=\"U4iufW38SdttWKcTstMcTtHRnXc\" data-lark-html-role=\"root\" data-docx-has-block-data=\"true\">\n<div data-page-id=\"ONVMf7VTWddcFtcyATOchCJHnZb\" data-lark-html-role=\"root\" data-docx-has-block-data=\"true\">\n<div data-page-id=\"KoW2fSy0PdLHFlc5kSHcgvWMnYg\" data-lark-html-role=\"root\" data-docx-has-block-data=\"false\">\n<div data-page-id=\"KoW2fSy0PdLHFlc5kSHcgvWMnYg\" data-lark-html-role=\"root\" data-docx-has-block-data=\"false\">\n<div data-page-id=\"OLGhfzxC7d7EFIcLEj9cRT5ynZf\" data-lark-html-role=\"root\" data-docx-has-block-data=\"false\">\n<div data-page-id=\"DdnnfrLjzdqrFIc9Il9c7pA2noc\" data-lark-html-role=\"root\" data-docx-has-block-data=\"true\">\n<div data-page-id=\"KNzcf2o0oddkJOcztTVcqPdlnth\" data-lark-html-role=\"root\" data-docx-has-block-data=\"false\">\n<div data-page-id=\"LBU7fg5SEdkWhecGJoxca3xvnCe\" data-lark-html-role=\"root\" data-docx-has-block-data=\"false\">\n<div data-page-id=\"EB70fooS3d69bMcgWB7c5qb9n8g\" data-lark-html-role=\"root\" data-docx-has-block-data=\"false\">\n<div data-page-id=\"AogwfsZCadB6t0cAvF0cK4JLnvf\" data-lark-html-role=\"root\" data-docx-has-block-data=\"false\">\n<div data-page-id=\"AogwfsZCadB6t0cAvF0cK4JLnvf\" data-lark-html-role=\"root\" data-docx-has-block-data=\"false\">\n<div data-page-id=\"JMZIflNGddQuU0c5JZocSqlvnle\" data-lark-html-role=\"root\" data-docx-has-block-data=\"false\">\n<div data-page-id=\"JMZIflNGddQuU0c5JZocSqlvnle\" data-lark-html-role=\"root\" data-docx-has-block-data=\"true\">\n<div data-page-id=\"HtEafjjRIdPAlMc9zgYcsGy6nOe\" data-lark-html-role=\"root\" data-docx-has-block-data=\"false\">\n<div data-page-id=\"Rhnafz0WTdDeT9c43xxczsbVnJo\" data-lark-html-role=\"root\" data-docx-has-block-data=\"false\">\n<h2 class=\"heading-2 ace-line old-record-id-Dbb7ftDagdt04ScxorUcESJdnId\">Perch\u00e9 Scegliere Elf World AI 22000 Puff? \ud83e\udd14<\/h2>\n<div class=\"ace-line ace-line old-record-id-WqeJfvSV6dCelqc2siZcL7gXnyg\">Potresti chiederti, con cos\u00ec tanti vape usa e getta sul mercato, perch\u00e9 scegliere questo? Bene, innanzitutto, la capacit\u00e0 di 22000 puff significa che \u00e8 progettato per durare\u2014niente sostituzioni frequenti, il che \u00e8 un grande vantaggio per i vapers abituali. In effetti, la combinazione di una batteria ricaricabile e la ricarica Type-C garantisce che non dovrai buttarlo via solo perch\u00e9 la carica si esaurisce a met\u00e0 utilizzo. Poi c'\u00e8 il flusso d'aria regolabile e le opzioni di diverse intensit\u00e0 di nicotina; nella maggior parte dei casi, questo ti consente di personalizzare la tua esperienza di svapo per soddisfare esattamente ci\u00f2 che desideri. Aggiungi la grande capacit\u00e0 di e-liquid e la doppia coil a rete per colpi morbidi, ed \u00e8 chiaro che questo dispositivo \u00e8 progettato tenendo a mente la soddisfazione dell'utente.<\/div>\n<h3 class=\"heading-2 ace-line old-record-id-BBH4fdCTfdHX9TcsHFucLV4nnMV\">Esplora i 10 Gusti Deliziosi \ud83c\udf53\ud83c\udf49\ud83c\udf47<\/h3>\n<div class=\"ace-line ace-line old-record-id-BTWSffwhbduxesczf79cXvQhnoc\">Il gusto \u00e8 senza dubbio la parte pi\u00f9 emozionante di qualsiasi vape, e l'Elf World AI 22000 Puff non delude con 10 opzioni distinte. Ogni gusto ha il suo fascino unico, quindi che tu ami note fruttate, rinfrescanti o di frutti di bosco misti, c'\u00e8 qualcosa qui per te. Analizziamoli uno per uno:<\/div>\n<h4 class=\"heading-3 ace-line old-record-id-KZBCfXwJ0duyHncs3YVcKWtKnJd\">Classici Fruttati<\/h4>\n<h5 class=\"heading-4 ace-line old-record-id-YWyBfHAzzdpjOWc5z45c0UaznGd\">1. Mango Mela Pera<\/h5>\n<div class=\"ace-line ace-line old-record-id-AJSUfLBgcdipC4c1lzBcbNEJnPf\">Un delizioso mix di tre frutti popolari. La dolcezza del Mango prende il sopravvento, seguita dalla croccantezza della Mela e da un sottile accenno di Pera. \u00c8 un mix luminoso e rinfrescante, perfetto per qualsiasi momento della giornata.<\/div>\n<h5 class=\"heading-4 ace-line old-record-id-SRI9fpwnsdJfBac1LJMcM9HUnig\">2. Mango Fresco<\/h5>\n<div class=\"ace-line ace-line old-record-id-FDFkfKLtldnAKicnM1rcByJRnoh\">Se ami il mango ma desideri un po' di freschezza, questo \u00e8 il gusto giusto. Il sapore di Mango maturo \u00e8 abbinato a una leggera finitura di mentolo, rendendo ogni tiro morbido e rinvigorente\u2014ottimo per il caldo.<\/div>\n<h5 class=\"heading-4 ace-line old-record-id-JcLWfAyjad25b9csW8ecEACHnSc\">3. Mela Verde<\/h5>\n<div class=\"ace-line ace-line old-record-id-IlLmf1cOTdcmqJckdqTcmBOrnwb\">Per gli amanti dei sapori aspri e croccanti, la Mela Verde offre perfettamente. Ha il sapore di un morso in una fresca e succosa mela verde, con un retrogusto pulito che non \u00e8 invadente. Forse \u00e8 l'opzione fruttata pi\u00f9 semplice qui, ma \u00e8 sicuramente un successo tra il pubblico.<\/div>\n<h4 class=\"heading-3 ace-line old-record-id-Q7Yrf4OEUdtKxFclCA6cAjSVnVd\">Miscele Audaci e Uniche<\/h4>\n<h5 class=\"heading-4 ace-line old-record-id-BYbTfdrU7dljVecRA1LcoXVpnAg\">4. Sangue di Tigre<\/h5>\n<div class=\"ace-line ace-line old-record-id-Lh1efXXW0dGZFdcJAFocHiZrnzf\">Un mix divertente e audace che \u00e8 diventato un favorito nel mondo del vape. Tipicamente combinando anguria, cocco e un tocco di fragola, il Sangue di Tigre offre un'atmosfera dolce e tropicale con un accenno di ricchezza. \u00c8 un po' inaspettato, ma nel modo migliore.<\/div>\n<h4 class=\"heading-3 ace-line old-record-id-IRVzfsBbcdz8LqcB02zcnc38nRe\">Combinazioni di Frutti di Bosco e Ghiaccio<\/h4>\n<h5 class=\"heading-4 ace-line old-record-id-PjL5fyCNbdzTeicrrnDcvY8CnPj\">5. Mirtillo Ghiacciato<\/h5>\n<div class=\"ace-line ace-line old-record-id-YYnufd90ndrigwcmUMzchnjynFb\">Dolci e succosi Mirtilli incontrano una fresca brezza di mentolo. Il sapore di bacca \u00e8 pieno e autentico, e il ghiaccio non lo sovrasta\u2014al contrario, esalta la dolcezza e lascia una sensazione rinfrescante sul palato.<\/div>\n<h5 class=\"heading-4 ace-line old-record-id-RfzUfSYo5dsj7OcR7rNcFlWHnih\">6. Menta<\/h5>\n<div class=\"ace-line ace-line old-record-id-Bg6BfpfKVdwwPpcg4NzczWYwnIb\">Semplice ma soddisfacente, la Menta \u00e8 per chi preferisce un'esperienza pulita e rinfrescante. \u00c8 un sapore di mentolo morbido e fresco che non \u00e8 troppo forte, rendendolo ideale per i vapers che vogliono una pausa dalle opzioni fruttate o dolci.<\/div>\n<h5 class=\"heading-4 ace-line old-record-id-FIC2fqDyFdwsCJcO4CncVPoonye\">7. Mix Frutti di Bosco<\/h5>\n<div class=\"ace-line ace-line old-record-id-OmSgfSL3FdUtDOc47d0cNN0MnLe\">Un medley di frutti di bosco maturi\u2014pensa a fragola, lampone e mirtillo. I sapori si fondono armoniosamente, creando un profilo dolce e aspro che esplode di bont\u00e0 fruttata. \u00c8 come un morso di un'insalata di frutti di bosco, in forma di vape.<\/div>\n<h5 class=\"heading-4 ace-line old-record-id-FIXFfs1VGdBq2Vc6E7kcTuUZnGf\">8. Ghiaccio Uva<\/h5>\n<div class=\"ace-line ace-line old-record-id-DhldfhsGSdwV54clMHfc1LKznch\">Un ricco e dolce sapore d'Uva abbinato a un ghiaccio gelido. L'uva ha il sapore di uve concord appena raccolte, e il ghiaccio aggiunge uno strato di freschezza che rende ogni tiro indulgente. \u00c8 un'ottima opzione per chi ama sapori fruttati profondi con un tocco rinfrescante.<\/div>\n<h5 class=\"heading-4 ace-line old-record-id-DtKPfiFS3dt93VcIRlwc6d0knec\">9. Anguria Ghiacciata<\/h5>\n<div class=\"ace-line ace-line old-record-id-PtmHfUgS1d2Pq7c6mLDc1sujnrh\">Un sapore classico da vape, e questo lo fa bene. L'Anguria succosa e dolce \u00e8 bilanciata da una leggera finitura ghiacciata, mimando il sapore di una fetta di anguria fredda in una giornata calda. \u00c8 morbido, rinfrescante e infinitamente svapabile.<\/div>\n<h5 class=\"heading-4 ace-line old-record-id-CQx7fNvBidI4lBcLJk5cD7PBnXe\">10. Mirtillo Menta<\/h5>\n<div class=\"ace-line ace-line old-record-id-PgkgfjcVDdjc4CcKmxzcEorrnKd\">Una combinazione sottile ma deliziosa di Mirtillo e Menta. Il mirtillo aggiunge una base dolce e fruttata, mentre la menta fornisce una finitura fresca e rinfrescante. A differenza delle versioni ghiacciate, la menta qui \u00e8 pi\u00f9 erbacea e delicata, creando un sapore morbido e ben bilanciato.<\/div>\n<h3 class=\"heading-2 ace-line old-record-id-WxcHfsIoZdufnbcahY4cTKzxnzf\">Caratteristiche Chiave che Elevano l'Esperienza \u2699\ufe0f<\/h3>\n<div class=\"ace-line ace-line old-record-id-IlgvfSnerdOnXicqCODc9hPCnec\">Oltre ai gusti, l'Elf World AI 22000 Puff \u00e8 dotato di un insieme di caratteristiche che lo rendono un dispositivo affidabile e facile da usare. Diamo un'occhiata pi\u00f9 da vicino:<\/div>\n<h4 class=\"heading-3 ace-line old-record-id-Lri9fjZEYd3rzFcX09CcjoL0nEh\">Display e Controllo del Flusso d'Aria<\/h4>\n<div class=\"ace-line ace-line old-record-id-FQ12fANSudfLqRcfaCWctIlhnhe\">Lo Schermo Digitale \u00e8 un'aggiunta utile\u2014ti consente di tenere traccia del tuo e-liquid rimanente e della durata della batteria, cos\u00ec non sarai mai colto di sorpresa. Inoltre, il design del flusso d'aria regolabile significa che puoi passare da un tiro stretto e ristretto a uno pi\u00f9 largo e arioso, a seconda delle tue preferenze.<\/div>\n<h4 class=\"heading-3 ace-line old-record-id-AmeIffgdIddHfNcfGz8cS76HnM1\">Opzioni di Nicotina e E-Liquid<\/h4>\n<div class=\"ace-line ace-line old-record-id-R7ikfnYJMduxnVcXf0vcFRG3nde\">Con opzioni di Nicotina Salina 0\/2\/3\/5%, questo dispositivo soddisfa sia i vapers senza nicotina che quelli che preferiscono un colpo pi\u00f9 forte. La nicotina salina garantisce anche un colpo in gola pi\u00f9 morbido, anche a forze pi\u00f9 elevate. La capacit\u00e0 di 26ML di e-liquid \u00e8 generosa, specialmente abbinata al conteggio di 22000 puff, cos\u00ec puoi goderti il tuo gusto preferito pi\u00f9 a lungo.<\/div>\n<h4 class=\"heading-3 ace-line old-record-id-VVPnf4EZRdBkxgcbUQlc1u4Nn4d\">Prestazioni della Coil e della Batteria<\/h4>\n<div class=\"ace-line ace-line old-record-id-Lsp1fq1ildUEfEcLmhkcwoTknpb\">La Dual Mesh Coil 1.0*2 ohm \u00e8 progettata per un riscaldamento rapido e una consegna costante del sapore. Produce vapore morbido e saporito ad ogni tiro, e il design a rete garantisce un riscaldamento uniforme, prevenendo colpi secchi. La Batteria Integrata da 650mAh \u00e8 Ricaricabile tramite Ricarica Type-C, il che \u00e8 conveniente\u2014basta collegarla a qualsiasi porta Type-C quando la batteria \u00e8 bassa, e tornerai a svapare in pochissimo tempo.<\/div>\n<\/div>\n<\/div>\n<\/div>\n<\/div>\n<\/div>\n<\/div>\n<\/div>\n<\/div>\n<\/div>\n<\/div>\n<\/div>\n<\/div>\n<\/div>\n<\/div>\n<\/div>\n<\/div>\n<\/div>\n<\/div>\n<\/div>\n<\/div>\n<\/div>\n<\/div>\n<\/div>\n<\/div>\n<\/div>\n<\/div>\n<\/div>\n<\/div>\n<\/div>\n<\/div>\n<\/div>\n<\/div>\n<\/div>\n<\/div>\n<\/div>\n<\/div>\n<\/div>\n<\/div>\n<\/div>\n<\/div>\n<\/div>\n<\/div>\n<\/div>\n<\/div>\n<\/div>\n<\/div>\n<\/div>\n<\/div>\n<\/div>\n<\/div>\n<\/div>\n<\/div>\n<\/div>\n<\/div>\n<\/div>\n<\/div>\n<\/div>\n<\/div>","protected":false},"excerpt":{"rendered":"<div data-page-id=\"RAopf2sw9dtvw4cWYXpcTwo0n8g\" data-lark-html-role=\"root\" data-docx-has-block-data=\"false\">\n<div class=\"ace-line ace-line old-record-id-Uju9f3RXYd8dh2crAJbcBF3Un6M\">Elf World AI 22000 Puffs \u00e8 un eccezionale vape usa e getta con 10 sapori vivaci, da Mango Mela Pera a Menta Mirtillo. Vanta un flusso d'aria regolabile, un display digitale, 26mL di e-liquid e una batteria ricaricabile da 650mAh Type-C. Diverse concentrazioni di nicotina soddisfano tutti i vapers, offrendo colpi morbidi e costanti ogni volta.<\/div>\n<\/div>","protected":false},"featured_media":5354,"comment_status":"open","ping_status":"closed","template":"","meta":{"_acf_changed":false,"inline_featured_image":false,"_sitemap_exclude":false,"_sitemap_priority":"","_sitemap_frequency":""},"product_brand":[93],"product_cat":[85],"product_tag":[],"class_list":{"0":"post-5343","1":"product","2":"type-product","3":"status-publish","4":"has-post-thumbnail","6":"product_brand-elf-world","7":"product_cat-elf-world-puff","9":"first","10":"instock","11":"sale","12":"shipping-taxable","13":"purchasable","14":"product-type-variable","15":"has-default-attributes"},"acf":[],"tiered_pricing_type":"fixed","tiered_pricing_fixed_rules":{"30":10.65,"60":10.05,"100":9.49,"200":8.1},"tiered_pricing_product_settings":{"layout":"default","base_unit_name":{"singular":null,"plural":null},"default_variation":null},"tiered_pricing_minimum_quantity":10,"tiered_pricing_roles_data":[],"tiered_pricing_percentage_rules":[],"tiered_pricing_maximum_quantity":null,"tiered_pricing_quantity_step":"10","_links":{"self":[{"href":"https:\/\/oiovape.com\/it\/wp-json\/wp\/v2\/product\/5343","targetHints":{"allow":["GET"]}}],"collection":[{"href":"https:\/\/oiovape.com\/it\/wp-json\/wp\/v2\/product"}],"about":[{"href":"https:\/\/oiovape.com\/it\/wp-json\/wp\/v2\/types\/product"}],"replies":[{"embeddable":true,"href":"https:\/\/oiovape.com\/it\/wp-json\/wp\/v2\/comments?post=5343"}],"version-history":[{"count":0,"href":"https:\/\/oiovape.com\/it\/wp-json\/wp\/v2\/product\/5343\/revisions"}],"wp:featuredmedia":[{"embeddable":true,"href":"https:\/\/oiovape.com\/it\/wp-json\/wp\/v2\/media\/5354"}],"wp:attachment":[{"href":"https:\/\/oiovape.com\/it\/wp-json\/wp\/v2\/media?parent=5343"}],"wp:term":[{"taxonomy":"product_brand","embeddable":true,"href":"https:\/\/oiovape.com\/it\/wp-json\/wp\/v2\/product_brand?post=5343"},{"taxonomy":"product_cat","embeddable":true,"href":"https:\/\/oiovape.com\/it\/wp-json\/wp\/v2\/product_cat?post=5343"},{"taxonomy":"product_tag","embeddable":true,"href":"https:\/\/oiovape.com\/it\/wp-json\/wp\/v2\/product_tag?post=5343"}],"curies":[{"name":"wp","href":"https:\/\/api.w.org\/{rel}","templated":true}]}}