{"id":5796,"date":"2026-01-22T11:12:33","date_gmt":"2026-01-22T03:12:33","guid":{"rendered":"https:\/\/oiovape.com\/?post_type=product&#038;p=5796"},"modified":"2026-04-14T17:37:14","modified_gmt":"2026-04-14T09:37:14","slug":"jnr-quads-4-in-1-120000-puffs","status":"publish","type":"product","link":"https:\/\/oiovape.com\/it\/product\/jnr-quads-4-in-1-120000-puffs\/","title":{"rendered":"JNR Quads 4 in 1 120000 PUFFS Smart Screen Display Disposable Vape With Quad Mesh Coil"},"content":{"rendered":"<div data-page-id=\"ZVeMfq8uxd7y1ycuKm5cym4LnYd\" data-lark-html-role=\"root\" data-docx-has-block-data=\"false\">\n<div data-page-id=\"Fd41fZ5N9dzRQtcRNoVc2FuDnCh\" data-lark-html-role=\"root\" data-docx-has-block-data=\"true\">\n<div data-page-id=\"BdIJfeeijdk1eucGpS8cDCBBn5c\" data-lark-html-role=\"root\" data-docx-has-block-data=\"false\">\n<div data-page-id=\"Zbg9fWx77dUuh2cIYpic25c8nyd\" data-lark-html-role=\"root\" data-docx-has-block-data=\"false\">\n<div data-page-id=\"KaIvfiurhdlCKdc0kyxcX64cnE6\" data-lark-html-role=\"root\" data-docx-has-block-data=\"true\">\n<div data-page-id=\"PbvFfqxqlddUTScRpEYcY5MHnpf\" data-lark-html-role=\"root\" data-docx-has-block-data=\"true\">\n<div data-page-id=\"GZO2f5JeudwY4jc9iJtcdk9Hnxh\" data-lark-html-role=\"root\" data-docx-has-block-data=\"false\">\n<div data-page-id=\"EZVRf2acFduXLGcseZFc4qH2n6e\" data-lark-html-role=\"root\" data-docx-has-block-data=\"false\">\n<div data-page-id=\"B8rHfcqlqdzmH5cCWCncz17Cntb\" data-lark-html-role=\"root\" data-docx-has-block-data=\"false\">\n<div data-page-id=\"B8rHfcqlqdzmH5cCWCncz17Cntb\" data-lark-html-role=\"root\" data-docx-has-block-data=\"false\">\n<div data-page-id=\"B8rHfcqlqdzmH5cCWCncz17Cntb\" data-lark-html-role=\"root\" data-docx-has-block-data=\"true\">\n<div data-page-id=\"HM70f1aoxdD0bMcxJZBcVc7ynZd\" data-lark-html-role=\"root\" data-docx-has-block-data=\"false\">\n<div data-page-id=\"NSrJfN7Ord22i0c1iwZcsF8yn8b\" data-lark-html-role=\"root\" data-docx-has-block-data=\"false\">\n<div data-page-id=\"RXEff4Mskds8o1cqL5HcGEtUnCh\" data-lark-html-role=\"root\" data-docx-has-block-data=\"false\">\n<div data-page-id=\"KJ7gfqkVndMSRJcMseScmvYwnTc\" data-lark-html-role=\"root\" data-docx-has-block-data=\"false\">\n<div class=\"ace-line ace-line old-record-id-QADAfETPudgmudc05YvcTO5fnxe\">\n<div data-page-id=\"KJ7gfqkVndMSRJcMseScmvYwnTc\" data-lark-html-role=\"root\" data-docx-has-block-data=\"false\">\n<div class=\"ace-line ace-line old-record-id-JoRkfpho8dOkiacEOascDyCOncb\">\n<div data-page-id=\"KJ7gfqkVndMSRJcMseScmvYwnTc\" data-lark-html-role=\"root\" data-docx-has-block-data=\"false\">\n<div data-page-id=\"Ju6ofQ3V4dGmePcVvJvc1gmcnZb\" data-lark-html-role=\"root\" data-docx-has-block-data=\"true\">\n<div data-page-id=\"PR9ife5PLdFabccbFgZcWgZOnTc\" data-lark-html-role=\"root\" data-docx-has-block-data=\"false\">\n<div data-page-id=\"INdrfOIGzdaenXcptrcc1BcznQc\" data-lark-html-role=\"root\" data-docx-has-block-data=\"false\">\n<div class=\"ace-line ace-line old-record-id-P0fIf4YaZdoGkbcxt5ackec2nnb\">\n<div data-page-id=\"INdrfOIGzdaenXcptrcc1BcznQc\" data-lark-html-role=\"root\" data-docx-has-block-data=\"false\">\n<div data-page-id=\"MAzCfUB73dMTQscm8eWcougVn1g\" data-lark-html-role=\"root\" data-docx-has-block-data=\"true\">\n<div data-page-id=\"AXfpf7H1odhDvGcKoUOcErN8nV7\" data-lark-html-role=\"root\" data-docx-has-block-data=\"false\">\n<div data-page-id=\"QYTKf5PvLdUNdbce2nBcW9yfnrh\" data-lark-html-role=\"root\" data-docx-has-block-data=\"false\">\n<div data-page-id=\"Pvu1f1CCBdxbjncA9pgcBTpanph\" data-lark-html-role=\"root\" data-docx-has-block-data=\"true\">\n<div data-page-id=\"Axf3fcmY8dDAhtcjVircBcphnPc\" data-lark-html-role=\"root\" data-docx-has-block-data=\"false\">\n<div data-page-id=\"KKj1f9SPmdLhhMc5E2AcNlLen6f\" data-lark-html-role=\"root\" data-docx-has-block-data=\"true\">\n<div data-page-id=\"Rx61fK1sJdXHjPcBuhZcweNhnwc\" data-lark-html-role=\"root\" data-docx-has-block-data=\"false\">\n<div data-page-id=\"L1H9fkG9Mdz45Fcy4WMc5VKXnRe\" data-lark-html-role=\"root\" data-docx-has-block-data=\"false\">\n<div data-page-id=\"L1H9fkG9Mdz45Fcy4WMc5VKXnRe\" data-lark-html-role=\"root\" data-docx-has-block-data=\"false\">\n<div data-page-id=\"D4XLfVBVrdE8mrcaYizczklLnaf\" data-lark-html-role=\"root\" data-docx-has-block-data=\"false\">\n<div data-page-id=\"WVcifIY44d5mhMcXtyEcTsfenGd\" data-lark-html-role=\"root\" data-docx-has-block-data=\"true\">\n<div data-page-id=\"LRknfa6Whd4DWCcUc0FcNKpJnyh\" data-lark-html-role=\"root\" data-docx-has-block-data=\"false\">\n<div data-page-id=\"LRknfa6Whd4DWCcUc0FcNKpJnyh\" data-lark-html-role=\"root\" data-docx-has-block-data=\"false\">\n<div data-page-id=\"XFRAfkcOEdRWh8cArQ2cJdyRnJf\" data-lark-html-role=\"root\" data-docx-has-block-data=\"true\">\n<div data-page-id=\"OQ3bfjnRddMTDGcC3ouc6xFKnWf\" data-lark-html-role=\"root\" data-docx-has-block-data=\"true\">\n<div data-page-id=\"J0iGfj1hEdjc4rcUdSmc4spMnmZ\" data-lark-html-role=\"root\" data-docx-has-block-data=\"false\">\n<div data-page-id=\"P1o7fFyNlduP8tcfZpQcagzbnIf\" data-lark-html-role=\"root\" data-docx-has-block-data=\"false\">\n<div class=\"ace-line ace-line old-record-id-P1o7fFyNlduP8tcfZpQcagzbnIf\">\n<div data-page-id=\"P1o7fFyNlduP8tcfZpQcagzbnIf\" data-lark-html-role=\"root\" data-docx-has-block-data=\"false\">\n<div data-page-id=\"U4iufW38SdttWKcTstMcTtHRnXc\" data-lark-html-role=\"root\" data-docx-has-block-data=\"true\">\n<div data-page-id=\"ONVMf7VTWddcFtcyATOchCJHnZb\" data-lark-html-role=\"root\" data-docx-has-block-data=\"true\">\n<div data-page-id=\"KoW2fSy0PdLHFlc5kSHcgvWMnYg\" data-lark-html-role=\"root\" data-docx-has-block-data=\"false\">\n<div data-page-id=\"KoW2fSy0PdLHFlc5kSHcgvWMnYg\" data-lark-html-role=\"root\" data-docx-has-block-data=\"false\">\n<div data-page-id=\"OLGhfzxC7d7EFIcLEj9cRT5ynZf\" data-lark-html-role=\"root\" data-docx-has-block-data=\"false\">\n<div data-page-id=\"DdnnfrLjzdqrFIc9Il9c7pA2noc\" data-lark-html-role=\"root\" data-docx-has-block-data=\"true\">\n<div data-page-id=\"KNzcf2o0oddkJOcztTVcqPdlnth\" data-lark-html-role=\"root\" data-docx-has-block-data=\"false\">\n<div data-page-id=\"LBU7fg5SEdkWhecGJoxca3xvnCe\" data-lark-html-role=\"root\" data-docx-has-block-data=\"false\">\n<div data-page-id=\"EB70fooS3d69bMcgWB7c5qb9n8g\" data-lark-html-role=\"root\" data-docx-has-block-data=\"false\">\n<div data-page-id=\"AogwfsZCadB6t0cAvF0cK4JLnvf\" data-lark-html-role=\"root\" data-docx-has-block-data=\"false\">\n<div data-page-id=\"AogwfsZCadB6t0cAvF0cK4JLnvf\" data-lark-html-role=\"root\" data-docx-has-block-data=\"false\">\n<div data-page-id=\"JMZIflNGddQuU0c5JZocSqlvnle\" data-lark-html-role=\"root\" data-docx-has-block-data=\"false\">\n<div data-page-id=\"JMZIflNGddQuU0c5JZocSqlvnle\" data-lark-html-role=\"root\" data-docx-has-block-data=\"true\">\n<div data-page-id=\"HtEafjjRIdPAlMc9zgYcsGy6nOe\" data-lark-html-role=\"root\" data-docx-has-block-data=\"false\">\n<div data-page-id=\"Rhnafz0WTdDeT9c43xxczsbVnJo\" data-lark-html-role=\"root\" data-docx-has-block-data=\"false\">\n<div data-page-id=\"WY0CfKdcTdf4hVcZl67ct5LGncf\" data-lark-html-role=\"root\" data-docx-has-block-data=\"true\">\n<div data-page-id=\"MkB5fF4AVdchovcoPEpc7LqvnOd\" data-lark-html-role=\"root\" data-docx-has-block-data=\"true\">\n<div data-page-id=\"MfbjfZhbhdJdA8cH1dAckqF0n6g\" data-lark-html-role=\"root\" data-docx-has-block-data=\"false\">\n<div class=\"ace-line ace-line old-record-id-W2AHfJLnjd7ugjcRLs1c8BdhnNh\">\n<div data-page-id=\"MfbjfZhbhdJdA8cH1dAckqF0n6g\" data-lark-html-role=\"root\" data-docx-has-block-data=\"false\">\n<div class=\"old-record-id-XXd1feeCZdR2hJc6evocxnh1nOg\">\n<div data-page-id=\"MfbjfZhbhdJdA8cH1dAckqF0n6g\" data-lark-html-role=\"root\" data-docx-has-block-data=\"false\">\n<div data-page-id=\"DE51fYUmxdT3ekcHzc3cGrVQnsc\" data-lark-html-role=\"root\" data-docx-has-block-data=\"false\">\n<div data-page-id=\"YSKdfaZ08dRej3ci5CccQBuOncc\" data-lark-html-role=\"root\" data-docx-has-block-data=\"true\">\n<div data-page-id=\"K6mofQmledamEFcgp1EcVobmnYd\" data-lark-html-role=\"root\" data-docx-has-block-data=\"false\">\n<h2 data-path-to-node=\"0\">JNR QUADS 4 in 1 120000 Puffs Disposable Vape<\/h2>\n<p data-path-to-node=\"1\">Hai mai sentito come se le tue papille gustative fossero intrappolate in una relazione noiosa e monogama con un singolo sapore di vape? Perch\u00e9 impegnarsi in un solo gusto quando puoi portare un intero menu in tasca? Sperimenta la bestia definitiva che cambia sapore con il JNR Quads 4in1 120K Puffs. Offrendo uno straordinario e senza precedenti 120000 puff su quattro profili di sapore distinti in un singolo dispositivo, questo non \u00e8 solo un vape\u2014\u00e8 un parco divertimenti tascabile per i tuoi sensi. \ud83c\udf53\u2728<\/p>\n<p><img decoding=\"async\" class=\"alignnone wp-image-5818 size-full\" title=\"JNR Quads Flavor 4 in 1 120k Poster Dettagli\" src=\"https:\/\/oiovape.com\/wp-content\/uploads\/2026\/01\/JNR-Quads-Flavor-4-in-1-120k-Detail-Poster-scaled.jpg\" alt=\"JNR Quads Flavor 4 in 1 120k Poster Dettagli\" width=\"2560\" height=\"1440\" srcset=\"https:\/\/oiovape.com\/wp-content\/uploads\/2026\/01\/JNR-Quads-Flavor-4-in-1-120k-Detail-Poster-scaled.jpg 2560w, https:\/\/oiovape.com\/wp-content\/uploads\/2026\/01\/JNR-Quads-Flavor-4-in-1-120k-Detail-Poster-scaled-150x84.jpg 150w, https:\/\/oiovape.com\/wp-content\/uploads\/2026\/01\/JNR-Quads-Flavor-4-in-1-120k-Detail-Poster-scaled-1200x675.jpg 1200w, https:\/\/oiovape.com\/wp-content\/uploads\/2026\/01\/JNR-Quads-Flavor-4-in-1-120k-Detail-Poster-300x169.jpg 300w, https:\/\/oiovape.com\/wp-content\/uploads\/2026\/01\/JNR-Quads-Flavor-4-in-1-120k-Detail-Poster-1024x576.jpg 1024w, https:\/\/oiovape.com\/wp-content\/uploads\/2026\/01\/JNR-Quads-Flavor-4-in-1-120k-Detail-Poster-768x432.jpg 768w, https:\/\/oiovape.com\/wp-content\/uploads\/2026\/01\/JNR-Quads-Flavor-4-in-1-120k-Detail-Poster-1536x864.jpg 1536w, https:\/\/oiovape.com\/wp-content\/uploads\/2026\/01\/JNR-Quads-Flavor-4-in-1-120k-Detail-Poster-2048x1152.jpg 2048w, https:\/\/oiovape.com\/wp-content\/uploads\/2026\/01\/JNR-Quads-Flavor-4-in-1-120k-Detail-Poster-18x10.jpg 18w\" sizes=\"(max-width: 2560px) 100vw, 2560px\" \/><\/p>\n<h2 data-path-to-node=\"2\">L'Architettura del Piacere: Immersione Profonda nelle Caratteristiche<\/h2>\n<h3 data-path-to-node=\"3\">\ud83d\udca1 Innovazione: Il Giradischi dei Sapori 4 in 1<\/h3>\n<p data-path-to-node=\"4\">Pensa al boccaglio rotante come al giradischi di un DJ, ma invece di far girare tracce in vinile, stai fluentemente selezionando la tua prossima esperienza sensoriale. Non sei pi\u00f9 tenuto in ostaggio dalla stanchezza del sapore. Con una semplice e soddisfacente rotazione della parte superiore, scivoli tra quattro enormi serbatoi indipendenti (4x15ml). Senza sforzo? Assolutamente.<\/p>\n<h4 data-path-to-node=\"5\">\ud83d\udcf1 Il Centro di Controllo: Monitoraggio dello Schermo Intelligente<\/h4>\n<p data-path-to-node=\"6\">Chi ama giocare alla roulette \u201cindovina la durata della batteria\u201d proprio prima di una serata fuori? Nessuno. Rimani completamente informato con un nitido display dello schermo intelligente in tempo reale. Funziona come un cruscotto in miniatura, fornendo feedback istantaneo e ad alta definizione sui tuoi livelli di potenza e capacit\u00e0 di e-liquid. Niente pi\u00f9 colpi secchi e niente pi\u00f9 morti di batteria improvvise e tragiche. Sei sempre al volante.<\/p>\n<h5 data-path-to-node=\"7\">\ud83c\udf00 Il Motore: Tecnologia della Bobina Mesh Quad<\/h5>\n<p data-path-to-node=\"8\">Invece di un singolo solista che fatica a mantenere l'intonazione, il JNR Quads 4 in 1 120000 Puffs utilizza un quartetto da barbiere di elementi riscaldanti. Il sistema Quad Mesh Coil funziona in perfetta armonia termica per fornire vapore incredibilmente denso e profili di sapore ultra-ricchi. Dal primo tiro fino al tuo 120.000esimo puff, la fedelt\u00e0 del sapore rimane violentemente accurata. Aggiungi la presa ergonomica progettata per adattarsi perfettamente al tuo palmo e una batteria da 1000mAh senza compromessi, e hai un capolavoro di resistenza quotidiana.<\/p>\n<h2 data-path-to-node=\"10\">\ud83c\udfa8 Selezione dei Sapori Disponibili<\/h2>\n<ol start=\"1\" data-path-to-node=\"11\">\n<li>\n<p data-path-to-node=\"11,0,0\">Summer Peaches + Strawberry Ice + Watermelon Ice + Black Ice<\/p>\n<\/li>\n<li>\n<p data-path-to-node=\"11,1,0\">Mixed Berry + Blueberry Cherry Cranberry + Blueberry Sour Raspberry + Cherry Berry<\/p>\n<\/li>\n<li>\n<p data-path-to-node=\"11,2,0\">Passion Fruit Kiwi + Peach Mango Pineapple + Strawberry Kiwi + Blueberry Kiwi<\/p>\n<\/li>\n<li>\n<p data-path-to-node=\"11,3,0\">Kiwi Watermelon Ice + Strawberry Watermelon Ice + Black Dragon Ice + Strawberry Kiwi<\/p>\n<\/li>\n<li>\n<p data-path-to-node=\"11,4,0\">Raspberry Orange + Blueberry Sour Raspberry + JNR VC Boost + JNR Red Punch<\/p>\n<\/li>\n<li>\n<p data-path-to-node=\"11,5,0\">Double Apple + Triple Melon + Watermelon Bubblegum + Strawberry Banana<\/p>\n<\/li>\n<li>\n<p data-path-to-node=\"11,6,0\">Blue Razz Cherry + Blue Razz Ice + Black Ice + Strawberry Ice<\/p>\n<\/li>\n<li>\n<p data-path-to-node=\"11,7,0\">Peach Mango Pineapple + Passion Fruit Kiwi + Cola Ice + Summer Peaches<\/p>\n<\/li>\n<li>\n<p data-path-to-node=\"11,8,0\">Tiger Blood + Passion Fruit Kiwi + Double Apple + Fizzy Cherry Cola<\/p>\n<\/li>\n<li>\n<p data-path-to-node=\"11,9,0\">Watermelon Ice + Triple Melon + Strawberry Watermelon Ice + Kiwi Watermelon Ice<\/p>\n<\/li>\n<\/ol>\n<h2 data-path-to-node=\"13\">\ud83d\udcca Analisi delle Specifiche Tecniche<\/h2>\n<table data-path-to-node=\"14\">\n<thead>\n<tr>\n<td><strong>Caratteristica<\/strong><\/td>\n<td><strong>JNR QUADS 4 in 1 120000 Puffs<\/strong><\/td>\n<\/tr>\n<\/thead>\n<tbody>\n<tr>\n<td><span data-path-to-node=\"14,1,0,0\"><b data-path-to-node=\"14,1,0,0\" data-index-in-node=\"0\">Capacit\u00e0 di Tiri<\/b><\/span><\/td>\n<td><span data-path-to-node=\"14,1,1,0\">Fino a 120000 Puff (Variet\u00e0 Massima)<\/span><\/td>\n<\/tr>\n<tr>\n<td><span data-path-to-node=\"14,2,0,0\"><b data-path-to-node=\"14,2,0,0\" data-index-in-node=\"0\">Capacit\u00e0 di E-Liquid<\/b><\/span><\/td>\n<td><span data-path-to-node=\"14,2,1,0\">60ml Totali (4 x 15ml Serbatoi Indipendenti)<\/span><\/td>\n<\/tr>\n<tr>\n<td><span data-path-to-node=\"14,3,0,0\"><b data-path-to-node=\"14,3,0,0\" data-index-in-node=\"0\">Sistema di Serbatoio<\/b><\/span><\/td>\n<td><span data-path-to-node=\"14,3,1,0\">Meccanismo di Rotazione Continua 4-in-1<\/span><\/td>\n<\/tr>\n<tr>\n<td><span data-path-to-node=\"14,4,0,0\"><b data-path-to-node=\"14,4,0,0\" data-index-in-node=\"0\">Tecnologia della resistenza<\/b><\/span><\/td>\n<td><span data-path-to-node=\"14,4,1,0\">Bobina Mesh Quad ad Alte Prestazioni<\/span><\/td>\n<\/tr>\n<tr>\n<td><span data-path-to-node=\"14,5,0,0\"><b data-path-to-node=\"14,5,0,0\" data-index-in-node=\"0\">Monitoraggio<\/b><\/span><\/td>\n<td><span data-path-to-node=\"14,5,1,0\">Display Digitale Intelligente (Batteria e Liquido)<\/span><\/td>\n<\/tr>\n<tr>\n<td><span data-path-to-node=\"14,6,0,0\"><b data-path-to-node=\"14,6,0,0\" data-index-in-node=\"0\">Batteria e Ricarica<\/b><\/span><\/td>\n<td><span data-path-to-node=\"14,6,1,0\">Robusto Porta di Ricarica Rapida 1000mAh \/ Type-C<\/span><\/td>\n<\/tr>\n<tr>\n<td><span data-path-to-node=\"14,7,0,0\"><b data-path-to-node=\"14,7,0,0\" data-index-in-node=\"0\">Forza della Nicotina<\/b><\/span><\/td>\n<td><span data-path-to-node=\"14,7,1,0\">2% Nicotina<\/span><\/td>\n<\/tr>\n<\/tbody>\n<\/table>\n<div style=\"width: 1920px;\" class=\"wp-video\"><video class=\"wp-video-shortcode\" id=\"video-5796-1\" width=\"1920\" height=\"1080\" preload=\"metadata\" controls=\"controls\"><source type=\"video\/mp4\" src=\"https:\/\/oiovape.com\/wp-content\/uploads\/2026\/04\/JNR-Quads-4-in-1-120K-Video.mp4?_=1\" \/><a href=\"https:\/\/oiovape.com\/wp-content\/uploads\/2026\/04\/JNR-Quads-4-in-1-120K-Video.mp4\">https:\/\/oiovape.com\/wp-content\/uploads\/2026\/04\/JNR-Quads-4-in-1-120K-Video.mp4<\/a><\/video><\/div>\n<h2 data-path-to-node=\"16\">JNR Quads 4 in 1 120000 Puffs \u2013 Domande Frequenti \ud83d\ude4b\u200d\u2640\ufe0f<\/h2>\n<p data-path-to-node=\"17\"><b data-path-to-node=\"17\" data-index-in-node=\"0\">D: Cambiare tra i gusti \u00e8 complicato?<\/b><\/p>\n<p data-path-to-node=\"17\"><b data-path-to-node=\"17\" data-index-in-node=\"42\">R:<\/b> Nemmeno un po'! Il meccanismo \u00e8 completamente continuo. Basta ruotare il componente del boccaglio finch\u00e9 non senti un clic soddisfacente; questo allinea perfettamente il nuovo serbatoio di liquido con la bobina. Nessun pulsante, nessun menu di impostazioni\u2014solo un cambio di gusto istantaneo su richiesta.<\/p>\n<p data-path-to-node=\"18\"><b data-path-to-node=\"18\" data-index-in-node=\"0\">D: Come pu\u00f2 un singolo dispositivo durare 120000 puff?<\/b><\/p>\n<p data-path-to-node=\"18\"><b data-path-to-node=\"18\" data-index-in-node=\"56\">R:<\/b> Tutto merito dell'enorme serbatoio di liquido da 60ml totali (diviso in quattro serbatoi da 15ml) supportato da una batteria ricaricabile altamente efficiente da 1000mAh. Mentre la longevit\u00e0 dipende da quanto profondamente aspiri, per la stragrande maggioranza degli utenti, questo dispositivo funzioner\u00e0 per settimane o addirittura mesi di utilizzo senza problemi.<\/p>\n<p data-path-to-node=\"19\"><b data-path-to-node=\"19\" data-index-in-node=\"0\">D: Devo essere un esperto di vape per usarlo?<\/b><\/p>\n<p data-path-to-node=\"19\"><b data-path-to-node=\"19\" data-index-in-node=\"46\">R:<\/b> Hai bisogno di una laurea in ingegneria per accendere una lampadina? Assolutamente no! Nonostante la sua tecnologia avanzata, rimane un vero monouso nel cuore. Non \u00e8 necessario alcun riempimento disordinato o cambio di bobina. Estrai dalla scatola, ruota verso il gusto desiderato e lascia che il dispositivo faccia il lavoro pesante.<\/p>\n<p data-path-to-node=\"20\"><b data-path-to-node=\"20\" data-index-in-node=\"0\">D: Devo essere un esperto di vape per usare questo dispositivo?<\/b> <b data-path-to-node=\"20\" data-index-in-node=\"53\">R:<\/b> Hai bisogno di una laurea in ingegneria per accendere una lampadina? Assolutamente no! Nonostante la sua tecnologia avanzata, rimane un vero monouso nel cuore. Non \u00e8 necessario alcun riempimento disordinato o cambio di bobina. Estrai dalla scatola, ruota verso il gusto desiderato e lascia che il dispositivo faccia il lavoro pesante.<\/p>\n<p data-path-to-node=\"21\"><b data-path-to-node=\"21\" data-index-in-node=\"0\">D: Perch\u00e9 dovrei rifornirmi del JNR QUADS 4 in 1 120K per la mia attivit\u00e0 tramite OioVape?<\/b> <b data-path-to-node=\"21\" data-index-in-node=\"70\">R:<\/b> OioVape \u00e8 il tuo partner B2B premier per il mercato europeo. Offriamo prezzi all'ingrosso imbattibili direttamente dalla fabbrica e spediamo tutti gli ordini all'ingrosso direttamente dal nostro centro logistico tedesco. Questo garantisce spedizioni rapide, sicure e senza problemi verso Francia, Italia, Spagna e il resto dell'UE, mantenendo i tuoi scaffali riforniti e i tuoi clienti felici.<\/p>\n<\/div>\n<\/div>\n<\/div>\n<\/div>\n<\/div>\n<\/div>\n<\/div>\n<\/div>\n<\/div>\n<\/div>\n<\/div>\n<\/div>\n<\/div>\n<\/div>\n<\/div>\n<\/div>\n<\/div>\n<\/div>\n<\/div>\n<\/div>\n<\/div>\n<\/div>\n<\/div>\n<\/div>\n<\/div>\n<\/div>\n<\/div>\n<\/div>\n<\/div>\n<\/div>\n<\/div>\n<\/div>\n<\/div>\n<\/div>\n<\/div>\n<\/div>\n<\/div>\n<\/div>\n<\/div>\n<\/div>\n<\/div>\n<\/div>\n<\/div>\n<\/div>\n<\/div>\n<\/div>\n<\/div>\n<\/div>\n<\/div>\n<\/div>\n<\/div>\n<\/div>\n<\/div>\n<\/div>\n<\/div>\n<\/div>\n<\/div>\n<\/div>\n<\/div>\n<\/div>\n<\/div>\n<\/div>\n<\/div>\n<\/div>\n<\/div>\n<\/div>\n<\/div>\n<\/div>","protected":false},"excerpt":{"rendered":"<div data-page-id=\"RAopf2sw9dtvw4cWYXpcTwo0n8g\" data-lark-html-role=\"root\" data-docx-has-block-data=\"false\">\n<div class=\"ace-line ace-line old-record-id-Uju9f3RXYd8dh2crAJbcBF3Un6M\">JNR Quads 4 in 1 120000 puff Disposable Vape con 10 combinazioni di sapori epici. Ruota l'boccaglio per cambiare i gusti senza sforzo, e la bobina quad mesh sblocca vapore denso e sapore audace. Uno schermo intelligente mostra le statistiche in tempo reale, e la sua impugnatura ergonomica si sente fantastica tutto il giorno\u2014ideale per i vapers che amano i sapori!<\/div>\n<\/div>","protected":false},"featured_media":5833,"comment_status":"open","ping_status":"closed","template":"","meta":{"_acf_changed":false,"inline_featured_image":false,"_sitemap_exclude":false,"_sitemap_priority":"","_sitemap_frequency":""},"product_brand":[88],"product_cat":[77,239,241],"product_tag":[],"class_list":{"0":"post-5796","1":"product","2":"type-product","3":"status-publish","4":"has-post-thumbnail","6":"product_brand-jnr","7":"product_cat-jnr-puff","8":"product_cat-disposable-vape-collection","9":"product_cat-120k-puff","11":"first","12":"instock","13":"sale","14":"shipping-taxable","15":"purchasable","16":"product-type-variable","17":"has-default-attributes"},"acf":[],"tiered_pricing_type":"fixed","tiered_pricing_fixed_rules":{"30":9.92,"60":9.05,"100":8.45,"200":7.86},"tiered_pricing_product_settings":{"layout":"default","base_unit_name":{"singular":null,"plural":null},"default_variation":null},"tiered_pricing_minimum_quantity":10,"tiered_pricing_roles_data":[],"tiered_pricing_percentage_rules":[],"tiered_pricing_maximum_quantity":null,"tiered_pricing_quantity_step":"10","_links":{"self":[{"href":"https:\/\/oiovape.com\/it\/wp-json\/wp\/v2\/product\/5796","targetHints":{"allow":["GET"]}}],"collection":[{"href":"https:\/\/oiovape.com\/it\/wp-json\/wp\/v2\/product"}],"about":[{"href":"https:\/\/oiovape.com\/it\/wp-json\/wp\/v2\/types\/product"}],"replies":[{"embeddable":true,"href":"https:\/\/oiovape.com\/it\/wp-json\/wp\/v2\/comments?post=5796"}],"version-history":[{"count":6,"href":"https:\/\/oiovape.com\/it\/wp-json\/wp\/v2\/product\/5796\/revisions"}],"predecessor-version":[{"id":8338,"href":"https:\/\/oiovape.com\/it\/wp-json\/wp\/v2\/product\/5796\/revisions\/8338"}],"wp:featuredmedia":[{"embeddable":true,"href":"https:\/\/oiovape.com\/it\/wp-json\/wp\/v2\/media\/5833"}],"wp:attachment":[{"href":"https:\/\/oiovape.com\/it\/wp-json\/wp\/v2\/media?parent=5796"}],"wp:term":[{"taxonomy":"product_brand","embeddable":true,"href":"https:\/\/oiovape.com\/it\/wp-json\/wp\/v2\/product_brand?post=5796"},{"taxonomy":"product_cat","embeddable":true,"href":"https:\/\/oiovape.com\/it\/wp-json\/wp\/v2\/product_cat?post=5796"},{"taxonomy":"product_tag","embeddable":true,"href":"https:\/\/oiovape.com\/it\/wp-json\/wp\/v2\/product_tag?post=5796"}],"curies":[{"name":"wp","href":"https:\/\/api.w.org\/{rel}","templated":true}]}}