{"id":6067,"date":"2026-01-26T09:54:43","date_gmt":"2026-01-26T01:54:43","guid":{"rendered":"https:\/\/oiovape.com\/?post_type=product&#038;p=6067"},"modified":"2026-04-16T14:59:39","modified_gmt":"2026-04-16T06:59:39","slug":"uwin-shisha-hookah-crystal-20000-puffs","status":"publish","type":"product","link":"https:\/\/oiovape.com\/it\/product\/uwin-shisha-hookah-crystal-20000-puffs\/","title":{"rendered":"Uwin Shisha Hookah Crystal 20000 PUFFS 650mAh Batteria Ricaricabile DTL Vape Pen Monouso"},"content":{"rendered":"<div data-page-id=\"ZVeMfq8uxd7y1ycuKm5cym4LnYd\" data-lark-html-role=\"root\" data-docx-has-block-data=\"false\">\n<div data-page-id=\"Fd41fZ5N9dzRQtcRNoVc2FuDnCh\" data-lark-html-role=\"root\" data-docx-has-block-data=\"true\">\n<div data-page-id=\"BdIJfeeijdk1eucGpS8cDCBBn5c\" data-lark-html-role=\"root\" data-docx-has-block-data=\"false\">\n<div data-page-id=\"Zbg9fWx77dUuh2cIYpic25c8nyd\" data-lark-html-role=\"root\" data-docx-has-block-data=\"false\">\n<div data-page-id=\"KaIvfiurhdlCKdc0kyxcX64cnE6\" data-lark-html-role=\"root\" data-docx-has-block-data=\"true\">\n<div data-page-id=\"PbvFfqxqlddUTScRpEYcY5MHnpf\" data-lark-html-role=\"root\" data-docx-has-block-data=\"true\">\n<div data-page-id=\"GZO2f5JeudwY4jc9iJtcdk9Hnxh\" data-lark-html-role=\"root\" data-docx-has-block-data=\"false\">\n<div data-page-id=\"EZVRf2acFduXLGcseZFc4qH2n6e\" data-lark-html-role=\"root\" data-docx-has-block-data=\"false\">\n<div data-page-id=\"B8rHfcqlqdzmH5cCWCncz17Cntb\" data-lark-html-role=\"root\" data-docx-has-block-data=\"false\">\n<div data-page-id=\"B8rHfcqlqdzmH5cCWCncz17Cntb\" data-lark-html-role=\"root\" data-docx-has-block-data=\"false\">\n<div data-page-id=\"B8rHfcqlqdzmH5cCWCncz17Cntb\" data-lark-html-role=\"root\" data-docx-has-block-data=\"true\">\n<div data-page-id=\"HM70f1aoxdD0bMcxJZBcVc7ynZd\" data-lark-html-role=\"root\" data-docx-has-block-data=\"false\">\n<div data-page-id=\"NSrJfN7Ord22i0c1iwZcsF8yn8b\" data-lark-html-role=\"root\" data-docx-has-block-data=\"false\">\n<div data-page-id=\"RXEff4Mskds8o1cqL5HcGEtUnCh\" data-lark-html-role=\"root\" data-docx-has-block-data=\"false\">\n<div data-page-id=\"KJ7gfqkVndMSRJcMseScmvYwnTc\" data-lark-html-role=\"root\" data-docx-has-block-data=\"false\">\n<div class=\"ace-line ace-line old-record-id-QADAfETPudgmudc05YvcTO5fnxe\">\n<div data-page-id=\"KJ7gfqkVndMSRJcMseScmvYwnTc\" data-lark-html-role=\"root\" data-docx-has-block-data=\"false\">\n<div class=\"ace-line ace-line old-record-id-JoRkfpho8dOkiacEOascDyCOncb\">\n<div data-page-id=\"KJ7gfqkVndMSRJcMseScmvYwnTc\" data-lark-html-role=\"root\" data-docx-has-block-data=\"false\">\n<div data-page-id=\"Ju6ofQ3V4dGmePcVvJvc1gmcnZb\" data-lark-html-role=\"root\" data-docx-has-block-data=\"true\">\n<div data-page-id=\"PR9ife5PLdFabccbFgZcWgZOnTc\" data-lark-html-role=\"root\" data-docx-has-block-data=\"false\">\n<div data-page-id=\"INdrfOIGzdaenXcptrcc1BcznQc\" data-lark-html-role=\"root\" data-docx-has-block-data=\"false\">\n<div class=\"ace-line ace-line old-record-id-P0fIf4YaZdoGkbcxt5ackec2nnb\">\n<div data-page-id=\"INdrfOIGzdaenXcptrcc1BcznQc\" data-lark-html-role=\"root\" data-docx-has-block-data=\"false\">\n<div data-page-id=\"MAzCfUB73dMTQscm8eWcougVn1g\" data-lark-html-role=\"root\" data-docx-has-block-data=\"true\">\n<div data-page-id=\"AXfpf7H1odhDvGcKoUOcErN8nV7\" data-lark-html-role=\"root\" data-docx-has-block-data=\"false\">\n<div data-page-id=\"QYTKf5PvLdUNdbce2nBcW9yfnrh\" data-lark-html-role=\"root\" data-docx-has-block-data=\"false\">\n<div data-page-id=\"Pvu1f1CCBdxbjncA9pgcBTpanph\" data-lark-html-role=\"root\" data-docx-has-block-data=\"true\">\n<div data-page-id=\"Axf3fcmY8dDAhtcjVircBcphnPc\" data-lark-html-role=\"root\" data-docx-has-block-data=\"false\">\n<div data-page-id=\"KKj1f9SPmdLhhMc5E2AcNlLen6f\" data-lark-html-role=\"root\" data-docx-has-block-data=\"true\">\n<div data-page-id=\"Rx61fK1sJdXHjPcBuhZcweNhnwc\" data-lark-html-role=\"root\" data-docx-has-block-data=\"false\">\n<div data-page-id=\"L1H9fkG9Mdz45Fcy4WMc5VKXnRe\" data-lark-html-role=\"root\" data-docx-has-block-data=\"false\">\n<div data-page-id=\"L1H9fkG9Mdz45Fcy4WMc5VKXnRe\" data-lark-html-role=\"root\" data-docx-has-block-data=\"false\">\n<div data-page-id=\"D4XLfVBVrdE8mrcaYizczklLnaf\" data-lark-html-role=\"root\" data-docx-has-block-data=\"false\">\n<div data-page-id=\"WVcifIY44d5mhMcXtyEcTsfenGd\" data-lark-html-role=\"root\" data-docx-has-block-data=\"true\">\n<div data-page-id=\"LRknfa6Whd4DWCcUc0FcNKpJnyh\" data-lark-html-role=\"root\" data-docx-has-block-data=\"false\">\n<div data-page-id=\"LRknfa6Whd4DWCcUc0FcNKpJnyh\" data-lark-html-role=\"root\" data-docx-has-block-data=\"false\">\n<div data-page-id=\"XFRAfkcOEdRWh8cArQ2cJdyRnJf\" data-lark-html-role=\"root\" data-docx-has-block-data=\"true\">\n<div data-page-id=\"OQ3bfjnRddMTDGcC3ouc6xFKnWf\" data-lark-html-role=\"root\" data-docx-has-block-data=\"true\">\n<div data-page-id=\"J0iGfj1hEdjc4rcUdSmc4spMnmZ\" data-lark-html-role=\"root\" data-docx-has-block-data=\"false\">\n<div data-page-id=\"P1o7fFyNlduP8tcfZpQcagzbnIf\" data-lark-html-role=\"root\" data-docx-has-block-data=\"false\">\n<div class=\"ace-line ace-line old-record-id-P1o7fFyNlduP8tcfZpQcagzbnIf\">\n<div data-page-id=\"P1o7fFyNlduP8tcfZpQcagzbnIf\" data-lark-html-role=\"root\" data-docx-has-block-data=\"false\">\n<div data-page-id=\"U4iufW38SdttWKcTstMcTtHRnXc\" data-lark-html-role=\"root\" data-docx-has-block-data=\"true\">\n<div data-page-id=\"ONVMf7VTWddcFtcyATOchCJHnZb\" data-lark-html-role=\"root\" data-docx-has-block-data=\"true\">\n<div data-page-id=\"KoW2fSy0PdLHFlc5kSHcgvWMnYg\" data-lark-html-role=\"root\" data-docx-has-block-data=\"false\">\n<div data-page-id=\"KoW2fSy0PdLHFlc5kSHcgvWMnYg\" data-lark-html-role=\"root\" data-docx-has-block-data=\"false\">\n<div data-page-id=\"OLGhfzxC7d7EFIcLEj9cRT5ynZf\" data-lark-html-role=\"root\" data-docx-has-block-data=\"false\">\n<div data-page-id=\"DdnnfrLjzdqrFIc9Il9c7pA2noc\" data-lark-html-role=\"root\" data-docx-has-block-data=\"true\">\n<div data-page-id=\"KNzcf2o0oddkJOcztTVcqPdlnth\" data-lark-html-role=\"root\" data-docx-has-block-data=\"false\">\n<div data-page-id=\"LBU7fg5SEdkWhecGJoxca3xvnCe\" data-lark-html-role=\"root\" data-docx-has-block-data=\"false\">\n<div data-page-id=\"EB70fooS3d69bMcgWB7c5qb9n8g\" data-lark-html-role=\"root\" data-docx-has-block-data=\"false\">\n<div data-page-id=\"AogwfsZCadB6t0cAvF0cK4JLnvf\" data-lark-html-role=\"root\" data-docx-has-block-data=\"false\">\n<div data-page-id=\"AogwfsZCadB6t0cAvF0cK4JLnvf\" data-lark-html-role=\"root\" data-docx-has-block-data=\"false\">\n<div data-page-id=\"JMZIflNGddQuU0c5JZocSqlvnle\" data-lark-html-role=\"root\" data-docx-has-block-data=\"false\">\n<div data-page-id=\"JMZIflNGddQuU0c5JZocSqlvnle\" data-lark-html-role=\"root\" data-docx-has-block-data=\"true\">\n<div data-page-id=\"HtEafjjRIdPAlMc9zgYcsGy6nOe\" data-lark-html-role=\"root\" data-docx-has-block-data=\"false\">\n<div data-page-id=\"Rhnafz0WTdDeT9c43xxczsbVnJo\" data-lark-html-role=\"root\" data-docx-has-block-data=\"false\">\n<div data-page-id=\"WY0CfKdcTdf4hVcZl67ct5LGncf\" data-lark-html-role=\"root\" data-docx-has-block-data=\"true\">\n<div data-page-id=\"MkB5fF4AVdchovcoPEpc7LqvnOd\" data-lark-html-role=\"root\" data-docx-has-block-data=\"true\">\n<div data-page-id=\"MfbjfZhbhdJdA8cH1dAckqF0n6g\" data-lark-html-role=\"root\" data-docx-has-block-data=\"false\">\n<div class=\"ace-line ace-line old-record-id-W2AHfJLnjd7ugjcRLs1c8BdhnNh\">\n<div data-page-id=\"MfbjfZhbhdJdA8cH1dAckqF0n6g\" data-lark-html-role=\"root\" data-docx-has-block-data=\"false\">\n<div class=\"old-record-id-XXd1feeCZdR2hJc6evocxnh1nOg\">\n<div data-page-id=\"MfbjfZhbhdJdA8cH1dAckqF0n6g\" data-lark-html-role=\"root\" data-docx-has-block-data=\"false\">\n<div data-page-id=\"DE51fYUmxdT3ekcHzc3cGrVQnsc\" data-lark-html-role=\"root\" data-docx-has-block-data=\"false\">\n<div data-page-id=\"YSKdfaZ08dRej3ci5CccQBuOncc\" data-lark-html-role=\"root\" data-docx-has-block-data=\"true\">\n<div data-page-id=\"K6mofQmledamEFcgp1EcVobmnYd\" data-lark-html-role=\"root\" data-docx-has-block-data=\"false\">\n<div data-page-id=\"VTgsfVLdCd9q1ucYcwRcCM0Hnof\" data-lark-html-role=\"root\" data-docx-has-block-data=\"true\">\n<div data-page-id=\"WucKfzp8RdNy8rcMJHncz4Knnac\" data-lark-html-role=\"root\" data-docx-has-block-data=\"true\">\n<div data-page-id=\"IfZ9fDIBLd9b9hcJiqGcLw9Pnmh\" data-lark-html-role=\"root\" data-docx-has-block-data=\"false\">\n<div data-page-id=\"JeU6f3Yq5dbdEHcZDptc5ikcn5c\" data-lark-html-role=\"root\" data-docx-has-block-data=\"true\">\n<div data-page-id=\"E1YjfnB4Jdmtsfc2ZObcu04Un6c\" data-lark-html-role=\"root\" data-docx-has-block-data=\"false\">\n<h2 data-path-to-node=\"0\">Uwin Shisha Hookah Crystal 20000 Puffs: Solo un gioco di numeri, o l'evoluzione definitiva dell'E-Shisha?<\/h2>\n<p data-path-to-node=\"1\">In un'industria del vaping che cambia come il vento, i dispositivi portatili standard non sono pi\u00f9 sufficienti per soddisfare i palati pi\u00f9 esigenti. Una nuova categoria sta emergendo, unendo l'anima ritualistica di una tradizionale lounge sociale con il ritmo frenetico della vita moderna\u2014il <b data-path-to-node=\"1\" data-index-in-node=\"275\">Uwin Shisha Hookah Crystal 20000 Puffs<\/b>.<\/p>\n<p data-path-to-node=\"2\">Non \u00e8 solo un altro dispositivo monouso; \u00e8 un tributo ad alta fedelt\u00e0 all'arte della ricerca di nuvole. Progettato per coloro che rifiutano di compromessi tra portabilit\u00e0 e prestazioni, questo dispositivo racchiude il vapore voluminoso e l'aspirazione senza sforzo di un tradizionale tubo narghil\u00e8 all'interno di uno chassis elegante e cristallino.<\/p>\n<h2 data-path-to-node=\"4\">Un'immersione profonda di 20000 respiri: pi\u00f9 di una semplice vittoria della resistenza<\/h2>\n<p data-path-to-node=\"5\">Se hai mai provato la frustrazione di un dispositivo monouso che \u201cmuore\u201d o ha un sapore \u201cbruciato\u201d proprio quando ne hai pi\u00f9 bisogno, il Uwin Shisha Hookah Crystal 20000 Puffs arriva come una boccata d'aria fresca. Con un <b data-path-to-node=\"5\" data-index-in-node=\"175\">serbatoio da 22ml<\/b>, non \u00e8 una fugace avventura del fine settimana\u2014\u00e8 un compagno affidabile progettato per durare settimane, offrendo un viaggio coerente dal primo al ventimillesimo puff.<\/p>\n<h3 data-path-to-node=\"6\">\ud83c\udf2c\ufe0f Approfondimento del settore: perch\u00e9 DTL (Direct-to-Lung) \u00e8 l'anima dello Shisha?<\/h3>\n<p data-path-to-node=\"7\">La maggior parte dei dispositivi monouso standard utilizza un'aspirazione Mouth-to-Lung (MTL), imitando la resistenza stretta di una sigaretta. Il Uwin Shisha Hookah Crystal 20K \u00e8 costruito per <b data-path-to-node=\"7\" data-index-in-node=\"146\">Diretta ai Polmoni (DTL)<\/b>. Con canali di flusso d'aria significativamente pi\u00f9 ampi, il vapore bypassa la fase di \u201ctrattenimento\u201d in bocca e viaggia direttamente ai polmoni. Questo crea una sensazione pi\u00f9 fresca e voluminosa che replica perfettamente il flusso fluido di un tubo ad acqua premium.<\/p>\n<h2 data-path-to-node=\"9\">Decostruzione dell'architettura: il segreto delle nuvole lisce come la seta<\/h2>\n<p data-path-to-node=\"10\">Guidare 22ml di liquido elettronico mantenendo la stabilit\u00e0 su 20000 puffs richiede pi\u00f9 di un semplice serbatoio grande; richiede una revisione completa del \u201cmotore\u201d interno.<\/p>\n<h3 data-path-to-node=\"11\">Specifiche tecniche e matrice di prestazioni<\/h3>\n<table data-path-to-node=\"12\">\n<thead>\n<tr>\n<td><strong>Componente principale<\/strong><\/td>\n<td><strong>Specifiche<\/strong><\/td>\n<td><strong>Vantaggio operativo<\/strong><\/td>\n<\/tr>\n<\/thead>\n<tbody>\n<tr>\n<td><span data-path-to-node=\"12,1,0,0\"><b data-path-to-node=\"12,1,0,0\" data-index-in-node=\"0\">Valutazione della Resistenza<\/b><\/span><\/td>\n<td><span data-path-to-node=\"12,1,1,0\">~20000 Puffs<\/span><\/td>\n<td><span data-path-to-node=\"12,1,2,0\">Durata ultra-lunga, riducendo al minimo la necessit\u00e0 di sostituzioni frequenti.<\/span><\/td>\n<\/tr>\n<tr>\n<td><span data-path-to-node=\"12,2,0,0\"><b data-path-to-node=\"12,2,0,0\" data-index-in-node=\"0\">Serbatoio di liquido<\/b><\/span><\/td>\n<td><span data-path-to-node=\"12,2,1,0\">22ml pre-riempito<\/span><\/td>\n<td><span data-path-to-node=\"12,2,2,0\">Garantisce che lo stoppino in cotone rimanga saturo anche durante il vaping intenso.<\/span><\/td>\n<\/tr>\n<tr>\n<td><span data-path-to-node=\"12,3,0,0\"><b data-path-to-node=\"12,3,0,0\" data-index-in-node=\"0\">Hub di alimentazione<\/b><\/span><\/td>\n<td><span data-path-to-node=\"12,3,1,0\">650mAh (Type-C)<\/span><\/td>\n<td><span data-path-to-node=\"12,3,2,0\">Le capacit\u00e0 di ricarica rapida significano che il tuo tempo di inattivit\u00e0 non \u00e8 pi\u00f9 lungo di una pausa caff\u00e8.<\/span><\/td>\n<\/tr>\n<tr>\n<td><span data-path-to-node=\"12,4,0,0\"><b data-path-to-node=\"12,4,0,0\" data-index-in-node=\"0\">Tecnologia di Atomizzazione<\/b><\/span><\/td>\n<td><span data-path-to-node=\"12,4,1,0\">Coil Mesh Premium<\/span><\/td>\n<td><span data-path-to-node=\"12,4,2,0\">La struttura di riscaldamento a nido d'ape previene i colpi secchi e garantisce la purezza del sapore.<\/span><\/td>\n<\/tr>\n<tr>\n<td><span data-path-to-node=\"12,5,0,0\"><b data-path-to-node=\"12,5,0,0\" data-index-in-node=\"0\">Stile di Vaping<\/b><\/span><\/td>\n<td><span data-path-to-node=\"12,5,1,0\">Direct To Lung (DTL)<\/span><\/td>\n<td><span data-path-to-node=\"12,5,2,0\">Open airflow per quel caratteristico, senza sforzo \u201cShisha\u201d inhale.<\/span><\/td>\n<\/tr>\n<tr>\n<td><span data-path-to-node=\"12,6,0,0\"><b data-path-to-node=\"12,6,0,0\" data-index-in-node=\"0\">Nicotine Gradients<\/b><\/span><\/td>\n<td><span data-path-to-node=\"12,6,1,0\">0% \/ 2% \/ 3% \/ 5%<\/span><\/td>\n<td><span data-path-to-node=\"12,6,2,0\">Opzioni versatili che vanno dall'aroma puro alla profonda soddisfazione.<\/span><\/td>\n<\/tr>\n<\/tbody>\n<\/table>\n<h3 data-path-to-node=\"14\">The 650mAh Kinetic Power System<\/h3>\n<p data-path-to-node=\"15\">La logica dietro il Uwin Shisha Hookah Crystal 20000 Puffs \u00e8 la distribuzione dinamica della potenza. Nonostante la sua forma compatta, la batteria ad alta velocit\u00e0 650mAh, abbinata a <b data-path-to-node=\"15\" data-index-in-node=\"133\">ricarica veloce Type-C<\/b>, assicura che il dispositivo possa scaricare l'amperaggio elevato necessario per attivare il <b data-path-to-node=\"15\" data-index-in-node=\"225\">Sub-Ohm Mesh Coil<\/b> istantaneamente. Non c'\u00e8 tempo di riscaldamento\u2014solo vapore istantaneo e denso.<\/p>\n<h4 data-path-to-node=\"16\">Perch\u00e9 la Mesh Coil \u00e8 un Game Changer<\/h4>\n<p data-path-to-node=\"17\">Le tradizionali bobine in filo si riscaldano in modo non uniforme, spesso bruciando il liquido. La struttura mesh di Uwin crea un'area di superficie massiccia che non solo \u201cbrucia\u201d il succo\u2014lo \u201csublima\u201d. Questo riscaldamento delicato e uniforme \u00e8 ci\u00f2 che preserva le note delicate e multistratificate dei profili aromatici.<\/p>\n<h2 data-path-to-node=\"19\">Trovare la Tua Firma Aromatica: Una Sinfonia di 12 Sapori<\/h2>\n<p data-path-to-node=\"20\">I profili di sapore del Uwin Shisha Crystal 20000 Puffs non sono solo semplici dolcezze; sono istantanee di esperienze sensoriali. Ecco la collezione completa di 12 miscele magistralmente realizzate:<\/p>\n<h3 data-path-to-node=\"21\">\ud83c\udf47 The Frost Series: Un Frutteto nell'Artico<\/h3>\n<ol start=\"1\" data-path-to-node=\"22\">\n<li>\n<p data-path-to-node=\"22,0,0\"><b data-path-to-node=\"22,0,0\" data-index-in-node=\"0\">Blueberry On Ice:<\/b> Note di bacche profonde racchiuse in uno strato di brina\u2014croccante, pulita e sostanzialmente fruttata.<\/p>\n<\/li>\n<li>\n<p data-path-to-node=\"22,1,0\"><b data-path-to-node=\"22,1,0\" data-index-in-node=\"0\">Grape Ice:<\/b> Come un'esplosione di succo d'uva Concord congelato che raffredda istantaneamente il palato.<\/p>\n<\/li>\n<li>\n<p data-path-to-node=\"22,2,0\"><b data-path-to-node=\"22,2,0\" data-index-in-node=\"0\">Watermelon Ice:<\/b> La sensazione di affettare un'anguria coperta di brina a mezzogiorno in piena estate.<\/p>\n<\/li>\n<li>\n<p data-path-to-node=\"22,3,0\"><b data-path-to-node=\"22,3,0\" data-index-in-node=\"0\">Cherry Ice:<\/b> Una sofisticata collisione di frutta di pietra aspra e una finitura gelida.<\/p>\n<\/li>\n<li>\n<p data-path-to-node=\"22,4,0\"><b data-path-to-node=\"22,4,0\" data-index-in-node=\"0\">Strawberry Ice:<\/b> Dolcezza di primula congelata nel tempo; un sogno nostalgico e dal colore rosa.<\/p>\n<\/li>\n<li>\n<p data-path-to-node=\"22,5,0\"><b data-path-to-node=\"22,5,0\" data-index-in-node=\"0\">Peach Ice:<\/b> Come mordere una pesca matura al sole che \u00e8 stata raffreddata dalla rugiada mattutina.<\/p>\n<\/li>\n<\/ol>\n<h3 data-path-to-node=\"23\">\ud83c\udf53 The Fusion Series: Un Caleidoscopio di Gusto<\/h3>\n<ol start=\"7\" data-path-to-node=\"24\">\n<li>\n<p data-path-to-node=\"24,0,0\"><b data-path-to-node=\"24,0,0\" data-index-in-node=\"0\">Mirtillo Lampone:<\/b> Un duetto bacca su bacca, equilibrando la dolcezza della foresta con un pizzico di lampone piccante.<\/p>\n<\/li>\n<li>\n<p data-path-to-node=\"24,1,0\"><b data-path-to-node=\"24,1,0\" data-index-in-node=\"0\">Strawberry Watermelon:<\/b> L'accoppiamento di frutti rossi definitivo; la morbidezza della fragola incontra la croccantezza ariosa dell'anguria.<\/p>\n<\/li>\n<li>\n<p data-path-to-node=\"24,2,0\"><b data-path-to-node=\"24,2,0\" data-index-in-node=\"0\">Mixed Berries:<\/b> Un medley complesso dove ogni boccata rivela una sfaccettatura diversa del frutteto.<\/p>\n<\/li>\n<li>\n<p data-path-to-node=\"24,3,0\"><b data-path-to-node=\"24,3,0\" data-index-in-node=\"0\">Strawberry Kiwi:<\/b> L'equilibrio classico di frutta dolce da giardino e il tangibile pizzico di kiwi esotico.<\/p>\n<\/li>\n<\/ol>\n<h3 data-path-to-node=\"25\">\ud83c\udf34 The Exotic Series: Mystery and Adventure<\/h3>\n<ol start=\"11\" data-path-to-node=\"26\">\n<li>\n<p data-path-to-node=\"26,0,0\"><b data-path-to-node=\"26,0,0\" data-index-in-node=\"0\">Kiwi Passion Fruit Guava:<\/b> Una triade tropicale che cattura la texture vellutata e l'anima aromatica di una fuga su un'isola.<\/p>\n<\/li>\n<li>\n<p data-path-to-node=\"26,1,0\"><b data-path-to-node=\"26,1,0\" data-index-in-node=\"0\">Love 66:<\/b> Un omaggio leggendario ai menu classici della shisha; un blend ambiguo e romantico di melone, fiori e menta.<\/p>\n<\/li>\n<\/ol>\n<p><img decoding=\"async\" class=\"alignnone wp-image-6070 size-full\" title=\"Poster Uwin Shisha Hookah Crystal 20k\" src=\"https:\/\/oiovape.com\/wp-content\/uploads\/2026\/01\/Uwin-Shisha-Hookah-Crystal-20k-poster-scaled.jpg\" alt=\"Poster Uwin Shisha Hookah Crystal 20k\" width=\"1386\" height=\"2560\" srcset=\"https:\/\/oiovape.com\/wp-content\/uploads\/2026\/01\/Uwin-Shisha-Hookah-Crystal-20k-poster-scaled.jpg 1386w, https:\/\/oiovape.com\/wp-content\/uploads\/2026\/01\/Uwin-Shisha-Hookah-Crystal-20k-poster-162x300.jpg 162w, https:\/\/oiovape.com\/wp-content\/uploads\/2026\/01\/Uwin-Shisha-Hookah-Crystal-20k-poster-555x1024.jpg 555w, https:\/\/oiovape.com\/wp-content\/uploads\/2026\/01\/Uwin-Shisha-Hookah-Crystal-20k-poster-768x1418.jpg 768w, https:\/\/oiovape.com\/wp-content\/uploads\/2026\/01\/Uwin-Shisha-Hookah-Crystal-20k-poster-832x1536.jpg 832w, https:\/\/oiovape.com\/wp-content\/uploads\/2026\/01\/Uwin-Shisha-Hookah-Crystal-20k-poster-1109x2048.jpg 1109w, https:\/\/oiovape.com\/wp-content\/uploads\/2026\/01\/Uwin-Shisha-Hookah-Crystal-20k-poster-6x12.jpg 6w, https:\/\/oiovape.com\/wp-content\/uploads\/2026\/01\/Uwin-Shisha-Hookah-Crystal-20k-poster-1200x2216.jpg 1200w, https:\/\/oiovape.com\/wp-content\/uploads\/2026\/01\/Uwin-Shisha-Hookah-Crystal-20k-poster-150x277.jpg 150w\" sizes=\"(max-width: 1386px) 100vw, 1386px\" \/><\/p>\n<h2 data-path-to-node=\"28\">Logistica e Vantaggio Wholesale<\/h2>\n<p data-path-to-node=\"29\">Per i nostri partner retail, il Uwin Shisha Crystal 20000 Puffs \u00e8 progettato con efficienza commerciale in mente. La sua forma snella e le dimensioni di imballaggio ottimizzate assicurano che durante la spedizione internazionale\u2014che sia verso la Germania, i Paesi Bassi, il Belgio o la Spagna\u2014lo spazio di stoccaggio sia massimizzato e i costi logistici siano minimizzati.<\/p>\n<blockquote data-path-to-node=\"30\">\n<p data-path-to-node=\"30,0\"><b data-path-to-node=\"30,0\" data-index-in-node=\"0\">\ud83d\udca1 Osservazione Retail:<\/b> Con la maturazione del mercato DTL, il Uwin Crystal\u2014con la sua resistenza di 20000 puff e l'estetica \u201cCrystal\u201d\u2014sta rapidamente diventando il fulcro dello scaffale. Non \u00e8 solo un prodotto; \u00e8 un motore ad alta retention per il tuo business.<\/p>\n<\/blockquote>\n<\/div>\n<\/div>\n<\/div>\n<\/div>\n<\/div>\n<\/div>\n<\/div>\n<\/div>\n<\/div>\n<\/div>\n<\/div>\n<\/div>\n<\/div>\n<\/div>\n<\/div>\n<\/div>\n<\/div>\n<\/div>\n<\/div>\n<\/div>\n<\/div>\n<\/div>\n<\/div>\n<\/div>\n<\/div>\n<\/div>\n<\/div>\n<\/div>\n<\/div>\n<\/div>\n<\/div>\n<\/div>\n<\/div>\n<\/div>\n<\/div>\n<\/div>\n<\/div>\n<\/div>\n<\/div>\n<\/div>\n<\/div>\n<\/div>\n<\/div>\n<\/div>\n<\/div>\n<\/div>\n<\/div>\n<\/div>\n<\/div>\n<\/div>\n<\/div>\n<\/div>\n<\/div>\n<\/div>\n<\/div>\n<\/div>\n<\/div>\n<\/div>\n<\/div>\n<\/div>\n<\/div>\n<\/div>\n<\/div>\n<\/div>\n<\/div>\n<\/div>\n<\/div>\n<\/div>\n<\/div>\n<\/div>\n<\/div>\n<\/div>\n<\/div>","protected":false},"excerpt":{"rendered":"<div data-page-id=\"RAopf2sw9dtvw4cWYXpcTwo0n8g\" data-lark-html-role=\"root\" data-docx-has-block-data=\"false\">\n<div class=\"ace-line ace-line old-record-id-Uju9f3RXYd8dh2crAJbcBF3Un6M\">Uwin Shisha Hookah Crystal 20000 Puffs offre 20.000 tiri morbidi con 12 sapori vivaci, da miscele di frutta ghiacciate a classici unici come Cherry Cola e Mr Blue. Ha una capacit\u00e0 di 22 ml, una batteria ricaricabile Type-C da 650 mAh e una bobina in mesh di alta qualit\u00e0, oltre a opzioni di nicotina 0%-5% per tutte le preferenze\u2014vaping DTL al suo meglio!<\/div>\n<\/div>","protected":false},"featured_media":6080,"comment_status":"open","ping_status":"closed","template":"","meta":{"_acf_changed":false,"inline_featured_image":false,"_sitemap_exclude":false,"_sitemap_priority":"","_sitemap_frequency":""},"product_brand":[309],"product_cat":[310,383,239,249],"product_tag":[],"class_list":{"0":"post-6067","1":"product","2":"type-product","3":"status-publish","4":"has-post-thumbnail","6":"product_brand-uwin","7":"product_cat-uwin-puff","8":"product_cat-shisha-vape","9":"product_cat-disposable-vape-collection","10":"product_cat-20k-puffs","12":"first","13":"instock","14":"sale","15":"shipping-taxable","16":"purchasable","17":"product-type-variable","18":"has-default-attributes"},"acf":[],"tiered_pricing_type":"fixed","tiered_pricing_fixed_rules":{"30":7.12,"60":6.49,"100":6.03,"200":5.59},"tiered_pricing_product_settings":{"layout":"default","base_unit_name":{"singular":null,"plural":null},"default_variation":null},"tiered_pricing_minimum_quantity":10,"tiered_pricing_roles_data":[],"tiered_pricing_percentage_rules":[],"tiered_pricing_maximum_quantity":null,"tiered_pricing_quantity_step":"10","_links":{"self":[{"href":"https:\/\/oiovape.com\/it\/wp-json\/wp\/v2\/product\/6067","targetHints":{"allow":["GET"]}}],"collection":[{"href":"https:\/\/oiovape.com\/it\/wp-json\/wp\/v2\/product"}],"about":[{"href":"https:\/\/oiovape.com\/it\/wp-json\/wp\/v2\/types\/product"}],"replies":[{"embeddable":true,"href":"https:\/\/oiovape.com\/it\/wp-json\/wp\/v2\/comments?post=6067"}],"version-history":[{"count":0,"href":"https:\/\/oiovape.com\/it\/wp-json\/wp\/v2\/product\/6067\/revisions"}],"wp:featuredmedia":[{"embeddable":true,"href":"https:\/\/oiovape.com\/it\/wp-json\/wp\/v2\/media\/6080"}],"wp:attachment":[{"href":"https:\/\/oiovape.com\/it\/wp-json\/wp\/v2\/media?parent=6067"}],"wp:term":[{"taxonomy":"product_brand","embeddable":true,"href":"https:\/\/oiovape.com\/it\/wp-json\/wp\/v2\/product_brand?post=6067"},{"taxonomy":"product_cat","embeddable":true,"href":"https:\/\/oiovape.com\/it\/wp-json\/wp\/v2\/product_cat?post=6067"},{"taxonomy":"product_tag","embeddable":true,"href":"https:\/\/oiovape.com\/it\/wp-json\/wp\/v2\/product_tag?post=6067"}],"curies":[{"name":"wp","href":"https:\/\/api.w.org\/{rel}","templated":true}]}}