{"id":6257,"date":"2026-01-27T15:55:08","date_gmt":"2026-01-27T07:55:08","guid":{"rendered":"https:\/\/oiovape.com\/?post_type=product&#038;p=6257"},"modified":"2026-04-16T14:44:43","modified_gmt":"2026-04-16T06:44:43","slug":"uwin-randm-twins-crystal-40000-puffs","status":"publish","type":"product","link":"https:\/\/oiovape.com\/it\/product\/uwin-randm-twins-crystal-40000-puffs\/","title":{"rendered":"Uwin RandM Twins Crystal 40000 PUFFS Mesh Coil 650mAh Batteria Ricaricabile Vape Con Acquisto all'Ingrosso"},"content":{"rendered":"<div data-page-id=\"ZVeMfq8uxd7y1ycuKm5cym4LnYd\" data-lark-html-role=\"root\" data-docx-has-block-data=\"false\">\n<div data-page-id=\"Fd41fZ5N9dzRQtcRNoVc2FuDnCh\" data-lark-html-role=\"root\" data-docx-has-block-data=\"true\">\n<div data-page-id=\"BdIJfeeijdk1eucGpS8cDCBBn5c\" data-lark-html-role=\"root\" data-docx-has-block-data=\"false\">\n<div data-page-id=\"Zbg9fWx77dUuh2cIYpic25c8nyd\" data-lark-html-role=\"root\" data-docx-has-block-data=\"false\">\n<div data-page-id=\"KaIvfiurhdlCKdc0kyxcX64cnE6\" data-lark-html-role=\"root\" data-docx-has-block-data=\"true\">\n<div data-page-id=\"PbvFfqxqlddUTScRpEYcY5MHnpf\" data-lark-html-role=\"root\" data-docx-has-block-data=\"true\">\n<div data-page-id=\"GZO2f5JeudwY4jc9iJtcdk9Hnxh\" data-lark-html-role=\"root\" data-docx-has-block-data=\"false\">\n<div data-page-id=\"EZVRf2acFduXLGcseZFc4qH2n6e\" data-lark-html-role=\"root\" data-docx-has-block-data=\"false\">\n<div data-page-id=\"B8rHfcqlqdzmH5cCWCncz17Cntb\" data-lark-html-role=\"root\" data-docx-has-block-data=\"false\">\n<div data-page-id=\"B8rHfcqlqdzmH5cCWCncz17Cntb\" data-lark-html-role=\"root\" data-docx-has-block-data=\"false\">\n<div data-page-id=\"B8rHfcqlqdzmH5cCWCncz17Cntb\" data-lark-html-role=\"root\" data-docx-has-block-data=\"true\">\n<div data-page-id=\"HM70f1aoxdD0bMcxJZBcVc7ynZd\" data-lark-html-role=\"root\" data-docx-has-block-data=\"false\">\n<div data-page-id=\"NSrJfN7Ord22i0c1iwZcsF8yn8b\" data-lark-html-role=\"root\" data-docx-has-block-data=\"false\">\n<div data-page-id=\"RXEff4Mskds8o1cqL5HcGEtUnCh\" data-lark-html-role=\"root\" data-docx-has-block-data=\"false\">\n<div data-page-id=\"KJ7gfqkVndMSRJcMseScmvYwnTc\" data-lark-html-role=\"root\" data-docx-has-block-data=\"false\">\n<div class=\"ace-line ace-line old-record-id-QADAfETPudgmudc05YvcTO5fnxe\">\n<div data-page-id=\"KJ7gfqkVndMSRJcMseScmvYwnTc\" data-lark-html-role=\"root\" data-docx-has-block-data=\"false\">\n<div class=\"ace-line ace-line old-record-id-JoRkfpho8dOkiacEOascDyCOncb\">\n<div data-page-id=\"KJ7gfqkVndMSRJcMseScmvYwnTc\" data-lark-html-role=\"root\" data-docx-has-block-data=\"false\">\n<div data-page-id=\"Ju6ofQ3V4dGmePcVvJvc1gmcnZb\" data-lark-html-role=\"root\" data-docx-has-block-data=\"true\">\n<div data-page-id=\"PR9ife5PLdFabccbFgZcWgZOnTc\" data-lark-html-role=\"root\" data-docx-has-block-data=\"false\">\n<div data-page-id=\"INdrfOIGzdaenXcptrcc1BcznQc\" data-lark-html-role=\"root\" data-docx-has-block-data=\"false\">\n<div class=\"ace-line ace-line old-record-id-P0fIf4YaZdoGkbcxt5ackec2nnb\">\n<div data-page-id=\"INdrfOIGzdaenXcptrcc1BcznQc\" data-lark-html-role=\"root\" data-docx-has-block-data=\"false\">\n<div data-page-id=\"MAzCfUB73dMTQscm8eWcougVn1g\" data-lark-html-role=\"root\" data-docx-has-block-data=\"true\">\n<div data-page-id=\"AXfpf7H1odhDvGcKoUOcErN8nV7\" data-lark-html-role=\"root\" data-docx-has-block-data=\"false\">\n<div data-page-id=\"QYTKf5PvLdUNdbce2nBcW9yfnrh\" data-lark-html-role=\"root\" data-docx-has-block-data=\"false\">\n<div data-page-id=\"Pvu1f1CCBdxbjncA9pgcBTpanph\" data-lark-html-role=\"root\" data-docx-has-block-data=\"true\">\n<div data-page-id=\"Axf3fcmY8dDAhtcjVircBcphnPc\" data-lark-html-role=\"root\" data-docx-has-block-data=\"false\">\n<div data-page-id=\"KKj1f9SPmdLhhMc5E2AcNlLen6f\" data-lark-html-role=\"root\" data-docx-has-block-data=\"true\">\n<div data-page-id=\"Rx61fK1sJdXHjPcBuhZcweNhnwc\" data-lark-html-role=\"root\" data-docx-has-block-data=\"false\">\n<div data-page-id=\"L1H9fkG9Mdz45Fcy4WMc5VKXnRe\" data-lark-html-role=\"root\" data-docx-has-block-data=\"false\">\n<div data-page-id=\"L1H9fkG9Mdz45Fcy4WMc5VKXnRe\" data-lark-html-role=\"root\" data-docx-has-block-data=\"false\">\n<div data-page-id=\"D4XLfVBVrdE8mrcaYizczklLnaf\" data-lark-html-role=\"root\" data-docx-has-block-data=\"false\">\n<div data-page-id=\"WVcifIY44d5mhMcXtyEcTsfenGd\" data-lark-html-role=\"root\" data-docx-has-block-data=\"true\">\n<div data-page-id=\"LRknfa6Whd4DWCcUc0FcNKpJnyh\" data-lark-html-role=\"root\" data-docx-has-block-data=\"false\">\n<div data-page-id=\"LRknfa6Whd4DWCcUc0FcNKpJnyh\" data-lark-html-role=\"root\" data-docx-has-block-data=\"false\">\n<div data-page-id=\"XFRAfkcOEdRWh8cArQ2cJdyRnJf\" data-lark-html-role=\"root\" data-docx-has-block-data=\"true\">\n<div data-page-id=\"OQ3bfjnRddMTDGcC3ouc6xFKnWf\" data-lark-html-role=\"root\" data-docx-has-block-data=\"true\">\n<div data-page-id=\"J0iGfj1hEdjc4rcUdSmc4spMnmZ\" data-lark-html-role=\"root\" data-docx-has-block-data=\"false\">\n<div data-page-id=\"P1o7fFyNlduP8tcfZpQcagzbnIf\" data-lark-html-role=\"root\" data-docx-has-block-data=\"false\">\n<div class=\"ace-line ace-line old-record-id-P1o7fFyNlduP8tcfZpQcagzbnIf\">\n<div data-page-id=\"P1o7fFyNlduP8tcfZpQcagzbnIf\" data-lark-html-role=\"root\" data-docx-has-block-data=\"false\">\n<div data-page-id=\"U4iufW38SdttWKcTstMcTtHRnXc\" data-lark-html-role=\"root\" data-docx-has-block-data=\"true\">\n<div data-page-id=\"ONVMf7VTWddcFtcyATOchCJHnZb\" data-lark-html-role=\"root\" data-docx-has-block-data=\"true\">\n<div data-page-id=\"KoW2fSy0PdLHFlc5kSHcgvWMnYg\" data-lark-html-role=\"root\" data-docx-has-block-data=\"false\">\n<div data-page-id=\"KoW2fSy0PdLHFlc5kSHcgvWMnYg\" data-lark-html-role=\"root\" data-docx-has-block-data=\"false\">\n<div data-page-id=\"OLGhfzxC7d7EFIcLEj9cRT5ynZf\" data-lark-html-role=\"root\" data-docx-has-block-data=\"false\">\n<div data-page-id=\"DdnnfrLjzdqrFIc9Il9c7pA2noc\" data-lark-html-role=\"root\" data-docx-has-block-data=\"true\">\n<div data-page-id=\"KNzcf2o0oddkJOcztTVcqPdlnth\" data-lark-html-role=\"root\" data-docx-has-block-data=\"false\">\n<div data-page-id=\"LBU7fg5SEdkWhecGJoxca3xvnCe\" data-lark-html-role=\"root\" data-docx-has-block-data=\"false\">\n<div data-page-id=\"EB70fooS3d69bMcgWB7c5qb9n8g\" data-lark-html-role=\"root\" data-docx-has-block-data=\"false\">\n<div data-page-id=\"AogwfsZCadB6t0cAvF0cK4JLnvf\" data-lark-html-role=\"root\" data-docx-has-block-data=\"false\">\n<div data-page-id=\"AogwfsZCadB6t0cAvF0cK4JLnvf\" data-lark-html-role=\"root\" data-docx-has-block-data=\"false\">\n<div data-page-id=\"JMZIflNGddQuU0c5JZocSqlvnle\" data-lark-html-role=\"root\" data-docx-has-block-data=\"false\">\n<div data-page-id=\"JMZIflNGddQuU0c5JZocSqlvnle\" data-lark-html-role=\"root\" data-docx-has-block-data=\"true\">\n<div data-page-id=\"HtEafjjRIdPAlMc9zgYcsGy6nOe\" data-lark-html-role=\"root\" data-docx-has-block-data=\"false\">\n<div data-page-id=\"Rhnafz0WTdDeT9c43xxczsbVnJo\" data-lark-html-role=\"root\" data-docx-has-block-data=\"false\">\n<div data-page-id=\"WY0CfKdcTdf4hVcZl67ct5LGncf\" data-lark-html-role=\"root\" data-docx-has-block-data=\"true\">\n<div data-page-id=\"MkB5fF4AVdchovcoPEpc7LqvnOd\" data-lark-html-role=\"root\" data-docx-has-block-data=\"true\">\n<div data-page-id=\"MfbjfZhbhdJdA8cH1dAckqF0n6g\" data-lark-html-role=\"root\" data-docx-has-block-data=\"false\">\n<div class=\"ace-line ace-line old-record-id-W2AHfJLnjd7ugjcRLs1c8BdhnNh\">\n<div data-page-id=\"MfbjfZhbhdJdA8cH1dAckqF0n6g\" data-lark-html-role=\"root\" data-docx-has-block-data=\"false\">\n<div class=\"old-record-id-XXd1feeCZdR2hJc6evocxnh1nOg\">\n<div data-page-id=\"MfbjfZhbhdJdA8cH1dAckqF0n6g\" data-lark-html-role=\"root\" data-docx-has-block-data=\"false\">\n<div data-page-id=\"DE51fYUmxdT3ekcHzc3cGrVQnsc\" data-lark-html-role=\"root\" data-docx-has-block-data=\"false\">\n<div data-page-id=\"YSKdfaZ08dRej3ci5CccQBuOncc\" data-lark-html-role=\"root\" data-docx-has-block-data=\"true\">\n<div data-page-id=\"K6mofQmledamEFcgp1EcVobmnYd\" data-lark-html-role=\"root\" data-docx-has-block-data=\"false\">\n<div data-page-id=\"VTgsfVLdCd9q1ucYcwRcCM0Hnof\" data-lark-html-role=\"root\" data-docx-has-block-data=\"true\">\n<div data-page-id=\"WucKfzp8RdNy8rcMJHncz4Knnac\" data-lark-html-role=\"root\" data-docx-has-block-data=\"true\">\n<div data-page-id=\"IfZ9fDIBLd9b9hcJiqGcLw9Pnmh\" data-lark-html-role=\"root\" data-docx-has-block-data=\"false\">\n<div data-page-id=\"JeU6f3Yq5dbdEHcZDptc5ikcn5c\" data-lark-html-role=\"root\" data-docx-has-block-data=\"true\">\n<div data-page-id=\"E1YjfnB4Jdmtsfc2ZObcu04Un6c\" data-lark-html-role=\"root\" data-docx-has-block-data=\"false\">\n<div data-page-id=\"RQVEfdiOzdqTQKcRcnxcG0Y7nce\" data-lark-html-role=\"root\" data-docx-has-block-data=\"true\">\n<h2 data-path-to-node=\"2\">Uwin RandM Twins Crystal 40000 Puffs: Stanco che la Tua Sigaretta Elettronica si Scarichi Troppo Presto?<\/h2>\n<p data-path-to-node=\"3\">Uwin RandM Twins Crystal 40000 Puffs riscrive completamente le aspettative su quanto a lungo un dispositivo dovrebbe durare e come dovrebbe funzionare. Combinando un'estetica audace ispirata all'arte di strada con hardware robusto, questo dispositivo \u00e8 costruito per i vapers che esigono una longevit\u00e0 seria senza sacrificare la qualit\u00e0 del sapore.<\/p>\n<p><img decoding=\"async\" class=\"alignnone wp-image-6269 size-full\" title=\"Uwin RandM Twins Crystal 40000 Puff Banner\" src=\"https:\/\/oiovape.com\/wp-content\/uploads\/2026\/01\/Uwin-RandM-Twins-Crystal-40000-Puffs-Banner.jpg\" alt=\"Uwin RandM Twins Crystal 40000 Puff Banner\" width=\"2400\" height=\"820\" srcset=\"https:\/\/oiovape.com\/wp-content\/uploads\/2026\/01\/Uwin-RandM-Twins-Crystal-40000-Puffs-Banner.jpg 2400w, https:\/\/oiovape.com\/wp-content\/uploads\/2026\/01\/Uwin-RandM-Twins-Crystal-40000-Puffs-Banner-300x103.jpg 300w, https:\/\/oiovape.com\/wp-content\/uploads\/2026\/01\/Uwin-RandM-Twins-Crystal-40000-Puffs-Banner-1024x350.jpg 1024w, https:\/\/oiovape.com\/wp-content\/uploads\/2026\/01\/Uwin-RandM-Twins-Crystal-40000-Puffs-Banner-768x262.jpg 768w, https:\/\/oiovape.com\/wp-content\/uploads\/2026\/01\/Uwin-RandM-Twins-Crystal-40000-Puffs-Banner-1536x525.jpg 1536w, https:\/\/oiovape.com\/wp-content\/uploads\/2026\/01\/Uwin-RandM-Twins-Crystal-40000-Puffs-Banner-2048x700.jpg 2048w, https:\/\/oiovape.com\/wp-content\/uploads\/2026\/01\/Uwin-RandM-Twins-Crystal-40000-Puffs-Banner-18x6.jpg 18w, https:\/\/oiovape.com\/wp-content\/uploads\/2026\/01\/Uwin-RandM-Twins-Crystal-40000-Puffs-Banner-1200x410.jpg 1200w, https:\/\/oiovape.com\/wp-content\/uploads\/2026\/01\/Uwin-RandM-Twins-Crystal-40000-Puffs-Banner-150x51.jpg 150w\" sizes=\"(max-width: 2400px) 100vw, 2400px\" \/><\/p>\n<h2 data-path-to-node=\"4\">Una Maratona Assoluta: 40000 Puffs e Ingegneria Dual Mesh<\/h2>\n<p data-path-to-node=\"5\">La maggior parte dei dispositivi monouso sono sprint; Uwin Twins Crystal 40K \u00e8 una corsa di resistenza. Con una capacit\u00e0 massiccia <b data-path-to-node=\"5\" data-index-in-node=\"96\">di 32ml di e-liquid<\/b>, questo dispositivo funge da serbatoio di sapore profondo, fornendo costantemente fino a <b data-path-to-node=\"5\" data-index-in-node=\"200\">40000 tiri<\/b>. Il segreto della sua resistenza \u00e8 il sistema di bobina dual mesh integrato. Piuttosto che affievolirsi o avere un sapore bruciato mentre il liquido diminuisce, il mesh agisce come un motore finemente sintonizzato, garantendo che il tuo ultimo tiro sia denso e vibrante quanto il primo.<\/p>\n<h3 data-path-to-node=\"6\">Due Sapori in Un Dispositivo: Perch\u00e9 Limitare i Tuoi Desideri?<\/h3>\n<p data-path-to-node=\"7\">L'affaticamento del palato capita a tutti, quindi perch\u00e9 accontentarsi di un unico sapore quando puoi portare un menu a doppio canale in tasca? L'innovativo <b data-path-to-node=\"7\" data-index-in-node=\"145\">\u201c2 Sapori in 1\u201d<\/b> design ti permette di passare tra due miscele premium precaricate in una frazione di secondo. Pensa a due colonne sonore distinte per la tua giornata\u2014passa facilmente dal freddo pungente di Blueberry On Ice alla dolcezza luminosa di Summer Peach Ice con un semplice interruttore. Hai il controllo totale dell'atmosfera.<\/p>\n<h4 data-path-to-node=\"8\">Prestazioni Ininterrotte: Il Powerhouse 850mAh e il Display LED Intelligente<\/h4>\n<p data-path-to-node=\"9\">Indovinare quanta succo ti rimane \u00e8 cosa del passato. Uwin RandM Crystal Twins 40000 Puffs presenta un <b data-path-to-node=\"9\" data-index-in-node=\"111\">Smart LED Display<\/b> ad alta definizione che funge da tuo dashboard personale, proiettando in tempo reale la durata della batteria e i livelli di e-liquid. Alimentato da una robusta <b data-path-to-node=\"9\" data-index-in-node=\"243\">Tipo-C<\/b>\u2014un aggiornamento importante rispetto alle celle monouso standard\u2014e <b data-path-to-node=\"9\" data-index-in-node=\"328\">riduce ulteriormente l'ansia per la durata della batteria.<\/b>, rapido, \u00e8 ingegnerizzato per stare al passo con i tuoi giorni pi\u00f9 impegnati senza perdere un colpo.<\/p>\n<h5 data-path-to-node=\"10\">Erogazione di Nicotina Personalizzata: Opzioni da 0% a 5%<\/h5>\n<p data-path-to-node=\"11\">Poich\u00e9 le tue abitudini di vaping sono interamente tue, la forza della nicotina non dovrebbe essere imposta. Offriamo una flessibilit\u00e0 completa con molteplici concentrazioni di nicotina salina: <b data-path-to-node=\"11\" data-index-in-node=\"174\">0%, 2%, 3% e 5%<\/b>. Che tu stia smettendo completamente la nicotina, inseguendo nuvole e sapore puri, o cercando quel colpo alla gola acuto e soddisfacente, c'\u00e8 una configurazione sintonizzata esattamente sul tuo stile di vita.<\/p>\n<h3 data-path-to-node=\"13\">Tabella delle Specifiche<\/h3>\n<table data-path-to-node=\"14\">\n<thead>\n<tr>\n<td><strong>Caratteristica<\/strong><\/td>\n<td><strong>Dettagli<\/strong><\/td>\n<\/tr>\n<\/thead>\n<tbody>\n<tr>\n<td><span data-path-to-node=\"14,1,0,0\"><b data-path-to-node=\"14,1,0,0\" data-index-in-node=\"0\">Conteggio di Tiri<\/b><\/span><\/td>\n<td><span data-path-to-node=\"14,1,1,0\">Fino a 40000 Puffs<\/span><\/td>\n<\/tr>\n<tr>\n<td><span data-path-to-node=\"14,2,0,0\"><b data-path-to-node=\"14,2,0,0\" data-index-in-node=\"0\">Capacit\u00e0 della batteria<\/b><\/span><\/td>\n<td><span data-path-to-node=\"14,2,1,0\">32ml<\/span><\/td>\n<\/tr>\n<tr>\n<td><span data-path-to-node=\"14,3,0,0\"><b data-path-to-node=\"14,3,0,0\" data-index-in-node=\"0\">Batteria<\/b><\/span><\/td>\n<td><span data-path-to-node=\"14,3,1,0\">850mAh (Ricaricabile)<\/span><\/td>\n<\/tr>\n<tr>\n<td><span data-path-to-node=\"14,4,0,0\"><b data-path-to-node=\"14,4,0,0\" data-index-in-node=\"0\">Porta di Ricarica<\/b><\/span><\/td>\n<td><span data-path-to-node=\"14,4,1,0\">, ovviamente\u2014perch\u00e9 nessuno ha tempo per ricariche lente al giorno d'oggi) mantiene il dispositivo in funzione tutto il giorno, con prestazioni costanti dal primo puff all'ultimo. La<\/span><\/td>\n<\/tr>\n<tr>\n<td><span data-path-to-node=\"14,5,0,0\"><b data-path-to-node=\"14,5,0,0\" data-index-in-node=\"0\">Modalit\u00e0 Sapore<\/b><\/span><\/td>\n<td><span data-path-to-node=\"14,5,1,0\">2 Sapori in 1 Dispositivo<\/span><\/td>\n<\/tr>\n<tr>\n<td><span data-path-to-node=\"14,6,0,0\"><b data-path-to-node=\"14,6,0,0\" data-index-in-node=\"0\">Forza della Nicotina<\/b><\/span><\/td>\n<td><span data-path-to-node=\"14,6,1,0\">0% \/ 2% \/ 3% \/ 5%<\/span><\/td>\n<\/tr>\n<tr>\n<td><span data-path-to-node=\"14,7,0,0\"><b data-path-to-node=\"14,7,0,0\" data-index-in-node=\"0\">Tipo di Resistenza<\/b><\/span><\/td>\n<td><span data-path-to-node=\"14,7,1,0\">Dual Mesh Coil<\/span><\/td>\n<\/tr>\n<\/tbody>\n<\/table>\n<h3 data-path-to-node=\"16\">Il Roster di Sapori Uwin RandM Twins Crystal 40000 Puffs (Combo Doppi)<\/h3>\n<ul data-path-to-node=\"17\">\n<li>\n<p data-path-to-node=\"17,0,0\"><b data-path-to-node=\"17,0,0\" data-index-in-node=\"0\">Mirtillo Su Ghiaccio \/ Pesca Estiva Su Ghiaccio<\/b><\/p>\n<\/li>\n<li>\n<p data-path-to-node=\"17,1,0\"><b data-path-to-node=\"17,1,0\" data-index-in-node=\"0\">Pesca Mango Ananas \/ Red Bull<\/b><\/p>\n<\/li>\n<li>\n<p data-path-to-node=\"17,2,0\"><b data-path-to-node=\"17,2,0\" data-index-in-node=\"0\">Fragola Anguria \/ Limone Lime<\/b><\/p>\n<\/li>\n<li>\n<p data-path-to-node=\"17,3,0\"><b data-path-to-node=\"17,3,0\" data-index-in-node=\"0\">Anguria Su Ghiaccio \/ Bacche Miste<\/b><\/p>\n<\/li>\n<li>\n<p data-path-to-node=\"17,4,0\"><b data-path-to-node=\"17,4,0\" data-index-in-node=\"0\">Kiwi Frutto della Passione Guava \/ Due Mele<\/b><\/p>\n<\/li>\n<li>\n<p data-path-to-node=\"17,5,0\"><b data-path-to-node=\"17,5,0\" data-index-in-node=\"0\">Fragola Lampone Ciliegia \/ Mr Blue<\/b><\/p>\n<\/li>\n<li>\n<p data-path-to-node=\"17,6,0\"><b data-path-to-node=\"17,6,0\" data-index-in-node=\"0\">Fragola Kiwi \/ Uva Su Ghiaccio<\/b><\/p>\n<\/li>\n<li>\n<p data-path-to-node=\"17,7,0\"><b data-path-to-node=\"17,7,0\" data-index-in-node=\"0\">Strawberry Banana \/ Love 66<\/b><\/p>\n<\/li>\n<li>\n<p data-path-to-node=\"17,8,0\"><b data-path-to-node=\"17,8,0\" data-index-in-node=\"0\">Mirtillo Lampone \/ Ghiaccio Ciliegia<\/b><\/p>\n<\/li>\n<li>\n<p data-path-to-node=\"17,9,0\"><b data-path-to-node=\"17,9,0\" data-index-in-node=\"0\">Kiwi Frutto della Passione Guava \/ Mirtillo Lampone<\/b><\/p>\n<\/li>\n<\/ul>\n<p><img decoding=\"async\" class=\"alignnone wp-image-8385 size-full\" title=\"Uwin Twins Crystal 40K Sapori\" src=\"https:\/\/oiovape.com\/wp-content\/uploads\/2026\/04\/Uwin-Twins-Crystal-40K-Flavors.jpg\" alt=\"Uwin Twins Crystal 40K Sapori\" width=\"1041\" height=\"1179\" srcset=\"https:\/\/oiovape.com\/wp-content\/uploads\/2026\/04\/Uwin-Twins-Crystal-40K-Flavors.jpg 1041w, https:\/\/oiovape.com\/wp-content\/uploads\/2026\/04\/Uwin-Twins-Crystal-40K-Flavors-265x300.jpg 265w, https:\/\/oiovape.com\/wp-content\/uploads\/2026\/04\/Uwin-Twins-Crystal-40K-Flavors-904x1024.jpg 904w, https:\/\/oiovape.com\/wp-content\/uploads\/2026\/04\/Uwin-Twins-Crystal-40K-Flavors-768x870.jpg 768w, https:\/\/oiovape.com\/wp-content\/uploads\/2026\/04\/Uwin-Twins-Crystal-40K-Flavors-11x12.jpg 11w, https:\/\/oiovape.com\/wp-content\/uploads\/2026\/04\/Uwin-Twins-Crystal-40K-Flavors-150x170.jpg 150w\" sizes=\"(max-width: 1041px) 100vw, 1041px\" \/><\/p>\n<\/div>\n<\/div>\n<\/div>\n<\/div>\n<\/div>\n<\/div>\n<\/div>\n<\/div>\n<\/div>\n<\/div>\n<\/div>\n<\/div>\n<\/div>\n<\/div>\n<\/div>\n<\/div>\n<\/div>\n<\/div>\n<\/div>\n<\/div>\n<\/div>\n<\/div>\n<\/div>\n<\/div>\n<\/div>\n<\/div>\n<\/div>\n<\/div>\n<\/div>\n<\/div>\n<\/div>\n<\/div>\n<\/div>\n<\/div>\n<\/div>\n<\/div>\n<\/div>\n<\/div>\n<\/div>\n<\/div>\n<\/div>\n<\/div>\n<\/div>\n<\/div>\n<\/div>\n<\/div>\n<\/div>\n<\/div>\n<\/div>\n<\/div>\n<\/div>\n<\/div>\n<\/div>\n<\/div>\n<\/div>\n<\/div>\n<\/div>\n<\/div>\n<\/div>\n<\/div>\n<\/div>\n<\/div>\n<\/div>\n<\/div>\n<\/div>\n<\/div>\n<\/div>\n<\/div>\n<\/div>\n<\/div>\n<\/div>\n<\/div>\n<\/div>\n<\/div>","protected":false},"excerpt":{"rendered":"<div data-page-id=\"RAopf2sw9dtvw4cWYXpcTwo0n8g\" data-lark-html-role=\"root\" data-docx-has-block-data=\"false\">\n<div class=\"ace-line ace-line old-record-id-Uju9f3RXYd8dh2crAJbcBF3Un6M\">Uwin RandM Twins Crystal 40000 Puffs presenta 15 set di sapori duali con gusti fruttati e ghiacciati, tutti nelle opzioni di nicotina 0%-5%. Ha 32ml di e-liquid, una batteria ricaricabile Type-C da 650mAh e una coil a maglie per un vapore fluido. Confezionato in 10 pezzi\/scatola, 200 pezzi\/cartone, \u00e8 perfetto per i vapers di tutti i livelli con un'ottima durata di 40K puff.<\/div>\n<\/div>","protected":false},"featured_media":6259,"comment_status":"open","ping_status":"closed","template":"","meta":{"_acf_changed":false,"inline_featured_image":false,"_sitemap_exclude":false,"_sitemap_priority":"","_sitemap_frequency":""},"product_brand":[309],"product_cat":[310,239,244],"product_tag":[],"class_list":{"0":"post-6257","1":"product","2":"type-product","3":"status-publish","4":"has-post-thumbnail","6":"product_brand-uwin","7":"product_cat-uwin-puff","8":"product_cat-disposable-vape-collection","9":"product_cat-40k-puff","11":"first","12":"instock","13":"sale","14":"shipping-taxable","15":"purchasable","16":"product-type-variable","17":"has-default-attributes"},"acf":[],"tiered_pricing_type":"fixed","tiered_pricing_fixed_rules":{"30":7.68,"60":6.35,"100":6.08,"200":5.68},"tiered_pricing_product_settings":{"layout":"default","base_unit_name":{"singular":null,"plural":null},"default_variation":null},"tiered_pricing_minimum_quantity":10,"tiered_pricing_roles_data":[],"tiered_pricing_percentage_rules":[],"tiered_pricing_maximum_quantity":null,"tiered_pricing_quantity_step":"10","_links":{"self":[{"href":"https:\/\/oiovape.com\/it\/wp-json\/wp\/v2\/product\/6257","targetHints":{"allow":["GET"]}}],"collection":[{"href":"https:\/\/oiovape.com\/it\/wp-json\/wp\/v2\/product"}],"about":[{"href":"https:\/\/oiovape.com\/it\/wp-json\/wp\/v2\/types\/product"}],"replies":[{"embeddable":true,"href":"https:\/\/oiovape.com\/it\/wp-json\/wp\/v2\/comments?post=6257"}],"version-history":[{"count":2,"href":"https:\/\/oiovape.com\/it\/wp-json\/wp\/v2\/product\/6257\/revisions"}],"predecessor-version":[{"id":8386,"href":"https:\/\/oiovape.com\/it\/wp-json\/wp\/v2\/product\/6257\/revisions\/8386"}],"wp:featuredmedia":[{"embeddable":true,"href":"https:\/\/oiovape.com\/it\/wp-json\/wp\/v2\/media\/6259"}],"wp:attachment":[{"href":"https:\/\/oiovape.com\/it\/wp-json\/wp\/v2\/media?parent=6257"}],"wp:term":[{"taxonomy":"product_brand","embeddable":true,"href":"https:\/\/oiovape.com\/it\/wp-json\/wp\/v2\/product_brand?post=6257"},{"taxonomy":"product_cat","embeddable":true,"href":"https:\/\/oiovape.com\/it\/wp-json\/wp\/v2\/product_cat?post=6257"},{"taxonomy":"product_tag","embeddable":true,"href":"https:\/\/oiovape.com\/it\/wp-json\/wp\/v2\/product_tag?post=6257"}],"curies":[{"name":"wp","href":"https:\/\/api.w.org\/{rel}","templated":true}]}}