{"id":6491,"date":"2026-02-02T14:02:03","date_gmt":"2026-02-02T06:02:03","guid":{"rendered":"https:\/\/oiovape.com\/?post_type=product&#038;p=6491"},"modified":"2026-04-16T15:48:23","modified_gmt":"2026-04-16T07:48:23","slug":"waspe-crystal-180000-puffs","status":"publish","type":"product","link":"https:\/\/oiovape.com\/it\/product\/waspe-crystal-180000-puffs\/","title":{"rendered":"WASPE Crystal 180000 PUFFS 8 in 1 Aroma LED Display Smart Ricaricabile Vape Usa e Getta"},"content":{"rendered":"<div data-page-id=\"ZVeMfq8uxd7y1ycuKm5cym4LnYd\" data-lark-html-role=\"root\" data-docx-has-block-data=\"false\">\n<div data-page-id=\"Fd41fZ5N9dzRQtcRNoVc2FuDnCh\" data-lark-html-role=\"root\" data-docx-has-block-data=\"true\">\n<div data-page-id=\"BdIJfeeijdk1eucGpS8cDCBBn5c\" data-lark-html-role=\"root\" data-docx-has-block-data=\"false\">\n<div data-page-id=\"Zbg9fWx77dUuh2cIYpic25c8nyd\" data-lark-html-role=\"root\" data-docx-has-block-data=\"false\">\n<div data-page-id=\"KaIvfiurhdlCKdc0kyxcX64cnE6\" data-lark-html-role=\"root\" data-docx-has-block-data=\"true\">\n<div data-page-id=\"PbvFfqxqlddUTScRpEYcY5MHnpf\" data-lark-html-role=\"root\" data-docx-has-block-data=\"true\">\n<div data-page-id=\"GZO2f5JeudwY4jc9iJtcdk9Hnxh\" data-lark-html-role=\"root\" data-docx-has-block-data=\"false\">\n<div data-page-id=\"EZVRf2acFduXLGcseZFc4qH2n6e\" data-lark-html-role=\"root\" data-docx-has-block-data=\"false\">\n<div data-page-id=\"B8rHfcqlqdzmH5cCWCncz17Cntb\" data-lark-html-role=\"root\" data-docx-has-block-data=\"false\">\n<div data-page-id=\"B8rHfcqlqdzmH5cCWCncz17Cntb\" data-lark-html-role=\"root\" data-docx-has-block-data=\"false\">\n<div data-page-id=\"B8rHfcqlqdzmH5cCWCncz17Cntb\" data-lark-html-role=\"root\" data-docx-has-block-data=\"true\">\n<div data-page-id=\"HM70f1aoxdD0bMcxJZBcVc7ynZd\" data-lark-html-role=\"root\" data-docx-has-block-data=\"false\">\n<div data-page-id=\"NSrJfN7Ord22i0c1iwZcsF8yn8b\" data-lark-html-role=\"root\" data-docx-has-block-data=\"false\">\n<div data-page-id=\"RXEff4Mskds8o1cqL5HcGEtUnCh\" data-lark-html-role=\"root\" data-docx-has-block-data=\"false\">\n<div data-page-id=\"KJ7gfqkVndMSRJcMseScmvYwnTc\" data-lark-html-role=\"root\" data-docx-has-block-data=\"false\">\n<div class=\"ace-line ace-line old-record-id-QADAfETPudgmudc05YvcTO5fnxe\">\n<div data-page-id=\"KJ7gfqkVndMSRJcMseScmvYwnTc\" data-lark-html-role=\"root\" data-docx-has-block-data=\"false\">\n<div class=\"ace-line ace-line old-record-id-JoRkfpho8dOkiacEOascDyCOncb\">\n<div data-page-id=\"KJ7gfqkVndMSRJcMseScmvYwnTc\" data-lark-html-role=\"root\" data-docx-has-block-data=\"false\">\n<div data-page-id=\"Ju6ofQ3V4dGmePcVvJvc1gmcnZb\" data-lark-html-role=\"root\" data-docx-has-block-data=\"true\">\n<div data-page-id=\"PR9ife5PLdFabccbFgZcWgZOnTc\" data-lark-html-role=\"root\" data-docx-has-block-data=\"false\">\n<div data-page-id=\"INdrfOIGzdaenXcptrcc1BcznQc\" data-lark-html-role=\"root\" data-docx-has-block-data=\"false\">\n<div class=\"ace-line ace-line old-record-id-P0fIf4YaZdoGkbcxt5ackec2nnb\">\n<div data-page-id=\"INdrfOIGzdaenXcptrcc1BcznQc\" data-lark-html-role=\"root\" data-docx-has-block-data=\"false\">\n<div data-page-id=\"MAzCfUB73dMTQscm8eWcougVn1g\" data-lark-html-role=\"root\" data-docx-has-block-data=\"true\">\n<div data-page-id=\"AXfpf7H1odhDvGcKoUOcErN8nV7\" data-lark-html-role=\"root\" data-docx-has-block-data=\"false\">\n<div data-page-id=\"QYTKf5PvLdUNdbce2nBcW9yfnrh\" data-lark-html-role=\"root\" data-docx-has-block-data=\"false\">\n<div data-page-id=\"Pvu1f1CCBdxbjncA9pgcBTpanph\" data-lark-html-role=\"root\" data-docx-has-block-data=\"true\">\n<div data-page-id=\"Axf3fcmY8dDAhtcjVircBcphnPc\" data-lark-html-role=\"root\" data-docx-has-block-data=\"false\">\n<div data-page-id=\"KKj1f9SPmdLhhMc5E2AcNlLen6f\" data-lark-html-role=\"root\" data-docx-has-block-data=\"true\">\n<div data-page-id=\"Rx61fK1sJdXHjPcBuhZcweNhnwc\" data-lark-html-role=\"root\" data-docx-has-block-data=\"false\">\n<div data-page-id=\"L1H9fkG9Mdz45Fcy4WMc5VKXnRe\" data-lark-html-role=\"root\" data-docx-has-block-data=\"false\">\n<div data-page-id=\"L1H9fkG9Mdz45Fcy4WMc5VKXnRe\" data-lark-html-role=\"root\" data-docx-has-block-data=\"false\">\n<div data-page-id=\"D4XLfVBVrdE8mrcaYizczklLnaf\" data-lark-html-role=\"root\" data-docx-has-block-data=\"false\">\n<div data-page-id=\"WVcifIY44d5mhMcXtyEcTsfenGd\" data-lark-html-role=\"root\" data-docx-has-block-data=\"true\">\n<div data-page-id=\"LRknfa6Whd4DWCcUc0FcNKpJnyh\" data-lark-html-role=\"root\" data-docx-has-block-data=\"false\">\n<div data-page-id=\"LRknfa6Whd4DWCcUc0FcNKpJnyh\" data-lark-html-role=\"root\" data-docx-has-block-data=\"false\">\n<div data-page-id=\"XFRAfkcOEdRWh8cArQ2cJdyRnJf\" data-lark-html-role=\"root\" data-docx-has-block-data=\"true\">\n<div data-page-id=\"OQ3bfjnRddMTDGcC3ouc6xFKnWf\" data-lark-html-role=\"root\" data-docx-has-block-data=\"true\">\n<div data-page-id=\"J0iGfj1hEdjc4rcUdSmc4spMnmZ\" data-lark-html-role=\"root\" data-docx-has-block-data=\"false\">\n<div data-page-id=\"P1o7fFyNlduP8tcfZpQcagzbnIf\" data-lark-html-role=\"root\" data-docx-has-block-data=\"false\">\n<div class=\"ace-line ace-line old-record-id-P1o7fFyNlduP8tcfZpQcagzbnIf\">\n<div data-page-id=\"P1o7fFyNlduP8tcfZpQcagzbnIf\" data-lark-html-role=\"root\" data-docx-has-block-data=\"false\">\n<div data-page-id=\"U4iufW38SdttWKcTstMcTtHRnXc\" data-lark-html-role=\"root\" data-docx-has-block-data=\"true\">\n<div data-page-id=\"ONVMf7VTWddcFtcyATOchCJHnZb\" data-lark-html-role=\"root\" data-docx-has-block-data=\"true\">\n<div data-page-id=\"KoW2fSy0PdLHFlc5kSHcgvWMnYg\" data-lark-html-role=\"root\" data-docx-has-block-data=\"false\">\n<div data-page-id=\"KoW2fSy0PdLHFlc5kSHcgvWMnYg\" data-lark-html-role=\"root\" data-docx-has-block-data=\"false\">\n<div data-page-id=\"OLGhfzxC7d7EFIcLEj9cRT5ynZf\" data-lark-html-role=\"root\" data-docx-has-block-data=\"false\">\n<div data-page-id=\"DdnnfrLjzdqrFIc9Il9c7pA2noc\" data-lark-html-role=\"root\" data-docx-has-block-data=\"true\">\n<div data-page-id=\"KNzcf2o0oddkJOcztTVcqPdlnth\" data-lark-html-role=\"root\" data-docx-has-block-data=\"false\">\n<div data-page-id=\"LBU7fg5SEdkWhecGJoxca3xvnCe\" data-lark-html-role=\"root\" data-docx-has-block-data=\"false\">\n<div data-page-id=\"EB70fooS3d69bMcgWB7c5qb9n8g\" data-lark-html-role=\"root\" data-docx-has-block-data=\"false\">\n<div data-page-id=\"AogwfsZCadB6t0cAvF0cK4JLnvf\" data-lark-html-role=\"root\" data-docx-has-block-data=\"false\">\n<div data-page-id=\"AogwfsZCadB6t0cAvF0cK4JLnvf\" data-lark-html-role=\"root\" data-docx-has-block-data=\"false\">\n<div data-page-id=\"JMZIflNGddQuU0c5JZocSqlvnle\" data-lark-html-role=\"root\" data-docx-has-block-data=\"false\">\n<div data-page-id=\"JMZIflNGddQuU0c5JZocSqlvnle\" data-lark-html-role=\"root\" data-docx-has-block-data=\"true\">\n<div data-page-id=\"HtEafjjRIdPAlMc9zgYcsGy6nOe\" data-lark-html-role=\"root\" data-docx-has-block-data=\"false\">\n<div data-page-id=\"Rhnafz0WTdDeT9c43xxczsbVnJo\" data-lark-html-role=\"root\" data-docx-has-block-data=\"false\">\n<div data-page-id=\"WY0CfKdcTdf4hVcZl67ct5LGncf\" data-lark-html-role=\"root\" data-docx-has-block-data=\"true\">\n<div data-page-id=\"MkB5fF4AVdchovcoPEpc7LqvnOd\" data-lark-html-role=\"root\" data-docx-has-block-data=\"true\">\n<div data-page-id=\"MfbjfZhbhdJdA8cH1dAckqF0n6g\" data-lark-html-role=\"root\" data-docx-has-block-data=\"false\">\n<div class=\"ace-line ace-line old-record-id-W2AHfJLnjd7ugjcRLs1c8BdhnNh\">\n<div data-page-id=\"MfbjfZhbhdJdA8cH1dAckqF0n6g\" data-lark-html-role=\"root\" data-docx-has-block-data=\"false\">\n<div class=\"old-record-id-XXd1feeCZdR2hJc6evocxnh1nOg\">\n<div data-page-id=\"MfbjfZhbhdJdA8cH1dAckqF0n6g\" data-lark-html-role=\"root\" data-docx-has-block-data=\"false\">\n<div data-page-id=\"DE51fYUmxdT3ekcHzc3cGrVQnsc\" data-lark-html-role=\"root\" data-docx-has-block-data=\"false\">\n<div data-page-id=\"YSKdfaZ08dRej3ci5CccQBuOncc\" data-lark-html-role=\"root\" data-docx-has-block-data=\"true\">\n<div data-page-id=\"K6mofQmledamEFcgp1EcVobmnYd\" data-lark-html-role=\"root\" data-docx-has-block-data=\"false\">\n<div data-page-id=\"VTgsfVLdCd9q1ucYcwRcCM0Hnof\" data-lark-html-role=\"root\" data-docx-has-block-data=\"true\">\n<div data-page-id=\"WucKfzp8RdNy8rcMJHncz4Knnac\" data-lark-html-role=\"root\" data-docx-has-block-data=\"true\">\n<div data-page-id=\"IfZ9fDIBLd9b9hcJiqGcLw9Pnmh\" data-lark-html-role=\"root\" data-docx-has-block-data=\"false\">\n<div data-page-id=\"JeU6f3Yq5dbdEHcZDptc5ikcn5c\" data-lark-html-role=\"root\" data-docx-has-block-data=\"true\">\n<div data-page-id=\"E1YjfnB4Jdmtsfc2ZObcu04Un6c\" data-lark-html-role=\"root\" data-docx-has-block-data=\"false\">\n<div data-page-id=\"RQVEfdiOzdqTQKcRcnxcG0Y7nce\" data-lark-html-role=\"root\" data-docx-has-block-data=\"true\">\n<div data-page-id=\"NKc7fbZi9dnOXocdHcScVsXdnmh\" data-lark-html-role=\"root\" data-docx-has-block-data=\"false\">\n<div data-page-id=\"DaE3fgNEwdnbQVc62iqcBK4lnte\" data-lark-html-role=\"root\" data-docx-has-block-data=\"false\">\n<div data-page-id=\"DaE3fgNEwdnbQVc62iqcBK4lnte\" data-lark-html-role=\"root\" data-docx-has-block-data=\"false\">\n<div data-page-id=\"KyZ4fb9NeduIEZch0Slc4KKdnIh\" data-lark-html-role=\"root\" data-docx-has-block-data=\"true\">\n<div data-page-id=\"XvY4fM2sEdfLGRcqTPHcASQ7nkh\" data-lark-html-role=\"root\" data-docx-has-block-data=\"true\">\n<h2 data-path-to-node=\"2\">WASPE Crystal 180000 Puff: Perch\u00e9 Accontentarsi di Uno Quando Puoi Comandare un \u201cLabirinto di Sapori\u201d?<\/h2>\n<p data-path-to-node=\"3\">Nella ricerca dell'esperienza di svapo definitiva, il <b data-path-to-node=\"3\" data-index-in-node=\"53\">WASPE Crystal 180K<\/b> ha ufficialmente infranto il limite della durabilit\u00e0. Come risultato storico nel settore dei grandi puff, non offre solo una straordinaria durata di 180000 puff\u2014\u00e8 un \u201claboratorio di sapori\u201d che entra in tasca. Questa penna vape premium, dotata di un esclusivo <b data-path-to-node=\"3\" data-index-in-node=\"325\">sistema di commutazione a 8 in 1 dial<\/b>, consente agli utenti di passare tra dimensioni di gusto senza cambiare dispositivo. \u00c8 attualmente il prodotto stella pi\u00f9 competitivo nel mercato all'ingrosso delle sigarette elettroniche.<\/p>\n<p><img decoding=\"async\" class=\"alignnone wp-image-6536 size-full\" title=\"Waspe Crystal 180k poster\" src=\"https:\/\/oiovape.com\/wp-content\/uploads\/2026\/02\/Waspe-Crystal-180k-poster.jpg\" alt=\"Waspe Crystal 180k poster\" width=\"1920\" height=\"800\" srcset=\"https:\/\/oiovape.com\/wp-content\/uploads\/2026\/02\/Waspe-Crystal-180k-poster.jpg 1920w, https:\/\/oiovape.com\/wp-content\/uploads\/2026\/02\/Waspe-Crystal-180k-poster-300x125.jpg 300w, https:\/\/oiovape.com\/wp-content\/uploads\/2026\/02\/Waspe-Crystal-180k-poster-1024x427.jpg 1024w, https:\/\/oiovape.com\/wp-content\/uploads\/2026\/02\/Waspe-Crystal-180k-poster-768x320.jpg 768w, https:\/\/oiovape.com\/wp-content\/uploads\/2026\/02\/Waspe-Crystal-180k-poster-1536x640.jpg 1536w, https:\/\/oiovape.com\/wp-content\/uploads\/2026\/02\/Waspe-Crystal-180k-poster-18x8.jpg 18w, https:\/\/oiovape.com\/wp-content\/uploads\/2026\/02\/Waspe-Crystal-180k-poster-1200x500.jpg 1200w, https:\/\/oiovape.com\/wp-content\/uploads\/2026\/02\/Waspe-Crystal-180k-poster-150x63.jpg 150w\" sizes=\"(max-width: 1920px) 100vw, 1920px\" \/><\/p>\n<h2 data-path-to-node=\"4\">Perch\u00e9 il Design 8 in 1 Dial Elimina la \u201cStanchezza di Sapore\u201d?<\/h2>\n<p data-path-to-node=\"5\">Il pi\u00f9 grande problema con i dispositivi ad alta capacit\u00e0 \u00e8 rimanere intrappolati: una volta scelto un sapore, sei vincolato ad esso per settimane. Il WASPE Crystal 180000 Puff risolve questo attraverso il suo caratteristico <b data-path-to-node=\"5\" data-index-in-node=\"183\">meccanismo di commutazione rotativa<\/b>.<\/p>\n<h3 data-path-to-node=\"6\">Ruota, Blocca, Goditi: Controllo Totale del Tuo Palato<\/h3>\n<p data-path-to-node=\"7\">Non pi\u00f9 ostaggi di un singolo profilo. Ogni dispositivo contiene 4 sapori base che, attraverso una sofisticata logica di miscelazione fisica, derivano 8 combinazioni di gusto distinte. Con una semplice rotazione del bocchino colorato, puoi passare da una foresta di frutta croccante a un meraviglioso paese dei dolci in una frazione di secondo.<\/p>\n<h2 data-path-to-node=\"9\">Prestazioni Hardware: Oltre i Semplici Numeri, un Salto di Qualit\u00e0<\/h2>\n<h3 data-path-to-node=\"10\">Quad-Core Drive: Sinergia Bobina Mesh 1.0\u03a9 x4<\/h3>\n<p data-path-to-node=\"11\">Come fornitore di punta <b data-path-to-node=\"11\" data-index-in-node=\"14\">big puff<\/b> device, garantendo che <b data-path-to-node=\"11\" data-index-in-node=\"45\">68ml<\/b> di e-liquid rimanga coerente dal primo tiro fino all'ultimo \u00e8 tutt'altro che facile. WASPE 8 in 1 Crystal 180000 Puffs utilizza un raro <b data-path-to-node=\"11\" data-index-in-node=\"157\">Quad-Mesh Coil<\/b> sistema.<\/p>\n<ul data-path-to-node=\"12\">\n<li>\n<p data-path-to-node=\"12,0,0\"><b data-path-to-node=\"12,0,0\" data-index-in-node=\"0\">Atomizzazione pi\u00f9 fine:<\/b> Quattro bobine lavorano in armonia per prevenire l'accumulo di carbonio, garantendo un vapore morbido come la rugiada mattutina.<\/p>\n<\/li>\n<li>\n<p data-path-to-node=\"12,1,0\"><b data-path-to-node=\"12,1,0\" data-index-in-node=\"0\">Distribuzione uniforme del calore:<\/b> Anche quando la batteria \u00e8 scarica, il sistema sblocca istantaneamente i complessi strati aromatici dell'e-liquid.<\/p>\n<\/li>\n<\/ul>\n<h4 data-path-to-node=\"13\">Specifiche tecniche (Waspe Crystal 180000 Puffs):<\/h4>\n<table data-path-to-node=\"14\">\n<thead>\n<tr>\n<td><strong>Caratteristica<\/strong><\/td>\n<td><strong>Valore<\/strong><\/td>\n<\/tr>\n<\/thead>\n<tbody>\n<tr>\n<td><span data-path-to-node=\"14,1,0,0\"><b data-path-to-node=\"14,1,0,0\" data-index-in-node=\"0\">Numero totale di tiri<\/b><\/span><\/td>\n<td><span data-path-to-node=\"14,1,1,0\">180000 Puff<\/span><\/td>\n<\/tr>\n<tr>\n<td><span data-path-to-node=\"14,2,0,0\"><b data-path-to-node=\"14,2,0,0\" data-index-in-node=\"0\">Modalit\u00e0 Sapore<\/b><\/span><\/td>\n<td><span data-path-to-node=\"14,2,1,0\">8 in 1 Rotary Switch<\/span><\/td>\n<\/tr>\n<tr>\n<td><span data-path-to-node=\"14,3,0,0\"><b data-path-to-node=\"14,3,0,0\" data-index-in-node=\"0\">Atomizzatore<\/b><\/span><\/td>\n<td><span data-path-to-node=\"14,3,1,0\">1.0\u03a9 x4 Mesh Coil<\/span><\/td>\n<\/tr>\n<tr>\n<td><span data-path-to-node=\"14,4,0,0\"><b data-path-to-node=\"14,4,0,0\" data-index-in-node=\"0\">Capacit\u00e0 della batteria<\/b><\/span><\/td>\n<td><span data-path-to-node=\"14,4,1,0\">68ml<\/span><\/td>\n<\/tr>\n<tr>\n<td><span data-path-to-node=\"14,5,0,0\"><b data-path-to-node=\"14,5,0,0\" data-index-in-node=\"0\">Configurazione principale<\/b><\/span><\/td>\n<td><span data-path-to-node=\"14,5,1,0\">Coil a rete da 1.2\u03a9, ricarica Type-C<\/span><\/td>\n<\/tr>\n<tr>\n<td><span data-path-to-node=\"14,6,0,0\"><b data-path-to-node=\"14,6,0,0\" data-index-in-node=\"0\">Porta di Ricarica<\/b><\/span><\/td>\n<td><span data-path-to-node=\"14,6,1,0\">Type-C High-Speed Charging<\/span><\/td>\n<\/tr>\n<tr>\n<td><span data-path-to-node=\"14,7,0,0\"><b data-path-to-node=\"14,7,0,0\" data-index-in-node=\"0\">Categoria prodotto<\/b><\/span><\/td>\n<td><span data-path-to-node=\"14,7,1,0\">Premium <b data-path-to-node=\"14,7,1,0\" data-index-in-node=\"8\">Vape Pen<\/b><\/span><\/td>\n<\/tr>\n<\/tbody>\n<\/table>\n<h2 data-path-to-node=\"16\">12 collezioni curate: Un'anima gemella per ogni Vaper<\/h2>\n<p data-path-to-node=\"17\">Il WASPE Crystal 8 in 1 180K deconstruisce i simboli di sapore pi\u00f9 popolari al mondo e li riassembla in 12 collezioni distinte guidate dalla personalit\u00e0.<\/p>\n<h5 data-path-to-node=\"18\">Evidenziazioni dei sapori principali (Elenco sapori):<\/h5>\n<p>1. Anguria Ghiaccio &amp; Limone Lime &amp; Mango Acido Ghiaccio &amp; Kiwi Melone Ghiaccio<br \/>\n2. Mirtillo Ghiaccio &amp; Cherry Cola &amp; Fragola Vaniglia &amp; Limone Ciliegia<br \/>\n3. Red Bull Ghiaccio &amp; Fragola Ghiaccio &amp; Sour Fcuking Fab &amp; Cola Ghiaccio<br \/>\n4. Uva Ghiaccio &amp; Fragola Kiwi &amp; Anguria Ghiaccio &amp; Blue Rancher<br \/>\n5. Melone Passion Fruit &amp; Mango Acido Ananas &amp; Banana Caramella Toffee &amp; Fragola Bacche<br \/>\n6. Fragola Anguria &amp; Menta Fresca &amp; Razz Blu Ghiaccio &amp; Ribes Nero Ghiaccio<br \/>\n7. Mora Ghiaccio &amp; Doppia Mela &amp; Drago Nero Ghiaccio &amp; Fragola Kiwi<br \/>\n8. Fragola Red Bull &amp; Cherry Cola &amp; Ciliegia Limone &amp; Frutta Tropicale<br \/>\n9. Bacche Miste &amp; Limone Lima &amp; Mirtillo Lampone &amp; Mela Verde<br \/>\n10. Fragola Lampone Ciliegia &amp; Fragola Anguria &amp; Kiwi Anguria &amp; Limone Lima<br \/>\n11. Fragola Banana &amp; Mango Pesca &amp; Tripla Bacche &amp; Fragola Ananas<br \/>\n12. Razz Blu Limonata &amp; Ciliegia Limone &amp; Mirtillo Ghiaccio &amp; Anguria Pesca<\/p>\n<p><img decoding=\"async\" class=\"alignnone wp-image-6537 size-full\" title=\"Waspe Crystal 180k sapore\" src=\"https:\/\/oiovape.com\/wp-content\/uploads\/2026\/02\/Waspe-Crystal-180k-flavor-scaled.jpg\" alt=\"Waspe Crystal 180k sapore\" width=\"1705\" height=\"2560\" srcset=\"https:\/\/oiovape.com\/wp-content\/uploads\/2026\/02\/Waspe-Crystal-180k-flavor-scaled.jpg 1705w, https:\/\/oiovape.com\/wp-content\/uploads\/2026\/02\/Waspe-Crystal-180k-flavor-200x300.jpg 200w, https:\/\/oiovape.com\/wp-content\/uploads\/2026\/02\/Waspe-Crystal-180k-flavor-682x1024.jpg 682w, https:\/\/oiovape.com\/wp-content\/uploads\/2026\/02\/Waspe-Crystal-180k-flavor-768x1153.jpg 768w, https:\/\/oiovape.com\/wp-content\/uploads\/2026\/02\/Waspe-Crystal-180k-flavor-1023x1536.jpg 1023w, https:\/\/oiovape.com\/wp-content\/uploads\/2026\/02\/Waspe-Crystal-180k-flavor-1364x2048.jpg 1364w, https:\/\/oiovape.com\/wp-content\/uploads\/2026\/02\/Waspe-Crystal-180k-flavor-8x12.jpg 8w, https:\/\/oiovape.com\/wp-content\/uploads\/2026\/02\/Waspe-Crystal-180k-flavor-1200x1802.jpg 1200w, https:\/\/oiovape.com\/wp-content\/uploads\/2026\/02\/Waspe-Crystal-180k-flavor-150x225.jpg 150w\" sizes=\"(max-width: 1705px) 100vw, 1705px\" \/><\/p>\n<h2 data-path-to-node=\"21\">Domande Frequenti (FAQ)<\/h2>\n<h4 data-path-to-node=\"22\">D: 180000 sbuffi possono davvero durare cos\u00ec a lungo?<\/h4>\n<p data-path-to-node=\"23\"><b data-path-to-node=\"23\" data-index-in-node=\"0\">R:<\/b> Dipende dalla frequenza della tua tirata. Come dispositivo ad alta capacit\u00e0 <b data-path-to-node=\"23\" data-index-in-node=\"57\">penna vape<\/b>, pu\u00f2 durare diverse settimane per gli utenti pesanti; per i vapers occasionali, funziona come una \u201cstazione base\u201d affidabile sempre pronta.<\/p>\n<h4 data-path-to-node=\"24\">D: Questo prodotto \u00e8 disponibile per l'acquisto all'ingrosso?<\/h4>\n<p data-path-to-node=\"25\"><b data-path-to-node=\"25\" data-index-in-node=\"0\">R:<\/b> Assolutamente. WASPE Crystal 180K \u00e8 attualmente un articolo ad alta richiesta nel <b data-path-to-node=\"25\" data-index-in-node=\"77\">fornitori di vape all'ingrosso<\/b> canale. L'alto numero di sbuffi e il trucco del cambio sapore forniscono un'elevata visibilit\u00e0 e tassi di riacquisto a livello retail.<\/p>\n<h4 data-path-to-node=\"26\">D: Cosa visualizza lo schermo LED?<\/h4>\n<p data-path-to-node=\"27\"><b data-path-to-node=\"27\" data-index-in-node=\"0\">R:<\/b> Fornisce il monitoraggio in tempo reale della durata della batteria e dei livelli di liquido, risparmiandoti dalla sorpresa di una \u201ctirata bruciata\u201d quando il succo finisce.<\/p>\n<h4 data-path-to-node=\"28\">D: Una batteria da 650mAh \u00e8 sufficiente per un dispositivo cos\u00ec grande?<\/h4>\n<p data-path-to-node=\"29\"><b data-path-to-node=\"29\" data-index-in-node=\"0\">R:<\/b> \u00c8 un punto dolce progettato. Combinato con <b data-path-to-node=\"29\" data-index-in-node=\"48\">ricarica veloce Type-C<\/b>, puoi ricaricare nel tempo necessario per prendere un caff\u00e8, garantendo un'uscita forte tutto il giorno.<\/p>\n<h3 data-path-to-node=\"31\">Tre Ragioni Fondamentali per Scegliere Waspe Crystal 180000 Sbuffi:<\/h3>\n<ol start=\"1\" data-path-to-node=\"32\">\n<li>\n<p data-path-to-node=\"32,0,0\"><b data-path-to-node=\"32,0,0\" data-index-in-node=\"0\">L'Apice del Valore:<\/b> 68ml di liquido soddisfa ogni <b data-path-to-node=\"32,0,0\" data-index-in-node=\"51\">big puff<\/b> fantasia\u2014un vero regalo per il \u201clungimirante\u201d.\u201d<\/p>\n<\/li>\n<li>\n<p data-path-to-node=\"32,1,0\"><b data-path-to-node=\"32,1,0\" data-index-in-node=\"0\">Rifiuta la Noia:<\/b> Lo switch 8-in-1 mantiene le tue papille gustative eccitate; un dispositivo fa il lavoro di otto.<\/p>\n<\/li>\n<li>\n<p data-path-to-node=\"32,2,0\"><b data-path-to-node=\"32,2,0\" data-index-in-node=\"0\">Essenziale all'ingrosso:<\/b> Con il suo design unico e le prestazioni stabili, \u00e8 un raro motore di crescita dei profitti nel <b data-path-to-node=\"32,2,0\" data-index-in-node=\"109\">fornitori di vape all'ingrosso<\/b> settore.<\/p>\n<\/li>\n<\/ol>\n<\/div>\n<\/div>\n<\/div>\n<\/div>\n<\/div>\n<\/div>\n<\/div>\n<\/div>\n<\/div>\n<\/div>\n<\/div>\n<\/div>\n<\/div>\n<\/div>\n<\/div>\n<\/div>\n<\/div>\n<\/div>\n<\/div>\n<\/div>\n<\/div>\n<\/div>\n<\/div>\n<\/div>\n<\/div>\n<\/div>\n<\/div>\n<\/div>\n<\/div>\n<\/div>\n<\/div>\n<\/div>\n<\/div>\n<\/div>\n<\/div>\n<\/div>\n<\/div>\n<\/div>\n<\/div>\n<\/div>\n<\/div>\n<\/div>\n<\/div>\n<\/div>\n<\/div>\n<\/div>\n<\/div>\n<\/div>\n<\/div>\n<\/div>\n<\/div>\n<\/div>\n<\/div>\n<\/div>\n<\/div>\n<\/div>\n<\/div>\n<\/div>\n<\/div>\n<\/div>\n<\/div>\n<\/div>\n<\/div>\n<\/div>\n<\/div>\n<\/div>\n<\/div>\n<\/div>\n<\/div>\n<\/div>\n<\/div>\n<\/div>\n<\/div>\n<\/div>\n<\/div>\n<\/div>\n<\/div>\n<\/div>\n<\/div>","protected":false},"excerpt":{"rendered":"<div data-page-id=\"RAopf2sw9dtvw4cWYXpcTwo0n8g\" data-lark-html-role=\"root\" data-docx-has-block-data=\"false\">\n<div class=\"ace-line ace-line old-record-id-Uju9f3RXYd8dh2crAJbcBF3Un6M\">Il vape usa e getta WASPE Crystal 180000 Puffs offre 48 sapori vivaci suddivisi in 12 collezioni. Include 4 coil a rete, 68ml di e-liquid e una batteria ricaricabile da 650mAh. Con opzioni di nicotina 0%\/2%\/5% e un display LED, offre un divertimento di svapo duraturo e personalizzato per ogni appassionato.<\/div>\n<\/div>","protected":false},"featured_media":6538,"comment_status":"open","ping_status":"closed","template":"","meta":{"_acf_changed":false,"inline_featured_image":false,"_sitemap_exclude":false,"_sitemap_priority":"","_sitemap_frequency":""},"product_brand":[98],"product_cat":[82,229],"product_tag":[],"class_list":{"0":"post-6491","1":"product","2":"type-product","3":"status-publish","4":"has-post-thumbnail","6":"product_brand-waspe","7":"product_cat-waspe-puff","8":"product_cat-ship-from-german","10":"first","11":"instock","12":"sale","13":"shipping-taxable","14":"purchasable","15":"product-type-variable","16":"has-default-attributes"},"acf":[],"tiered_pricing_type":"fixed","tiered_pricing_fixed_rules":{"30":10.05,"60":8.68,"100":7.79,"200":7.37},"tiered_pricing_product_settings":{"layout":"default","base_unit_name":{"singular":null,"plural":null},"default_variation":null},"tiered_pricing_minimum_quantity":10,"tiered_pricing_roles_data":[],"tiered_pricing_percentage_rules":[],"tiered_pricing_maximum_quantity":null,"tiered_pricing_quantity_step":"10","_links":{"self":[{"href":"https:\/\/oiovape.com\/it\/wp-json\/wp\/v2\/product\/6491","targetHints":{"allow":["GET"]}}],"collection":[{"href":"https:\/\/oiovape.com\/it\/wp-json\/wp\/v2\/product"}],"about":[{"href":"https:\/\/oiovape.com\/it\/wp-json\/wp\/v2\/types\/product"}],"replies":[{"embeddable":true,"href":"https:\/\/oiovape.com\/it\/wp-json\/wp\/v2\/comments?post=6491"}],"version-history":[{"count":3,"href":"https:\/\/oiovape.com\/it\/wp-json\/wp\/v2\/product\/6491\/revisions"}],"predecessor-version":[{"id":8397,"href":"https:\/\/oiovape.com\/it\/wp-json\/wp\/v2\/product\/6491\/revisions\/8397"}],"wp:featuredmedia":[{"embeddable":true,"href":"https:\/\/oiovape.com\/it\/wp-json\/wp\/v2\/media\/6538"}],"wp:attachment":[{"href":"https:\/\/oiovape.com\/it\/wp-json\/wp\/v2\/media?parent=6491"}],"wp:term":[{"taxonomy":"product_brand","embeddable":true,"href":"https:\/\/oiovape.com\/it\/wp-json\/wp\/v2\/product_brand?post=6491"},{"taxonomy":"product_cat","embeddable":true,"href":"https:\/\/oiovape.com\/it\/wp-json\/wp\/v2\/product_cat?post=6491"},{"taxonomy":"product_tag","embeddable":true,"href":"https:\/\/oiovape.com\/it\/wp-json\/wp\/v2\/product_tag?post=6491"}],"curies":[{"name":"wp","href":"https:\/\/api.w.org\/{rel}","templated":true}]}}