{"id":6785,"date":"2026-02-06T14:09:44","date_gmt":"2026-02-06T06:09:44","guid":{"rendered":"https:\/\/oiovape.com\/?post_type=product&#038;p=6785"},"modified":"2026-02-10T11:14:32","modified_gmt":"2026-02-10T03:14:32","slug":"elf-bar-gh-23000-puffs","status":"publish","type":"product","link":"https:\/\/oiovape.com\/it\/product\/elf-bar-gh-23000-puffs\/","title":{"rendered":"Elf Bar GH 23000 PUFFS 5% Sigaretta Elettronica Monouso con Nicotina e Doppia Coil a Maglia"},"content":{"rendered":"<div data-page-id=\"ZVeMfq8uxd7y1ycuKm5cym4LnYd\" data-lark-html-role=\"root\" data-docx-has-block-data=\"false\">\n<div data-page-id=\"Fd41fZ5N9dzRQtcRNoVc2FuDnCh\" data-lark-html-role=\"root\" data-docx-has-block-data=\"true\">\n<div data-page-id=\"BdIJfeeijdk1eucGpS8cDCBBn5c\" data-lark-html-role=\"root\" data-docx-has-block-data=\"false\">\n<div data-page-id=\"Zbg9fWx77dUuh2cIYpic25c8nyd\" data-lark-html-role=\"root\" data-docx-has-block-data=\"false\">\n<div data-page-id=\"KaIvfiurhdlCKdc0kyxcX64cnE6\" data-lark-html-role=\"root\" data-docx-has-block-data=\"true\">\n<div data-page-id=\"PbvFfqxqlddUTScRpEYcY5MHnpf\" data-lark-html-role=\"root\" data-docx-has-block-data=\"true\">\n<div data-page-id=\"GZO2f5JeudwY4jc9iJtcdk9Hnxh\" data-lark-html-role=\"root\" data-docx-has-block-data=\"false\">\n<div data-page-id=\"EZVRf2acFduXLGcseZFc4qH2n6e\" data-lark-html-role=\"root\" data-docx-has-block-data=\"false\">\n<div data-page-id=\"B8rHfcqlqdzmH5cCWCncz17Cntb\" data-lark-html-role=\"root\" data-docx-has-block-data=\"false\">\n<div data-page-id=\"B8rHfcqlqdzmH5cCWCncz17Cntb\" data-lark-html-role=\"root\" data-docx-has-block-data=\"false\">\n<div data-page-id=\"B8rHfcqlqdzmH5cCWCncz17Cntb\" data-lark-html-role=\"root\" data-docx-has-block-data=\"true\">\n<div data-page-id=\"HM70f1aoxdD0bMcxJZBcVc7ynZd\" data-lark-html-role=\"root\" data-docx-has-block-data=\"false\">\n<div data-page-id=\"NSrJfN7Ord22i0c1iwZcsF8yn8b\" data-lark-html-role=\"root\" data-docx-has-block-data=\"false\">\n<div data-page-id=\"RXEff4Mskds8o1cqL5HcGEtUnCh\" data-lark-html-role=\"root\" data-docx-has-block-data=\"false\">\n<div data-page-id=\"KJ7gfqkVndMSRJcMseScmvYwnTc\" data-lark-html-role=\"root\" data-docx-has-block-data=\"false\">\n<div class=\"ace-line ace-line old-record-id-QADAfETPudgmudc05YvcTO5fnxe\">\n<div data-page-id=\"KJ7gfqkVndMSRJcMseScmvYwnTc\" data-lark-html-role=\"root\" data-docx-has-block-data=\"false\">\n<div class=\"ace-line ace-line old-record-id-JoRkfpho8dOkiacEOascDyCOncb\">\n<div data-page-id=\"KJ7gfqkVndMSRJcMseScmvYwnTc\" data-lark-html-role=\"root\" data-docx-has-block-data=\"false\">\n<div data-page-id=\"Ju6ofQ3V4dGmePcVvJvc1gmcnZb\" data-lark-html-role=\"root\" data-docx-has-block-data=\"true\">\n<div data-page-id=\"PR9ife5PLdFabccbFgZcWgZOnTc\" data-lark-html-role=\"root\" data-docx-has-block-data=\"false\">\n<div data-page-id=\"INdrfOIGzdaenXcptrcc1BcznQc\" data-lark-html-role=\"root\" data-docx-has-block-data=\"false\">\n<div class=\"ace-line ace-line old-record-id-P0fIf4YaZdoGkbcxt5ackec2nnb\">\n<div data-page-id=\"INdrfOIGzdaenXcptrcc1BcznQc\" data-lark-html-role=\"root\" data-docx-has-block-data=\"false\">\n<div data-page-id=\"MAzCfUB73dMTQscm8eWcougVn1g\" data-lark-html-role=\"root\" data-docx-has-block-data=\"true\">\n<div data-page-id=\"AXfpf7H1odhDvGcKoUOcErN8nV7\" data-lark-html-role=\"root\" data-docx-has-block-data=\"false\">\n<div data-page-id=\"QYTKf5PvLdUNdbce2nBcW9yfnrh\" data-lark-html-role=\"root\" data-docx-has-block-data=\"false\">\n<div data-page-id=\"Pvu1f1CCBdxbjncA9pgcBTpanph\" data-lark-html-role=\"root\" data-docx-has-block-data=\"true\">\n<div data-page-id=\"Axf3fcmY8dDAhtcjVircBcphnPc\" data-lark-html-role=\"root\" data-docx-has-block-data=\"false\">\n<div data-page-id=\"KKj1f9SPmdLhhMc5E2AcNlLen6f\" data-lark-html-role=\"root\" data-docx-has-block-data=\"true\">\n<div data-page-id=\"Rx61fK1sJdXHjPcBuhZcweNhnwc\" data-lark-html-role=\"root\" data-docx-has-block-data=\"false\">\n<div data-page-id=\"L1H9fkG9Mdz45Fcy4WMc5VKXnRe\" data-lark-html-role=\"root\" data-docx-has-block-data=\"false\">\n<div data-page-id=\"L1H9fkG9Mdz45Fcy4WMc5VKXnRe\" data-lark-html-role=\"root\" data-docx-has-block-data=\"false\">\n<div data-page-id=\"D4XLfVBVrdE8mrcaYizczklLnaf\" data-lark-html-role=\"root\" data-docx-has-block-data=\"false\">\n<div data-page-id=\"WVcifIY44d5mhMcXtyEcTsfenGd\" data-lark-html-role=\"root\" data-docx-has-block-data=\"true\">\n<div data-page-id=\"LRknfa6Whd4DWCcUc0FcNKpJnyh\" data-lark-html-role=\"root\" data-docx-has-block-data=\"false\">\n<div data-page-id=\"LRknfa6Whd4DWCcUc0FcNKpJnyh\" data-lark-html-role=\"root\" data-docx-has-block-data=\"false\">\n<div data-page-id=\"XFRAfkcOEdRWh8cArQ2cJdyRnJf\" data-lark-html-role=\"root\" data-docx-has-block-data=\"true\">\n<div data-page-id=\"OQ3bfjnRddMTDGcC3ouc6xFKnWf\" data-lark-html-role=\"root\" data-docx-has-block-data=\"true\">\n<div data-page-id=\"J0iGfj1hEdjc4rcUdSmc4spMnmZ\" data-lark-html-role=\"root\" data-docx-has-block-data=\"false\">\n<div data-page-id=\"P1o7fFyNlduP8tcfZpQcagzbnIf\" data-lark-html-role=\"root\" data-docx-has-block-data=\"false\">\n<div class=\"ace-line ace-line old-record-id-P1o7fFyNlduP8tcfZpQcagzbnIf\">\n<div data-page-id=\"P1o7fFyNlduP8tcfZpQcagzbnIf\" data-lark-html-role=\"root\" data-docx-has-block-data=\"false\">\n<div data-page-id=\"U4iufW38SdttWKcTstMcTtHRnXc\" data-lark-html-role=\"root\" data-docx-has-block-data=\"true\">\n<div data-page-id=\"ONVMf7VTWddcFtcyATOchCJHnZb\" data-lark-html-role=\"root\" data-docx-has-block-data=\"true\">\n<div data-page-id=\"KoW2fSy0PdLHFlc5kSHcgvWMnYg\" data-lark-html-role=\"root\" data-docx-has-block-data=\"false\">\n<div data-page-id=\"KoW2fSy0PdLHFlc5kSHcgvWMnYg\" data-lark-html-role=\"root\" data-docx-has-block-data=\"false\">\n<div data-page-id=\"OLGhfzxC7d7EFIcLEj9cRT5ynZf\" data-lark-html-role=\"root\" data-docx-has-block-data=\"false\">\n<div data-page-id=\"DdnnfrLjzdqrFIc9Il9c7pA2noc\" data-lark-html-role=\"root\" data-docx-has-block-data=\"true\">\n<div data-page-id=\"KNzcf2o0oddkJOcztTVcqPdlnth\" data-lark-html-role=\"root\" data-docx-has-block-data=\"false\">\n<div data-page-id=\"LBU7fg5SEdkWhecGJoxca3xvnCe\" data-lark-html-role=\"root\" data-docx-has-block-data=\"false\">\n<div data-page-id=\"EB70fooS3d69bMcgWB7c5qb9n8g\" data-lark-html-role=\"root\" data-docx-has-block-data=\"false\">\n<div data-page-id=\"AogwfsZCadB6t0cAvF0cK4JLnvf\" data-lark-html-role=\"root\" data-docx-has-block-data=\"false\">\n<div data-page-id=\"AogwfsZCadB6t0cAvF0cK4JLnvf\" data-lark-html-role=\"root\" data-docx-has-block-data=\"false\">\n<div data-page-id=\"JMZIflNGddQuU0c5JZocSqlvnle\" data-lark-html-role=\"root\" data-docx-has-block-data=\"false\">\n<div data-page-id=\"JMZIflNGddQuU0c5JZocSqlvnle\" data-lark-html-role=\"root\" data-docx-has-block-data=\"true\">\n<div data-page-id=\"HtEafjjRIdPAlMc9zgYcsGy6nOe\" data-lark-html-role=\"root\" data-docx-has-block-data=\"false\">\n<div data-page-id=\"Rhnafz0WTdDeT9c43xxczsbVnJo\" data-lark-html-role=\"root\" data-docx-has-block-data=\"false\">\n<div data-page-id=\"WY0CfKdcTdf4hVcZl67ct5LGncf\" data-lark-html-role=\"root\" data-docx-has-block-data=\"true\">\n<div data-page-id=\"MkB5fF4AVdchovcoPEpc7LqvnOd\" data-lark-html-role=\"root\" data-docx-has-block-data=\"true\">\n<div data-page-id=\"MfbjfZhbhdJdA8cH1dAckqF0n6g\" data-lark-html-role=\"root\" data-docx-has-block-data=\"false\">\n<div class=\"ace-line ace-line old-record-id-W2AHfJLnjd7ugjcRLs1c8BdhnNh\">\n<div data-page-id=\"MfbjfZhbhdJdA8cH1dAckqF0n6g\" data-lark-html-role=\"root\" data-docx-has-block-data=\"false\">\n<div class=\"old-record-id-XXd1feeCZdR2hJc6evocxnh1nOg\">\n<div data-page-id=\"MfbjfZhbhdJdA8cH1dAckqF0n6g\" data-lark-html-role=\"root\" data-docx-has-block-data=\"false\">\n<div data-page-id=\"DE51fYUmxdT3ekcHzc3cGrVQnsc\" data-lark-html-role=\"root\" data-docx-has-block-data=\"false\">\n<div data-page-id=\"YSKdfaZ08dRej3ci5CccQBuOncc\" data-lark-html-role=\"root\" data-docx-has-block-data=\"true\">\n<div data-page-id=\"K6mofQmledamEFcgp1EcVobmnYd\" data-lark-html-role=\"root\" data-docx-has-block-data=\"false\">\n<div data-page-id=\"VTgsfVLdCd9q1ucYcwRcCM0Hnof\" data-lark-html-role=\"root\" data-docx-has-block-data=\"true\">\n<div data-page-id=\"WucKfzp8RdNy8rcMJHncz4Knnac\" data-lark-html-role=\"root\" data-docx-has-block-data=\"true\">\n<div data-page-id=\"IfZ9fDIBLd9b9hcJiqGcLw9Pnmh\" data-lark-html-role=\"root\" data-docx-has-block-data=\"false\">\n<div data-page-id=\"JeU6f3Yq5dbdEHcZDptc5ikcn5c\" data-lark-html-role=\"root\" data-docx-has-block-data=\"true\">\n<div data-page-id=\"E1YjfnB4Jdmtsfc2ZObcu04Un6c\" data-lark-html-role=\"root\" data-docx-has-block-data=\"false\">\n<div data-page-id=\"RQVEfdiOzdqTQKcRcnxcG0Y7nce\" data-lark-html-role=\"root\" data-docx-has-block-data=\"true\">\n<div data-page-id=\"NKc7fbZi9dnOXocdHcScVsXdnmh\" data-lark-html-role=\"root\" data-docx-has-block-data=\"false\">\n<div data-page-id=\"DaE3fgNEwdnbQVc62iqcBK4lnte\" data-lark-html-role=\"root\" data-docx-has-block-data=\"false\">\n<div data-page-id=\"DaE3fgNEwdnbQVc62iqcBK4lnte\" data-lark-html-role=\"root\" data-docx-has-block-data=\"false\">\n<div data-page-id=\"NqSRfcp5SdFQ6ucdStXcbvManpc\" data-lark-html-role=\"root\" data-docx-has-block-data=\"false\">\n<div data-page-id=\"KydBfoEuudJNYhcgRdAc3aeUn7c\" data-lark-html-role=\"root\" data-docx-has-block-data=\"true\">\n<div data-page-id=\"SIqXfR5ipd7jWpczA5RcYkWInfd\" data-lark-html-role=\"root\" data-docx-has-block-data=\"false\">\n<div data-page-id=\"Y06XfUzydd0aVicBtPKcZlS8nJf\" data-lark-html-role=\"root\" data-docx-has-block-data=\"true\">\n<h2 class=\"heading-2 ace-line old-record-id-Usi2fE4krdCBbccm2vBc6MKCncy\">Caratteristiche Principali del Elf Bar GH 23000 Puffs<\/h2>\n<div class=\"ace-line ace-line old-record-id-SPKhfsaFDd8F2DcVcUec7dKtnMe\">Il Elf Bar GH 23000 Puffs non riguarda solo la quantit\u00e0, ma anche la qualit\u00e0. Ogni dettaglio \u00e8 progettato per migliorare la tua esperienza di svapo, dalla sua batteria ricaricabile al suo sistema di resistenza fluido. Ecco una chiara suddivisione delle sue caratteristiche principali:<\/div>\n<div>\n<table class=\"ace-table\" data-ace-table-col-widths=\"200;200\">\n<colgroup>\n<col width=\"200\" \/>\n<col width=\"200\" \/><\/colgroup>\n<thead>\n<tr>\n<th colspan=\"1\" rowspan=\"1\">\n<div class=\"ace-line ace-line old-record-id-K50ffSwcldDbOIcsChKc6Q3dnab\">Caratteristica<\/div>\n<\/th>\n<th colspan=\"1\" rowspan=\"1\">\n<div class=\"ace-line ace-line old-record-id-KgOWfKgqMdC3dUc2SXScGNo7nhc\">Dettagli<\/div>\n<\/th>\n<\/tr>\n<\/thead>\n<tbody>\n<tr>\n<td colspan=\"1\" rowspan=\"1\">\n<div class=\"ace-line ace-line old-record-id-QDk4f2ESNdyrHacRwGoc9r4nnGN\">Forza della Nicotina<\/div>\n<\/td>\n<td colspan=\"1\" rowspan=\"1\">\n<div class=\"ace-line ace-line old-record-id-YoSFfOOfpdolGcchqGXcUumanvc\">5% Nicotina (perfetto per soddisfare le voglie)<\/div>\n<\/td>\n<\/tr>\n<tr>\n<td colspan=\"1\" rowspan=\"1\">\n<div class=\"ace-line ace-line old-record-id-NONkfrnW9dysvQc5p4bcoU61nac\">Capacit\u00e0 della batteria<\/div>\n<\/td>\n<td colspan=\"1\" rowspan=\"1\">\n<div class=\"ace-line ace-line old-record-id-UvgdfbxNLd2szac6tg5cKe15ndg\">23ML di e-liquid premium<\/div>\n<\/td>\n<\/tr>\n<tr>\n<td colspan=\"1\" rowspan=\"1\">\n<div class=\"ace-line ace-line old-record-id-OUONfo415dFwY6cYgWsc7owdnvh\">Conteggio di Tiri<\/div>\n<\/td>\n<td colspan=\"1\" rowspan=\"1\">\n<div class=\"ace-line ace-line old-record-id-HafFfetZ9dVVyAcrqVccJ0kknnd\">23000 puff\u2014duraturo per settimane di utilizzo<\/div>\n<\/td>\n<\/tr>\n<tr>\n<td colspan=\"1\" rowspan=\"1\">\n<div class=\"ace-line ace-line old-record-id-PJUef0eFsdckfRcgsrjcSyaonZe\">Opzioni di Sapore<\/div>\n<\/td>\n<td colspan=\"1\" rowspan=\"1\">\n<div class=\"ace-line ace-line old-record-id-Y5BifgoNWdp2FncvRl8cpy8Unfc\">15 gusti unici e deliziosi<\/div>\n<\/td>\n<\/tr>\n<tr>\n<td colspan=\"1\" rowspan=\"1\">\n<div class=\"ace-line ace-line old-record-id-MuJOfFRa0dDmuOc3riVcpUS0n0d\">Batteria<\/div>\n<\/td>\n<td colspan=\"1\" rowspan=\"1\">\n<div class=\"ace-line ace-line old-record-id-A2v1fxQ3od8nRScmp5qcYdTwny1\">Batteria ricaricabile da 850mAh (non \u00e8 necessario buttarlo via presto)<\/div>\n<\/td>\n<\/tr>\n<tr>\n<td colspan=\"1\" rowspan=\"1\">\n<div class=\"ace-line ace-line old-record-id-XLPGfj0aJdolyMcc1BJcYeJJnee\">Si abbina perfettamente a 40K tiri; nessun improvviso guasto di alimentazione; prestazioni stabili anche con uso intenso; ricarica rapida<\/div>\n<\/td>\n<td colspan=\"1\" rowspan=\"1\">\n<div class=\"ace-line ace-line old-record-id-ViaQf4yLedbnuIcjCTLcOX7snCU\">Dual Mesh Coil per vapore e sapore lisci e costanti<\/div>\n<\/td>\n<\/tr>\n<tr>\n<td colspan=\"1\" rowspan=\"1\">\n<div class=\"ace-line ace-line old-record-id-ZM4TfFx4adqHwJcxMQNcJHwrnRb\">Porta di Ricarica<\/div>\n<\/td>\n<td colspan=\"1\" rowspan=\"1\">\n<div class=\"ace-line ace-line old-record-id-O9oQfMScydPQSfcl9J7cbKDJnuc\">Porta Type-C\u2014carica veloce e conveniente<\/div>\n<\/td>\n<\/tr>\n<tr>\n<td colspan=\"1\" rowspan=\"1\">\n<div class=\"ace-line ace-line old-record-id-Qpcbff8esd7ZcYcGu7fcseLhnjg\">Imballaggio<\/div>\n<\/td>\n<td colspan=\"1\" rowspan=\"1\">\n<div class=\"ace-line ace-line old-record-id-KcOBfz16Cd7yjScIXpTc3ZzAn8f\">200PCS per cartone; Peso del cartone: 20.82KG; Dimensioni del cartone: 650 x 348 x 270 mm<\/div>\n<\/td>\n<\/tr>\n<\/tbody>\n<\/table>\n<\/div>\n<h2 class=\"heading-2 ace-line old-record-id-PooAfzGkgd3zefcFoWkcJY9nnJd\">Tutti i 15 Gusti del Elf Bar GH 23000 Puffs<\/h2>\n<div class=\"ace-line ace-line old-record-id-OxEJfqf4HdZJmccsBwzcrs9rnpf\">Uno dei punti salienti del Elf Bar GH 23000 Puffs \u00e8 la sua variet\u00e0 di gusti. Che tu preferisca opzioni fruttate, mentolate o dolci, c'\u00e8 qualcosa qui per ogni palato. Ogni gusto \u00e8 realizzato per offrire un sapore audace e autentico ad ogni puff. Esploriamo ciascuno:<\/div>\n<h3 class=\"heading-3 ace-line old-record-id-X12ef2Y2UdE3IAcgvsCc16Fznxe\">Gusti Fruttati (Freschi e Vibranti)<\/h3>\n<h4 class=\"heading-4 ace-line old-record-id-LYKSfM0DNdVg4Fce3G5ciBLEnGg\">1. Gelato all'Anguria<\/h4>\n<div class=\"ace-line ace-line old-record-id-Hh3zfFTGvdaYJRcMurCccZzhn2e\">L'anguria croccante e succosa incontra una finitura ghiacciata e rinfrescante. Sembra di mordere in un'anguria matura in una giornata calda: dolce, idratante e perfettamente bilanciata con un accenno di freschezza. \u2744\ufe0f<\/div>\n<h4 class=\"heading-4 ace-line old-record-id-Rfp3fQIMYdYDZ9csteUcyKh2nXc\">2. Caramella di Anguria Acidula<\/h4>\n<div class=\"ace-line ace-line old-record-id-ATTnftobVdCcercu6esci4CznHc\">Un divertente colpo di scena sul classico sapore di anguria. Questa opzione ha il dolce sapore della caramella di anguria con un tocco acidulo che aggiunge eccitazione ad ogni puff. Ottimo per chi ama le prelibatezze dolci-acide.<\/div>\n<h4 class=\"heading-4 ace-line old-record-id-Lr4tfdVsQdVldac7FPac8qEPnPd\">3. Lampone Anguria Limone<\/h4>\n<div class=\"ace-line ace-line old-record-id-XemUfS7tvdHZt8cI9PkcUcssnwf\">Tre frutti preferiti in uno! Lampone succoso, anguria dolce e limone vivace si mescolano perfettamente. Il limone aggiunge un tocco luminoso e rinfrescante che rende questo gusto leggero e vibrante.<\/div>\n<h4 class=\"heading-4 ace-line old-record-id-SEz6fLypqdoRrHcYJEucF9Cun9e\">4. Prugna Verde Lime Acidulo<\/h4>\n<div class=\"ace-line ace-line old-record-id-PyMffjxridMf7fcZGlWcnIt7n5g\">La prugna verde acidula si abbina a un lime acidulo e rinfrescante per un'esperienza audace e agrumata. \u00c8 aspra, luminosa e piena di sapore\u2014ideale per chi ama i vape fruttati e vivaci.<\/div>\n<h4 class=\"heading-4 ace-line old-record-id-VxOuf6CYWdGPWIcOVDRcwMgWnsc\">5. Mela Verde Ghiacciata<\/h4>\n<div class=\"ace-line ace-line old-record-id-VJqZfwkItdGiRhcitm1cQrEXnhf\">Mela verde croccante e aspra riceve un impulso di freschezza ghiacciata. Il sapore della mela \u00e8 autentico (senza retrogusto artificiale!) e il ghiaccio aggiunge una finitura rinfrescante che ti far\u00e0 tornare per di pi\u00f9.<\/div>\n<h4 class=\"heading-4 ace-line old-record-id-Upgkf9by7d58ylcKzTec9bl2nPf\">6. Uva Ghiacciata<\/h4>\n<div class=\"ace-line ace-line old-record-id-XtpbfiHlcd8nVlcrgrYciyDxnyh\">Sapore di uva dolce e succosa con un tocco ghiacciato. Sembra di mangiare uva fresca direttamente dalla vite, con un freddo che esalta la dolcezza naturale della frutta. \ud83c\udf47<\/div>\n<h4 class=\"heading-4 ace-line old-record-id-IdigfQleYdQGkTcWEmJcINxxnwc\">7. Blue Razz Ice<\/h4>\n<div class=\"ace-line ace-line old-record-id-MZRuf5Gq4dnNEEcGYhhcXVThnNh\">Sapore audace di lampone blu incontra una finitura ghiacciata e rinfrescante. \u00c8 dolce, leggermente acidulo e ha quel classico sapore di lampone blu che conosci e ami\u2014con un tocco fresco per mantenerlo leggero.<\/div>\n<h4 class=\"heading-4 ace-line old-record-id-KbPifFbx5dU9v3ct0FBcQU8onuc\">8. Mela Pera<\/h4>\n<div class=\"ace-line ace-line old-record-id-U0mafMAFVdlc4ycYBJ6ceMFFnEf\">Una miscela liscia di mela croccante e pera succosa. Entrambi i frutti brillano perfettamente\u2014dolci, leggermente aciduli e pieni di sapore naturale di frutta. Nessun retrogusto artificiale qui!<\/div>\n<h4 class=\"heading-4 ace-line old-record-id-LSCXfnhzHd6nQKc2H59cdv6Un8f\">9. Anguria Ciliegia<\/h4>\n<div class=\"ace-line ace-line old-record-id-NdBufttwidaq5mcZFPucoAMEnQf\">L'anguria dolce e la ciliegia matura si uniscono per una combinazione fruttata e deliziosa. L'anguria aggiunge dolcezza, mentre la ciliegia aggiunge una leggera acidit\u00e0\u2014perfettamente bilanciato per un vaping tutto il giorno.<\/div>\n<h4 class=\"heading-4 ace-line old-record-id-KoYxfGk9ideUqNciBsmcTXzMnaf\">10. Fragola Anguria Gomma da Masticare<\/h4>\n<div class=\"ace-line ace-line old-record-id-A0w6f2J8ddX39HcLHjacIo4Pnec\">Un gusto divertente e nostalgico! Fragola succosa, anguria dolce e gomma da masticare classica si mescolano per un sapore dolce e giocoso. \u00c8 come masticare la tua gomma da masticare preferita\u2014senza il disordine. \ud83c\udf53<\/div>\n<h4 class=\"heading-4 ace-line old-record-id-AwO5ffehCd5v0EcQtjacPUM1nzf\">11. Fragola Banana<\/h4>\n<div class=\"ace-line ace-line old-record-id-C8RWfHHrdd74nScjyaFcvLA2ndb\">Banana cremosa e fragola dolce creano un sapore liscio e delizioso. La banana aggiunge cremosit\u00e0, mentre la fragola aggiunge un tocco fresco e fruttato\u2014perfetto per chi ama i vape cremosi e fruttati.<\/div>\n<h4 class=\"heading-4 ace-line old-record-id-Af5LfHsiDdDpBpcCqtBcXzvjntc\">12. Cola alla Ciliegia<\/h4>\n<div class=\"ace-line ace-line old-record-id-Jc17fIXOSdIdAYcBJUCc8EAgnad\">Sapore di cola classico con un accenno di ciliegia matura. Sembra la tua bevanda cola preferita, con un tocco dolce di ciliegia che aggiunge profondit\u00e0 e sapore. Rinfrescante e soddisfacente per gli amanti della cola! \ud83e\udd64<\/div>\n<h3 class=\"heading-3 ace-line old-record-id-Y7n7fg3aOd73i1czZbkcXlSynmf\">Gusti Mentolati (Freschi e Rinfrescanti)<\/h3>\n<h4 class=\"heading-4 ace-line old-record-id-BMlgfTwYYdQIgoc6ecAc4r6OnPH\">13. Menta Polare<\/h4>\n<div class=\"ace-line ace-line old-record-id-Qw9LfxleHdoMnvcxnWhcDhzin5d\">Un classico, sapore di menta rinvigorente. \u00c8 fresco, croccante e rinfrescante\u2014come un respiro d'aria fresca. Perfetto per chi ama i vape di menta semplici e puliti, o da abbinare a gusti fruttati.<\/div>\n<h4 class=\"heading-4 ace-line old-record-id-Il93fvsofde3UDcJpaxcRVjEnZc\">14. Menta Viola<\/h4>\n<div class=\"ace-line ace-line old-record-id-WgfsfF4RLddEINcpLSScY9d3nDe\">\n<p>Un colpo di scena unico sulla menta classica. Questo sapore ha un sottotono dolce e sottile che completa perfettamente la menta fresca. Non \u00e8 troppo forte, ma offre comunque quel colpo di freschezza mentolata che desideri.<\/p>\n<p><img decoding=\"async\" class=\"wp-image-6788 size-full\" title=\"Elf Bar GH 23000 Puff Gusto\" src=\"https:\/\/oiovape.com\/wp-content\/uploads\/2026\/02\/Elf-Bar-GH-23000-Puffs-Flavor.webp\" alt=\"Elf Bar GH 23000 Puff Gusto\" width=\"554\" height=\"554\" srcset=\"https:\/\/oiovape.com\/wp-content\/uploads\/2026\/02\/Elf-Bar-GH-23000-Puffs-Flavor.webp 554w, https:\/\/oiovape.com\/wp-content\/uploads\/2026\/02\/Elf-Bar-GH-23000-Puffs-Flavor-300x300.webp 300w, https:\/\/oiovape.com\/wp-content\/uploads\/2026\/02\/Elf-Bar-GH-23000-Puffs-Flavor-150x150.webp 150w, https:\/\/oiovape.com\/wp-content\/uploads\/2026\/02\/Elf-Bar-GH-23000-Puffs-Flavor-12x12.webp 12w\" sizes=\"(max-width: 554px) 100vw, 554px\" \/><\/div>\n<h2 class=\"heading-2 ace-line old-record-id-DLHCf6ZV4d422ecx1Qscfjdun1b\">Q&amp;A: Domande Comuni sul Elf Bar GH 23000 Puffs<\/h2>\n<div class=\"ace-line ace-line old-record-id-M1HLfNiYcd1MGAciAqpcJZ2kngc\">Abbiamo raccolto le domande pi\u00f9 comuni sul Elf Bar GH 23000 Puffs per aiutarti a prendere una decisione informata. Ecco le risposte di cui hai bisogno:<\/div>\n<h3 class=\"heading-3 ace-line old-record-id-K7oLfnDQmdXca9ccgPlcpuRpnIe\">Q1: Quanto dura il Elf Bar GH 23000 Puffs?<\/h3>\n<div class=\"ace-line ace-line old-record-id-QnlfflemadwxhAcKbSicNY1Xnzb\">A1: Con 23000 puff, il dispositivo dura significativamente pi\u00f9 a lungo rispetto alla maggior parte dei vape usa e getta. Per i vapers occasionali (10-15 puff al giorno), pu\u00f2 durare fino a 6 mesi. Per i vapers pi\u00f9 intensi (30-40 puff al giorno), dura comunque 2-3 mesi\u2014non \u00e8 necessario sostituirlo frequentemente.<\/div>\n<h3 class=\"heading-3 ace-line old-record-id-GNgofJor9daKTEcfb5lcNeAEnPg\">Q2: Il Elf Bar GH 23000 Puffs \u00e8 ricaricabile?<\/h3>\n<div class=\"ace-line ace-line old-record-id-JHMZfHU5Ud6z0ZcJEpxcVKO1nVg\">A2: S\u00ec! Viene fornito con una batteria ricaricabile da 850mAh e una porta di ricarica Type-C. Quando la batteria \u00e8 scarica, basta collegarlo con un cavo Type-C (non incluso) e si ricaricher\u00e0 rapidamente\u2014quindi non devi buttare via un dispositivo parzialmente utilizzato.<\/div>\n<h3 class=\"heading-3 ace-line old-record-id-PFYQfkItUdYkAccKGAvcc5nNngl\">Q3: Cosa rende migliore la Dual Mesh Coil?<\/h3>\n<div class=\"ace-line ace-line old-record-id-ReYKf0pZodpdnBcMwuRcHiJ0n0e\">A3: La Dual Mesh Coil ha una superficie maggiore rispetto alle resistenze tradizionali. Questo significa che riscalda l'e-liquid in modo pi\u00f9 uniforme, producendo vapore pi\u00f9 liscio e un sapore pi\u00f9 intenso. Previene anche i sapori bruciati e garantisce prestazioni costanti dal primo puff all'ultimo.<\/div>\n<\/div>\n<\/div>\n<\/div>\n<\/div>\n<\/div>\n<\/div>\n<\/div>\n<\/div>\n<\/div>\n<\/div>\n<\/div>\n<\/div>\n<\/div>\n<\/div>\n<\/div>\n<\/div>\n<\/div>\n<\/div>\n<\/div>\n<\/div>\n<\/div>\n<\/div>\n<\/div>\n<\/div>\n<\/div>\n<\/div>\n<\/div>\n<\/div>\n<\/div>\n<\/div>\n<\/div>\n<\/div>\n<\/div>\n<\/div>\n<\/div>\n<\/div>\n<\/div>\n<\/div>\n<\/div>\n<\/div>\n<\/div>\n<\/div>\n<\/div>\n<\/div>\n<\/div>\n<\/div>\n<\/div>\n<\/div>\n<\/div>\n<\/div>\n<\/div>\n<\/div>\n<\/div>\n<\/div>\n<\/div>\n<\/div>\n<\/div>\n<\/div>\n<\/div>\n<\/div>\n<\/div>\n<\/div>\n<\/div>\n<\/div>\n<\/div>\n<\/div>\n<\/div>\n<\/div>\n<\/div>\n<\/div>\n<\/div>\n<\/div>\n<\/div>\n<\/div>\n<\/div>\n<\/div>\n<\/div>\n<\/div>\n<\/div>\n<\/div>\n<\/div>","protected":false},"excerpt":{"rendered":"<div data-page-id=\"RAopf2sw9dtvw4cWYXpcTwo0n8g\" data-lark-html-role=\"root\" data-docx-has-block-data=\"false\">\n<div class=\"ace-line ace-line old-record-id-Uju9f3RXYd8dh2crAJbcBF3Un6M\">\n<div data-page-id=\"Dd8gfe2wRdT66jcgnqtcUwg5ndh\" data-lark-html-role=\"root\" data-docx-has-block-data=\"false\">\n<div class=\"ace-line ace-line old-record-id-FiRZf3qXpdK0RqcHt8wcxPTon8b\">Elf Bar GH 23000 Puff \u00e8 un dispositivo vape monouso di alta qualit\u00e0 con 23000 puff, 23ML di e-liquid e 5% di nicotina. La sua batteria ricaricabile Type-C da 850mAh e la Dual Mesh Coil offrono vapore fluido e sapore ricco. Con 15 gusti diversi\u2014fruttati, mentolati e dolci\u2014si adatta a tutti i palati, durando mesi per i vapers occasionali e quelli pesanti.<\/div>\n<\/div>\n<\/div>\n<\/div>","protected":false},"featured_media":6797,"comment_status":"open","ping_status":"closed","template":"","meta":{"_acf_changed":false,"inline_featured_image":false,"_sitemap_exclude":false,"_sitemap_priority":"","_sitemap_frequency":""},"product_brand":[333],"product_cat":[332],"product_tag":[],"class_list":{"0":"post-6785","1":"product","2":"type-product","3":"status-publish","4":"has-post-thumbnail","6":"product_brand-elf-bar","7":"product_cat-elf-bar","9":"first","10":"instock","11":"sale","12":"shipping-taxable","13":"purchasable","14":"product-type-variable","15":"has-default-attributes"},"acf":[],"tiered_pricing_type":"fixed","tiered_pricing_fixed_rules":{"30":10.78,"60":10.56,"100":10.14,"200":9.57},"tiered_pricing_product_settings":{"layout":"default","base_unit_name":{"singular":null,"plural":null},"default_variation":null},"tiered_pricing_minimum_quantity":10,"tiered_pricing_roles_data":[],"tiered_pricing_percentage_rules":[],"tiered_pricing_maximum_quantity":null,"tiered_pricing_quantity_step":"10","_links":{"self":[{"href":"https:\/\/oiovape.com\/it\/wp-json\/wp\/v2\/product\/6785","targetHints":{"allow":["GET"]}}],"collection":[{"href":"https:\/\/oiovape.com\/it\/wp-json\/wp\/v2\/product"}],"about":[{"href":"https:\/\/oiovape.com\/it\/wp-json\/wp\/v2\/types\/product"}],"replies":[{"embeddable":true,"href":"https:\/\/oiovape.com\/it\/wp-json\/wp\/v2\/comments?post=6785"}],"version-history":[{"count":0,"href":"https:\/\/oiovape.com\/it\/wp-json\/wp\/v2\/product\/6785\/revisions"}],"wp:featuredmedia":[{"embeddable":true,"href":"https:\/\/oiovape.com\/it\/wp-json\/wp\/v2\/media\/6797"}],"wp:attachment":[{"href":"https:\/\/oiovape.com\/it\/wp-json\/wp\/v2\/media?parent=6785"}],"wp:term":[{"taxonomy":"product_brand","embeddable":true,"href":"https:\/\/oiovape.com\/it\/wp-json\/wp\/v2\/product_brand?post=6785"},{"taxonomy":"product_cat","embeddable":true,"href":"https:\/\/oiovape.com\/it\/wp-json\/wp\/v2\/product_cat?post=6785"},{"taxonomy":"product_tag","embeddable":true,"href":"https:\/\/oiovape.com\/it\/wp-json\/wp\/v2\/product_tag?post=6785"}],"curies":[{"name":"wp","href":"https:\/\/api.w.org\/{rel}","templated":true}]}}