{"id":6822,"date":"2026-02-07T11:03:24","date_gmt":"2026-02-07T03:03:24","guid":{"rendered":"https:\/\/oiovape.com\/?post_type=product&#038;p=6822"},"modified":"2026-03-05T10:58:56","modified_gmt":"2026-03-05T02:58:56","slug":"jnr-shisha-ultra-45000-puffs","status":"publish","type":"product","link":"https:\/\/oiovape.com\/it\/product\/jnr-shisha-ultra-45000-puffs\/","title":{"rendered":"JNR SHISHA ULTRA 45000 PUFFS Opzioni Triple Mesh Disposable DTL Vape Con Flusso D'aria Regolabile"},"content":{"rendered":"<div data-page-id=\"ZVeMfq8uxd7y1ycuKm5cym4LnYd\" data-lark-html-role=\"root\" data-docx-has-block-data=\"false\">\n<div data-page-id=\"Fd41fZ5N9dzRQtcRNoVc2FuDnCh\" data-lark-html-role=\"root\" data-docx-has-block-data=\"true\">\n<div data-page-id=\"BdIJfeeijdk1eucGpS8cDCBBn5c\" data-lark-html-role=\"root\" data-docx-has-block-data=\"false\">\n<div data-page-id=\"Zbg9fWx77dUuh2cIYpic25c8nyd\" data-lark-html-role=\"root\" data-docx-has-block-data=\"false\">\n<div data-page-id=\"KaIvfiurhdlCKdc0kyxcX64cnE6\" data-lark-html-role=\"root\" data-docx-has-block-data=\"true\">\n<div data-page-id=\"PbvFfqxqlddUTScRpEYcY5MHnpf\" data-lark-html-role=\"root\" data-docx-has-block-data=\"true\">\n<div data-page-id=\"GZO2f5JeudwY4jc9iJtcdk9Hnxh\" data-lark-html-role=\"root\" data-docx-has-block-data=\"false\">\n<div data-page-id=\"EZVRf2acFduXLGcseZFc4qH2n6e\" data-lark-html-role=\"root\" data-docx-has-block-data=\"false\">\n<div data-page-id=\"B8rHfcqlqdzmH5cCWCncz17Cntb\" data-lark-html-role=\"root\" data-docx-has-block-data=\"false\">\n<div data-page-id=\"B8rHfcqlqdzmH5cCWCncz17Cntb\" data-lark-html-role=\"root\" data-docx-has-block-data=\"false\">\n<div data-page-id=\"B8rHfcqlqdzmH5cCWCncz17Cntb\" data-lark-html-role=\"root\" data-docx-has-block-data=\"true\">\n<div data-page-id=\"HM70f1aoxdD0bMcxJZBcVc7ynZd\" data-lark-html-role=\"root\" data-docx-has-block-data=\"false\">\n<div data-page-id=\"NSrJfN7Ord22i0c1iwZcsF8yn8b\" data-lark-html-role=\"root\" data-docx-has-block-data=\"false\">\n<div data-page-id=\"RXEff4Mskds8o1cqL5HcGEtUnCh\" data-lark-html-role=\"root\" data-docx-has-block-data=\"false\">\n<div data-page-id=\"KJ7gfqkVndMSRJcMseScmvYwnTc\" data-lark-html-role=\"root\" data-docx-has-block-data=\"false\">\n<div class=\"ace-line ace-line old-record-id-QADAfETPudgmudc05YvcTO5fnxe\">\n<div data-page-id=\"KJ7gfqkVndMSRJcMseScmvYwnTc\" data-lark-html-role=\"root\" data-docx-has-block-data=\"false\">\n<div class=\"ace-line ace-line old-record-id-JoRkfpho8dOkiacEOascDyCOncb\">\n<div data-page-id=\"KJ7gfqkVndMSRJcMseScmvYwnTc\" data-lark-html-role=\"root\" data-docx-has-block-data=\"false\">\n<div data-page-id=\"Ju6ofQ3V4dGmePcVvJvc1gmcnZb\" data-lark-html-role=\"root\" data-docx-has-block-data=\"true\">\n<div data-page-id=\"PR9ife5PLdFabccbFgZcWgZOnTc\" data-lark-html-role=\"root\" data-docx-has-block-data=\"false\">\n<div data-page-id=\"INdrfOIGzdaenXcptrcc1BcznQc\" data-lark-html-role=\"root\" data-docx-has-block-data=\"false\">\n<div class=\"ace-line ace-line old-record-id-P0fIf4YaZdoGkbcxt5ackec2nnb\">\n<div data-page-id=\"INdrfOIGzdaenXcptrcc1BcznQc\" data-lark-html-role=\"root\" data-docx-has-block-data=\"false\">\n<div data-page-id=\"MAzCfUB73dMTQscm8eWcougVn1g\" data-lark-html-role=\"root\" data-docx-has-block-data=\"true\">\n<div data-page-id=\"AXfpf7H1odhDvGcKoUOcErN8nV7\" data-lark-html-role=\"root\" data-docx-has-block-data=\"false\">\n<div data-page-id=\"QYTKf5PvLdUNdbce2nBcW9yfnrh\" data-lark-html-role=\"root\" data-docx-has-block-data=\"false\">\n<div data-page-id=\"Pvu1f1CCBdxbjncA9pgcBTpanph\" data-lark-html-role=\"root\" data-docx-has-block-data=\"true\">\n<div data-page-id=\"Axf3fcmY8dDAhtcjVircBcphnPc\" data-lark-html-role=\"root\" data-docx-has-block-data=\"false\">\n<div data-page-id=\"KKj1f9SPmdLhhMc5E2AcNlLen6f\" data-lark-html-role=\"root\" data-docx-has-block-data=\"true\">\n<div data-page-id=\"Rx61fK1sJdXHjPcBuhZcweNhnwc\" data-lark-html-role=\"root\" data-docx-has-block-data=\"false\">\n<div data-page-id=\"L1H9fkG9Mdz45Fcy4WMc5VKXnRe\" data-lark-html-role=\"root\" data-docx-has-block-data=\"false\">\n<div data-page-id=\"L1H9fkG9Mdz45Fcy4WMc5VKXnRe\" data-lark-html-role=\"root\" data-docx-has-block-data=\"false\">\n<div data-page-id=\"D4XLfVBVrdE8mrcaYizczklLnaf\" data-lark-html-role=\"root\" data-docx-has-block-data=\"false\">\n<div data-page-id=\"WVcifIY44d5mhMcXtyEcTsfenGd\" data-lark-html-role=\"root\" data-docx-has-block-data=\"true\">\n<div data-page-id=\"LRknfa6Whd4DWCcUc0FcNKpJnyh\" data-lark-html-role=\"root\" data-docx-has-block-data=\"false\">\n<div data-page-id=\"LRknfa6Whd4DWCcUc0FcNKpJnyh\" data-lark-html-role=\"root\" data-docx-has-block-data=\"false\">\n<div data-page-id=\"XFRAfkcOEdRWh8cArQ2cJdyRnJf\" data-lark-html-role=\"root\" data-docx-has-block-data=\"true\">\n<div data-page-id=\"OQ3bfjnRddMTDGcC3ouc6xFKnWf\" data-lark-html-role=\"root\" data-docx-has-block-data=\"true\">\n<div data-page-id=\"J0iGfj1hEdjc4rcUdSmc4spMnmZ\" data-lark-html-role=\"root\" data-docx-has-block-data=\"false\">\n<div data-page-id=\"P1o7fFyNlduP8tcfZpQcagzbnIf\" data-lark-html-role=\"root\" data-docx-has-block-data=\"false\">\n<div class=\"ace-line ace-line old-record-id-P1o7fFyNlduP8tcfZpQcagzbnIf\">\n<div data-page-id=\"P1o7fFyNlduP8tcfZpQcagzbnIf\" data-lark-html-role=\"root\" data-docx-has-block-data=\"false\">\n<div data-page-id=\"U4iufW38SdttWKcTstMcTtHRnXc\" data-lark-html-role=\"root\" data-docx-has-block-data=\"true\">\n<div data-page-id=\"ONVMf7VTWddcFtcyATOchCJHnZb\" data-lark-html-role=\"root\" data-docx-has-block-data=\"true\">\n<div data-page-id=\"KoW2fSy0PdLHFlc5kSHcgvWMnYg\" data-lark-html-role=\"root\" data-docx-has-block-data=\"false\">\n<div data-page-id=\"KoW2fSy0PdLHFlc5kSHcgvWMnYg\" data-lark-html-role=\"root\" data-docx-has-block-data=\"false\">\n<div data-page-id=\"OLGhfzxC7d7EFIcLEj9cRT5ynZf\" data-lark-html-role=\"root\" data-docx-has-block-data=\"false\">\n<div data-page-id=\"DdnnfrLjzdqrFIc9Il9c7pA2noc\" data-lark-html-role=\"root\" data-docx-has-block-data=\"true\">\n<div data-page-id=\"KNzcf2o0oddkJOcztTVcqPdlnth\" data-lark-html-role=\"root\" data-docx-has-block-data=\"false\">\n<div data-page-id=\"LBU7fg5SEdkWhecGJoxca3xvnCe\" data-lark-html-role=\"root\" data-docx-has-block-data=\"false\">\n<div data-page-id=\"EB70fooS3d69bMcgWB7c5qb9n8g\" data-lark-html-role=\"root\" data-docx-has-block-data=\"false\">\n<div data-page-id=\"AogwfsZCadB6t0cAvF0cK4JLnvf\" data-lark-html-role=\"root\" data-docx-has-block-data=\"false\">\n<div data-page-id=\"AogwfsZCadB6t0cAvF0cK4JLnvf\" data-lark-html-role=\"root\" data-docx-has-block-data=\"false\">\n<div data-page-id=\"JMZIflNGddQuU0c5JZocSqlvnle\" data-lark-html-role=\"root\" data-docx-has-block-data=\"false\">\n<div data-page-id=\"JMZIflNGddQuU0c5JZocSqlvnle\" data-lark-html-role=\"root\" data-docx-has-block-data=\"true\">\n<div data-page-id=\"HtEafjjRIdPAlMc9zgYcsGy6nOe\" data-lark-html-role=\"root\" data-docx-has-block-data=\"false\">\n<div data-page-id=\"Rhnafz0WTdDeT9c43xxczsbVnJo\" data-lark-html-role=\"root\" data-docx-has-block-data=\"false\">\n<div data-page-id=\"WY0CfKdcTdf4hVcZl67ct5LGncf\" data-lark-html-role=\"root\" data-docx-has-block-data=\"true\">\n<div data-page-id=\"MkB5fF4AVdchovcoPEpc7LqvnOd\" data-lark-html-role=\"root\" data-docx-has-block-data=\"true\">\n<div data-page-id=\"MfbjfZhbhdJdA8cH1dAckqF0n6g\" data-lark-html-role=\"root\" data-docx-has-block-data=\"false\">\n<div class=\"ace-line ace-line old-record-id-W2AHfJLnjd7ugjcRLs1c8BdhnNh\">\n<div data-page-id=\"MfbjfZhbhdJdA8cH1dAckqF0n6g\" data-lark-html-role=\"root\" data-docx-has-block-data=\"false\">\n<div class=\"old-record-id-XXd1feeCZdR2hJc6evocxnh1nOg\">\n<div data-page-id=\"MfbjfZhbhdJdA8cH1dAckqF0n6g\" data-lark-html-role=\"root\" data-docx-has-block-data=\"false\">\n<div data-page-id=\"DE51fYUmxdT3ekcHzc3cGrVQnsc\" data-lark-html-role=\"root\" data-docx-has-block-data=\"false\">\n<div data-page-id=\"YSKdfaZ08dRej3ci5CccQBuOncc\" data-lark-html-role=\"root\" data-docx-has-block-data=\"true\">\n<div data-page-id=\"K6mofQmledamEFcgp1EcVobmnYd\" data-lark-html-role=\"root\" data-docx-has-block-data=\"false\">\n<div data-page-id=\"VTgsfVLdCd9q1ucYcwRcCM0Hnof\" data-lark-html-role=\"root\" data-docx-has-block-data=\"true\">\n<div data-page-id=\"WucKfzp8RdNy8rcMJHncz4Knnac\" data-lark-html-role=\"root\" data-docx-has-block-data=\"true\">\n<div data-page-id=\"IfZ9fDIBLd9b9hcJiqGcLw9Pnmh\" data-lark-html-role=\"root\" data-docx-has-block-data=\"false\">\n<div data-page-id=\"JeU6f3Yq5dbdEHcZDptc5ikcn5c\" data-lark-html-role=\"root\" data-docx-has-block-data=\"true\">\n<div data-page-id=\"E1YjfnB4Jdmtsfc2ZObcu04Un6c\" data-lark-html-role=\"root\" data-docx-has-block-data=\"false\">\n<div data-page-id=\"RQVEfdiOzdqTQKcRcnxcG0Y7nce\" data-lark-html-role=\"root\" data-docx-has-block-data=\"true\">\n<div data-page-id=\"NKc7fbZi9dnOXocdHcScVsXdnmh\" data-lark-html-role=\"root\" data-docx-has-block-data=\"false\">\n<div data-page-id=\"DaE3fgNEwdnbQVc62iqcBK4lnte\" data-lark-html-role=\"root\" data-docx-has-block-data=\"false\">\n<div data-page-id=\"DaE3fgNEwdnbQVc62iqcBK4lnte\" data-lark-html-role=\"root\" data-docx-has-block-data=\"false\">\n<div data-page-id=\"NqSRfcp5SdFQ6ucdStXcbvManpc\" data-lark-html-role=\"root\" data-docx-has-block-data=\"false\">\n<div data-page-id=\"KydBfoEuudJNYhcgRdAc3aeUn7c\" data-lark-html-role=\"root\" data-docx-has-block-data=\"true\">\n<div data-page-id=\"SIqXfR5ipd7jWpczA5RcYkWInfd\" data-lark-html-role=\"root\" data-docx-has-block-data=\"false\">\n<div data-page-id=\"Y06XfUzydd0aVicBtPKcZlS8nJf\" data-lark-html-role=\"root\" data-docx-has-block-data=\"true\">\n<div data-page-id=\"E2ZvfNrVNdEHKickexPcvdXVnrc\" data-lark-html-role=\"root\" data-docx-has-block-data=\"false\">\n<div data-page-id=\"DqGzfq5S4d9GdAcOQVIcIdPhn2c\" data-lark-html-role=\"root\" data-docx-has-block-data=\"false\">\n<h2 class=\"heading-2 ace-line old-record-id-K327f1CG3dZgv0cVs3Tc5SyXn4d\">Cosa Rende il JNR SHISHA ULTRA 45000 Puffs Unico?<\/h2>\n<div class=\"ace-line ace-line old-record-id-CzKJfeNXqdche9ctjnVca1gNngf\">Questo dispositivo monouso DTL (Direct to Lung) non \u00e8 solo un altro prodotto per il vaping \u2014 \u00e8 realizzato con attenzione a ogni dettaglio, dal suo esterno premium ai suoi potenti componenti interni. Analizziamo le sue caratteristiche principali che lo rendono una scelta top per i vapers di tutti i livelli.<\/div>\n<h3 class=\"heading-3 ace-line old-record-id-SUFPfmFuodKypPcH99NcD1bSnJd\">Design Elegante e Sensazione Premium<\/h3>\n<div class=\"ace-line ace-line old-record-id-VslqfCuk0dLnHbcaDvrcY9HPnMf\">Dimentica i monouso ingombranti e dall'aspetto economico. Il JNR SHISHA ULTRA 45000 Puffs presenta un esterno in pelle che si sente lussuoso nella tua mano e aggiunge un tocco di sofisticatezza. Non si tratta solo di aspetto, per\u00f2 \u2014 il design compatto ed ergonomico lo rende facile da portare in tasca o in borsa, cos\u00ec puoi goderti i tuoi sapori preferiti ovunque e in qualsiasi momento. \u2728<\/div>\n<h3 class=\"heading-3 ace-line old-record-id-OegOfPsEqdl5kvcswsOcOu1dn0c\">Divertimento Duraturo Senza Inconvenienti<\/h3>\n<div class=\"ace-line ace-line old-record-id-C9qofZfAtdV4hucTDyscs78xnDe\">Una delle maggiori frustrazioni con le sigarette elettroniche monouso \u00e8 esaurire il liquido o la batteria troppo presto. Questo dispositivo risolve il problema con un generoso serbatoio da 40ml di liquido, offrendo fino a 45.000 puff \u2014 settimane di vaping costante senza dover sostituire il dispositivo. \ud83c\udf89<\/div>\n<h3 class=\"heading-3 ace-line old-record-id-NNHJfX5U2dgRkKcIMrTcIBNKn0b\">Batteria Potente &amp; Ricarica Veloce<\/h3>\n<div class=\"ace-line ace-line old-record-id-XJ8bfAGNyd4xe1cEo5HcVaPpnac\">Dotato di una batteria da 1100mAh, il JNR SHISHA ULTRA 45000 Puffs fornisce vapore forte e costante dall'inizio alla fine. E quando hai bisogno di una ricarica, la porta Type-C garantisce una ricarica rapida e conveniente \u2014 niente pi\u00f9 attese di ore per tornare a svapare. \ud83d\udd0b<\/div>\n<h3 class=\"heading-3 ace-line old-record-id-PmDXfGqDgdrkvzcpybMcbeLcn6f\">Vapore Ricco e Esperienza Personalizzabile<\/h3>\n<div class=\"ace-line ace-line old-record-id-CeFkfqp48dNmCOc4X0tcz3jNnMd\">Il dispositivo presenta una resistenza a rete da 1.20, con opzioni a tripla rete disponibili, per produrre un vapore ricco e morbido che esalta il sapore di ogni liquido. Ha anche un flusso d'aria regolabile, cos\u00ec puoi adattare il tiro alle tue preferenze \u2014 che tu preferisca un colpo stretto e concentrato o un tiro morbido e arioso. Inoltre, la finestra visibile del liquido ti consente di controllare a colpo d'occhio quanto ne resta, cos\u00ec non ti ritrovi mai a corto inaspettatamente. \ud83c\udf2c\ufe0f<\/div>\n<h3 class=\"heading-3 ace-line old-record-id-CVPXf63SzdJljCcwgIscSyH8nWf\">Display Intelligente della Batteria per Tranquillit\u00e0<\/h3>\n<div class=\"ace-line ace-line old-record-id-FYI4fP00IdgEfbcv6uxcQoFTnah\">Ti stai chiedendo quanta batteria ti \u00e8 rimasta? Il display intelligente della batteria mostra i livelli di potenza in tempo reale, cos\u00ec sai sempre quando \u00e8 il momento di ricaricare. Niente pi\u00f9 congetture o sorprese con un dispositivo scarico. \ud83d\udcca<br \/>\n<img decoding=\"async\" class=\"wp-image-6834 size-full\" title=\"JNRPUFF SHISHA ULTRA 45K POST\" src=\"https:\/\/oiovape.com\/wp-content\/uploads\/2026\/02\/JNRPUFF-SHISHA-ULTRA-45K-POST.jpg\" alt=\"JNRPUFF SHISHA ULTRA 45K POST\" width=\"1920\" height=\"1080\" srcset=\"https:\/\/oiovape.com\/wp-content\/uploads\/2026\/02\/JNRPUFF-SHISHA-ULTRA-45K-POST.jpg 1920w, https:\/\/oiovape.com\/wp-content\/uploads\/2026\/02\/JNRPUFF-SHISHA-ULTRA-45K-POST-300x169.jpg 300w, https:\/\/oiovape.com\/wp-content\/uploads\/2026\/02\/JNRPUFF-SHISHA-ULTRA-45K-POST-1024x576.jpg 1024w, https:\/\/oiovape.com\/wp-content\/uploads\/2026\/02\/JNRPUFF-SHISHA-ULTRA-45K-POST-768x432.jpg 768w, https:\/\/oiovape.com\/wp-content\/uploads\/2026\/02\/JNRPUFF-SHISHA-ULTRA-45K-POST-1536x864.jpg 1536w, https:\/\/oiovape.com\/wp-content\/uploads\/2026\/02\/JNRPUFF-SHISHA-ULTRA-45K-POST-18x10.jpg 18w, https:\/\/oiovape.com\/wp-content\/uploads\/2026\/02\/JNRPUFF-SHISHA-ULTRA-45K-POST-1200x675.jpg 1200w, https:\/\/oiovape.com\/wp-content\/uploads\/2026\/02\/JNRPUFF-SHISHA-ULTRA-45K-POST-150x84.jpg 150w\" sizes=\"(max-width: 1920px) 100vw, 1920px\" \/><\/div>\n<h2 class=\"heading-2 ace-line old-record-id-Fj4GfjVePdpaARcVfY0cplumnRH\">Perch\u00e9 Scegliere il JNR SHISHA ULTRA 45000 Puffs?<\/h2>\n<div class=\"ace-line ace-line old-record-id-ZTmnfWhzGd0903cnMJXcWK33nOb\">Con cos\u00ec tante sigarette elettroniche monouso sul mercato, potresti chiederti cosa rende questa diversa. Ecco perch\u00e9 \u00e8 la scelta perfetta per te:<\/div>\n<ul class=\"list-bullet1\">\n<li class=\"ace-line ace-line old-record-id-CoaffcrFpdUnm9c4tdfcyPv1nmg\" data-list=\"bullet\">\n<div>Nessun inconveniente: \u00c8 un dispositivo monouso, quindi basta disimballarlo, iniziare a svapare e gettarlo via quando hai finito \u2014 niente ricariche, niente cambi di resistenza, niente manutenzione.<\/div>\n<\/li>\n<li class=\"ace-line ace-line old-record-id-FM8mfZJ8WdzhomcYQDPciNKQn4c\" data-list=\"bullet\">\n<div>Duraturo: 45000 puff significano che non dovrai sostituirlo costantemente, risparmiando tempo e denaro.<\/div>\n<\/li>\n<li class=\"ace-line ace-line old-record-id-CpEhfDf1Kdpbg7cYa5ac5tpJn5c\" data-list=\"bullet\">\n<div>Qualit\u00e0 premium: Dall'esterno in pelle alle resistenze a rete, ogni parte \u00e8 progettata per durabilit\u00e0 e prestazioni.<\/div>\n<\/li>\n<li class=\"ace-line ace-line old-record-id-EPxcf5BaTdMGfFcWgUDcSiLenBm\" data-list=\"bullet\">\n<div>Personalizzabile: Flusso d'aria regolabile e opzioni a tripla rete ti consentono di personalizzare la tua esperienza di svapo secondo i tuoi gusti.<\/div>\n<\/li>\n<li class=\"ace-line ace-line old-record-id-XxxnfVPFAdtSGAcJUOicf1ernFb\" data-list=\"bullet\">\n<div>Conveniente: Ricarica rapida Type-C, liquido visibile e display intelligente della batteria rendono facile l'uso ogni giorno.<\/div>\n<\/li>\n<\/ul>\n<h2 class=\"heading-2 ace-line old-record-id-QSuafoyRDdLhRIcffGEcYuQInkc\">Esplora i Gusti Deliziosi<\/h2>\n<div class=\"ace-line ace-line old-record-id-K9KofmZY3dKcIqcagHUceNDankf\">Il JNR SHISHA ULTRA 45000 Puffs \u00e8 disponibile in 16 gusti deliziosi, ciascuno progettato per offrire un sapore audace e autentico. Ogni nome di gusto inizia con una lettera maiuscola, con il resto in minuscolo \u2014 perfetto per trovare il tuo nuovo preferito:<\/div>\n<h4 class=\"heading-4 ace-line old-record-id-PG97fmxX0d33EfcyjS8chD6Xnye\">Gusti Menta Rinfrescanti<\/h4>\n<div class=\"ace-line ace-line old-record-id-MWCYfIJRGdl7e4cePancDDndn4c\">Ideali per i vapers che amano un colpo fresco e croccante, queste opzioni di menta sono perfette per qualsiasi momento della giornata:<\/div>\n<ul class=\"list-bullet1\">\n<li class=\"ace-line ace-line old-record-id-O9FIfWMaQd5PHkcnopWcoa7bn0u\" data-list=\"bullet\">\n<div>Menta: Un classico, sapore di menta pulita che rinfresca il tuo palato ad ogni tiro. \u2744\ufe0f<\/div>\n<\/li>\n<li class=\"ace-line ace-line old-record-id-XFTIfLXeBdSCbNcj19Lcbo6lnCg\" data-list=\"bullet\">\n<div>Menta Gommosa: Il gusto fresco e frizzante della gomma da masticare alla menta, con una dolcezza sottile e una finitura rinfrescante.<\/div>\n<\/li>\n<li class=\"ace-line ace-line old-record-id-ZKFjf2EybdutVtcGZFOcnsCcnbh\" data-list=\"bullet\">\n<div>Menta di Mirtillo: Mirtilli succosi incontrano menta croccante, per una combinazione dolce e rinfrescante.<\/div>\n<\/li>\n<li class=\"ace-line ace-line old-record-id-YoBUfEkisdXhH4chtBaceZ5Gn5g\" data-list=\"bullet\">\n<div>Menta di Limone: Limone piccante abbinato a menta rinfrescante, luminoso e rinvigorente.<\/div>\n<\/li>\n<li class=\"ace-line ace-line old-record-id-WEwof69zjdzJ6NcywOjcbgUfnIL\" data-list=\"bullet\">\n<div>Mentolo: Un forte e morbido sapore di mentolo che offre una freschezza soddisfacente.<\/div>\n<\/li>\n<li class=\"ace-line ace-line old-record-id-OeFvfTI6Wdem2TctlTrcwfEkneg\" data-list=\"bullet\">\n<div>Menta Verde: Menta verde fresca con una leggera nota erbacea, perfetta per una dose di menta pi\u00f9 delicata.<\/div>\n<\/li>\n<\/ul>\n<h4 class=\"heading-4 ace-line old-record-id-LLm8fQ7x8dgHs8c5jDNc3gRZnsh\">Gusti Dolce e Fruttati<\/h4>\n<div class=\"ace-line ace-line old-record-id-MF4HfaBCldAo8ecmuyacq1AgnXc\">Pieni di sapori di frutta fresca, queste opzioni sono dolci, vivaci e ricche di carattere:<\/div>\n<ul class=\"list-bullet1\">\n<li class=\"ace-line ace-line old-record-id-KHCEfMPH3dzSLDc1P9scSURFngc\" data-list=\"bullet\">\n<div>Punch di Fragola: Fragole dolci e mature mescolate con un punch piccante, fruttato e rinfrescante.<\/div>\n<\/li>\n<li class=\"ace-line ace-line old-record-id-Cwu6fVsPsd5UNmcHpLqcvhaRnJc\" data-list=\"bullet\">\n<div>Ghiaccio di Pesca: Pesca succosa e matura abbinata a un tocco di ghiaccio, per una dolce e rinfrescante delizia.<\/div>\n<\/li>\n<li class=\"ace-line ace-line old-record-id-T4ylf6KzHdXiT9c9f3KcQLvgnsg\" data-list=\"bullet\">\n<div>Mirtillo e Lampone: Mirtilli succosi e lamponi aspri, un sapore audace e pieno di bacche.<\/div>\n<\/li>\n<li class=\"ace-line ace-line old-record-id-WaBHfA7kOd2lmEcTzSrcIYdMn9f\" data-list=\"bullet\">\n<div>Fragola e Ciliegia: Fragole dolci e ciliegie succose, una combinazione fruttata classica.<\/div>\n<\/li>\n<li class=\"ace-line ace-line old-record-id-UsZIfqV0wdKZPtcTVQdcvKGWnch\" data-list=\"bullet\">\n<div>Frutti Misti: Un mix di frutti freschi \u2014 dolci, aspri e perfettamente bilanciati.<\/div>\n<\/li>\n<li class=\"ace-line ace-line old-record-id-NfZMfP3ZBdYZOvcH2VacHAESn6c\" data-list=\"bullet\">\n<div>Mango e Ananas: Mango tropicale e ananas dolce, una fuga fruttata e solare.<\/div>\n<\/li>\n<li class=\"ace-line ace-line old-record-id-Bs7GfwcjYduyzHcB6ggcoKNXnGl\" data-list=\"bullet\">\n<div>Fiesta di Ciliegia: Ciliegie succose e mature con un tocco di dolcezza, audaci e deliziose.<\/div>\n<\/li>\n<li class=\"ace-line ace-line old-record-id-VimDfRWMud1Vnqcajecca86DnPb\" data-list=\"bullet\">\n<div>Pesche Estive: Pesche fresche e mature con un'atmosfera leggera e estiva, dolci e morbide.<\/div>\n<\/li>\n<\/ul>\n<h4 class=\"heading-4 ace-line old-record-id-JfNKfpkjJdvvhHcQAjmciYWNnvU\">Unico e Irresistibile<\/h4>\n<div class=\"ace-line ace-line old-record-id-NvHufiuNUdjISUcmIF3caYirn3c\">Per i vapers che amano qualcosa di un po' diverso, questo gusto \u00e8 sicuro di impressionare:<\/div>\n<ul class=\"list-bullet1\">\n<li class=\"ace-line ace-line old-record-id-XlWSfsGz9d8K57c8HnpcAoHLn7f\" data-list=\"bullet\">\n<div>Amore Magico: Una miscela unica e dolce che \u00e8 difficile da resistere \u2014 calda, confortante e piena di sapore. \u2764\ufe0f<\/div>\n<\/li>\n<li class=\"ace-line ace-line old-record-id-Bw3UfbOs3d80PGcRNRVc5wSMnlh\" data-list=\"bullet\">\n<div>Sogno Estivo: Una miscela leggera e fruttata che sembra una brezza estiva \u2014 fresca, dolce e stimolante.<\/div>\n<\/li>\n<\/ul>\n<\/div>\n<div class=\"ace-line ace-line old-record-id-C7fMf0jNDdroeRcGED7c9IQbnUo\">\n<div data-page-id=\"E2ZvfNrVNdEHKickexPcvdXVnrc\" data-lark-html-role=\"root\" data-docx-has-block-data=\"true\"><\/div>\n<\/div>\n<\/div>\n<\/div>\n<\/div>\n<\/div>\n<\/div>\n<\/div>\n<\/div>\n<\/div>\n<\/div>\n<\/div>\n<\/div>\n<\/div>\n<\/div>\n<\/div>\n<\/div>\n<\/div>\n<\/div>\n<\/div>\n<\/div>\n<\/div>\n<\/div>\n<\/div>\n<\/div>\n<\/div>\n<\/div>\n<\/div>\n<\/div>\n<\/div>\n<\/div>\n<\/div>\n<\/div>\n<\/div>\n<\/div>\n<\/div>\n<\/div>\n<\/div>\n<\/div>\n<\/div>\n<\/div>\n<\/div>\n<\/div>\n<\/div>\n<\/div>\n<\/div>\n<\/div>\n<\/div>\n<\/div>\n<\/div>\n<\/div>\n<\/div>\n<\/div>\n<\/div>\n<\/div>\n<\/div>\n<\/div>\n<\/div>\n<\/div>\n<\/div>\n<\/div>\n<\/div>\n<\/div>\n<\/div>\n<\/div>\n<\/div>\n<\/div>\n<\/div>\n<\/div>\n<\/div>\n<\/div>\n<\/div>\n<\/div>\n<\/div>\n<\/div>\n<\/div>\n<\/div>\n<\/div>\n<\/div>\n<\/div>\n<\/div>\n<\/div>\n<\/div>\n<\/div>","protected":false},"excerpt":{"rendered":"<div data-page-id=\"RAopf2sw9dtvw4cWYXpcTwo0n8g\" data-lark-html-role=\"root\" data-docx-has-block-data=\"false\">\n<div class=\"ace-line ace-line old-record-id-Uju9f3RXYd8dh2crAJbcBF3Un6M\">\n<div data-page-id=\"Dd8gfe2wRdT66jcgnqtcUwg5ndh\" data-lark-html-role=\"root\" data-docx-has-block-data=\"false\">\n<div class=\"ace-line ace-line old-record-id-FiRZf3qXpdK0RqcHt8wcxPTon8b\">JNR SHISHA ULTRA 45000 Puffs \u00e8 un premium disposable DTL vape con un elegante esterno in pelle e 40ml di e-liquid per 45K puff. Ha una batteria ricaricabile Type-C da 1100mAh, flusso d'aria regolabile, coil a maglie e un display intelligente della batteria. 16 gusti deliziosi variano da mentolati a fruttati, soddisfacendo i gusti di tutti i vapers per un'esperienza personalizzabile e senza problemi.<\/div>\n<\/div>\n<\/div>\n<\/div>","protected":false},"featured_media":6833,"comment_status":"open","ping_status":"closed","template":"","meta":{"_acf_changed":false,"inline_featured_image":false,"_sitemap_exclude":false,"_sitemap_priority":"","_sitemap_frequency":""},"product_brand":[88],"product_cat":[77,383],"product_tag":[],"class_list":{"0":"post-6822","1":"product","2":"type-product","3":"status-publish","4":"has-post-thumbnail","6":"product_brand-jnr","7":"product_cat-jnr-puff","8":"product_cat-shisha-vape","10":"first","11":"instock","12":"sale","13":"shipping-taxable","14":"purchasable","15":"product-type-variable","16":"has-default-attributes"},"acf":[],"tiered_pricing_type":"fixed","tiered_pricing_fixed_rules":{"30":9.47,"60":8.59,"100":7.99,"200":7.46},"tiered_pricing_product_settings":{"layout":"default","base_unit_name":{"singular":null,"plural":null},"default_variation":null},"tiered_pricing_minimum_quantity":10,"tiered_pricing_roles_data":[],"tiered_pricing_percentage_rules":[],"tiered_pricing_maximum_quantity":null,"tiered_pricing_quantity_step":"10","_links":{"self":[{"href":"https:\/\/oiovape.com\/it\/wp-json\/wp\/v2\/product\/6822","targetHints":{"allow":["GET"]}}],"collection":[{"href":"https:\/\/oiovape.com\/it\/wp-json\/wp\/v2\/product"}],"about":[{"href":"https:\/\/oiovape.com\/it\/wp-json\/wp\/v2\/types\/product"}],"replies":[{"embeddable":true,"href":"https:\/\/oiovape.com\/it\/wp-json\/wp\/v2\/comments?post=6822"}],"version-history":[{"count":0,"href":"https:\/\/oiovape.com\/it\/wp-json\/wp\/v2\/product\/6822\/revisions"}],"wp:featuredmedia":[{"embeddable":true,"href":"https:\/\/oiovape.com\/it\/wp-json\/wp\/v2\/media\/6833"}],"wp:attachment":[{"href":"https:\/\/oiovape.com\/it\/wp-json\/wp\/v2\/media?parent=6822"}],"wp:term":[{"taxonomy":"product_brand","embeddable":true,"href":"https:\/\/oiovape.com\/it\/wp-json\/wp\/v2\/product_brand?post=6822"},{"taxonomy":"product_cat","embeddable":true,"href":"https:\/\/oiovape.com\/it\/wp-json\/wp\/v2\/product_cat?post=6822"},{"taxonomy":"product_tag","embeddable":true,"href":"https:\/\/oiovape.com\/it\/wp-json\/wp\/v2\/product_tag?post=6822"}],"curies":[{"name":"wp","href":"https:\/\/api.w.org\/{rel}","templated":true}]}}