{"id":6837,"date":"2026-02-07T14:12:14","date_gmt":"2026-02-07T06:12:14","guid":{"rendered":"https:\/\/oiovape.com\/?post_type=product&#038;p=6837"},"modified":"2026-02-10T11:14:41","modified_gmt":"2026-02-10T03:14:41","slug":"jnr-windwhip-44000-puffs","status":"publish","type":"product","link":"https:\/\/oiovape.com\/it\/product\/jnr-windwhip-44000-puffs\/","title":{"rendered":"JNR WindWhip 44000 PUFFS 2 in 1 Schermo Intelligente Ricaricabile Vape Usa e Getta all'Ingrosso"},"content":{"rendered":"<div data-page-id=\"ZVeMfq8uxd7y1ycuKm5cym4LnYd\" data-lark-html-role=\"root\" data-docx-has-block-data=\"false\">\n<div data-page-id=\"Fd41fZ5N9dzRQtcRNoVc2FuDnCh\" data-lark-html-role=\"root\" data-docx-has-block-data=\"true\">\n<div data-page-id=\"BdIJfeeijdk1eucGpS8cDCBBn5c\" data-lark-html-role=\"root\" data-docx-has-block-data=\"false\">\n<div data-page-id=\"Zbg9fWx77dUuh2cIYpic25c8nyd\" data-lark-html-role=\"root\" data-docx-has-block-data=\"false\">\n<div data-page-id=\"KaIvfiurhdlCKdc0kyxcX64cnE6\" data-lark-html-role=\"root\" data-docx-has-block-data=\"true\">\n<div data-page-id=\"PbvFfqxqlddUTScRpEYcY5MHnpf\" data-lark-html-role=\"root\" data-docx-has-block-data=\"true\">\n<div data-page-id=\"GZO2f5JeudwY4jc9iJtcdk9Hnxh\" data-lark-html-role=\"root\" data-docx-has-block-data=\"false\">\n<div data-page-id=\"EZVRf2acFduXLGcseZFc4qH2n6e\" data-lark-html-role=\"root\" data-docx-has-block-data=\"false\">\n<div data-page-id=\"B8rHfcqlqdzmH5cCWCncz17Cntb\" data-lark-html-role=\"root\" data-docx-has-block-data=\"false\">\n<div data-page-id=\"B8rHfcqlqdzmH5cCWCncz17Cntb\" data-lark-html-role=\"root\" data-docx-has-block-data=\"false\">\n<div data-page-id=\"B8rHfcqlqdzmH5cCWCncz17Cntb\" data-lark-html-role=\"root\" data-docx-has-block-data=\"true\">\n<div data-page-id=\"HM70f1aoxdD0bMcxJZBcVc7ynZd\" data-lark-html-role=\"root\" data-docx-has-block-data=\"false\">\n<div data-page-id=\"NSrJfN7Ord22i0c1iwZcsF8yn8b\" data-lark-html-role=\"root\" data-docx-has-block-data=\"false\">\n<div data-page-id=\"RXEff4Mskds8o1cqL5HcGEtUnCh\" data-lark-html-role=\"root\" data-docx-has-block-data=\"false\">\n<div data-page-id=\"KJ7gfqkVndMSRJcMseScmvYwnTc\" data-lark-html-role=\"root\" data-docx-has-block-data=\"false\">\n<div class=\"ace-line ace-line old-record-id-QADAfETPudgmudc05YvcTO5fnxe\">\n<div data-page-id=\"KJ7gfqkVndMSRJcMseScmvYwnTc\" data-lark-html-role=\"root\" data-docx-has-block-data=\"false\">\n<div class=\"ace-line ace-line old-record-id-JoRkfpho8dOkiacEOascDyCOncb\">\n<div data-page-id=\"KJ7gfqkVndMSRJcMseScmvYwnTc\" data-lark-html-role=\"root\" data-docx-has-block-data=\"false\">\n<div data-page-id=\"Ju6ofQ3V4dGmePcVvJvc1gmcnZb\" data-lark-html-role=\"root\" data-docx-has-block-data=\"true\">\n<div data-page-id=\"PR9ife5PLdFabccbFgZcWgZOnTc\" data-lark-html-role=\"root\" data-docx-has-block-data=\"false\">\n<div data-page-id=\"INdrfOIGzdaenXcptrcc1BcznQc\" data-lark-html-role=\"root\" data-docx-has-block-data=\"false\">\n<div class=\"ace-line ace-line old-record-id-P0fIf4YaZdoGkbcxt5ackec2nnb\">\n<div data-page-id=\"INdrfOIGzdaenXcptrcc1BcznQc\" data-lark-html-role=\"root\" data-docx-has-block-data=\"false\">\n<div data-page-id=\"MAzCfUB73dMTQscm8eWcougVn1g\" data-lark-html-role=\"root\" data-docx-has-block-data=\"true\">\n<div data-page-id=\"AXfpf7H1odhDvGcKoUOcErN8nV7\" data-lark-html-role=\"root\" data-docx-has-block-data=\"false\">\n<div data-page-id=\"QYTKf5PvLdUNdbce2nBcW9yfnrh\" data-lark-html-role=\"root\" data-docx-has-block-data=\"false\">\n<div data-page-id=\"Pvu1f1CCBdxbjncA9pgcBTpanph\" data-lark-html-role=\"root\" data-docx-has-block-data=\"true\">\n<div data-page-id=\"Axf3fcmY8dDAhtcjVircBcphnPc\" data-lark-html-role=\"root\" data-docx-has-block-data=\"false\">\n<div data-page-id=\"KKj1f9SPmdLhhMc5E2AcNlLen6f\" data-lark-html-role=\"root\" data-docx-has-block-data=\"true\">\n<div data-page-id=\"Rx61fK1sJdXHjPcBuhZcweNhnwc\" data-lark-html-role=\"root\" data-docx-has-block-data=\"false\">\n<div data-page-id=\"L1H9fkG9Mdz45Fcy4WMc5VKXnRe\" data-lark-html-role=\"root\" data-docx-has-block-data=\"false\">\n<div data-page-id=\"L1H9fkG9Mdz45Fcy4WMc5VKXnRe\" data-lark-html-role=\"root\" data-docx-has-block-data=\"false\">\n<div data-page-id=\"D4XLfVBVrdE8mrcaYizczklLnaf\" data-lark-html-role=\"root\" data-docx-has-block-data=\"false\">\n<div data-page-id=\"WVcifIY44d5mhMcXtyEcTsfenGd\" data-lark-html-role=\"root\" data-docx-has-block-data=\"true\">\n<div data-page-id=\"LRknfa6Whd4DWCcUc0FcNKpJnyh\" data-lark-html-role=\"root\" data-docx-has-block-data=\"false\">\n<div data-page-id=\"LRknfa6Whd4DWCcUc0FcNKpJnyh\" data-lark-html-role=\"root\" data-docx-has-block-data=\"false\">\n<div data-page-id=\"XFRAfkcOEdRWh8cArQ2cJdyRnJf\" data-lark-html-role=\"root\" data-docx-has-block-data=\"true\">\n<div data-page-id=\"OQ3bfjnRddMTDGcC3ouc6xFKnWf\" data-lark-html-role=\"root\" data-docx-has-block-data=\"true\">\n<div data-page-id=\"J0iGfj1hEdjc4rcUdSmc4spMnmZ\" data-lark-html-role=\"root\" data-docx-has-block-data=\"false\">\n<div data-page-id=\"P1o7fFyNlduP8tcfZpQcagzbnIf\" data-lark-html-role=\"root\" data-docx-has-block-data=\"false\">\n<div class=\"ace-line ace-line old-record-id-P1o7fFyNlduP8tcfZpQcagzbnIf\">\n<div data-page-id=\"P1o7fFyNlduP8tcfZpQcagzbnIf\" data-lark-html-role=\"root\" data-docx-has-block-data=\"false\">\n<div data-page-id=\"U4iufW38SdttWKcTstMcTtHRnXc\" data-lark-html-role=\"root\" data-docx-has-block-data=\"true\">\n<div data-page-id=\"ONVMf7VTWddcFtcyATOchCJHnZb\" data-lark-html-role=\"root\" data-docx-has-block-data=\"true\">\n<div data-page-id=\"KoW2fSy0PdLHFlc5kSHcgvWMnYg\" data-lark-html-role=\"root\" data-docx-has-block-data=\"false\">\n<div data-page-id=\"KoW2fSy0PdLHFlc5kSHcgvWMnYg\" data-lark-html-role=\"root\" data-docx-has-block-data=\"false\">\n<div data-page-id=\"OLGhfzxC7d7EFIcLEj9cRT5ynZf\" data-lark-html-role=\"root\" data-docx-has-block-data=\"false\">\n<div data-page-id=\"DdnnfrLjzdqrFIc9Il9c7pA2noc\" data-lark-html-role=\"root\" data-docx-has-block-data=\"true\">\n<div data-page-id=\"KNzcf2o0oddkJOcztTVcqPdlnth\" data-lark-html-role=\"root\" data-docx-has-block-data=\"false\">\n<div data-page-id=\"LBU7fg5SEdkWhecGJoxca3xvnCe\" data-lark-html-role=\"root\" data-docx-has-block-data=\"false\">\n<div data-page-id=\"EB70fooS3d69bMcgWB7c5qb9n8g\" data-lark-html-role=\"root\" data-docx-has-block-data=\"false\">\n<div data-page-id=\"AogwfsZCadB6t0cAvF0cK4JLnvf\" data-lark-html-role=\"root\" data-docx-has-block-data=\"false\">\n<div data-page-id=\"AogwfsZCadB6t0cAvF0cK4JLnvf\" data-lark-html-role=\"root\" data-docx-has-block-data=\"false\">\n<div data-page-id=\"JMZIflNGddQuU0c5JZocSqlvnle\" data-lark-html-role=\"root\" data-docx-has-block-data=\"false\">\n<div data-page-id=\"JMZIflNGddQuU0c5JZocSqlvnle\" data-lark-html-role=\"root\" data-docx-has-block-data=\"true\">\n<div data-page-id=\"HtEafjjRIdPAlMc9zgYcsGy6nOe\" data-lark-html-role=\"root\" data-docx-has-block-data=\"false\">\n<div data-page-id=\"Rhnafz0WTdDeT9c43xxczsbVnJo\" data-lark-html-role=\"root\" data-docx-has-block-data=\"false\">\n<div data-page-id=\"WY0CfKdcTdf4hVcZl67ct5LGncf\" data-lark-html-role=\"root\" data-docx-has-block-data=\"true\">\n<div data-page-id=\"MkB5fF4AVdchovcoPEpc7LqvnOd\" data-lark-html-role=\"root\" data-docx-has-block-data=\"true\">\n<div data-page-id=\"MfbjfZhbhdJdA8cH1dAckqF0n6g\" data-lark-html-role=\"root\" data-docx-has-block-data=\"false\">\n<div class=\"ace-line ace-line old-record-id-W2AHfJLnjd7ugjcRLs1c8BdhnNh\">\n<div data-page-id=\"MfbjfZhbhdJdA8cH1dAckqF0n6g\" data-lark-html-role=\"root\" data-docx-has-block-data=\"false\">\n<div class=\"old-record-id-XXd1feeCZdR2hJc6evocxnh1nOg\">\n<div data-page-id=\"MfbjfZhbhdJdA8cH1dAckqF0n6g\" data-lark-html-role=\"root\" data-docx-has-block-data=\"false\">\n<div data-page-id=\"DE51fYUmxdT3ekcHzc3cGrVQnsc\" data-lark-html-role=\"root\" data-docx-has-block-data=\"false\">\n<div data-page-id=\"YSKdfaZ08dRej3ci5CccQBuOncc\" data-lark-html-role=\"root\" data-docx-has-block-data=\"true\">\n<div data-page-id=\"K6mofQmledamEFcgp1EcVobmnYd\" data-lark-html-role=\"root\" data-docx-has-block-data=\"false\">\n<div data-page-id=\"VTgsfVLdCd9q1ucYcwRcCM0Hnof\" data-lark-html-role=\"root\" data-docx-has-block-data=\"true\">\n<div data-page-id=\"WucKfzp8RdNy8rcMJHncz4Knnac\" data-lark-html-role=\"root\" data-docx-has-block-data=\"true\">\n<div data-page-id=\"IfZ9fDIBLd9b9hcJiqGcLw9Pnmh\" data-lark-html-role=\"root\" data-docx-has-block-data=\"false\">\n<div data-page-id=\"JeU6f3Yq5dbdEHcZDptc5ikcn5c\" data-lark-html-role=\"root\" data-docx-has-block-data=\"true\">\n<div data-page-id=\"E1YjfnB4Jdmtsfc2ZObcu04Un6c\" data-lark-html-role=\"root\" data-docx-has-block-data=\"false\">\n<div data-page-id=\"RQVEfdiOzdqTQKcRcnxcG0Y7nce\" data-lark-html-role=\"root\" data-docx-has-block-data=\"true\">\n<div data-page-id=\"NKc7fbZi9dnOXocdHcScVsXdnmh\" data-lark-html-role=\"root\" data-docx-has-block-data=\"false\">\n<div data-page-id=\"DaE3fgNEwdnbQVc62iqcBK4lnte\" data-lark-html-role=\"root\" data-docx-has-block-data=\"false\">\n<div data-page-id=\"DaE3fgNEwdnbQVc62iqcBK4lnte\" data-lark-html-role=\"root\" data-docx-has-block-data=\"false\">\n<div data-page-id=\"NqSRfcp5SdFQ6ucdStXcbvManpc\" data-lark-html-role=\"root\" data-docx-has-block-data=\"false\">\n<div data-page-id=\"KydBfoEuudJNYhcgRdAc3aeUn7c\" data-lark-html-role=\"root\" data-docx-has-block-data=\"true\">\n<div data-page-id=\"SIqXfR5ipd7jWpczA5RcYkWInfd\" data-lark-html-role=\"root\" data-docx-has-block-data=\"false\">\n<div data-page-id=\"Y06XfUzydd0aVicBtPKcZlS8nJf\" data-lark-html-role=\"root\" data-docx-has-block-data=\"true\">\n<div data-page-id=\"E2ZvfNrVNdEHKickexPcvdXVnrc\" data-lark-html-role=\"root\" data-docx-has-block-data=\"false\">\n<div data-page-id=\"DqGzfq5S4d9GdAcOQVIcIdPhn2c\" data-lark-html-role=\"root\" data-docx-has-block-data=\"false\">\n<div data-page-id=\"HsKcfE4WLdET7ScRm72cTZ96nPb\" data-lark-html-role=\"root\" data-docx-has-block-data=\"false\">\n<h2 class=\"ace-line ace-line old-record-id-HsKcfE4WLdET7ScRm72cTZ96nPb\">JNR WindWhip 44000 Puff Disposable Vape: Doppie Sapore &amp; Ultra-Lunga Durata<\/h2>\n<div class=\"ace-line ace-line old-record-id-JJh6flqPydr02icUdOCcCSGCnob\">JNR WindWhip 44000 Puff \u00e8 una potenza a doppio sapore progettata per elevare ogni tiro, con una longevit\u00e0 imbattibile, funzionalit\u00e0 intelligenti e un design elegante che si distingue dalla massa. Che tu sia un cercatore di sapori, un vaper occasionale o qualcuno che odia le sostituzioni costanti dei dispositivi, il JNR WindWhip 44K soddisfa tutte le esigenze. \u2728<\/p>\n<div id=\"attachment_6850\" style=\"width: 2570px\" class=\"wp-caption alignnone\"><img decoding=\"async\" aria-describedby=\"caption-attachment-6850\" class=\"wp-image-6850 size-full\" title=\"JNR WindWhip Catalogo\" src=\"https:\/\/oiovape.com\/wp-content\/uploads\/2026\/02\/JNR-WindWhip-Catalog-scaled.jpg\" alt=\"JNR WindWhip Catalogo\" width=\"2560\" height=\"1440\" srcset=\"https:\/\/oiovape.com\/wp-content\/uploads\/2026\/02\/JNR-WindWhip-Catalog-scaled.jpg 2560w, https:\/\/oiovape.com\/wp-content\/uploads\/2026\/02\/JNR-WindWhip-Catalog-300x169.jpg 300w, https:\/\/oiovape.com\/wp-content\/uploads\/2026\/02\/JNR-WindWhip-Catalog-1024x576.jpg 1024w, https:\/\/oiovape.com\/wp-content\/uploads\/2026\/02\/JNR-WindWhip-Catalog-768x432.jpg 768w, https:\/\/oiovape.com\/wp-content\/uploads\/2026\/02\/JNR-WindWhip-Catalog-1536x864.jpg 1536w, https:\/\/oiovape.com\/wp-content\/uploads\/2026\/02\/JNR-WindWhip-Catalog-2048x1152.jpg 2048w, https:\/\/oiovape.com\/wp-content\/uploads\/2026\/02\/JNR-WindWhip-Catalog-18x10.jpg 18w, https:\/\/oiovape.com\/wp-content\/uploads\/2026\/02\/JNR-WindWhip-Catalog-1200x675.jpg 1200w, https:\/\/oiovape.com\/wp-content\/uploads\/2026\/02\/JNR-WindWhip-Catalog-150x84.jpg 150w\" sizes=\"(max-width: 2560px) 100vw, 2560px\" \/><p id=\"caption-attachment-6850\" class=\"wp-caption-text\">\u00a0<\/p><\/div>\n<\/div>\n<h2 class=\"heading-2 ace-line old-record-id-FQ3Mf3uT8dOxT9cX9YxcExbxnZc\">Perch\u00e9 Scegliere il JNR WindWhip 44000 Puff?<\/h2>\n<div class=\"ace-line ace-line old-record-id-V0IcfnyaSdi2p0ciXoPceqaZnEe\">Con cos\u00ec tanti vape usa e getta sul mercato, potresti chiederti cosa distingue il JNR WindWhip 44000 Puff. La risposta \u00e8 semplice: \u00e8 costruito per la comodit\u00e0, il sapore e la durata\u2014tutto in un dispositivo compatto. Ecco perch\u00e9 merita un posto nella tua tasca:<\/div>\n<ul class=\"list-bullet1\">\n<li class=\"ace-line ace-line old-record-id-FpjVfLutkdiokGclar6cyvBhn8g\" data-list=\"bullet\">\n<div>Non \u00e8 necessario cambiare dispositivo per diversi sapori: ogni WindWhip racchiude due sapori distinti e premium in uno.<\/div>\n<\/li>\n<li class=\"ace-line ace-line old-record-id-ObTXfN79rdenMVcL6PacvSPqnqh\" data-list=\"bullet\">\n<div>Con fino a 44000 tiri, supera la maggior parte dei dispositivi usa e getta, risparmiando tempo e denaro su frequenti sostituzioni.<\/div>\n<\/li>\n<li class=\"ace-line ace-line old-record-id-Q89ff8maod1Gkwc6VOLcXbA3nde\" data-list=\"bullet\">\n<div>Funzionalit\u00e0 intelligenti come un display in tempo reale e un flusso d'aria regolabile ti permettono di personalizzare la tua esperienza di svapo senza sforzo.<\/div>\n<\/li>\n<li class=\"ace-line ace-line old-record-id-Qv6PfVj35deO2tcF1CucYEN0nHQ\" data-list=\"bullet\">\n<div>La sua impugnatura ergonomica e il corpo in metallo premium lo rendono comodo da tenere e costruito per resistere all'uso quotidiano, mentre la luce dinamica che respira aggiunge un tocco divertente e stiloso.<\/div>\n<\/li>\n<\/ul>\n<h2 class=\"heading-2 ace-line old-record-id-YHqlfLA5rdBn1zcQ4mMcTGrPndb\">Esplora le Irresistibili Combinazioni di Sapore 2-in-1<\/h2>\n<div class=\"ace-line ace-line old-record-id-Y7bwfLx9GdgYw7cN5MOcsF0ynPc\">Il JNR WindWhip 44000 Puff brilla con le sue 10 uniche combinazioni di sapore a doppio\u2014ognuna progettata per offrire un gusto morbido e bilanciato che ti far\u00e0 tornare per di pi\u00f9. Ogni nome di sapore segue la regola: prima lettera maiuscola, resto minuscolo. Esploriamo ciascuno \ud83c\udf6c\u2744\ufe0f<\/div>\n<h3 class=\"heading-3 ace-line old-record-id-NJIXfc9TBdcNkLc7vhmcoSlAndg\">Scelte Fruttate &amp; Rinfrescanti<\/h3>\n<h4 class=\"heading-4 ace-line old-record-id-JUuKfxZFId1fNycHmKcc8h50nw2\">1. Blue Razz Cherry + Cherry<\/h4>\n<div class=\"ace-line ace-line old-record-id-EhwtfyRSKd0TnEc2lnqcrtlYnXO\">Inizia con un colpo di blue razz cherry vivace, poi passa a un finale dolce e maturo di ciliegia. \u00c8 la miscela perfetta di aspro e dolce, senza retrogusto amaro.<\/div>\n<h4 class=\"heading-4 ace-line old-record-id-PkYkfPczedkbxQc5LRecVdjonuh\">2. Mixed Berry + White Peach Razz<\/h4>\n<div class=\"ace-line ace-line old-record-id-AJyCftBsGdzxb3c75pKc4qH1nHh\">Un medley di succose bacche miste apre la strada, seguito da una nota morbida di white peach razz che aggiunge un tocco cremoso e fruttato. Leggero e rinfrescante, ottimo per svapare tutto il giorno.<\/div>\n<h4 class=\"heading-4 ace-line old-record-id-EnI6fpTq9dlGEXcURL9cPzp3nAc\">3. Fresh Strawberry Ice + Blueberry Sour Raspberry<\/h4>\n<div class=\"ace-line ace-line old-record-id-RIHXf9kwXdi85Gcbw3gczKBUnyd\">Il croccante e fresco strawberry ice rinfresca il tuo palato per primo, poi cede a un blueberry sour raspberry piccante che aggiunge un tocco divertente e vivace. Perfetto per le giornate calde.<\/div>\n<h4 class=\"heading-4 ace-line old-record-id-YOJkfkOoad613ycfBT6cVgivnYf\">4. Watermelon Ice + Watermelon Bubblegum<\/h4>\n<div class=\"ace-line ace-line old-record-id-EZYbfvPtUdgtACcBoSQcuzwun6c\">Il fresco e succoso watermelon ice ti rinfresca immediatamente, poi passa a un sapore nostalgico di watermelon bubblegum che \u00e8 dolce e giocoso\u2014come una leccornia d'infanzia con un tocco rinfrescante.<\/div>\n<h4 class=\"heading-4 ace-line old-record-id-H908fHnnhdNDuAcop8fcv3eanqg\">5. Kiwi Watermelon Ice + Strawberry Kiwi<\/h4>\n<div class=\"ace-line ace-line old-record-id-WHNxfHKUjdEY3icAszOcg86OnKf\">Il dolce kiwi watermelon ice porta un rinfresco tropicale e ghiacciato, seguito da una miscela morbida di strawberry kiwi che \u00e8 fruttata e vibrante, con il giusto accenno di dolcezza.<\/div>\n<h4 class=\"heading-4 ace-line old-record-id-KYZCfDU5LdonZXcerSfcDXv7npl\">6. Strawberry Watermelon Ice + Strawberry Banana<\/h4>\n<div class=\"ace-line ace-line old-record-id-GiHJfQ0XsduftWcBK3MchMxJnUh\">Il cremoso strawberry watermelon ice stabilisce il tono, poi passa a un ricco strawberry banana che \u00e8 morbido e indulgente\u2014come un frullato di frutta in forma di vape.<\/div>\n<h3 class=\"heading-3 ace-line old-record-id-GhvHfFqgwducwzcoVuXcJcDYnzf\">Preferiti Dolci &amp; Audaci<\/h3>\n<h4 class=\"heading-4 ace-line old-record-id-VuQxfVdnwdGZdJc0JzjcpAKvnwD\">7. Cherry Cola + Summer Peaches<\/h4>\n<div class=\"ace-line ace-line old-record-id-MHHhf46rtdOKrFcVq4QcL2dxn5e\">Un classico sapore di cherry cola (audace e frizzante) apre, poi passa a dolci pesche estive che aggiungono un equilibrio fruttato e rinfrescante\u2014perfetto per gli amanti della cola che vogliono un tocco di frutta.<\/div>\n<h4 class=\"heading-4 ace-line old-record-id-UDlxfki7Yd7P5NcE674crwiHnTb\">8. Love 66 + Hawaii<\/h4>\n<div class=\"ace-line ace-line old-record-id-BvTzfx5Uld8BFBcdHGMcBWW1n8f\">Il misterioso e dolce Love 66 prende il comando, seguito da un sapore tropicale di Hawaii che \u00e8 luminoso e fruttato, con accenni di ananas e cocco per un'atmosfera da vacanza.<\/div>\n<h4 class=\"heading-4 ace-line old-record-id-ZxwtfGdgXdJDg4cvvf8clJTIndd\">9. Double Apple + Green Apple Peach Pear<\/h4>\n<div class=\"ace-line ace-line old-record-id-KPZcf0u3NdgJcNcyVUncDq1Tn8e\">Il ricco e croccante double apple offre prima un sapore di mela audace, poi passa a una miscela croccante di green apple peach pear che \u00e8 fruttata, fresca e perfettamente bilanciata.<\/div>\n<h4 class=\"heading-4 ace-line old-record-id-KDsqffJuUdw363cOZRsc9WUan5d\">10. Black Ice + Black Dragon Ice<\/h4>\n<div class=\"ace-line ace-line old-record-id-YA8AfemO7dwaP7cnfszcV8d9nNe\">Il fresco e audace black ice offre un'immediata rinfrescata, poi passa a un morbido black dragon ice che \u00e8 leggermente dolce con un colpo ghiacciato\u2014ideale per i vaper che amano sapori forti e rinfrescanti.<\/p>\n<div id=\"attachment_6849\" style=\"width: 1610px\" class=\"wp-caption alignnone\"><img decoding=\"async\" aria-describedby=\"caption-attachment-6849\" class=\"wp-image-6849 size-full\" title=\"JNR WindWhip 44K Gusti\" src=\"https:\/\/oiovape.com\/wp-content\/uploads\/2026\/02\/JNR-WindWhip-44K-Flavors.jpg\" alt=\"JNR WindWhip 44K Gusti\" width=\"1600\" height=\"1600\" srcset=\"https:\/\/oiovape.com\/wp-content\/uploads\/2026\/02\/JNR-WindWhip-44K-Flavors.jpg 1600w, https:\/\/oiovape.com\/wp-content\/uploads\/2026\/02\/JNR-WindWhip-44K-Flavors-300x300.jpg 300w, https:\/\/oiovape.com\/wp-content\/uploads\/2026\/02\/JNR-WindWhip-44K-Flavors-1024x1024.jpg 1024w, https:\/\/oiovape.com\/wp-content\/uploads\/2026\/02\/JNR-WindWhip-44K-Flavors-150x150.jpg 150w, https:\/\/oiovape.com\/wp-content\/uploads\/2026\/02\/JNR-WindWhip-44K-Flavors-768x768.jpg 768w, https:\/\/oiovape.com\/wp-content\/uploads\/2026\/02\/JNR-WindWhip-44K-Flavors-1536x1536.jpg 1536w, https:\/\/oiovape.com\/wp-content\/uploads\/2026\/02\/JNR-WindWhip-44K-Flavors-12x12.jpg 12w, https:\/\/oiovape.com\/wp-content\/uploads\/2026\/02\/JNR-WindWhip-44K-Flavors-600x600.jpg 600w, https:\/\/oiovape.com\/wp-content\/uploads\/2026\/02\/JNR-WindWhip-44K-Flavors-1200x1200.jpg 1200w\" sizes=\"(max-width: 1600px) 100vw, 1600px\" \/><p id=\"caption-attachment-6849\" class=\"wp-caption-text\">\u00a0<\/p><\/div>\n<\/div>\n<h2 class=\"heading-2 ace-line old-record-id-QeoUfwfKEdP8o0cEyY1ciiuTnNd\">Caratteristiche Chiave Che Fanno la Differenza<\/h2>\n<div class=\"ace-line ace-line old-record-id-PrR0fBHRdd1YOLcOS6DcDRugnzf\">Oltre ai suoi sapori straordinari, il JNR WindWhip 44000 Puff vanta caratteristiche che lo rendono un vape usa e getta eccezionale. Ogni caratteristica \u00e8 progettata pensando all'utente, senza fronzoli inutili\u2014solo pura funzionalit\u00e0 e stile:<\/div>\n<ul class=\"list-bullet1\">\n<li class=\"ace-line ace-line old-record-id-L1fYf41yAdm4pAcHtq9c02c8nCf\" data-list=\"bullet\">\n<div><strong>2-in-1 Doppio Sapore<\/strong>: Goditi due sapori premium in un dispositivo, senza bisogno di portare pi\u00f9 usa e getta.<\/div>\n<\/li>\n<li class=\"ace-line ace-line old-record-id-Qpj1forIadBpSacgtdLcdvObn9e\" data-list=\"bullet\">\n<div><strong>40ml Totale E-Liquid<\/strong>: La capacit\u00e0 di 2x20ml di e-liquid significa il doppio del sapore e della soddisfazione, senza ricariche frequenti (\u00e8 usa e getta, quindi non \u00e8 necessaria alcuna ricarica!).<\/div>\n<\/li>\n<li class=\"ace-line ace-line old-record-id-BndJfguModGwtRcX8AucvFSYnNe\" data-list=\"bullet\">\n<div><strong>44000 Tiri Ultra-Lunghi<\/strong>: Supera la maggior parte dei dispositivi usa e getta sul mercato, perfetto per lunghi viaggi, programmi impegnativi o chiunque odi sostituire spesso i dispositivi.<\/div>\n<\/li>\n<li class=\"ace-line ace-line old-record-id-WVINfVcwUd7GkgcmORcchIjKnYb\" data-list=\"bullet\">\n<div><strong>Schermo Intelligente<\/strong>: Il display in tempo reale mostra il conteggio dei tiri e il livello della batteria, cos\u00ec sai sempre quando stai per esaurirti.<\/div>\n<\/li>\n<li class=\"ace-line ace-line old-record-id-P98ofwUuNdUfsbcWfymcSwoqnCL\" data-list=\"bullet\">\n<div><strong>Ergonomico &amp; Durevole<\/strong>: L'impugnatura ergonomica si adatta comodamente alla tua mano, mentre il corpo in metallo premium assicura che sia robusto e durevole.<\/div>\n<\/li>\n<li class=\"ace-line ace-line old-record-id-ZLztfck4XdbG7zcEnoscSyWZncb\" data-list=\"bullet\">\n<div><strong>Luce Dinamica che Respira<\/strong>: Si illumina ad ogni tiro, aggiungendo un tocco stiloso e divertente alla tua esperienza di svapo.<\/div>\n<\/li>\n<li class=\"ace-line ace-line old-record-id-NvknfvOuqdt1pgcbZmQcoecOnah\" data-list=\"bullet\">\n<div><strong>Flusso d'Aria Regolabile<\/strong>: Personalizza il tuo tiro\u2014che tu preferisca un tiro stretto e concentrato o uno morbido e arioso, \u00e8 facile da regolare.<\/div>\n<\/li>\n<\/ul>\n<h2 class=\"heading-2 ace-line old-record-id-ObP4fgz6JdiMsPcsFlXcH8rnnqf\">Q&amp;A: Le Tue Domande Risposte<\/h2>\n<div class=\"ace-line ace-line old-record-id-TBKifYvyCdeqoCcZRsHcymk8nHf\">Sappiamo che potresti avere domande sul JNR WindWhip 44000 Puff\u2014ecco le pi\u00f9 comuni, risposte in modo chiaro e onesto \u2753<\/div>\n<h4 class=\"heading-4 ace-line old-record-id-YdjNf55opdBuUOcICeRcQNO8n7d\">D: \u00c8 facile da usare il JNR WindWhip 44000 Puff?<\/h4>\n<div class=\"ace-line ace-line old-record-id-J3q3f0XS5dIz18cmdywchlERnvh\">R: Assolutamente! \u00c8 un dispositivo usa e getta, quindi non c'\u00e8 bisogno di caricare, ricaricare o configurazioni complicate. Basta disimballarlo, fare un tiro e godere. Il flusso d'aria regolabile \u00e8 semplice da modificare, anche per i vaper alle prime armi.<\/div>\n<h4 class=\"heading-4 ace-line old-record-id-EzojfJyoddslt8c8Lihcbhzlnsf\">D: Quanto dura il 44000 tiri?<\/h4>\n<div class=\"ace-line ace-line old-record-id-ABBIfUyGtdQMI3c8A6VcbAs0nsb\">R: Dipende dalle tue abitudini di svapo, ma per la maggior parte dei vaper occasionali, pu\u00f2 durare diverse settimane. I vaper pesanti potrebbero ottenere 1-2 settimane di utilizzo\u2014comunque sia, \u00e8 molto pi\u00f9 lungo rispetto ai dispositivi usa e getta standard (che offrono tipicamente 5000-10000 tiri).<\/div>\n<h4 class=\"heading-4 ace-line old-record-id-Mixwff40wd5l4jcEZY5cNRIcnyd\">D: I sapori sono forti o attenuati?<\/h4>\n<div class=\"ace-line ace-line old-record-id-AXgXfMKdWd3UEpcPYqTcpQGXnSb\">R: I sapori sono audaci e distinti, ma non opprimenti. Ogni abbinamento di sapore a doppio \u00e8 bilanciato, quindi puoi assaporare entrambi i sapori chiaramente senza alcuna durezza. Sono abbastanza morbidi per svapare tutto il giorno.<\/div>\n<\/div>\n<\/div>\n<\/div>\n<\/div>\n<\/div>\n<\/div>\n<\/div>\n<\/div>\n<\/div>\n<\/div>\n<\/div>\n<\/div>\n<\/div>\n<\/div>\n<\/div>\n<\/div>\n<\/div>\n<\/div>\n<\/div>\n<\/div>\n<\/div>\n<\/div>\n<\/div>\n<\/div>\n<\/div>\n<\/div>\n<\/div>\n<\/div>\n<\/div>\n<\/div>\n<\/div>\n<\/div>\n<\/div>\n<\/div>\n<\/div>\n<\/div>\n<\/div>\n<\/div>\n<\/div>\n<\/div>\n<\/div>\n<\/div>\n<\/div>\n<\/div>\n<\/div>\n<\/div>\n<\/div>\n<\/div>\n<\/div>\n<\/div>\n<\/div>\n<\/div>\n<\/div>\n<\/div>\n<\/div>\n<\/div>\n<\/div>\n<\/div>\n<\/div>\n<\/div>\n<\/div>\n<\/div>\n<\/div>\n<\/div>\n<\/div>\n<\/div>\n<\/div>\n<\/div>\n<\/div>\n<\/div>\n<\/div>\n<\/div>\n<\/div>\n<\/div>\n<\/div>\n<\/div>\n<\/div>\n<\/div>\n<\/div>\n<\/div>\n<\/div>\n<\/div>\n<\/div>\n<\/div>","protected":false},"excerpt":{"rendered":"<div data-page-id=\"RAopf2sw9dtvw4cWYXpcTwo0n8g\" data-lark-html-role=\"root\" data-docx-has-block-data=\"false\">\n<div class=\"ace-line ace-line old-record-id-Uju9f3RXYd8dh2crAJbcBF3Un6M\">\n<div data-page-id=\"Dd8gfe2wRdT66jcgnqtcUwg5ndh\" data-lark-html-role=\"root\" data-docx-has-block-data=\"false\">\n<div class=\"ace-line ace-line old-record-id-FiRZf3qXpdK0RqcHt8wcxPTon8b\">Il vape usa e getta JNR WindWhip 44000 Puffs offre doppie fragranze e prestazioni ultra-lunghe. Contiene 2\u00d720ml di e-liquido per un massimo di 44000 puff, con uno schermo intelligente, flusso d'aria regolabile e una costruzione in metallo di alta qualit\u00e0. Dieci ricche opzioni di doppio sapore soddisfano ogni gusto, rendendolo conveniente, durevole e ideale per il vaping quotidiano e in movimento.<\/div>\n<\/div>\n<\/div>\n<\/div>","protected":false},"featured_media":6848,"comment_status":"open","ping_status":"closed","template":"","meta":{"_acf_changed":false,"inline_featured_image":false,"_sitemap_exclude":false,"_sitemap_priority":"","_sitemap_frequency":""},"product_brand":[88],"product_cat":[77],"product_tag":[],"class_list":{"0":"post-6837","1":"product","2":"type-product","3":"status-publish","4":"has-post-thumbnail","6":"product_brand-jnr","7":"product_cat-jnr-puff","9":"first","10":"instock","11":"sale","12":"shipping-taxable","13":"purchasable","14":"product-type-variable","15":"has-default-attributes"},"acf":[],"tiered_pricing_type":"fixed","tiered_pricing_fixed_rules":{"30":9.59,"60":8.7,"100":8.11,"200":7.65},"tiered_pricing_product_settings":{"layout":"default","base_unit_name":{"singular":null,"plural":null},"default_variation":null},"tiered_pricing_minimum_quantity":10,"tiered_pricing_roles_data":[],"tiered_pricing_percentage_rules":[],"tiered_pricing_maximum_quantity":null,"tiered_pricing_quantity_step":"10","_links":{"self":[{"href":"https:\/\/oiovape.com\/it\/wp-json\/wp\/v2\/product\/6837","targetHints":{"allow":["GET"]}}],"collection":[{"href":"https:\/\/oiovape.com\/it\/wp-json\/wp\/v2\/product"}],"about":[{"href":"https:\/\/oiovape.com\/it\/wp-json\/wp\/v2\/types\/product"}],"replies":[{"embeddable":true,"href":"https:\/\/oiovape.com\/it\/wp-json\/wp\/v2\/comments?post=6837"}],"version-history":[{"count":0,"href":"https:\/\/oiovape.com\/it\/wp-json\/wp\/v2\/product\/6837\/revisions"}],"wp:featuredmedia":[{"embeddable":true,"href":"https:\/\/oiovape.com\/it\/wp-json\/wp\/v2\/media\/6848"}],"wp:attachment":[{"href":"https:\/\/oiovape.com\/it\/wp-json\/wp\/v2\/media?parent=6837"}],"wp:term":[{"taxonomy":"product_brand","embeddable":true,"href":"https:\/\/oiovape.com\/it\/wp-json\/wp\/v2\/product_brand?post=6837"},{"taxonomy":"product_cat","embeddable":true,"href":"https:\/\/oiovape.com\/it\/wp-json\/wp\/v2\/product_cat?post=6837"},{"taxonomy":"product_tag","embeddable":true,"href":"https:\/\/oiovape.com\/it\/wp-json\/wp\/v2\/product_tag?post=6837"}],"curies":[{"name":"wp","href":"https:\/\/api.w.org\/{rel}","templated":true}]}}