{"id":7135,"date":"2026-02-28T11:31:27","date_gmt":"2026-02-28T03:31:27","guid":{"rendered":"https:\/\/oiovape.com\/?post_type=product&#038;p=7135"},"modified":"2026-03-02T18:01:39","modified_gmt":"2026-03-02T10:01:39","slug":"zooy-twins-30000-puffs","status":"publish","type":"product","link":"https:\/\/oiovape.com\/it\/product\/zooy-twins-30000-puffs\/","title":{"rendered":"Zooy Twins 30000 PUFFS Vape Monouso Ricaricabile Veloce con Doppio Gusto"},"content":{"rendered":"<div data-page-id=\"ZVeMfq8uxd7y1ycuKm5cym4LnYd\" data-lark-html-role=\"root\" data-docx-has-block-data=\"false\">\n<div data-page-id=\"Fd41fZ5N9dzRQtcRNoVc2FuDnCh\" data-lark-html-role=\"root\" data-docx-has-block-data=\"true\">\n<div data-page-id=\"BdIJfeeijdk1eucGpS8cDCBBn5c\" data-lark-html-role=\"root\" data-docx-has-block-data=\"false\">\n<div data-page-id=\"Zbg9fWx77dUuh2cIYpic25c8nyd\" data-lark-html-role=\"root\" data-docx-has-block-data=\"false\">\n<div data-page-id=\"KaIvfiurhdlCKdc0kyxcX64cnE6\" data-lark-html-role=\"root\" data-docx-has-block-data=\"true\">\n<div data-page-id=\"PbvFfqxqlddUTScRpEYcY5MHnpf\" data-lark-html-role=\"root\" data-docx-has-block-data=\"true\">\n<div data-page-id=\"GZO2f5JeudwY4jc9iJtcdk9Hnxh\" data-lark-html-role=\"root\" data-docx-has-block-data=\"false\">\n<div data-page-id=\"EZVRf2acFduXLGcseZFc4qH2n6e\" data-lark-html-role=\"root\" data-docx-has-block-data=\"false\">\n<div data-page-id=\"B8rHfcqlqdzmH5cCWCncz17Cntb\" data-lark-html-role=\"root\" data-docx-has-block-data=\"false\">\n<div data-page-id=\"B8rHfcqlqdzmH5cCWCncz17Cntb\" data-lark-html-role=\"root\" data-docx-has-block-data=\"false\">\n<div data-page-id=\"B8rHfcqlqdzmH5cCWCncz17Cntb\" data-lark-html-role=\"root\" data-docx-has-block-data=\"true\">\n<div data-page-id=\"HM70f1aoxdD0bMcxJZBcVc7ynZd\" data-lark-html-role=\"root\" data-docx-has-block-data=\"false\">\n<div data-page-id=\"NSrJfN7Ord22i0c1iwZcsF8yn8b\" data-lark-html-role=\"root\" data-docx-has-block-data=\"false\">\n<div data-page-id=\"RXEff4Mskds8o1cqL5HcGEtUnCh\" data-lark-html-role=\"root\" data-docx-has-block-data=\"false\">\n<div data-page-id=\"KJ7gfqkVndMSRJcMseScmvYwnTc\" data-lark-html-role=\"root\" data-docx-has-block-data=\"false\">\n<div class=\"ace-line ace-line old-record-id-QADAfETPudgmudc05YvcTO5fnxe\">\n<div data-page-id=\"KJ7gfqkVndMSRJcMseScmvYwnTc\" data-lark-html-role=\"root\" data-docx-has-block-data=\"false\">\n<div class=\"ace-line ace-line old-record-id-JoRkfpho8dOkiacEOascDyCOncb\">\n<div data-page-id=\"KJ7gfqkVndMSRJcMseScmvYwnTc\" data-lark-html-role=\"root\" data-docx-has-block-data=\"false\">\n<div data-page-id=\"Ju6ofQ3V4dGmePcVvJvc1gmcnZb\" data-lark-html-role=\"root\" data-docx-has-block-data=\"true\">\n<div data-page-id=\"PR9ife5PLdFabccbFgZcWgZOnTc\" data-lark-html-role=\"root\" data-docx-has-block-data=\"false\">\n<div data-page-id=\"INdrfOIGzdaenXcptrcc1BcznQc\" data-lark-html-role=\"root\" data-docx-has-block-data=\"false\">\n<div class=\"ace-line ace-line old-record-id-P0fIf4YaZdoGkbcxt5ackec2nnb\">\n<div data-page-id=\"INdrfOIGzdaenXcptrcc1BcznQc\" data-lark-html-role=\"root\" data-docx-has-block-data=\"false\">\n<div data-page-id=\"MAzCfUB73dMTQscm8eWcougVn1g\" data-lark-html-role=\"root\" data-docx-has-block-data=\"true\">\n<div data-page-id=\"AXfpf7H1odhDvGcKoUOcErN8nV7\" data-lark-html-role=\"root\" data-docx-has-block-data=\"false\">\n<div data-page-id=\"QYTKf5PvLdUNdbce2nBcW9yfnrh\" data-lark-html-role=\"root\" data-docx-has-block-data=\"false\">\n<div data-page-id=\"Pvu1f1CCBdxbjncA9pgcBTpanph\" data-lark-html-role=\"root\" data-docx-has-block-data=\"true\">\n<div data-page-id=\"Axf3fcmY8dDAhtcjVircBcphnPc\" data-lark-html-role=\"root\" data-docx-has-block-data=\"false\">\n<div data-page-id=\"KKj1f9SPmdLhhMc5E2AcNlLen6f\" data-lark-html-role=\"root\" data-docx-has-block-data=\"true\">\n<div data-page-id=\"Rx61fK1sJdXHjPcBuhZcweNhnwc\" data-lark-html-role=\"root\" data-docx-has-block-data=\"false\">\n<div data-page-id=\"L1H9fkG9Mdz45Fcy4WMc5VKXnRe\" data-lark-html-role=\"root\" data-docx-has-block-data=\"false\">\n<div data-page-id=\"L1H9fkG9Mdz45Fcy4WMc5VKXnRe\" data-lark-html-role=\"root\" data-docx-has-block-data=\"false\">\n<div data-page-id=\"D4XLfVBVrdE8mrcaYizczklLnaf\" data-lark-html-role=\"root\" data-docx-has-block-data=\"false\">\n<div data-page-id=\"WVcifIY44d5mhMcXtyEcTsfenGd\" data-lark-html-role=\"root\" data-docx-has-block-data=\"true\">\n<div data-page-id=\"LRknfa6Whd4DWCcUc0FcNKpJnyh\" data-lark-html-role=\"root\" data-docx-has-block-data=\"false\">\n<div data-page-id=\"LRknfa6Whd4DWCcUc0FcNKpJnyh\" data-lark-html-role=\"root\" data-docx-has-block-data=\"false\">\n<div data-page-id=\"XFRAfkcOEdRWh8cArQ2cJdyRnJf\" data-lark-html-role=\"root\" data-docx-has-block-data=\"true\">\n<div data-page-id=\"OQ3bfjnRddMTDGcC3ouc6xFKnWf\" data-lark-html-role=\"root\" data-docx-has-block-data=\"true\">\n<div data-page-id=\"J0iGfj1hEdjc4rcUdSmc4spMnmZ\" data-lark-html-role=\"root\" data-docx-has-block-data=\"false\">\n<div data-page-id=\"P1o7fFyNlduP8tcfZpQcagzbnIf\" data-lark-html-role=\"root\" data-docx-has-block-data=\"false\">\n<div class=\"ace-line ace-line old-record-id-P1o7fFyNlduP8tcfZpQcagzbnIf\">\n<div data-page-id=\"P1o7fFyNlduP8tcfZpQcagzbnIf\" data-lark-html-role=\"root\" data-docx-has-block-data=\"false\">\n<div data-page-id=\"U4iufW38SdttWKcTstMcTtHRnXc\" data-lark-html-role=\"root\" data-docx-has-block-data=\"true\">\n<div data-page-id=\"ONVMf7VTWddcFtcyATOchCJHnZb\" data-lark-html-role=\"root\" data-docx-has-block-data=\"true\">\n<div data-page-id=\"KoW2fSy0PdLHFlc5kSHcgvWMnYg\" data-lark-html-role=\"root\" data-docx-has-block-data=\"false\">\n<div data-page-id=\"KoW2fSy0PdLHFlc5kSHcgvWMnYg\" data-lark-html-role=\"root\" data-docx-has-block-data=\"false\">\n<div data-page-id=\"OLGhfzxC7d7EFIcLEj9cRT5ynZf\" data-lark-html-role=\"root\" data-docx-has-block-data=\"false\">\n<div data-page-id=\"DdnnfrLjzdqrFIc9Il9c7pA2noc\" data-lark-html-role=\"root\" data-docx-has-block-data=\"true\">\n<div data-page-id=\"KNzcf2o0oddkJOcztTVcqPdlnth\" data-lark-html-role=\"root\" data-docx-has-block-data=\"false\">\n<div data-page-id=\"LBU7fg5SEdkWhecGJoxca3xvnCe\" data-lark-html-role=\"root\" data-docx-has-block-data=\"false\">\n<div data-page-id=\"EB70fooS3d69bMcgWB7c5qb9n8g\" data-lark-html-role=\"root\" data-docx-has-block-data=\"false\">\n<div data-page-id=\"AogwfsZCadB6t0cAvF0cK4JLnvf\" data-lark-html-role=\"root\" data-docx-has-block-data=\"false\">\n<div data-page-id=\"AogwfsZCadB6t0cAvF0cK4JLnvf\" data-lark-html-role=\"root\" data-docx-has-block-data=\"false\">\n<div data-page-id=\"JMZIflNGddQuU0c5JZocSqlvnle\" data-lark-html-role=\"root\" data-docx-has-block-data=\"false\">\n<div data-page-id=\"JMZIflNGddQuU0c5JZocSqlvnle\" data-lark-html-role=\"root\" data-docx-has-block-data=\"true\">\n<div data-page-id=\"HtEafjjRIdPAlMc9zgYcsGy6nOe\" data-lark-html-role=\"root\" data-docx-has-block-data=\"false\">\n<div data-page-id=\"Rhnafz0WTdDeT9c43xxczsbVnJo\" data-lark-html-role=\"root\" data-docx-has-block-data=\"false\">\n<div data-page-id=\"WY0CfKdcTdf4hVcZl67ct5LGncf\" data-lark-html-role=\"root\" data-docx-has-block-data=\"true\">\n<div data-page-id=\"MkB5fF4AVdchovcoPEpc7LqvnOd\" data-lark-html-role=\"root\" data-docx-has-block-data=\"true\">\n<div data-page-id=\"MfbjfZhbhdJdA8cH1dAckqF0n6g\" data-lark-html-role=\"root\" data-docx-has-block-data=\"false\">\n<div class=\"ace-line ace-line old-record-id-W2AHfJLnjd7ugjcRLs1c8BdhnNh\">\n<div data-page-id=\"MfbjfZhbhdJdA8cH1dAckqF0n6g\" data-lark-html-role=\"root\" data-docx-has-block-data=\"false\">\n<div class=\"old-record-id-XXd1feeCZdR2hJc6evocxnh1nOg\">\n<div data-page-id=\"MfbjfZhbhdJdA8cH1dAckqF0n6g\" data-lark-html-role=\"root\" data-docx-has-block-data=\"false\">\n<div data-page-id=\"DE51fYUmxdT3ekcHzc3cGrVQnsc\" data-lark-html-role=\"root\" data-docx-has-block-data=\"false\">\n<div data-page-id=\"YSKdfaZ08dRej3ci5CccQBuOncc\" data-lark-html-role=\"root\" data-docx-has-block-data=\"true\">\n<div data-page-id=\"K6mofQmledamEFcgp1EcVobmnYd\" data-lark-html-role=\"root\" data-docx-has-block-data=\"false\">\n<div data-page-id=\"VTgsfVLdCd9q1ucYcwRcCM0Hnof\" data-lark-html-role=\"root\" data-docx-has-block-data=\"true\">\n<div data-page-id=\"WucKfzp8RdNy8rcMJHncz4Knnac\" data-lark-html-role=\"root\" data-docx-has-block-data=\"true\">\n<div data-page-id=\"IfZ9fDIBLd9b9hcJiqGcLw9Pnmh\" data-lark-html-role=\"root\" data-docx-has-block-data=\"false\">\n<div data-page-id=\"JeU6f3Yq5dbdEHcZDptc5ikcn5c\" data-lark-html-role=\"root\" data-docx-has-block-data=\"true\">\n<div data-page-id=\"E1YjfnB4Jdmtsfc2ZObcu04Un6c\" data-lark-html-role=\"root\" data-docx-has-block-data=\"false\">\n<div data-page-id=\"RQVEfdiOzdqTQKcRcnxcG0Y7nce\" data-lark-html-role=\"root\" data-docx-has-block-data=\"true\">\n<div data-page-id=\"NKc7fbZi9dnOXocdHcScVsXdnmh\" data-lark-html-role=\"root\" data-docx-has-block-data=\"false\">\n<div data-page-id=\"DaE3fgNEwdnbQVc62iqcBK4lnte\" data-lark-html-role=\"root\" data-docx-has-block-data=\"false\">\n<div data-page-id=\"DaE3fgNEwdnbQVc62iqcBK4lnte\" data-lark-html-role=\"root\" data-docx-has-block-data=\"false\">\n<div data-page-id=\"NqSRfcp5SdFQ6ucdStXcbvManpc\" data-lark-html-role=\"root\" data-docx-has-block-data=\"false\">\n<div data-page-id=\"KydBfoEuudJNYhcgRdAc3aeUn7c\" data-lark-html-role=\"root\" data-docx-has-block-data=\"true\">\n<div data-page-id=\"SIqXfR5ipd7jWpczA5RcYkWInfd\" data-lark-html-role=\"root\" data-docx-has-block-data=\"false\">\n<div data-page-id=\"Y06XfUzydd0aVicBtPKcZlS8nJf\" data-lark-html-role=\"root\" data-docx-has-block-data=\"true\">\n<div data-page-id=\"E2ZvfNrVNdEHKickexPcvdXVnrc\" data-lark-html-role=\"root\" data-docx-has-block-data=\"false\">\n<div data-page-id=\"DqGzfq5S4d9GdAcOQVIcIdPhn2c\" data-lark-html-role=\"root\" data-docx-has-block-data=\"false\">\n<div data-page-id=\"HsKcfE4WLdET7ScRm72cTZ96nPb\" data-lark-html-role=\"root\" data-docx-has-block-data=\"false\">\n<div data-page-id=\"MvWFfuF4Edx69KcRSmmcvS2LndG\" data-lark-html-role=\"root\" data-docx-has-block-data=\"true\">\n<div data-page-id=\"BSNMfUsMXd3XFscNxbDcufC2nEg\" data-lark-html-role=\"root\" data-docx-has-block-data=\"false\">\n<h2 class=\"heading-2 ace-line old-record-id-LgNLfKjxjd8cxAcUSxzcMZcnnRg\">Perch\u00e9 Zooy Twins 30000 Puff si Distinguono \ud83e\udd29<\/h2>\n<div class=\"ace-line ace-line old-record-id-LfgCfWTehdHeeUcZvFHcxlUnnpe\">In un mercato affollato di vape usa e getta, Zooy Twins brilla con il suo passaggio gratuito tra i gusti\u2014qualcosa che pochi dispositivi offrono. Non si tratta solo di quantit\u00e0 (30000 puff) ma di qualit\u00e0 e variet\u00e0, permettendoti di godere di due gusti in un solo dispositivo senza compromessi.<\/div>\n<div class=\"ace-line ace-line old-record-id-QqV8fMyk1dKoX5cIumqcjComnsh\">Combina abbinamenti di gusti creativi, prestazioni affidabili della doppia coil a rete, funzionalit\u00e0 intelligenti e portabilit\u00e0 in un unico pacchetto. Le opzioni di nicotina flessibili e la ricarica rapida lo rendono perfetto per tutti i tipi di vapers, dai principianti agli utenti esperti.<\/div>\n<div class=\"ace-line ace-line old-record-id-Ww17fwKUVdBGYMchmclcqrCKn5c\">\n<p>Zooy Twins 30000 Puff non \u00e8 solo un vape usa e getta\u2014\u00e8 un compagno versatile, divertente e affidabile che porta gioia a doppio gusto in ogni puff. \u00c8 per chiunque voglia di pi\u00f9 dalla propria esperienza di svapo: variet\u00e0, comodit\u00e0 e un ottimo sapore, tutto in un dispositivo elegante.<\/p>\n<div data-page-id=\"BSNMfUsMXd3XFscNxbDcufC2nEg\" data-lark-html-role=\"root\" data-docx-has-block-data=\"false\">\n<h2 class=\"heading-2 ace-line old-record-id-YJ0yf5CFadYWoTc8Rdjc8PdPngf\">Magia del Doppio Gusto \u2013 Cambia Senza Fermarti \ud83d\udd04<\/h2>\n<div class=\"ace-line ace-line old-record-id-BVKVfW4uydYoFYcseJBc2ggvn1c\">Il punto forte di Zooy Twins \u00e8 la sua funzione di cambio gratuito tra i gusti. Ogni dispositivo viene fornito con due gusti accuratamente abbinati, mescolando sapori complementari che lavorano insieme perfettamente. Puoi passare da uno all'altro in pochi secondi, senza impostazioni complicate o passaggi extra\u2014solo puro, ininterrotto divertimento.<\/div>\n<h3 class=\"heading-3 ace-line old-record-id-No1DfqC1qdsZzncKZUecr4mjnDh\">10 Abbinamenti di Gusto Unici<\/h3>\n<div class=\"ace-line ace-line old-record-id-VjTjfKKxGdnEpycSREUcdWPLnVb\">Zooy Twins offre 10 combinazioni di gusti creative, mescolando freschezza fruttata, freschezza ghiacciata, dolcezza cremosa e note audaci di bevande. Ogni coppia \u00e8 realizzata per bilanciare sapore e consistenza, assicurando che nessun gusto sovrasti l'altro:<\/div>\n<div class=\"ace-line ace-line old-record-id-EK7ZfcegCdDE0bcfRI9cxTcJnpf\">1. Gusto di Anguria e Gomma da Masticare &amp; Ghiaccio al Caff\u00e8 \ud83e\udee7\u2615 \u2013 La dolcezza gommoso incontra la freschezza liscia del caff\u00e8<\/div>\n<div class=\"ace-line ace-line old-record-id-UavDfzkGGd0RYPcNlgAc5rlnnLf\">2. Ananas, Cocco &amp; Ghiaccio di Mela \ud83c\udf4d\ud83e\udd65 \u2013 Le vibrazioni tropicali si mescolano con la freschezza croccante della mela<\/div>\n<div class=\"ace-line ace-line old-record-id-YaKqfBqGYd3uSvcs7ChcocrQn8g\">3. Red Bull &amp; Kiwi di Fragola \u26a1\ud83c\udf53 \u2013 Gusto di bevanda energizzante abbinato a un frutto luminoso<\/div>\n<div class=\"ace-line ace-line old-record-id-ICuyfOwDid7JGwceYPocC7bgnNe\">4. Gelato di Fragola &amp; Frullato di Pesca e Mango \ud83c\udf66\ud83e\udd5b \u2013 Indulgenza cremosa incontra la ricchezza fruttata<\/div>\n<div class=\"ace-line ace-line old-record-id-TZaIfvuiEdowehcLi4wc8cgHn5b\">5. Love66 &amp; Ghiaccio di Cola \u2764\ufe0f\ud83e\udd64 \u2013 Gusto unico di Love66 mescolato con la freschezza classica della cola<\/div>\n<div class=\"ace-line ace-line old-record-id-DbZ1floy7dJlkWcLop8cB7Cunqh\">6. Ghiaccio di Mirtillo e Triplo Melone \ud83e\uded0\ud83c\udf49 \u2013 Ghiaccio di mirtillo succoso si abbina a un mix di meloni<\/div>\n<div class=\"ace-line ace-line old-record-id-SMz4fypHGdxSqZczMBjcQYDKnrc\">7. Ciliegia di Frutti Rossi e Frutti Misti \ud83c\udf52\ud83e\uded0 \u2013 Un audace mix di frutti rossi e ciliegia si mescola con la dolcezza dei frutti misti<\/div>\n<div class=\"ace-line ace-line old-record-id-UInSfLpsUdOZBzcsI67co382ng1\">8. Ghiaccio di Anguria &amp; Limone di Lampone Blu \ud83c\udf49\ud83c\udf4b \u2013 Il classico ghiaccio di anguria incontra il limone di lampone blu piccante<\/div>\n<div class=\"ace-line ace-line old-record-id-YWxNf9Oc6dVNVdcIqIAcbsBbnuh\">9. Menta d'Uva &amp; Banana di Fragola \ud83c\udf47\ud83c\udf4c \u2013 Ricca menta d'uva si abbina a dolce banana di fragola<\/div>\n<div class=\"ace-line ace-line old-record-id-Voa8fBBvZdepQ7cMNubcquwlnGf\">10. Anguria di Fragola &amp; Limonata Rosa \ud83c\udf53\ud83c\udf79 \u2013 Fusione di frutta fresca incontra la vivace limonata rosa<\/div>\n<h3 class=\"heading-3 ace-line old-record-id-B1oKfvuOkdprz5cb93gc8wycn24\">Punti Salienti degli Abbinamenti di Gusto<\/h3>\n<h4 class=\"heading-4 ace-line old-record-id-ZMfMfpQb0doMiFcszPScw0OCnnh\">Abbinamenti Ghiacciati &amp; Rinfrescanti \u2744\ufe0f<\/h4>\n<div class=\"ace-line ace-line old-record-id-BA4pfFrN7dZyYNcsiQpc0Czhn6g\">Per giornate calde o rapidi ricarichi, abbinamenti come Gusto di Anguria e Gomma da Masticare &amp; Ghiaccio al Caff\u00e8 e Ghiaccio di Mirtillo e Triplo Melone offrono un colpo fresco e rinfrescante. Le note ghiacciate completano i gusti principali, mantenendo ogni puff morbido e rinfrescante.<\/div>\n<h4 class=\"heading-4 ace-line old-record-id-Inc9fI0TXd8ljecbga6cjWCvnGc\">Abbinamenti Cremosi &amp; Fruttati \ud83c\udf66\ud83c\udf53<\/h4>\n<div class=\"ace-line ace-line old-record-id-HhwBfw66BdwRpfcyfNacYWKpnWb\">Concediti combinazioni dolci e cremose come Gelato di Fragola &amp; Frullato di Pesca e Mango\u2014perfette per svapare tutto il giorno. La consistenza cremosa bilancia la luminosit\u00e0 fruttata, creando un colpo lussuoso e soddisfacente.<\/div>\n<h4 class=\"heading-4 ace-line old-record-id-LqrnfgAoddDG0Uccowuc8VA8nHh\">Abbinamenti Audaci &amp; Energizzanti \u26a1\ud83e\udd64<\/h4>\n<div class=\"ace-line ace-line old-record-id-FvxjfuNPydazIOcaNbycYaK3nyg\">Per un po' di energia extra, Red Bull &amp; Kiwi di Fragola e Love66 &amp; Ghiaccio di Cola mescolano l'audacia ispirata alle bevande con la freschezza fruttata. Sono ideali per giornate impegnative o quando hai bisogno di una rapida spinta energetica.<\/div>\n<h2 class=\"heading-2 ace-line old-record-id-Tvt8fCvY0dYy3Oc0ziNcNkCFnme\">Prestazioni Hardcore &amp; Design Intelligente \ud83d\udee0\ufe0f<\/h2>\n<h3 class=\"heading-3 ace-line old-record-id-RQ3OfULa1dwRTFcbadXcLmidn3f\">Doppia Coil a Rete per un Gusto Costante<\/h3>\n<div class=\"ace-line ace-line old-record-id-WHWLfcYhzd465EcKXmgcGYPSn2c\">Zooy Twins presenta una doppia coil a rete che riscalda il liquido in modo uniforme, bloccando il puro sapore di entrambi i gusti. Produce vapore denso e liscio dal primo puff al 30000esimo, senza colpi bruciati o sapore sbiadito\u2014solo un gusto costante e delizioso ogni volta.<\/div>\n<h3 class=\"heading-3 ace-line old-record-id-BtIQfzeRxd3czCcBn5IcydDunSh\">Potenza Duratura &amp; Ricarica Veloce<\/h3>\n<div class=\"ace-line ace-line old-record-id-WvNifz3cEdEmm3cIwFMcyk3tnDd\">Con una capacit\u00e0 di liquido di 35ml, supporta la massiccia durata di 30000 puff, quindi non dovrai sostituire frequentemente il dispositivo. La batteria da 650mAh si ricarica rapidamente tramite Type-C, mantenendo le tue sessioni di svapo in corso con tempi di inattivit\u00e0 minimi \u26a1.<\/div>\n<h3 class=\"heading-3 ace-line old-record-id-IlO8fIOdFdupD2cmfKFc6qt5n6f\">Compatto &amp; Facile da Usare<\/h3>\n<div class=\"ace-line ace-line old-record-id-WDRSfD36SdX0fIch29jc6RLbnPy\">Misurando 25*48*101mm e pesando 130g (precedentemente indicato 140g, allineato con le specifiche principali), \u00e8 sottile e facile da trasportare. Si adatta comodamente nella tua tasca o borsa, perfetto per spostamenti, viaggi o uso casuale. Il display intelligente integrato mostra i livelli di batteria e liquido in tempo reale, cos\u00ec non ti troverai mai impreparato \ud83d\udcf1.<\/div>\n<h3 class=\"heading-3 ace-line old-record-id-IkArfFAHtdg5I2c95W3ca9s8nEh\">Opzioni di Nicotina Flessibili<\/h3>\n<div class=\"ace-line ace-line old-record-id-WP7KfTlA9dL9lpcvrFZcqBJ9ngf\">Offre forze di nicotina 2%, 3% e 5%, permettendoti di scegliere l'intensit\u00e0 che si adatta alle tue preferenze. Che tu voglia un colpo leggero e casuale o un'esperienza pi\u00f9 robusta, Zooy Twins ha ci\u00f2 di cui hai bisogno.<\/div>\n<\/div>\n<\/div>\n<\/div>\n<\/div>\n<\/div>\n<\/div>\n<\/div>\n<\/div>\n<\/div>\n<\/div>\n<\/div>\n<\/div>\n<\/div>\n<\/div>\n<\/div>\n<\/div>\n<\/div>\n<\/div>\n<\/div>\n<\/div>\n<\/div>\n<\/div>\n<\/div>\n<\/div>\n<\/div>\n<\/div>\n<\/div>\n<\/div>\n<\/div>\n<\/div>\n<\/div>\n<\/div>\n<\/div>\n<\/div>\n<\/div>\n<\/div>\n<\/div>\n<\/div>\n<\/div>\n<\/div>\n<\/div>\n<\/div>\n<\/div>\n<\/div>\n<\/div>\n<\/div>\n<\/div>\n<\/div>\n<\/div>\n<\/div>\n<\/div>\n<\/div>\n<\/div>\n<\/div>\n<\/div>\n<\/div>\n<\/div>\n<\/div>\n<\/div>\n<\/div>\n<\/div>\n<\/div>\n<\/div>\n<\/div>\n<\/div>\n<\/div>\n<\/div>\n<\/div>\n<\/div>\n<\/div>\n<\/div>\n<\/div>\n<\/div>\n<\/div>\n<\/div>\n<\/div>\n<\/div>\n<\/div>\n<\/div>\n<\/div>\n<\/div>\n<\/div>\n<\/div>\n<\/div>\n<\/div>\n<\/div>\n<\/div>\n<\/div>","protected":false},"excerpt":{"rendered":"<div data-page-id=\"RAopf2sw9dtvw4cWYXpcTwo0n8g\" data-lark-html-role=\"root\" data-docx-has-block-data=\"false\">\n<div class=\"ace-line ace-line old-record-id-Uju9f3RXYd8dh2crAJbcBF3Un6M\">\n<div data-page-id=\"Dd8gfe2wRdT66jcgnqtcUwg5ndh\" data-lark-html-role=\"root\" data-docx-has-block-data=\"false\">\n<div class=\"ace-line ace-line old-record-id-FiRZf3qXpdK0RqcHt8wcxPTon8b\">Zooy Twins 30000 Puff offre 10 coppie di sapori duali con cambio gratuito, 30000 puff e una doppia resistenza a rete. Ha una capacit\u00e0 di e-liquid di 35ml, una batteria ricaricabile Type-C da 650mAh, display intelligente e opzioni di nicotina 2%\/3%\/5%, il tutto in un corpo compatto da 130g.<\/div>\n<\/div>\n<\/div>\n<\/div>","protected":false},"featured_media":7147,"comment_status":"open","ping_status":"closed","template":"","meta":{"_acf_changed":false,"inline_featured_image":false,"_sitemap_exclude":false,"_sitemap_priority":"","_sitemap_frequency":""},"product_brand":[357],"product_cat":[356,239,264],"product_tag":[],"class_list":{"0":"post-7135","1":"product","2":"type-product","3":"status-publish","4":"has-post-thumbnail","6":"product_brand-zooy","7":"product_cat-zooy-puff","8":"product_cat-disposable-vape-collection","9":"product_cat-30k-puffs","11":"first","12":"instock","13":"sale","14":"shipping-taxable","15":"purchasable","16":"product-type-variable","17":"has-default-attributes"},"acf":[],"tiered_pricing_type":"fixed","tiered_pricing_fixed_rules":{"30":9.88,"60":9.05,"100":8.92,"200":8.5},"tiered_pricing_product_settings":{"layout":"default","base_unit_name":{"singular":null,"plural":null},"default_variation":null},"tiered_pricing_minimum_quantity":10,"tiered_pricing_roles_data":[],"tiered_pricing_percentage_rules":[],"tiered_pricing_maximum_quantity":null,"tiered_pricing_quantity_step":"10","_links":{"self":[{"href":"https:\/\/oiovape.com\/it\/wp-json\/wp\/v2\/product\/7135","targetHints":{"allow":["GET"]}}],"collection":[{"href":"https:\/\/oiovape.com\/it\/wp-json\/wp\/v2\/product"}],"about":[{"href":"https:\/\/oiovape.com\/it\/wp-json\/wp\/v2\/types\/product"}],"replies":[{"embeddable":true,"href":"https:\/\/oiovape.com\/it\/wp-json\/wp\/v2\/comments?post=7135"}],"version-history":[{"count":3,"href":"https:\/\/oiovape.com\/it\/wp-json\/wp\/v2\/product\/7135\/revisions"}],"predecessor-version":[{"id":7162,"href":"https:\/\/oiovape.com\/it\/wp-json\/wp\/v2\/product\/7135\/revisions\/7162"}],"wp:featuredmedia":[{"embeddable":true,"href":"https:\/\/oiovape.com\/it\/wp-json\/wp\/v2\/media\/7147"}],"wp:attachment":[{"href":"https:\/\/oiovape.com\/it\/wp-json\/wp\/v2\/media?parent=7135"}],"wp:term":[{"taxonomy":"product_brand","embeddable":true,"href":"https:\/\/oiovape.com\/it\/wp-json\/wp\/v2\/product_brand?post=7135"},{"taxonomy":"product_cat","embeddable":true,"href":"https:\/\/oiovape.com\/it\/wp-json\/wp\/v2\/product_cat?post=7135"},{"taxonomy":"product_tag","embeddable":true,"href":"https:\/\/oiovape.com\/it\/wp-json\/wp\/v2\/product_tag?post=7135"}],"curies":[{"name":"wp","href":"https:\/\/api.w.org\/{rel}","templated":true}]}}