{"id":7244,"date":"2026-03-02T09:24:51","date_gmt":"2026-03-02T01:24:51","guid":{"rendered":"https:\/\/oiovape.com\/?post_type=product&#038;p=7244"},"modified":"2026-03-02T18:01:40","modified_gmt":"2026-03-02T10:01:40","slug":"zooy-triple-70000-puffs","status":"publish","type":"product","link":"https:\/\/oiovape.com\/it\/product\/zooy-triple-70000-puffs\/","title":{"rendered":"Zooy Triple 70000 PUFFS 3 in 1 Aromi Ricaricabile Sigaretta Elettronica Monouso"},"content":{"rendered":"<div data-page-id=\"ZVeMfq8uxd7y1ycuKm5cym4LnYd\" data-lark-html-role=\"root\" data-docx-has-block-data=\"false\">\n<div data-page-id=\"Fd41fZ5N9dzRQtcRNoVc2FuDnCh\" data-lark-html-role=\"root\" data-docx-has-block-data=\"true\">\n<div data-page-id=\"BdIJfeeijdk1eucGpS8cDCBBn5c\" data-lark-html-role=\"root\" data-docx-has-block-data=\"false\">\n<div data-page-id=\"Zbg9fWx77dUuh2cIYpic25c8nyd\" data-lark-html-role=\"root\" data-docx-has-block-data=\"false\">\n<div data-page-id=\"KaIvfiurhdlCKdc0kyxcX64cnE6\" data-lark-html-role=\"root\" data-docx-has-block-data=\"true\">\n<div data-page-id=\"PbvFfqxqlddUTScRpEYcY5MHnpf\" data-lark-html-role=\"root\" data-docx-has-block-data=\"true\">\n<div data-page-id=\"GZO2f5JeudwY4jc9iJtcdk9Hnxh\" data-lark-html-role=\"root\" data-docx-has-block-data=\"false\">\n<div data-page-id=\"EZVRf2acFduXLGcseZFc4qH2n6e\" data-lark-html-role=\"root\" data-docx-has-block-data=\"false\">\n<div data-page-id=\"B8rHfcqlqdzmH5cCWCncz17Cntb\" data-lark-html-role=\"root\" data-docx-has-block-data=\"false\">\n<div data-page-id=\"B8rHfcqlqdzmH5cCWCncz17Cntb\" data-lark-html-role=\"root\" data-docx-has-block-data=\"false\">\n<div data-page-id=\"B8rHfcqlqdzmH5cCWCncz17Cntb\" data-lark-html-role=\"root\" data-docx-has-block-data=\"true\">\n<div data-page-id=\"HM70f1aoxdD0bMcxJZBcVc7ynZd\" data-lark-html-role=\"root\" data-docx-has-block-data=\"false\">\n<div data-page-id=\"NSrJfN7Ord22i0c1iwZcsF8yn8b\" data-lark-html-role=\"root\" data-docx-has-block-data=\"false\">\n<div data-page-id=\"RXEff4Mskds8o1cqL5HcGEtUnCh\" data-lark-html-role=\"root\" data-docx-has-block-data=\"false\">\n<div data-page-id=\"KJ7gfqkVndMSRJcMseScmvYwnTc\" data-lark-html-role=\"root\" data-docx-has-block-data=\"false\">\n<div class=\"ace-line ace-line old-record-id-QADAfETPudgmudc05YvcTO5fnxe\">\n<div data-page-id=\"KJ7gfqkVndMSRJcMseScmvYwnTc\" data-lark-html-role=\"root\" data-docx-has-block-data=\"false\">\n<div class=\"ace-line ace-line old-record-id-JoRkfpho8dOkiacEOascDyCOncb\">\n<div data-page-id=\"KJ7gfqkVndMSRJcMseScmvYwnTc\" data-lark-html-role=\"root\" data-docx-has-block-data=\"false\">\n<div data-page-id=\"Ju6ofQ3V4dGmePcVvJvc1gmcnZb\" data-lark-html-role=\"root\" data-docx-has-block-data=\"true\">\n<div data-page-id=\"PR9ife5PLdFabccbFgZcWgZOnTc\" data-lark-html-role=\"root\" data-docx-has-block-data=\"false\">\n<div data-page-id=\"INdrfOIGzdaenXcptrcc1BcznQc\" data-lark-html-role=\"root\" data-docx-has-block-data=\"false\">\n<div class=\"ace-line ace-line old-record-id-P0fIf4YaZdoGkbcxt5ackec2nnb\">\n<div data-page-id=\"INdrfOIGzdaenXcptrcc1BcznQc\" data-lark-html-role=\"root\" data-docx-has-block-data=\"false\">\n<div data-page-id=\"MAzCfUB73dMTQscm8eWcougVn1g\" data-lark-html-role=\"root\" data-docx-has-block-data=\"true\">\n<div data-page-id=\"AXfpf7H1odhDvGcKoUOcErN8nV7\" data-lark-html-role=\"root\" data-docx-has-block-data=\"false\">\n<div data-page-id=\"QYTKf5PvLdUNdbce2nBcW9yfnrh\" data-lark-html-role=\"root\" data-docx-has-block-data=\"false\">\n<div data-page-id=\"Pvu1f1CCBdxbjncA9pgcBTpanph\" data-lark-html-role=\"root\" data-docx-has-block-data=\"true\">\n<div data-page-id=\"Axf3fcmY8dDAhtcjVircBcphnPc\" data-lark-html-role=\"root\" data-docx-has-block-data=\"false\">\n<div data-page-id=\"KKj1f9SPmdLhhMc5E2AcNlLen6f\" data-lark-html-role=\"root\" data-docx-has-block-data=\"true\">\n<div data-page-id=\"Rx61fK1sJdXHjPcBuhZcweNhnwc\" data-lark-html-role=\"root\" data-docx-has-block-data=\"false\">\n<div data-page-id=\"L1H9fkG9Mdz45Fcy4WMc5VKXnRe\" data-lark-html-role=\"root\" data-docx-has-block-data=\"false\">\n<div data-page-id=\"L1H9fkG9Mdz45Fcy4WMc5VKXnRe\" data-lark-html-role=\"root\" data-docx-has-block-data=\"false\">\n<div data-page-id=\"D4XLfVBVrdE8mrcaYizczklLnaf\" data-lark-html-role=\"root\" data-docx-has-block-data=\"false\">\n<div data-page-id=\"WVcifIY44d5mhMcXtyEcTsfenGd\" data-lark-html-role=\"root\" data-docx-has-block-data=\"true\">\n<div data-page-id=\"LRknfa6Whd4DWCcUc0FcNKpJnyh\" data-lark-html-role=\"root\" data-docx-has-block-data=\"false\">\n<div data-page-id=\"LRknfa6Whd4DWCcUc0FcNKpJnyh\" data-lark-html-role=\"root\" data-docx-has-block-data=\"false\">\n<div data-page-id=\"XFRAfkcOEdRWh8cArQ2cJdyRnJf\" data-lark-html-role=\"root\" data-docx-has-block-data=\"true\">\n<div data-page-id=\"OQ3bfjnRddMTDGcC3ouc6xFKnWf\" data-lark-html-role=\"root\" data-docx-has-block-data=\"true\">\n<div data-page-id=\"J0iGfj1hEdjc4rcUdSmc4spMnmZ\" data-lark-html-role=\"root\" data-docx-has-block-data=\"false\">\n<div data-page-id=\"P1o7fFyNlduP8tcfZpQcagzbnIf\" data-lark-html-role=\"root\" data-docx-has-block-data=\"false\">\n<div class=\"ace-line ace-line old-record-id-P1o7fFyNlduP8tcfZpQcagzbnIf\">\n<div data-page-id=\"P1o7fFyNlduP8tcfZpQcagzbnIf\" data-lark-html-role=\"root\" data-docx-has-block-data=\"false\">\n<div data-page-id=\"U4iufW38SdttWKcTstMcTtHRnXc\" data-lark-html-role=\"root\" data-docx-has-block-data=\"true\">\n<div data-page-id=\"ONVMf7VTWddcFtcyATOchCJHnZb\" data-lark-html-role=\"root\" data-docx-has-block-data=\"true\">\n<div data-page-id=\"KoW2fSy0PdLHFlc5kSHcgvWMnYg\" data-lark-html-role=\"root\" data-docx-has-block-data=\"false\">\n<div data-page-id=\"KoW2fSy0PdLHFlc5kSHcgvWMnYg\" data-lark-html-role=\"root\" data-docx-has-block-data=\"false\">\n<div data-page-id=\"OLGhfzxC7d7EFIcLEj9cRT5ynZf\" data-lark-html-role=\"root\" data-docx-has-block-data=\"false\">\n<div data-page-id=\"DdnnfrLjzdqrFIc9Il9c7pA2noc\" data-lark-html-role=\"root\" data-docx-has-block-data=\"true\">\n<div data-page-id=\"KNzcf2o0oddkJOcztTVcqPdlnth\" data-lark-html-role=\"root\" data-docx-has-block-data=\"false\">\n<div data-page-id=\"LBU7fg5SEdkWhecGJoxca3xvnCe\" data-lark-html-role=\"root\" data-docx-has-block-data=\"false\">\n<div data-page-id=\"EB70fooS3d69bMcgWB7c5qb9n8g\" data-lark-html-role=\"root\" data-docx-has-block-data=\"false\">\n<div data-page-id=\"AogwfsZCadB6t0cAvF0cK4JLnvf\" data-lark-html-role=\"root\" data-docx-has-block-data=\"false\">\n<div data-page-id=\"AogwfsZCadB6t0cAvF0cK4JLnvf\" data-lark-html-role=\"root\" data-docx-has-block-data=\"false\">\n<div data-page-id=\"JMZIflNGddQuU0c5JZocSqlvnle\" data-lark-html-role=\"root\" data-docx-has-block-data=\"false\">\n<div data-page-id=\"JMZIflNGddQuU0c5JZocSqlvnle\" data-lark-html-role=\"root\" data-docx-has-block-data=\"true\">\n<div data-page-id=\"HtEafjjRIdPAlMc9zgYcsGy6nOe\" data-lark-html-role=\"root\" data-docx-has-block-data=\"false\">\n<div data-page-id=\"Rhnafz0WTdDeT9c43xxczsbVnJo\" data-lark-html-role=\"root\" data-docx-has-block-data=\"false\">\n<div data-page-id=\"WY0CfKdcTdf4hVcZl67ct5LGncf\" data-lark-html-role=\"root\" data-docx-has-block-data=\"true\">\n<div data-page-id=\"MkB5fF4AVdchovcoPEpc7LqvnOd\" data-lark-html-role=\"root\" data-docx-has-block-data=\"true\">\n<div data-page-id=\"MfbjfZhbhdJdA8cH1dAckqF0n6g\" data-lark-html-role=\"root\" data-docx-has-block-data=\"false\">\n<div class=\"ace-line ace-line old-record-id-W2AHfJLnjd7ugjcRLs1c8BdhnNh\">\n<div data-page-id=\"MfbjfZhbhdJdA8cH1dAckqF0n6g\" data-lark-html-role=\"root\" data-docx-has-block-data=\"false\">\n<div class=\"old-record-id-XXd1feeCZdR2hJc6evocxnh1nOg\">\n<div data-page-id=\"MfbjfZhbhdJdA8cH1dAckqF0n6g\" data-lark-html-role=\"root\" data-docx-has-block-data=\"false\">\n<div data-page-id=\"DE51fYUmxdT3ekcHzc3cGrVQnsc\" data-lark-html-role=\"root\" data-docx-has-block-data=\"false\">\n<div data-page-id=\"YSKdfaZ08dRej3ci5CccQBuOncc\" data-lark-html-role=\"root\" data-docx-has-block-data=\"true\">\n<div data-page-id=\"K6mofQmledamEFcgp1EcVobmnYd\" data-lark-html-role=\"root\" data-docx-has-block-data=\"false\">\n<div data-page-id=\"VTgsfVLdCd9q1ucYcwRcCM0Hnof\" data-lark-html-role=\"root\" data-docx-has-block-data=\"true\">\n<div data-page-id=\"WucKfzp8RdNy8rcMJHncz4Knnac\" data-lark-html-role=\"root\" data-docx-has-block-data=\"true\">\n<div data-page-id=\"IfZ9fDIBLd9b9hcJiqGcLw9Pnmh\" data-lark-html-role=\"root\" data-docx-has-block-data=\"false\">\n<div data-page-id=\"JeU6f3Yq5dbdEHcZDptc5ikcn5c\" data-lark-html-role=\"root\" data-docx-has-block-data=\"true\">\n<div data-page-id=\"E1YjfnB4Jdmtsfc2ZObcu04Un6c\" data-lark-html-role=\"root\" data-docx-has-block-data=\"false\">\n<div data-page-id=\"RQVEfdiOzdqTQKcRcnxcG0Y7nce\" data-lark-html-role=\"root\" data-docx-has-block-data=\"true\">\n<div data-page-id=\"NKc7fbZi9dnOXocdHcScVsXdnmh\" data-lark-html-role=\"root\" data-docx-has-block-data=\"false\">\n<div data-page-id=\"DaE3fgNEwdnbQVc62iqcBK4lnte\" data-lark-html-role=\"root\" data-docx-has-block-data=\"false\">\n<div data-page-id=\"DaE3fgNEwdnbQVc62iqcBK4lnte\" data-lark-html-role=\"root\" data-docx-has-block-data=\"false\">\n<div data-page-id=\"NqSRfcp5SdFQ6ucdStXcbvManpc\" data-lark-html-role=\"root\" data-docx-has-block-data=\"false\">\n<div data-page-id=\"KydBfoEuudJNYhcgRdAc3aeUn7c\" data-lark-html-role=\"root\" data-docx-has-block-data=\"true\">\n<div data-page-id=\"SIqXfR5ipd7jWpczA5RcYkWInfd\" data-lark-html-role=\"root\" data-docx-has-block-data=\"false\">\n<div data-page-id=\"Y06XfUzydd0aVicBtPKcZlS8nJf\" data-lark-html-role=\"root\" data-docx-has-block-data=\"true\">\n<div data-page-id=\"E2ZvfNrVNdEHKickexPcvdXVnrc\" data-lark-html-role=\"root\" data-docx-has-block-data=\"false\">\n<div data-page-id=\"DqGzfq5S4d9GdAcOQVIcIdPhn2c\" data-lark-html-role=\"root\" data-docx-has-block-data=\"false\">\n<div data-page-id=\"HsKcfE4WLdET7ScRm72cTZ96nPb\" data-lark-html-role=\"root\" data-docx-has-block-data=\"false\">\n<div data-page-id=\"MvWFfuF4Edx69KcRSmmcvS2LndG\" data-lark-html-role=\"root\" data-docx-has-block-data=\"true\">\n<div data-page-id=\"BSNMfUsMXd3XFscNxbDcufC2nEg\" data-lark-html-role=\"root\" data-docx-has-block-data=\"false\">\n<div data-page-id=\"Rr0Mfry1adQB66cMkYGcCmoWnKe\" data-lark-html-role=\"root\" data-docx-has-block-data=\"true\">\n<div data-page-id=\"A7fMfxJhydfxJUc6VX9cVvDKnpd\" data-lark-html-role=\"root\" data-docx-has-block-data=\"false\">\n<div data-page-id=\"A7fMfxJhydfxJUc6VX9cVvDKnpd\" data-lark-html-role=\"root\" data-docx-has-block-data=\"false\">\n<div data-page-id=\"WbzgfFBuTduiBjc6rORciNrNnlf\" data-lark-html-role=\"root\" data-docx-has-block-data=\"false\">\n<div data-page-id=\"R0Rzf8rQUdoB9hcxkiqc9kKHnk2\" data-lark-html-role=\"root\" data-docx-has-block-data=\"true\">\n<div data-page-id=\"ZwXFfRomCdt9G4cs33scepfHnoe\" data-lark-html-role=\"root\" data-docx-has-block-data=\"false\">\n<h2 class=\"heading-2 ace-line old-record-id-M6Y5fbCYddQDeAcuzBbcuqy4nof\">Perch\u00e9 Scegliere Zooy Triple 70000 Puffs? \ud83e\udd29<\/h2>\n<div class=\"ace-line ace-line old-record-id-PadpfrdBSdL4QacZ2SLcwsj8n9g\">Si distingue in un mercato affollato con il suo design di sapore 3 in 1 e coil a rete tripla\u2014caratteristiche che poche sigarette elettroniche usa e getta offrono. Ti consente di gustare tre sapori in un unico dispositivo, senza sacrificare la qualit\u00e0 del sapore o le prestazioni.<\/div>\n<div class=\"ace-line ace-line old-record-id-PPuxfrdj6dhq9Lc3QCgcYJWvnrf\">Con 70000 puff, un display intelligente, ricarica Type-C e un corpo compatto di 150g, \u00e8 progettato per la comodit\u00e0 e la longevit\u00e0. I 10 diversi trio di sapori soddisfano ogni umore, rendendolo perfetto per svapatori occasionali e appassionati di sapori.<\/div>\n<div class=\"ace-line ace-line old-record-id-QHNFfcDM3dsw7nc0ZECcy993nAe\">\n<p>Zooy Triple 70000 Puffs non \u00e8 solo una sigaretta elettronica usa e getta\u2014\u00e8 un compagno versatile che porta variet\u00e0 e comodit\u00e0 al tuo svapo quotidiano. Combina innovazione, prestazioni e sapore, offrendo un'esperienza premium con ogni puff.<\/p>\n<div data-page-id=\"ZwXFfRomCdt9G4cs33scepfHnoe\" data-lark-html-role=\"root\" data-docx-has-block-data=\"true\">\n<h2 class=\"heading-2 ace-line old-record-id-SQ8yf7Qwld47Kucf3oZc52QDnme\">3 in 1 Sapori: Tre Gusti, Un Dispositivo \ud83c\udf53\u2744\ufe0f\ud83e\udd64<\/h2>\n<div class=\"ace-line ace-line old-record-id-VzZpfyrb6dWLoLc0liZcn3nYnsd\">La caratteristica distintiva di Zooy Triple 70000 Puffs \u00e8 il suo setup di sapore 3 in 1\u2014ogni dispositivo viene fornito con tre gusti accuratamente abbinati che si completano a vicenda perfettamente. Ottieni la comodit\u00e0 di tre sapori senza il fastidio di portare pi\u00f9 dispositivi.<\/div>\n<h3 class=\"heading-3 ace-line old-record-id-IIxnfODCjd22vCcsdjDcxCPMnqh\">Logica di Abbinamento dei Sapori Ben Pensata<\/h3>\n<div class=\"ace-line ace-line old-record-id-WJmvf2SJzdMtZ8cjlYNcDP95n9c\">Ogni trio di sapori bilancia diversi profili di gusto\u2014alcuni mescolano la dolcezza fruttata con la freschezza ghiacciata, altri combinano note di bevande audaci con frutti freschi. L'abbinamento assicura che nessun sapore sovrasti gli altri, creando un'esperienza stratificata e piacevole con ogni puff.<\/div>\n<h4 class=\"heading-4 ace-line old-record-id-Uxnqfqa2sdo1FpcWtA8cRZA6nef\">Stili di Sapore Diversi per Ogni Umore<\/h4>\n<div class=\"ace-line ace-line old-record-id-I1mJfZ996dTiXfc1wxhcuNLYnzg\">Da un fresco refrigerio a un dolce piacere, i 10 trio di sapori soddisfano tutte le preferenze. Che tu voglia un colpo fresco e rinfrescante in una giornata calda o un tiro ricco e dolce per svapare tutto il giorno, c'\u00e8 un trio che si adatta al tuo umore.<\/div>\n<h2 class=\"heading-2 ace-line old-record-id-ADOgflQAjdjseAcx7Ruc9EyDnUc\">Coil a Rete 0.9+0.9+0.9: Tripla Potenza per un Sapore Puro \u2699\ufe0f<\/h2>\n<div class=\"ace-line ace-line old-record-id-EmFcfJBhWdSMgHc0wtLc4w4rnRf\">Zooy Triple 70000 Puffs utilizza un setup unico di coil a rete 0.9+0.9+0.9\u2014tre coil a rete separate lavorano insieme per riscaldare ogni sapore in modo uniforme. Questo design mantiene il gusto puro di ciascuno dei tre sapori, garantendo vapore costante e nessun colpo bruciato.<\/div>\n<div class=\"ace-line ace-line old-record-id-Y2EPfX3Q6dm2N1cCJOpc897mnwe\">Il setup a tripla coil offre vapore liscio e denso dal primo puff al 70000esimo. Bilancia perfettamente sapore e vapore, permettendoti di gustare ciascuno dei tre gusti senza compromessi\u2014nessun colpo sottile, nessun retrogusto aspro, solo puro piacere.<\/div>\n<h2 class=\"heading-2 ace-line old-record-id-LYAkf9V8kdsEbmclOfnc38RnnGd\">Caratteristiche Intelligenti &amp; Design Conveniente \u26a1<\/h2>\n<h3 class=\"heading-3 ace-line old-record-id-JTPrfrOtNdwLXRcDPQkcXnkvnvb\">Schermo Display Intelligente Integrato<\/h3>\n<div class=\"ace-line ace-line old-record-id-NgJsfVIpHdmE5Scw4y6cLsuknRe\">Il display intelligente integrato ti tiene informato a colpo d'occhio. Mostra il livello della batteria in tempo reale, la quantit\u00e0 di e-liquid rimanente e lo stato del sapore, cos\u00ec non ti trovi mai sorpreso da una batteria scarica o un dispositivo vuoto \ud83d\udcf1. Niente pi\u00f9 congetture\u2014tutto ci\u00f2 che devi sapere \u00e8 proprio l\u00ec.<\/div>\n<h3 class=\"heading-3 ace-line old-record-id-FUfNfN829d2s0EcA1BLcgrqOn9g\">Ricaricabile Type-C per un Uso Senza Problemi<\/h3>\n<div class=\"ace-line ace-line old-record-id-Pl0qfaHhNdcly2c4Uzuc9yNen7e\">Supporta la ricarica rapida Type-C, cos\u00ec puoi ricaricare la batteria rapidamente con un comune cavo Type-C. Niente caricatori extra, niente attese lunghe\u2014basta collegarlo e tornare a svapare in un attimo, perfetto per giornate impegnative o quando sei in movimento.<\/div>\n<h3 class=\"heading-3 ace-line old-record-id-MfHqfrmKWd1CBWcq35ScRwVDnfb\">Costruzione Compatta e Portatile<\/h3>\n<div class=\"ace-line ace-line old-record-id-AdcCfTHWSdbrvJcZHnBcQTHUnEe\">Misurando 48*48*117mm e pesando 150g per pezzo, \u00e8 abbastanza compatto da adattarsi comodamente nella tua tasca o borsa. \u00c8 facile da portare ovunque, che tu stia pendolando, viaggiando o semplicemente rilassandoti a casa. Con un peso di imballaggio di 29.7kg per 200 pezzi, \u00e8 anche facile da riporre e trasportare.<\/div>\n<h2 class=\"heading-2 ace-line old-record-id-YPo2fqC5Ld5ZRNc3hfKcMzoUnue\">10 Unici Trio di Sapori 3 in 1 \ud83c\udf49\ud83c\udf53\u2744\ufe0f<\/h2>\n<div class=\"ace-line ace-line old-record-id-FdK0f6wx4dRTwmcYJH4cabstnbR\">Zooy Triple 70000 Puffs offre 10 creativi trio di sapori 3 in 1, mescolando gusti fruttati, ghiacciati e ispirati alle bevande. Ogni trio \u00e8 progettato per offrire un'esperienza bilanciata e stratificata. Dai un'occhiata alla lineup completa qui sotto:<\/div>\n<div>\n<table class=\"ace-table\" data-ace-table-col-widths=\"200;200;200\">\n<colgroup>\n<col width=\"200\" \/>\n<col width=\"200\" \/>\n<col width=\"200\" \/><\/colgroup>\n<thead>\n<tr>\n<th colspan=\"1\" rowspan=\"1\">\n<div class=\"ace-line ace-line old-record-id-JWSLfhXPwdx9p8cpgzWclgWJnxg\">No.<\/div>\n<\/th>\n<th colspan=\"1\" rowspan=\"1\">\n<div class=\"ace-line ace-line old-record-id-O0h4fzoeIdv0A8cDgrQc4K4Inoe\">Trio di Sapori 3 in 1<\/div>\n<\/th>\n<th colspan=\"1\" rowspan=\"1\">\n<div class=\"ace-line ace-line old-record-id-OKCifsprRdssMIcgF2rc7eXPn5f\">Punti Salienti del Gusto<\/div>\n<\/th>\n<\/tr>\n<\/thead>\n<tbody>\n<tr>\n<td colspan=\"1\" rowspan=\"1\">\n<div class=\"ace-line ace-line old-record-id-GTlIfiCU1dOavHc6rn8c1FBbn5g\">1<\/div>\n<\/td>\n<td colspan=\"1\" rowspan=\"1\">\n<div class=\"ace-line ace-line old-record-id-Q9TafOLChd32pmcEEcCcLcGZn5Y\">Anguria &amp; Lime Limone &amp; Cola Ciliegia<\/div>\n<\/td>\n<td colspan=\"1\" rowspan=\"1\">\n<div class=\"ace-line ace-line old-record-id-Qz4MfE7eJd1CmccPBjxcaqionHh\">Anguria succosa, lime limone piccante e audace cola ciliegia si mescolano<\/div>\n<\/td>\n<\/tr>\n<tr>\n<td colspan=\"1\" rowspan=\"1\">\n<div class=\"ace-line ace-line old-record-id-JxZufuoSYdMK5HccANlcffu3nMf\">2<\/div>\n<\/td>\n<td colspan=\"1\" rowspan=\"1\">\n<div class=\"ace-line ace-line old-record-id-BWogfXNx5dqh8pcbGRYcklMVnYg\">Anguria Fragola &amp; Ghiaccio Mirtillo &amp; Love666<\/div>\n<\/td>\n<td colspan=\"1\" rowspan=\"1\">\n<div class=\"ace-line ace-line old-record-id-YAsTfVR0ydzurQc6AyscwBB8nqd\">Dolce anguria fragola, fresco ghiaccio mirtillo e unico Love666<\/div>\n<\/td>\n<\/tr>\n<tr>\n<td colspan=\"1\" rowspan=\"1\">\n<div class=\"ace-line ace-line old-record-id-GZG1fZTjHd2VKPcEM5vcG0V6nQp\">3<\/div>\n<\/td>\n<td colspan=\"1\" rowspan=\"1\">\n<div class=\"ace-line ace-line old-record-id-HCoffisAXdOg4zc063icZCBtnQf\">Kiwi Fragola &amp; Ghiaccio Anguria &amp; Red Bull<\/div>\n<\/td>\n<td colspan=\"1\" rowspan=\"1\">\n<div class=\"ace-line ace-line old-record-id-J5A1fbPWndsKbfctUZWcG3X3nfh\">Fresco kiwi fragola, ghiaccio anguria croccante e energizzante Red Bull<\/div>\n<\/td>\n<\/tr>\n<tr>\n<td colspan=\"1\" rowspan=\"1\">\n<div class=\"ace-line ace-line old-record-id-Zl3ifpdwrdUUuYco084cFtqCnEh\">4<\/div>\n<\/td>\n<td colspan=\"1\" rowspan=\"1\">\n<div class=\"ace-line ace-line old-record-id-X8yDfytqSdolcac022vcaEmrnhc\">Melone Triplo &amp; Anguria Fragola &amp; Pesca Limone<\/div>\n<\/td>\n<td colspan=\"1\" rowspan=\"1\">\n<div class=\"ace-line ace-line old-record-id-RB7CfrdBPd0Jo4crYNzcn4Z4nOb\">Ricco melone triplo, dolce anguria fragola e piccante pesca limone<\/div>\n<\/td>\n<\/tr>\n<tr>\n<td colspan=\"1\" rowspan=\"1\">\n<div class=\"ace-line ace-line old-record-id-AuurfNzBPdPoTPc0rg2cGBXbnxg\">5<\/div>\n<\/td>\n<td colspan=\"1\" rowspan=\"1\">\n<div class=\"ace-line ace-line old-record-id-UTEXfyXx6dInqHcIDtLcQwF1nCg\">Mr.Blue &amp; Banana Fragola &amp; Lime Limone<\/div>\n<\/td>\n<td colspan=\"1\" rowspan=\"1\">\n<div class=\"ace-line ace-line old-record-id-Xm09fav21dQaGPcPtXtcCBf9nzh\">Vibrante Mr.Blue, dolce banana fragola e lime limone piccante<\/div>\n<\/td>\n<\/tr>\n<tr>\n<td colspan=\"1\" rowspan=\"1\">\n<div class=\"ace-line ace-line old-record-id-HNpcftJljdQGztcsOxUcIGLtnVg\">6<\/div>\n<\/td>\n<td colspan=\"1\" rowspan=\"1\">\n<div class=\"ace-line ace-line old-record-id-ZoorfeUMldxVXOcAvmFcodQvnVc\">Frutti di Bosco Misti &amp; Cola Fragola Vaniglia &amp; Cola Limone<\/div>\n<\/td>\n<td colspan=\"1\" rowspan=\"1\">\n<div class=\"ace-line ace-line old-record-id-KD4qfH2yhdIp3tcZnHLckf20nxg\">Frutti di bosco misti maturi, cremosa cola fragola vaniglia e audace cola limone<\/div>\n<\/td>\n<\/tr>\n<tr>\n<td colspan=\"1\" rowspan=\"1\">\n<div class=\"ace-line ace-line old-record-id-MnHIf7U8BdsmNbcaiw9csLvVn4b\">7<\/div>\n<\/td>\n<td colspan=\"1\" rowspan=\"1\">\n<div class=\"ace-line ace-line old-record-id-R65zfwL4ldu0ElcPn1rci8Sanwb\">Ghiaccio Fragola &amp; Menta Limone &amp; Limone Frutto della Passione<\/div>\n<\/td>\n<td colspan=\"1\" rowspan=\"1\">\n<div class=\"ace-line ace-line old-record-id-YYSKf8Krdd25TEctevscbCltnwb\">Fresco ghiaccio fragola, menta limone fresca e piccante limone frutto della passione<\/div>\n<\/td>\n<\/tr>\n<tr>\n<td colspan=\"1\" rowspan=\"1\">\n<div class=\"ace-line ace-line old-record-id-PAoSfDflndLkmyc0HcfchGYanSf\">8<\/div>\n<\/td>\n<td colspan=\"1\" rowspan=\"1\">\n<div class=\"ace-line ace-line old-record-id-SHcofIFzgdUeyRc0ZrmcIh84n1d\">Gomma da Masticare Mirtillo &amp; Love666 &amp; Kiwi Fragola<\/div>\n<\/td>\n<td colspan=\"1\" rowspan=\"1\">\n<div class=\"ace-line ace-line old-record-id-N5DgfU3kHdVZvUcSPSicZO3KnRc\">Gomma da masticare mirtillo gommosa, unico Love666 e fresco kiwi fragola<\/div>\n<\/td>\n<\/tr>\n<tr>\n<td colspan=\"1\" rowspan=\"1\">\n<div class=\"ace-line ace-line old-record-id-C0hJfH6kLdj8W5cEQ1GcEeAUnHc\">9<\/div>\n<\/td>\n<td colspan=\"1\" rowspan=\"1\">\n<div class=\"ace-line ace-line old-record-id-GY4sfdNeZdu5sNcMdX0cZw9Mnfb\">Limonata Rosa &amp; Fragola Lampone Ciliegia &amp; Ghiaccio Mirtillo<\/div>\n<\/td>\n<td colspan=\"1\" rowspan=\"1\">\n<div class=\"ace-line ace-line old-record-id-H2ILfK9JndvIcAcEaF6crLSEndg\">Limonata rosa vivace, miscela di bacche dolci e ghiaccio di mirtillo rinfrescante<\/div>\n<\/td>\n<\/tr>\n<tr>\n<td colspan=\"1\" rowspan=\"1\">\n<div class=\"ace-line ace-line old-record-id-CaB0fMv9AdHRd2cxdLfcbtj4n9g\">10<\/div>\n<\/td>\n<td colspan=\"1\" rowspan=\"1\">\n<div class=\"ace-line ace-line old-record-id-Aj6Qfcg7NdFTZMcj3uWc8F6InHe\">Ghiaccio al mango &amp; Aloe uva &amp; Kiwi frutto della passione<\/div>\n<\/td>\n<td colspan=\"1\" rowspan=\"1\">\n<div class=\"ace-line ace-line old-record-id-FE0KfJz6cdCqWlcQD3ucw1J9nPe\">Ghiaccio di mango fresco, aloe uva rinfrescante e frutto della passione kiwi acidulo<\/div>\n<\/td>\n<\/tr>\n<\/tbody>\n<\/table>\n<p><img decoding=\"async\" class=\"alignnone wp-image-7246 size-full\" title=\"Zooy Triple 70k Sapori\" src=\"https:\/\/oiovape.com\/wp-content\/uploads\/2026\/03\/Zooy-Triple-70k-Flavors-scaled.jpg\" alt=\"Zooy Triple 70k Sapori\" width=\"1314\" height=\"2560\" srcset=\"https:\/\/oiovape.com\/wp-content\/uploads\/2026\/03\/Zooy-Triple-70k-Flavors-scaled.jpg 1314w, https:\/\/oiovape.com\/wp-content\/uploads\/2026\/03\/Zooy-Triple-70k-Flavors-154x300.jpg 154w, https:\/\/oiovape.com\/wp-content\/uploads\/2026\/03\/Zooy-Triple-70k-Flavors-526x1024.jpg 526w, https:\/\/oiovape.com\/wp-content\/uploads\/2026\/03\/Zooy-Triple-70k-Flavors-768x1496.jpg 768w, https:\/\/oiovape.com\/wp-content\/uploads\/2026\/03\/Zooy-Triple-70k-Flavors-789x1536.jpg 789w, https:\/\/oiovape.com\/wp-content\/uploads\/2026\/03\/Zooy-Triple-70k-Flavors-1051x2048.jpg 1051w, https:\/\/oiovape.com\/wp-content\/uploads\/2026\/03\/Zooy-Triple-70k-Flavors-6x12.jpg 6w, https:\/\/oiovape.com\/wp-content\/uploads\/2026\/03\/Zooy-Triple-70k-Flavors-1200x2338.jpg 1200w, https:\/\/oiovape.com\/wp-content\/uploads\/2026\/03\/Zooy-Triple-70k-Flavors-150x292.jpg 150w\" sizes=\"(max-width: 1314px) 100vw, 1314px\" \/><\/p>\n<\/div>\n<\/div>\n<\/div>\n<\/div>\n<\/div>\n<\/div>\n<\/div>\n<\/div>\n<\/div>\n<\/div>\n<\/div>\n<\/div>\n<\/div>\n<\/div>\n<\/div>\n<\/div>\n<\/div>\n<\/div>\n<\/div>\n<\/div>\n<\/div>\n<\/div>\n<\/div>\n<\/div>\n<\/div>\n<\/div>\n<\/div>\n<\/div>\n<\/div>\n<\/div>\n<\/div>\n<\/div>\n<\/div>\n<\/div>\n<\/div>\n<\/div>\n<\/div>\n<\/div>\n<\/div>\n<\/div>\n<\/div>\n<\/div>\n<\/div>\n<\/div>\n<\/div>\n<\/div>\n<\/div>\n<\/div>\n<\/div>\n<\/div>\n<\/div>\n<\/div>\n<\/div>\n<\/div>\n<\/div>\n<\/div>\n<\/div>\n<\/div>\n<\/div>\n<\/div>\n<\/div>\n<\/div>\n<\/div>\n<\/div>\n<\/div>\n<\/div>\n<\/div>\n<\/div>\n<\/div>\n<\/div>\n<\/div>\n<\/div>\n<\/div>\n<\/div>\n<\/div>\n<\/div>\n<\/div>\n<\/div>\n<\/div>\n<\/div>\n<\/div>\n<\/div>\n<\/div>\n<\/div>\n<\/div>\n<\/div>\n<\/div>\n<\/div>\n<\/div>\n<\/div>\n<\/div>\n<\/div>\n<\/div>\n<\/div>\n<\/div>","protected":false},"excerpt":{"rendered":"<div data-page-id=\"RAopf2sw9dtvw4cWYXpcTwo0n8g\" data-lark-html-role=\"root\" data-docx-has-block-data=\"false\">\n<div class=\"ace-line ace-line old-record-id-Uju9f3RXYd8dh2crAJbcBF3Un6M\">\n<div data-page-id=\"Dd8gfe2wRdT66jcgnqtcUwg5ndh\" data-lark-html-role=\"root\" data-docx-has-block-data=\"false\">\n<div class=\"ace-line ace-line old-record-id-FiRZf3qXpdK0RqcHt8wcxPTon8b\">Zooy Triple 70000 Puffs offre 3 in 1 sapori, una coil a rete 0.9+0.9+0.9 e 70000 puff. Ha un display intelligente integrato, ricarica Type-C, un corpo compatto di 150g (48<em>48<\/em>117mm) e 10 trio di sapori per un'esperienza di svapo versatile e conveniente.<\/div>\n<\/div>\n<\/div>\n<\/div>","protected":false},"featured_media":7256,"comment_status":"open","ping_status":"closed","template":"","meta":{"_acf_changed":false,"inline_featured_image":false,"_sitemap_exclude":false,"_sitemap_priority":"","_sitemap_frequency":""},"product_brand":[357],"product_cat":[356],"product_tag":[],"class_list":{"0":"post-7244","1":"product","2":"type-product","3":"status-publish","4":"has-post-thumbnail","6":"product_brand-zooy","7":"product_cat-zooy-puff","9":"first","10":"instock","11":"sale","12":"shipping-taxable","13":"purchasable","14":"product-type-variable","15":"has-default-attributes"},"acf":[],"tiered_pricing_type":"fixed","tiered_pricing_fixed_rules":{"30":10.57,"60":9.81,"100":9.62,"200":8.69},"tiered_pricing_product_settings":{"layout":"default","base_unit_name":{"singular":null,"plural":null},"default_variation":null},"tiered_pricing_minimum_quantity":10,"tiered_pricing_roles_data":[],"tiered_pricing_percentage_rules":[],"tiered_pricing_maximum_quantity":null,"tiered_pricing_quantity_step":"10","_links":{"self":[{"href":"https:\/\/oiovape.com\/it\/wp-json\/wp\/v2\/product\/7244","targetHints":{"allow":["GET"]}}],"collection":[{"href":"https:\/\/oiovape.com\/it\/wp-json\/wp\/v2\/product"}],"about":[{"href":"https:\/\/oiovape.com\/it\/wp-json\/wp\/v2\/types\/product"}],"replies":[{"embeddable":true,"href":"https:\/\/oiovape.com\/it\/wp-json\/wp\/v2\/comments?post=7244"}],"version-history":[{"count":2,"href":"https:\/\/oiovape.com\/it\/wp-json\/wp\/v2\/product\/7244\/revisions"}],"predecessor-version":[{"id":7272,"href":"https:\/\/oiovape.com\/it\/wp-json\/wp\/v2\/product\/7244\/revisions\/7272"}],"wp:featuredmedia":[{"embeddable":true,"href":"https:\/\/oiovape.com\/it\/wp-json\/wp\/v2\/media\/7256"}],"wp:attachment":[{"href":"https:\/\/oiovape.com\/it\/wp-json\/wp\/v2\/media?parent=7244"}],"wp:term":[{"taxonomy":"product_brand","embeddable":true,"href":"https:\/\/oiovape.com\/it\/wp-json\/wp\/v2\/product_brand?post=7244"},{"taxonomy":"product_cat","embeddable":true,"href":"https:\/\/oiovape.com\/it\/wp-json\/wp\/v2\/product_cat?post=7244"},{"taxonomy":"product_tag","embeddable":true,"href":"https:\/\/oiovape.com\/it\/wp-json\/wp\/v2\/product_tag?post=7244"}],"curies":[{"name":"wp","href":"https:\/\/api.w.org\/{rel}","templated":true}]}}