{"id":7365,"date":"2026-03-03T10:55:52","date_gmt":"2026-03-03T02:55:52","guid":{"rendered":"https:\/\/oiovape.com\/?post_type=product&#038;p=7365"},"modified":"2026-03-03T11:19:14","modified_gmt":"2026-03-03T03:19:14","slug":"atvs-45000-puffs","status":"publish","type":"product","link":"https:\/\/oiovape.com\/it\/product\/atvs-45000-puffs\/","title":{"rendered":"ATVS 45000 PUFFS Dual Mesh Coil Smart Screen Disposable Vape"},"content":{"rendered":"<div data-page-id=\"ZVeMfq8uxd7y1ycuKm5cym4LnYd\" data-lark-html-role=\"root\" data-docx-has-block-data=\"false\">\n<div data-page-id=\"Fd41fZ5N9dzRQtcRNoVc2FuDnCh\" data-lark-html-role=\"root\" data-docx-has-block-data=\"true\">\n<div data-page-id=\"BdIJfeeijdk1eucGpS8cDCBBn5c\" data-lark-html-role=\"root\" data-docx-has-block-data=\"false\">\n<div data-page-id=\"Zbg9fWx77dUuh2cIYpic25c8nyd\" data-lark-html-role=\"root\" data-docx-has-block-data=\"false\">\n<div data-page-id=\"KaIvfiurhdlCKdc0kyxcX64cnE6\" data-lark-html-role=\"root\" data-docx-has-block-data=\"true\">\n<div data-page-id=\"PbvFfqxqlddUTScRpEYcY5MHnpf\" data-lark-html-role=\"root\" data-docx-has-block-data=\"true\">\n<div data-page-id=\"GZO2f5JeudwY4jc9iJtcdk9Hnxh\" data-lark-html-role=\"root\" data-docx-has-block-data=\"false\">\n<div data-page-id=\"EZVRf2acFduXLGcseZFc4qH2n6e\" data-lark-html-role=\"root\" data-docx-has-block-data=\"false\">\n<div data-page-id=\"B8rHfcqlqdzmH5cCWCncz17Cntb\" data-lark-html-role=\"root\" data-docx-has-block-data=\"false\">\n<div data-page-id=\"B8rHfcqlqdzmH5cCWCncz17Cntb\" data-lark-html-role=\"root\" data-docx-has-block-data=\"false\">\n<div data-page-id=\"B8rHfcqlqdzmH5cCWCncz17Cntb\" data-lark-html-role=\"root\" data-docx-has-block-data=\"true\">\n<div data-page-id=\"HM70f1aoxdD0bMcxJZBcVc7ynZd\" data-lark-html-role=\"root\" data-docx-has-block-data=\"false\">\n<div data-page-id=\"NSrJfN7Ord22i0c1iwZcsF8yn8b\" data-lark-html-role=\"root\" data-docx-has-block-data=\"false\">\n<div data-page-id=\"RXEff4Mskds8o1cqL5HcGEtUnCh\" data-lark-html-role=\"root\" data-docx-has-block-data=\"false\">\n<div data-page-id=\"KJ7gfqkVndMSRJcMseScmvYwnTc\" data-lark-html-role=\"root\" data-docx-has-block-data=\"false\">\n<div class=\"ace-line ace-line old-record-id-QADAfETPudgmudc05YvcTO5fnxe\">\n<div data-page-id=\"KJ7gfqkVndMSRJcMseScmvYwnTc\" data-lark-html-role=\"root\" data-docx-has-block-data=\"false\">\n<div class=\"ace-line ace-line old-record-id-JoRkfpho8dOkiacEOascDyCOncb\">\n<div data-page-id=\"KJ7gfqkVndMSRJcMseScmvYwnTc\" data-lark-html-role=\"root\" data-docx-has-block-data=\"false\">\n<div data-page-id=\"Ju6ofQ3V4dGmePcVvJvc1gmcnZb\" data-lark-html-role=\"root\" data-docx-has-block-data=\"true\">\n<div data-page-id=\"PR9ife5PLdFabccbFgZcWgZOnTc\" data-lark-html-role=\"root\" data-docx-has-block-data=\"false\">\n<div data-page-id=\"INdrfOIGzdaenXcptrcc1BcznQc\" data-lark-html-role=\"root\" data-docx-has-block-data=\"false\">\n<div class=\"ace-line ace-line old-record-id-P0fIf4YaZdoGkbcxt5ackec2nnb\">\n<div data-page-id=\"INdrfOIGzdaenXcptrcc1BcznQc\" data-lark-html-role=\"root\" data-docx-has-block-data=\"false\">\n<div data-page-id=\"MAzCfUB73dMTQscm8eWcougVn1g\" data-lark-html-role=\"root\" data-docx-has-block-data=\"true\">\n<div data-page-id=\"AXfpf7H1odhDvGcKoUOcErN8nV7\" data-lark-html-role=\"root\" data-docx-has-block-data=\"false\">\n<div data-page-id=\"QYTKf5PvLdUNdbce2nBcW9yfnrh\" data-lark-html-role=\"root\" data-docx-has-block-data=\"false\">\n<div data-page-id=\"Pvu1f1CCBdxbjncA9pgcBTpanph\" data-lark-html-role=\"root\" data-docx-has-block-data=\"true\">\n<div data-page-id=\"Axf3fcmY8dDAhtcjVircBcphnPc\" data-lark-html-role=\"root\" data-docx-has-block-data=\"false\">\n<div data-page-id=\"KKj1f9SPmdLhhMc5E2AcNlLen6f\" data-lark-html-role=\"root\" data-docx-has-block-data=\"true\">\n<div data-page-id=\"Rx61fK1sJdXHjPcBuhZcweNhnwc\" data-lark-html-role=\"root\" data-docx-has-block-data=\"false\">\n<div data-page-id=\"L1H9fkG9Mdz45Fcy4WMc5VKXnRe\" data-lark-html-role=\"root\" data-docx-has-block-data=\"false\">\n<div data-page-id=\"L1H9fkG9Mdz45Fcy4WMc5VKXnRe\" data-lark-html-role=\"root\" data-docx-has-block-data=\"false\">\n<div data-page-id=\"D4XLfVBVrdE8mrcaYizczklLnaf\" data-lark-html-role=\"root\" data-docx-has-block-data=\"false\">\n<div data-page-id=\"WVcifIY44d5mhMcXtyEcTsfenGd\" data-lark-html-role=\"root\" data-docx-has-block-data=\"true\">\n<div data-page-id=\"LRknfa6Whd4DWCcUc0FcNKpJnyh\" data-lark-html-role=\"root\" data-docx-has-block-data=\"false\">\n<div data-page-id=\"LRknfa6Whd4DWCcUc0FcNKpJnyh\" data-lark-html-role=\"root\" data-docx-has-block-data=\"false\">\n<div data-page-id=\"XFRAfkcOEdRWh8cArQ2cJdyRnJf\" data-lark-html-role=\"root\" data-docx-has-block-data=\"true\">\n<div data-page-id=\"OQ3bfjnRddMTDGcC3ouc6xFKnWf\" data-lark-html-role=\"root\" data-docx-has-block-data=\"true\">\n<div data-page-id=\"J0iGfj1hEdjc4rcUdSmc4spMnmZ\" data-lark-html-role=\"root\" data-docx-has-block-data=\"false\">\n<div data-page-id=\"P1o7fFyNlduP8tcfZpQcagzbnIf\" data-lark-html-role=\"root\" data-docx-has-block-data=\"false\">\n<div class=\"ace-line ace-line old-record-id-P1o7fFyNlduP8tcfZpQcagzbnIf\">\n<div data-page-id=\"P1o7fFyNlduP8tcfZpQcagzbnIf\" data-lark-html-role=\"root\" data-docx-has-block-data=\"false\">\n<div data-page-id=\"U4iufW38SdttWKcTstMcTtHRnXc\" data-lark-html-role=\"root\" data-docx-has-block-data=\"true\">\n<div data-page-id=\"ONVMf7VTWddcFtcyATOchCJHnZb\" data-lark-html-role=\"root\" data-docx-has-block-data=\"true\">\n<div data-page-id=\"KoW2fSy0PdLHFlc5kSHcgvWMnYg\" data-lark-html-role=\"root\" data-docx-has-block-data=\"false\">\n<div data-page-id=\"KoW2fSy0PdLHFlc5kSHcgvWMnYg\" data-lark-html-role=\"root\" data-docx-has-block-data=\"false\">\n<div data-page-id=\"OLGhfzxC7d7EFIcLEj9cRT5ynZf\" data-lark-html-role=\"root\" data-docx-has-block-data=\"false\">\n<div data-page-id=\"DdnnfrLjzdqrFIc9Il9c7pA2noc\" data-lark-html-role=\"root\" data-docx-has-block-data=\"true\">\n<div data-page-id=\"KNzcf2o0oddkJOcztTVcqPdlnth\" data-lark-html-role=\"root\" data-docx-has-block-data=\"false\">\n<div data-page-id=\"LBU7fg5SEdkWhecGJoxca3xvnCe\" data-lark-html-role=\"root\" data-docx-has-block-data=\"false\">\n<div data-page-id=\"EB70fooS3d69bMcgWB7c5qb9n8g\" data-lark-html-role=\"root\" data-docx-has-block-data=\"false\">\n<div data-page-id=\"AogwfsZCadB6t0cAvF0cK4JLnvf\" data-lark-html-role=\"root\" data-docx-has-block-data=\"false\">\n<div data-page-id=\"AogwfsZCadB6t0cAvF0cK4JLnvf\" data-lark-html-role=\"root\" data-docx-has-block-data=\"false\">\n<div data-page-id=\"JMZIflNGddQuU0c5JZocSqlvnle\" data-lark-html-role=\"root\" data-docx-has-block-data=\"false\">\n<div data-page-id=\"JMZIflNGddQuU0c5JZocSqlvnle\" data-lark-html-role=\"root\" data-docx-has-block-data=\"true\">\n<div data-page-id=\"HtEafjjRIdPAlMc9zgYcsGy6nOe\" data-lark-html-role=\"root\" data-docx-has-block-data=\"false\">\n<div data-page-id=\"Rhnafz0WTdDeT9c43xxczsbVnJo\" data-lark-html-role=\"root\" data-docx-has-block-data=\"false\">\n<div data-page-id=\"WY0CfKdcTdf4hVcZl67ct5LGncf\" data-lark-html-role=\"root\" data-docx-has-block-data=\"true\">\n<div data-page-id=\"MkB5fF4AVdchovcoPEpc7LqvnOd\" data-lark-html-role=\"root\" data-docx-has-block-data=\"true\">\n<div data-page-id=\"MfbjfZhbhdJdA8cH1dAckqF0n6g\" data-lark-html-role=\"root\" data-docx-has-block-data=\"false\">\n<div class=\"ace-line ace-line old-record-id-W2AHfJLnjd7ugjcRLs1c8BdhnNh\">\n<div data-page-id=\"MfbjfZhbhdJdA8cH1dAckqF0n6g\" data-lark-html-role=\"root\" data-docx-has-block-data=\"false\">\n<div class=\"old-record-id-XXd1feeCZdR2hJc6evocxnh1nOg\">\n<div data-page-id=\"MfbjfZhbhdJdA8cH1dAckqF0n6g\" data-lark-html-role=\"root\" data-docx-has-block-data=\"false\">\n<div data-page-id=\"DE51fYUmxdT3ekcHzc3cGrVQnsc\" data-lark-html-role=\"root\" data-docx-has-block-data=\"false\">\n<div data-page-id=\"YSKdfaZ08dRej3ci5CccQBuOncc\" data-lark-html-role=\"root\" data-docx-has-block-data=\"true\">\n<div data-page-id=\"K6mofQmledamEFcgp1EcVobmnYd\" data-lark-html-role=\"root\" data-docx-has-block-data=\"false\">\n<div data-page-id=\"VTgsfVLdCd9q1ucYcwRcCM0Hnof\" data-lark-html-role=\"root\" data-docx-has-block-data=\"true\">\n<div data-page-id=\"WucKfzp8RdNy8rcMJHncz4Knnac\" data-lark-html-role=\"root\" data-docx-has-block-data=\"true\">\n<div data-page-id=\"IfZ9fDIBLd9b9hcJiqGcLw9Pnmh\" data-lark-html-role=\"root\" data-docx-has-block-data=\"false\">\n<div data-page-id=\"JeU6f3Yq5dbdEHcZDptc5ikcn5c\" data-lark-html-role=\"root\" data-docx-has-block-data=\"true\">\n<div data-page-id=\"E1YjfnB4Jdmtsfc2ZObcu04Un6c\" data-lark-html-role=\"root\" data-docx-has-block-data=\"false\">\n<div data-page-id=\"RQVEfdiOzdqTQKcRcnxcG0Y7nce\" data-lark-html-role=\"root\" data-docx-has-block-data=\"true\">\n<div data-page-id=\"NKc7fbZi9dnOXocdHcScVsXdnmh\" data-lark-html-role=\"root\" data-docx-has-block-data=\"false\">\n<div data-page-id=\"DaE3fgNEwdnbQVc62iqcBK4lnte\" data-lark-html-role=\"root\" data-docx-has-block-data=\"false\">\n<div data-page-id=\"DaE3fgNEwdnbQVc62iqcBK4lnte\" data-lark-html-role=\"root\" data-docx-has-block-data=\"false\">\n<div data-page-id=\"NqSRfcp5SdFQ6ucdStXcbvManpc\" data-lark-html-role=\"root\" data-docx-has-block-data=\"false\">\n<div data-page-id=\"KydBfoEuudJNYhcgRdAc3aeUn7c\" data-lark-html-role=\"root\" data-docx-has-block-data=\"true\">\n<div data-page-id=\"SIqXfR5ipd7jWpczA5RcYkWInfd\" data-lark-html-role=\"root\" data-docx-has-block-data=\"false\">\n<div data-page-id=\"Y06XfUzydd0aVicBtPKcZlS8nJf\" data-lark-html-role=\"root\" data-docx-has-block-data=\"true\">\n<div data-page-id=\"E2ZvfNrVNdEHKickexPcvdXVnrc\" data-lark-html-role=\"root\" data-docx-has-block-data=\"false\">\n<div data-page-id=\"DqGzfq5S4d9GdAcOQVIcIdPhn2c\" data-lark-html-role=\"root\" data-docx-has-block-data=\"false\">\n<div data-page-id=\"HsKcfE4WLdET7ScRm72cTZ96nPb\" data-lark-html-role=\"root\" data-docx-has-block-data=\"false\">\n<div data-page-id=\"MvWFfuF4Edx69KcRSmmcvS2LndG\" data-lark-html-role=\"root\" data-docx-has-block-data=\"true\">\n<div data-page-id=\"BSNMfUsMXd3XFscNxbDcufC2nEg\" data-lark-html-role=\"root\" data-docx-has-block-data=\"false\">\n<div data-page-id=\"Rr0Mfry1adQB66cMkYGcCmoWnKe\" data-lark-html-role=\"root\" data-docx-has-block-data=\"true\">\n<div data-page-id=\"A7fMfxJhydfxJUc6VX9cVvDKnpd\" data-lark-html-role=\"root\" data-docx-has-block-data=\"false\">\n<div data-page-id=\"A7fMfxJhydfxJUc6VX9cVvDKnpd\" data-lark-html-role=\"root\" data-docx-has-block-data=\"false\">\n<div data-page-id=\"WbzgfFBuTduiBjc6rORciNrNnlf\" data-lark-html-role=\"root\" data-docx-has-block-data=\"false\">\n<div data-page-id=\"R0Rzf8rQUdoB9hcxkiqc9kKHnk2\" data-lark-html-role=\"root\" data-docx-has-block-data=\"true\">\n<div data-page-id=\"ZwXFfRomCdt9G4cs33scepfHnoe\" data-lark-html-role=\"root\" data-docx-has-block-data=\"false\">\n<div data-page-id=\"UFFTffnWTdbuv3coRhBc3zxBnMf\" data-lark-html-role=\"root\" data-docx-has-block-data=\"true\">\n<div data-page-id=\"FV0FfDT4ZdfJZoc4SMccT5Rjndf\" data-lark-html-role=\"root\" data-docx-has-block-data=\"false\">\n<div data-page-id=\"QfqMfQ3H3dBjAycBmxFct9R0nOd\" data-lark-html-role=\"root\" data-docx-has-block-data=\"false\">\n<div data-page-id=\"DXwcf38JSdYoRnczvWycOLbJnKg\" data-lark-html-role=\"root\" data-docx-has-block-data=\"false\">\n<div data-page-id=\"ERF5fOYoJdJoKBcJe3dczeiRnhb\" data-lark-html-role=\"root\" data-docx-has-block-data=\"false\">\n<div data-page-id=\"Xz9kf6dXYdrSpeczDiscWevtn5g\" data-lark-html-role=\"root\" data-docx-has-block-data=\"false\">\n<h2 class=\"heading-2 ace-line old-record-id-ZPzrfvoGvdmM3HcOng3cEyqrnXf\">Perch\u00e9 scegliere ATVS 45000 Puff? \ud83e\udd29<\/h2>\n<div class=\"ace-line ace-line old-record-id-RD9yfKD4Udz1u8cUU2IcSpOUnbe\">Si distingue per la sua eccezionale durata di 45000 puff, 10 gusti premium e affidabili bobine a doppia maglia. \u00c8 progettato per i vapers che desiderano un dispositivo duraturo e senza complicazioni che non comprometta il sapore o le prestazioni. \ud83c\udfaf<\/div>\n<div class=\"ace-line ace-line old-record-id-XdGqfMijEd72H2cjoi6ci6u6nby\">La sua dimensione compatta, la resistenza regolabile e l'imballaggio pratico lo rendono versatile per qualsiasi stile di vita. Che tu sia un vaper occasionale o qualcuno che svapa regolarmente, ATVS 45000 Puff offre un'esperienza coerente e soddisfacente difficile da battere. \ud83d\udcaf<\/p>\n<div data-page-id=\"Xz9kf6dXYdrSpeczDiscWevtn5g\" data-lark-html-role=\"root\" data-docx-has-block-data=\"true\">\n<h2 class=\"heading-2 ace-line old-record-id-GNvzfppumdNJ1acB3Omcpibqnih\">10 Gusti Curati: Sapori Audaci e Bilanciati per Ogni Umore \ud83c\udf53\u2744\ufe0f\ud83c\udf6c<\/h2>\n<div class=\"ace-line ace-line old-record-id-D8ILfN9SLdUbyyccyl1cPgwsnyh\">ATVS 45000 Puff offre 10 gusti distinti e premium\u2014ognuno miscelato per offrire un sapore naturale e soddisfacente senza retrogusti artificiali. Da un fresco refrigerio a note dolci e giocose, la selezione copre una gamma di preferenze, rendendo facile trovare il tuo nuovo gusto preferito. \ud83e\uddca<\/div>\n<h3 class=\"heading-3 ace-line old-record-id-D6z4fvagJdlv9LcYMYkccSOxnne\">Selezione di Gusti: Un Sapore per Ogni Voglia<\/h3>\n<div class=\"ace-line ace-line old-record-id-WdG8f4h01dhcMUcnwjxcUH7vnmg\">Ogni gusto \u00e8 progettato per risaltare, con note bilanciate che si sentono autentiche e piacevoli. Che tu desideri qualcosa di ghiacciato, fruttato o divertente, la selezione curata ha ci\u00f2 che fa per te. Vedi i dettagli completi dei gusti qui sotto:<\/div>\n<div>\n<table class=\"ace-table\" data-ace-table-col-widths=\"200;200;200\">\n<colgroup>\n<col width=\"200\" \/>\n<col width=\"200\" \/>\n<col width=\"200\" \/><\/colgroup>\n<thead>\n<tr>\n<th colspan=\"1\" rowspan=\"1\">\n<div class=\"ace-line ace-line old-record-id-JJyYf0H0DdRoCNc2XQscIY8PnPg\">No.<\/div>\n<\/th>\n<th colspan=\"1\" rowspan=\"1\">\n<div class=\"ace-line ace-line old-record-id-QaK3fCUPmdw85FcFSupcB5K3nAb\">Gusto<\/div>\n<\/th>\n<th colspan=\"1\" rowspan=\"1\">\n<div class=\"ace-line ace-line old-record-id-Gsj4futsTdvAnzcslAqce0ElnEh\">Profilo di Gusto<\/div>\n<\/th>\n<\/tr>\n<\/thead>\n<tbody>\n<tr>\n<td colspan=\"1\" rowspan=\"1\">\n<div class=\"ace-line ace-line old-record-id-TuYrfAq9pdvY6zcc95LcXSHnnmf\">1<\/div>\n<\/td>\n<td colspan=\"1\" rowspan=\"1\">\n<div class=\"ace-line ace-line old-record-id-P1VHfLGDDdtmD3cgm6qc5IEknPf\">Blue Razz Cherry<\/div>\n<\/td>\n<td colspan=\"1\" rowspan=\"1\">\n<div class=\"ace-line ace-line old-record-id-ILK2fegv0dko5Qc9TZmcOZ5ZnDO\">Lampone blu aspro mescolato con ciliegia dolce<\/div>\n<\/td>\n<\/tr>\n<tr>\n<td colspan=\"1\" rowspan=\"1\">\n<div class=\"ace-line ace-line old-record-id-BmOYfprn4duxTuc6HF9clWB0nVf\">2<\/div>\n<\/td>\n<td colspan=\"1\" rowspan=\"1\">\n<div class=\"ace-line ace-line old-record-id-ZVlKf7jWUdHlmfchZ5kc6Dznndd\">Mr Blue<\/div>\n<\/td>\n<td colspan=\"1\" rowspan=\"1\">\n<div class=\"ace-line ace-line old-record-id-HYY8fH4vtdjoCfcI1zMc9oTHnKC\">Freschezza ispirata al mirtillo con una finitura liscia<\/div>\n<\/td>\n<\/tr>\n<tr>\n<td colspan=\"1\" rowspan=\"1\">\n<div class=\"ace-line ace-line old-record-id-XnsCfvoOyd3it2ctGKkcmchMnLb\">3<\/div>\n<\/td>\n<td colspan=\"1\" rowspan=\"1\">\n<div class=\"ace-line ace-line old-record-id-S88mfGiNpdlGUHcWx0KcI34hn5L\">Mirtillo Ciliegia Cranberry<\/div>\n<\/td>\n<td colspan=\"1\" rowspan=\"1\">\n<div class=\"ace-line ace-line old-record-id-KHjnfEBVGd0iSHc33PqcLGEKnJh\">Miscela ricca di mirtillo, ciliegia dolce e cranberry aspro<\/div>\n<\/td>\n<\/tr>\n<tr>\n<td colspan=\"1\" rowspan=\"1\">\n<div class=\"ace-line ace-line old-record-id-WOWdfxqYrdjOzlcdMBFcgFqynpc\">4<\/div>\n<\/td>\n<td colspan=\"1\" rowspan=\"1\">\n<div class=\"ace-line ace-line old-record-id-JJPAfaVPGdJbmucHlfvcI5Tan4g\">Fizzy Vimtc<\/div>\n<\/td>\n<td colspan=\"1\" rowspan=\"1\">\n<div class=\"ace-line ace-line old-record-id-HT6dfH8RedHJLOcDTgxcP5N1n0f\">Gusto frizzante di vimto fruttato con un colpo fresco e rinfrescante<\/div>\n<\/td>\n<\/tr>\n<tr>\n<td colspan=\"1\" rowspan=\"1\">\n<div class=\"ace-line ace-line old-record-id-HnWSfkRM1dAFIEc1zLIcw2VynUl\">5<\/div>\n<\/td>\n<td colspan=\"1\" rowspan=\"1\">\n<div class=\"ace-line ace-line old-record-id-WZt8f02XFd93yscon75c3J6Sneb\">Ciliegia Ghiacciata<\/div>\n<\/td>\n<td colspan=\"1\" rowspan=\"1\">\n<div class=\"ace-line ace-line old-record-id-I2EKfuIAQdrD8Oc2dkocZ7Qpn1b\">Ciliegia dolce abbinata a freschezza ghiacciata per un colpo rinfrescante<\/div>\n<\/td>\n<\/tr>\n<tr>\n<td colspan=\"1\" rowspan=\"1\">\n<div class=\"ace-line ace-line old-record-id-Eq4MfAPZKdkr24cfljRc0aaDngb\">6<\/div>\n<\/td>\n<td colspan=\"1\" rowspan=\"1\">\n<div class=\"ace-line ace-line old-record-id-ORB4f0PNBdjxZucAOa5crNjbnPe\">Gummy Bear<\/div>\n<\/td>\n<td colspan=\"1\" rowspan=\"1\">\n<div class=\"ace-line ace-line old-record-id-Mj9Gfp16ydmpv9cARWUcIQf6nof\">Gusto divertente e dolce di orsetti gommosi con un sapore masticabile e nostalgico<\/div>\n<\/td>\n<\/tr>\n<tr>\n<td colspan=\"1\" rowspan=\"1\">\n<div class=\"ace-line ace-line old-record-id-XnqkfiKUKdkQF1cgmJbcxmACnQh\">7<\/div>\n<\/td>\n<td colspan=\"1\" rowspan=\"1\">\n<div class=\"ace-line ace-line old-record-id-U364fl6g5d2ZpFc8hMPcSI9onzd\">Ghiaccio di Ananas<\/div>\n<\/td>\n<td colspan=\"1\" rowspan=\"1\">\n<div class=\"ace-line ace-line old-record-id-QaPSfuFJtdC7WWcGJKqcnKppnIh\">Ananas fresco con una finitura fresca e ghiacciata per le giornate calde<\/div>\n<\/td>\n<\/tr>\n<tr>\n<td colspan=\"1\" rowspan=\"1\">\n<div class=\"ace-line ace-line old-record-id-X1VBfJIK4dVKiucOpGbc0rINnjd\">8<\/div>\n<\/td>\n<td colspan=\"1\" rowspan=\"1\">\n<div class=\"ace-line ace-line old-record-id-QBLNfIl1rdyNclc3K3aclHoZnWf\">Fizzy Ciliegia Bubblegum<\/div>\n<\/td>\n<td colspan=\"1\" rowspan=\"1\">\n<div class=\"ace-line ace-line old-record-id-TCGxfrz7SdHA8gclSt5cBLKOnhM\">Ciliegia frizzante abbinata a note dolci di bubblegum<\/div>\n<\/td>\n<\/tr>\n<tr>\n<td colspan=\"1\" rowspan=\"1\">\n<div class=\"ace-line ace-line old-record-id-SOLUfUUDPdnbGrc0EtYcn7Z4neg\">9<\/div>\n<\/td>\n<td colspan=\"1\" rowspan=\"1\">\n<div class=\"ace-line ace-line old-record-id-R6DGf5nFSdgRtJctL65cApsynQf\">Banana Ice<\/div>\n<\/td>\n<td colspan=\"1\" rowspan=\"1\">\n<div class=\"ace-line ace-line old-record-id-M2NnfPLymdweG6ccmpXc94qSn8d\">Banana cremosa mescolata con freschezza ghiacciata per un tiro morbido<\/div>\n<\/td>\n<\/tr>\n<tr>\n<td colspan=\"1\" rowspan=\"1\">\n<div class=\"ace-line ace-line old-record-id-F2w4f16jDdP72ucrI2vc04nXn9e\">10<\/div>\n<\/td>\n<td colspan=\"1\" rowspan=\"1\">\n<div class=\"ace-line ace-line old-record-id-AiRvfXjAsdEABDc4t1vchpUXnVg\">Mango Triplo<\/div>\n<\/td>\n<td colspan=\"1\" rowspan=\"1\">\n<div class=\"ace-line ace-line old-record-id-Z8OJfD9bZdHf0FcINLvcMJsLn4d\">Gusto ricco di mango maturo con note tropicali stratificate<\/div>\n<\/td>\n<\/tr>\n<\/tbody>\n<\/table>\n<\/div>\n<h4 class=\"heading-4 ace-line old-record-id-DhkffaiPndsZLPclVU7cGrOtnQf\">Gusti di Qualit\u00e0, Nessun Compromesso<\/h4>\n<div class=\"ace-line ace-line old-record-id-SCFxfbiDhdJJqbcV1wYcVHQ1nXf\">Ogni gusto \u00e8 testato per garantire coerenza e autenticit\u00e0, senza retrogusti aspri o tonalit\u00e0 artificiali. Che tu preferisca colpi audaci e fruttati o tiri lisci e ghiacciati, ogni gusto offre un'esperienza soddisfacente. \ud83c\udf49<\/div>\n<h2 class=\"heading-2 ace-line old-record-id-Do8JfzJCUd8XJ9cPDM8cD7smnGd\">Bobine a Doppia Maglia e Resistenza Regolabile: Prestazioni Lisce e Coerenti \ud83d\udd27<\/h2>\n<div class=\"ace-line ace-line old-record-id-S4uKfZV5jdS1Iwcf33scD0mDnPc\">Al centro del ATVS 45000 Puff ci sono bobine a doppia maglia, progettate per riscaldare l'e-liquid in modo uniforme ed efficiente. Questa tecnologia sblocca il pieno sapore di ogni miscela, eliminando colpi aspri e note bruciate, cos\u00ec ogni tiro risulta liscio e soddisfacente. \ud83d\udcaa<\/div>\n<h3 class=\"heading-3 ace-line old-record-id-MCEMfZon8dQ1Dbc6ExRcheVKnte\">Due Impostazioni di Resistenza per uno Svapo Personalizzato<\/h3>\n<div class=\"ace-line ace-line old-record-id-RXKMfzRA5dFucscnmQjcWrKinXS\">Il dispositivo offre due opzioni di resistenza\u20140.4\u03a9 e 0.8\u03a9\u2014per adattarsi al tuo stile di svapo unico. Scegli 0.4\u03a9 per un vapore pi\u00f9 denso e spesso che offre un colpo robusto. Opta per 0.8\u03a9 per un tiro pi\u00f9 mite e liscio, perfetto per l'uso quotidiano. \ud83d\udee0\ufe0f<\/div>\n<h4 class=\"heading-4 ace-line old-record-id-WtmZf3ObPdrJxYcXVXmcoGqYnah\">Bobine Durevoli per Affidabilit\u00e0 a Lungo Termine<\/h4>\n<div class=\"ace-line ace-line old-record-id-W6OVfjHxidCb52cXh8wcgReAnnf\">Le bobine a doppia maglia sono costruite per resistere alla durata di 45000 puff, riducendo al minimo i colpi secchi e garantendo prestazioni coerenti dal primo all'ultimo puff. Gestiscono l'uso frequente con facilit\u00e0, cos\u00ec non dovrai mai sacrificare il sapore o la qualit\u00e0 del vapore. \u26a1<\/div>\n<h2 class=\"heading-2 ace-line old-record-id-FfLafH5iOdDgkKcEkexcks1yncz\">45000 Puff e 35ml di E-Liquid: Divertimento Ininterrotto \u23f3<\/h2>\n<div class=\"ace-line ace-line old-record-id-Cj7Af35W2dpKdxc1RLCcyxIenkt\">Con 45000 puff e 35ml di e-liquid, questo dispositivo \u00e8 progettato per durare settimane\u2014anche con un uso quotidiano e frequente. La batteria 750mAh 751752 fornisce energia costante per abbinarsi a questa longevit\u00e0, quindi non dovrai sostituire costantemente il dispositivo. \ud83d\udcc8<\/div>\n<h3 class=\"heading-3 ace-line old-record-id-O1mIfRHcodxJ4YciFiAcMXKfnOh\">Potenza Bilanciata e E-Liquid per uno Svapo Ininterrotto<\/h3>\n<div class=\"ace-line ace-line old-record-id-GwBpf2djldWlPociNoXcdArunqj\">La batteria e l'e-liquid lavorano in perfetta armonia, assicurando che tu non rimanga mai senza liquido prima che la batteria si esaurisca. Questo equilibrio significa che puoi concentrarti sul goderti i tuoi gusti preferiti senza preoccuparti di interruzioni inaspettate. \ud83d\udeab\u23f8\ufe0f<\/div>\n<h2 class=\"heading-2 ace-line old-record-id-U0IGf863zdD1vkcgYh2cKSHlnib\">Design Compatto e Imballaggio Pratico \ud83d\udce6<\/h2>\n<div class=\"ace-line ace-line old-record-id-GTMVfGElkdIQlPc1pDGcSCF1nEd\">Il ATVS 45000 Puff presenta un design sottile e portatile che \u00e8 facile da trasportare. Misura 58*31*115.5mm\u2014abbastanza piccolo da poter essere infilato in tasca, borsa o palmo senza ingombrare, rendendolo ideale per l'uso in movimento. \ud83d\udcf1<\/div>\n<h3 class=\"heading-3 ace-line old-record-id-CInYfA3Ymdfmp7cHE53c66K1n8M\">Imballaggio Comodo per Tutti<\/h3>\n<div class=\"ace-line ace-line old-record-id-PFKBf4P1xdWIdlcRpE8c75atnPC\">Ogni dispositivo singolo viene fornito in un pacchetto interno compatto, mentre una scatola contiene 10 pezzi. Il pacchetto esterno misura 119*160.5*118.5mm e pesa 1050g in totale\u2014facile da riporre a casa o trasportare in blocco, sia per uso personale che per rivendita. \ud83d\udce6<\/div>\n<\/div>\n<\/div>\n<\/div>\n<\/div>\n<\/div>\n<\/div>\n<\/div>\n<\/div>\n<\/div>\n<\/div>\n<\/div>\n<\/div>\n<\/div>\n<\/div>\n<\/div>\n<\/div>\n<\/div>\n<\/div>\n<\/div>\n<\/div>\n<\/div>\n<\/div>\n<\/div>\n<\/div>\n<\/div>\n<\/div>\n<\/div>\n<\/div>\n<\/div>\n<\/div>\n<\/div>\n<\/div>\n<\/div>\n<\/div>\n<\/div>\n<\/div>\n<\/div>\n<\/div>\n<\/div>\n<\/div>\n<\/div>\n<\/div>\n<\/div>\n<\/div>\n<\/div>\n<\/div>\n<\/div>\n<\/div>\n<\/div>\n<\/div>\n<\/div>\n<\/div>\n<\/div>\n<\/div>\n<\/div>\n<\/div>\n<\/div>\n<\/div>\n<\/div>\n<\/div>\n<\/div>\n<\/div>\n<\/div>\n<\/div>\n<\/div>\n<\/div>\n<\/div>\n<\/div>\n<\/div>\n<\/div>\n<\/div>\n<\/div>\n<\/div>\n<\/div>\n<\/div>\n<\/div>\n<\/div>\n<\/div>\n<\/div>\n<\/div>\n<\/div>\n<\/div>\n<\/div>\n<\/div>\n<\/div>\n<\/div>\n<\/div>\n<\/div>\n<\/div>\n<\/div>\n<\/div>\n<\/div>\n<\/div>\n<\/div>\n<\/div>\n<\/div>\n<\/div>\n<\/div>\n<\/div>\n<\/div>","protected":false},"excerpt":{"rendered":"<div data-page-id=\"RAopf2sw9dtvw4cWYXpcTwo0n8g\" data-lark-html-role=\"root\" data-docx-has-block-data=\"false\">\n<div class=\"ace-line ace-line old-record-id-Uju9f3RXYd8dh2crAJbcBF3Un6M\">\n<div data-page-id=\"Dd8gfe2wRdT66jcgnqtcUwg5ndh\" data-lark-html-role=\"root\" data-docx-has-block-data=\"false\">\n<div class=\"ace-line ace-line old-record-id-FiRZf3qXpdK0RqcHt8wcxPTon8b\">ATVS 45000 Puff \u00e8 un vape usa e getta di lunga durata con 45000 puff, 35ml di e-liquid e bobine a doppia maglia. \u00c8 alimentato da una batteria 750mAh 751752, offre resistenza di 0.4\/0.8\u03a9 e 10 gusti premium, con una dimensione di 58<em>31<\/em>115.5mm e scatole da 10 pezzi che pesano 1050g.<\/div>\n<\/div>\n<\/div>\n<\/div>","protected":false},"featured_media":7376,"comment_status":"open","ping_status":"closed","template":"","meta":{"_acf_changed":false,"inline_featured_image":false,"_sitemap_exclude":false,"_sitemap_priority":"","_sitemap_frequency":""},"product_brand":[375],"product_cat":[374],"product_tag":[],"class_list":{"0":"post-7365","1":"product","2":"type-product","3":"status-publish","4":"has-post-thumbnail","6":"product_brand-atvs","7":"product_cat-atvs","9":"first","10":"instock","11":"sale","12":"shipping-taxable","13":"purchasable","14":"product-type-variable","15":"has-default-attributes"},"acf":[],"tiered_pricing_type":"fixed","tiered_pricing_fixed_rules":{"30":9,"60":8.49,"100":8.08,"200":7.77},"tiered_pricing_product_settings":{"layout":"default","base_unit_name":{"singular":null,"plural":null},"default_variation":null},"tiered_pricing_minimum_quantity":10,"tiered_pricing_roles_data":[],"tiered_pricing_percentage_rules":[],"tiered_pricing_maximum_quantity":null,"tiered_pricing_quantity_step":"10","_links":{"self":[{"href":"https:\/\/oiovape.com\/it\/wp-json\/wp\/v2\/product\/7365","targetHints":{"allow":["GET"]}}],"collection":[{"href":"https:\/\/oiovape.com\/it\/wp-json\/wp\/v2\/product"}],"about":[{"href":"https:\/\/oiovape.com\/it\/wp-json\/wp\/v2\/types\/product"}],"replies":[{"embeddable":true,"href":"https:\/\/oiovape.com\/it\/wp-json\/wp\/v2\/comments?post=7365"}],"version-history":[{"count":0,"href":"https:\/\/oiovape.com\/it\/wp-json\/wp\/v2\/product\/7365\/revisions"}],"wp:featuredmedia":[{"embeddable":true,"href":"https:\/\/oiovape.com\/it\/wp-json\/wp\/v2\/media\/7376"}],"wp:attachment":[{"href":"https:\/\/oiovape.com\/it\/wp-json\/wp\/v2\/media?parent=7365"}],"wp:term":[{"taxonomy":"product_brand","embeddable":true,"href":"https:\/\/oiovape.com\/it\/wp-json\/wp\/v2\/product_brand?post=7365"},{"taxonomy":"product_cat","embeddable":true,"href":"https:\/\/oiovape.com\/it\/wp-json\/wp\/v2\/product_cat?post=7365"},{"taxonomy":"product_tag","embeddable":true,"href":"https:\/\/oiovape.com\/it\/wp-json\/wp\/v2\/product_tag?post=7365"}],"curies":[{"name":"wp","href":"https:\/\/api.w.org\/{rel}","templated":true}]}}