{"id":7378,"date":"2026-03-03T11:21:18","date_gmt":"2026-03-03T03:21:18","guid":{"rendered":"https:\/\/oiovape.com\/?post_type=product&#038;p=7378"},"modified":"2026-03-04T17:38:19","modified_gmt":"2026-03-04T09:38:19","slug":"atvs-60000-puffs","status":"publish","type":"product","link":"https:\/\/oiovape.com\/it\/product\/atvs-60000-puffs\/","title":{"rendered":"ATVS 60000 PUFFS 36ML E-liquid di grande capacit\u00e0, sigaretta elettronica ricaricabile"},"content":{"rendered":"<div data-page-id=\"ZVeMfq8uxd7y1ycuKm5cym4LnYd\" data-lark-html-role=\"root\" data-docx-has-block-data=\"false\">\n<div data-page-id=\"Fd41fZ5N9dzRQtcRNoVc2FuDnCh\" data-lark-html-role=\"root\" data-docx-has-block-data=\"true\">\n<div data-page-id=\"BdIJfeeijdk1eucGpS8cDCBBn5c\" data-lark-html-role=\"root\" data-docx-has-block-data=\"false\">\n<div data-page-id=\"Zbg9fWx77dUuh2cIYpic25c8nyd\" data-lark-html-role=\"root\" data-docx-has-block-data=\"false\">\n<div data-page-id=\"KaIvfiurhdlCKdc0kyxcX64cnE6\" data-lark-html-role=\"root\" data-docx-has-block-data=\"true\">\n<div data-page-id=\"PbvFfqxqlddUTScRpEYcY5MHnpf\" data-lark-html-role=\"root\" data-docx-has-block-data=\"true\">\n<div data-page-id=\"GZO2f5JeudwY4jc9iJtcdk9Hnxh\" data-lark-html-role=\"root\" data-docx-has-block-data=\"false\">\n<div data-page-id=\"EZVRf2acFduXLGcseZFc4qH2n6e\" data-lark-html-role=\"root\" data-docx-has-block-data=\"false\">\n<div data-page-id=\"B8rHfcqlqdzmH5cCWCncz17Cntb\" data-lark-html-role=\"root\" data-docx-has-block-data=\"false\">\n<div data-page-id=\"B8rHfcqlqdzmH5cCWCncz17Cntb\" data-lark-html-role=\"root\" data-docx-has-block-data=\"false\">\n<div data-page-id=\"B8rHfcqlqdzmH5cCWCncz17Cntb\" data-lark-html-role=\"root\" data-docx-has-block-data=\"true\">\n<div data-page-id=\"HM70f1aoxdD0bMcxJZBcVc7ynZd\" data-lark-html-role=\"root\" data-docx-has-block-data=\"false\">\n<div data-page-id=\"NSrJfN7Ord22i0c1iwZcsF8yn8b\" data-lark-html-role=\"root\" data-docx-has-block-data=\"false\">\n<div data-page-id=\"RXEff4Mskds8o1cqL5HcGEtUnCh\" data-lark-html-role=\"root\" data-docx-has-block-data=\"false\">\n<div data-page-id=\"KJ7gfqkVndMSRJcMseScmvYwnTc\" data-lark-html-role=\"root\" data-docx-has-block-data=\"false\">\n<div class=\"ace-line ace-line old-record-id-QADAfETPudgmudc05YvcTO5fnxe\">\n<div data-page-id=\"KJ7gfqkVndMSRJcMseScmvYwnTc\" data-lark-html-role=\"root\" data-docx-has-block-data=\"false\">\n<div class=\"ace-line ace-line old-record-id-JoRkfpho8dOkiacEOascDyCOncb\">\n<div data-page-id=\"KJ7gfqkVndMSRJcMseScmvYwnTc\" data-lark-html-role=\"root\" data-docx-has-block-data=\"false\">\n<div data-page-id=\"Ju6ofQ3V4dGmePcVvJvc1gmcnZb\" data-lark-html-role=\"root\" data-docx-has-block-data=\"true\">\n<div data-page-id=\"PR9ife5PLdFabccbFgZcWgZOnTc\" data-lark-html-role=\"root\" data-docx-has-block-data=\"false\">\n<div data-page-id=\"INdrfOIGzdaenXcptrcc1BcznQc\" data-lark-html-role=\"root\" data-docx-has-block-data=\"false\">\n<div class=\"ace-line ace-line old-record-id-P0fIf4YaZdoGkbcxt5ackec2nnb\">\n<div data-page-id=\"INdrfOIGzdaenXcptrcc1BcznQc\" data-lark-html-role=\"root\" data-docx-has-block-data=\"false\">\n<div data-page-id=\"MAzCfUB73dMTQscm8eWcougVn1g\" data-lark-html-role=\"root\" data-docx-has-block-data=\"true\">\n<div data-page-id=\"AXfpf7H1odhDvGcKoUOcErN8nV7\" data-lark-html-role=\"root\" data-docx-has-block-data=\"false\">\n<div data-page-id=\"QYTKf5PvLdUNdbce2nBcW9yfnrh\" data-lark-html-role=\"root\" data-docx-has-block-data=\"false\">\n<div data-page-id=\"Pvu1f1CCBdxbjncA9pgcBTpanph\" data-lark-html-role=\"root\" data-docx-has-block-data=\"true\">\n<div data-page-id=\"Axf3fcmY8dDAhtcjVircBcphnPc\" data-lark-html-role=\"root\" data-docx-has-block-data=\"false\">\n<div data-page-id=\"KKj1f9SPmdLhhMc5E2AcNlLen6f\" data-lark-html-role=\"root\" data-docx-has-block-data=\"true\">\n<div data-page-id=\"Rx61fK1sJdXHjPcBuhZcweNhnwc\" data-lark-html-role=\"root\" data-docx-has-block-data=\"false\">\n<div data-page-id=\"L1H9fkG9Mdz45Fcy4WMc5VKXnRe\" data-lark-html-role=\"root\" data-docx-has-block-data=\"false\">\n<div data-page-id=\"L1H9fkG9Mdz45Fcy4WMc5VKXnRe\" data-lark-html-role=\"root\" data-docx-has-block-data=\"false\">\n<div data-page-id=\"D4XLfVBVrdE8mrcaYizczklLnaf\" data-lark-html-role=\"root\" data-docx-has-block-data=\"false\">\n<div data-page-id=\"WVcifIY44d5mhMcXtyEcTsfenGd\" data-lark-html-role=\"root\" data-docx-has-block-data=\"true\">\n<div data-page-id=\"LRknfa6Whd4DWCcUc0FcNKpJnyh\" data-lark-html-role=\"root\" data-docx-has-block-data=\"false\">\n<div data-page-id=\"LRknfa6Whd4DWCcUc0FcNKpJnyh\" data-lark-html-role=\"root\" data-docx-has-block-data=\"false\">\n<div data-page-id=\"XFRAfkcOEdRWh8cArQ2cJdyRnJf\" data-lark-html-role=\"root\" data-docx-has-block-data=\"true\">\n<div data-page-id=\"OQ3bfjnRddMTDGcC3ouc6xFKnWf\" data-lark-html-role=\"root\" data-docx-has-block-data=\"true\">\n<div data-page-id=\"J0iGfj1hEdjc4rcUdSmc4spMnmZ\" data-lark-html-role=\"root\" data-docx-has-block-data=\"false\">\n<div data-page-id=\"P1o7fFyNlduP8tcfZpQcagzbnIf\" data-lark-html-role=\"root\" data-docx-has-block-data=\"false\">\n<div class=\"ace-line ace-line old-record-id-P1o7fFyNlduP8tcfZpQcagzbnIf\">\n<div data-page-id=\"P1o7fFyNlduP8tcfZpQcagzbnIf\" data-lark-html-role=\"root\" data-docx-has-block-data=\"false\">\n<div data-page-id=\"U4iufW38SdttWKcTstMcTtHRnXc\" data-lark-html-role=\"root\" data-docx-has-block-data=\"true\">\n<div data-page-id=\"ONVMf7VTWddcFtcyATOchCJHnZb\" data-lark-html-role=\"root\" data-docx-has-block-data=\"true\">\n<div data-page-id=\"KoW2fSy0PdLHFlc5kSHcgvWMnYg\" data-lark-html-role=\"root\" data-docx-has-block-data=\"false\">\n<div data-page-id=\"KoW2fSy0PdLHFlc5kSHcgvWMnYg\" data-lark-html-role=\"root\" data-docx-has-block-data=\"false\">\n<div data-page-id=\"OLGhfzxC7d7EFIcLEj9cRT5ynZf\" data-lark-html-role=\"root\" data-docx-has-block-data=\"false\">\n<div data-page-id=\"DdnnfrLjzdqrFIc9Il9c7pA2noc\" data-lark-html-role=\"root\" data-docx-has-block-data=\"true\">\n<div data-page-id=\"KNzcf2o0oddkJOcztTVcqPdlnth\" data-lark-html-role=\"root\" data-docx-has-block-data=\"false\">\n<div data-page-id=\"LBU7fg5SEdkWhecGJoxca3xvnCe\" data-lark-html-role=\"root\" data-docx-has-block-data=\"false\">\n<div data-page-id=\"EB70fooS3d69bMcgWB7c5qb9n8g\" data-lark-html-role=\"root\" data-docx-has-block-data=\"false\">\n<div data-page-id=\"AogwfsZCadB6t0cAvF0cK4JLnvf\" data-lark-html-role=\"root\" data-docx-has-block-data=\"false\">\n<div data-page-id=\"AogwfsZCadB6t0cAvF0cK4JLnvf\" data-lark-html-role=\"root\" data-docx-has-block-data=\"false\">\n<div data-page-id=\"JMZIflNGddQuU0c5JZocSqlvnle\" data-lark-html-role=\"root\" data-docx-has-block-data=\"false\">\n<div data-page-id=\"JMZIflNGddQuU0c5JZocSqlvnle\" data-lark-html-role=\"root\" data-docx-has-block-data=\"true\">\n<div data-page-id=\"HtEafjjRIdPAlMc9zgYcsGy6nOe\" data-lark-html-role=\"root\" data-docx-has-block-data=\"false\">\n<div data-page-id=\"Rhnafz0WTdDeT9c43xxczsbVnJo\" data-lark-html-role=\"root\" data-docx-has-block-data=\"false\">\n<div data-page-id=\"WY0CfKdcTdf4hVcZl67ct5LGncf\" data-lark-html-role=\"root\" data-docx-has-block-data=\"true\">\n<div data-page-id=\"MkB5fF4AVdchovcoPEpc7LqvnOd\" data-lark-html-role=\"root\" data-docx-has-block-data=\"true\">\n<div data-page-id=\"MfbjfZhbhdJdA8cH1dAckqF0n6g\" data-lark-html-role=\"root\" data-docx-has-block-data=\"false\">\n<div class=\"ace-line ace-line old-record-id-W2AHfJLnjd7ugjcRLs1c8BdhnNh\">\n<div data-page-id=\"MfbjfZhbhdJdA8cH1dAckqF0n6g\" data-lark-html-role=\"root\" data-docx-has-block-data=\"false\">\n<div class=\"old-record-id-XXd1feeCZdR2hJc6evocxnh1nOg\">\n<div data-page-id=\"MfbjfZhbhdJdA8cH1dAckqF0n6g\" data-lark-html-role=\"root\" data-docx-has-block-data=\"false\">\n<div data-page-id=\"DE51fYUmxdT3ekcHzc3cGrVQnsc\" data-lark-html-role=\"root\" data-docx-has-block-data=\"false\">\n<div data-page-id=\"YSKdfaZ08dRej3ci5CccQBuOncc\" data-lark-html-role=\"root\" data-docx-has-block-data=\"true\">\n<div data-page-id=\"K6mofQmledamEFcgp1EcVobmnYd\" data-lark-html-role=\"root\" data-docx-has-block-data=\"false\">\n<div data-page-id=\"VTgsfVLdCd9q1ucYcwRcCM0Hnof\" data-lark-html-role=\"root\" data-docx-has-block-data=\"true\">\n<div data-page-id=\"WucKfzp8RdNy8rcMJHncz4Knnac\" data-lark-html-role=\"root\" data-docx-has-block-data=\"true\">\n<div data-page-id=\"IfZ9fDIBLd9b9hcJiqGcLw9Pnmh\" data-lark-html-role=\"root\" data-docx-has-block-data=\"false\">\n<div data-page-id=\"JeU6f3Yq5dbdEHcZDptc5ikcn5c\" data-lark-html-role=\"root\" data-docx-has-block-data=\"true\">\n<div data-page-id=\"E1YjfnB4Jdmtsfc2ZObcu04Un6c\" data-lark-html-role=\"root\" data-docx-has-block-data=\"false\">\n<div data-page-id=\"RQVEfdiOzdqTQKcRcnxcG0Y7nce\" data-lark-html-role=\"root\" data-docx-has-block-data=\"true\">\n<div data-page-id=\"NKc7fbZi9dnOXocdHcScVsXdnmh\" data-lark-html-role=\"root\" data-docx-has-block-data=\"false\">\n<div data-page-id=\"DaE3fgNEwdnbQVc62iqcBK4lnte\" data-lark-html-role=\"root\" data-docx-has-block-data=\"false\">\n<div data-page-id=\"DaE3fgNEwdnbQVc62iqcBK4lnte\" data-lark-html-role=\"root\" data-docx-has-block-data=\"false\">\n<div data-page-id=\"NqSRfcp5SdFQ6ucdStXcbvManpc\" data-lark-html-role=\"root\" data-docx-has-block-data=\"false\">\n<div data-page-id=\"KydBfoEuudJNYhcgRdAc3aeUn7c\" data-lark-html-role=\"root\" data-docx-has-block-data=\"true\">\n<div data-page-id=\"SIqXfR5ipd7jWpczA5RcYkWInfd\" data-lark-html-role=\"root\" data-docx-has-block-data=\"false\">\n<div data-page-id=\"Y06XfUzydd0aVicBtPKcZlS8nJf\" data-lark-html-role=\"root\" data-docx-has-block-data=\"true\">\n<div data-page-id=\"E2ZvfNrVNdEHKickexPcvdXVnrc\" data-lark-html-role=\"root\" data-docx-has-block-data=\"false\">\n<div data-page-id=\"DqGzfq5S4d9GdAcOQVIcIdPhn2c\" data-lark-html-role=\"root\" data-docx-has-block-data=\"false\">\n<div data-page-id=\"HsKcfE4WLdET7ScRm72cTZ96nPb\" data-lark-html-role=\"root\" data-docx-has-block-data=\"false\">\n<div data-page-id=\"MvWFfuF4Edx69KcRSmmcvS2LndG\" data-lark-html-role=\"root\" data-docx-has-block-data=\"true\">\n<div data-page-id=\"BSNMfUsMXd3XFscNxbDcufC2nEg\" data-lark-html-role=\"root\" data-docx-has-block-data=\"false\">\n<div data-page-id=\"Rr0Mfry1adQB66cMkYGcCmoWnKe\" data-lark-html-role=\"root\" data-docx-has-block-data=\"true\">\n<div data-page-id=\"A7fMfxJhydfxJUc6VX9cVvDKnpd\" data-lark-html-role=\"root\" data-docx-has-block-data=\"false\">\n<div data-page-id=\"A7fMfxJhydfxJUc6VX9cVvDKnpd\" data-lark-html-role=\"root\" data-docx-has-block-data=\"false\">\n<div data-page-id=\"WbzgfFBuTduiBjc6rORciNrNnlf\" data-lark-html-role=\"root\" data-docx-has-block-data=\"false\">\n<div data-page-id=\"R0Rzf8rQUdoB9hcxkiqc9kKHnk2\" data-lark-html-role=\"root\" data-docx-has-block-data=\"true\">\n<div data-page-id=\"ZwXFfRomCdt9G4cs33scepfHnoe\" data-lark-html-role=\"root\" data-docx-has-block-data=\"false\">\n<div data-page-id=\"UFFTffnWTdbuv3coRhBc3zxBnMf\" data-lark-html-role=\"root\" data-docx-has-block-data=\"true\">\n<div data-page-id=\"FV0FfDT4ZdfJZoc4SMccT5Rjndf\" data-lark-html-role=\"root\" data-docx-has-block-data=\"false\">\n<div data-page-id=\"QfqMfQ3H3dBjAycBmxFct9R0nOd\" data-lark-html-role=\"root\" data-docx-has-block-data=\"false\">\n<div data-page-id=\"DXwcf38JSdYoRnczvWycOLbJnKg\" data-lark-html-role=\"root\" data-docx-has-block-data=\"false\">\n<div data-page-id=\"ERF5fOYoJdJoKBcJe3dczeiRnhb\" data-lark-html-role=\"root\" data-docx-has-block-data=\"false\">\n<div data-page-id=\"Xz9kf6dXYdrSpeczDiscWevtn5g\" data-lark-html-role=\"root\" data-docx-has-block-data=\"false\">\n<div data-page-id=\"NXFofecridPG1Kco9gVcxXiEnGf\" data-lark-html-role=\"root\" data-docx-has-block-data=\"false\">\n<h2 class=\"ace-line ace-line old-record-id-NXFofecridPG1Kco9gVcxXiEnGf\">ATVS 60000 Puff \u2013 Introduzione al Prodotto<\/h2>\n<div class=\"ace-line ace-line old-record-id-GvRvfH3bbdoOPvcz5t3c6GlYnng\">ATVS 60000 Puff porta una nuova svolta al vaping usa e getta con le sue uniche combinazioni di sapori 4-in-1. Include sei set di sapori distinti, ognuno che fonde quattro gusti complementari, insieme a una affidabile coil a rete singola, una lunga durata di 60000 puff e un design compatto\u2014tutto progettato per i vapers che desiderano variet\u00e0 senza compromessi.<\/div>\n<div class=\"ace-line ace-line old-record-id-ROnPfgiprdcYywc8XmzcRmBtnwU\">Mantiene il focus sulla semplicit\u00e0 e sul divertimento, eliminando fronzoli inutili per offrire prestazioni costanti. Alimentato da una batteria 600mAh 18250, abbina 36ml di e-liquid con una resistenza di 1.0\u03a9, garantendo tiri morbidi e soddisfacenti dal primo puff all'ultimo.<br \/>\n<img decoding=\"async\" class=\"alignnone wp-image-7384 size-full\" title=\"ATVS 60k 4 in 1 Flavors vape\" src=\"https:\/\/oiovape.com\/wp-content\/uploads\/2026\/03\/ATVS-60k-4-in-1-Flavors-vape.png\" alt=\"ATVS 60k 4 in 1 Flavors vape\" width=\"1920\" height=\"819\" srcset=\"https:\/\/oiovape.com\/wp-content\/uploads\/2026\/03\/ATVS-60k-4-in-1-Flavors-vape.png 1920w, https:\/\/oiovape.com\/wp-content\/uploads\/2026\/03\/ATVS-60k-4-in-1-Flavors-vape-300x128.png 300w, https:\/\/oiovape.com\/wp-content\/uploads\/2026\/03\/ATVS-60k-4-in-1-Flavors-vape-1024x437.png 1024w, https:\/\/oiovape.com\/wp-content\/uploads\/2026\/03\/ATVS-60k-4-in-1-Flavors-vape-768x328.png 768w, https:\/\/oiovape.com\/wp-content\/uploads\/2026\/03\/ATVS-60k-4-in-1-Flavors-vape-1536x655.png 1536w, https:\/\/oiovape.com\/wp-content\/uploads\/2026\/03\/ATVS-60k-4-in-1-Flavors-vape-18x8.png 18w, https:\/\/oiovape.com\/wp-content\/uploads\/2026\/03\/ATVS-60k-4-in-1-Flavors-vape-1200x512.png 1200w, https:\/\/oiovape.com\/wp-content\/uploads\/2026\/03\/ATVS-60k-4-in-1-Flavors-vape-150x64.png 150w\" sizes=\"(max-width: 1920px) 100vw, 1920px\" \/><\/div>\n<h2 class=\"heading-2 ace-line old-record-id-F7m8fmcgydUwrOcl2QRcTGE1nAe\">Combinazioni di Sapori 4-in-1: 6 Miscele Uniche per una Variet\u00e0 Infinita<\/h2>\n<div class=\"ace-line ace-line old-record-id-BhvBfecuEd5NkRcefmWcUlhAnJh\">La caratteristica distintiva di ATVS 60000 Puff \u00e8 il suo design di sapore 4-in-1. Offre sei combinazioni accuratamente create, ognuna che fonde quattro gusti complementari per creare esperienze stratificate e piacevoli. Questo significa che un dispositivo ti offre la variet\u00e0 di pi\u00f9 vaporizzatori, senza bisogno di portare o cambiare tra diverse unit\u00e0.<\/div>\n<h3 class=\"heading-3 ace-line old-record-id-PVVYf2pXodKwNgcjFs0cofuQnXf\">Ogni Combinazione: Quattro Gusti Complementari<\/h3>\n<div class=\"ace-line ace-line old-record-id-C4XffFMrKdJQUZc2VLXcwuLHnhh\">\n<p>Ogni set di sapori bilancia note diverse per adattarsi a stati d'animo diversi. La combinazione di sapori A fonde il limone fresco, il ghiaccio di fragola rinfrescante, il ghiaccio di mirtillo aspro e l'anguria di fragola dolce\u2014quattro gusti complementari in un solo dispositivo.<\/p>\n<\/div>\n<div class=\"ace-line ace-line old-record-id-JQ1PfTbbwd6i2kc5TbIc4CpRnqf\">Combinazione di sapori A: Limone Menta &amp; Ghiaccio di Fragola &amp; Ghiaccio di Mirtillo &amp; Anguria di Fragola<br \/>\nCombinazione di sapori B: Ghiaccio di Mela &amp; Ghiaccio di Guava &amp; Ghiaccio di Mango &amp; Ghiaccio di Cantalupo<br \/>\nCombinazione di sapori C: Ghiaccio di Cola &amp; Ghiaccio d'Uva &amp; Ghiaccio di Pesca &amp; Ghiaccio di Anguria<br \/>\nCombinazione di sapori D: Fizzy Cola di Ciliegia &amp; Frutti di Bosco Misti &amp; Kiwi di Fragola &amp; Gomma da Masticare all'Anguria<br \/>\nCombinazione di sapori E: Ghiaccio di Banana &amp; Red Bull &amp; Frutta Mista &amp; Limone Lime<br \/>\nCombinazione di sapori F: Ghiaccio di Blue Razz &amp; Zucchero Arcobaleno &amp; Mango Ananas &amp; Ciliegia di Mirtillo e Lampone<br \/>\n<img decoding=\"async\" class=\"alignnone wp-image-7383 size-full\" title=\"ATVS 60k Elenco dei Sapori\" src=\"https:\/\/oiovape.com\/wp-content\/uploads\/2026\/03\/ATVS-60k-Flavors-List.png\" alt=\"ATVS 60k Elenco dei Sapori\" width=\"1920\" height=\"1285\" srcset=\"https:\/\/oiovape.com\/wp-content\/uploads\/2026\/03\/ATVS-60k-Flavors-List.png 1920w, https:\/\/oiovape.com\/wp-content\/uploads\/2026\/03\/ATVS-60k-Flavors-List-300x201.png 300w, https:\/\/oiovape.com\/wp-content\/uploads\/2026\/03\/ATVS-60k-Flavors-List-1024x685.png 1024w, https:\/\/oiovape.com\/wp-content\/uploads\/2026\/03\/ATVS-60k-Flavors-List-768x514.png 768w, https:\/\/oiovape.com\/wp-content\/uploads\/2026\/03\/ATVS-60k-Flavors-List-1536x1028.png 1536w, https:\/\/oiovape.com\/wp-content\/uploads\/2026\/03\/ATVS-60k-Flavors-List-18x12.png 18w, https:\/\/oiovape.com\/wp-content\/uploads\/2026\/03\/ATVS-60k-Flavors-List-1200x803.png 1200w, https:\/\/oiovape.com\/wp-content\/uploads\/2026\/03\/ATVS-60k-Flavors-List-150x100.png 150w\" sizes=\"(max-width: 1920px) 100vw, 1920px\" \/><\/div>\n<h4 class=\"heading-4 ace-line old-record-id-CMvHfY30ld7SsxcTSURc1J3Fn6b\">Sapori Bilanciati per Ogni Preferenza<\/h4>\n<div class=\"ace-line ace-line old-record-id-QntifY3oIddZYcc1bUeco3cSnzf\">Ogni miscela 4-in-1 \u00e8 progettata per garantire che nessun sapore sovrasti gli altri. Le combinazioni variano da ghiacciate e fresche a dolci e giocose, cos\u00ec puoi passare tra i set o rimanere fedele al tuo preferito, mantenendo il vaping interessante giorno dopo giorno.<\/div>\n<h2 class=\"heading-2 ace-line old-record-id-ROAXfHMMSdNQIdc2PtUckNDFnLd\">Coil a Rete Singola &amp; Prestazioni Stabili<\/h2>\n<div class=\"ace-line ace-line old-record-id-LK74fieS1d2HwicEN4bcqtihnAo\">ATVS 60000 Puff utilizza una coil a rete singola come sistema di riscaldamento principale. Questa coil riscalda l'e-liquid in modo uniforme ed efficiente, sbloccando il sapore autentico di ogni miscela 4-in-1. Evita colpi duri e note bruciate, offrendo un tiro morbido e costante ogni volta.<\/div>\n<h3 class=\"heading-3 ace-line old-record-id-EZh7f2zrsdFNeVchCsLcf9EYnEe\">Resistenza di 1.0\u03a9 per Tiri Morbidi<\/h3>\n<div class=\"ace-line ace-line old-record-id-KT6gfmHSFdePILcC1AgcrWIfnqb\">La resistenza fissa di 1.0\u03a9 \u00e8 progettata per un'esperienza di vaping bilanciata. Produce un tiro morbido e delicato che \u00e8 comodo per l'uso durante tutto il giorno, pur fornendo abbastanza vapore per evidenziare i sapori stratificati di ogni combinazione. \u00c8 perfetto per i vapers occasionali e per coloro che preferiscono un colpo pi\u00f9 rilassato.<\/div>\n<h4 class=\"heading-4 ace-line old-record-id-UKU6f8zf7dgwYhcGfBQcqQ8insh\">Coil Affidabile per Uso a Lungo Termine<\/h4>\n<div class=\"ace-line ace-line old-record-id-L83WfnYAndLAl1cvG7kctQ25nnf\">La coil a rete singola \u00e8 costruita per durare attraverso l'intera durata di 60000 puff. Minimizza i colpi secchi e mantiene prestazioni costanti, cos\u00ec puoi goderti lo stesso sapore morbido e la qualit\u00e0 del vapore dal tuo primo puff al tuo 60000esimo.<\/div>\n<h2 class=\"heading-2 ace-line old-record-id-GM0mffslddeLf9cPhKicCVjznlb\">60000 Puff a Lunga Durata &amp; 36ml di E-Liquid<\/h2>\n<div class=\"ace-line ace-line old-record-id-IwFRfUufCdm265cuf3jcqkQbnjc\">Con 60000 puff e 36ml di e-liquid, questo dispositivo \u00e8 progettato per durare settimane\u2014anche con un uso quotidiano e frequente. La batteria 600mAh 18250 fornisce energia costante per abbinarsi a questa longevit\u00e0, quindi non dovrai sostituire continuamente il dispositivo.<\/div>\n<h3 class=\"heading-3 ace-line old-record-id-EudrfIzK9dEJK9cdz4Bc0ZPXnbc\">Potenza Bilanciata &amp; E-Liquid per un Vaping Ininterrotto<\/h3>\n<div class=\"ace-line ace-line old-record-id-BpcQfu4RmdiRVucqtJgcEAG5nKh\">La batteria e l'e-liquid lavorano in armonia, assicurando che non rimani mai senza liquido prima che la batteria si esaurisca. Questo equilibrio significa che puoi concentrarti sul goderti le tue combinazioni 4-in-1 preferite senza preoccuparti di interruzioni inaspettate o frequenti cambi di dispositivo.<\/div>\n<h2 class=\"heading-2 ace-line old-record-id-Dj1gf7G3GdFoFqcCt7Ec98FSnec\">Design Compatto &amp; Imballaggio Pratico da 6 Pezzi<\/h2>\n<div class=\"ace-line ace-line old-record-id-HhlnfwMw9dBrphc0hdmcIA2Gn6a\">Il dispositivo presenta un design compatto e facile da trasportare. Misura 50*50*125mm\u2014abbastanza piccolo da infilarsi in tasca, borsa o palmo senza aggiungere ingombro, rendendolo perfetto per l'uso in movimento o per il trasporto quotidiano.<\/div>\n<h3 class=\"heading-3 ace-line old-record-id-QEPQfeLmxdpDHscnAXWcm3TbnoD\">Imballaggio Progettato per la Convenienza<\/h3>\n<div class=\"ace-line ace-line old-record-id-HDMJfDFHCd905BcfUwkclF6Un7f\">Ogni singolo dispositivo viene fornito in un imballaggio interno compatto, mentre una scatola contiene 6 pezzi. Il pacchetto esterno misura 115*130*102mm, rendendolo facile da riporre a casa o da trasportare in grandi quantit\u00e0\u2014ideale per uso personale o rivendita, con una dimensione pratica che salva spazio.<\/div>\n<h2 class=\"heading-2 ace-line old-record-id-Bby4fG4vpdE8Q3cVcPccvaQznzh\">Perch\u00e9 Scegliere ATVS 60000 Puff?<\/h2>\n<div class=\"ace-line ace-line old-record-id-HnSYfqtTFdMERzcrWCHcS27unpc\">Si distingue per le sue uniche combinazioni di sapori 4-in-1\u2014sei set, ognuno con quattro gusti complementari, che offrono pi\u00f9 variet\u00e0 rispetto ai vaporizzatori usa e getta standard. Abbina questa variet\u00e0 a prestazioni affidabili, una lunga durata e un design compatto, rendendolo una scelta versatile per tutti i vapers.<\/div>\n<div class=\"ace-line ace-line old-record-id-DFFWfBbdjde8Dpc9PpGccRxhn4f\">La sua coil a rete singola offre tiri morbidi e costanti, mentre la durata di 60000 puff e i 36ml di e-liquid significano sostituzioni meno frequenti. Che tu sia un vaper occasionale che ama la variet\u00e0 o qualcuno che valuta la comodit\u00e0 e la coerenza, ATVS 60000 Puff offre un'esperienza soddisfacente e senza complicazioni.<\/div>\n<\/div>\n<\/div>\n<\/div>\n<\/div>\n<\/div>\n<\/div>\n<\/div>\n<\/div>\n<\/div>\n<\/div>\n<\/div>\n<\/div>\n<\/div>\n<\/div>\n<\/div>\n<\/div>\n<\/div>\n<\/div>\n<\/div>\n<\/div>\n<\/div>\n<\/div>\n<\/div>\n<\/div>\n<\/div>\n<\/div>\n<\/div>\n<\/div>\n<\/div>\n<\/div>\n<\/div>\n<\/div>\n<\/div>\n<\/div>\n<\/div>\n<\/div>\n<\/div>\n<\/div>\n<\/div>\n<\/div>\n<\/div>\n<\/div>\n<\/div>\n<\/div>\n<\/div>\n<\/div>\n<\/div>\n<\/div>\n<\/div>\n<\/div>\n<\/div>\n<\/div>\n<\/div>\n<\/div>\n<\/div>\n<\/div>\n<\/div>\n<\/div>\n<\/div>\n<\/div>\n<\/div>\n<\/div>\n<\/div>\n<\/div>\n<\/div>\n<\/div>\n<\/div>\n<\/div>\n<\/div>\n<\/div>\n<\/div>\n<\/div>\n<\/div>\n<\/div>\n<\/div>\n<\/div>\n<\/div>\n<\/div>\n<\/div>\n<\/div>\n<\/div>\n<\/div>\n<\/div>\n<\/div>\n<\/div>\n<\/div>\n<\/div>\n<\/div>\n<\/div>\n<\/div>\n<\/div>\n<\/div>\n<\/div>\n<\/div>\n<\/div>\n<\/div>\n<\/div>\n<\/div>\n<\/div>","protected":false},"excerpt":{"rendered":"<div data-page-id=\"RAopf2sw9dtvw4cWYXpcTwo0n8g\" data-lark-html-role=\"root\" data-docx-has-block-data=\"false\">\n<div class=\"ace-line ace-line old-record-id-Uju9f3RXYd8dh2crAJbcBF3Un6M\">\n<div data-page-id=\"Dd8gfe2wRdT66jcgnqtcUwg5ndh\" data-lark-html-role=\"root\" data-docx-has-block-data=\"false\">\n<div class=\"ace-line ace-line old-record-id-FiRZf3qXpdK0RqcHt8wcxPTon8b\">ATVS 60000 Puff presenta combinazioni di sapori 4-in-1 con 6 set, una singola coil a rete, 60000 puff e 36ml di e-liquid. Ha una batteria 600mAh 18250, resistenza di 1.0\u03a9, 50<em>50<\/em>125mm size and 6-piece boxes with 115*130*102mm outer package.<\/div>\n<\/div>\n<\/div>\n<\/div>","protected":false},"featured_media":7391,"comment_status":"open","ping_status":"closed","template":"","meta":{"_acf_changed":false,"inline_featured_image":false,"_sitemap_exclude":false,"_sitemap_priority":"","_sitemap_frequency":""},"product_brand":[375],"product_cat":[374,239,242],"product_tag":[],"class_list":{"0":"post-7378","1":"product","2":"type-product","3":"status-publish","4":"has-post-thumbnail","6":"product_brand-atvs","7":"product_cat-atvs","8":"product_cat-disposable-vape-collection","9":"product_cat-60k-puff","11":"first","12":"instock","13":"sale","14":"shipping-taxable","15":"purchasable","16":"product-type-variable","17":"has-default-attributes"},"acf":[],"tiered_pricing_type":"fixed","tiered_pricing_fixed_rules":{"30":11.65,"60":11.14,"100":10.98,"200":10.29},"tiered_pricing_product_settings":{"layout":"default","base_unit_name":{"singular":null,"plural":null},"default_variation":null},"tiered_pricing_minimum_quantity":20,"tiered_pricing_roles_data":[],"tiered_pricing_percentage_rules":[],"tiered_pricing_maximum_quantity":null,"tiered_pricing_quantity_step":"10","_links":{"self":[{"href":"https:\/\/oiovape.com\/it\/wp-json\/wp\/v2\/product\/7378","targetHints":{"allow":["GET"]}}],"collection":[{"href":"https:\/\/oiovape.com\/it\/wp-json\/wp\/v2\/product"}],"about":[{"href":"https:\/\/oiovape.com\/it\/wp-json\/wp\/v2\/types\/product"}],"replies":[{"embeddable":true,"href":"https:\/\/oiovape.com\/it\/wp-json\/wp\/v2\/comments?post=7378"}],"version-history":[{"count":0,"href":"https:\/\/oiovape.com\/it\/wp-json\/wp\/v2\/product\/7378\/revisions"}],"wp:featuredmedia":[{"embeddable":true,"href":"https:\/\/oiovape.com\/it\/wp-json\/wp\/v2\/media\/7391"}],"wp:attachment":[{"href":"https:\/\/oiovape.com\/it\/wp-json\/wp\/v2\/media?parent=7378"}],"wp:term":[{"taxonomy":"product_brand","embeddable":true,"href":"https:\/\/oiovape.com\/it\/wp-json\/wp\/v2\/product_brand?post=7378"},{"taxonomy":"product_cat","embeddable":true,"href":"https:\/\/oiovape.com\/it\/wp-json\/wp\/v2\/product_cat?post=7378"},{"taxonomy":"product_tag","embeddable":true,"href":"https:\/\/oiovape.com\/it\/wp-json\/wp\/v2\/product_tag?post=7378"}],"curies":[{"name":"wp","href":"https:\/\/api.w.org\/{rel}","templated":true}]}}