{"id":7395,"date":"2026-03-04T09:11:29","date_gmt":"2026-03-04T01:11:29","guid":{"rendered":"https:\/\/oiovape.com\/?post_type=product&#038;p=7395"},"modified":"2026-03-04T17:42:51","modified_gmt":"2026-03-04T09:42:51","slug":"atvs-120000-puffs","status":"publish","type":"product","link":"https:\/\/oiovape.com\/it\/product\/atvs-120000-puffs\/","title":{"rendered":"ATVS 120000 PUFFS Penna Vape Monouso Ricaricabile Intelligente con Bobina a Doppia Maglia"},"content":{"rendered":"<div data-page-id=\"ZVeMfq8uxd7y1ycuKm5cym4LnYd\" data-lark-html-role=\"root\" data-docx-has-block-data=\"false\">\n<div data-page-id=\"Fd41fZ5N9dzRQtcRNoVc2FuDnCh\" data-lark-html-role=\"root\" data-docx-has-block-data=\"true\">\n<div data-page-id=\"BdIJfeeijdk1eucGpS8cDCBBn5c\" data-lark-html-role=\"root\" data-docx-has-block-data=\"false\">\n<div data-page-id=\"Zbg9fWx77dUuh2cIYpic25c8nyd\" data-lark-html-role=\"root\" data-docx-has-block-data=\"false\">\n<div data-page-id=\"KaIvfiurhdlCKdc0kyxcX64cnE6\" data-lark-html-role=\"root\" data-docx-has-block-data=\"true\">\n<div data-page-id=\"PbvFfqxqlddUTScRpEYcY5MHnpf\" data-lark-html-role=\"root\" data-docx-has-block-data=\"true\">\n<div data-page-id=\"GZO2f5JeudwY4jc9iJtcdk9Hnxh\" data-lark-html-role=\"root\" data-docx-has-block-data=\"false\">\n<div data-page-id=\"EZVRf2acFduXLGcseZFc4qH2n6e\" data-lark-html-role=\"root\" data-docx-has-block-data=\"false\">\n<div data-page-id=\"B8rHfcqlqdzmH5cCWCncz17Cntb\" data-lark-html-role=\"root\" data-docx-has-block-data=\"false\">\n<div data-page-id=\"B8rHfcqlqdzmH5cCWCncz17Cntb\" data-lark-html-role=\"root\" data-docx-has-block-data=\"false\">\n<div data-page-id=\"B8rHfcqlqdzmH5cCWCncz17Cntb\" data-lark-html-role=\"root\" data-docx-has-block-data=\"true\">\n<div data-page-id=\"HM70f1aoxdD0bMcxJZBcVc7ynZd\" data-lark-html-role=\"root\" data-docx-has-block-data=\"false\">\n<div data-page-id=\"NSrJfN7Ord22i0c1iwZcsF8yn8b\" data-lark-html-role=\"root\" data-docx-has-block-data=\"false\">\n<div data-page-id=\"RXEff4Mskds8o1cqL5HcGEtUnCh\" data-lark-html-role=\"root\" data-docx-has-block-data=\"false\">\n<div data-page-id=\"KJ7gfqkVndMSRJcMseScmvYwnTc\" data-lark-html-role=\"root\" data-docx-has-block-data=\"false\">\n<div class=\"ace-line ace-line old-record-id-QADAfETPudgmudc05YvcTO5fnxe\">\n<div data-page-id=\"KJ7gfqkVndMSRJcMseScmvYwnTc\" data-lark-html-role=\"root\" data-docx-has-block-data=\"false\">\n<div class=\"ace-line ace-line old-record-id-JoRkfpho8dOkiacEOascDyCOncb\">\n<div data-page-id=\"KJ7gfqkVndMSRJcMseScmvYwnTc\" data-lark-html-role=\"root\" data-docx-has-block-data=\"false\">\n<div data-page-id=\"Ju6ofQ3V4dGmePcVvJvc1gmcnZb\" data-lark-html-role=\"root\" data-docx-has-block-data=\"true\">\n<div data-page-id=\"PR9ife5PLdFabccbFgZcWgZOnTc\" data-lark-html-role=\"root\" data-docx-has-block-data=\"false\">\n<div data-page-id=\"INdrfOIGzdaenXcptrcc1BcznQc\" data-lark-html-role=\"root\" data-docx-has-block-data=\"false\">\n<div class=\"ace-line ace-line old-record-id-P0fIf4YaZdoGkbcxt5ackec2nnb\">\n<div data-page-id=\"INdrfOIGzdaenXcptrcc1BcznQc\" data-lark-html-role=\"root\" data-docx-has-block-data=\"false\">\n<div data-page-id=\"MAzCfUB73dMTQscm8eWcougVn1g\" data-lark-html-role=\"root\" data-docx-has-block-data=\"true\">\n<div data-page-id=\"AXfpf7H1odhDvGcKoUOcErN8nV7\" data-lark-html-role=\"root\" data-docx-has-block-data=\"false\">\n<div data-page-id=\"QYTKf5PvLdUNdbce2nBcW9yfnrh\" data-lark-html-role=\"root\" data-docx-has-block-data=\"false\">\n<div data-page-id=\"Pvu1f1CCBdxbjncA9pgcBTpanph\" data-lark-html-role=\"root\" data-docx-has-block-data=\"true\">\n<div data-page-id=\"Axf3fcmY8dDAhtcjVircBcphnPc\" data-lark-html-role=\"root\" data-docx-has-block-data=\"false\">\n<div data-page-id=\"KKj1f9SPmdLhhMc5E2AcNlLen6f\" data-lark-html-role=\"root\" data-docx-has-block-data=\"true\">\n<div data-page-id=\"Rx61fK1sJdXHjPcBuhZcweNhnwc\" data-lark-html-role=\"root\" data-docx-has-block-data=\"false\">\n<div data-page-id=\"L1H9fkG9Mdz45Fcy4WMc5VKXnRe\" data-lark-html-role=\"root\" data-docx-has-block-data=\"false\">\n<div data-page-id=\"L1H9fkG9Mdz45Fcy4WMc5VKXnRe\" data-lark-html-role=\"root\" data-docx-has-block-data=\"false\">\n<div data-page-id=\"D4XLfVBVrdE8mrcaYizczklLnaf\" data-lark-html-role=\"root\" data-docx-has-block-data=\"false\">\n<div data-page-id=\"WVcifIY44d5mhMcXtyEcTsfenGd\" data-lark-html-role=\"root\" data-docx-has-block-data=\"true\">\n<div data-page-id=\"LRknfa6Whd4DWCcUc0FcNKpJnyh\" data-lark-html-role=\"root\" data-docx-has-block-data=\"false\">\n<div data-page-id=\"LRknfa6Whd4DWCcUc0FcNKpJnyh\" data-lark-html-role=\"root\" data-docx-has-block-data=\"false\">\n<div data-page-id=\"XFRAfkcOEdRWh8cArQ2cJdyRnJf\" data-lark-html-role=\"root\" data-docx-has-block-data=\"true\">\n<div data-page-id=\"OQ3bfjnRddMTDGcC3ouc6xFKnWf\" data-lark-html-role=\"root\" data-docx-has-block-data=\"true\">\n<div data-page-id=\"J0iGfj1hEdjc4rcUdSmc4spMnmZ\" data-lark-html-role=\"root\" data-docx-has-block-data=\"false\">\n<div data-page-id=\"P1o7fFyNlduP8tcfZpQcagzbnIf\" data-lark-html-role=\"root\" data-docx-has-block-data=\"false\">\n<div class=\"ace-line ace-line old-record-id-P1o7fFyNlduP8tcfZpQcagzbnIf\">\n<div data-page-id=\"P1o7fFyNlduP8tcfZpQcagzbnIf\" data-lark-html-role=\"root\" data-docx-has-block-data=\"false\">\n<div data-page-id=\"U4iufW38SdttWKcTstMcTtHRnXc\" data-lark-html-role=\"root\" data-docx-has-block-data=\"true\">\n<div data-page-id=\"ONVMf7VTWddcFtcyATOchCJHnZb\" data-lark-html-role=\"root\" data-docx-has-block-data=\"true\">\n<div data-page-id=\"KoW2fSy0PdLHFlc5kSHcgvWMnYg\" data-lark-html-role=\"root\" data-docx-has-block-data=\"false\">\n<div data-page-id=\"KoW2fSy0PdLHFlc5kSHcgvWMnYg\" data-lark-html-role=\"root\" data-docx-has-block-data=\"false\">\n<div data-page-id=\"OLGhfzxC7d7EFIcLEj9cRT5ynZf\" data-lark-html-role=\"root\" data-docx-has-block-data=\"false\">\n<div data-page-id=\"DdnnfrLjzdqrFIc9Il9c7pA2noc\" data-lark-html-role=\"root\" data-docx-has-block-data=\"true\">\n<div data-page-id=\"KNzcf2o0oddkJOcztTVcqPdlnth\" data-lark-html-role=\"root\" data-docx-has-block-data=\"false\">\n<div data-page-id=\"LBU7fg5SEdkWhecGJoxca3xvnCe\" data-lark-html-role=\"root\" data-docx-has-block-data=\"false\">\n<div data-page-id=\"EB70fooS3d69bMcgWB7c5qb9n8g\" data-lark-html-role=\"root\" data-docx-has-block-data=\"false\">\n<div data-page-id=\"AogwfsZCadB6t0cAvF0cK4JLnvf\" data-lark-html-role=\"root\" data-docx-has-block-data=\"false\">\n<div data-page-id=\"AogwfsZCadB6t0cAvF0cK4JLnvf\" data-lark-html-role=\"root\" data-docx-has-block-data=\"false\">\n<div data-page-id=\"JMZIflNGddQuU0c5JZocSqlvnle\" data-lark-html-role=\"root\" data-docx-has-block-data=\"false\">\n<div data-page-id=\"JMZIflNGddQuU0c5JZocSqlvnle\" data-lark-html-role=\"root\" data-docx-has-block-data=\"true\">\n<div data-page-id=\"HtEafjjRIdPAlMc9zgYcsGy6nOe\" data-lark-html-role=\"root\" data-docx-has-block-data=\"false\">\n<div data-page-id=\"Rhnafz0WTdDeT9c43xxczsbVnJo\" data-lark-html-role=\"root\" data-docx-has-block-data=\"false\">\n<div data-page-id=\"WY0CfKdcTdf4hVcZl67ct5LGncf\" data-lark-html-role=\"root\" data-docx-has-block-data=\"true\">\n<div data-page-id=\"MkB5fF4AVdchovcoPEpc7LqvnOd\" data-lark-html-role=\"root\" data-docx-has-block-data=\"true\">\n<div data-page-id=\"MfbjfZhbhdJdA8cH1dAckqF0n6g\" data-lark-html-role=\"root\" data-docx-has-block-data=\"false\">\n<div class=\"ace-line ace-line old-record-id-W2AHfJLnjd7ugjcRLs1c8BdhnNh\">\n<div data-page-id=\"MfbjfZhbhdJdA8cH1dAckqF0n6g\" data-lark-html-role=\"root\" data-docx-has-block-data=\"false\">\n<div class=\"old-record-id-XXd1feeCZdR2hJc6evocxnh1nOg\">\n<div data-page-id=\"MfbjfZhbhdJdA8cH1dAckqF0n6g\" data-lark-html-role=\"root\" data-docx-has-block-data=\"false\">\n<div data-page-id=\"DE51fYUmxdT3ekcHzc3cGrVQnsc\" data-lark-html-role=\"root\" data-docx-has-block-data=\"false\">\n<div data-page-id=\"YSKdfaZ08dRej3ci5CccQBuOncc\" data-lark-html-role=\"root\" data-docx-has-block-data=\"true\">\n<div data-page-id=\"K6mofQmledamEFcgp1EcVobmnYd\" data-lark-html-role=\"root\" data-docx-has-block-data=\"false\">\n<div data-page-id=\"VTgsfVLdCd9q1ucYcwRcCM0Hnof\" data-lark-html-role=\"root\" data-docx-has-block-data=\"true\">\n<div data-page-id=\"WucKfzp8RdNy8rcMJHncz4Knnac\" data-lark-html-role=\"root\" data-docx-has-block-data=\"true\">\n<div data-page-id=\"IfZ9fDIBLd9b9hcJiqGcLw9Pnmh\" data-lark-html-role=\"root\" data-docx-has-block-data=\"false\">\n<div data-page-id=\"JeU6f3Yq5dbdEHcZDptc5ikcn5c\" data-lark-html-role=\"root\" data-docx-has-block-data=\"true\">\n<div data-page-id=\"E1YjfnB4Jdmtsfc2ZObcu04Un6c\" data-lark-html-role=\"root\" data-docx-has-block-data=\"false\">\n<div data-page-id=\"RQVEfdiOzdqTQKcRcnxcG0Y7nce\" data-lark-html-role=\"root\" data-docx-has-block-data=\"true\">\n<div data-page-id=\"NKc7fbZi9dnOXocdHcScVsXdnmh\" data-lark-html-role=\"root\" data-docx-has-block-data=\"false\">\n<div data-page-id=\"DaE3fgNEwdnbQVc62iqcBK4lnte\" data-lark-html-role=\"root\" data-docx-has-block-data=\"false\">\n<div data-page-id=\"DaE3fgNEwdnbQVc62iqcBK4lnte\" data-lark-html-role=\"root\" data-docx-has-block-data=\"false\">\n<div data-page-id=\"NqSRfcp5SdFQ6ucdStXcbvManpc\" data-lark-html-role=\"root\" data-docx-has-block-data=\"false\">\n<div data-page-id=\"KydBfoEuudJNYhcgRdAc3aeUn7c\" data-lark-html-role=\"root\" data-docx-has-block-data=\"true\">\n<div data-page-id=\"SIqXfR5ipd7jWpczA5RcYkWInfd\" data-lark-html-role=\"root\" data-docx-has-block-data=\"false\">\n<div data-page-id=\"Y06XfUzydd0aVicBtPKcZlS8nJf\" data-lark-html-role=\"root\" data-docx-has-block-data=\"true\">\n<div data-page-id=\"E2ZvfNrVNdEHKickexPcvdXVnrc\" data-lark-html-role=\"root\" data-docx-has-block-data=\"false\">\n<div data-page-id=\"DqGzfq5S4d9GdAcOQVIcIdPhn2c\" data-lark-html-role=\"root\" data-docx-has-block-data=\"false\">\n<div data-page-id=\"HsKcfE4WLdET7ScRm72cTZ96nPb\" data-lark-html-role=\"root\" data-docx-has-block-data=\"false\">\n<div data-page-id=\"MvWFfuF4Edx69KcRSmmcvS2LndG\" data-lark-html-role=\"root\" data-docx-has-block-data=\"true\">\n<div data-page-id=\"BSNMfUsMXd3XFscNxbDcufC2nEg\" data-lark-html-role=\"root\" data-docx-has-block-data=\"false\">\n<div data-page-id=\"Rr0Mfry1adQB66cMkYGcCmoWnKe\" data-lark-html-role=\"root\" data-docx-has-block-data=\"true\">\n<div data-page-id=\"A7fMfxJhydfxJUc6VX9cVvDKnpd\" data-lark-html-role=\"root\" data-docx-has-block-data=\"false\">\n<div data-page-id=\"A7fMfxJhydfxJUc6VX9cVvDKnpd\" data-lark-html-role=\"root\" data-docx-has-block-data=\"false\">\n<div data-page-id=\"WbzgfFBuTduiBjc6rORciNrNnlf\" data-lark-html-role=\"root\" data-docx-has-block-data=\"false\">\n<div data-page-id=\"R0Rzf8rQUdoB9hcxkiqc9kKHnk2\" data-lark-html-role=\"root\" data-docx-has-block-data=\"true\">\n<div data-page-id=\"ZwXFfRomCdt9G4cs33scepfHnoe\" data-lark-html-role=\"root\" data-docx-has-block-data=\"false\">\n<div data-page-id=\"UFFTffnWTdbuv3coRhBc3zxBnMf\" data-lark-html-role=\"root\" data-docx-has-block-data=\"true\">\n<div data-page-id=\"FV0FfDT4ZdfJZoc4SMccT5Rjndf\" data-lark-html-role=\"root\" data-docx-has-block-data=\"false\">\n<div data-page-id=\"QfqMfQ3H3dBjAycBmxFct9R0nOd\" data-lark-html-role=\"root\" data-docx-has-block-data=\"false\">\n<div data-page-id=\"DXwcf38JSdYoRnczvWycOLbJnKg\" data-lark-html-role=\"root\" data-docx-has-block-data=\"false\">\n<div data-page-id=\"ERF5fOYoJdJoKBcJe3dczeiRnhb\" data-lark-html-role=\"root\" data-docx-has-block-data=\"false\">\n<div data-page-id=\"Xz9kf6dXYdrSpeczDiscWevtn5g\" data-lark-html-role=\"root\" data-docx-has-block-data=\"false\">\n<div data-page-id=\"NXFofecridPG1Kco9gVcxXiEnGf\" data-lark-html-role=\"root\" data-docx-has-block-data=\"false\">\n<div data-page-id=\"EFevfzjvkdlSPEcTWBIc7eVvnog\" data-lark-html-role=\"root\" data-docx-has-block-data=\"false\">\n<h2 class=\"ace-line ace-line old-record-id-EFevfzjvkdlSPEcTWBIc7eVvnog\">ATVS 120000 Puff ridefinisce il vaping usa e getta a lunga durata con un'incredibile vita utile di 120000 puff. Combina una potente batteria 18650 da 2500mAh, una singola coil dual mesh e 50ml di e-liquid, il tutto racchiuso in un design compatto\u2014pi\u00f9 10 gusti freschi e autentici per rendere ogni tiro piacevole. \u00c8 progettato per i vapers che odiano cambiare frequentemente dispositivo.<\/h2>\n<div class=\"ace-line ace-line old-record-id-M3sdfRsqRdfLHNcEULAcrEpNnOg\">Niente trucchi appariscenti, nessuna impostazione complicata\u2014solo prestazioni affidabili e sapore costante. Che tu sia un vaper accanito o qualcuno che apprezza la comodit\u00e0, questo dispositivo offre ci\u00f2 che conta di pi\u00f9: un piacere ininterrotto, giorno dopo giorno.<\/div>\n<div class=\"ace-line ace-line old-record-id-W0Lsfxdchda3iLcP8qncZvGknZd\">120000 Puff &amp; Prestazioni Fondamentali: Costruito per Durare.<\/div>\n<h2 class=\"heading-2 ace-line old-record-id-NlSOf9PKDdedBccKY9Tc57uAnQe\">La caratteristica distintiva di ATVS 120000 Puff \u00e8 la sua vita utile di 120000 puff\u2014molto pi\u00f9 lunga rispetto alla maggior parte dei vape usa e getta sul mercato. Ci\u00f2 significa che puoi usarlo per mesi, anche con un uso quotidiano e frequente, senza il fastidio di dover sostituire i dispositivi ogni settimana.<\/h2>\n<div class=\"ace-line ace-line old-record-id-LwRKfzevzdYap1cQUAZcEdUBnWe\">Batteria &amp; E-Liquid: Resistenza Incomparabile.<\/div>\n<h3 class=\"heading-3 ace-line old-record-id-SUqBfxepidgrEqcctDyccgDSn4d\">Alimentato da una batteria 18650 da 2500mAh, fornisce energia costante per supportare la massiccia vita utile di 120000 puff. La capacit\u00e0 di 50ml di e-liquid si abbina perfettamente a questa resistenza, quindi non rimarrai senza liquido prima che la batteria si esaurisca. \u00c8 un vero dispositivo \u201cmettilo e dimenticalo\u201d per il vaping quotidiano.<\/h3>\n<div class=\"ace-line ace-line old-record-id-M7VsflM1SdT6kvcz1gPcs9DMnkb\">Singola Coil Dual Mesh &amp; Resistenza di 0.2\u03a9.<\/div>\n<h4 class=\"heading-4 ace-line old-record-id-MFbWf2Yy4daOKQcCvF3cVPuonib\">Utilizza una singola coil dual mesh come sistema di riscaldamento principale, che riscalda l'e-liquid in modo uniforme ed efficiente. La resistenza fissa di 0.2\u03a9 produce vapore spesso e denso e sblocca il pieno sapore di ogni miscela, evitando colpi duri o note bruciate. \u00c8 progettato per i vapers che amano un tiro robusto e soddisfacente.<\/h4>\n<div class=\"ace-line ace-line old-record-id-GmtpfYLJpdNhcXcOSTOcskA4njc\">10 Gusti Freschi: Semplice, Autentico &amp; Piacevole.<\/div>\n<h2 class=\"heading-2 ace-line old-record-id-VrlUfFYQfd9sUOcDagWc07sEn0d\">ATVS 120000 Puff offre 10 gusti accuratamente realizzati, tutti progettati per avere un sapore naturale e rinfrescante. Niente retrogusti artificiali, niente note predominanti\u2014solo puro, piacevole sapore che rimane costante dal primo puff al 120000esimo.<\/h2>\n<div class=\"ace-line ace-line old-record-id-KBFzfSqVwdohxKc6JeVckNnBnyh\">Punti Salienti dei Gusti per Ogni Preferenza.<\/div>\n<h3 class=\"heading-3 ace-line old-record-id-EJwufuyMwdhHD0cNHqGchCp9nci\">1. Menta al Limone<\/h3>\n<div class=\"ace-line ace-line old-record-id-V0TwfmclsdR1Mkcfkp7cCTUnnFh\">2. Mele Doppie<br \/>\n3. Ghiaccio Lussureggiante<br \/>\n4. Ghiaccio ai Mirtilli<br \/>\n5. Ghiaccio alla Pesca<br \/>\n6. Limonata al Blue Razz<br \/>\n7. Ghiaccio ai Mora<br \/>\n8. Ghiaccio all'Uva<br \/>\n9. Ghiaccio al Mango<br \/>\n10. Ghiaccio alla Ciliegia<br \/>\nSapore Costante, Nessun Compromesso<\/div>\n<h4 class=\"heading-4 ace-line old-record-id-TCvafvnlSdvGF5cKrsLcfpVVnoe\">La singola coil dual mesh garantisce che ogni sapore sia fedele al suo nome, senza diluizione o asprezza. Che tu rimanga su un gusto preferito o cambi tra i gusti, avrai sempre la stessa esperienza liscia e soddisfacente ogni volta.<\/h4>\n<div class=\"ace-line ace-line old-record-id-MqY7fgPkRdjG4UcLox4ctiA3nqf\">Domande &amp; Risposte: Tutto Ci\u00f2 che Devi Sapere su ATVS 120000 Puff.<br \/>\n<img decoding=\"async\" class=\"alignnone wp-image-7405 size-full\" title=\"ATVS 120k Flavors List\" src=\"https:\/\/oiovape.com\/wp-content\/uploads\/2026\/03\/ATVS-120k-Flavors-List.jpg\" alt=\"ATVS 120k Flavors List\" width=\"1200\" height=\"1827\" srcset=\"https:\/\/oiovape.com\/wp-content\/uploads\/2026\/03\/ATVS-120k-Flavors-List.jpg 1200w, https:\/\/oiovape.com\/wp-content\/uploads\/2026\/03\/ATVS-120k-Flavors-List-197x300.jpg 197w, https:\/\/oiovape.com\/wp-content\/uploads\/2026\/03\/ATVS-120k-Flavors-List-673x1024.jpg 673w, https:\/\/oiovape.com\/wp-content\/uploads\/2026\/03\/ATVS-120k-Flavors-List-768x1169.jpg 768w, https:\/\/oiovape.com\/wp-content\/uploads\/2026\/03\/ATVS-120k-Flavors-List-1009x1536.jpg 1009w, https:\/\/oiovape.com\/wp-content\/uploads\/2026\/03\/ATVS-120k-Flavors-List-8x12.jpg 8w, https:\/\/oiovape.com\/wp-content\/uploads\/2026\/03\/ATVS-120k-Flavors-List-150x228.jpg 150w\" sizes=\"(max-width: 1200px) 100vw, 1200px\" \/><\/div>\n<h2 class=\"heading-2 ace-line old-record-id-YYdJfGbnsd9yY6ck8WJc7QBnnvf\">Abbiamo risposto alle domande pi\u00f9 comuni per aiutarti a ottenere il massimo dal tuo ATVS 120000 Puff. Queste informazioni pratiche coprono prestazioni, utilizzo e imballaggio, cos\u00ec puoi fare una scelta informata.<\/h2>\n<div class=\"ace-line ace-line old-record-id-HDvifzvxNd5Vy6cpfRJc58Bhnhg\">Domande Comuni &amp; Risposte Semplici.<\/div>\n<h3 class=\"heading-3 ace-line old-record-id-GNwKf38RMd7VgucOqnIczQJznKd\">D: Quanto dura un dispositivo ATVS 120000 Puff?<\/h3>\n<div class=\"ace-line ace-line old-record-id-Y4nPfqcVidJA2DcJgSoclb73nRg\">R: Con 120000 puff, pu\u00f2 durare per mesi con uso quotidiano\u2014molto pi\u00f9 a lungo rispetto ai normali usa e getta. I 50ml di e-liquid e la batteria da 2500mAh lavorano insieme per evitare sostituzioni frequenti.<br \/>\nD: Il vapore \u00e8 spesso e soddisfacente?.<\/div>\n<div class=\"ace-line ace-line old-record-id-SNuQfDuNxdiRxkcEB75cXLr4nZb\">R: S\u00ec, la resistenza di 0.2\u03a9 e la singola coil dual mesh producono vapore spesso e denso che offre un colpo robusto. \u00c8 perfetto per i vapers che preferiscono un tiro pi\u00f9 potente.<br \/>\nD: Quanti gusti offre e sono autentici?.<\/div>\n<div class=\"ace-line ace-line old-record-id-LXSVfrmbTdZYoucI2vCcF9D7nVf\">R: Ha 10 gusti freschi, tutti realizzati per avere un sapore naturale senza retrogusti artificiali. Da quelli mentolati a quelli fruttati, ogni gusto rimane costante per tutta la vita del dispositivo.<br \/>\nATVS 120k.<\/div>\n<\/div>\n<\/div>\n<\/div>\n<\/div>\n<\/div>\n<\/div>\n<\/div>\n<\/div>\n<\/div>\n<\/div>\n<\/div>\n<\/div>\n<\/div>\n<\/div>\n<\/div>\n<\/div>\n<\/div>\n<\/div>\n<\/div>\n<\/div>\n<\/div>\n<\/div>\n<\/div>\n<\/div>\n<\/div>\n<\/div>\n<\/div>\n<\/div>\n<\/div>\n<\/div>\n<\/div>\n<\/div>\n<\/div>\n<\/div>\n<\/div>\n<\/div>\n<\/div>\n<\/div>\n<\/div>\n<\/div>\n<\/div>\n<\/div>\n<\/div>\n<\/div>\n<\/div>\n<\/div>\n<\/div>\n<\/div>\n<\/div>\n<\/div>\n<\/div>\n<\/div>\n<\/div>\n<\/div>\n<\/div>\n<\/div>\n<\/div>\n<\/div>\n<\/div>\n<\/div>\n<\/div>\n<\/div>\n<\/div>\n<\/div>\n<\/div>\n<\/div>\n<\/div>\n<\/div>\n<\/div>\n<\/div>\n<\/div>\n<\/div>\n<\/div>\n<\/div>\n<\/div>\n<\/div>\n<\/div>\n<\/div>\n<\/div>\n<\/div>\n<\/div>\n<\/div>\n<\/div>\n<\/div>\n<\/div>\n<\/div>\n<\/div>\n<\/div>\n<\/div>\n<\/div>\n<\/div>\n<\/div>\n<\/div>\n<\/div>\n<\/div>\n<\/div>\n<\/div>\n<\/div>\n<\/div>\n<\/div>","protected":false},"excerpt":{"rendered":"<div data-page-id=\"RAopf2sw9dtvw4cWYXpcTwo0n8g\" data-lark-html-role=\"root\" data-docx-has-block-data=\"false\">\n<div class=\"ace-line ace-line old-record-id-Uju9f3RXYd8dh2crAJbcBF3Un6M\">\n<div data-page-id=\"Dd8gfe2wRdT66jcgnqtcUwg5ndh\" data-lark-html-role=\"root\" data-docx-has-block-data=\"false\">\n<div class=\"ace-line ace-line old-record-id-FiRZf3qXpdK0RqcHt8wcxPTon8b\">ATVS 120000 Puff \u00e8 un vape usa e getta a lunga durata con 120000 puff, 50ml di e-liquid e una singola coil dual mesh. Ha una batteria 18650 da 2500mAh, resistenza di 0.2\u03a9, 10 gusti, una dimensione di 72mm e scatole da 4 pezzi con un pacchetto esterno di 146*146*150mm.<em>150<\/em>ATVS 120000 Puff \u2013 Introduzione al Prodotto.<\/div>\n<\/div>\n<\/div>\n<\/div>","protected":false},"featured_media":7407,"comment_status":"open","ping_status":"closed","template":"","meta":{"_acf_changed":false,"inline_featured_image":false,"_sitemap_exclude":false,"_sitemap_priority":"","_sitemap_frequency":""},"product_brand":[375],"product_cat":[374,239,241],"product_tag":[],"class_list":{"0":"post-7395","1":"product","2":"type-product","3":"status-publish","4":"has-post-thumbnail","6":"product_brand-atvs","7":"product_cat-atvs","8":"product_cat-disposable-vape-collection","9":"product_cat-120k-puff","11":"first","12":"instock","13":"sale","14":"shipping-taxable","15":"purchasable","16":"product-type-variable","17":"has-default-attributes"},"acf":[],"tiered_pricing_type":"fixed","tiered_pricing_fixed_rules":{"30":16.76,"60":16.28,"100":15.52,"200":14.99},"tiered_pricing_product_settings":{"layout":"default","base_unit_name":{"singular":null,"plural":null},"default_variation":null},"tiered_pricing_minimum_quantity":10,"tiered_pricing_roles_data":[],"tiered_pricing_percentage_rules":[],"tiered_pricing_maximum_quantity":null,"tiered_pricing_quantity_step":"10","_links":{"self":[{"href":"https:\/\/oiovape.com\/it\/wp-json\/wp\/v2\/product\/7395","targetHints":{"allow":["GET"]}}],"collection":[{"href":"https:\/\/oiovape.com\/it\/wp-json\/wp\/v2\/product"}],"about":[{"href":"https:\/\/oiovape.com\/it\/wp-json\/wp\/v2\/types\/product"}],"replies":[{"embeddable":true,"href":"https:\/\/oiovape.com\/it\/wp-json\/wp\/v2\/comments?post=7395"}],"version-history":[{"count":0,"href":"https:\/\/oiovape.com\/it\/wp-json\/wp\/v2\/product\/7395\/revisions"}],"wp:featuredmedia":[{"embeddable":true,"href":"https:\/\/oiovape.com\/it\/wp-json\/wp\/v2\/media\/7407"}],"wp:attachment":[{"href":"https:\/\/oiovape.com\/it\/wp-json\/wp\/v2\/media?parent=7395"}],"wp:term":[{"taxonomy":"product_brand","embeddable":true,"href":"https:\/\/oiovape.com\/it\/wp-json\/wp\/v2\/product_brand?post=7395"},{"taxonomy":"product_cat","embeddable":true,"href":"https:\/\/oiovape.com\/it\/wp-json\/wp\/v2\/product_cat?post=7395"},{"taxonomy":"product_tag","embeddable":true,"href":"https:\/\/oiovape.com\/it\/wp-json\/wp\/v2\/product_tag?post=7395"}],"curies":[{"name":"wp","href":"https:\/\/api.w.org\/{rel}","templated":true}]}}