{"id":7645,"date":"2026-03-07T10:23:28","date_gmt":"2026-03-07T02:23:28","guid":{"rendered":"https:\/\/oiovape.com\/?post_type=product&#038;p=7645"},"modified":"2026-03-07T10:44:01","modified_gmt":"2026-03-07T02:44:01","slug":"fihp-120000-puffs","status":"publish","type":"product","link":"https:\/\/oiovape.com\/it\/product\/fihp-120000-puffs\/","title":{"rendered":"FIHP 120000 PUFFS 6 in 1 Sigaretta Elettronica Ricaricabile Monouso con Multiple Sfumature"},"content":{"rendered":"<div data-page-id=\"ZVeMfq8uxd7y1ycuKm5cym4LnYd\" data-lark-html-role=\"root\" data-docx-has-block-data=\"false\">\n<div data-page-id=\"Fd41fZ5N9dzRQtcRNoVc2FuDnCh\" data-lark-html-role=\"root\" data-docx-has-block-data=\"true\">\n<div data-page-id=\"BdIJfeeijdk1eucGpS8cDCBBn5c\" data-lark-html-role=\"root\" data-docx-has-block-data=\"false\">\n<div data-page-id=\"Zbg9fWx77dUuh2cIYpic25c8nyd\" data-lark-html-role=\"root\" data-docx-has-block-data=\"false\">\n<div data-page-id=\"KaIvfiurhdlCKdc0kyxcX64cnE6\" data-lark-html-role=\"root\" data-docx-has-block-data=\"true\">\n<div data-page-id=\"PbvFfqxqlddUTScRpEYcY5MHnpf\" data-lark-html-role=\"root\" data-docx-has-block-data=\"true\">\n<div data-page-id=\"GZO2f5JeudwY4jc9iJtcdk9Hnxh\" data-lark-html-role=\"root\" data-docx-has-block-data=\"false\">\n<div data-page-id=\"EZVRf2acFduXLGcseZFc4qH2n6e\" data-lark-html-role=\"root\" data-docx-has-block-data=\"false\">\n<div data-page-id=\"B8rHfcqlqdzmH5cCWCncz17Cntb\" data-lark-html-role=\"root\" data-docx-has-block-data=\"false\">\n<div data-page-id=\"B8rHfcqlqdzmH5cCWCncz17Cntb\" data-lark-html-role=\"root\" data-docx-has-block-data=\"false\">\n<div data-page-id=\"B8rHfcqlqdzmH5cCWCncz17Cntb\" data-lark-html-role=\"root\" data-docx-has-block-data=\"true\">\n<div data-page-id=\"HM70f1aoxdD0bMcxJZBcVc7ynZd\" data-lark-html-role=\"root\" data-docx-has-block-data=\"false\">\n<div data-page-id=\"NSrJfN7Ord22i0c1iwZcsF8yn8b\" data-lark-html-role=\"root\" data-docx-has-block-data=\"false\">\n<div data-page-id=\"RXEff4Mskds8o1cqL5HcGEtUnCh\" data-lark-html-role=\"root\" data-docx-has-block-data=\"false\">\n<div data-page-id=\"KJ7gfqkVndMSRJcMseScmvYwnTc\" data-lark-html-role=\"root\" data-docx-has-block-data=\"false\">\n<div class=\"ace-line ace-line old-record-id-QADAfETPudgmudc05YvcTO5fnxe\">\n<div data-page-id=\"KJ7gfqkVndMSRJcMseScmvYwnTc\" data-lark-html-role=\"root\" data-docx-has-block-data=\"false\">\n<div class=\"ace-line ace-line old-record-id-JoRkfpho8dOkiacEOascDyCOncb\">\n<div data-page-id=\"KJ7gfqkVndMSRJcMseScmvYwnTc\" data-lark-html-role=\"root\" data-docx-has-block-data=\"false\">\n<div data-page-id=\"Ju6ofQ3V4dGmePcVvJvc1gmcnZb\" data-lark-html-role=\"root\" data-docx-has-block-data=\"true\">\n<div data-page-id=\"PR9ife5PLdFabccbFgZcWgZOnTc\" data-lark-html-role=\"root\" data-docx-has-block-data=\"false\">\n<div data-page-id=\"INdrfOIGzdaenXcptrcc1BcznQc\" data-lark-html-role=\"root\" data-docx-has-block-data=\"false\">\n<div class=\"ace-line ace-line old-record-id-P0fIf4YaZdoGkbcxt5ackec2nnb\">\n<div data-page-id=\"INdrfOIGzdaenXcptrcc1BcznQc\" data-lark-html-role=\"root\" data-docx-has-block-data=\"false\">\n<div data-page-id=\"MAzCfUB73dMTQscm8eWcougVn1g\" data-lark-html-role=\"root\" data-docx-has-block-data=\"true\">\n<div data-page-id=\"AXfpf7H1odhDvGcKoUOcErN8nV7\" data-lark-html-role=\"root\" data-docx-has-block-data=\"false\">\n<div data-page-id=\"QYTKf5PvLdUNdbce2nBcW9yfnrh\" data-lark-html-role=\"root\" data-docx-has-block-data=\"false\">\n<div data-page-id=\"Pvu1f1CCBdxbjncA9pgcBTpanph\" data-lark-html-role=\"root\" data-docx-has-block-data=\"true\">\n<div data-page-id=\"Axf3fcmY8dDAhtcjVircBcphnPc\" data-lark-html-role=\"root\" data-docx-has-block-data=\"false\">\n<div data-page-id=\"KKj1f9SPmdLhhMc5E2AcNlLen6f\" data-lark-html-role=\"root\" data-docx-has-block-data=\"true\">\n<div data-page-id=\"Rx61fK1sJdXHjPcBuhZcweNhnwc\" data-lark-html-role=\"root\" data-docx-has-block-data=\"false\">\n<div data-page-id=\"L1H9fkG9Mdz45Fcy4WMc5VKXnRe\" data-lark-html-role=\"root\" data-docx-has-block-data=\"false\">\n<div data-page-id=\"L1H9fkG9Mdz45Fcy4WMc5VKXnRe\" data-lark-html-role=\"root\" data-docx-has-block-data=\"false\">\n<div data-page-id=\"D4XLfVBVrdE8mrcaYizczklLnaf\" data-lark-html-role=\"root\" data-docx-has-block-data=\"false\">\n<div data-page-id=\"WVcifIY44d5mhMcXtyEcTsfenGd\" data-lark-html-role=\"root\" data-docx-has-block-data=\"true\">\n<div data-page-id=\"LRknfa6Whd4DWCcUc0FcNKpJnyh\" data-lark-html-role=\"root\" data-docx-has-block-data=\"false\">\n<div data-page-id=\"LRknfa6Whd4DWCcUc0FcNKpJnyh\" data-lark-html-role=\"root\" data-docx-has-block-data=\"false\">\n<div data-page-id=\"XFRAfkcOEdRWh8cArQ2cJdyRnJf\" data-lark-html-role=\"root\" data-docx-has-block-data=\"true\">\n<div data-page-id=\"OQ3bfjnRddMTDGcC3ouc6xFKnWf\" data-lark-html-role=\"root\" data-docx-has-block-data=\"true\">\n<div data-page-id=\"J0iGfj1hEdjc4rcUdSmc4spMnmZ\" data-lark-html-role=\"root\" data-docx-has-block-data=\"false\">\n<div data-page-id=\"P1o7fFyNlduP8tcfZpQcagzbnIf\" data-lark-html-role=\"root\" data-docx-has-block-data=\"false\">\n<div class=\"ace-line ace-line old-record-id-P1o7fFyNlduP8tcfZpQcagzbnIf\">\n<div data-page-id=\"P1o7fFyNlduP8tcfZpQcagzbnIf\" data-lark-html-role=\"root\" data-docx-has-block-data=\"false\">\n<div data-page-id=\"U4iufW38SdttWKcTstMcTtHRnXc\" data-lark-html-role=\"root\" data-docx-has-block-data=\"true\">\n<div data-page-id=\"ONVMf7VTWddcFtcyATOchCJHnZb\" data-lark-html-role=\"root\" data-docx-has-block-data=\"true\">\n<div data-page-id=\"KoW2fSy0PdLHFlc5kSHcgvWMnYg\" data-lark-html-role=\"root\" data-docx-has-block-data=\"false\">\n<div data-page-id=\"KoW2fSy0PdLHFlc5kSHcgvWMnYg\" data-lark-html-role=\"root\" data-docx-has-block-data=\"false\">\n<div data-page-id=\"OLGhfzxC7d7EFIcLEj9cRT5ynZf\" data-lark-html-role=\"root\" data-docx-has-block-data=\"false\">\n<div data-page-id=\"DdnnfrLjzdqrFIc9Il9c7pA2noc\" data-lark-html-role=\"root\" data-docx-has-block-data=\"true\">\n<div data-page-id=\"KNzcf2o0oddkJOcztTVcqPdlnth\" data-lark-html-role=\"root\" data-docx-has-block-data=\"false\">\n<div data-page-id=\"LBU7fg5SEdkWhecGJoxca3xvnCe\" data-lark-html-role=\"root\" data-docx-has-block-data=\"false\">\n<div data-page-id=\"EB70fooS3d69bMcgWB7c5qb9n8g\" data-lark-html-role=\"root\" data-docx-has-block-data=\"false\">\n<div data-page-id=\"AogwfsZCadB6t0cAvF0cK4JLnvf\" data-lark-html-role=\"root\" data-docx-has-block-data=\"false\">\n<div data-page-id=\"AogwfsZCadB6t0cAvF0cK4JLnvf\" data-lark-html-role=\"root\" data-docx-has-block-data=\"false\">\n<div data-page-id=\"JMZIflNGddQuU0c5JZocSqlvnle\" data-lark-html-role=\"root\" data-docx-has-block-data=\"false\">\n<div data-page-id=\"JMZIflNGddQuU0c5JZocSqlvnle\" data-lark-html-role=\"root\" data-docx-has-block-data=\"true\">\n<div data-page-id=\"HtEafjjRIdPAlMc9zgYcsGy6nOe\" data-lark-html-role=\"root\" data-docx-has-block-data=\"false\">\n<div data-page-id=\"Rhnafz0WTdDeT9c43xxczsbVnJo\" data-lark-html-role=\"root\" data-docx-has-block-data=\"false\">\n<div data-page-id=\"WY0CfKdcTdf4hVcZl67ct5LGncf\" data-lark-html-role=\"root\" data-docx-has-block-data=\"true\">\n<div data-page-id=\"MkB5fF4AVdchovcoPEpc7LqvnOd\" data-lark-html-role=\"root\" data-docx-has-block-data=\"true\">\n<div data-page-id=\"MfbjfZhbhdJdA8cH1dAckqF0n6g\" data-lark-html-role=\"root\" data-docx-has-block-data=\"false\">\n<div class=\"ace-line ace-line old-record-id-W2AHfJLnjd7ugjcRLs1c8BdhnNh\">\n<div data-page-id=\"MfbjfZhbhdJdA8cH1dAckqF0n6g\" data-lark-html-role=\"root\" data-docx-has-block-data=\"false\">\n<div class=\"old-record-id-XXd1feeCZdR2hJc6evocxnh1nOg\">\n<div data-page-id=\"MfbjfZhbhdJdA8cH1dAckqF0n6g\" data-lark-html-role=\"root\" data-docx-has-block-data=\"false\">\n<div data-page-id=\"DE51fYUmxdT3ekcHzc3cGrVQnsc\" data-lark-html-role=\"root\" data-docx-has-block-data=\"false\">\n<div data-page-id=\"YSKdfaZ08dRej3ci5CccQBuOncc\" data-lark-html-role=\"root\" data-docx-has-block-data=\"true\">\n<div data-page-id=\"K6mofQmledamEFcgp1EcVobmnYd\" data-lark-html-role=\"root\" data-docx-has-block-data=\"false\">\n<div data-page-id=\"VTgsfVLdCd9q1ucYcwRcCM0Hnof\" data-lark-html-role=\"root\" data-docx-has-block-data=\"true\">\n<div data-page-id=\"WucKfzp8RdNy8rcMJHncz4Knnac\" data-lark-html-role=\"root\" data-docx-has-block-data=\"true\">\n<div data-page-id=\"IfZ9fDIBLd9b9hcJiqGcLw9Pnmh\" data-lark-html-role=\"root\" data-docx-has-block-data=\"false\">\n<div data-page-id=\"JeU6f3Yq5dbdEHcZDptc5ikcn5c\" data-lark-html-role=\"root\" data-docx-has-block-data=\"true\">\n<div data-page-id=\"E1YjfnB4Jdmtsfc2ZObcu04Un6c\" data-lark-html-role=\"root\" data-docx-has-block-data=\"false\">\n<div data-page-id=\"RQVEfdiOzdqTQKcRcnxcG0Y7nce\" data-lark-html-role=\"root\" data-docx-has-block-data=\"true\">\n<div data-page-id=\"NKc7fbZi9dnOXocdHcScVsXdnmh\" data-lark-html-role=\"root\" data-docx-has-block-data=\"false\">\n<div data-page-id=\"DaE3fgNEwdnbQVc62iqcBK4lnte\" data-lark-html-role=\"root\" data-docx-has-block-data=\"false\">\n<div data-page-id=\"DaE3fgNEwdnbQVc62iqcBK4lnte\" data-lark-html-role=\"root\" data-docx-has-block-data=\"false\">\n<div data-page-id=\"NqSRfcp5SdFQ6ucdStXcbvManpc\" data-lark-html-role=\"root\" data-docx-has-block-data=\"false\">\n<div data-page-id=\"KydBfoEuudJNYhcgRdAc3aeUn7c\" data-lark-html-role=\"root\" data-docx-has-block-data=\"true\">\n<div data-page-id=\"SIqXfR5ipd7jWpczA5RcYkWInfd\" data-lark-html-role=\"root\" data-docx-has-block-data=\"false\">\n<div data-page-id=\"Y06XfUzydd0aVicBtPKcZlS8nJf\" data-lark-html-role=\"root\" data-docx-has-block-data=\"true\">\n<div data-page-id=\"E2ZvfNrVNdEHKickexPcvdXVnrc\" data-lark-html-role=\"root\" data-docx-has-block-data=\"false\">\n<div data-page-id=\"DqGzfq5S4d9GdAcOQVIcIdPhn2c\" data-lark-html-role=\"root\" data-docx-has-block-data=\"false\">\n<div data-page-id=\"HsKcfE4WLdET7ScRm72cTZ96nPb\" data-lark-html-role=\"root\" data-docx-has-block-data=\"false\">\n<div data-page-id=\"MvWFfuF4Edx69KcRSmmcvS2LndG\" data-lark-html-role=\"root\" data-docx-has-block-data=\"true\">\n<div data-page-id=\"BSNMfUsMXd3XFscNxbDcufC2nEg\" data-lark-html-role=\"root\" data-docx-has-block-data=\"false\">\n<div data-page-id=\"Rr0Mfry1adQB66cMkYGcCmoWnKe\" data-lark-html-role=\"root\" data-docx-has-block-data=\"true\">\n<div data-page-id=\"A7fMfxJhydfxJUc6VX9cVvDKnpd\" data-lark-html-role=\"root\" data-docx-has-block-data=\"false\">\n<div data-page-id=\"A7fMfxJhydfxJUc6VX9cVvDKnpd\" data-lark-html-role=\"root\" data-docx-has-block-data=\"false\">\n<div data-page-id=\"WbzgfFBuTduiBjc6rORciNrNnlf\" data-lark-html-role=\"root\" data-docx-has-block-data=\"false\">\n<div data-page-id=\"R0Rzf8rQUdoB9hcxkiqc9kKHnk2\" data-lark-html-role=\"root\" data-docx-has-block-data=\"true\">\n<div data-page-id=\"ZwXFfRomCdt9G4cs33scepfHnoe\" data-lark-html-role=\"root\" data-docx-has-block-data=\"false\">\n<div data-page-id=\"UFFTffnWTdbuv3coRhBc3zxBnMf\" data-lark-html-role=\"root\" data-docx-has-block-data=\"true\">\n<div data-page-id=\"FV0FfDT4ZdfJZoc4SMccT5Rjndf\" data-lark-html-role=\"root\" data-docx-has-block-data=\"false\">\n<div data-page-id=\"QfqMfQ3H3dBjAycBmxFct9R0nOd\" data-lark-html-role=\"root\" data-docx-has-block-data=\"false\">\n<div data-page-id=\"DXwcf38JSdYoRnczvWycOLbJnKg\" data-lark-html-role=\"root\" data-docx-has-block-data=\"false\">\n<div data-page-id=\"ERF5fOYoJdJoKBcJe3dczeiRnhb\" data-lark-html-role=\"root\" data-docx-has-block-data=\"false\">\n<div data-page-id=\"Xz9kf6dXYdrSpeczDiscWevtn5g\" data-lark-html-role=\"root\" data-docx-has-block-data=\"false\">\n<div data-page-id=\"NXFofecridPG1Kco9gVcxXiEnGf\" data-lark-html-role=\"root\" data-docx-has-block-data=\"false\">\n<div data-page-id=\"EFevfzjvkdlSPEcTWBIc7eVvnog\" data-lark-html-role=\"root\" data-docx-has-block-data=\"false\">\n<div data-page-id=\"M7PifBvbPdUAXlc1ga1ceAEFnrc\" data-lark-html-role=\"root\" data-docx-has-block-data=\"false\">\n<div data-page-id=\"Xk47fsExQdGT3dcRYNzcCeZ0nYb\" data-lark-html-role=\"root\" data-docx-has-block-data=\"false\">\n<div data-page-id=\"OUXufVxtNdzLz9cI8Ijchmyfnrg\" data-lark-html-role=\"root\" data-docx-has-block-data=\"false\">\n<div data-page-id=\"XAtVfnKQidPyc6cF1jhc2z2AnZ1\" data-lark-html-role=\"root\" data-docx-has-block-data=\"false\">\n<div data-page-id=\"B4r8fXUqIde4brcGXg2crgLmn7F\" data-lark-html-role=\"root\" data-docx-has-block-data=\"true\">\n<div data-page-id=\"CcjPfD4Ied4jf2cwt2hcyeGNnHe\" data-lark-html-role=\"root\" data-docx-has-block-data=\"false\">\n<div data-page-id=\"M3lyfHsq4dQP8dc5mI8c3rXxnNc\" data-lark-html-role=\"root\" data-docx-has-block-data=\"false\">\n<div data-page-id=\"E0A4fWGfudmWVGczZV8cLv8Znwd\" data-lark-html-role=\"root\" data-docx-has-block-data=\"false\">\n<div data-page-id=\"M3lyfHsq4dQP8dc5mI8c3rXxnNc\" data-lark-html-role=\"root\" data-docx-has-block-data=\"false\">\n<div data-page-id=\"PBcMfb1nvdgiupchwvBcbvRSnUh\" data-lark-html-role=\"root\" data-docx-has-block-data=\"true\">\n<h2 class=\"ace-line ace-line old-record-id-PBcMfb1nvdgiupchwvBcbvRSnUh\">FIHP 120000 Puff \u2013 Caratteristiche del Prodotto \ud83c\udf08<\/h2>\n<div class=\"ace-line ace-line old-record-id-XFmHfDrpVdPb84cdOIjc8DMAnzh\">FIHP 120000 Puff alza il livello per il vaping monouso con la sua straordinaria durata di 120000 puff e il suo innovativo design a 6 in 1 con pi\u00f9 aromi. Combina una bobina dual mesh ad alte prestazioni, 64ml di e-liquid e una batteria ricaricabile da 650mAh, il tutto racchiuso in un corpo elegante e compatto, progettato per un uso quotidiano e un piacere duraturo.<\/div>\n<div class=\"ace-line ace-line old-record-id-HHJRfMYOIdLV1tcFFWVc6P1Inde\">Si distingue per la sua attenzione a ci\u00f2 che conta di pi\u00f9: aromi diversi e stratificati, prestazioni affidabili e funzionalit\u00e0 user-friendly. Con un display LED, ricarica Type-C e due livelli di nicotina, \u00e8 progettato per i vapers che richiedono di pi\u00f9: pi\u00f9 puff, pi\u00f9 aromi e pi\u00f9 comodit\u00e0, senza fronzoli extra. \u2728<\/div>\n<h2 class=\"heading-2 ace-line old-record-id-Z87NfeYl1daMNdcGRO0cdTPQnld\">6 in 1 Aromi Multipli: 6 Miscele, 36 Gusti Unici \ud83e\uddc3<\/h2>\n<div class=\"ace-line ace-line old-record-id-HyVzf35umdsWkHcMG4CcPSS1n7d\">Ci\u00f2 che distingue veramente il FIHP 120000 Puff \u00e8 il suo concetto di aromi multipli a 6 in 1. Ognuna delle 6 miscele combina 6 gusti complementari, creando un totale di 36 note di sapore uniche che si evolvono ad ogni puff. Non \u00e8 solo un vape monouso: \u00e8 un viaggio di sapori che ti far\u00e0 tornare per averne di pi\u00f9.<\/div>\n<div class=\"ace-line ace-line old-record-id-Aei7ffEqodxWG4cBE34cVWWOnWb\">Ogni miscela \u00e8 bilanciata con cura, assicurando che nessun sapore sovrasti gli altri. Da fresco ghiacciato a tropicale dolce, da frutti di bosco aspri a caramelle cremose, c'\u00e8 un gusto per ogni umore, rendendolo perfetto per i vapers che amano la variet\u00e0 e odiano rimanere su un solo sapore.<\/div>\n<h3 class=\"heading-3 ace-line old-record-id-JGenfqfmXdX2uTcEzaUcwFK8nHk\">Miscele di Aromi 6 in 1<\/h3>\n<div class=\"ace-line ace-line old-record-id-AQadfz19LdaaXLc1J40c3aBvnyh\">Per mostrare la diversit\u00e0 dei suoi aromi 6in1, abbiamo creato una tabella chiara e facile da navigare che suddivide ogni miscela e i suoi 6 componenti unici, perfetta per esplorare tutti i gusti che questo dispositivo ha da offrire:<\/div>\n<div>\n<table class=\"ace-table\" data-ace-table-col-widths=\"200;200;200\">\n<colgroup>\n<col width=\"200\" \/>\n<col width=\"200\" \/>\n<col width=\"200\" \/><\/colgroup>\n<thead>\n<tr>\n<th colspan=\"1\" rowspan=\"1\">\n<div class=\"ace-line ace-line old-record-id-Ghfyf6dC3d0DJdcw8c7c3PFInVb\">Numero della Miscela.<\/div>\n<\/th>\n<th colspan=\"1\" rowspan=\"1\">\n<div class=\"ace-line ace-line old-record-id-We3Hfo0nxdaToXcnQ4uclQ7lnvg\">Componenti Aromatici 6in1<\/div>\n<\/th>\n<th colspan=\"1\" rowspan=\"1\">\n<div class=\"ace-line ace-line old-record-id-EVQdffDkyd1lTOc2UbKcKNRsnnc\">Vibrazione del Gusto Principale<\/div>\n<\/th>\n<\/tr>\n<\/thead>\n<tbody>\n<tr>\n<td colspan=\"1\" rowspan=\"1\">\n<div class=\"ace-line ace-line old-record-id-DE0ifuAI1dkpl6csuRAcCIx3nRf\">01<\/div>\n<\/td>\n<td colspan=\"1\" rowspan=\"1\">\n<div class=\"ace-line ace-line old-record-id-ZMAdfGoI4dmAQhcgx2gcI03rnHg\">Anguria Ghiacciata &amp; Red Bull &amp; Kiwi di Fragola &amp; Blueberry Ghiacciato &amp; Limone Lime &amp; Anguria di Fragola<\/div>\n<\/td>\n<td colspan=\"1\" rowspan=\"1\">\n<div class=\"ace-line ace-line old-record-id-K5C6fPhjTdu4WjcwSJUc8crJnlh\">Fruttato Ghiacciato + Energetico<\/div>\n<\/td>\n<\/tr>\n<tr>\n<td colspan=\"1\" rowspan=\"1\">\n<div class=\"ace-line ace-line old-record-id-L0CrfjMAHdCnU5cwnWEc8x2znUg\">02<\/div>\n<\/td>\n<td colspan=\"1\" rowspan=\"1\">\n<div class=\"ace-line ace-line old-record-id-Y8CBfEUsddy2iKc8T4Ycp45WnLb\">Fragola Banana &amp; Doppia Mela &amp; Anguria di Lampone &amp; Mango Ananas Acidulo &amp; Frutta Tropicale &amp; Pesca al Limone<\/div>\n<\/td>\n<td colspan=\"1\" rowspan=\"1\">\n<div class=\"ace-line ace-line old-record-id-LgaxfpRO9d0jmhcUprrcHqYUnTb\">Fruttato Fresco + Aspro<\/div>\n<\/td>\n<\/tr>\n<tr>\n<td colspan=\"1\" rowspan=\"1\">\n<div class=\"ace-line ace-line old-record-id-LTSSf4iY0d28GIcWLmkcRwujnrb\">03<\/div>\n<\/td>\n<td colspan=\"1\" rowspan=\"1\">\n<div class=\"ace-line ace-line old-record-id-BeaEfjMWfdkUWlcyuX0cndo1nkd\">Ananas Cocco &amp; Blue Razz &amp; Frutti di Bosco Misti &amp; Mango Pesca &amp; Lampone Blueberry &amp; Fragola Vaniglia Cola<\/div>\n<\/td>\n<td colspan=\"1\" rowspan=\"1\">\n<div class=\"ace-line ace-line old-record-id-YPUofzftIdqpchcdcUJc8kmvnUd\">Tropicale + Cremoso<\/div>\n<\/td>\n<\/tr>\n<tr>\n<td colspan=\"1\" rowspan=\"1\">\n<div class=\"ace-line ace-line old-record-id-F9ubfYEbldM1JFcWHDzclyzbnpc\">04<\/div>\n<\/td>\n<td colspan=\"1\" rowspan=\"1\">\n<div class=\"ace-line ace-line old-record-id-HENRfZWjTdFkOPcUWTFcLcJXnJh\">Pesca Berry &amp; Triplo Melone &amp; Ghiaccio d'Uva &amp; Ghiaccio Drago Nero &amp; Fizzy Ghiaccio di Ciliegia &amp; Orsetto di Gelatina<\/div>\n<\/td>\n<td colspan=\"1\" rowspan=\"1\">\n<div class=\"ace-line ace-line old-record-id-UbCtfeu5hdo4QjcX4IJc6Kcwnnh\">Ghiacciato + Dolce Caramella<\/div>\n<\/td>\n<\/tr>\n<tr>\n<td colspan=\"1\" rowspan=\"1\">\n<div class=\"ace-line ace-line old-record-id-B1A1fI3std903wcqLIuch34Hnke\">05<\/div>\n<\/td>\n<td colspan=\"1\" rowspan=\"1\">\n<div class=\"ace-line ace-line old-record-id-Yshqfw5KFdhyB6cik9DcB9Wqntb\">Caramelle Arcobaleno &amp; Ghiaccio di Cola Ciliegia &amp; Amore 666 &amp; Ghiaccio di Mango &amp; Cotton Candy di Blueberry &amp; Ghiaccio di Pesca<\/div>\n<\/td>\n<td colspan=\"1\" rowspan=\"1\">\n<div class=\"ace-line ace-line old-record-id-GkD4fO0M3ddkcccLBGHc7O05nWh\">Dolce Caramella + Ghiacciato<\/div>\n<\/td>\n<\/tr>\n<tr>\n<td colspan=\"1\" rowspan=\"1\">\n<div class=\"ace-line ace-line old-record-id-Nun2fGumldzImPcQ1wUc4XLon4f\">06<\/div>\n<\/td>\n<td colspan=\"1\" rowspan=\"1\">\n<div class=\"ace-line ace-line old-record-id-CfvNfV9MzdtjHNcn6BVcqnUinLg\">Aloe Ghiacciato di Litchi &amp; Limone Rosa &amp; Ghiaccio Glaciale &amp; Menta di Ago di Pino &amp; Ghiaccio di Ribes Nero &amp; Limone di Anguria<\/div>\n<\/td>\n<td colspan=\"1\" rowspan=\"1\">\n<div class=\"ace-line ace-line old-record-id-Jz3Yfgk0mdLWM9cNplYcaPN2nOh\">Rinfrescante + Ghiacciato Menta<\/div>\n<\/td>\n<\/tr>\n<\/tbody>\n<\/table>\n<\/div>\n<h4 class=\"heading-4 ace-line old-record-id-Sepuf4jVad6Aj7cWxXXck0HYn3c\">Bobina Dual Mesh: Sblocca il Potenziale Completo del Gusto \u2744\ufe0f<\/h4>\n<div class=\"ace-line ace-line old-record-id-NbkefQApCdMex6cTL8AcIRtVnvf\">Alimentato da una bobina dual mesh da 0.9ohm, il FIHP 120000 Puff offre colpi morbidi e costanti che esaltano ogni sfumatura dei suoi aromi a 6 in 1. Il design della bobina dual riscalda uniformemente e in modo efficiente i 64ml di e-liquid, eliminando durezza e note bruciate. \u00c8 costruito per durare, abbinando la durata di 120000 puff per garantire che ogni puff sia soddisfacente come il primo.<\/div>\n<h2 class=\"heading-2 ace-line old-record-id-Bk35f8cJpdOZf5choREczzEpnJH\">Durata di 120000 Puff &amp; Funzionalit\u00e0 User-Friendly \ud83d\udee0\ufe0f<\/h2>\n<div class=\"ace-line ace-line old-record-id-W41If3igjda92ac4wnkcc2CZnei\">La durata di 120000 puff \u00e8 un cambiamento di gioco: \u00e8 uno dei vape monouso pi\u00f9 duraturi sul mercato, il che significa che puoi goderti settimane di vaping ininterrotto senza dover sostituire il dispositivo. Abbina questa incredibile longevit\u00e0 a funzionalit\u00e0 pratiche che rendono ogni utilizzo un gioco da ragazzi.<\/div>\n<h3 class=\"heading-3 ace-line old-record-id-PaovfvUjOdmc8Zc0wB0c2m5OnKf\">Batteria &amp; Ricarica: Comodo &amp; Affidabile<\/h3>\n<div class=\"ace-line ace-line old-record-id-OdYgfJBudd8xJFc9F7mcehBunic\">Dotato di una batteria ricaricabile da 650mAh, tiene facilmente il passo con la durata di 120000 puff. La porta di ricarica Type-C consente una ricarica rapida e senza problemi: niente pi\u00f9 attese di ore per tornare a svapare. \u00c8 perfetto per l'uso in movimento, sia che tu sia al lavoro, in viaggio o fuori con gli amici.<\/div>\n<h4 class=\"heading-4 ace-line old-record-id-RAXYfPAD1dXEK1c0WPzcCeJTncf\">Display LED &amp; Opzioni di Nicotina<\/h4>\n<div class=\"ace-line ace-line old-record-id-VCUsfnEo3dazEpcaeL6cfMzfnkg\">Il display LED ti tiene sotto controllo, mostrando in tempo reale la durata della batteria e il livello di e-liquid, cos\u00ec non rimani mai senza inaspettatamente. Offre anche due livelli di nicotina\u20142% e 5%\u2014per soddisfare diverse preferenze, sia che tu preferisca un colpo leggero e morbido o uno pi\u00f9 forte e soddisfacente.<\/div>\n<h2 class=\"heading-2 ace-line old-record-id-LNzNfd4EXdNw1ickS29cqP5Knlc\">Design Elegante &amp; Imballaggio Pratico \ud83d\udce6<\/h2>\n<div class=\"ace-line ace-line old-record-id-CNDhfdFkJd0NhLcyjp0c8n7Lnyf\">Con una dimensione del prodotto di 44*44*112mm, il FIHP 120000 Puff \u00e8 compatto e leggero, facile da riporre in tasca o in borsa senza ingombrare. Il suo design elegante appare stiloso, mentre l'imballaggio pratico garantisce facile stoccaggio e trasporto: ogni cartone (540*440*260mm) \u00e8 progettato per contenere pi\u00f9 dispositivi, rendendolo ideale per lo stoccaggio all'ingrosso o la rivendita.<\/div>\n<h2 class=\"heading-2 ace-line old-record-id-YeBJfw4NfdRJOYcuNtacLrU8nde\">Perch\u00e9 Scegliere FIHP 120000 Puff? \ud83e\udd14<\/h2>\n<div class=\"ace-line ace-line old-record-id-PyR1f9aNIduadUcmzY9cSzztnMf\">Si distingue dalla massa con la sua durata imbattibile di 120000 puff, il suo innovativo design a 6in1 con pi\u00f9 aromi e la sua affidabile bobina dual mesh. A differenza dei normali monouso, offre variet\u00e0, comodit\u00e0 e prestazioni senza pari, il tutto in un pacchetto compatto e user-friendly.<\/div>\n<div class=\"ace-line ace-line old-record-id-E9PvfoTWqdorI4cp8XJcp5dtnmh\">Che tu sia un vaper occasionale che ama esplorare nuovi gusti, un utente regolare che odia dover cambiare frequentemente dispositivo, o qualcuno che valuta sia la qualit\u00e0 che la comodit\u00e0, questo dispositivo offre su ogni fronte. Non \u00e8 solo un vape monouso: \u00e8 un'esperienza di vaping premium che dura.<\/div>\n<\/div>\n<\/div>\n<\/div>\n<\/div>\n<\/div>\n<\/div>\n<\/div>\n<\/div>\n<\/div>\n<\/div>\n<\/div>\n<\/div>\n<\/div>\n<\/div>\n<\/div>\n<\/div>\n<\/div>\n<\/div>\n<\/div>\n<\/div>\n<\/div>\n<\/div>\n<\/div>\n<\/div>\n<\/div>\n<\/div>\n<\/div>\n<\/div>\n<\/div>\n<\/div>\n<\/div>\n<\/div>\n<\/div>\n<\/div>\n<\/div>\n<\/div>\n<\/div>\n<\/div>\n<\/div>\n<\/div>\n<\/div>\n<\/div>\n<\/div>\n<\/div>\n<\/div>\n<\/div>\n<\/div>\n<\/div>\n<\/div>\n<\/div>\n<\/div>\n<\/div>\n<\/div>\n<\/div>\n<\/div>\n<\/div>\n<\/div>\n<\/div>\n<\/div>\n<\/div>\n<\/div>\n<\/div>\n<\/div>\n<\/div>\n<\/div>\n<\/div>\n<\/div>\n<\/div>\n<\/div>\n<\/div>\n<\/div>\n<\/div>\n<\/div>\n<\/div>\n<\/div>\n<\/div>\n<\/div>\n<\/div>\n<\/div>\n<\/div>\n<\/div>\n<\/div>\n<\/div>\n<\/div>\n<\/div>\n<\/div>\n<\/div>\n<\/div>\n<\/div>\n<\/div>\n<\/div>\n<\/div>\n<\/div>\n<\/div>\n<\/div>\n<\/div>\n<\/div>\n<\/div>\n<\/div>\n<\/div>\n<\/div>\n<\/div>\n<\/div>\n<\/div>\n<\/div>\n<\/div>\n<\/div>\n<\/div>\n<\/div>\n<\/div>","protected":false},"excerpt":{"rendered":"<div data-page-id=\"RAopf2sw9dtvw4cWYXpcTwo0n8g\" data-lark-html-role=\"root\" data-docx-has-block-data=\"false\">\n<div class=\"ace-line ace-line old-record-id-Uju9f3RXYd8dh2crAJbcBF3Un6M\">\n<div data-page-id=\"Dd8gfe2wRdT66jcgnqtcUwg5ndh\" data-lark-html-role=\"root\" data-docx-has-block-data=\"false\">\n<div class=\"ace-line ace-line old-record-id-FiRZf3qXpdK0RqcHt8wcxPTon8b\">FIHP 120000 Puff offre 6in1 sapori multipli che presentano 36 gusti unici, una resistenza dual mesh da 0,9 ohm, 64 ml di e-liquid con nicotina 2%\/5% e 120000 puff. Utilizza una batteria ricaricabile da 650mAh, supporta la ricarica Type-C e include un display LED per il controllo dello stato in tempo reale.<\/div>\n<\/div>\n<\/div>\n<\/div>","protected":false},"featured_media":7656,"comment_status":"open","ping_status":"closed","template":"","meta":{"_acf_changed":false,"inline_featured_image":false,"_sitemap_exclude":false,"_sitemap_priority":"","_sitemap_frequency":""},"product_brand":[398],"product_cat":[397,239,241],"product_tag":[],"class_list":{"0":"post-7645","1":"product","2":"type-product","3":"status-publish","4":"has-post-thumbnail","6":"product_brand-fihp","7":"product_cat-fihp-puff","8":"product_cat-disposable-vape-collection","9":"product_cat-120k-puff","11":"first","12":"instock","13":"sale","14":"shipping-taxable","15":"purchasable","16":"product-type-variable","17":"has-default-attributes"},"acf":[],"tiered_pricing_type":"fixed","tiered_pricing_fixed_rules":{"30":9.09,"60":8.32,"100":7.68,"200":7.2},"tiered_pricing_product_settings":{"layout":"default","base_unit_name":{"singular":null,"plural":null},"default_variation":null},"tiered_pricing_minimum_quantity":10,"tiered_pricing_roles_data":[],"tiered_pricing_percentage_rules":[],"tiered_pricing_maximum_quantity":null,"tiered_pricing_quantity_step":"10","_links":{"self":[{"href":"https:\/\/oiovape.com\/it\/wp-json\/wp\/v2\/product\/7645","targetHints":{"allow":["GET"]}}],"collection":[{"href":"https:\/\/oiovape.com\/it\/wp-json\/wp\/v2\/product"}],"about":[{"href":"https:\/\/oiovape.com\/it\/wp-json\/wp\/v2\/types\/product"}],"replies":[{"embeddable":true,"href":"https:\/\/oiovape.com\/it\/wp-json\/wp\/v2\/comments?post=7645"}],"version-history":[{"count":0,"href":"https:\/\/oiovape.com\/it\/wp-json\/wp\/v2\/product\/7645\/revisions"}],"wp:featuredmedia":[{"embeddable":true,"href":"https:\/\/oiovape.com\/it\/wp-json\/wp\/v2\/media\/7656"}],"wp:attachment":[{"href":"https:\/\/oiovape.com\/it\/wp-json\/wp\/v2\/media?parent=7645"}],"wp:term":[{"taxonomy":"product_brand","embeddable":true,"href":"https:\/\/oiovape.com\/it\/wp-json\/wp\/v2\/product_brand?post=7645"},{"taxonomy":"product_cat","embeddable":true,"href":"https:\/\/oiovape.com\/it\/wp-json\/wp\/v2\/product_cat?post=7645"},{"taxonomy":"product_tag","embeddable":true,"href":"https:\/\/oiovape.com\/it\/wp-json\/wp\/v2\/product_tag?post=7645"}],"curies":[{"name":"wp","href":"https:\/\/api.w.org\/{rel}","templated":true}]}}