{"id":5159,"date":"2026-01-15T09:16:14","date_gmt":"2026-01-15T09:16:14","guid":{"rendered":"https:\/\/oiovape.com\/?post_type=product&#038;p=5159"},"modified":"2026-04-13T14:49:13","modified_gmt":"2026-04-13T06:49:13","slug":"airmez-xbeats-40000-puffs","status":"publish","type":"product","link":"https:\/\/oiovape.com\/nl\/product\/airmez-xbeats-40000-puffs\/","title":{"rendered":"Airmez Xbeats 40000 PUFFS 1000mAh Batterij Oplaadbare Vape Met Ingebouwde Hi-Fi Koptelefoon"},"content":{"rendered":"<div data-page-id=\"ZVeMfq8uxd7y1ycuKm5cym4LnYd\" data-lark-html-role=\"root\" data-docx-has-block-data=\"false\">\n<div data-page-id=\"Fd41fZ5N9dzRQtcRNoVc2FuDnCh\" data-lark-html-role=\"root\" data-docx-has-block-data=\"true\">\n<div data-page-id=\"BdIJfeeijdk1eucGpS8cDCBBn5c\" data-lark-html-role=\"root\" data-docx-has-block-data=\"false\">\n<div data-page-id=\"Zbg9fWx77dUuh2cIYpic25c8nyd\" data-lark-html-role=\"root\" data-docx-has-block-data=\"false\">\n<div data-page-id=\"KaIvfiurhdlCKdc0kyxcX64cnE6\" data-lark-html-role=\"root\" data-docx-has-block-data=\"true\">\n<div data-page-id=\"PbvFfqxqlddUTScRpEYcY5MHnpf\" data-lark-html-role=\"root\" data-docx-has-block-data=\"true\">\n<div data-page-id=\"GZO2f5JeudwY4jc9iJtcdk9Hnxh\" data-lark-html-role=\"root\" data-docx-has-block-data=\"false\">\n<div data-page-id=\"EZVRf2acFduXLGcseZFc4qH2n6e\" data-lark-html-role=\"root\" data-docx-has-block-data=\"false\">\n<div data-page-id=\"B8rHfcqlqdzmH5cCWCncz17Cntb\" data-lark-html-role=\"root\" data-docx-has-block-data=\"false\">\n<div data-page-id=\"B8rHfcqlqdzmH5cCWCncz17Cntb\" data-lark-html-role=\"root\" data-docx-has-block-data=\"false\">\n<div data-page-id=\"B8rHfcqlqdzmH5cCWCncz17Cntb\" data-lark-html-role=\"root\" data-docx-has-block-data=\"true\">\n<div data-page-id=\"HM70f1aoxdD0bMcxJZBcVc7ynZd\" data-lark-html-role=\"root\" data-docx-has-block-data=\"false\">\n<div data-page-id=\"NSrJfN7Ord22i0c1iwZcsF8yn8b\" data-lark-html-role=\"root\" data-docx-has-block-data=\"false\">\n<div data-page-id=\"RXEff4Mskds8o1cqL5HcGEtUnCh\" data-lark-html-role=\"root\" data-docx-has-block-data=\"false\">\n<div data-page-id=\"KJ7gfqkVndMSRJcMseScmvYwnTc\" data-lark-html-role=\"root\" data-docx-has-block-data=\"false\">\n<div class=\"ace-line ace-line old-record-id-QADAfETPudgmudc05YvcTO5fnxe\">\n<div data-page-id=\"KJ7gfqkVndMSRJcMseScmvYwnTc\" data-lark-html-role=\"root\" data-docx-has-block-data=\"false\">\n<div class=\"ace-line ace-line old-record-id-JoRkfpho8dOkiacEOascDyCOncb\">\n<div data-page-id=\"KJ7gfqkVndMSRJcMseScmvYwnTc\" data-lark-html-role=\"root\" data-docx-has-block-data=\"false\">\n<div data-page-id=\"Ju6ofQ3V4dGmePcVvJvc1gmcnZb\" data-lark-html-role=\"root\" data-docx-has-block-data=\"true\">\n<div data-page-id=\"PR9ife5PLdFabccbFgZcWgZOnTc\" data-lark-html-role=\"root\" data-docx-has-block-data=\"false\">\n<div data-page-id=\"INdrfOIGzdaenXcptrcc1BcznQc\" data-lark-html-role=\"root\" data-docx-has-block-data=\"false\">\n<div class=\"ace-line ace-line old-record-id-P0fIf4YaZdoGkbcxt5ackec2nnb\">\n<div data-page-id=\"INdrfOIGzdaenXcptrcc1BcznQc\" data-lark-html-role=\"root\" data-docx-has-block-data=\"false\">\n<div data-page-id=\"MAzCfUB73dMTQscm8eWcougVn1g\" data-lark-html-role=\"root\" data-docx-has-block-data=\"true\">\n<div data-page-id=\"AXfpf7H1odhDvGcKoUOcErN8nV7\" data-lark-html-role=\"root\" data-docx-has-block-data=\"false\">\n<div data-page-id=\"QYTKf5PvLdUNdbce2nBcW9yfnrh\" data-lark-html-role=\"root\" data-docx-has-block-data=\"false\">\n<div data-page-id=\"Pvu1f1CCBdxbjncA9pgcBTpanph\" data-lark-html-role=\"root\" data-docx-has-block-data=\"true\">\n<div data-page-id=\"Axf3fcmY8dDAhtcjVircBcphnPc\" data-lark-html-role=\"root\" data-docx-has-block-data=\"false\">\n<div data-page-id=\"KKj1f9SPmdLhhMc5E2AcNlLen6f\" data-lark-html-role=\"root\" data-docx-has-block-data=\"true\">\n<div data-page-id=\"Rx61fK1sJdXHjPcBuhZcweNhnwc\" data-lark-html-role=\"root\" data-docx-has-block-data=\"false\">\n<div data-page-id=\"L1H9fkG9Mdz45Fcy4WMc5VKXnRe\" data-lark-html-role=\"root\" data-docx-has-block-data=\"false\">\n<div data-page-id=\"L1H9fkG9Mdz45Fcy4WMc5VKXnRe\" data-lark-html-role=\"root\" data-docx-has-block-data=\"false\">\n<div data-page-id=\"D4XLfVBVrdE8mrcaYizczklLnaf\" data-lark-html-role=\"root\" data-docx-has-block-data=\"false\">\n<div data-page-id=\"WVcifIY44d5mhMcXtyEcTsfenGd\" data-lark-html-role=\"root\" data-docx-has-block-data=\"true\">\n<div data-page-id=\"LRknfa6Whd4DWCcUc0FcNKpJnyh\" data-lark-html-role=\"root\" data-docx-has-block-data=\"false\">\n<div data-page-id=\"LRknfa6Whd4DWCcUc0FcNKpJnyh\" data-lark-html-role=\"root\" data-docx-has-block-data=\"false\">\n<div data-page-id=\"XFRAfkcOEdRWh8cArQ2cJdyRnJf\" data-lark-html-role=\"root\" data-docx-has-block-data=\"true\">\n<div data-page-id=\"OQ3bfjnRddMTDGcC3ouc6xFKnWf\" data-lark-html-role=\"root\" data-docx-has-block-data=\"true\">\n<div data-page-id=\"J0iGfj1hEdjc4rcUdSmc4spMnmZ\" data-lark-html-role=\"root\" data-docx-has-block-data=\"false\">\n<div data-page-id=\"P1o7fFyNlduP8tcfZpQcagzbnIf\" data-lark-html-role=\"root\" data-docx-has-block-data=\"false\">\n<div class=\"ace-line ace-line old-record-id-P1o7fFyNlduP8tcfZpQcagzbnIf\">\n<div data-page-id=\"P1o7fFyNlduP8tcfZpQcagzbnIf\" data-lark-html-role=\"root\" data-docx-has-block-data=\"false\">\n<div data-page-id=\"U4iufW38SdttWKcTstMcTtHRnXc\" data-lark-html-role=\"root\" data-docx-has-block-data=\"true\">\n<div data-page-id=\"ONVMf7VTWddcFtcyATOchCJHnZb\" data-lark-html-role=\"root\" data-docx-has-block-data=\"true\">\n<div data-page-id=\"KoW2fSy0PdLHFlc5kSHcgvWMnYg\" data-lark-html-role=\"root\" data-docx-has-block-data=\"false\">\n<div data-page-id=\"KoW2fSy0PdLHFlc5kSHcgvWMnYg\" data-lark-html-role=\"root\" data-docx-has-block-data=\"false\">\n<div data-page-id=\"OLGhfzxC7d7EFIcLEj9cRT5ynZf\" data-lark-html-role=\"root\" data-docx-has-block-data=\"false\">\n<div data-page-id=\"DdnnfrLjzdqrFIc9Il9c7pA2noc\" data-lark-html-role=\"root\" data-docx-has-block-data=\"true\">\n<div data-page-id=\"KNzcf2o0oddkJOcztTVcqPdlnth\" data-lark-html-role=\"root\" data-docx-has-block-data=\"false\">\n<div data-page-id=\"LBU7fg5SEdkWhecGJoxca3xvnCe\" data-lark-html-role=\"root\" data-docx-has-block-data=\"false\">\n<div data-page-id=\"EB70fooS3d69bMcgWB7c5qb9n8g\" data-lark-html-role=\"root\" data-docx-has-block-data=\"false\">\n<div data-page-id=\"AogwfsZCadB6t0cAvF0cK4JLnvf\" data-lark-html-role=\"root\" data-docx-has-block-data=\"false\">\n<div data-page-id=\"AogwfsZCadB6t0cAvF0cK4JLnvf\" data-lark-html-role=\"root\" data-docx-has-block-data=\"false\">\n<h2 data-path-to-node=\"0\">Airmez Xbeats 40000 Puffs Bluetooth Earbuds Smart Vape Kit<\/h2>\n<p data-path-to-node=\"2\">In dit tijdperk van universele connectiviteit, moeten uw alledaagse draagbare items nog steeds alleen hun gang gaan? Laat de melodie\u00ebn samen met fruitige geuren stromen\u2014de Airmez Xbeats 40000 Puffs Disposable Smart Vape is hier met zijn disruptief ontwerp! Als 's werelds eerste vape-apparaat dat naadloos TWS echte draadloze Bluetooth-oordopjes in zijn behuizing integreert, is het niet alleen een scherp gereedschap voor wolken blazen, maar ook een trendy accessoire dat een miniatuuroptreden recht in uw zak past.<\/p>\n<p data-path-to-node=\"3\">Het enorme aantal van 40000 puffs is slechts de basiswerking; de Bluetooth 5.0-oordopjes verborgen in de behuizing zijn de echte ziel. Het krachtige 1000mAh-hart levert niet alleen enorme kracht voor verdamping, maar dient ook als een exclusieve \u201coplaadcabine\u201d voor de oordopjes. E\u00e9n zoete puff, \u00e9\u00e9n soulvolle melodie\u2014wie zegt dat u niet al de kleine zegeningen van het leven in \u00e9\u00e9n keer kunt meenemen?<\/p>\n<p><img decoding=\"async\" class=\"alignnone wp-image-5163 size-full\" title=\"Airmez Xbeats 2% Poster\" src=\"https:\/\/oiovape.com\/wp-content\/uploads\/2026\/01\/Airmez-Xbeats-2-Poster.png\" alt=\"Airmez Xbeats 2% Poster\" width=\"1920\" height=\"1079\" srcset=\"https:\/\/oiovape.com\/wp-content\/uploads\/2026\/01\/Airmez-Xbeats-2-Poster.png 1920w, https:\/\/oiovape.com\/wp-content\/uploads\/2026\/01\/Airmez-Xbeats-2-Poster-150x84.png 150w, https:\/\/oiovape.com\/wp-content\/uploads\/2026\/01\/Airmez-Xbeats-2-Poster-1200x674.png 1200w, https:\/\/oiovape.com\/wp-content\/uploads\/2026\/01\/Airmez-Xbeats-2-Poster-300x169.png 300w, https:\/\/oiovape.com\/wp-content\/uploads\/2026\/01\/Airmez-Xbeats-2-Poster-1024x575.png 1024w, https:\/\/oiovape.com\/wp-content\/uploads\/2026\/01\/Airmez-Xbeats-2-Poster-768x432.png 768w, https:\/\/oiovape.com\/wp-content\/uploads\/2026\/01\/Airmez-Xbeats-2-Poster-1536x863.png 1536w, https:\/\/oiovape.com\/wp-content\/uploads\/2026\/01\/Airmez-Xbeats-2-Poster-18x10.png 18w\" sizes=\"(max-width: 1920px) 100vw, 1920px\" \/><\/p>\n<h2 data-path-to-node=\"4\">Analyse van kernsterke punten<\/h2>\n<h3 data-path-to-node=\"5\">Waarom is de Airmez Xbeats 40K uw ultieme game-changer?<\/h3>\n<p data-path-to-node=\"6\">Afscheid nemend van de standaard plastic behuizingen op de markt, onderscheidt de Airmez Xbeats 40000 Puffs zich door zijn crossover-fusie en geavanceerde vape-technologie.<\/p>\n<h4 data-path-to-node=\"7\">Een dubbel carnaval van gehoor en smaak<\/h4>\n<p data-path-to-node=\"8\">Dit is geenszins slechts een gimmick. De ingebouwde Hi-Fi TWS-oordopjes uitgerust met de Bluetooth 5.0-chip bieden een soepele verbinding zonder uitval, precies als het dragen van een persoonlijke jukebox op uw oren. Het ingenieuze positieve en negatieve magnetische ontwerp maakt het opbergen en opladen van de oordopjes absoluut gemakkelijk\u2014een casual drop, een scherp \u201cklik\u201d op zijn plaats, en al uw OCD is onmiddellijk genezen.<\/p>\n<h4 data-path-to-node=\"9\">Enorme prestaties, afscheid van lege-tank-angst<\/h4>\n<p data-path-to-node=\"10\">De 22ML ultra-grote e-liquid-cabine is als een exclusieve \u201csapzee,\u201d die voldoende capaciteit biedt om meer dan een half maand zorgeloos rond te zwemmen zonder droog te vallen.<\/p>\n<h5 data-path-to-node=\"11\">Gen II Mesh Coil Black Technology<\/h5>\n<p data-path-to-node=\"12\">De 0.8\u03a9 Gen II Mesh Coil (Gen 2 Dual Mesh Coils) is als een ervaren barman, die elke druppel e-liquid nauwkeurig decodeert. Gecombineerd met het instelbare dual airflow-systeem aan de onderkant, of u nu een strakke, volle trek of een soepele, massieve wolk wilt, alles ligt op het puntje van uw vinger.<\/p>\n<h4 data-path-to-node=\"13\">Een visuele botsing van cyberpunk en straatmode<\/h4>\n<p data-path-to-node=\"14\">De chassisbehuizing maakt gebruik van een premium bakverf-proces, wat briljante kleuren en een warme, soepele aanraking biedt. Gecombineerd met het zeer technisch geavanceerde slimme digitale display aan de zijkant (dat nauwkeurig het e-liquid- en batterijniveau in real-time weergeeft), het in uw hand houden gaat niet alleen om een trek te bevredigen\u2014het is een opvallend modeaccessoire.<\/p>\n<h2 data-path-to-node=\"15\">Overzicht van maximale configuratie<\/h2>\n<table data-path-to-node=\"16\">\n<thead>\n<tr>\n<td><strong>Kernparameters<\/strong><\/td>\n<td><strong>Gedetailleerde Specificaties<\/strong><\/td>\n<\/tr>\n<\/thead>\n<tbody>\n<tr>\n<td><span data-path-to-node=\"16,1,0,0\"><b data-path-to-node=\"16,1,0,0\" data-index-in-node=\"0\">Apparaattype<\/b><\/span><\/td>\n<td><span data-path-to-node=\"16,1,1,0\">Smart Vape + TWS Earbuds 2 in 1<\/span><\/td>\n<\/tr>\n<tr>\n<td><span data-path-to-node=\"16,2,0,0\"><b data-path-to-node=\"16,2,0,0\" data-index-in-node=\"0\">Voorgevulde E-liquid<\/b><\/span><\/td>\n<td><span data-path-to-node=\"16,2,1,0\">22ML Massieve capaciteit<\/span><\/td>\n<\/tr>\n<tr>\n<td><span data-path-to-node=\"16,3,0,0\"><b data-path-to-node=\"16,3,0,0\" data-index-in-node=\"0\">Schatting aantal puffs<\/b><\/span><\/td>\n<td><span data-path-to-node=\"16,3,1,0\">Ongeveer 40000 puffs<\/span><\/td>\n<\/tr>\n<tr>\n<td><span data-path-to-node=\"16,4,0,0\"><b data-path-to-node=\"16,4,0,0\" data-index-in-node=\"0\">Batterijcapaciteit<\/b><\/span><\/td>\n<td><span data-path-to-node=\"16,4,1,0\">1000mAh (Voeding voor zowel apparaat als oordopjes tegelijk)<\/span><\/td>\n<\/tr>\n<tr>\n<td><span data-path-to-node=\"16,5,0,0\"><b data-path-to-node=\"16,5,0,0\" data-index-in-node=\"0\">Verwarmingskern<\/b><\/span><\/td>\n<td><span data-path-to-node=\"16,5,1,0\">0.8\u03a9 Gen II Mesh Coil<\/span><\/td>\n<\/tr>\n<tr>\n<td><span data-path-to-node=\"16,6,0,0\"><b data-path-to-node=\"16,6,0,0\" data-index-in-node=\"0\">Luchtstroomsysteem<\/b><\/span><\/td>\n<td><span data-path-to-node=\"16,6,1,0\">Instelbare dual airflow aan de onderkant<\/span><\/td>\n<\/tr>\n<tr>\n<td><span data-path-to-node=\"16,7,0,0\"><b data-path-to-node=\"16,7,0,0\" data-index-in-node=\"0\">Oorbud-connectiviteit<\/b><\/span><\/td>\n<td><span data-path-to-node=\"16,7,1,0\">Bluetooth 5.0<\/span><\/td>\n<\/tr>\n<tr>\n<td><span data-path-to-node=\"16,8,0,0\"><b data-path-to-node=\"16,8,0,0\" data-index-in-node=\"0\">Oplaadpoort<\/b><\/span><\/td>\n<td><span data-path-to-node=\"16,8,1,0\">USB Type-C snelladen<\/span><\/td>\n<\/tr>\n<tr>\n<td><span data-path-to-node=\"16,9,0,0\"><b data-path-to-node=\"16,9,0,0\" data-index-in-node=\"0\">Lichaamsontwerp<\/b><\/span><\/td>\n<td><span data-path-to-node=\"16,9,1,0\">Magnetische oordopjes \/ Premium bakverf proces \/ Zijkant slimme digitale display<\/span><\/td>\n<\/tr>\n<tr>\n<td><span data-path-to-node=\"16,10,0,0\"><b data-path-to-node=\"16,10,0,0\" data-index-in-node=\"0\">Activeringsmethode<\/b><\/span><\/td>\n<td><span data-path-to-node=\"16,10,1,0\">Trekactivering \/ Perfect voor MTL Vaping<\/span><\/td>\n<\/tr>\n<\/tbody>\n<\/table>\n<h2 data-path-to-node=\"17\">AiRMEZ Xbeats 40000 Puffs pakketlijst<\/h2>\n<ul data-path-to-node=\"18\">\n<li>\n<p data-path-to-node=\"18,0,0\">1 x AiRMEZ Xbeats 40000 Puffs Smart Vape Kit (inclusief TWS Bluetooth oordopjes)<\/p>\n<\/li>\n<\/ul>\n<h2 data-path-to-node=\"19\">Productdemovideo<\/h2>\n<p data-path-to-node=\"20\">\u25b6<\/p>\n<div style=\"width: 1920px;\" class=\"wp-video\"><video class=\"wp-video-shortcode\" id=\"video-5159-1\" width=\"1920\" height=\"1080\" preload=\"metadata\" controls=\"controls\"><source type=\"video\/mp4\" src=\"https:\/\/oiovape.com\/wp-content\/uploads\/2026\/04\/Airmez-Xbeats-40K-Video.mp4?_=1\" \/><a href=\"https:\/\/oiovape.com\/wp-content\/uploads\/2026\/04\/Airmez-Xbeats-40K-Video.mp4\">https:\/\/oiovape.com\/wp-content\/uploads\/2026\/04\/Airmez-Xbeats-40K-Video.mp4<\/a><\/video><\/div>\n<h2 data-path-to-node=\"21\">Smaakgids<\/h2>\n<h3 data-path-to-node=\"22\">15 smaakvolle feesten: welke is jouw hoofdgerecht?<\/h3>\n<p data-path-to-node=\"23\">Nog steeds verveeld door saaie en eentonige industri\u00eble kunstmatige aroma's? Airmez heeft een 24\/7 \u201cFruitworkshop\u201d speciaal voor jou voorbereid. Hier is je exclusieve smaakblindbox:<\/p>\n<ul data-path-to-node=\"24\">\n<li>\n<p data-path-to-node=\"24,0,0\"><b data-path-to-node=\"24,0,0\" data-index-in-node=\"0\">Vers fruitfeest<\/b>: Aardbei Watermeloen Druif \/ Kiwi Druif Framboos \/ Aardbei Kiwi \/ Blauwe bes Banaan \/ Dubbele appel \/ Tropische punch \/ Sappige perzik<\/p>\n<\/li>\n<li>\n<p data-path-to-node=\"24,1,0\"><b data-path-to-node=\"24,1,0\" data-index-in-node=\"0\">Chill-enthousiasten<\/b>: Blauwe bes ijs \/ Watermeloen ijs \/ Ananas ijs \/ Mango ijs<\/p>\n<\/li>\n<li>\n<p data-path-to-node=\"24,2,0\"><b data-path-to-node=\"24,2,0\" data-index-in-node=\"0\">Koolzuurhoudend ontwaken<\/b>: Fizzy Kersencola \/ Cola munt<\/p>\n<\/li>\n<li>\n<p data-path-to-node=\"24,3,0\"><b data-path-to-node=\"24,3,0\" data-index-in-node=\"0\">Zomerse specialiteiten<\/b>: Zomerdroom \/ Mr Blue<\/p>\n<\/li>\n<\/ul>\n<h3 data-path-to-node=\"25\">Sluit je ogen, laat je tong reizen<\/h3>\n<p data-path-to-node=\"26\">Stel je voor: net als de zachte, fruitige aroma diffundeert door je lippen en tanden, speelt je favoriete R&amp;B-nummer toevallig in je oren\u2014wat voor hemelse verwennerij is dit?<\/p>\n<p data-path-to-node=\"27\">Voor de hardcore verse fruitfans, <b data-path-to-node=\"27\" data-index-in-node=\"35\">\u201cAardbei Watermeloen Druif\u201d<\/b> is als het persen van de sappigste zomervruchten recht in je mond\u2014barstensvol sap, levendig en levend. Als je vandaag dringend moet afkoelen, <b data-path-to-node=\"27\" data-index-in-node=\"214\">\u201cBlauwe bes ijs\u201d<\/b> en <b data-path-to-node=\"27\" data-index-in-node=\"234\">\u201cAnanas ijs\u201d<\/b> voelt als een miniatuurgletsjer die langs je keel glijdt, met zich meennemend een weerspiegeling van frisse zoetheid temidden van de kou, die onmiddellijk uitgeputte zenuwen wakker maakt. Verlang je naar een vleugje nostalgie? <b data-path-to-node=\"27\" data-index-in-node=\"432\">\u201cFizzy Cherry Cola\u201d<\/b> repliceert perfect het sissen van het openen van een blikje en de dansende sensatie van koolzuur op het puntje van je tong, gecombineerd met een minty aftertaste die recht in je ziel treft.<\/p>\n<p><img decoding=\"async\" class=\"alignnone wp-image-5164 size-full\" title=\"Airmez Xbeat 40K 2% Smaak\" src=\"https:\/\/oiovape.com\/wp-content\/uploads\/2026\/01\/Airmez-Xbeat-40K-2-Flavor-scaled.png\" alt=\"Airmez Xbeat 40K 2% Smaak\" width=\"1810\" height=\"2560\" srcset=\"https:\/\/oiovape.com\/wp-content\/uploads\/2026\/01\/Airmez-Xbeat-40K-2-Flavor-scaled.png 1810w, https:\/\/oiovape.com\/wp-content\/uploads\/2026\/01\/Airmez-Xbeat-40K-2-Flavor-scaled-150x212.png 150w, https:\/\/oiovape.com\/wp-content\/uploads\/2026\/01\/Airmez-Xbeat-40K-2-Flavor-scaled-1200x1697.png 1200w, https:\/\/oiovape.com\/wp-content\/uploads\/2026\/01\/Airmez-Xbeat-40K-2-Flavor-212x300.png 212w, https:\/\/oiovape.com\/wp-content\/uploads\/2026\/01\/Airmez-Xbeat-40K-2-Flavor-724x1024.png 724w, https:\/\/oiovape.com\/wp-content\/uploads\/2026\/01\/Airmez-Xbeat-40K-2-Flavor-768x1086.png 768w, https:\/\/oiovape.com\/wp-content\/uploads\/2026\/01\/Airmez-Xbeat-40K-2-Flavor-1086x1536.png 1086w, https:\/\/oiovape.com\/wp-content\/uploads\/2026\/01\/Airmez-Xbeat-40K-2-Flavor-1448x2048.png 1448w, https:\/\/oiovape.com\/wp-content\/uploads\/2026\/01\/Airmez-Xbeat-40K-2-Flavor-8x12.png 8w\" sizes=\"(max-width: 1810px) 100vw, 1810px\" \/><\/p>\n<\/div>\n<\/div>\n<\/div>\n<\/div>\n<\/div>\n<\/div>\n<\/div>\n<\/div>\n<\/div>\n<\/div>\n<\/div>\n<\/div>\n<\/div>\n<\/div>\n<\/div>\n<\/div>\n<\/div>\n<\/div>\n<\/div>\n<\/div>\n<\/div>\n<\/div>\n<\/div>\n<\/div>\n<\/div>\n<\/div>\n<\/div>\n<\/div>\n<\/div>\n<\/div>\n<\/div>\n<\/div>\n<\/div>\n<\/div>\n<\/div>\n<\/div>\n<\/div>\n<\/div>\n<\/div>\n<\/div>\n<\/div>\n<\/div>\n<\/div>\n<\/div>\n<\/div>\n<\/div>\n<\/div>\n<\/div>\n<\/div>\n<\/div>\n<\/div>\n<\/div>\n<\/div>\n<\/div>","protected":false},"excerpt":{"rendered":"<div data-page-id=\"RAopf2sw9dtvw4cWYXpcTwo0n8g\" data-lark-html-role=\"root\" data-docx-has-block-data=\"false\">\n<div class=\"ace-line ace-line old-record-id-Uju9f3RXYd8dh2crAJbcBF3Un6M\">De Airmez Xbeats 40000 Puffs biedt 15 levendige smaken, van fruitige mengsels tot ijskoude hits. Gevuld met 22ML e-liquid, dubbele luchtstroom, Bluetooth 5.0 en ingebouwde Hi-Fi koptelefoon, combineert het strak design met geavanceerde technologie voor een onverslaanbare vape- en muziekervaring.<\/div>\n<\/div>","protected":false},"featured_media":5174,"comment_status":"open","ping_status":"closed","template":"","meta":{"_acf_changed":false,"inline_featured_image":false,"_sitemap_exclude":false,"_sitemap_priority":"","_sitemap_frequency":""},"product_brand":[92],"product_cat":[86,239,244,229],"product_tag":[],"class_list":{"0":"post-5159","1":"product","2":"type-product","3":"status-publish","4":"has-post-thumbnail","6":"product_brand-airmez","7":"product_cat-airmez-puff","8":"product_cat-disposable-vape-collection","9":"product_cat-40k-puff","10":"product_cat-ship-from-german","12":"first","13":"instock","14":"sale","15":"shipping-taxable","16":"purchasable","17":"product-type-variable","18":"has-default-attributes"},"acf":[],"tiered_pricing_type":"fixed","tiered_pricing_fixed_rules":{"30":13.58,"60":13.4,"100":13.29,"200":13.1},"tiered_pricing_product_settings":{"layout":"default","base_unit_name":{"singular":null,"plural":null},"default_variation":null},"tiered_pricing_minimum_quantity":10,"tiered_pricing_roles_data":[],"tiered_pricing_percentage_rules":[],"tiered_pricing_maximum_quantity":null,"tiered_pricing_quantity_step":"10","_links":{"self":[{"href":"https:\/\/oiovape.com\/nl\/wp-json\/wp\/v2\/product\/5159","targetHints":{"allow":["GET"]}}],"collection":[{"href":"https:\/\/oiovape.com\/nl\/wp-json\/wp\/v2\/product"}],"about":[{"href":"https:\/\/oiovape.com\/nl\/wp-json\/wp\/v2\/types\/product"}],"replies":[{"embeddable":true,"href":"https:\/\/oiovape.com\/nl\/wp-json\/wp\/v2\/comments?post=5159"}],"version-history":[{"count":4,"href":"https:\/\/oiovape.com\/nl\/wp-json\/wp\/v2\/product\/5159\/revisions"}],"predecessor-version":[{"id":8257,"href":"https:\/\/oiovape.com\/nl\/wp-json\/wp\/v2\/product\/5159\/revisions\/8257"}],"wp:featuredmedia":[{"embeddable":true,"href":"https:\/\/oiovape.com\/nl\/wp-json\/wp\/v2\/media\/5174"}],"wp:attachment":[{"href":"https:\/\/oiovape.com\/nl\/wp-json\/wp\/v2\/media?parent=5159"}],"wp:term":[{"taxonomy":"product_brand","embeddable":true,"href":"https:\/\/oiovape.com\/nl\/wp-json\/wp\/v2\/product_brand?post=5159"},{"taxonomy":"product_cat","embeddable":true,"href":"https:\/\/oiovape.com\/nl\/wp-json\/wp\/v2\/product_cat?post=5159"},{"taxonomy":"product_tag","embeddable":true,"href":"https:\/\/oiovape.com\/nl\/wp-json\/wp\/v2\/product_tag?post=5159"}],"curies":[{"name":"wp","href":"https:\/\/api.w.org\/{rel}","templated":true}]}}