{"id":6491,"date":"2026-02-02T14:02:03","date_gmt":"2026-02-02T06:02:03","guid":{"rendered":"https:\/\/oiovape.com\/?post_type=product&#038;p=6491"},"modified":"2026-04-16T15:48:23","modified_gmt":"2026-04-16T07:48:23","slug":"waspe-crystal-180000-puffs","status":"publish","type":"product","link":"https:\/\/oiovape.com\/nl\/product\/waspe-crystal-180000-puffs\/","title":{"rendered":"WASPE Crystal 180000 PUFFS 8 in 1 Smaak LED Display Slim Oplaadbare Bulk Wegwerp Vape"},"content":{"rendered":"<div data-page-id=\"ZVeMfq8uxd7y1ycuKm5cym4LnYd\" data-lark-html-role=\"root\" data-docx-has-block-data=\"false\">\n<div data-page-id=\"Fd41fZ5N9dzRQtcRNoVc2FuDnCh\" data-lark-html-role=\"root\" data-docx-has-block-data=\"true\">\n<div data-page-id=\"BdIJfeeijdk1eucGpS8cDCBBn5c\" data-lark-html-role=\"root\" data-docx-has-block-data=\"false\">\n<div data-page-id=\"Zbg9fWx77dUuh2cIYpic25c8nyd\" data-lark-html-role=\"root\" data-docx-has-block-data=\"false\">\n<div data-page-id=\"KaIvfiurhdlCKdc0kyxcX64cnE6\" data-lark-html-role=\"root\" data-docx-has-block-data=\"true\">\n<div data-page-id=\"PbvFfqxqlddUTScRpEYcY5MHnpf\" data-lark-html-role=\"root\" data-docx-has-block-data=\"true\">\n<div data-page-id=\"GZO2f5JeudwY4jc9iJtcdk9Hnxh\" data-lark-html-role=\"root\" data-docx-has-block-data=\"false\">\n<div data-page-id=\"EZVRf2acFduXLGcseZFc4qH2n6e\" data-lark-html-role=\"root\" data-docx-has-block-data=\"false\">\n<div data-page-id=\"B8rHfcqlqdzmH5cCWCncz17Cntb\" data-lark-html-role=\"root\" data-docx-has-block-data=\"false\">\n<div data-page-id=\"B8rHfcqlqdzmH5cCWCncz17Cntb\" data-lark-html-role=\"root\" data-docx-has-block-data=\"false\">\n<div data-page-id=\"B8rHfcqlqdzmH5cCWCncz17Cntb\" data-lark-html-role=\"root\" data-docx-has-block-data=\"true\">\n<div data-page-id=\"HM70f1aoxdD0bMcxJZBcVc7ynZd\" data-lark-html-role=\"root\" data-docx-has-block-data=\"false\">\n<div data-page-id=\"NSrJfN7Ord22i0c1iwZcsF8yn8b\" data-lark-html-role=\"root\" data-docx-has-block-data=\"false\">\n<div data-page-id=\"RXEff4Mskds8o1cqL5HcGEtUnCh\" data-lark-html-role=\"root\" data-docx-has-block-data=\"false\">\n<div data-page-id=\"KJ7gfqkVndMSRJcMseScmvYwnTc\" data-lark-html-role=\"root\" data-docx-has-block-data=\"false\">\n<div class=\"ace-line ace-line old-record-id-QADAfETPudgmudc05YvcTO5fnxe\">\n<div data-page-id=\"KJ7gfqkVndMSRJcMseScmvYwnTc\" data-lark-html-role=\"root\" data-docx-has-block-data=\"false\">\n<div class=\"ace-line ace-line old-record-id-JoRkfpho8dOkiacEOascDyCOncb\">\n<div data-page-id=\"KJ7gfqkVndMSRJcMseScmvYwnTc\" data-lark-html-role=\"root\" data-docx-has-block-data=\"false\">\n<div data-page-id=\"Ju6ofQ3V4dGmePcVvJvc1gmcnZb\" data-lark-html-role=\"root\" data-docx-has-block-data=\"true\">\n<div data-page-id=\"PR9ife5PLdFabccbFgZcWgZOnTc\" data-lark-html-role=\"root\" data-docx-has-block-data=\"false\">\n<div data-page-id=\"INdrfOIGzdaenXcptrcc1BcznQc\" data-lark-html-role=\"root\" data-docx-has-block-data=\"false\">\n<div class=\"ace-line ace-line old-record-id-P0fIf4YaZdoGkbcxt5ackec2nnb\">\n<div data-page-id=\"INdrfOIGzdaenXcptrcc1BcznQc\" data-lark-html-role=\"root\" data-docx-has-block-data=\"false\">\n<div data-page-id=\"MAzCfUB73dMTQscm8eWcougVn1g\" data-lark-html-role=\"root\" data-docx-has-block-data=\"true\">\n<div data-page-id=\"AXfpf7H1odhDvGcKoUOcErN8nV7\" data-lark-html-role=\"root\" data-docx-has-block-data=\"false\">\n<div data-page-id=\"QYTKf5PvLdUNdbce2nBcW9yfnrh\" data-lark-html-role=\"root\" data-docx-has-block-data=\"false\">\n<div data-page-id=\"Pvu1f1CCBdxbjncA9pgcBTpanph\" data-lark-html-role=\"root\" data-docx-has-block-data=\"true\">\n<div data-page-id=\"Axf3fcmY8dDAhtcjVircBcphnPc\" data-lark-html-role=\"root\" data-docx-has-block-data=\"false\">\n<div data-page-id=\"KKj1f9SPmdLhhMc5E2AcNlLen6f\" data-lark-html-role=\"root\" data-docx-has-block-data=\"true\">\n<div data-page-id=\"Rx61fK1sJdXHjPcBuhZcweNhnwc\" data-lark-html-role=\"root\" data-docx-has-block-data=\"false\">\n<div data-page-id=\"L1H9fkG9Mdz45Fcy4WMc5VKXnRe\" data-lark-html-role=\"root\" data-docx-has-block-data=\"false\">\n<div data-page-id=\"L1H9fkG9Mdz45Fcy4WMc5VKXnRe\" data-lark-html-role=\"root\" data-docx-has-block-data=\"false\">\n<div data-page-id=\"D4XLfVBVrdE8mrcaYizczklLnaf\" data-lark-html-role=\"root\" data-docx-has-block-data=\"false\">\n<div data-page-id=\"WVcifIY44d5mhMcXtyEcTsfenGd\" data-lark-html-role=\"root\" data-docx-has-block-data=\"true\">\n<div data-page-id=\"LRknfa6Whd4DWCcUc0FcNKpJnyh\" data-lark-html-role=\"root\" data-docx-has-block-data=\"false\">\n<div data-page-id=\"LRknfa6Whd4DWCcUc0FcNKpJnyh\" data-lark-html-role=\"root\" data-docx-has-block-data=\"false\">\n<div data-page-id=\"XFRAfkcOEdRWh8cArQ2cJdyRnJf\" data-lark-html-role=\"root\" data-docx-has-block-data=\"true\">\n<div data-page-id=\"OQ3bfjnRddMTDGcC3ouc6xFKnWf\" data-lark-html-role=\"root\" data-docx-has-block-data=\"true\">\n<div data-page-id=\"J0iGfj1hEdjc4rcUdSmc4spMnmZ\" data-lark-html-role=\"root\" data-docx-has-block-data=\"false\">\n<div data-page-id=\"P1o7fFyNlduP8tcfZpQcagzbnIf\" data-lark-html-role=\"root\" data-docx-has-block-data=\"false\">\n<div class=\"ace-line ace-line old-record-id-P1o7fFyNlduP8tcfZpQcagzbnIf\">\n<div data-page-id=\"P1o7fFyNlduP8tcfZpQcagzbnIf\" data-lark-html-role=\"root\" data-docx-has-block-data=\"false\">\n<div data-page-id=\"U4iufW38SdttWKcTstMcTtHRnXc\" data-lark-html-role=\"root\" data-docx-has-block-data=\"true\">\n<div data-page-id=\"ONVMf7VTWddcFtcyATOchCJHnZb\" data-lark-html-role=\"root\" data-docx-has-block-data=\"true\">\n<div data-page-id=\"KoW2fSy0PdLHFlc5kSHcgvWMnYg\" data-lark-html-role=\"root\" data-docx-has-block-data=\"false\">\n<div data-page-id=\"KoW2fSy0PdLHFlc5kSHcgvWMnYg\" data-lark-html-role=\"root\" data-docx-has-block-data=\"false\">\n<div data-page-id=\"OLGhfzxC7d7EFIcLEj9cRT5ynZf\" data-lark-html-role=\"root\" data-docx-has-block-data=\"false\">\n<div data-page-id=\"DdnnfrLjzdqrFIc9Il9c7pA2noc\" data-lark-html-role=\"root\" data-docx-has-block-data=\"true\">\n<div data-page-id=\"KNzcf2o0oddkJOcztTVcqPdlnth\" data-lark-html-role=\"root\" data-docx-has-block-data=\"false\">\n<div data-page-id=\"LBU7fg5SEdkWhecGJoxca3xvnCe\" data-lark-html-role=\"root\" data-docx-has-block-data=\"false\">\n<div data-page-id=\"EB70fooS3d69bMcgWB7c5qb9n8g\" data-lark-html-role=\"root\" data-docx-has-block-data=\"false\">\n<div data-page-id=\"AogwfsZCadB6t0cAvF0cK4JLnvf\" data-lark-html-role=\"root\" data-docx-has-block-data=\"false\">\n<div data-page-id=\"AogwfsZCadB6t0cAvF0cK4JLnvf\" data-lark-html-role=\"root\" data-docx-has-block-data=\"false\">\n<div data-page-id=\"JMZIflNGddQuU0c5JZocSqlvnle\" data-lark-html-role=\"root\" data-docx-has-block-data=\"false\">\n<div data-page-id=\"JMZIflNGddQuU0c5JZocSqlvnle\" data-lark-html-role=\"root\" data-docx-has-block-data=\"true\">\n<div data-page-id=\"HtEafjjRIdPAlMc9zgYcsGy6nOe\" data-lark-html-role=\"root\" data-docx-has-block-data=\"false\">\n<div data-page-id=\"Rhnafz0WTdDeT9c43xxczsbVnJo\" data-lark-html-role=\"root\" data-docx-has-block-data=\"false\">\n<div data-page-id=\"WY0CfKdcTdf4hVcZl67ct5LGncf\" data-lark-html-role=\"root\" data-docx-has-block-data=\"true\">\n<div data-page-id=\"MkB5fF4AVdchovcoPEpc7LqvnOd\" data-lark-html-role=\"root\" data-docx-has-block-data=\"true\">\n<div data-page-id=\"MfbjfZhbhdJdA8cH1dAckqF0n6g\" data-lark-html-role=\"root\" data-docx-has-block-data=\"false\">\n<div class=\"ace-line ace-line old-record-id-W2AHfJLnjd7ugjcRLs1c8BdhnNh\">\n<div data-page-id=\"MfbjfZhbhdJdA8cH1dAckqF0n6g\" data-lark-html-role=\"root\" data-docx-has-block-data=\"false\">\n<div class=\"old-record-id-XXd1feeCZdR2hJc6evocxnh1nOg\">\n<div data-page-id=\"MfbjfZhbhdJdA8cH1dAckqF0n6g\" data-lark-html-role=\"root\" data-docx-has-block-data=\"false\">\n<div data-page-id=\"DE51fYUmxdT3ekcHzc3cGrVQnsc\" data-lark-html-role=\"root\" data-docx-has-block-data=\"false\">\n<div data-page-id=\"YSKdfaZ08dRej3ci5CccQBuOncc\" data-lark-html-role=\"root\" data-docx-has-block-data=\"true\">\n<div data-page-id=\"K6mofQmledamEFcgp1EcVobmnYd\" data-lark-html-role=\"root\" data-docx-has-block-data=\"false\">\n<div data-page-id=\"VTgsfVLdCd9q1ucYcwRcCM0Hnof\" data-lark-html-role=\"root\" data-docx-has-block-data=\"true\">\n<div data-page-id=\"WucKfzp8RdNy8rcMJHncz4Knnac\" data-lark-html-role=\"root\" data-docx-has-block-data=\"true\">\n<div data-page-id=\"IfZ9fDIBLd9b9hcJiqGcLw9Pnmh\" data-lark-html-role=\"root\" data-docx-has-block-data=\"false\">\n<div data-page-id=\"JeU6f3Yq5dbdEHcZDptc5ikcn5c\" data-lark-html-role=\"root\" data-docx-has-block-data=\"true\">\n<div data-page-id=\"E1YjfnB4Jdmtsfc2ZObcu04Un6c\" data-lark-html-role=\"root\" data-docx-has-block-data=\"false\">\n<div data-page-id=\"RQVEfdiOzdqTQKcRcnxcG0Y7nce\" data-lark-html-role=\"root\" data-docx-has-block-data=\"true\">\n<div data-page-id=\"NKc7fbZi9dnOXocdHcScVsXdnmh\" data-lark-html-role=\"root\" data-docx-has-block-data=\"false\">\n<div data-page-id=\"DaE3fgNEwdnbQVc62iqcBK4lnte\" data-lark-html-role=\"root\" data-docx-has-block-data=\"false\">\n<div data-page-id=\"DaE3fgNEwdnbQVc62iqcBK4lnte\" data-lark-html-role=\"root\" data-docx-has-block-data=\"false\">\n<div data-page-id=\"KyZ4fb9NeduIEZch0Slc4KKdnIh\" data-lark-html-role=\"root\" data-docx-has-block-data=\"true\">\n<div data-page-id=\"XvY4fM2sEdfLGRcqTPHcASQ7nkh\" data-lark-html-role=\"root\" data-docx-has-block-data=\"true\">\n<h2 data-path-to-node=\"2\">WASPE Crystal 180000 Puffs: Waarom genoegen nemen met \u00e9\u00e9n als je een \u201cSmaak Doolhof\u201d kunt beheersen?<\/h2>\n<p data-path-to-node=\"3\">In de zoektocht naar de ultieme vape-ervaring, de <b data-path-to-node=\"3\" data-index-in-node=\"53\">WASPE Crystal 180K<\/b> heeft officieel de grens van duurzaamheid doorbroken. Als een mijlpaalbereikt in de grote puff-arena, biedt het niet alleen een verbijsterende levensduur van 180000 puffs\u2014het is een \u201csmaak laboratorium\u201d dat in je zak past. Deze premium vape pen, voorzien van een uniek <b data-path-to-node=\"3\" data-index-in-node=\"325\">8 in 1 draaikeuzesysteem<\/b>, stelt gebruikers in staat om tussen smaakdimensies te springen zonder apparaten te wisselen. Het is momenteel het meest competitieve sterproduct op de vape-groothandelmarkt.<\/p>\n<p><img decoding=\"async\" class=\"alignnone wp-image-6536 size-full\" title=\"Waspe Crystal 180k poster\" src=\"https:\/\/oiovape.com\/wp-content\/uploads\/2026\/02\/Waspe-Crystal-180k-poster.jpg\" alt=\"Waspe Crystal 180k poster\" width=\"1920\" height=\"800\" srcset=\"https:\/\/oiovape.com\/wp-content\/uploads\/2026\/02\/Waspe-Crystal-180k-poster.jpg 1920w, https:\/\/oiovape.com\/wp-content\/uploads\/2026\/02\/Waspe-Crystal-180k-poster-300x125.jpg 300w, https:\/\/oiovape.com\/wp-content\/uploads\/2026\/02\/Waspe-Crystal-180k-poster-1024x427.jpg 1024w, https:\/\/oiovape.com\/wp-content\/uploads\/2026\/02\/Waspe-Crystal-180k-poster-768x320.jpg 768w, https:\/\/oiovape.com\/wp-content\/uploads\/2026\/02\/Waspe-Crystal-180k-poster-1536x640.jpg 1536w, https:\/\/oiovape.com\/wp-content\/uploads\/2026\/02\/Waspe-Crystal-180k-poster-18x8.jpg 18w, https:\/\/oiovape.com\/wp-content\/uploads\/2026\/02\/Waspe-Crystal-180k-poster-1200x500.jpg 1200w, https:\/\/oiovape.com\/wp-content\/uploads\/2026\/02\/Waspe-Crystal-180k-poster-150x63.jpg 150w\" sizes=\"(max-width: 1920px) 100vw, 1920px\" \/><\/p>\n<h2 data-path-to-node=\"4\">Waarom be\u00ebindigt het 8 in 1 draaiontwerp \u201cSmaakvermoeidheid\u201d?<\/h2>\n<p data-path-to-node=\"5\">Het grootste probleem met apparaten met grote capaciteit is vast te zitten: zodra je een smaak kiest, ben je er weken aan gebonden. De WASPE Crystal 180000 Puffs lost dit op via het kenmerkende <b data-path-to-node=\"5\" data-index-in-node=\"183\">rotatief schakelmechanisme<\/b>.<\/p>\n<h3 data-path-to-node=\"6\">Draaien, Vergrendelen, Genieten: Totale Beheersing Over Je Smaakpapillen<\/h3>\n<p data-path-to-node=\"7\">Niet meer gegijzeld door \u00e9\u00e9n profiel. Elk apparaat bevat 4 basissmaken die, via geavanceerde fysieke menglogica, 8 verschillende smaakcombinaties opleveren. Met een eenvoudige draai van het gekleurde mondstuk kun je in een fractie van een seconde overgaan van een frisse fruitbos naar een zoet snoepwonderland.<\/p>\n<h2 data-path-to-node=\"9\">Hardwareprestaties: Voorbij Louter Getallen, een Sprong in Kwaliteit<\/h2>\n<h3 data-path-to-node=\"10\">Quad-Core Drive: 1.0\u03a9 x4 Mesh Coil Synergie<\/h3>\n<p data-path-to-node=\"11\">Als een top-tier <b data-path-to-node=\"11\" data-index-in-node=\"14\">big puff<\/b> device, zorgt ervoor dat <b data-path-to-node=\"11\" data-index-in-node=\"45\">68ml<\/b> van e-liquid consistent blijft van de eerste hit tot de allerlaatste is geen kleinigheid. WASPE 8 in 1 Crystal 180000 Puffs maakt gebruik van een zeldzame <b data-path-to-node=\"11\" data-index-in-node=\"157\">Quad-Mesh Coil<\/b> systeem.<\/p>\n<ul data-path-to-node=\"12\">\n<li>\n<p data-path-to-node=\"12,0,0\"><b data-path-to-node=\"12,0,0\" data-index-in-node=\"0\">Fijnere Atomisatie:<\/b> Vier spoelen werken in harmonie om koolstofophoping te voorkomen, wat zorgt voor damp die zo zijdeachtig is als een ochtendmist.<\/p>\n<\/li>\n<li>\n<p data-path-to-node=\"12,1,0\"><b data-path-to-node=\"12,1,0\" data-index-in-node=\"0\">Uniforme Warmteverdeling:<\/b> Zelfs wanneer de batterij bijna leeg is, ontgrendelt het systeem onmiddellijk de complexe aromatische lagen van de e-liquid.<\/p>\n<\/li>\n<\/ul>\n<h4 data-path-to-node=\"13\">Technische Specificaties (Waspe Crystal 180000 Puffs):<\/h4>\n<table data-path-to-node=\"14\">\n<thead>\n<tr>\n<td><strong>Kenmerk<\/strong><\/td>\n<td><strong>Waarde<\/strong><\/td>\n<\/tr>\n<\/thead>\n<tbody>\n<tr>\n<td><span data-path-to-node=\"14,1,0,0\"><b data-path-to-node=\"14,1,0,0\" data-index-in-node=\"0\">Totaal Puffs<\/b><\/span><\/td>\n<td><span data-path-to-node=\"14,1,1,0\">180000 Puffs<\/span><\/td>\n<\/tr>\n<tr>\n<td><span data-path-to-node=\"14,2,0,0\"><b data-path-to-node=\"14,2,0,0\" data-index-in-node=\"0\">Smaakstand<\/b><\/span><\/td>\n<td><span data-path-to-node=\"14,2,1,0\">8 in 1 Roterende Schakelaar<\/span><\/td>\n<\/tr>\n<tr>\n<td><span data-path-to-node=\"14,3,0,0\"><b data-path-to-node=\"14,3,0,0\" data-index-in-node=\"0\">Atomizer<\/b><\/span><\/td>\n<td><span data-path-to-node=\"14,3,1,0\">1.0\u03a9 x4 Mesh Coil<\/span><\/td>\n<\/tr>\n<tr>\n<td><span data-path-to-node=\"14,4,0,0\"><b data-path-to-node=\"14,4,0,0\" data-index-in-node=\"0\">E-vloeistof Capaciteit<\/b><\/span><\/td>\n<td><span data-path-to-node=\"14,4,1,0\">68ml<\/span><\/td>\n<\/tr>\n<tr>\n<td><span data-path-to-node=\"14,5,0,0\"><b data-path-to-node=\"14,5,0,0\" data-index-in-node=\"0\">Batterijcapaciteit<\/b><\/span><\/td>\n<td><span data-path-to-node=\"14,5,1,0\">650mAh<\/span><\/td>\n<\/tr>\n<tr>\n<td><span data-path-to-node=\"14,6,0,0\"><b data-path-to-node=\"14,6,0,0\" data-index-in-node=\"0\">Oplaadpoort<\/b><\/span><\/td>\n<td><span data-path-to-node=\"14,6,1,0\">Type-C Snelladen<\/span><\/td>\n<\/tr>\n<tr>\n<td><span data-path-to-node=\"14,7,0,0\"><b data-path-to-node=\"14,7,0,0\" data-index-in-node=\"0\">Productcategorie<\/b><\/span><\/td>\n<td><span data-path-to-node=\"14,7,1,0\">Premium <b data-path-to-node=\"14,7,1,0\" data-index-in-node=\"8\">Vape Pen<\/b><\/span><\/td>\n<\/tr>\n<\/tbody>\n<\/table>\n<h2 data-path-to-node=\"16\">12 Samengestelde Collecties: Een Zielsverwant voor Elke Vaper<\/h2>\n<p data-path-to-node=\"17\">De WASPE Crystal 8 in 1 180K ontleedt de meest populaire smaaksymbolen ter wereld en stelt ze opnieuw samen in 12 verschillende persoonlijkheidsgestuurde collecties.<\/p>\n<h5 data-path-to-node=\"18\">Sterke Smaakaccenten (Smaaklist):<\/h5>\n<p>1. Watermeloen Ijs &amp; Citroen Limoen &amp; Zure Mango Ijs &amp; Kiwi Meloen Ijs<br \/>\n2. Bosbes Ijs &amp; Kersencola &amp; Aardbei Vanille &amp; Citroen Kers<br \/>\n3. Red Bull Ijs &amp; Aardbei Ijs &amp; Sour Fcuking Fab &amp; Cola Ijs<br \/>\n4. Druif Ijs &amp; Aardbei Kiwi &amp; Watermeloen Ijs &amp; Blue Rancher<br \/>\n5. Meloen Passievrucht &amp; Zure Mango Ananas &amp; Banaan Toffee Snoep &amp; Aardbei Bes<br \/>\n6. Aardbei Watermeloen &amp; Koele Munt &amp; Blauwe Razz Ijs &amp; Zwarte Bes Ijs<br \/>\n7. Braambes Ijs &amp; Dubbele Appel &amp; Zwarte Draak Ijs &amp; Aardbei Kiwi<br \/>\n8. Aardbei Red Bull &amp; Kersensiroop &amp; Kers Citroen &amp; Tropisch Fruit<br \/>\n9. Gemengde Bessen &amp; Citroen Limoen &amp; Blauwe Bes Framboos &amp; Groene Appel<br \/>\n10. Aardbei Framboos Kers &amp; Aardbei Watermeloen &amp; Kiwi Watermeloen &amp; Citroen Limoen<br \/>\n11. Aardbei Banaan &amp; Mango Perzik &amp; Drievoudige Bessen &amp; Aardbei Ananas<br \/>\n12. Blauwe Razz Limonade &amp; Kers Citroen &amp; Blauwe Bes Ijs &amp; Watermeloen Perzik<\/p>\n<p><img decoding=\"async\" class=\"alignnone wp-image-6537 size-full\" title=\"Waspe Crystal 180k smaak\" src=\"https:\/\/oiovape.com\/wp-content\/uploads\/2026\/02\/Waspe-Crystal-180k-flavor-scaled.jpg\" alt=\"Waspe Crystal 180k smaak\" width=\"1705\" height=\"2560\" srcset=\"https:\/\/oiovape.com\/wp-content\/uploads\/2026\/02\/Waspe-Crystal-180k-flavor-scaled.jpg 1705w, https:\/\/oiovape.com\/wp-content\/uploads\/2026\/02\/Waspe-Crystal-180k-flavor-200x300.jpg 200w, https:\/\/oiovape.com\/wp-content\/uploads\/2026\/02\/Waspe-Crystal-180k-flavor-682x1024.jpg 682w, https:\/\/oiovape.com\/wp-content\/uploads\/2026\/02\/Waspe-Crystal-180k-flavor-768x1153.jpg 768w, https:\/\/oiovape.com\/wp-content\/uploads\/2026\/02\/Waspe-Crystal-180k-flavor-1023x1536.jpg 1023w, https:\/\/oiovape.com\/wp-content\/uploads\/2026\/02\/Waspe-Crystal-180k-flavor-1364x2048.jpg 1364w, https:\/\/oiovape.com\/wp-content\/uploads\/2026\/02\/Waspe-Crystal-180k-flavor-8x12.jpg 8w, https:\/\/oiovape.com\/wp-content\/uploads\/2026\/02\/Waspe-Crystal-180k-flavor-1200x1802.jpg 1200w, https:\/\/oiovape.com\/wp-content\/uploads\/2026\/02\/Waspe-Crystal-180k-flavor-150x225.jpg 150w\" sizes=\"(max-width: 1705px) 100vw, 1705px\" \/><\/p>\n<h2 data-path-to-node=\"21\">Veelgestelde Vragen (FAQ)<\/h2>\n<h4 data-path-to-node=\"22\">V: Kunnen 180000 trekjes echt zo lang meegaan?<\/h4>\n<p data-path-to-node=\"23\"><b data-path-to-node=\"23\" data-index-in-node=\"0\">A:<\/b> Het hangt af van uw trekkingsfrequentie. Als een apparaat met grote capaciteit <b data-path-to-node=\"23\" data-index-in-node=\"57\">vape pen<\/b>, kan het enkele weken meegaan voor zware gebruikers; voor casual vapers fungeert het als een betrouwbare \u201cbasisstation\u201d dat altijd klaar is.<\/p>\n<h4 data-path-to-node=\"24\">V: Is dit product beschikbaar voor bulkaankoop?<\/h4>\n<p data-path-to-node=\"25\"><b data-path-to-node=\"25\" data-index-in-node=\"0\">A:<\/b> Absoluut. De WASPE Crystal 180K is momenteel een item met hoge vraag in het <b data-path-to-node=\"25\" data-index-in-node=\"77\">vape groothandel<\/b> kanaal. Het hoge aantal trekjes en de smaakwisseltruc zorgen voor hoge zichtbaarheid en herhaalde aankopen op detailniveau.<\/p>\n<h4 data-path-to-node=\"26\">V: Wat toont het LED-scherm?<\/h4>\n<p data-path-to-node=\"27\"><b data-path-to-node=\"27\" data-index-in-node=\"0\">A:<\/b> Het biedt real-time monitoring van batterijduur en e-vloeistofniveaus, waardoor u wordt gespaard van de \u201cverbrande trekkje\u201d verrassing wanneer de vloeistof op is.<\/p>\n<h4 data-path-to-node=\"28\">V: Is een 650mAh-batterij voldoende voor zo'n groot apparaat?<\/h4>\n<p data-path-to-node=\"29\"><b data-path-to-node=\"29\" data-index-in-node=\"0\">A:<\/b> Het is een technisch geoptimaliseerd evenwichtspunt. In combinatie met <b data-path-to-node=\"29\" data-index-in-node=\"48\">Type-C snel opladen<\/b>, kunt u in de tijd die het kost om een koffie te pakken volledig opladen, wat sterke prestaties de hele dag garandeert.<\/p>\n<h3 data-path-to-node=\"31\">Drie kernredenen om voor Waspe Crystal 180000 Trekjes te kiezen:<\/h3>\n<ol start=\"1\" data-path-to-node=\"32\">\n<li>\n<p data-path-to-node=\"32,0,0\"><b data-path-to-node=\"32,0,0\" data-index-in-node=\"0\">De piek van waarde:<\/b> 68ml e-vloeistof vervult elke <b data-path-to-node=\"32,0,0\" data-index-in-node=\"51\">big puff<\/b> fantasie\u2014een echt cadeau voor de \u201clange-termijndenker.\u201d<\/p>\n<\/li>\n<li>\n<p data-path-to-node=\"32,1,0\"><b data-path-to-node=\"32,1,0\" data-index-in-node=\"0\">Weiger verveling:<\/b> De 8-in-1 schakelaar houdt uw smaakpapillen ge\u00efnteresseerd; \u00e9\u00e9n apparaat doet het werk van acht.<\/p>\n<\/li>\n<li>\n<p data-path-to-node=\"32,2,0\"><b data-path-to-node=\"32,2,0\" data-index-in-node=\"0\">Groothandelsesenties:<\/b> Met zijn unieke ontwerp en stabiele prestaties is het een zeldzame winstgroei-engine in de <b data-path-to-node=\"32,2,0\" data-index-in-node=\"109\">vape groothandel<\/b> sector.<\/p>\n<\/li>\n<\/ol>\n<\/div>\n<\/div>\n<\/div>\n<\/div>\n<\/div>\n<\/div>\n<\/div>\n<\/div>\n<\/div>\n<\/div>\n<\/div>\n<\/div>\n<\/div>\n<\/div>\n<\/div>\n<\/div>\n<\/div>\n<\/div>\n<\/div>\n<\/div>\n<\/div>\n<\/div>\n<\/div>\n<\/div>\n<\/div>\n<\/div>\n<\/div>\n<\/div>\n<\/div>\n<\/div>\n<\/div>\n<\/div>\n<\/div>\n<\/div>\n<\/div>\n<\/div>\n<\/div>\n<\/div>\n<\/div>\n<\/div>\n<\/div>\n<\/div>\n<\/div>\n<\/div>\n<\/div>\n<\/div>\n<\/div>\n<\/div>\n<\/div>\n<\/div>\n<\/div>\n<\/div>\n<\/div>\n<\/div>\n<\/div>\n<\/div>\n<\/div>\n<\/div>\n<\/div>\n<\/div>\n<\/div>\n<\/div>\n<\/div>\n<\/div>\n<\/div>\n<\/div>\n<\/div>\n<\/div>\n<\/div>\n<\/div>\n<\/div>\n<\/div>\n<\/div>\n<\/div>\n<\/div>\n<\/div>\n<\/div>\n<\/div>\n<\/div>","protected":false},"excerpt":{"rendered":"<div data-page-id=\"RAopf2sw9dtvw4cWYXpcTwo0n8g\" data-lark-html-role=\"root\" data-docx-has-block-data=\"false\">\n<div class=\"ace-line ace-line old-record-id-Uju9f3RXYd8dh2crAJbcBF3Un6M\">De WASPE Crystal 180000 Puffs wegwerp vape biedt 48 levendige smaken verdeeld over 12 collecties. Het bevat 4 mesh-coils, 68ml e-liquid en een 650mAh oplaadbare batterij. Met 0%\/2%\/5% nicotine opties en een LED-display, levert het langdurig, op maat gemaakt vape-plezier voor elke fan.<\/div>\n<\/div>","protected":false},"featured_media":6538,"comment_status":"open","ping_status":"closed","template":"","meta":{"_acf_changed":false,"inline_featured_image":false,"_sitemap_exclude":false,"_sitemap_priority":"","_sitemap_frequency":""},"product_brand":[98],"product_cat":[82,229],"product_tag":[],"class_list":{"0":"post-6491","1":"product","2":"type-product","3":"status-publish","4":"has-post-thumbnail","6":"product_brand-waspe","7":"product_cat-waspe-puff","8":"product_cat-ship-from-german","10":"first","11":"instock","12":"sale","13":"shipping-taxable","14":"purchasable","15":"product-type-variable","16":"has-default-attributes"},"acf":[],"tiered_pricing_type":"fixed","tiered_pricing_fixed_rules":{"30":10.05,"60":8.68,"100":7.79,"200":7.37},"tiered_pricing_product_settings":{"layout":"default","base_unit_name":{"singular":null,"plural":null},"default_variation":null},"tiered_pricing_minimum_quantity":10,"tiered_pricing_roles_data":[],"tiered_pricing_percentage_rules":[],"tiered_pricing_maximum_quantity":null,"tiered_pricing_quantity_step":"10","_links":{"self":[{"href":"https:\/\/oiovape.com\/nl\/wp-json\/wp\/v2\/product\/6491","targetHints":{"allow":["GET"]}}],"collection":[{"href":"https:\/\/oiovape.com\/nl\/wp-json\/wp\/v2\/product"}],"about":[{"href":"https:\/\/oiovape.com\/nl\/wp-json\/wp\/v2\/types\/product"}],"replies":[{"embeddable":true,"href":"https:\/\/oiovape.com\/nl\/wp-json\/wp\/v2\/comments?post=6491"}],"version-history":[{"count":3,"href":"https:\/\/oiovape.com\/nl\/wp-json\/wp\/v2\/product\/6491\/revisions"}],"predecessor-version":[{"id":8397,"href":"https:\/\/oiovape.com\/nl\/wp-json\/wp\/v2\/product\/6491\/revisions\/8397"}],"wp:featuredmedia":[{"embeddable":true,"href":"https:\/\/oiovape.com\/nl\/wp-json\/wp\/v2\/media\/6538"}],"wp:attachment":[{"href":"https:\/\/oiovape.com\/nl\/wp-json\/wp\/v2\/media?parent=6491"}],"wp:term":[{"taxonomy":"product_brand","embeddable":true,"href":"https:\/\/oiovape.com\/nl\/wp-json\/wp\/v2\/product_brand?post=6491"},{"taxonomy":"product_cat","embeddable":true,"href":"https:\/\/oiovape.com\/nl\/wp-json\/wp\/v2\/product_cat?post=6491"},{"taxonomy":"product_tag","embeddable":true,"href":"https:\/\/oiovape.com\/nl\/wp-json\/wp\/v2\/product_tag?post=6491"}],"curies":[{"name":"wp","href":"https:\/\/api.w.org\/{rel}","templated":true}]}}