{"id":6630,"date":"2026-02-02T14:46:51","date_gmt":"2026-02-02T06:46:51","guid":{"rendered":"https:\/\/oiovape.com\/?post_type=product&#038;p=6630"},"modified":"2026-04-16T16:04:49","modified_gmt":"2026-04-16T08:04:49","slug":"bang-leader-stoll-300000-puffs-2","status":"publish","type":"product","link":"https:\/\/oiovape.com\/nl\/product\/bang-leader-stoll-300000-puffs-2\/","title":{"rendered":"Bang Leader Stoll 300000 PUFFS 6 in 1 Smaak Grote capaciteit E-vloeistof Wegwerp Vape Groothandel Bulk Aankoop"},"content":{"rendered":"<div data-page-id=\"ZVeMfq8uxd7y1ycuKm5cym4LnYd\" data-lark-html-role=\"root\" data-docx-has-block-data=\"false\">\n<div data-page-id=\"Fd41fZ5N9dzRQtcRNoVc2FuDnCh\" data-lark-html-role=\"root\" data-docx-has-block-data=\"true\">\n<div data-page-id=\"BdIJfeeijdk1eucGpS8cDCBBn5c\" data-lark-html-role=\"root\" data-docx-has-block-data=\"false\">\n<div data-page-id=\"Zbg9fWx77dUuh2cIYpic25c8nyd\" data-lark-html-role=\"root\" data-docx-has-block-data=\"false\">\n<div data-page-id=\"KaIvfiurhdlCKdc0kyxcX64cnE6\" data-lark-html-role=\"root\" data-docx-has-block-data=\"true\">\n<div data-page-id=\"PbvFfqxqlddUTScRpEYcY5MHnpf\" data-lark-html-role=\"root\" data-docx-has-block-data=\"true\">\n<div data-page-id=\"GZO2f5JeudwY4jc9iJtcdk9Hnxh\" data-lark-html-role=\"root\" data-docx-has-block-data=\"false\">\n<div data-page-id=\"EZVRf2acFduXLGcseZFc4qH2n6e\" data-lark-html-role=\"root\" data-docx-has-block-data=\"false\">\n<div data-page-id=\"B8rHfcqlqdzmH5cCWCncz17Cntb\" data-lark-html-role=\"root\" data-docx-has-block-data=\"false\">\n<div data-page-id=\"B8rHfcqlqdzmH5cCWCncz17Cntb\" data-lark-html-role=\"root\" data-docx-has-block-data=\"false\">\n<div data-page-id=\"B8rHfcqlqdzmH5cCWCncz17Cntb\" data-lark-html-role=\"root\" data-docx-has-block-data=\"true\">\n<div data-page-id=\"HM70f1aoxdD0bMcxJZBcVc7ynZd\" data-lark-html-role=\"root\" data-docx-has-block-data=\"false\">\n<div data-page-id=\"NSrJfN7Ord22i0c1iwZcsF8yn8b\" data-lark-html-role=\"root\" data-docx-has-block-data=\"false\">\n<div data-page-id=\"RXEff4Mskds8o1cqL5HcGEtUnCh\" data-lark-html-role=\"root\" data-docx-has-block-data=\"false\">\n<div data-page-id=\"KJ7gfqkVndMSRJcMseScmvYwnTc\" data-lark-html-role=\"root\" data-docx-has-block-data=\"false\">\n<div class=\"ace-line ace-line old-record-id-QADAfETPudgmudc05YvcTO5fnxe\">\n<div data-page-id=\"KJ7gfqkVndMSRJcMseScmvYwnTc\" data-lark-html-role=\"root\" data-docx-has-block-data=\"false\">\n<div class=\"ace-line ace-line old-record-id-JoRkfpho8dOkiacEOascDyCOncb\">\n<div data-page-id=\"KJ7gfqkVndMSRJcMseScmvYwnTc\" data-lark-html-role=\"root\" data-docx-has-block-data=\"false\">\n<div data-page-id=\"Ju6ofQ3V4dGmePcVvJvc1gmcnZb\" data-lark-html-role=\"root\" data-docx-has-block-data=\"true\">\n<div data-page-id=\"PR9ife5PLdFabccbFgZcWgZOnTc\" data-lark-html-role=\"root\" data-docx-has-block-data=\"false\">\n<div data-page-id=\"INdrfOIGzdaenXcptrcc1BcznQc\" data-lark-html-role=\"root\" data-docx-has-block-data=\"false\">\n<div class=\"ace-line ace-line old-record-id-P0fIf4YaZdoGkbcxt5ackec2nnb\">\n<div data-page-id=\"INdrfOIGzdaenXcptrcc1BcznQc\" data-lark-html-role=\"root\" data-docx-has-block-data=\"false\">\n<div data-page-id=\"MAzCfUB73dMTQscm8eWcougVn1g\" data-lark-html-role=\"root\" data-docx-has-block-data=\"true\">\n<div data-page-id=\"AXfpf7H1odhDvGcKoUOcErN8nV7\" data-lark-html-role=\"root\" data-docx-has-block-data=\"false\">\n<div data-page-id=\"QYTKf5PvLdUNdbce2nBcW9yfnrh\" data-lark-html-role=\"root\" data-docx-has-block-data=\"false\">\n<div data-page-id=\"Pvu1f1CCBdxbjncA9pgcBTpanph\" data-lark-html-role=\"root\" data-docx-has-block-data=\"true\">\n<div data-page-id=\"Axf3fcmY8dDAhtcjVircBcphnPc\" data-lark-html-role=\"root\" data-docx-has-block-data=\"false\">\n<div data-page-id=\"KKj1f9SPmdLhhMc5E2AcNlLen6f\" data-lark-html-role=\"root\" data-docx-has-block-data=\"true\">\n<div data-page-id=\"Rx61fK1sJdXHjPcBuhZcweNhnwc\" data-lark-html-role=\"root\" data-docx-has-block-data=\"false\">\n<div data-page-id=\"L1H9fkG9Mdz45Fcy4WMc5VKXnRe\" data-lark-html-role=\"root\" data-docx-has-block-data=\"false\">\n<div data-page-id=\"L1H9fkG9Mdz45Fcy4WMc5VKXnRe\" data-lark-html-role=\"root\" data-docx-has-block-data=\"false\">\n<div data-page-id=\"D4XLfVBVrdE8mrcaYizczklLnaf\" data-lark-html-role=\"root\" data-docx-has-block-data=\"false\">\n<div data-page-id=\"WVcifIY44d5mhMcXtyEcTsfenGd\" data-lark-html-role=\"root\" data-docx-has-block-data=\"true\">\n<div data-page-id=\"LRknfa6Whd4DWCcUc0FcNKpJnyh\" data-lark-html-role=\"root\" data-docx-has-block-data=\"false\">\n<div data-page-id=\"LRknfa6Whd4DWCcUc0FcNKpJnyh\" data-lark-html-role=\"root\" data-docx-has-block-data=\"false\">\n<div data-page-id=\"XFRAfkcOEdRWh8cArQ2cJdyRnJf\" data-lark-html-role=\"root\" data-docx-has-block-data=\"true\">\n<div data-page-id=\"OQ3bfjnRddMTDGcC3ouc6xFKnWf\" data-lark-html-role=\"root\" data-docx-has-block-data=\"true\">\n<div data-page-id=\"J0iGfj1hEdjc4rcUdSmc4spMnmZ\" data-lark-html-role=\"root\" data-docx-has-block-data=\"false\">\n<div data-page-id=\"P1o7fFyNlduP8tcfZpQcagzbnIf\" data-lark-html-role=\"root\" data-docx-has-block-data=\"false\">\n<div class=\"ace-line ace-line old-record-id-P1o7fFyNlduP8tcfZpQcagzbnIf\">\n<div data-page-id=\"P1o7fFyNlduP8tcfZpQcagzbnIf\" data-lark-html-role=\"root\" data-docx-has-block-data=\"false\">\n<div data-page-id=\"U4iufW38SdttWKcTstMcTtHRnXc\" data-lark-html-role=\"root\" data-docx-has-block-data=\"true\">\n<div data-page-id=\"ONVMf7VTWddcFtcyATOchCJHnZb\" data-lark-html-role=\"root\" data-docx-has-block-data=\"true\">\n<div data-page-id=\"KoW2fSy0PdLHFlc5kSHcgvWMnYg\" data-lark-html-role=\"root\" data-docx-has-block-data=\"false\">\n<div data-page-id=\"KoW2fSy0PdLHFlc5kSHcgvWMnYg\" data-lark-html-role=\"root\" data-docx-has-block-data=\"false\">\n<div data-page-id=\"OLGhfzxC7d7EFIcLEj9cRT5ynZf\" data-lark-html-role=\"root\" data-docx-has-block-data=\"false\">\n<div data-page-id=\"DdnnfrLjzdqrFIc9Il9c7pA2noc\" data-lark-html-role=\"root\" data-docx-has-block-data=\"true\">\n<div data-page-id=\"KNzcf2o0oddkJOcztTVcqPdlnth\" data-lark-html-role=\"root\" data-docx-has-block-data=\"false\">\n<div data-page-id=\"LBU7fg5SEdkWhecGJoxca3xvnCe\" data-lark-html-role=\"root\" data-docx-has-block-data=\"false\">\n<div data-page-id=\"EB70fooS3d69bMcgWB7c5qb9n8g\" data-lark-html-role=\"root\" data-docx-has-block-data=\"false\">\n<div data-page-id=\"AogwfsZCadB6t0cAvF0cK4JLnvf\" data-lark-html-role=\"root\" data-docx-has-block-data=\"false\">\n<div data-page-id=\"AogwfsZCadB6t0cAvF0cK4JLnvf\" data-lark-html-role=\"root\" data-docx-has-block-data=\"false\">\n<div data-page-id=\"JMZIflNGddQuU0c5JZocSqlvnle\" data-lark-html-role=\"root\" data-docx-has-block-data=\"false\">\n<div data-page-id=\"JMZIflNGddQuU0c5JZocSqlvnle\" data-lark-html-role=\"root\" data-docx-has-block-data=\"true\">\n<div data-page-id=\"HtEafjjRIdPAlMc9zgYcsGy6nOe\" data-lark-html-role=\"root\" data-docx-has-block-data=\"false\">\n<div data-page-id=\"Rhnafz0WTdDeT9c43xxczsbVnJo\" data-lark-html-role=\"root\" data-docx-has-block-data=\"false\">\n<div data-page-id=\"WY0CfKdcTdf4hVcZl67ct5LGncf\" data-lark-html-role=\"root\" data-docx-has-block-data=\"true\">\n<div data-page-id=\"MkB5fF4AVdchovcoPEpc7LqvnOd\" data-lark-html-role=\"root\" data-docx-has-block-data=\"true\">\n<div data-page-id=\"MfbjfZhbhdJdA8cH1dAckqF0n6g\" data-lark-html-role=\"root\" data-docx-has-block-data=\"false\">\n<div class=\"ace-line ace-line old-record-id-W2AHfJLnjd7ugjcRLs1c8BdhnNh\">\n<div data-page-id=\"MfbjfZhbhdJdA8cH1dAckqF0n6g\" data-lark-html-role=\"root\" data-docx-has-block-data=\"false\">\n<div class=\"old-record-id-XXd1feeCZdR2hJc6evocxnh1nOg\">\n<div data-page-id=\"MfbjfZhbhdJdA8cH1dAckqF0n6g\" data-lark-html-role=\"root\" data-docx-has-block-data=\"false\">\n<div data-page-id=\"DE51fYUmxdT3ekcHzc3cGrVQnsc\" data-lark-html-role=\"root\" data-docx-has-block-data=\"false\">\n<div data-page-id=\"YSKdfaZ08dRej3ci5CccQBuOncc\" data-lark-html-role=\"root\" data-docx-has-block-data=\"true\">\n<div data-page-id=\"K6mofQmledamEFcgp1EcVobmnYd\" data-lark-html-role=\"root\" data-docx-has-block-data=\"false\">\n<div data-page-id=\"VTgsfVLdCd9q1ucYcwRcCM0Hnof\" data-lark-html-role=\"root\" data-docx-has-block-data=\"true\">\n<div data-page-id=\"WucKfzp8RdNy8rcMJHncz4Knnac\" data-lark-html-role=\"root\" data-docx-has-block-data=\"true\">\n<div data-page-id=\"IfZ9fDIBLd9b9hcJiqGcLw9Pnmh\" data-lark-html-role=\"root\" data-docx-has-block-data=\"false\">\n<div data-page-id=\"JeU6f3Yq5dbdEHcZDptc5ikcn5c\" data-lark-html-role=\"root\" data-docx-has-block-data=\"true\">\n<div data-page-id=\"E1YjfnB4Jdmtsfc2ZObcu04Un6c\" data-lark-html-role=\"root\" data-docx-has-block-data=\"false\">\n<div data-page-id=\"RQVEfdiOzdqTQKcRcnxcG0Y7nce\" data-lark-html-role=\"root\" data-docx-has-block-data=\"true\">\n<div data-page-id=\"NKc7fbZi9dnOXocdHcScVsXdnmh\" data-lark-html-role=\"root\" data-docx-has-block-data=\"false\">\n<div data-page-id=\"DaE3fgNEwdnbQVc62iqcBK4lnte\" data-lark-html-role=\"root\" data-docx-has-block-data=\"false\">\n<div data-page-id=\"DaE3fgNEwdnbQVc62iqcBK4lnte\" data-lark-html-role=\"root\" data-docx-has-block-data=\"false\">\n<div class=\"container\">\n<div id=\"model-response-message-contentr_fae531c0e914f92d\" class=\"markdown markdown-main-panel stronger enable-updated-hr-color\" dir=\"ltr\" aria-live=\"off\" aria-busy=\"false\">\n<div style=\"width: 720px;\" class=\"wp-video\"><video class=\"wp-video-shortcode\" id=\"video-6630-1\" width=\"720\" height=\"1280\" preload=\"metadata\" controls=\"controls\"><source type=\"video\/mp4\" src=\"https:\/\/oiovape.com\/wp-content\/uploads\/2026\/03\/Bang-300k-Video.mp4?_=1\" \/><a href=\"https:\/\/oiovape.com\/wp-content\/uploads\/2026\/03\/Bang-300k-Video.mp4\">https:\/\/oiovape.com\/wp-content\/uploads\/2026\/03\/Bang-300k-Video.mp4<\/a><\/video><\/div>\n<h2 data-path-to-node=\"0\">Bang Leader Stoll 300000 Puffs: De Ultieme 6 in 1 Smaakbibliotheek<\/h2>\n<p data-path-to-node=\"1\">Moe van het vastzitten aan \u00e9\u00e9n smaak voor weken? De <b data-path-to-node=\"1\" data-index-in-node=\"58\">Bang Leader Stoll 300K<\/b> is niet zomaar een elektronische sigaret; het is een volledig smaakfestival verpakt in \u00e9\u00e9n elegant chassis. Ontworpen voor degenen die variatie eisen zonder de rommel van meerdere apparaten, introduceert deze krachtpatser een <b data-path-to-node=\"1\" data-index-in-node=\"297\">6-in-1 onafhankelijk smaaksysteem<\/b>. Stel je voor dat je voor elk uur van de dag een ander gevoel hebt\u2014van een ijzige ochtendkick tot een zoete snoepzonsondergang\u2014allemaal toegankelijk met een simpele klik.<\/p>\n<p data-path-to-node=\"2\">Met een verbijsterende <b data-path-to-node=\"2\" data-index-in-node=\"18\">300000 totale puffs<\/b>, stelt dit apparaat een nieuwe gouden standaard voor de <b data-path-to-node=\"2\" data-index-in-node=\"84\">big puff<\/b> categorie, zodat je vaporreis maanden in plaats van dagen duurt.<\/p>\n<h2 data-path-to-node=\"4\">Waarom je aan \u00e9\u00e9n committen als je zes kunt hebben?<\/h2>\n<h3 data-path-to-node=\"5\">Verlangt je gehemelte naar een revolutie?<\/h3>\n<p data-path-to-node=\"6\">De meeste wegwerpvapes dwingen je in een langdurige relatie met \u00e9\u00e9n smaak. De Bang Leader Stoll 300000 Puffs doorbreekt die cyclus. Door zes aparte e-vloeistofkamers te huisvesten, voorkomt het \u201csmaakvermoeidheid.\u201d Het onafhankelijke tankontwerp zorgt ervoor dat je \u201cBlueberry Ice\u201d nooit smaakt als een spook van de \u201cStrawberry Kiwi\u201d die je tien minuten geleden had. Het is zuiver, ge\u00efsoleerd en onmiddellijk.<\/p>\n<h3 data-path-to-node=\"8\">De Engineering Achter de Wolk<\/h3>\n<h4 data-path-to-node=\"9\">\ud83d\udd0b Kracht die weigert op te geven<\/h4>\n<p data-path-to-node=\"10\">A <b data-path-to-node=\"10\" data-index-in-node=\"2\">big puff<\/b> count is zinloos als de batterij halverwege leeg is. De Bang Leader 300K beschikt over een robuuste 650 mAh oplaadbare kern. Gekoppeld aan een <b data-path-to-node=\"10\" data-index-in-node=\"138\">Type-C oplaadpoort<\/b>, laadt het net zo snel op als een moderne smartphone, zodat je elk laatste druppel van de 300000 puffs capaciteit kunt gebruiken.<\/p>\n<h4 data-path-to-node=\"11\">\u26a1 Precisie Mesh Coil Technologie<\/h4>\n<p data-path-to-node=\"12\">In het hart van het apparaat ligt een <b data-path-to-node=\"12\" data-index-in-node=\"34\">1.0-ohm mesh coil<\/b>. In tegenstelling tot traditionele spoelen die ongelijk verwarmen, werkt dit meshgrid als een fijnafgesteld instrument, dat de vloeistof over een groter oppervlak verdampt. Het resultaat? Een gladde, dichte wolk die de nuances van elke fruit- en drankenmix vastlegt.<\/p>\n<h4 data-path-to-node=\"13\">\ud83d\udee0\ufe0f Ergonomische en lekvrije vakmanschap<\/h4>\n<p data-path-to-node=\"14\">Het vasthouden van de Bang Leader Stoll 300000 Puffs voelt natuurlijk. Ondanks de enorme interne capaciteit, past de <b data-path-to-node=\"14\" data-index-in-node=\"76\">ergonomische vorm<\/b> comfortabel in de palm. Nog belangrijker is dat het <b data-path-to-node=\"14\" data-index-in-node=\"141\">lekbestendig ontwerp<\/b> fungeert als een fort voor je sap, houdt je zakken schoon en je aandacht op de smaak.<\/p>\n<h2 data-path-to-node=\"16\">Specificaties: Een Snelle Momentopname<\/h2>\n<div class=\"horizontal-scroll-wrapper\">\n<div class=\"table-block-component\">\n<div class=\"table-block has-export-button new-table-style is-at-scroll-start is-at-scroll-end\">\n<div class=\"table-content\" data-hveid=\"0\" data-ved=\"0CAAQ3ecQahgKEwjtvoDR8vGTAxUAAAAAHQAAAAAQngI\">\n<table data-path-to-node=\"17\">\n<thead>\n<tr>\n<th><span data-path-to-node=\"17,0,0,0\">Kenmerk<\/span><\/th>\n<th><span data-path-to-node=\"17,0,1,0\">Technische Details<\/span><\/th>\n<\/tr>\n<\/thead>\n<tbody>\n<tr>\n<td><span data-path-to-node=\"17,1,0,0\"><b data-path-to-node=\"17,1,0,0\" data-index-in-node=\"0\">Totaal Aantal Puffs<\/b><\/span><\/td>\n<td><span data-path-to-node=\"17,1,1,0\">Tot 300000 Trekjes<\/span><\/td>\n<\/tr>\n<tr>\n<td><span data-path-to-node=\"17,2,0,0\"><b data-path-to-node=\"17,2,0,0\" data-index-in-node=\"0\">Smaaksysteem<\/b><\/span><\/td>\n<td><span data-path-to-node=\"17,2,1,0\">6 in 1 Onafhankelijke Roterende Kamers<\/span><\/td>\n<\/tr>\n<tr>\n<td><span data-path-to-node=\"17,3,0,0\"><b data-path-to-node=\"17,3,0,0\" data-index-in-node=\"0\">Spoeltype<\/b><\/span><\/td>\n<td><span data-path-to-node=\"17,3,1,0\">1.0 ohm Geavanceerde Mesh Coil<\/span><\/td>\n<\/tr>\n<tr>\n<td><span data-path-to-node=\"17,4,0,0\"><b data-path-to-node=\"17,4,0,0\" data-index-in-node=\"0\">Batterijcapaciteit<\/b><\/span><\/td>\n<td><span data-path-to-node=\"17,4,1,0\">650 mAh (Oplaadbaar)<\/span><\/td>\n<\/tr>\n<tr>\n<td><span data-path-to-node=\"17,5,0,0\"><b data-path-to-node=\"17,5,0,0\" data-index-in-node=\"0\">Opladen<\/b><\/span><\/td>\n<td><span data-path-to-node=\"17,5,1,0\">Type-C Snel Opladen<\/span><\/td>\n<\/tr>\n<tr>\n<td><span data-path-to-node=\"17,6,0,0\"><b data-path-to-node=\"17,6,0,0\" data-index-in-node=\"0\">Nicotine Opties<\/b><\/span><\/td>\n<td><span data-path-to-node=\"17,6,1,0\">0% \/ 2% \/ 3% \/ 5%<\/span><\/td>\n<\/tr>\n<tr>\n<td><span data-path-to-node=\"17,7,0,0\"><b data-path-to-node=\"17,7,0,0\" data-index-in-node=\"0\">Constructie<\/b><\/span><\/td>\n<td><span data-path-to-node=\"17,7,1,0\">Lekbestendig, Ergonomische Behuizing<\/span><\/td>\n<\/tr>\n<\/tbody>\n<\/table>\n<\/div>\n<\/div>\n<\/div>\n<\/div>\n<h2 data-path-to-node=\"19\">De Smaakenbibliotheek: 12 Meesterwerk Serie<\/h2>\n<p data-path-to-node=\"20\">De Bang Leader Stoll 300000 Trekjes biedt 12 verschillende \u201cCollecties.\u201d Elke collectie bevat zes unieke smaken. Of je nu op zoek bent naar een <b data-path-to-node=\"20\" data-index-in-node=\"131\">groothandel vape<\/b> oplossing of een persoonlijke voorraad, deze samengestelde mengsels dekken het volledige sensorische spectrum.<\/p>\n<h4 data-path-to-node=\"21\">Serie 1 tot 3: De Fruitoogsters<\/h4>\n<ul data-path-to-node=\"22\">\n<li>\n<p data-path-to-node=\"22,0,0\"><b data-path-to-node=\"22,0,0\" data-index-in-node=\"0\">Serie 1:<\/b> Watermeloen ijs, Red bull, Aardbei kiwi, Bosbes ijs, Citroen limoen, Aardbei watermeloen.<\/p>\n<\/li>\n<li>\n<p data-path-to-node=\"22,1,0\"><b data-path-to-node=\"22,1,0\" data-index-in-node=\"0\">Serie 2:<\/b> Aardbei banaan, Dubbele appel, Framboos watermeloen, Zure mango ananas, Tropisch fruit, Citroen perzik.<\/p>\n<\/li>\n<li>\n<p data-path-to-node=\"22,2,0\"><b data-path-to-node=\"22,2,0\" data-index-in-node=\"0\">Serie 3:<\/b> Ananas kokos, Blue razz, Gemengde bessen, Mango perzik, Bosbes framboos, Aardbei vanille cola.<\/p>\n<\/li>\n<\/ul>\n<h4 data-path-to-node=\"23\">Serie 4 tot 6: Gedurfd &amp; Exotische Verkenningen<\/h4>\n<ul data-path-to-node=\"24\">\n<li>\n<p data-path-to-node=\"24,0,0\"><b data-path-to-node=\"24,0,0\" data-index-in-node=\"0\">Serie 4:<\/b> Perzik bes, Driedubbele meloen, Druif ijs, Zwarte draak ijs, Fizzy kers ijs, Gummibeertje.<\/p>\n<\/li>\n<li>\n<p data-path-to-node=\"24,1,0\"><b data-path-to-node=\"24,1,0\" data-index-in-node=\"0\">Serie 5:<\/b> Regenboog snoep, Kers cola ijs, Love 666, Mango ijs, Bosbes kauwgom, Perzik ijs.<\/p>\n<\/li>\n<li>\n<p data-path-to-node=\"24,2,0\"><b data-path-to-node=\"24,2,0\" data-index-in-node=\"0\">Serie 6:<\/b> Alo\u00eb lychee ijs, Roze citroen, Gletsjer ijs, Dennenaald munt, Zwarte bes ijs, Watermeloen citroen.<\/p>\n<\/li>\n<\/ul>\n<h4 data-path-to-node=\"25\">Serie 7 tot 9: Zomerse Vibes &amp; Energie Hits<\/h4>\n<ul data-path-to-node=\"26\">\n<li>\n<p data-path-to-node=\"26,0,0\"><b data-path-to-node=\"26,0,0\" data-index-in-node=\"0\">Serie 7:<\/b> Watermeloen ijs, Gemengde bessen, Appel peer, Bosbes munt, Zomertijd, Perzik.<\/p>\n<\/li>\n<li>\n<p data-path-to-node=\"26,1,0\"><b data-path-to-node=\"26,1,0\" data-index-in-node=\"0\">Serie 8:<\/b> Energiedrank, Perzik ijs, Mango ijs, Goji bes, Zwarte bes, Mamba.<\/p>\n<\/li>\n<li>\n<p data-path-to-node=\"26,2,0\"><b data-path-to-node=\"26,2,0\" data-index-in-node=\"0\">Serie 9:<\/b> Kersencola, Bosbes framboos, Zwarte draak ijs, Regenboog snoep, Fuji ijs, Watermeloen zure perzik.<\/p>\n<\/li>\n<\/ul>\n<h4 data-path-to-node=\"27\">Serie 10 tot 12: De Drankkenner<\/h4>\n<ul data-path-to-node=\"28\">\n<li>\n<p data-path-to-node=\"28,0,0\"><b data-path-to-node=\"28,0,0\" data-index-in-node=\"0\">Serie 10:<\/b> Redbull, Aardbei kiwi, Aardbei banaan, Lychee ijs, Watermeloen bes, Passievrucht mango.<\/p>\n<\/li>\n<li>\n<p data-path-to-node=\"28,1,0\"><b data-path-to-node=\"28,1,0\" data-index-in-node=\"0\">Serie 11:<\/b> Rode bull cola ijs, Aardbei framboos kers, Braambes drakenvrucht, Citroen limoen, Framboos pomp, Watermeloen kiwi.<\/p>\n<\/li>\n<li>\n<p data-path-to-node=\"28,2,0\"><b data-path-to-node=\"28,2,0\" data-index-in-node=\"0\">Serie 12:<\/b> Cola ijs, Energiedrank, Kers ijs, Meloen passievrucht, Braambes ijs, Appel kiwi.<\/p>\n<\/li>\n<\/ul>\n<p><img decoding=\"async\" class=\"alignnone wp-image-6642 size-full\" title=\"Bang Leader Stoll 300k smaak\" src=\"https:\/\/oiovape.com\/wp-content\/uploads\/2026\/02\/Bang-Leader-Stoll-300k-flavor-scaled.png\" alt=\"Bang Leader Stoll 300k smaak\" width=\"1370\" height=\"2560\" srcset=\"https:\/\/oiovape.com\/wp-content\/uploads\/2026\/02\/Bang-Leader-Stoll-300k-flavor-scaled.png 1370w, https:\/\/oiovape.com\/wp-content\/uploads\/2026\/02\/Bang-Leader-Stoll-300k-flavor-161x300.png 161w, https:\/\/oiovape.com\/wp-content\/uploads\/2026\/02\/Bang-Leader-Stoll-300k-flavor-548x1024.png 548w, https:\/\/oiovape.com\/wp-content\/uploads\/2026\/02\/Bang-Leader-Stoll-300k-flavor-768x1435.png 768w, https:\/\/oiovape.com\/wp-content\/uploads\/2026\/02\/Bang-Leader-Stoll-300k-flavor-822x1536.png 822w, https:\/\/oiovape.com\/wp-content\/uploads\/2026\/02\/Bang-Leader-Stoll-300k-flavor-1096x2048.png 1096w, https:\/\/oiovape.com\/wp-content\/uploads\/2026\/02\/Bang-Leader-Stoll-300k-flavor-6x12.png 6w, https:\/\/oiovape.com\/wp-content\/uploads\/2026\/02\/Bang-Leader-Stoll-300k-flavor-1200x2242.png 1200w, https:\/\/oiovape.com\/wp-content\/uploads\/2026\/02\/Bang-Leader-Stoll-300k-flavor-150x280.png 150w\" sizes=\"(max-width: 1370px) 100vw, 1370px\" \/><\/p>\n<h2 data-path-to-node=\"30\">Veelgestelde Vragen (FAQ)<\/h2>\n<h5 data-path-to-node=\"31\">1. Hoe werkt de 6-in-1 smaakselectie?<\/h5>\n<p data-path-to-node=\"32\">Het apparaat is ontworpen met zes ge\u00efsoleerde interne tanks. Met behulp van de externe selector kunt u direct tussen smaken schakelen. Omdat de luchtstroom en kamers gescheiden zijn, is er geen smaakvermenging of \u201cnasmaak\u201d van de vorige selectie.<\/p>\n<h5 data-path-to-node=\"33\">2. Geldt het aantal van 300000 trekjes voor elke individuele smaak?<\/h5>\n<p data-path-to-node=\"34\">Nee, de 300000 trekjes vertegenwoordigen de <b data-path-to-node=\"34\" data-index-in-node=\"36\">totale capaciteit<\/b> van het gehele apparaat. Dit totaal is verdeeld over de zes smakkamers, wat een enorm lange levensduur biedt die ver uitstijgt boven standaard wegwerpvapes.<\/p>\n<h5 data-path-to-node=\"35\">3. Moet ik speciale kabels voor het opladen kopen?<\/h5>\n<p data-path-to-node=\"36\">Helemaal niet. De Bang Leader Stoll gebruikt een universele <b data-path-to-node=\"36\" data-index-in-node=\"51\">Type-C oplaadpoort<\/b>, dezelfde standaard die door de meeste moderne elektronica wordt gebruikt. Dit zorgt ervoor dat u het apparaat gemakkelijk van stroom kunt voorzien totdat elke laatste trek is genoten.<\/p>\n<h5 data-path-to-node=\"37\">4. Waarom kiezen voor een mesh coil bij zo'n groot capaciteitsapparaat?<\/h5>\n<p data-path-to-node=\"38\">De 1,0-ohm mesh coil is ontworpen voor duurzaamheid en smaakzuiverheid. Het biedt een groter verwarmingsoppervlak, wat de \u201cbrandmaak\u201d voorkomt die vaak voorkomt in vapes met grote capaciteit aan het einde van hun levensduur, zodat de 300000e trek net zo goed is als de eerste.<\/p>\n<h5 data-path-to-node=\"39\">5. Is dit apparaat geschikt voor groothandel of bulkbestellingen?<\/h5>\n<p data-path-to-node=\"40\">Absoluut. Vanwege de unieke 6-in-1-functie en het recordbrekende aantal trekjes is het een topkeuze voor de <b data-path-to-node=\"40\" data-index-in-node=\"109\">groothandel vape<\/b> markt, die consumenten meer waarde en vari\u00ebteit in \u00e9\u00e9n aankoop biedt dan traditionele modellen.<\/p>\n<\/div>\n<\/div>\n<\/div>\n<\/div>\n<\/div>\n<\/div>\n<\/div>\n<\/div>\n<\/div>\n<\/div>\n<\/div>\n<\/div>\n<\/div>\n<\/div>\n<\/div>\n<\/div>\n<\/div>\n<\/div>\n<\/div>\n<\/div>\n<\/div>\n<\/div>\n<\/div>\n<\/div>\n<\/div>\n<\/div>\n<\/div>\n<\/div>\n<\/div>\n<\/div>\n<\/div>\n<\/div>\n<\/div>\n<\/div>\n<\/div>\n<\/div>\n<\/div>\n<\/div>\n<\/div>\n<\/div>\n<\/div>\n<\/div>\n<\/div>\n<\/div>\n<\/div>\n<\/div>\n<\/div>\n<\/div>\n<\/div>\n<\/div>\n<\/div>\n<\/div>\n<\/div>\n<\/div>\n<\/div>\n<\/div>\n<\/div>\n<\/div>\n<\/div>\n<\/div>\n<\/div>\n<\/div>\n<\/div>\n<\/div>\n<\/div>\n<\/div>\n<\/div>\n<\/div>\n<\/div>\n<\/div>\n<\/div>\n<\/div>\n<\/div>\n<\/div>\n<\/div>\n<\/div>\n<\/div>\n<\/div>\n<\/div>","protected":false},"excerpt":{"rendered":"<div data-page-id=\"RAopf2sw9dtvw4cWYXpcTwo0n8g\" data-lark-html-role=\"root\" data-docx-has-block-data=\"false\">\n<div class=\"ace-line ace-line old-record-id-Uju9f3RXYd8dh2crAJbcBF3Un6M\">Maak kennis met de Bang Leader Stoll 300000 Puffs vape. Het bevat 72 verschillende smaken verspreid over 12 series, van fruitige fusies tot ijzige lekkernijen. Voorzien van een 650 mAh batterij, Type C-opladen en 1.0 ohm weerstand, levert het soepele, langdurige dampen voor elke smaakliefhebber.<\/div>\n<\/div>","protected":false},"featured_media":6643,"comment_status":"open","ping_status":"closed","template":"","meta":{"_acf_changed":false,"inline_featured_image":false,"_sitemap_exclude":false,"_sitemap_priority":"","_sitemap_frequency":""},"product_brand":[90],"product_cat":[79],"product_tag":[],"class_list":{"0":"post-6630","1":"product","2":"type-product","3":"status-publish","4":"has-post-thumbnail","6":"product_brand-bang","7":"product_cat-bang-puff","9":"first","10":"instock","11":"sale","12":"shipping-taxable","13":"purchasable","14":"product-type-variable","15":"has-default-attributes"},"acf":[],"tiered_pricing_type":"fixed","tiered_pricing_fixed_rules":{"30":9.36,"60":8.58,"100":7.96,"200":7.35},"tiered_pricing_product_settings":{"layout":"default","base_unit_name":{"singular":null,"plural":null},"default_variation":null},"tiered_pricing_minimum_quantity":10,"tiered_pricing_roles_data":[],"tiered_pricing_percentage_rules":[],"tiered_pricing_maximum_quantity":null,"tiered_pricing_quantity_step":"10","_links":{"self":[{"href":"https:\/\/oiovape.com\/nl\/wp-json\/wp\/v2\/product\/6630","targetHints":{"allow":["GET"]}}],"collection":[{"href":"https:\/\/oiovape.com\/nl\/wp-json\/wp\/v2\/product"}],"about":[{"href":"https:\/\/oiovape.com\/nl\/wp-json\/wp\/v2\/types\/product"}],"replies":[{"embeddable":true,"href":"https:\/\/oiovape.com\/nl\/wp-json\/wp\/v2\/comments?post=6630"}],"version-history":[{"count":2,"href":"https:\/\/oiovape.com\/nl\/wp-json\/wp\/v2\/product\/6630\/revisions"}],"predecessor-version":[{"id":8399,"href":"https:\/\/oiovape.com\/nl\/wp-json\/wp\/v2\/product\/6630\/revisions\/8399"}],"wp:featuredmedia":[{"embeddable":true,"href":"https:\/\/oiovape.com\/nl\/wp-json\/wp\/v2\/media\/6643"}],"wp:attachment":[{"href":"https:\/\/oiovape.com\/nl\/wp-json\/wp\/v2\/media?parent=6630"}],"wp:term":[{"taxonomy":"product_brand","embeddable":true,"href":"https:\/\/oiovape.com\/nl\/wp-json\/wp\/v2\/product_brand?post=6630"},{"taxonomy":"product_cat","embeddable":true,"href":"https:\/\/oiovape.com\/nl\/wp-json\/wp\/v2\/product_cat?post=6630"},{"taxonomy":"product_tag","embeddable":true,"href":"https:\/\/oiovape.com\/nl\/wp-json\/wp\/v2\/product_tag?post=6630"}],"curies":[{"name":"wp","href":"https:\/\/api.w.org\/{rel}","templated":true}]}}