{"id":7135,"date":"2026-02-28T11:31:27","date_gmt":"2026-02-28T03:31:27","guid":{"rendered":"https:\/\/oiovape.com\/?post_type=product&#038;p=7135"},"modified":"2026-03-02T18:01:39","modified_gmt":"2026-03-02T10:01:39","slug":"zooy-twins-30000-puffs","status":"publish","type":"product","link":"https:\/\/oiovape.com\/nl\/product\/zooy-twins-30000-puffs\/","title":{"rendered":"Zooy Twins 30000 PUFFS Dubbele Smaak Snelle Oplaadbare Wegwerp Vape"},"content":{"rendered":"<div data-page-id=\"ZVeMfq8uxd7y1ycuKm5cym4LnYd\" data-lark-html-role=\"root\" data-docx-has-block-data=\"false\">\n<div data-page-id=\"Fd41fZ5N9dzRQtcRNoVc2FuDnCh\" data-lark-html-role=\"root\" data-docx-has-block-data=\"true\">\n<div data-page-id=\"BdIJfeeijdk1eucGpS8cDCBBn5c\" data-lark-html-role=\"root\" data-docx-has-block-data=\"false\">\n<div data-page-id=\"Zbg9fWx77dUuh2cIYpic25c8nyd\" data-lark-html-role=\"root\" data-docx-has-block-data=\"false\">\n<div data-page-id=\"KaIvfiurhdlCKdc0kyxcX64cnE6\" data-lark-html-role=\"root\" data-docx-has-block-data=\"true\">\n<div data-page-id=\"PbvFfqxqlddUTScRpEYcY5MHnpf\" data-lark-html-role=\"root\" data-docx-has-block-data=\"true\">\n<div data-page-id=\"GZO2f5JeudwY4jc9iJtcdk9Hnxh\" data-lark-html-role=\"root\" data-docx-has-block-data=\"false\">\n<div data-page-id=\"EZVRf2acFduXLGcseZFc4qH2n6e\" data-lark-html-role=\"root\" data-docx-has-block-data=\"false\">\n<div data-page-id=\"B8rHfcqlqdzmH5cCWCncz17Cntb\" data-lark-html-role=\"root\" data-docx-has-block-data=\"false\">\n<div data-page-id=\"B8rHfcqlqdzmH5cCWCncz17Cntb\" data-lark-html-role=\"root\" data-docx-has-block-data=\"false\">\n<div data-page-id=\"B8rHfcqlqdzmH5cCWCncz17Cntb\" data-lark-html-role=\"root\" data-docx-has-block-data=\"true\">\n<div data-page-id=\"HM70f1aoxdD0bMcxJZBcVc7ynZd\" data-lark-html-role=\"root\" data-docx-has-block-data=\"false\">\n<div data-page-id=\"NSrJfN7Ord22i0c1iwZcsF8yn8b\" data-lark-html-role=\"root\" data-docx-has-block-data=\"false\">\n<div data-page-id=\"RXEff4Mskds8o1cqL5HcGEtUnCh\" data-lark-html-role=\"root\" data-docx-has-block-data=\"false\">\n<div data-page-id=\"KJ7gfqkVndMSRJcMseScmvYwnTc\" data-lark-html-role=\"root\" data-docx-has-block-data=\"false\">\n<div class=\"ace-line ace-line old-record-id-QADAfETPudgmudc05YvcTO5fnxe\">\n<div data-page-id=\"KJ7gfqkVndMSRJcMseScmvYwnTc\" data-lark-html-role=\"root\" data-docx-has-block-data=\"false\">\n<div class=\"ace-line ace-line old-record-id-JoRkfpho8dOkiacEOascDyCOncb\">\n<div data-page-id=\"KJ7gfqkVndMSRJcMseScmvYwnTc\" data-lark-html-role=\"root\" data-docx-has-block-data=\"false\">\n<div data-page-id=\"Ju6ofQ3V4dGmePcVvJvc1gmcnZb\" data-lark-html-role=\"root\" data-docx-has-block-data=\"true\">\n<div data-page-id=\"PR9ife5PLdFabccbFgZcWgZOnTc\" data-lark-html-role=\"root\" data-docx-has-block-data=\"false\">\n<div data-page-id=\"INdrfOIGzdaenXcptrcc1BcznQc\" data-lark-html-role=\"root\" data-docx-has-block-data=\"false\">\n<div class=\"ace-line ace-line old-record-id-P0fIf4YaZdoGkbcxt5ackec2nnb\">\n<div data-page-id=\"INdrfOIGzdaenXcptrcc1BcznQc\" data-lark-html-role=\"root\" data-docx-has-block-data=\"false\">\n<div data-page-id=\"MAzCfUB73dMTQscm8eWcougVn1g\" data-lark-html-role=\"root\" data-docx-has-block-data=\"true\">\n<div data-page-id=\"AXfpf7H1odhDvGcKoUOcErN8nV7\" data-lark-html-role=\"root\" data-docx-has-block-data=\"false\">\n<div data-page-id=\"QYTKf5PvLdUNdbce2nBcW9yfnrh\" data-lark-html-role=\"root\" data-docx-has-block-data=\"false\">\n<div data-page-id=\"Pvu1f1CCBdxbjncA9pgcBTpanph\" data-lark-html-role=\"root\" data-docx-has-block-data=\"true\">\n<div data-page-id=\"Axf3fcmY8dDAhtcjVircBcphnPc\" data-lark-html-role=\"root\" data-docx-has-block-data=\"false\">\n<div data-page-id=\"KKj1f9SPmdLhhMc5E2AcNlLen6f\" data-lark-html-role=\"root\" data-docx-has-block-data=\"true\">\n<div data-page-id=\"Rx61fK1sJdXHjPcBuhZcweNhnwc\" data-lark-html-role=\"root\" data-docx-has-block-data=\"false\">\n<div data-page-id=\"L1H9fkG9Mdz45Fcy4WMc5VKXnRe\" data-lark-html-role=\"root\" data-docx-has-block-data=\"false\">\n<div data-page-id=\"L1H9fkG9Mdz45Fcy4WMc5VKXnRe\" data-lark-html-role=\"root\" data-docx-has-block-data=\"false\">\n<div data-page-id=\"D4XLfVBVrdE8mrcaYizczklLnaf\" data-lark-html-role=\"root\" data-docx-has-block-data=\"false\">\n<div data-page-id=\"WVcifIY44d5mhMcXtyEcTsfenGd\" data-lark-html-role=\"root\" data-docx-has-block-data=\"true\">\n<div data-page-id=\"LRknfa6Whd4DWCcUc0FcNKpJnyh\" data-lark-html-role=\"root\" data-docx-has-block-data=\"false\">\n<div data-page-id=\"LRknfa6Whd4DWCcUc0FcNKpJnyh\" data-lark-html-role=\"root\" data-docx-has-block-data=\"false\">\n<div data-page-id=\"XFRAfkcOEdRWh8cArQ2cJdyRnJf\" data-lark-html-role=\"root\" data-docx-has-block-data=\"true\">\n<div data-page-id=\"OQ3bfjnRddMTDGcC3ouc6xFKnWf\" data-lark-html-role=\"root\" data-docx-has-block-data=\"true\">\n<div data-page-id=\"J0iGfj1hEdjc4rcUdSmc4spMnmZ\" data-lark-html-role=\"root\" data-docx-has-block-data=\"false\">\n<div data-page-id=\"P1o7fFyNlduP8tcfZpQcagzbnIf\" data-lark-html-role=\"root\" data-docx-has-block-data=\"false\">\n<div class=\"ace-line ace-line old-record-id-P1o7fFyNlduP8tcfZpQcagzbnIf\">\n<div data-page-id=\"P1o7fFyNlduP8tcfZpQcagzbnIf\" data-lark-html-role=\"root\" data-docx-has-block-data=\"false\">\n<div data-page-id=\"U4iufW38SdttWKcTstMcTtHRnXc\" data-lark-html-role=\"root\" data-docx-has-block-data=\"true\">\n<div data-page-id=\"ONVMf7VTWddcFtcyATOchCJHnZb\" data-lark-html-role=\"root\" data-docx-has-block-data=\"true\">\n<div data-page-id=\"KoW2fSy0PdLHFlc5kSHcgvWMnYg\" data-lark-html-role=\"root\" data-docx-has-block-data=\"false\">\n<div data-page-id=\"KoW2fSy0PdLHFlc5kSHcgvWMnYg\" data-lark-html-role=\"root\" data-docx-has-block-data=\"false\">\n<div data-page-id=\"OLGhfzxC7d7EFIcLEj9cRT5ynZf\" data-lark-html-role=\"root\" data-docx-has-block-data=\"false\">\n<div data-page-id=\"DdnnfrLjzdqrFIc9Il9c7pA2noc\" data-lark-html-role=\"root\" data-docx-has-block-data=\"true\">\n<div data-page-id=\"KNzcf2o0oddkJOcztTVcqPdlnth\" data-lark-html-role=\"root\" data-docx-has-block-data=\"false\">\n<div data-page-id=\"LBU7fg5SEdkWhecGJoxca3xvnCe\" data-lark-html-role=\"root\" data-docx-has-block-data=\"false\">\n<div data-page-id=\"EB70fooS3d69bMcgWB7c5qb9n8g\" data-lark-html-role=\"root\" data-docx-has-block-data=\"false\">\n<div data-page-id=\"AogwfsZCadB6t0cAvF0cK4JLnvf\" data-lark-html-role=\"root\" data-docx-has-block-data=\"false\">\n<div data-page-id=\"AogwfsZCadB6t0cAvF0cK4JLnvf\" data-lark-html-role=\"root\" data-docx-has-block-data=\"false\">\n<div data-page-id=\"JMZIflNGddQuU0c5JZocSqlvnle\" data-lark-html-role=\"root\" data-docx-has-block-data=\"false\">\n<div data-page-id=\"JMZIflNGddQuU0c5JZocSqlvnle\" data-lark-html-role=\"root\" data-docx-has-block-data=\"true\">\n<div data-page-id=\"HtEafjjRIdPAlMc9zgYcsGy6nOe\" data-lark-html-role=\"root\" data-docx-has-block-data=\"false\">\n<div data-page-id=\"Rhnafz0WTdDeT9c43xxczsbVnJo\" data-lark-html-role=\"root\" data-docx-has-block-data=\"false\">\n<div data-page-id=\"WY0CfKdcTdf4hVcZl67ct5LGncf\" data-lark-html-role=\"root\" data-docx-has-block-data=\"true\">\n<div data-page-id=\"MkB5fF4AVdchovcoPEpc7LqvnOd\" data-lark-html-role=\"root\" data-docx-has-block-data=\"true\">\n<div data-page-id=\"MfbjfZhbhdJdA8cH1dAckqF0n6g\" data-lark-html-role=\"root\" data-docx-has-block-data=\"false\">\n<div class=\"ace-line ace-line old-record-id-W2AHfJLnjd7ugjcRLs1c8BdhnNh\">\n<div data-page-id=\"MfbjfZhbhdJdA8cH1dAckqF0n6g\" data-lark-html-role=\"root\" data-docx-has-block-data=\"false\">\n<div class=\"old-record-id-XXd1feeCZdR2hJc6evocxnh1nOg\">\n<div data-page-id=\"MfbjfZhbhdJdA8cH1dAckqF0n6g\" data-lark-html-role=\"root\" data-docx-has-block-data=\"false\">\n<div data-page-id=\"DE51fYUmxdT3ekcHzc3cGrVQnsc\" data-lark-html-role=\"root\" data-docx-has-block-data=\"false\">\n<div data-page-id=\"YSKdfaZ08dRej3ci5CccQBuOncc\" data-lark-html-role=\"root\" data-docx-has-block-data=\"true\">\n<div data-page-id=\"K6mofQmledamEFcgp1EcVobmnYd\" data-lark-html-role=\"root\" data-docx-has-block-data=\"false\">\n<div data-page-id=\"VTgsfVLdCd9q1ucYcwRcCM0Hnof\" data-lark-html-role=\"root\" data-docx-has-block-data=\"true\">\n<div data-page-id=\"WucKfzp8RdNy8rcMJHncz4Knnac\" data-lark-html-role=\"root\" data-docx-has-block-data=\"true\">\n<div data-page-id=\"IfZ9fDIBLd9b9hcJiqGcLw9Pnmh\" data-lark-html-role=\"root\" data-docx-has-block-data=\"false\">\n<div data-page-id=\"JeU6f3Yq5dbdEHcZDptc5ikcn5c\" data-lark-html-role=\"root\" data-docx-has-block-data=\"true\">\n<div data-page-id=\"E1YjfnB4Jdmtsfc2ZObcu04Un6c\" data-lark-html-role=\"root\" data-docx-has-block-data=\"false\">\n<div data-page-id=\"RQVEfdiOzdqTQKcRcnxcG0Y7nce\" data-lark-html-role=\"root\" data-docx-has-block-data=\"true\">\n<div data-page-id=\"NKc7fbZi9dnOXocdHcScVsXdnmh\" data-lark-html-role=\"root\" data-docx-has-block-data=\"false\">\n<div data-page-id=\"DaE3fgNEwdnbQVc62iqcBK4lnte\" data-lark-html-role=\"root\" data-docx-has-block-data=\"false\">\n<div data-page-id=\"DaE3fgNEwdnbQVc62iqcBK4lnte\" data-lark-html-role=\"root\" data-docx-has-block-data=\"false\">\n<div data-page-id=\"NqSRfcp5SdFQ6ucdStXcbvManpc\" data-lark-html-role=\"root\" data-docx-has-block-data=\"false\">\n<div data-page-id=\"KydBfoEuudJNYhcgRdAc3aeUn7c\" data-lark-html-role=\"root\" data-docx-has-block-data=\"true\">\n<div data-page-id=\"SIqXfR5ipd7jWpczA5RcYkWInfd\" data-lark-html-role=\"root\" data-docx-has-block-data=\"false\">\n<div data-page-id=\"Y06XfUzydd0aVicBtPKcZlS8nJf\" data-lark-html-role=\"root\" data-docx-has-block-data=\"true\">\n<div data-page-id=\"E2ZvfNrVNdEHKickexPcvdXVnrc\" data-lark-html-role=\"root\" data-docx-has-block-data=\"false\">\n<div data-page-id=\"DqGzfq5S4d9GdAcOQVIcIdPhn2c\" data-lark-html-role=\"root\" data-docx-has-block-data=\"false\">\n<div data-page-id=\"HsKcfE4WLdET7ScRm72cTZ96nPb\" data-lark-html-role=\"root\" data-docx-has-block-data=\"false\">\n<div data-page-id=\"MvWFfuF4Edx69KcRSmmcvS2LndG\" data-lark-html-role=\"root\" data-docx-has-block-data=\"true\">\n<div data-page-id=\"BSNMfUsMXd3XFscNxbDcufC2nEg\" data-lark-html-role=\"root\" data-docx-has-block-data=\"false\">\n<h2 class=\"heading-2 ace-line old-record-id-LgNLfKjxjd8cxAcUSxzcMZcnnRg\">Waarom Zooy Twins 30000 Puffs Opvalt \ud83e\udd29<\/h2>\n<div class=\"ace-line ace-line old-record-id-LfgCfWTehdHeeUcZvFHcxlUnnpe\">In een drukke wegwerp vape-markt straalt Zooy Twins met zijn dual flavor free switching\u2014iets wat maar weinig apparaten bieden. Het gaat niet alleen om kwantiteit (30000 puffs) maar ook om kwaliteit en vari\u00ebteit, zodat je twee smaken in \u00e9\u00e9n apparaat kunt genieten zonder compromissen.<\/div>\n<div class=\"ace-line ace-line old-record-id-QqV8fMyk1dKoX5cIumqcjComnsh\">Het combineert creatieve smaakcombinaties, betrouwbare dual mesh coil prestaties, slimme functies en draagbaarheid in \u00e9\u00e9n pakket. De flexibele nicotine-opties en snelle opladen maken het perfect voor alle soorten vapers, van beginners tot ervaren gebruikers.<\/div>\n<div class=\"ace-line ace-line old-record-id-Ww17fwKUVdBGYMchmclcqrCKn5c\">\n<p>Zooy Twins 30000 Puffs is niet zomaar een wegwerp vape\u2014het is een veelzijdige, leuke en betrouwbare metgezel die dubbele smaakvreugde bij elke puff brengt. Het is voor iedereen die meer wil van hun vaping ervaring: vari\u00ebteit, gemak en geweldige smaak, allemaal in \u00e9\u00e9n stijlvol apparaat.<\/p>\n<div data-page-id=\"BSNMfUsMXd3XFscNxbDcufC2nEg\" data-lark-html-role=\"root\" data-docx-has-block-data=\"false\">\n<h2 class=\"heading-2 ace-line old-record-id-YJ0yf5CFadYWoTc8Rdjc8PdPngf\">Dual Flavor Magic \u2013 Wissel Zonder Te Stoppen \ud83d\udd04<\/h2>\n<div class=\"ace-line ace-line old-record-id-BVKVfW4uydYoFYcseJBc2ggvn1c\">Het grootste hoogtepunt van Zooy Twins is de functie voor dual flavor free switching. Elk apparaat wordt geleverd met twee zorgvuldig samengestelde smaken, die complementaire smaken combineren die perfect samenwerken. Je kunt in enkele seconden tussen hen wisselen, zonder ingewikkelde instellingen of extra stappen\u2014gewoon pure, ononderbroken genot.<\/div>\n<h3 class=\"heading-3 ace-line old-record-id-No1DfqC1qdsZzncKZUecr4mjnDh\">10 Unieke Dual Flavor Combinaties<\/h3>\n<div class=\"ace-line ace-line old-record-id-VjTjfKKxGdnEpycSREUcdWPLnVb\">Zooy Twins biedt 10 creatieve smaakcombinaties, die fruitige frisheid, ijzige koelte, romige zoetheid en gedurfde dranknotities mengen. Elke combinatie is ontworpen om smaak en textuur in balans te brengen, zodat geen enkele smaak de andere overweldigt:<\/div>\n<div class=\"ace-line ace-line old-record-id-EK7ZfcegCdDE0bcfRI9cxTcJnpf\">1. Watermeloen Kauwgom &amp; Koffie IJs \ud83e\udee7\u2615 \u2013 Kauwgom zoetheid ontmoet soepele koffie koelte<\/div>\n<div class=\"ace-line ace-line old-record-id-UavDfzkGGd0RYPcNlgAc5rlnnLf\">2. Ananas Kokos &amp; Appel IJs \ud83c\udf4d\ud83e\udd65 \u2013 Tropische vibes vermengen zich met knapperige appelverfrissing<\/div>\n<div class=\"ace-line ace-line old-record-id-YaKqfBqGYd3uSvcs7ChcocrQn8g\">3. Red Bull &amp; Aardbei Kiwi \u26a1\ud83c\udf53 \u2013 Energiek drankensmaak gecombineerd met heldere fruitige zuurheid<\/div>\n<div class=\"ace-line ace-line old-record-id-ICuyfOwDid7JGwceYPocC7bgnNe\">4. Aardbeien IJs &amp; Perzik Mango Milkshake \ud83c\udf66\ud83e\udd5b \u2013 Romige verwennerij ontmoet fruitige rijkdom<\/div>\n<div class=\"ace-line ace-line old-record-id-TZaIfvuiEdowehcLi4wc8cgHn5b\">5. Love66 &amp; Cola IJs \u2764\ufe0f\ud83e\udd64 \u2013 Unieke Love66 smaak gemengd met klassieke cola koelte<\/div>\n<div class=\"ace-line ace-line old-record-id-DbZ1floy7dJlkWcLop8cB7Cunqh\">6. Bosbes IJs En Drie Melonen \ud83e\uded0\ud83c\udf49 \u2013 Sappig bosbes ijs gaat samen met een medley van meloenen<\/div>\n<div class=\"ace-line ace-line old-record-id-SMz4fypHGdxSqZczMBjcQYDKnrc\">7. Rode Bes Kers En Gemengde Bessen \ud83c\udf52\ud83e\uded0 \u2013 Gedurfde rode bes en kers vermengen zich met gemengde bessen zoetheid<\/div>\n<div class=\"ace-line ace-line old-record-id-UInSfLpsUdOZBzcsI67co382ng1\">8. Watermeloen IJs &amp; Blauwe Framboos Citroen \ud83c\udf49\ud83c\udf4b \u2013 Klassiek watermeloen ijs ontmoet pittige blauwe framboos citroen<\/div>\n<div class=\"ace-line ace-line old-record-id-YWxNf9Oc6dVNVdcIqIAcbsBbnuh\">9. Druiven Munt &amp; Aardbei Banaan \ud83c\udf47\ud83c\udf4c \u2013 Rijke druiven munt gaat samen met zoete aardbei banaan<\/div>\n<div class=\"ace-line ace-line old-record-id-Voa8fBBvZdepQ7cMNubcquwlnGf\">10. Aardbei Watermeloen &amp; Roze Citroenlimonade \ud83c\udf53\ud83c\udf79 \u2013 Verse fruitfusie ontmoet pittige roze citroenlimonade<\/div>\n<h3 class=\"heading-3 ace-line old-record-id-B1oKfvuOkdprz5cb93gc8wycn24\">Smaakcombinatie Hoogtepunten<\/h3>\n<h4 class=\"heading-4 ace-line old-record-id-ZMfMfpQb0doMiFcszPScw0OCnnh\">IJzige &amp; Verfrissende Paren \u2744\ufe0f<\/h4>\n<div class=\"ace-line ace-line old-record-id-BA4pfFrN7dZyYNcsiQpc0Czhn6g\">Voor warme dagen of snelle opkikkers, leveren combinaties zoals Watermeloen Kauwgom &amp; Koffie IJs en Bosbes IJs En Drie Melonen een frisse, koele kick. De ijsnoten complementeren de hoofdsmaken, waardoor elke puff soepel en verfrissend blijft.<\/div>\n<h4 class=\"heading-4 ace-line old-record-id-Inc9fI0TXd8ljecbga6cjWCvnGc\">Romige &amp; Fruitige Combinaties \ud83c\udf66\ud83c\udf53<\/h4>\n<div class=\"ace-line ace-line old-record-id-HhwBfw66BdwRpfcyfNacYWKpnWb\">Geniet van romige-zachte combinaties zoals Aardbeien IJs &amp; Perzik Mango Milkshake\u2014perfect voor de hele dag vapen. De romige textuur balanceert de fruitige helderheid, wat zorgt voor een luxe, bevredigende hit.<\/div>\n<h4 class=\"heading-4 ace-line old-record-id-LqrnfgAoddDG0Uccowuc8VA8nHh\">Gedurfde &amp; Energieke Combinaties \u26a1\ud83e\udd64<\/h4>\n<div class=\"ace-line ace-line old-record-id-FvxjfuNPydazIOcaNbycYaK3nyg\">Voor een extra boost, mengen Red Bull &amp; Aardbei Kiwi en Love66 &amp; Cola IJs drank-ge\u00efnspireerde gedurfde smaken met fruitige frisheid. Ze zijn ideaal voor drukke dagen of wanneer je een snelle energieboost nodig hebt.<\/div>\n<h2 class=\"heading-2 ace-line old-record-id-Tvt8fCvY0dYy3Oc0ziNcNkCFnme\">Hardcore Prestaties &amp; Slim Ontwerp \ud83d\udee0\ufe0f<\/h2>\n<h3 class=\"heading-3 ace-line old-record-id-RQ3OfULa1dwRTFcbadXcLmidn3f\">Dual Mesh Coil voor Consistente Smaak<\/h3>\n<div class=\"ace-line ace-line old-record-id-WHWLfcYhzd465EcKXmgcGYPSn2c\">Zooy Twins heeft een dubbele mesh coil die e-liquid gelijkmatig verwarmt, waardoor de pure smaak van beide smaken wordt vastgehouden. Het produceert dichte, soepele damp van de eerste puff tot de 30000e, zonder verbrande hits of vervaagde smaak\u2014gewoon consistente, heerlijke smaak elke keer.<\/div>\n<h3 class=\"heading-3 ace-line old-record-id-BtIQfzeRxd3czCcBn5IcydDunSh\">Langdurige Kracht &amp; Snelle Oplading<\/h3>\n<div class=\"ace-line ace-line old-record-id-WvNifz3cEdEmm3cIwFMcyk3tnDd\">Met een capaciteit van 35ml e-liquid ondersteunt het de enorme levensduur van 30000 puffs, zodat je het apparaat niet vaak hoeft te vervangen. De 650mAh batterij laadt snel op via Type-C, zodat je vaping-sessies doorgaan met minimale downtime \u26a1.<\/div>\n<h3 class=\"heading-3 ace-line old-record-id-IlO8fIOdFdupD2cmfKFc6qt5n6f\">Compact &amp; Gebruiksvriendelijk<\/h3>\n<div class=\"ace-line ace-line old-record-id-WDRSfD36SdX0fIch29jc6RLbnPy\">Met een afmeting van 25*48*101mm en een gewicht van 130g (voorheen genoteerd als 140g, in lijn met de kern specificaties), is het slank en gemakkelijk mee te nemen. Het past comfortabel in je zak of tas, perfect voor woon-werkverkeer, reizen of casual gebruik. Het ingebouwde slimme display toont real-time batterij- en e-liquid niveaus, zodat je nooit voor verrassingen komt te staan \ud83d\udcf1.<\/div>\n<h3 class=\"heading-3 ace-line old-record-id-IkArfFAHtdg5I2c95W3ca9s8nEh\">Flexibele Nicotine Opties<\/h3>\n<div class=\"ace-line ace-line old-record-id-WP7KfTlA9dL9lpcvrFZcqBJ9ngf\">Het biedt 2%, 3%, en 5% nicotine sterktes, zodat je de intensiteit kunt kiezen die bij je voorkeur past. Of je nu een milde, casual hit wilt of een robuustere ervaring, Zooy Twins heeft je gedekt.<\/div>\n<\/div>\n<\/div>\n<\/div>\n<\/div>\n<\/div>\n<\/div>\n<\/div>\n<\/div>\n<\/div>\n<\/div>\n<\/div>\n<\/div>\n<\/div>\n<\/div>\n<\/div>\n<\/div>\n<\/div>\n<\/div>\n<\/div>\n<\/div>\n<\/div>\n<\/div>\n<\/div>\n<\/div>\n<\/div>\n<\/div>\n<\/div>\n<\/div>\n<\/div>\n<\/div>\n<\/div>\n<\/div>\n<\/div>\n<\/div>\n<\/div>\n<\/div>\n<\/div>\n<\/div>\n<\/div>\n<\/div>\n<\/div>\n<\/div>\n<\/div>\n<\/div>\n<\/div>\n<\/div>\n<\/div>\n<\/div>\n<\/div>\n<\/div>\n<\/div>\n<\/div>\n<\/div>\n<\/div>\n<\/div>\n<\/div>\n<\/div>\n<\/div>\n<\/div>\n<\/div>\n<\/div>\n<\/div>\n<\/div>\n<\/div>\n<\/div>\n<\/div>\n<\/div>\n<\/div>\n<\/div>\n<\/div>\n<\/div>\n<\/div>\n<\/div>\n<\/div>\n<\/div>\n<\/div>\n<\/div>\n<\/div>\n<\/div>\n<\/div>\n<\/div>\n<\/div>\n<\/div>\n<\/div>\n<\/div>\n<\/div>\n<\/div>\n<\/div>","protected":false},"excerpt":{"rendered":"<div data-page-id=\"RAopf2sw9dtvw4cWYXpcTwo0n8g\" data-lark-html-role=\"root\" data-docx-has-block-data=\"false\">\n<div class=\"ace-line ace-line old-record-id-Uju9f3RXYd8dh2crAJbcBF3Un6M\">\n<div data-page-id=\"Dd8gfe2wRdT66jcgnqtcUwg5ndh\" data-lark-html-role=\"root\" data-docx-has-block-data=\"false\">\n<div class=\"ace-line ace-line old-record-id-FiRZf3qXpdK0RqcHt8wcxPTon8b\">Zooy Twins 30000 Puffs biedt 10 dual smaakcombinaties met gratis schakelen, 30000 puffs en een dubbele mesh-coil. Het heeft een e-liquid capaciteit van 35ml, een 650mAh Type-C oplaadbare batterij, een slimme display en 2%\/3%\/5% nicotine opties, alles in een compact lichaam van 130g.<\/div>\n<\/div>\n<\/div>\n<\/div>","protected":false},"featured_media":7147,"comment_status":"open","ping_status":"closed","template":"","meta":{"_acf_changed":false,"inline_featured_image":false,"_sitemap_exclude":false,"_sitemap_priority":"","_sitemap_frequency":""},"product_brand":[357],"product_cat":[356,239,264],"product_tag":[],"class_list":{"0":"post-7135","1":"product","2":"type-product","3":"status-publish","4":"has-post-thumbnail","6":"product_brand-zooy","7":"product_cat-zooy-puff","8":"product_cat-disposable-vape-collection","9":"product_cat-30k-puffs","11":"first","12":"instock","13":"sale","14":"shipping-taxable","15":"purchasable","16":"product-type-variable","17":"has-default-attributes"},"acf":[],"tiered_pricing_type":"fixed","tiered_pricing_fixed_rules":{"30":9.88,"60":9.05,"100":8.92,"200":8.5},"tiered_pricing_product_settings":{"layout":"default","base_unit_name":{"singular":null,"plural":null},"default_variation":null},"tiered_pricing_minimum_quantity":10,"tiered_pricing_roles_data":[],"tiered_pricing_percentage_rules":[],"tiered_pricing_maximum_quantity":null,"tiered_pricing_quantity_step":"10","_links":{"self":[{"href":"https:\/\/oiovape.com\/nl\/wp-json\/wp\/v2\/product\/7135","targetHints":{"allow":["GET"]}}],"collection":[{"href":"https:\/\/oiovape.com\/nl\/wp-json\/wp\/v2\/product"}],"about":[{"href":"https:\/\/oiovape.com\/nl\/wp-json\/wp\/v2\/types\/product"}],"replies":[{"embeddable":true,"href":"https:\/\/oiovape.com\/nl\/wp-json\/wp\/v2\/comments?post=7135"}],"version-history":[{"count":3,"href":"https:\/\/oiovape.com\/nl\/wp-json\/wp\/v2\/product\/7135\/revisions"}],"predecessor-version":[{"id":7162,"href":"https:\/\/oiovape.com\/nl\/wp-json\/wp\/v2\/product\/7135\/revisions\/7162"}],"wp:featuredmedia":[{"embeddable":true,"href":"https:\/\/oiovape.com\/nl\/wp-json\/wp\/v2\/media\/7147"}],"wp:attachment":[{"href":"https:\/\/oiovape.com\/nl\/wp-json\/wp\/v2\/media?parent=7135"}],"wp:term":[{"taxonomy":"product_brand","embeddable":true,"href":"https:\/\/oiovape.com\/nl\/wp-json\/wp\/v2\/product_brand?post=7135"},{"taxonomy":"product_cat","embeddable":true,"href":"https:\/\/oiovape.com\/nl\/wp-json\/wp\/v2\/product_cat?post=7135"},{"taxonomy":"product_tag","embeddable":true,"href":"https:\/\/oiovape.com\/nl\/wp-json\/wp\/v2\/product_tag?post=7135"}],"curies":[{"name":"wp","href":"https:\/\/api.w.org\/{rel}","templated":true}]}}