{"id":7258,"date":"2026-03-02T09:55:49","date_gmt":"2026-03-02T01:55:49","guid":{"rendered":"https:\/\/oiovape.com\/?post_type=product&#038;p=7258"},"modified":"2026-03-02T18:01:43","modified_gmt":"2026-03-02T10:01:43","slug":"zooy-king-triple-80000-puffs","status":"publish","type":"product","link":"https:\/\/oiovape.com\/nl\/product\/zooy-king-triple-80000-puffs\/","title":{"rendered":"Zooy King Triple 80000 PUFFS 850mAh Batterij Snelle Oplaadbare Wegwerp Vape"},"content":{"rendered":"<div data-page-id=\"ZVeMfq8uxd7y1ycuKm5cym4LnYd\" data-lark-html-role=\"root\" data-docx-has-block-data=\"false\">\n<div data-page-id=\"Fd41fZ5N9dzRQtcRNoVc2FuDnCh\" data-lark-html-role=\"root\" data-docx-has-block-data=\"true\">\n<div data-page-id=\"BdIJfeeijdk1eucGpS8cDCBBn5c\" data-lark-html-role=\"root\" data-docx-has-block-data=\"false\">\n<div data-page-id=\"Zbg9fWx77dUuh2cIYpic25c8nyd\" data-lark-html-role=\"root\" data-docx-has-block-data=\"false\">\n<div data-page-id=\"KaIvfiurhdlCKdc0kyxcX64cnE6\" data-lark-html-role=\"root\" data-docx-has-block-data=\"true\">\n<div data-page-id=\"PbvFfqxqlddUTScRpEYcY5MHnpf\" data-lark-html-role=\"root\" data-docx-has-block-data=\"true\">\n<div data-page-id=\"GZO2f5JeudwY4jc9iJtcdk9Hnxh\" data-lark-html-role=\"root\" data-docx-has-block-data=\"false\">\n<div data-page-id=\"EZVRf2acFduXLGcseZFc4qH2n6e\" data-lark-html-role=\"root\" data-docx-has-block-data=\"false\">\n<div data-page-id=\"B8rHfcqlqdzmH5cCWCncz17Cntb\" data-lark-html-role=\"root\" data-docx-has-block-data=\"false\">\n<div data-page-id=\"B8rHfcqlqdzmH5cCWCncz17Cntb\" data-lark-html-role=\"root\" data-docx-has-block-data=\"false\">\n<div data-page-id=\"B8rHfcqlqdzmH5cCWCncz17Cntb\" data-lark-html-role=\"root\" data-docx-has-block-data=\"true\">\n<div data-page-id=\"HM70f1aoxdD0bMcxJZBcVc7ynZd\" data-lark-html-role=\"root\" data-docx-has-block-data=\"false\">\n<div data-page-id=\"NSrJfN7Ord22i0c1iwZcsF8yn8b\" data-lark-html-role=\"root\" data-docx-has-block-data=\"false\">\n<div data-page-id=\"RXEff4Mskds8o1cqL5HcGEtUnCh\" data-lark-html-role=\"root\" data-docx-has-block-data=\"false\">\n<div data-page-id=\"KJ7gfqkVndMSRJcMseScmvYwnTc\" data-lark-html-role=\"root\" data-docx-has-block-data=\"false\">\n<div class=\"ace-line ace-line old-record-id-QADAfETPudgmudc05YvcTO5fnxe\">\n<div data-page-id=\"KJ7gfqkVndMSRJcMseScmvYwnTc\" data-lark-html-role=\"root\" data-docx-has-block-data=\"false\">\n<div class=\"ace-line ace-line old-record-id-JoRkfpho8dOkiacEOascDyCOncb\">\n<div data-page-id=\"KJ7gfqkVndMSRJcMseScmvYwnTc\" data-lark-html-role=\"root\" data-docx-has-block-data=\"false\">\n<div data-page-id=\"Ju6ofQ3V4dGmePcVvJvc1gmcnZb\" data-lark-html-role=\"root\" data-docx-has-block-data=\"true\">\n<div data-page-id=\"PR9ife5PLdFabccbFgZcWgZOnTc\" data-lark-html-role=\"root\" data-docx-has-block-data=\"false\">\n<div data-page-id=\"INdrfOIGzdaenXcptrcc1BcznQc\" data-lark-html-role=\"root\" data-docx-has-block-data=\"false\">\n<div class=\"ace-line ace-line old-record-id-P0fIf4YaZdoGkbcxt5ackec2nnb\">\n<div data-page-id=\"INdrfOIGzdaenXcptrcc1BcznQc\" data-lark-html-role=\"root\" data-docx-has-block-data=\"false\">\n<div data-page-id=\"MAzCfUB73dMTQscm8eWcougVn1g\" data-lark-html-role=\"root\" data-docx-has-block-data=\"true\">\n<div data-page-id=\"AXfpf7H1odhDvGcKoUOcErN8nV7\" data-lark-html-role=\"root\" data-docx-has-block-data=\"false\">\n<div data-page-id=\"QYTKf5PvLdUNdbce2nBcW9yfnrh\" data-lark-html-role=\"root\" data-docx-has-block-data=\"false\">\n<div data-page-id=\"Pvu1f1CCBdxbjncA9pgcBTpanph\" data-lark-html-role=\"root\" data-docx-has-block-data=\"true\">\n<div data-page-id=\"Axf3fcmY8dDAhtcjVircBcphnPc\" data-lark-html-role=\"root\" data-docx-has-block-data=\"false\">\n<div data-page-id=\"KKj1f9SPmdLhhMc5E2AcNlLen6f\" data-lark-html-role=\"root\" data-docx-has-block-data=\"true\">\n<div data-page-id=\"Rx61fK1sJdXHjPcBuhZcweNhnwc\" data-lark-html-role=\"root\" data-docx-has-block-data=\"false\">\n<div data-page-id=\"L1H9fkG9Mdz45Fcy4WMc5VKXnRe\" data-lark-html-role=\"root\" data-docx-has-block-data=\"false\">\n<div data-page-id=\"L1H9fkG9Mdz45Fcy4WMc5VKXnRe\" data-lark-html-role=\"root\" data-docx-has-block-data=\"false\">\n<div data-page-id=\"D4XLfVBVrdE8mrcaYizczklLnaf\" data-lark-html-role=\"root\" data-docx-has-block-data=\"false\">\n<div data-page-id=\"WVcifIY44d5mhMcXtyEcTsfenGd\" data-lark-html-role=\"root\" data-docx-has-block-data=\"true\">\n<div data-page-id=\"LRknfa6Whd4DWCcUc0FcNKpJnyh\" data-lark-html-role=\"root\" data-docx-has-block-data=\"false\">\n<div data-page-id=\"LRknfa6Whd4DWCcUc0FcNKpJnyh\" data-lark-html-role=\"root\" data-docx-has-block-data=\"false\">\n<div data-page-id=\"XFRAfkcOEdRWh8cArQ2cJdyRnJf\" data-lark-html-role=\"root\" data-docx-has-block-data=\"true\">\n<div data-page-id=\"OQ3bfjnRddMTDGcC3ouc6xFKnWf\" data-lark-html-role=\"root\" data-docx-has-block-data=\"true\">\n<div data-page-id=\"J0iGfj1hEdjc4rcUdSmc4spMnmZ\" data-lark-html-role=\"root\" data-docx-has-block-data=\"false\">\n<div data-page-id=\"P1o7fFyNlduP8tcfZpQcagzbnIf\" data-lark-html-role=\"root\" data-docx-has-block-data=\"false\">\n<div class=\"ace-line ace-line old-record-id-P1o7fFyNlduP8tcfZpQcagzbnIf\">\n<div data-page-id=\"P1o7fFyNlduP8tcfZpQcagzbnIf\" data-lark-html-role=\"root\" data-docx-has-block-data=\"false\">\n<div data-page-id=\"U4iufW38SdttWKcTstMcTtHRnXc\" data-lark-html-role=\"root\" data-docx-has-block-data=\"true\">\n<div data-page-id=\"ONVMf7VTWddcFtcyATOchCJHnZb\" data-lark-html-role=\"root\" data-docx-has-block-data=\"true\">\n<div data-page-id=\"KoW2fSy0PdLHFlc5kSHcgvWMnYg\" data-lark-html-role=\"root\" data-docx-has-block-data=\"false\">\n<div data-page-id=\"KoW2fSy0PdLHFlc5kSHcgvWMnYg\" data-lark-html-role=\"root\" data-docx-has-block-data=\"false\">\n<div data-page-id=\"OLGhfzxC7d7EFIcLEj9cRT5ynZf\" data-lark-html-role=\"root\" data-docx-has-block-data=\"false\">\n<div data-page-id=\"DdnnfrLjzdqrFIc9Il9c7pA2noc\" data-lark-html-role=\"root\" data-docx-has-block-data=\"true\">\n<div data-page-id=\"KNzcf2o0oddkJOcztTVcqPdlnth\" data-lark-html-role=\"root\" data-docx-has-block-data=\"false\">\n<div data-page-id=\"LBU7fg5SEdkWhecGJoxca3xvnCe\" data-lark-html-role=\"root\" data-docx-has-block-data=\"false\">\n<div data-page-id=\"EB70fooS3d69bMcgWB7c5qb9n8g\" data-lark-html-role=\"root\" data-docx-has-block-data=\"false\">\n<div data-page-id=\"AogwfsZCadB6t0cAvF0cK4JLnvf\" data-lark-html-role=\"root\" data-docx-has-block-data=\"false\">\n<div data-page-id=\"AogwfsZCadB6t0cAvF0cK4JLnvf\" data-lark-html-role=\"root\" data-docx-has-block-data=\"false\">\n<div data-page-id=\"JMZIflNGddQuU0c5JZocSqlvnle\" data-lark-html-role=\"root\" data-docx-has-block-data=\"false\">\n<div data-page-id=\"JMZIflNGddQuU0c5JZocSqlvnle\" data-lark-html-role=\"root\" data-docx-has-block-data=\"true\">\n<div data-page-id=\"HtEafjjRIdPAlMc9zgYcsGy6nOe\" data-lark-html-role=\"root\" data-docx-has-block-data=\"false\">\n<div data-page-id=\"Rhnafz0WTdDeT9c43xxczsbVnJo\" data-lark-html-role=\"root\" data-docx-has-block-data=\"false\">\n<div data-page-id=\"WY0CfKdcTdf4hVcZl67ct5LGncf\" data-lark-html-role=\"root\" data-docx-has-block-data=\"true\">\n<div data-page-id=\"MkB5fF4AVdchovcoPEpc7LqvnOd\" data-lark-html-role=\"root\" data-docx-has-block-data=\"true\">\n<div data-page-id=\"MfbjfZhbhdJdA8cH1dAckqF0n6g\" data-lark-html-role=\"root\" data-docx-has-block-data=\"false\">\n<div class=\"ace-line ace-line old-record-id-W2AHfJLnjd7ugjcRLs1c8BdhnNh\">\n<div data-page-id=\"MfbjfZhbhdJdA8cH1dAckqF0n6g\" data-lark-html-role=\"root\" data-docx-has-block-data=\"false\">\n<div class=\"old-record-id-XXd1feeCZdR2hJc6evocxnh1nOg\">\n<div data-page-id=\"MfbjfZhbhdJdA8cH1dAckqF0n6g\" data-lark-html-role=\"root\" data-docx-has-block-data=\"false\">\n<div data-page-id=\"DE51fYUmxdT3ekcHzc3cGrVQnsc\" data-lark-html-role=\"root\" data-docx-has-block-data=\"false\">\n<div data-page-id=\"YSKdfaZ08dRej3ci5CccQBuOncc\" data-lark-html-role=\"root\" data-docx-has-block-data=\"true\">\n<div data-page-id=\"K6mofQmledamEFcgp1EcVobmnYd\" data-lark-html-role=\"root\" data-docx-has-block-data=\"false\">\n<div data-page-id=\"VTgsfVLdCd9q1ucYcwRcCM0Hnof\" data-lark-html-role=\"root\" data-docx-has-block-data=\"true\">\n<div data-page-id=\"WucKfzp8RdNy8rcMJHncz4Knnac\" data-lark-html-role=\"root\" data-docx-has-block-data=\"true\">\n<div data-page-id=\"IfZ9fDIBLd9b9hcJiqGcLw9Pnmh\" data-lark-html-role=\"root\" data-docx-has-block-data=\"false\">\n<div data-page-id=\"JeU6f3Yq5dbdEHcZDptc5ikcn5c\" data-lark-html-role=\"root\" data-docx-has-block-data=\"true\">\n<div data-page-id=\"E1YjfnB4Jdmtsfc2ZObcu04Un6c\" data-lark-html-role=\"root\" data-docx-has-block-data=\"false\">\n<div data-page-id=\"RQVEfdiOzdqTQKcRcnxcG0Y7nce\" data-lark-html-role=\"root\" data-docx-has-block-data=\"true\">\n<div data-page-id=\"NKc7fbZi9dnOXocdHcScVsXdnmh\" data-lark-html-role=\"root\" data-docx-has-block-data=\"false\">\n<div data-page-id=\"DaE3fgNEwdnbQVc62iqcBK4lnte\" data-lark-html-role=\"root\" data-docx-has-block-data=\"false\">\n<div data-page-id=\"DaE3fgNEwdnbQVc62iqcBK4lnte\" data-lark-html-role=\"root\" data-docx-has-block-data=\"false\">\n<div data-page-id=\"NqSRfcp5SdFQ6ucdStXcbvManpc\" data-lark-html-role=\"root\" data-docx-has-block-data=\"false\">\n<div data-page-id=\"KydBfoEuudJNYhcgRdAc3aeUn7c\" data-lark-html-role=\"root\" data-docx-has-block-data=\"true\">\n<div data-page-id=\"SIqXfR5ipd7jWpczA5RcYkWInfd\" data-lark-html-role=\"root\" data-docx-has-block-data=\"false\">\n<div data-page-id=\"Y06XfUzydd0aVicBtPKcZlS8nJf\" data-lark-html-role=\"root\" data-docx-has-block-data=\"true\">\n<div data-page-id=\"E2ZvfNrVNdEHKickexPcvdXVnrc\" data-lark-html-role=\"root\" data-docx-has-block-data=\"false\">\n<div data-page-id=\"DqGzfq5S4d9GdAcOQVIcIdPhn2c\" data-lark-html-role=\"root\" data-docx-has-block-data=\"false\">\n<div data-page-id=\"HsKcfE4WLdET7ScRm72cTZ96nPb\" data-lark-html-role=\"root\" data-docx-has-block-data=\"false\">\n<div data-page-id=\"MvWFfuF4Edx69KcRSmmcvS2LndG\" data-lark-html-role=\"root\" data-docx-has-block-data=\"true\">\n<div data-page-id=\"BSNMfUsMXd3XFscNxbDcufC2nEg\" data-lark-html-role=\"root\" data-docx-has-block-data=\"false\">\n<div data-page-id=\"Rr0Mfry1adQB66cMkYGcCmoWnKe\" data-lark-html-role=\"root\" data-docx-has-block-data=\"true\">\n<div data-page-id=\"A7fMfxJhydfxJUc6VX9cVvDKnpd\" data-lark-html-role=\"root\" data-docx-has-block-data=\"false\">\n<div data-page-id=\"A7fMfxJhydfxJUc6VX9cVvDKnpd\" data-lark-html-role=\"root\" data-docx-has-block-data=\"false\">\n<div data-page-id=\"WbzgfFBuTduiBjc6rORciNrNnlf\" data-lark-html-role=\"root\" data-docx-has-block-data=\"false\">\n<div data-page-id=\"R0Rzf8rQUdoB9hcxkiqc9kKHnk2\" data-lark-html-role=\"root\" data-docx-has-block-data=\"true\">\n<div data-page-id=\"ZwXFfRomCdt9G4cs33scepfHnoe\" data-lark-html-role=\"root\" data-docx-has-block-data=\"false\">\n<div data-page-id=\"UFFTffnWTdbuv3coRhBc3zxBnMf\" data-lark-html-role=\"root\" data-docx-has-block-data=\"true\">\n<h1 class=\"ace-line ace-line old-record-id-UFFTffnWTdbuv3coRhBc3zxBnMf\">Zooy King Triple 80000 Puffs \u2013 Introductie van Producten<\/h1>\n<div class=\"ace-line ace-line old-record-id-QjfBfM59WdSmOXc0CjycWd0Lnph\">Zooy King Triple 80000 Puffs brengt driedubbel plezier naar wegwerp vaping, door 3 in 1 smaakcombinaties, een 0.8+0.8+0.8 mesh coil en 3-kleurige LGB verlichting te combineren. Het levert 80000 langdurige puffs, snelle Type-C oplading en een compact ontwerp, waardoor het een stijlvolle en praktische keuze is voor alle smaakliefhebbers.<\/div>\n<div class=\"ace-line ace-line old-record-id-TmCcf96Lkdb8AgczCIrcSWpWnSf\">Het maakt prestaties of ontwerp niet te ingewikkeld. De triple mesh coil zorgt ervoor dat elke smaak in het trio tot zijn recht komt, terwijl de 3-kleurige LGB verlichting een leuk, levendig accent toevoegt. Lichtgewicht maar krachtig, het past naadloos in je dagelijkse leven, of je nu onderweg bent of thuis ontspant.<br \/>\n<div style=\"width: 1280px;\" class=\"wp-video\"><video class=\"wp-video-shortcode\" id=\"video-7258-1\" width=\"1280\" height=\"720\" preload=\"metadata\" controls=\"controls\"><source type=\"video\/mp4\" src=\"https:\/\/oiovape.com\/wp-content\/uploads\/2026\/03\/Zooy-King-Triple-80k-Video.mp4?_=1\" \/><a href=\"https:\/\/oiovape.com\/wp-content\/uploads\/2026\/03\/Zooy-King-Triple-80k-Video.mp4\">https:\/\/oiovape.com\/wp-content\/uploads\/2026\/03\/Zooy-King-Triple-80k-Video.mp4<\/a><\/video><\/div><\/p>\n<\/div>\n<h2 class=\"heading-2 ace-line old-record-id-YalBftl7edvKQoc3JO1cVxNmndb\">3-Kleurige LGB Verlichting: Voeg Stijl Toe aan Je Vaping<\/h2>\n<div class=\"ace-line ace-line old-record-id-Ku3xf2ZMRdcr1xcADiActLHNn4d\">In tegenstelling tot gewone wegwerp vapes, heeft Zooy King Triple 80000 Puffs een 3-kleurige LGB verlichting die een dynamische touch aan je ervaring toevoegt. De lichten gloeien zachtjes wanneer je pufft, wat een visueel aangenaam effect cre\u00ebert dat het onderscheidt van de massa.<\/div>\n<h3 class=\"heading-3 ace-line old-record-id-Bzw7fBWsGdUzKEcAAj0cPWgknxd\">Subtiele &amp; Stijlvolle Gloed<\/h3>\n<div class=\"ace-line ace-line old-record-id-QTJxftDKsd46KXcDMioc2MBunbh\">De 3-kleurige LGB verlichting is niet overweldigend\u2014het straalt een zachte, constante gloed uit die je vaping momenten aanvult. Het verandert zachtjes, wat een vleugje stijl toevoegt zonder afleidend te zijn, perfect voor degenen die een beetje extra flair in hun apparaat willen.<\/div>\n<h4 class=\"heading-4 ace-line old-record-id-CWkofPC7id9dkLcrnZtcku8Fnic\">Gloed Die Bij Je Stemming Past<\/h4>\n<div class=\"ace-line ace-line old-record-id-GEEFfBIMldKXlccwfTCcrA88nIf\">De subtiele kleurveranderingen van het licht stemmen overeen met verschillende vaping ritmes, waardoor elke puff een beetje specialer aanvoelt. Het is niet alleen een functioneel apparaat\u2014het is een klein, stijlvol accessoire dat je persoonlijke smaak weerspiegelt.<\/div>\n<h2 class=\"heading-2 ace-line old-record-id-Rz8MfUceYdmgSbcGlIBc3G6QnXf\">0.8+0.8+0.8 Mesh Coil: Drievoudige Kracht voor Pure Smaak<\/h2>\n<div class=\"ace-line ace-line old-record-id-G0W7fh5XBd48I0cCzaecQEeAngb\">In het hart van Zooy King Triple 80000 Puffs ligt een 0.8+0.8+0.8 mesh coil setup\u2014drie afzonderlijke coils werken in harmonie om elke smaak in het 3 in 1 trio gelijkmatig te verwarmen. Dit ontwerp sluit de authentieke smaak van elke smaak in, waardoor er geen harde hits of vervaagde smaak zijn.<\/div>\n<div class=\"ace-line ace-line old-record-id-MxUMf6RsDd9eMdcigfScSY6vnxc\">De triple coil levert een soepele, dichte damp van de eerste puff tot de 80000ste. Het balanceert smaak en damp perfect, zodat je van elk van de drie smaken kunt genieten zonder dat de ene de andere overweldigt. Elke trek voelt consistent, bevredigend en puur aan.<\/div>\n<h2 class=\"heading-2 ace-line old-record-id-NfFWfHhKXdnzspcnKZocVshenbh\">3 in 1 Smaken: Drievoudig Genot in Elke Puff<\/h2>\n<div class=\"ace-line ace-line old-record-id-HhQwfdNoSdeBfacvJHEcahNrnUd\">Het 3 in 1 smaakontwerp is de ziel van dit apparaat\u2014elk apparaat komt met drie zorgvuldig samengestelde smaken die elkaar aanvullen. Je krijgt de vari\u00ebteit van drie vapes in \u00e9\u00e9n, zonder de rompslomp van het dragen van meerdere apparaten of het wisselen tussen hen.<\/div>\n<h3 class=\"heading-3 ace-line old-record-id-FtFKf0MAGdpl6IcgfOucQC4vnpE\">Doordacht Samengestelde Smaak Trio's<\/h3>\n<div class=\"ace-line ace-line old-record-id-VlQjf0tgFdx9aQc3tD0c9gIzn9g\">Elk trio mengt verschillende smaakprofielen\u2014sommige combineren ijzige frisheid met zoete vruchten, anderen combineren gedurfde bessen met tropische noten. De pairing is opzettelijk, wat zorgt voor een gelaagde, aangename ervaring die je steeds weer terug laat komen voor meer.<\/div>\n<h3 class=\"heading-3 ace-line old-record-id-SOPXf6ET3dh4S5cDpxNcID3snIc\">10 Diverse Trio's voor Elke Voorkeur<\/h3>\n<div class=\"ace-line ace-line old-record-id-WacOfbmUbdzDrGcXL2oceeHmnyc\">Van ijzige verfrissing tot zoete verwennerij, de 10 smaak trio's dekken alle smaken. Of je nu verlangt naar een frisse, koele hit of een rijke, fruitige trek, er is een trio dat bij je stemming past. Bekijk de volledige lineup hieronder:<\/div>\n<div>\n<table class=\"ace-table\" data-ace-table-col-widths=\"200;200;200\">\n<colgroup>\n<col width=\"200\" \/>\n<col width=\"200\" \/>\n<col width=\"200\" \/><\/colgroup>\n<thead>\n<tr>\n<th colspan=\"1\" rowspan=\"1\">\n<div class=\"ace-line ace-line old-record-id-Q7K0fYaPtdH3orc82fmckpK2nuf\">Nee.<\/div>\n<\/th>\n<th colspan=\"1\" rowspan=\"1\">\n<div class=\"ace-line ace-line old-record-id-LfnSfdeeYd9HIwcHw06cD3HJnUc\">3 in 1 Smaak Trio<\/div>\n<\/th>\n<th colspan=\"1\" rowspan=\"1\">\n<div class=\"ace-line ace-line old-record-id-BAwHfZALQdXclUcjJHjczNaPnoe\">Smaak Hoogtepunten<\/div>\n<\/th>\n<\/tr>\n<\/thead>\n<tbody>\n<tr>\n<td colspan=\"1\" rowspan=\"1\">\n<div class=\"ace-line ace-line old-record-id-DhFxf6TDfd4dSYcNjtecuzKVn6Z\">1<\/div>\n<\/td>\n<td colspan=\"1\" rowspan=\"1\">\n<div class=\"ace-line ace-line old-record-id-QJi2fKxI1dAdGLc8M29cnmpwnNh\">Watermeloen IJs &amp; Kers Cola &amp; Aardbei Kiwi<\/div>\n<\/td>\n<td colspan=\"1\" rowspan=\"1\">\n<div class=\"ace-line ace-line old-record-id-B9TdflacMdTQ7hc3ngec9bXDnVg\">IJzige watermeloen, gedurfde kers cola, en verse aardbei kiwi mix<\/div>\n<\/td>\n<\/tr>\n<tr>\n<td colspan=\"1\" rowspan=\"1\">\n<div class=\"ace-line ace-line old-record-id-NOtYfgtgidgyLWcql3MctMQ8nYq\">2<\/div>\n<\/td>\n<td colspan=\"1\" rowspan=\"1\">\n<div class=\"ace-line ace-line old-record-id-FE63fjyRAdTSysccosMcxVROnCf\">Citroen Limoen &amp; Aardbei Watermeloen &amp; Blauwe Bessen IJs<\/div>\n<\/td>\n<td colspan=\"1\" rowspan=\"1\">\n<div class=\"ace-line ace-line old-record-id-DEo0fD1LuduMpVcGdzbc0Wt2nGd\">Pittige citroen limoen, zoete aardbei watermeloen, en koele blauwe bessen ijs<\/div>\n<\/td>\n<\/tr>\n<tr>\n<td colspan=\"1\" rowspan=\"1\">\n<div class=\"ace-line ace-line old-record-id-L6XtfMsWRd3Ez8czczIcNGNwn9e\">3<\/div>\n<\/td>\n<td colspan=\"1\" rowspan=\"1\">\n<div class=\"ace-line ace-line old-record-id-NivDf9FEXdbzLscsdX0ccyvcnCf\">Aardbei Banaan &amp; Framboos Watermeloen &amp; Citroen Limoen<\/div>\n<\/td>\n<td colspan=\"1\" rowspan=\"1\">\n<div class=\"ace-line ace-line old-record-id-HG2JfvEMzdLkOfc99yRcLyLfn1g\">Romige aardbei banaan, pittige framboos watermeloen, en pittige citroen limoen<\/div>\n<\/td>\n<\/tr>\n<tr>\n<td colspan=\"1\" rowspan=\"1\">\n<div class=\"ace-line ace-line old-record-id-AEgrfT2UNdqguMcazhccWJs7nvd\">4<\/div>\n<\/td>\n<td colspan=\"1\" rowspan=\"1\">\n<div class=\"ace-line ace-line old-record-id-Kthffq8YwdHQSqc8IBocIUl9nId\">Aardbei Kiwi &amp; Love 66 &amp; Red Bull<\/div>\n<\/td>\n<td colspan=\"1\" rowspan=\"1\">\n<div class=\"ace-line ace-line old-record-id-LNOkfkBLydA0ADcYFeqcrk5Bncc\">Verse aardbei kiwi, unieke Love 66, en energieke Red Bull<\/div>\n<\/td>\n<\/tr>\n<tr>\n<td colspan=\"1\" rowspan=\"1\">\n<div class=\"ace-line ace-line old-record-id-FZKLfYkr6dFl4fcdiiDc2u0gnic\">5<\/div>\n<\/td>\n<td colspan=\"1\" rowspan=\"1\">\n<div class=\"ace-line ace-line old-record-id-ZubUfMFc9dhu7lc3ZbrcwGcknRg\">Tropisch Fruit &amp; Aardbei Watermeloen &amp; Aardbei Mango<\/div>\n<\/td>\n<td colspan=\"1\" rowspan=\"1\">\n<div class=\"ace-line ace-line old-record-id-V6N4fziSgd7TDXcJOY5cqNFRnHg\">Levendig tropisch fruit, zoete aardbei watermeloen, en sappige aardbei mango<\/div>\n<\/td>\n<\/tr>\n<tr>\n<td colspan=\"1\" rowspan=\"1\">\n<div class=\"ace-line ace-line old-record-id-CRPVflZEEdofzUc1WAAcI7rrnKg\">6<\/div>\n<\/td>\n<td colspan=\"1\" rowspan=\"1\">\n<div class=\"ace-line ace-line old-record-id-JqSxfBr1rdXbsjcNrXUcYSQun8b\">Aardbei Framboos &amp; Kers Bes &amp; Druif Munt<\/div>\n<\/td>\n<td colspan=\"1\" rowspan=\"1\">\n<div class=\"ace-line ace-line old-record-id-MI5TfRjtfdW0dFcewgEcUOtan1e\">Zoete aardbei framboos, rijke kers bes, en verse druif munt<\/div>\n<\/td>\n<\/tr>\n<tr>\n<td colspan=\"1\" rowspan=\"1\">\n<div class=\"ace-line ace-line old-record-id-DV82foafrdkohXcJhrIcGVaknyf\">7<\/div>\n<\/td>\n<td colspan=\"1\" rowspan=\"1\">\n<div class=\"ace-line ace-line old-record-id-FKwufWI8TdQQlEcIWkTcHx3Znzc\">Watermeloen IJs &amp; Aardbeien IJs &amp; Drievoudige Meloen<\/div>\n<\/td>\n<td colspan=\"1\" rowspan=\"1\">\n<div class=\"ace-line ace-line old-record-id-TPccf1nntdrgtVck4qMcN3M8nUc\">IJzige watermeloen, romige aardbeienijs, en rijke drievoudige meloen<\/div>\n<\/td>\n<\/tr>\n<tr>\n<td colspan=\"1\" rowspan=\"1\">\n<div class=\"ace-line ace-line old-record-id-VPxHfkpMzdeCnOc0ehJcAduSnyc\">8<\/div>\n<\/td>\n<td colspan=\"1\" rowspan=\"1\">\n<div class=\"ace-line ace-line old-record-id-Ly5cfcJe5dwJmXciQa4c08ldn2f\">Kiwi Passievrucht &amp; Aardbei Banaan &amp; Blauwe Razz<\/div>\n<\/td>\n<td colspan=\"1\" rowspan=\"1\">\n<div class=\"ace-line ace-line old-record-id-VEeafWeFxdznkBcWx5ocxV9dn4g\">Pittige kiwi passievrucht, zoete aardbei banaan, en pittige blauwe razz<\/div>\n<\/td>\n<\/tr>\n<tr>\n<td colspan=\"1\" rowspan=\"1\">\n<div class=\"ace-line ace-line old-record-id-J2kKfhEPPdcoMDc1gFBcTdS9n2e\">9<\/div>\n<\/td>\n<td colspan=\"1\" rowspan=\"1\">\n<div class=\"ace-line ace-line old-record-id-KbGSfEQL7doRfEcuSeocwZoWnFf\">Gemengde Bessen &amp; Ananas Mango Perzik &amp; Banaan IJs<\/div>\n<\/td>\n<td colspan=\"1\" rowspan=\"1\">\n<div class=\"ace-line ace-line old-record-id-GxPnf50gbdVbTLccS2ZcFg2HnFc\">Rijpe gemengde bessen, tropische ananas mango perzik, en koele banaan ijs<\/div>\n<\/td>\n<\/tr>\n<tr>\n<td colspan=\"1\" rowspan=\"1\">\n<div class=\"ace-line ace-line old-record-id-DHq9fi0QGdinwWcrf6WcMD33nuf\">10<\/div>\n<\/td>\n<td colspan=\"1\" rowspan=\"1\">\n<div class=\"ace-line ace-line old-record-id-NBxzfAU1hdDAHKcykt7cic5snmb\">Blauwe Bessen Zure Framboos &amp; Dubbele Appel &amp; Aardbei Framboos Kers<\/div>\n<\/td>\n<td colspan=\"1\" rowspan=\"1\">\n<div class=\"ace-line ace-line old-record-id-IvvqfBXe9dBw8ocKbhgcCmwbnOc\">Zure blauwe bessen framboos, knapperige dubbele appel, en zoete bessenmix<\/div>\n<\/td>\n<\/tr>\n<\/tbody>\n<\/table>\n<\/div>\n<h2 class=\"heading-2 ace-line old-record-id-WgNifmYqsdjOIjcdNI2cFj6jnNe\">Handig Ontwerp &amp; Betrouwbare Prestaties<\/h2>\n<h3 class=\"heading-3 ace-line old-record-id-YrP2fSF3fduiW3c0u5jcmcrAn7f\">Compact &amp; Lichtgewicht Ontwerp<\/h3>\n<div class=\"ace-line ace-line old-record-id-HBNBfyRFXdZadzcMyltcEFIbnUd\">Met een afmeting van 45*45*128mm en een gewicht van 160g per stuk, is het compact genoeg om in je zak of tas te passen. Het is gemakkelijk overal mee naartoe te nemen, waardoor het perfect is voor woon-werkverkeer, reizen of casual gebruik\u2014geen bulky gevoel, alleen pure gemak.<\/div>\n<h3 class=\"heading-3 ace-line old-record-id-WjMxfMe2pdLXDMcM615cVfePnig\">850mAh Batterij &amp; Type-C Oplaadbaar<\/h3>\n<div class=\"ace-line ace-line old-record-id-OrcHfta0ndbRs9cql60cdX4Ln9l\">Aangedreven door een 850mAh batterij, ondersteunt het een levensduur van 80000 trekjes, zodat je wekenlang kunt vapen zonder frequente vervangingen. Wanneer de batterij bijna leeg is, laat Type-C snel opladen je toe om deze snel bij te vullen met een gewone kabel\u2014geen lange wachttijden, geen extra opladers.<\/div>\n<\/div>\n<\/div>\n<\/div>\n<\/div>\n<\/div>\n<\/div>\n<\/div>\n<\/div>\n<\/div>\n<\/div>\n<\/div>\n<\/div>\n<\/div>\n<\/div>\n<\/div>\n<\/div>\n<\/div>\n<\/div>\n<\/div>\n<\/div>\n<\/div>\n<\/div>\n<\/div>\n<\/div>\n<\/div>\n<\/div>\n<\/div>\n<\/div>\n<\/div>\n<\/div>\n<\/div>\n<\/div>\n<\/div>\n<\/div>\n<\/div>\n<\/div>\n<\/div>\n<\/div>\n<\/div>\n<\/div>\n<\/div>\n<\/div>\n<\/div>\n<\/div>\n<\/div>\n<\/div>\n<\/div>\n<\/div>\n<\/div>\n<\/div>\n<\/div>\n<\/div>\n<\/div>\n<\/div>\n<\/div>\n<\/div>\n<\/div>\n<\/div>\n<\/div>\n<\/div>\n<\/div>\n<\/div>\n<\/div>\n<\/div>\n<\/div>\n<\/div>\n<\/div>\n<\/div>\n<\/div>\n<\/div>\n<\/div>\n<\/div>\n<\/div>\n<\/div>\n<\/div>\n<\/div>\n<\/div>\n<\/div>\n<\/div>\n<\/div>\n<\/div>\n<\/div>\n<\/div>\n<\/div>\n<\/div>\n<\/div>\n<\/div>\n<\/div>\n<\/div>\n<\/div>\n<\/div>\n<\/div>\n<\/div>","protected":false},"excerpt":{"rendered":"<div data-page-id=\"RAopf2sw9dtvw4cWYXpcTwo0n8g\" data-lark-html-role=\"root\" data-docx-has-block-data=\"false\">\n<div class=\"ace-line ace-line old-record-id-Uju9f3RXYd8dh2crAJbcBF3Un6M\">\n<div data-page-id=\"Dd8gfe2wRdT66jcgnqtcUwg5ndh\" data-lark-html-role=\"root\" data-docx-has-block-data=\"false\">\n<div class=\"ace-line ace-line old-record-id-FiRZf3qXpdK0RqcHt8wcxPTon8b\">Zooy King Triple 80000 Puffs combineert 3 in 1 smaken, een 0.8+0.8+0.8 mesh coil en 3-kleurige LGB verlichting. Het heeft 80000 puffs, een 850mAh batterij, Type-C opladen, een 160g compact lichaam (45<em>45<\/em>128mm) en 10 smaak trio's voor stijlvolle, handige vaping.<\/div>\n<\/div>\n<\/div>\n<\/div>","protected":false},"featured_media":7270,"comment_status":"open","ping_status":"closed","template":"","meta":{"_acf_changed":false,"inline_featured_image":false,"_sitemap_exclude":false,"_sitemap_priority":"","_sitemap_frequency":""},"product_brand":[357],"product_cat":[356,239,245],"product_tag":[],"class_list":{"0":"post-7258","1":"product","2":"type-product","3":"status-publish","4":"has-post-thumbnail","6":"product_brand-zooy","7":"product_cat-zooy-puff","8":"product_cat-disposable-vape-collection","9":"product_cat-80k-puff","11":"first","12":"instock","13":"sale","14":"shipping-taxable","15":"purchasable","16":"product-type-variable","17":"has-default-attributes"},"acf":[],"tiered_pricing_type":"fixed","tiered_pricing_fixed_rules":{"30":10.43,"60":9.89,"100":9.7,"200":8.78},"tiered_pricing_product_settings":{"layout":"default","base_unit_name":{"singular":null,"plural":null},"default_variation":null},"tiered_pricing_minimum_quantity":10,"tiered_pricing_roles_data":[],"tiered_pricing_percentage_rules":[],"tiered_pricing_maximum_quantity":null,"tiered_pricing_quantity_step":"10","_links":{"self":[{"href":"https:\/\/oiovape.com\/nl\/wp-json\/wp\/v2\/product\/7258","targetHints":{"allow":["GET"]}}],"collection":[{"href":"https:\/\/oiovape.com\/nl\/wp-json\/wp\/v2\/product"}],"about":[{"href":"https:\/\/oiovape.com\/nl\/wp-json\/wp\/v2\/types\/product"}],"replies":[{"embeddable":true,"href":"https:\/\/oiovape.com\/nl\/wp-json\/wp\/v2\/comments?post=7258"}],"version-history":[{"count":2,"href":"https:\/\/oiovape.com\/nl\/wp-json\/wp\/v2\/product\/7258\/revisions"}],"predecessor-version":[{"id":7291,"href":"https:\/\/oiovape.com\/nl\/wp-json\/wp\/v2\/product\/7258\/revisions\/7291"}],"wp:featuredmedia":[{"embeddable":true,"href":"https:\/\/oiovape.com\/nl\/wp-json\/wp\/v2\/media\/7270"}],"wp:attachment":[{"href":"https:\/\/oiovape.com\/nl\/wp-json\/wp\/v2\/media?parent=7258"}],"wp:term":[{"taxonomy":"product_brand","embeddable":true,"href":"https:\/\/oiovape.com\/nl\/wp-json\/wp\/v2\/product_brand?post=7258"},{"taxonomy":"product_cat","embeddable":true,"href":"https:\/\/oiovape.com\/nl\/wp-json\/wp\/v2\/product_cat?post=7258"},{"taxonomy":"product_tag","embeddable":true,"href":"https:\/\/oiovape.com\/nl\/wp-json\/wp\/v2\/product_tag?post=7258"}],"curies":[{"name":"wp","href":"https:\/\/api.w.org\/{rel}","templated":true}]}}